{"id":17613,"date":"2023-06-03T18:44:47","date_gmt":"2023-06-03T17:44:47","guid":{"rendered":"https:\/\/martafluvia.com\/?page_id=17613"},"modified":"2023-06-03T19:04:38","modified_gmt":"2023-06-03T18:04:38","slug":"juancarlos-rubio","status":"publish","type":"page","link":"https:\/\/martafluvia.com\/en\/juancarlos-rubio\/","title":{"rendered":"Juan Carlos Rubio"},"content":{"rendered":"\t\t<div data-elementor-type=\"wp-post\" data-elementor-id=\"17613\" class=\"elementor elementor-17613 elementor-17611\" data-elementor-post-type=\"page\">\n\t\t\t\t\t\t<section class=\"elementor-section elementor-top-section elementor-element elementor-element-e99b054 elementor-section-boxed elementor-section-height-default elementor-section-height-default\" data-id=\"e99b054\" data-element_type=\"section\" data-e-type=\"section\">\n\t\t\t\t\t\t<div class=\"elementor-container elementor-column-gap-default\">\n\t\t\t\t\t<div class=\"elementor-column elementor-col-100 elementor-top-column elementor-element elementor-element-928143b\" data-id=\"928143b\" data-element_type=\"column\" data-e-type=\"column\">\n\t\t\t<div class=\"elementor-widget-wrap elementor-element-populated\">\n\t\t\t\t\t\t<div class=\"elementor-element elementor-element-2098be9 elementor-widget elementor-widget-heading\" data-id=\"2098be9\" data-element_type=\"widget\" data-e-type=\"widget\" data-widget_type=\"heading.default\">\n\t\t\t\t<div class=\"elementor-widget-container\">\n\t\t\t\t\t<h2 class=\"elementor-heading-title elementor-size-default\">JUAN CARLOS RUBIO<\/h2>\t\t\t\t<\/div>\n\t\t\t\t<\/div>\n\t\t\t\t<div class=\"elementor-element elementor-element-4a56bdb elementor-widget elementor-widget-image\" data-id=\"4a56bdb\" data-element_type=\"widget\" data-e-type=\"widget\" data-widget_type=\"image.default\">\n\t\t\t\t<div class=\"elementor-widget-container\">\n\t\t\t\t\t\t\t\t\t\t\t\t\t\t\t<img decoding=\"async\" src=\"https:\/\/martafluvia.com\/wp-content\/uploads\/elementor\/thumbs\/JUAN_CARLOS_RUBIO_foto_bio_WEB-q7fhdvw754aa4eiwjsd3xfxrwfexnmgwfaerilpdz4.jpg\" title=\"\" alt=\"\" loading=\"lazy\" \/>\t\t\t\t\t\t\t\t\t\t\t\t\t\t\t<\/div>\n\t\t\t\t<\/div>\n\t\t\t\t<div class=\"elementor-element elementor-element-7744378 elementor-widget elementor-widget-text-editor\" data-id=\"7744378\" data-element_type=\"widget\" data-e-type=\"widget\" data-widget_type=\"text-editor.default\">\n\t\t\t\t<div class=\"elementor-widget-container\">\n\t\t\t\t\t\t\t\t\t<p><strong>JUAN CARLOS RUBIO (Montilla, C\u00f3rdoba, 1967<\/strong>) writes for television (<strong><em>Farmacia de Guardia, Pepa y Pepe, Colegio Mayor, M\u00e1s que amigos, Manos a la obra, Ellas son as\u00ed, <\/em><\/strong>or<strong><em> Adolfo Su\u00e1rez<\/em><\/strong>), cinema (<strong><em>El calentito, Retorno a Hansala, Bon app\u00e9tit, Las heridas del viento, El inconveniente<\/em><\/strong>), and theater.<\/p><p>\u00a0<\/p><p>His first play, <strong><em>Esta noche no estoy para nadie<\/em><\/strong>, was premiered in 1997. Since then, the following plays have been premiered in Spain: <strong><em>10, Las heridas del viento, Humo, Arizona, Tres, 100m2 El inconveniente, El pr\u00edncipe de Maquiavelo, Windermere Club, Iba en serio, La correspondencia personal de Federico Garc\u00eda Lorca, Grandes \u00c9xitos, Sensible, La isla, Desmontando a S\u00e9neca, Anfitri\u00f3n, El mueble, Seda, El perd\u00f3n, En tierra extra\u00f1a, <\/em><\/strong>or<strong><em> Queen Lear.<\/em><\/strong><\/p><p>\u00a0<\/p><p>He has directed works by other authors such as <strong><em>Razas, Mu\u00f1eca de porcelana, La culpa, Trigo sucio<\/em><\/strong> (David Mamet),<strong><em> P\u00e1ncreas <\/em><\/strong>(Patxo Teller\u00eda),<strong><em> Ocasiones especiales <\/em><\/strong>(Bernard Slade),<strong><em> La monja alf\u00e9rez <\/em><\/strong>(Domingo Miras),<strong><em> Miguel de Molina al desnudo <\/em><\/strong>(\u00c1ngel Ruiz),<strong><em> Juntos <\/em><\/strong>(Fabio Marra),<strong><em> El ins\u00f3lito caso de Martin Piche <\/em><\/strong>(Jacques Mougenot),<strong><em> El peligro de las buenas compa\u00f1\u00edas <\/em><\/strong>(Javier Gom\u00e1),<strong><em> Ejercicios de filosof\u00eda para caer de pie <\/em><\/strong>(Conchita Pi\u00f1a),<strong><em> or El sonido oculto <\/em><\/strong>(Adam Rapp).<\/p><p>\u00a0<\/p><p>His works have premiered in 22 countries and have been translated into 11 languages. Among other awards, he has received the Premio Ciudad de Alcorc\u00f3n in 1998 and the Premio SGAE de Teatro.<\/p><p>\u00a0<\/p><p>CATALOGUE:<\/p><p>\u00a0<\/p><table><tbody><tr><td width=\"148\"><p><strong>TITLE<\/strong><\/p><\/td><td width=\"138\"><p><strong>GENRE<\/strong><\/p><\/td><td width=\"141\"><p><strong>MALE CHARACTERS<\/strong><\/p><\/td><td width=\"140\"><p><strong>FEMALE CHARACTERS<\/strong><\/p><\/td><\/tr><tr><td width=\"148\"><p><em>Las heridas del viento<\/em><\/p><\/td><td width=\"138\"><p>Drama<\/p><\/td><td width=\"141\"><p>2<\/p><\/td><td width=\"140\"><p>\u00a0<\/p><\/td><\/tr><tr><td width=\"148\"><p><em>Tres<\/em><\/p><\/td><td width=\"138\"><p>Comedy<\/p><\/td><td width=\"141\"><p>1<\/p><\/td><td width=\"140\"><p>3<\/p><\/td><\/tr><tr><td width=\"148\"><p><em>100m2 \u2013 El inconveniente<\/em><\/p><\/td><td width=\"138\"><p>Fable<\/p><\/td><td width=\"141\"><p>1<\/p><\/td><td width=\"140\"><p>2<\/p><\/td><\/tr><tr><td width=\"148\"><p><em>Humo<\/em><\/p><\/td><td width=\"138\"><p>Drama<\/p><\/td><td width=\"141\"><p>2<\/p><\/td><td width=\"140\"><p>2<\/p><\/td><\/tr><tr><td width=\"148\"><p><em>Arizona<\/em><\/p><\/td><td width=\"138\"><p>Dramatic comedy<\/p><\/td><td width=\"141\"><p>1<\/p><\/td><td width=\"140\"><p>1<\/p><\/td><\/tr><tr><td width=\"148\"><p><em>La isla<\/em><\/p><\/td><td width=\"138\"><p>Drama<\/p><\/td><td width=\"141\"><p>\u00a0<\/p><\/td><td width=\"140\"><p>2<\/p><\/td><\/tr><tr><td width=\"148\"><p><strong><em>WITH YOLANDA GARC\u00cdA SERRANO<\/em><\/strong><\/p><\/td><td width=\"138\"><p>\u00a0<\/p><\/td><td width=\"141\"><p>\u00a0<\/p><\/td><td width=\"140\"><p>\u00a0<\/p><\/td><\/tr><tr><td width=\"148\"><p><em>El mueble <\/em><\/p><\/td><td width=\"138\"><p>Comedy<\/p><\/td><td width=\"141\"><p>1<\/p><\/td><td width=\"140\"><p>1<\/p><\/td><\/tr><tr><td width=\"148\"><p><em>Shakespeare nunca estuvo aqu\u00ed <\/em><\/p><\/td><td width=\"138\"><p>Comedy<\/p><\/td><td width=\"141\"><p>6<\/p><\/td><td width=\"140\"><p>3<\/p><\/td><\/tr><tr><td width=\"148\"><p><em>M\u00fasica para Hitler<\/em><\/p><\/td><td width=\"138\"><p>\u00a0<\/p><\/td><td width=\"141\"><p>2<\/p><\/td><td width=\"140\"><p>2<\/p><\/td><\/tr><tr><td width=\"148\"><p><strong>ADAPTATIONS<\/strong><\/p><\/td><td width=\"138\"><p>\u00a0<\/p><\/td><td width=\"141\"><p>\u00a0<\/p><\/td><td width=\"140\"><p>\u00a0<\/p><\/td><\/tr><tr><td width=\"148\"><p><em>Windermere Club<\/em> de El abanico de Lady Windermere de \u00d3scar Wilde<\/p><\/td><td width=\"138\"><p>Comedy<\/p><\/td><td width=\"141\"><p>3<\/p><\/td><td width=\"140\"><p>3<\/p><\/td><\/tr><tr><td width=\"148\"><p><em>La correspondencia personal<\/em> de Federico Garc\u00eda Lorca<\/p><\/td><td width=\"138\"><p>\u00a0<\/p><\/td><td width=\"141\"><p>2 interpreters (without gender preference)<\/p><\/td><td width=\"140\"><p>\u00a0<\/p><\/td><\/tr><tr><td width=\"148\"><p><em>El pr\u00edncipe <\/em>de Maquiavelo<\/p><\/td><td width=\"138\"><p>Drama<\/p><\/td><td width=\"141\"><p>1<\/p><\/td><td width=\"140\"><p>\u00a0<\/p><\/td><\/tr><tr><td width=\"148\"><p><em>Sensible <\/em>de Constance de Salm<\/p><\/td><td width=\"138\"><p>Drama<\/p><\/td><td width=\"141\"><p>1<\/p><\/td><td width=\"140\"><p>1<\/p><\/td><\/tr><tr><td width=\"148\"><p><em>Anfitri\u00f3n <\/em>de Moliere<\/p><\/td><td width=\"138\"><p>Comedy<\/p><\/td><td width=\"141\"><p>4<\/p><\/td><td width=\"140\"><p>2<\/p><\/td><\/tr><tr><td width=\"148\"><p><strong><em>WITH NATALIA MEN\u00c9NDEZ<\/em><\/strong><\/p><\/td><td width=\"138\"><p><strong>\u00a0<\/strong><\/p><\/td><td width=\"141\"><p><strong>\u00a0<\/strong><\/p><\/td><td width=\"140\"><p><strong>\u00a0<\/strong><\/p><\/td><\/tr><tr><td width=\"148\"><p><em>Queen Lear <\/em>de King Lear<\/p><\/td><td width=\"138\"><p>Drama<\/p><\/td><td width=\"141\"><p>2<\/p><\/td><td width=\"140\"><p>5<\/p><\/td><\/tr><\/tbody><\/table>\t\t\t\t\t\t\t\t<\/div>\n\t\t\t\t<\/div>\n\t\t\t\t\t<\/div>\n\t\t<\/div>\n\t\t\t\t\t<\/div>\n\t\t<\/section>\n\t\t\t\t<section class=\"elementor-section elementor-top-section elementor-element elementor-element-5a97a894 elementor-section-boxed elementor-section-height-default elementor-section-height-default\" data-id=\"5a97a894\" data-element_type=\"section\" data-e-type=\"section\">\n\t\t\t\t\t\t<div class=\"elementor-container elementor-column-gap-default\">\n\t\t\t\t\t<div class=\"elementor-column elementor-col-100 elementor-top-column elementor-element elementor-element-f05a77c\" data-id=\"f05a77c\" data-element_type=\"column\" data-e-type=\"column\">\n\t\t\t<div class=\"elementor-widget-wrap elementor-element-populated\">\n\t\t\t\t\t\t<div class=\"elementor-element elementor-element-36440a40 elementor-widget-divider--view-line elementor-widget elementor-widget-divider\" data-id=\"36440a40\" data-element_type=\"widget\" data-e-type=\"widget\" data-widget_type=\"divider.default\">\n\t\t\t\t<div class=\"elementor-widget-container\">\n\t\t\t\t\t\t\t<div class=\"elementor-divider\">\n\t\t\t<span class=\"elementor-divider-separator\">\n\t\t\t\t\t\t<\/span>\n\t\t<\/div>\n\t\t\t\t\t\t<\/div>\n\t\t\t\t<\/div>\n\t\t\t\t<div class=\"elementor-element elementor-element-143dbdac elementor-widget elementor-widget-text-editor\" data-id=\"143dbdac\" data-element_type=\"widget\" data-e-type=\"widget\" data-widget_type=\"text-editor.default\">\n\t\t\t\t<div class=\"elementor-widget-container\">\n\t\t\t\t\t\t\t\t\t<div class=\"elementor-element elementor-element-b6f9d45 elementor-widget elementor-widget-text-editor\" data-id=\"b6f9d45\" data-element_type=\"text-editor.default\"><div class=\"elementor-widget-container\"><div class=\"elementor-text-editor elementor-clearfix\"><p>Request performance rights:<\/p><\/div><\/div><\/div>\t\t\t\t\t\t\t\t<\/div>\n\t\t\t\t<\/div>\n\t\t\t\t<section class=\"elementor-section elementor-inner-section elementor-element elementor-element-6cde6cf elementor-section-boxed elementor-section-height-default elementor-section-height-default\" data-id=\"6cde6cf\" data-element_type=\"section\" data-e-type=\"section\">\n\t\t\t\t\t\t<div class=\"elementor-container elementor-column-gap-default\">\n\t\t\t\t\t<div class=\"elementor-column elementor-col-50 elementor-inner-column elementor-element elementor-element-b2ac8f0\" data-id=\"b2ac8f0\" data-element_type=\"column\" data-e-type=\"column\">\n\t\t\t<div class=\"elementor-widget-wrap elementor-element-populated\">\n\t\t\t\t\t\t<div class=\"elementor-element elementor-element-3db87801 elementor-button-info elementor-align-center elementor-widget elementor-widget-button\" data-id=\"3db87801\" data-element_type=\"widget\" data-e-type=\"widget\" data-widget_type=\"button.default\">\n\t\t\t\t<div class=\"elementor-widget-container\">\n\t\t\t\t\t\t\t\t\t<div class=\"elementor-button-wrapper\">\n\t\t\t\t\t<a class=\"elementor-button elementor-button-link elementor-size-md\" href=\"https:\/\/martafluvia.com\/solicitud\">\n\t\t\t\t\t\t<span class=\"elementor-button-content-wrapper\">\n\t\t\t\t\t\t\t\t\t<span class=\"elementor-button-text\">Amateur: Rights request<\/span>\n\t\t\t\t\t<\/span>\n\t\t\t\t\t<\/a>\n\t\t\t\t<\/div>\n\t\t\t\t\t\t\t\t<\/div>\n\t\t\t\t<\/div>\n\t\t\t\t\t<\/div>\n\t\t<\/div>\n\t\t\t\t<div class=\"elementor-column elementor-col-50 elementor-inner-column elementor-element elementor-element-28ccb9e\" data-id=\"28ccb9e\" data-element_type=\"column\" data-e-type=\"column\">\n\t\t\t<div class=\"elementor-widget-wrap elementor-element-populated\">\n\t\t\t\t\t\t<div class=\"elementor-element elementor-element-b7ad712 elementor-button-info elementor-align-center elementor-widget elementor-widget-button\" data-id=\"b7ad712\" data-element_type=\"widget\" data-e-type=\"widget\" data-widget_type=\"button.default\">\n\t\t\t\t<div class=\"elementor-widget-container\">\n\t\t\t\t\t\t\t\t\t<div class=\"elementor-button-wrapper\">\n\t\t\t\t\t<a class=\"elementor-button elementor-button-link elementor-size-md\" href=\"https:\/\/martafluvia.com\/en\/performance-rights-and-work-adaptation-request\/\">\n\t\t\t\t\t\t<span class=\"elementor-button-content-wrapper\">\n\t\t\t\t\t\t\t\t\t<span class=\"elementor-button-text\">Professional: Rights request<\/span>\n\t\t\t\t\t<\/span>\n\t\t\t\t\t<\/a>\n\t\t\t\t<\/div>\n\t\t\t\t\t\t\t\t<\/div>\n\t\t\t\t<\/div>\n\t\t\t\t\t<\/div>\n\t\t<\/div>\n\t\t\t\t\t<\/div>\n\t\t<\/section>\n\t\t\t\t\t<\/div>\n\t\t<\/div>\n\t\t\t\t\t<\/div>\n\t\t<\/section>\n\t\t\t\t<\/div>\n\t\t","protected":false},"excerpt":{"rendered":"<p>JUAN CARLOS RUBIO JUAN CARLOS RUBIO (Montilla, C\u00f3rdoba, 1967) writes for television (Farmacia de Guardia, Pepa y Pepe, Colegio Mayor, M\u00e1s que amigos, Manos a la obra, Ellas son as\u00ed, or Adolfo Su\u00e1rez), cinema (El calentito, Retorno a Hansala, Bon app\u00e9tit, Las heridas del viento, El inconveniente), and theater. \u00a0 His first play, Esta noche &#8230; <a title=\"Juan Carlos Rubio\" class=\"read-more\" href=\"https:\/\/martafluvia.com\/en\/juancarlos-rubio\/\">Read more<\/a><\/p>\n","protected":false},"author":1,"featured_media":0,"parent":0,"menu_order":0,"comment_status":"closed","ping_status":"closed","template":"elementor_header_footer","meta":{"footnotes":""},"class_list":["post-17613","page","type-page","status-publish"],"yoast_head":"<!-- This site is optimized with the Yoast SEO plugin v27.4 - https:\/\/yoast.com\/product\/yoast-seo-wordpress\/ -->\n<title>Juan Carlos Rubio - Marta Fluvi\u00e0<\/title>\n<meta name=\"description\" content=\"Get to know our author Cl\u00e0udia Ced\u00f3. Request your performance rights for any of his works using our form.\" \/>\n<meta name=\"robots\" content=\"index, follow, max-snippet:-1, max-image-preview:large, max-video-preview:-1\" \/>\n<link rel=\"canonical\" href=\"https:\/\/martafluvia.com\/en\/juancarlos-rubio\/\" \/>\n<meta property=\"og:locale\" content=\"en_US\" \/>\n<meta property=\"og:type\" content=\"article\" \/>\n<meta property=\"og:title\" content=\"Juan Carlos Rubio - Marta Fluvi\u00e0\" \/>\n<meta property=\"og:description\" content=\"Get to know our author Cl\u00e0udia Ced\u00f3. Request your performance rights for any of his works using our form.\" \/>\n<meta property=\"og:url\" content=\"https:\/\/martafluvia.com\/en\/juancarlos-rubio\/\" \/>\n<meta property=\"og:site_name\" content=\"Marta Fluvi\u00e0\" \/>\n<meta property=\"article:publisher\" content=\"https:\/\/www.facebook.com\/martafluviaagency\/\" \/>\n<meta property=\"article:modified_time\" content=\"2023-06-03T18:04:38+00:00\" \/>\n<meta property=\"og:image\" content=\"https:\/\/martafluvia.com\/wp-content\/uploads\/elementor\/thumbs\/JUAN_CARLOS_RUBIO_foto_bio_WEB-q7fhdvw754aa4eiwjsd3xfxrwfexnmgwfaerilpdz4.jpg\" \/>\n<meta name=\"twitter:card\" content=\"summary_large_image\" \/>\n<meta name=\"twitter:label1\" content=\"Est. reading time\" \/>\n\t<meta name=\"twitter:data1\" content=\"2 minutes\" \/>\n<script type=\"application\/ld+json\" class=\"yoast-schema-graph\">{\"@context\":\"https:\\\/\\\/schema.org\",\"@graph\":[{\"@type\":\"WebPage\",\"@id\":\"https:\\\/\\\/martafluvia.com\\\/en\\\/juancarlos-rubio\\\/\",\"url\":\"https:\\\/\\\/martafluvia.com\\\/en\\\/juancarlos-rubio\\\/\",\"name\":\"Juan Carlos Rubio - Marta Fluvi\u00e0\",\"isPartOf\":{\"@id\":\"https:\\\/\\\/martafluvia.com\\\/en\\\/#website\"},\"primaryImageOfPage\":{\"@id\":\"https:\\\/\\\/martafluvia.com\\\/en\\\/juancarlos-rubio\\\/#primaryimage\"},\"image\":{\"@id\":\"https:\\\/\\\/martafluvia.com\\\/en\\\/juancarlos-rubio\\\/#primaryimage\"},\"thumbnailUrl\":\"https:\\\/\\\/martafluvia.com\\\/wp-content\\\/uploads\\\/elementor\\\/thumbs\\\/JUAN_CARLOS_RUBIO_foto_bio_WEB-q7fhdvw754aa4eiwjsd3xfxrwfexnmgwfaerilpdz4.jpg\",\"datePublished\":\"2023-06-03T17:44:47+00:00\",\"dateModified\":\"2023-06-03T18:04:38+00:00\",\"description\":\"Get to know our author Cl\u00e0udia Ced\u00f3. Request your performance rights for any of his works using our form.\",\"breadcrumb\":{\"@id\":\"https:\\\/\\\/martafluvia.com\\\/en\\\/juancarlos-rubio\\\/#breadcrumb\"},\"inLanguage\":\"en-US\",\"potentialAction\":[{\"@type\":\"ReadAction\",\"target\":[\"https:\\\/\\\/martafluvia.com\\\/en\\\/juancarlos-rubio\\\/\"]}]},{\"@type\":\"ImageObject\",\"inLanguage\":\"en-US\",\"@id\":\"https:\\\/\\\/martafluvia.com\\\/en\\\/juancarlos-rubio\\\/#primaryimage\",\"url\":\"https:\\\/\\\/martafluvia.com\\\/wp-content\\\/uploads\\\/elementor\\\/thumbs\\\/JUAN_CARLOS_RUBIO_foto_bio_WEB-q7fhdvw754aa4eiwjsd3xfxrwfexnmgwfaerilpdz4.jpg\",\"contentUrl\":\"https:\\\/\\\/martafluvia.com\\\/wp-content\\\/uploads\\\/elementor\\\/thumbs\\\/JUAN_CARLOS_RUBIO_foto_bio_WEB-q7fhdvw754aa4eiwjsd3xfxrwfexnmgwfaerilpdz4.jpg\"},{\"@type\":\"BreadcrumbList\",\"@id\":\"https:\\\/\\\/martafluvia.com\\\/en\\\/juancarlos-rubio\\\/#breadcrumb\",\"itemListElement\":[{\"@type\":\"ListItem\",\"position\":1,\"name\":\"Portada\",\"item\":\"https:\\\/\\\/martafluvia.com\\\/en\\\/\"},{\"@type\":\"ListItem\",\"position\":2,\"name\":\"Juan Carlos Rubio\"}]},{\"@type\":\"WebSite\",\"@id\":\"https:\\\/\\\/martafluvia.com\\\/en\\\/#website\",\"url\":\"https:\\\/\\\/martafluvia.com\\\/en\\\/\",\"name\":\"Marta Fluvi\u00e0\",\"description\":\"Theatrical Literary Agency\",\"publisher\":{\"@id\":\"https:\\\/\\\/martafluvia.com\\\/en\\\/#organization\"},\"potentialAction\":[{\"@type\":\"SearchAction\",\"target\":{\"@type\":\"EntryPoint\",\"urlTemplate\":\"https:\\\/\\\/martafluvia.com\\\/en\\\/?s={search_term_string}\"},\"query-input\":{\"@type\":\"PropertyValueSpecification\",\"valueRequired\":true,\"valueName\":\"search_term_string\"}}],\"inLanguage\":\"en-US\"},{\"@type\":\"Organization\",\"@id\":\"https:\\\/\\\/martafluvia.com\\\/en\\\/#organization\",\"name\":\"Marta Fluvi\u00e0 Agency\",\"url\":\"https:\\\/\\\/martafluvia.com\\\/en\\\/\",\"logo\":{\"@type\":\"ImageObject\",\"inLanguage\":\"en-US\",\"@id\":\"https:\\\/\\\/martafluvia.com\\\/en\\\/#\\\/schema\\\/logo\\\/image\\\/\",\"url\":\"https:\\\/\\\/martafluvia.com\\\/wp-content\\\/uploads\\\/2017\\\/12\\\/logo-marta-english-1.jpg\",\"contentUrl\":\"https:\\\/\\\/martafluvia.com\\\/wp-content\\\/uploads\\\/2017\\\/12\\\/logo-marta-english-1.jpg\",\"width\":2118,\"height\":783,\"caption\":\"Marta Fluvi\u00e0 Agency\"},\"image\":{\"@id\":\"https:\\\/\\\/martafluvia.com\\\/en\\\/#\\\/schema\\\/logo\\\/image\\\/\"},\"sameAs\":[\"https:\\\/\\\/www.facebook.com\\\/martafluviaagency\\\/\"]}]}<\/script>\n<!-- \/ Yoast SEO plugin. -->","yoast_head_json":{"title":"Juan Carlos Rubio - Marta Fluvi\u00e0","description":"Get to know our author Cl\u00e0udia Ced\u00f3. Request your performance rights for any of his works using our form.","robots":{"index":"index","follow":"follow","max-snippet":"max-snippet:-1","max-image-preview":"max-image-preview:large","max-video-preview":"max-video-preview:-1"},"canonical":"https:\/\/martafluvia.com\/en\/juancarlos-rubio\/","og_locale":"en_US","og_type":"article","og_title":"Juan Carlos Rubio - Marta Fluvi\u00e0","og_description":"Get to know our author Cl\u00e0udia Ced\u00f3. Request your performance rights for any of his works using our form.","og_url":"https:\/\/martafluvia.com\/en\/juancarlos-rubio\/","og_site_name":"Marta Fluvi\u00e0","article_publisher":"https:\/\/www.facebook.com\/martafluviaagency\/","article_modified_time":"2023-06-03T18:04:38+00:00","og_image":[{"url":"https:\/\/martafluvia.com\/wp-content\/uploads\/elementor\/thumbs\/JUAN_CARLOS_RUBIO_foto_bio_WEB-q7fhdvw754aa4eiwjsd3xfxrwfexnmgwfaerilpdz4.jpg","type":"","width":"","height":""}],"twitter_card":"summary_large_image","twitter_misc":{"Est. reading time":"2 minutes"},"schema":{"@context":"https:\/\/schema.org","@graph":[{"@type":"WebPage","@id":"https:\/\/martafluvia.com\/en\/juancarlos-rubio\/","url":"https:\/\/martafluvia.com\/en\/juancarlos-rubio\/","name":"Juan Carlos Rubio - Marta Fluvi\u00e0","isPartOf":{"@id":"https:\/\/martafluvia.com\/en\/#website"},"primaryImageOfPage":{"@id":"https:\/\/martafluvia.com\/en\/juancarlos-rubio\/#primaryimage"},"image":{"@id":"https:\/\/martafluvia.com\/en\/juancarlos-rubio\/#primaryimage"},"thumbnailUrl":"https:\/\/martafluvia.com\/wp-content\/uploads\/elementor\/thumbs\/JUAN_CARLOS_RUBIO_foto_bio_WEB-q7fhdvw754aa4eiwjsd3xfxrwfexnmgwfaerilpdz4.jpg","datePublished":"2023-06-03T17:44:47+00:00","dateModified":"2023-06-03T18:04:38+00:00","description":"Get to know our author Cl\u00e0udia Ced\u00f3. Request your performance rights for any of his works using our form.","breadcrumb":{"@id":"https:\/\/martafluvia.com\/en\/juancarlos-rubio\/#breadcrumb"},"inLanguage":"en-US","potentialAction":[{"@type":"ReadAction","target":["https:\/\/martafluvia.com\/en\/juancarlos-rubio\/"]}]},{"@type":"ImageObject","inLanguage":"en-US","@id":"https:\/\/martafluvia.com\/en\/juancarlos-rubio\/#primaryimage","url":"https:\/\/martafluvia.com\/wp-content\/uploads\/elementor\/thumbs\/JUAN_CARLOS_RUBIO_foto_bio_WEB-q7fhdvw754aa4eiwjsd3xfxrwfexnmgwfaerilpdz4.jpg","contentUrl":"https:\/\/martafluvia.com\/wp-content\/uploads\/elementor\/thumbs\/JUAN_CARLOS_RUBIO_foto_bio_WEB-q7fhdvw754aa4eiwjsd3xfxrwfexnmgwfaerilpdz4.jpg"},{"@type":"BreadcrumbList","@id":"https:\/\/martafluvia.com\/en\/juancarlos-rubio\/#breadcrumb","itemListElement":[{"@type":"ListItem","position":1,"name":"Portada","item":"https:\/\/martafluvia.com\/en\/"},{"@type":"ListItem","position":2,"name":"Juan Carlos Rubio"}]},{"@type":"WebSite","@id":"https:\/\/martafluvia.com\/en\/#website","url":"https:\/\/martafluvia.com\/en\/","name":"Marta Fluvi\u00e0","description":"Theatrical Literary Agency","publisher":{"@id":"https:\/\/martafluvia.com\/en\/#organization"},"potentialAction":[{"@type":"SearchAction","target":{"@type":"EntryPoint","urlTemplate":"https:\/\/martafluvia.com\/en\/?s={search_term_string}"},"query-input":{"@type":"PropertyValueSpecification","valueRequired":true,"valueName":"search_term_string"}}],"inLanguage":"en-US"},{"@type":"Organization","@id":"https:\/\/martafluvia.com\/en\/#organization","name":"Marta Fluvi\u00e0 Agency","url":"https:\/\/martafluvia.com\/en\/","logo":{"@type":"ImageObject","inLanguage":"en-US","@id":"https:\/\/martafluvia.com\/en\/#\/schema\/logo\/image\/","url":"https:\/\/martafluvia.com\/wp-content\/uploads\/2017\/12\/logo-marta-english-1.jpg","contentUrl":"https:\/\/martafluvia.com\/wp-content\/uploads\/2017\/12\/logo-marta-english-1.jpg","width":2118,"height":783,"caption":"Marta Fluvi\u00e0 Agency"},"image":{"@id":"https:\/\/martafluvia.com\/en\/#\/schema\/logo\/image\/"},"sameAs":["https:\/\/www.facebook.com\/martafluviaagency\/"]}]}},"_links":{"self":[{"href":"https:\/\/martafluvia.com\/en\/wp-json\/wp\/v2\/pages\/17613","targetHints":{"allow":["GET"]}}],"collection":[{"href":"https:\/\/martafluvia.com\/en\/wp-json\/wp\/v2\/pages"}],"about":[{"href":"https:\/\/martafluvia.com\/en\/wp-json\/wp\/v2\/types\/page"}],"author":[{"embeddable":true,"href":"https:\/\/martafluvia.com\/en\/wp-json\/wp\/v2\/users\/1"}],"replies":[{"embeddable":true,"href":"https:\/\/martafluvia.com\/en\/wp-json\/wp\/v2\/comments?post=17613"}],"version-history":[{"count":5,"href":"https:\/\/martafluvia.com\/en\/wp-json\/wp\/v2\/pages\/17613\/revisions"}],"predecessor-version":[{"id":17636,"href":"https:\/\/martafluvia.com\/en\/wp-json\/wp\/v2\/pages\/17613\/revisions\/17636"}],"wp:attachment":[{"href":"https:\/\/martafluvia.com\/en\/wp-json\/wp\/v2\/media?parent=17613"}],"curies":[{"name":"wp","href":"https:\/\/api.w.org\/{rel}","templated":true}]}}