{"id":17576,"date":"2023-06-03T12:41:29","date_gmt":"2023-06-03T11:41:29","guid":{"rendered":"https:\/\/martafluvia.com\/?page_id=17576"},"modified":"2023-06-03T18:39:58","modified_gmt":"2023-06-03T17:39:58","slug":"fel-faixedas","status":"publish","type":"page","link":"https:\/\/martafluvia.com\/en\/fel-faixedas\/","title":{"rendered":"Fel Faixedas"},"content":{"rendered":"\t\t<div data-elementor-type=\"wp-post\" data-elementor-id=\"17576\" class=\"elementor elementor-17576 elementor-17574\" data-elementor-post-type=\"page\">\n\t\t\t\t\t\t<section class=\"elementor-section elementor-top-section elementor-element elementor-element-36c91025 elementor-section-boxed elementor-section-height-default elementor-section-height-default\" data-id=\"36c91025\" data-element_type=\"section\" data-e-type=\"section\">\n\t\t\t\t\t\t<div class=\"elementor-container elementor-column-gap-default\">\n\t\t\t\t\t<div class=\"elementor-column elementor-col-100 elementor-top-column elementor-element elementor-element-79ecba0f\" data-id=\"79ecba0f\" data-element_type=\"column\" data-e-type=\"column\">\n\t\t\t<div class=\"elementor-widget-wrap elementor-element-populated\">\n\t\t\t\t\t\t<div class=\"elementor-element elementor-element-25dae1a4 elementor-widget elementor-widget-heading\" data-id=\"25dae1a4\" data-element_type=\"widget\" data-e-type=\"widget\" data-widget_type=\"heading.default\">\n\t\t\t\t<div class=\"elementor-widget-container\">\n\t\t\t\t\t<h2 class=\"elementor-heading-title elementor-size-default\">FEL FAIXEDAS<\/h2>\t\t\t\t<\/div>\n\t\t\t\t<\/div>\n\t\t\t\t<div class=\"elementor-element elementor-element-3030edd4 elementor-widget elementor-widget-image\" data-id=\"3030edd4\" data-element_type=\"widget\" data-e-type=\"widget\" data-widget_type=\"image.default\">\n\t\t\t\t<div class=\"elementor-widget-container\">\n\t\t\t\t\t\t\t\t\t\t\t\t\t\t\t<img decoding=\"async\" src=\"https:\/\/martafluvia.com\/wp-content\/uploads\/elementor\/thumbs\/foto_FEL_FAIXEDAS_2-e1695057128864-qcloyv5u5nh1hzdyz3r4vyv92mtecis1pkw11w31ts.jpg\" title=\"\" alt=\"\" loading=\"lazy\" \/>\t\t\t\t\t\t\t\t\t\t\t\t\t\t\t<\/div>\n\t\t\t\t<\/div>\n\t\t\t\t<div class=\"elementor-element elementor-element-ada6b82 elementor-widget elementor-widget-text-editor\" data-id=\"ada6b82\" data-element_type=\"widget\" data-e-type=\"widget\" data-widget_type=\"text-editor.default\">\n\t\t\t\t<div class=\"elementor-widget-container\">\n\t\t\t\t\t\t\t\t\t<p><strong>FEL FAIXEDAS (Arb\u00facies, Girona, 1970). <\/strong>Author and comedian. He started his theatrical career in 1998, being one of the 3 founders of Teatre de Guerrilla, from which he left in 2009 to create a comic couple with Carles Xuriguera.<\/p><p>\u00a0<\/p><p>In 2017 he began his solo career writing his own shows. From 2017 until today, he has given birth to 5 COMIC shows and a theatrical adaptation of Mart\u00ed Gironell&#8217;s book <strong><em>La for\u00e7a d&#8217;un dest\u00ed<\/em><\/strong> (Premi Ramon Llull 2018).<\/p><p>\u00a0<\/p><p>Faixedas started at the amateur theater in his village, Arb\u00facies, and then began his theater studies at the El Galliner theater school in Girona. At the Girona school, he suspended the second year and continued his training in a self-taught way, until starting his professional career founding Teatre de Guerrilla.<\/p><p>This 2023 celebrates its 25 years on stage with almost 2000 performances.<\/p><p>\u00a0<\/p><p>Their texts are written to be performed by their own company.<\/p><p>\u00a0<\/p><p>CATALOGUE:<\/p><table><tbody><tr><td width=\"142\"><p><strong><em>TITLE<\/em><\/strong><\/p><\/td><td width=\"142\"><p><strong><em>GENRE<\/em><\/strong><\/p><\/td><td width=\"142\"><p><strong><em>MALE CHARACTERS<\/em><\/strong><\/p><\/td><td width=\"142\"><p><strong><em>FEMALE CHARACTERS<\/em><\/strong><\/p><\/td><\/tr><tr><td width=\"142\"><p><em>Bona nit, Ben parits!<\/em><\/p><p><em>\u00a0<\/em><\/p><\/td><td width=\"142\"><p>Musical comedy<\/p><\/td><td width=\"142\"><p>1<\/p><\/td><td width=\"142\"><p>\u00a0<\/p><\/td><\/tr><tr><td width=\"142\"><p><em>El motivador<\/em><\/p><p><em>\u00a0<\/em><\/p><\/td><td width=\"142\"><p>\u00a0<\/p><\/td><td width=\"142\"><p>2<\/p><\/td><td width=\"142\"><p>\u00a0<\/p><\/td><\/tr><tr><td width=\"142\"><p><em>Faixedas i punt<\/em><\/p><p><em>\u00a0<\/em><\/p><\/td><td width=\"142\"><p>Comedy<\/p><\/td><td width=\"142\"><p>2<\/p><\/td><td width=\"142\"><p>\u00a0<\/p><\/td><\/tr><tr><td width=\"142\"><p><em>Ni rastre de qui vam ser <\/em><\/p><p><em>\u00a0<\/em><\/p><\/td><td width=\"142\"><p>Dramatical comedy<\/p><\/td><td width=\"142\"><p>2<\/p><\/td><td width=\"142\"><p>\u00a0<\/p><\/td><\/tr><tr><td width=\"142\"><p><em>Festa grossa<\/em><\/p><p><em>\u00a0<\/em><\/p><\/td><td width=\"142\"><p>Comedy<\/p><\/td><td width=\"142\"><p>2<\/p><\/td><td width=\"142\"><p>\u00a0<\/p><\/td><\/tr><tr><td width=\"142\"><p><strong><em>ADAPTATIONS<\/em><\/strong><\/p><p><em>\u00a0<\/em><\/p><\/td><td width=\"142\"><p>\u00a0<\/p><\/td><td width=\"142\"><p>\u00a0<\/p><\/td><td width=\"142\"><p>\u00a0<\/p><\/td><\/tr><tr><td width=\"142\"><p><em>La for\u00e7a d\u2019un dest\u00ed <\/em>de Mart\u00ed Gironell<\/p><p><em>\u00a0<\/em><\/p><\/td><td width=\"142\"><p>\u00a0<\/p><\/td><td width=\"142\"><p>1 (+ 1 m\u00fasic)<\/p><\/td><td width=\"142\"><p>\u00a0<\/p><\/td><\/tr><\/tbody><\/table>\t\t\t\t\t\t\t\t<\/div>\n\t\t\t\t<\/div>\n\t\t\t\t\t<\/div>\n\t\t<\/div>\n\t\t\t\t\t<\/div>\n\t\t<\/section>\n\t\t\t\t<section class=\"elementor-section elementor-top-section elementor-element elementor-element-607a5ef9 elementor-section-boxed elementor-section-height-default elementor-section-height-default\" data-id=\"607a5ef9\" data-element_type=\"section\" data-e-type=\"section\">\n\t\t\t\t\t\t<div class=\"elementor-container elementor-column-gap-default\">\n\t\t\t\t\t<div class=\"elementor-column elementor-col-100 elementor-top-column elementor-element elementor-element-109b5495\" data-id=\"109b5495\" data-element_type=\"column\" data-e-type=\"column\">\n\t\t\t<div class=\"elementor-widget-wrap elementor-element-populated\">\n\t\t\t\t\t\t<div class=\"elementor-element elementor-element-4f3dd0f1 elementor-widget-divider--view-line elementor-widget elementor-widget-divider\" data-id=\"4f3dd0f1\" data-element_type=\"widget\" data-e-type=\"widget\" data-widget_type=\"divider.default\">\n\t\t\t\t<div class=\"elementor-widget-container\">\n\t\t\t\t\t\t\t<div class=\"elementor-divider\">\n\t\t\t<span class=\"elementor-divider-separator\">\n\t\t\t\t\t\t<\/span>\n\t\t<\/div>\n\t\t\t\t\t\t<\/div>\n\t\t\t\t<\/div>\n\t\t\t\t<div class=\"elementor-element elementor-element-2568bf85 elementor-widget elementor-widget-text-editor\" data-id=\"2568bf85\" data-element_type=\"widget\" data-e-type=\"widget\" data-widget_type=\"text-editor.default\">\n\t\t\t\t<div class=\"elementor-widget-container\">\n\t\t\t\t\t\t\t\t\t<div class=\"elementor-element elementor-element-b6f9d45 elementor-widget elementor-widget-text-editor\" data-id=\"b6f9d45\" data-element_type=\"text-editor.default\"><div class=\"elementor-widget-container\"><div class=\"elementor-text-editor elementor-clearfix\"><p style=\"text-align: center;\">Request performance rights:<\/p><\/div><\/div><\/div>\t\t\t\t\t\t\t\t<\/div>\n\t\t\t\t<\/div>\n\t\t\t\t<section class=\"elementor-section elementor-inner-section elementor-element elementor-element-2f49ce95 elementor-section-boxed elementor-section-height-default elementor-section-height-default\" data-id=\"2f49ce95\" data-element_type=\"section\" data-e-type=\"section\">\n\t\t\t\t\t\t<div class=\"elementor-container elementor-column-gap-default\">\n\t\t\t\t\t<div class=\"elementor-column elementor-col-50 elementor-inner-column elementor-element elementor-element-5250c8d1\" data-id=\"5250c8d1\" data-element_type=\"column\" data-e-type=\"column\">\n\t\t\t<div class=\"elementor-widget-wrap elementor-element-populated\">\n\t\t\t\t\t\t<div class=\"elementor-element elementor-element-3614eb35 elementor-button-info elementor-align-center elementor-widget elementor-widget-button\" data-id=\"3614eb35\" data-element_type=\"widget\" data-e-type=\"widget\" data-widget_type=\"button.default\">\n\t\t\t\t<div class=\"elementor-widget-container\">\n\t\t\t\t\t\t\t\t\t<div class=\"elementor-button-wrapper\">\n\t\t\t\t\t<a class=\"elementor-button elementor-button-link elementor-size-md\" href=\"https:\/\/martafluvia.com\/licencia-amateur\/\">\n\t\t\t\t\t\t<span class=\"elementor-button-content-wrapper\">\n\t\t\t\t\t\t\t\t\t<span class=\"elementor-button-text\">Amateur: Rights request<\/span>\n\t\t\t\t\t<\/span>\n\t\t\t\t\t<\/a>\n\t\t\t\t<\/div>\n\t\t\t\t\t\t\t\t<\/div>\n\t\t\t\t<\/div>\n\t\t\t\t\t<\/div>\n\t\t<\/div>\n\t\t\t\t<div class=\"elementor-column elementor-col-50 elementor-inner-column elementor-element elementor-element-5b18941a\" data-id=\"5b18941a\" data-element_type=\"column\" data-e-type=\"column\">\n\t\t\t<div class=\"elementor-widget-wrap elementor-element-populated\">\n\t\t\t\t\t\t<div class=\"elementor-element elementor-element-29cab92 elementor-button-info elementor-align-center elementor-widget elementor-widget-button\" data-id=\"29cab92\" data-element_type=\"widget\" data-e-type=\"widget\" data-widget_type=\"button.default\">\n\t\t\t\t<div class=\"elementor-widget-container\">\n\t\t\t\t\t\t\t\t\t<div class=\"elementor-button-wrapper\">\n\t\t\t\t\t<a class=\"elementor-button elementor-button-link elementor-size-md\" href=\"https:\/\/martafluvia.com\/en\/performance-rights-and-work-adaptation-request\/\">\n\t\t\t\t\t\t<span class=\"elementor-button-content-wrapper\">\n\t\t\t\t\t\t\t\t\t<span class=\"elementor-button-text\">Professional: Rights request<\/span>\n\t\t\t\t\t<\/span>\n\t\t\t\t\t<\/a>\n\t\t\t\t<\/div>\n\t\t\t\t\t\t\t\t<\/div>\n\t\t\t\t<\/div>\n\t\t\t\t\t<\/div>\n\t\t<\/div>\n\t\t\t\t\t<\/div>\n\t\t<\/section>\n\t\t\t\t<div class=\"elementor-element elementor-element-7099a6f3 elementor-widget elementor-widget-spacer\" data-id=\"7099a6f3\" data-element_type=\"widget\" data-e-type=\"widget\" data-widget_type=\"spacer.default\">\n\t\t\t\t<div class=\"elementor-widget-container\">\n\t\t\t\t\t\t\t<div class=\"elementor-spacer\">\n\t\t\t<div class=\"elementor-spacer-inner\"><\/div>\n\t\t<\/div>\n\t\t\t\t\t\t<\/div>\n\t\t\t\t<\/div>\n\t\t\t\t\t<\/div>\n\t\t<\/div>\n\t\t\t\t\t<\/div>\n\t\t<\/section>\n\t\t\t\t<\/div>\n\t\t","protected":false},"excerpt":{"rendered":"<p>FEL FAIXEDAS FEL FAIXEDAS (Arb\u00facies, Girona, 1970). Author and comedian. He started his theatrical career in 1998, being one of the 3 founders of Teatre de Guerrilla, from which he left in 2009 to create a comic couple with Carles Xuriguera. \u00a0 In 2017 he began his solo career writing his own shows. From 2017 &#8230; <a title=\"Fel Faixedas\" class=\"read-more\" href=\"https:\/\/martafluvia.com\/en\/fel-faixedas\/\">Read more<\/a><\/p>\n","protected":false},"author":1,"featured_media":0,"parent":0,"menu_order":0,"comment_status":"closed","ping_status":"closed","template":"elementor_header_footer","meta":{"footnotes":""},"class_list":["post-17576","page","type-page","status-publish"],"yoast_head":"<!-- This site is optimized with the Yoast SEO plugin v27.3 - https:\/\/yoast.com\/product\/yoast-seo-wordpress\/ -->\n<title>Fel Faixedas - Marta Fluvi\u00e0<\/title>\n<meta name=\"description\" content=\"Get to know our author Bernard-Marie Kolt\u00e8s. Request your performance rights for any of his works using our form.\" \/>\n<meta name=\"robots\" content=\"index, follow, max-snippet:-1, max-image-preview:large, max-video-preview:-1\" \/>\n<link rel=\"canonical\" href=\"https:\/\/martafluvia.com\/en\/fel-faixedas\/\" \/>\n<meta property=\"og:locale\" content=\"en_US\" \/>\n<meta property=\"og:type\" content=\"article\" \/>\n<meta property=\"og:title\" content=\"Fel Faixedas - Marta Fluvi\u00e0\" \/>\n<meta property=\"og:description\" content=\"Get to know our author Bernard-Marie Kolt\u00e8s. Request your performance rights for any of his works using our form.\" \/>\n<meta property=\"og:url\" content=\"https:\/\/martafluvia.com\/en\/fel-faixedas\/\" \/>\n<meta property=\"og:site_name\" content=\"Marta Fluvi\u00e0\" \/>\n<meta property=\"article:publisher\" content=\"https:\/\/www.facebook.com\/martafluviaagency\/\" \/>\n<meta property=\"article:modified_time\" content=\"2023-06-03T17:39:58+00:00\" \/>\n<meta property=\"og:image\" content=\"https:\/\/martafluvia.com\/wp-content\/uploads\/elementor\/thumbs\/foto_FEL_FAIXEDAS_2-q7f1ljr8uca6gkqjenp32wwdp7wg6x75x0vnd3nbb4.jpg\" \/>\n<meta name=\"twitter:card\" content=\"summary_large_image\" \/>\n<meta name=\"twitter:label1\" content=\"Est. reading time\" \/>\n\t<meta name=\"twitter:data1\" content=\"2 minutes\" \/>\n<script type=\"application\/ld+json\" class=\"yoast-schema-graph\">{\"@context\":\"https:\\\/\\\/schema.org\",\"@graph\":[{\"@type\":\"WebPage\",\"@id\":\"https:\\\/\\\/martafluvia.com\\\/en\\\/fel-faixedas\\\/\",\"url\":\"https:\\\/\\\/martafluvia.com\\\/en\\\/fel-faixedas\\\/\",\"name\":\"Fel Faixedas - Marta Fluvi\u00e0\",\"isPartOf\":{\"@id\":\"https:\\\/\\\/martafluvia.com\\\/en\\\/#website\"},\"primaryImageOfPage\":{\"@id\":\"https:\\\/\\\/martafluvia.com\\\/en\\\/fel-faixedas\\\/#primaryimage\"},\"image\":{\"@id\":\"https:\\\/\\\/martafluvia.com\\\/en\\\/fel-faixedas\\\/#primaryimage\"},\"thumbnailUrl\":\"https:\\\/\\\/martafluvia.com\\\/wp-content\\\/uploads\\\/elementor\\\/thumbs\\\/foto_FEL_FAIXEDAS_2-q7f1ljr8uca6gkqjenp32wwdp7wg6x75x0vnd3nbb4.jpg\",\"datePublished\":\"2023-06-03T11:41:29+00:00\",\"dateModified\":\"2023-06-03T17:39:58+00:00\",\"description\":\"Get to know our author Bernard-Marie Kolt\u00e8s. Request your performance rights for any of his works using our form.\",\"breadcrumb\":{\"@id\":\"https:\\\/\\\/martafluvia.com\\\/en\\\/fel-faixedas\\\/#breadcrumb\"},\"inLanguage\":\"en-US\",\"potentialAction\":[{\"@type\":\"ReadAction\",\"target\":[\"https:\\\/\\\/martafluvia.com\\\/en\\\/fel-faixedas\\\/\"]}]},{\"@type\":\"ImageObject\",\"inLanguage\":\"en-US\",\"@id\":\"https:\\\/\\\/martafluvia.com\\\/en\\\/fel-faixedas\\\/#primaryimage\",\"url\":\"https:\\\/\\\/martafluvia.com\\\/wp-content\\\/uploads\\\/elementor\\\/thumbs\\\/foto_FEL_FAIXEDAS_2-q7f1ljr8uca6gkqjenp32wwdp7wg6x75x0vnd3nbb4.jpg\",\"contentUrl\":\"https:\\\/\\\/martafluvia.com\\\/wp-content\\\/uploads\\\/elementor\\\/thumbs\\\/foto_FEL_FAIXEDAS_2-q7f1ljr8uca6gkqjenp32wwdp7wg6x75x0vnd3nbb4.jpg\"},{\"@type\":\"BreadcrumbList\",\"@id\":\"https:\\\/\\\/martafluvia.com\\\/en\\\/fel-faixedas\\\/#breadcrumb\",\"itemListElement\":[{\"@type\":\"ListItem\",\"position\":1,\"name\":\"Portada\",\"item\":\"https:\\\/\\\/martafluvia.com\\\/en\\\/\"},{\"@type\":\"ListItem\",\"position\":2,\"name\":\"Fel Faixedas\"}]},{\"@type\":\"WebSite\",\"@id\":\"https:\\\/\\\/martafluvia.com\\\/en\\\/#website\",\"url\":\"https:\\\/\\\/martafluvia.com\\\/en\\\/\",\"name\":\"Marta Fluvi\u00e0\",\"description\":\"Theatrical Literary Agency\",\"publisher\":{\"@id\":\"https:\\\/\\\/martafluvia.com\\\/en\\\/#organization\"},\"potentialAction\":[{\"@type\":\"SearchAction\",\"target\":{\"@type\":\"EntryPoint\",\"urlTemplate\":\"https:\\\/\\\/martafluvia.com\\\/en\\\/?s={search_term_string}\"},\"query-input\":{\"@type\":\"PropertyValueSpecification\",\"valueRequired\":true,\"valueName\":\"search_term_string\"}}],\"inLanguage\":\"en-US\"},{\"@type\":\"Organization\",\"@id\":\"https:\\\/\\\/martafluvia.com\\\/en\\\/#organization\",\"name\":\"Marta Fluvi\u00e0 Agency\",\"url\":\"https:\\\/\\\/martafluvia.com\\\/en\\\/\",\"logo\":{\"@type\":\"ImageObject\",\"inLanguage\":\"en-US\",\"@id\":\"https:\\\/\\\/martafluvia.com\\\/en\\\/#\\\/schema\\\/logo\\\/image\\\/\",\"url\":\"https:\\\/\\\/martafluvia.com\\\/wp-content\\\/uploads\\\/2017\\\/12\\\/logo-marta-english-1.jpg\",\"contentUrl\":\"https:\\\/\\\/martafluvia.com\\\/wp-content\\\/uploads\\\/2017\\\/12\\\/logo-marta-english-1.jpg\",\"width\":2118,\"height\":783,\"caption\":\"Marta Fluvi\u00e0 Agency\"},\"image\":{\"@id\":\"https:\\\/\\\/martafluvia.com\\\/en\\\/#\\\/schema\\\/logo\\\/image\\\/\"},\"sameAs\":[\"https:\\\/\\\/www.facebook.com\\\/martafluviaagency\\\/\"]}]}<\/script>\n<!-- \/ Yoast SEO plugin. -->","yoast_head_json":{"title":"Fel Faixedas - Marta Fluvi\u00e0","description":"Get to know our author Bernard-Marie Kolt\u00e8s. Request your performance rights for any of his works using our form.","robots":{"index":"index","follow":"follow","max-snippet":"max-snippet:-1","max-image-preview":"max-image-preview:large","max-video-preview":"max-video-preview:-1"},"canonical":"https:\/\/martafluvia.com\/en\/fel-faixedas\/","og_locale":"en_US","og_type":"article","og_title":"Fel Faixedas - Marta Fluvi\u00e0","og_description":"Get to know our author Bernard-Marie Kolt\u00e8s. Request your performance rights for any of his works using our form.","og_url":"https:\/\/martafluvia.com\/en\/fel-faixedas\/","og_site_name":"Marta Fluvi\u00e0","article_publisher":"https:\/\/www.facebook.com\/martafluviaagency\/","article_modified_time":"2023-06-03T17:39:58+00:00","og_image":[{"url":"https:\/\/martafluvia.com\/wp-content\/uploads\/elementor\/thumbs\/foto_FEL_FAIXEDAS_2-q7f1ljr8uca6gkqjenp32wwdp7wg6x75x0vnd3nbb4.jpg","type":"","width":"","height":""}],"twitter_card":"summary_large_image","twitter_misc":{"Est. reading time":"2 minutes"},"schema":{"@context":"https:\/\/schema.org","@graph":[{"@type":"WebPage","@id":"https:\/\/martafluvia.com\/en\/fel-faixedas\/","url":"https:\/\/martafluvia.com\/en\/fel-faixedas\/","name":"Fel Faixedas - Marta Fluvi\u00e0","isPartOf":{"@id":"https:\/\/martafluvia.com\/en\/#website"},"primaryImageOfPage":{"@id":"https:\/\/martafluvia.com\/en\/fel-faixedas\/#primaryimage"},"image":{"@id":"https:\/\/martafluvia.com\/en\/fel-faixedas\/#primaryimage"},"thumbnailUrl":"https:\/\/martafluvia.com\/wp-content\/uploads\/elementor\/thumbs\/foto_FEL_FAIXEDAS_2-q7f1ljr8uca6gkqjenp32wwdp7wg6x75x0vnd3nbb4.jpg","datePublished":"2023-06-03T11:41:29+00:00","dateModified":"2023-06-03T17:39:58+00:00","description":"Get to know our author Bernard-Marie Kolt\u00e8s. Request your performance rights for any of his works using our form.","breadcrumb":{"@id":"https:\/\/martafluvia.com\/en\/fel-faixedas\/#breadcrumb"},"inLanguage":"en-US","potentialAction":[{"@type":"ReadAction","target":["https:\/\/martafluvia.com\/en\/fel-faixedas\/"]}]},{"@type":"ImageObject","inLanguage":"en-US","@id":"https:\/\/martafluvia.com\/en\/fel-faixedas\/#primaryimage","url":"https:\/\/martafluvia.com\/wp-content\/uploads\/elementor\/thumbs\/foto_FEL_FAIXEDAS_2-q7f1ljr8uca6gkqjenp32wwdp7wg6x75x0vnd3nbb4.jpg","contentUrl":"https:\/\/martafluvia.com\/wp-content\/uploads\/elementor\/thumbs\/foto_FEL_FAIXEDAS_2-q7f1ljr8uca6gkqjenp32wwdp7wg6x75x0vnd3nbb4.jpg"},{"@type":"BreadcrumbList","@id":"https:\/\/martafluvia.com\/en\/fel-faixedas\/#breadcrumb","itemListElement":[{"@type":"ListItem","position":1,"name":"Portada","item":"https:\/\/martafluvia.com\/en\/"},{"@type":"ListItem","position":2,"name":"Fel Faixedas"}]},{"@type":"WebSite","@id":"https:\/\/martafluvia.com\/en\/#website","url":"https:\/\/martafluvia.com\/en\/","name":"Marta Fluvi\u00e0","description":"Theatrical Literary Agency","publisher":{"@id":"https:\/\/martafluvia.com\/en\/#organization"},"potentialAction":[{"@type":"SearchAction","target":{"@type":"EntryPoint","urlTemplate":"https:\/\/martafluvia.com\/en\/?s={search_term_string}"},"query-input":{"@type":"PropertyValueSpecification","valueRequired":true,"valueName":"search_term_string"}}],"inLanguage":"en-US"},{"@type":"Organization","@id":"https:\/\/martafluvia.com\/en\/#organization","name":"Marta Fluvi\u00e0 Agency","url":"https:\/\/martafluvia.com\/en\/","logo":{"@type":"ImageObject","inLanguage":"en-US","@id":"https:\/\/martafluvia.com\/en\/#\/schema\/logo\/image\/","url":"https:\/\/martafluvia.com\/wp-content\/uploads\/2017\/12\/logo-marta-english-1.jpg","contentUrl":"https:\/\/martafluvia.com\/wp-content\/uploads\/2017\/12\/logo-marta-english-1.jpg","width":2118,"height":783,"caption":"Marta Fluvi\u00e0 Agency"},"image":{"@id":"https:\/\/martafluvia.com\/en\/#\/schema\/logo\/image\/"},"sameAs":["https:\/\/www.facebook.com\/martafluviaagency\/"]}]}},"_links":{"self":[{"href":"https:\/\/martafluvia.com\/en\/wp-json\/wp\/v2\/pages\/17576","targetHints":{"allow":["GET"]}}],"collection":[{"href":"https:\/\/martafluvia.com\/en\/wp-json\/wp\/v2\/pages"}],"about":[{"href":"https:\/\/martafluvia.com\/en\/wp-json\/wp\/v2\/types\/page"}],"author":[{"embeddable":true,"href":"https:\/\/martafluvia.com\/en\/wp-json\/wp\/v2\/users\/1"}],"replies":[{"embeddable":true,"href":"https:\/\/martafluvia.com\/en\/wp-json\/wp\/v2\/comments?post=17576"}],"version-history":[{"count":5,"href":"https:\/\/martafluvia.com\/en\/wp-json\/wp\/v2\/pages\/17576\/revisions"}],"predecessor-version":[{"id":17606,"href":"https:\/\/martafluvia.com\/en\/wp-json\/wp\/v2\/pages\/17576\/revisions\/17606"}],"wp:attachment":[{"href":"https:\/\/martafluvia.com\/en\/wp-json\/wp\/v2\/media?parent=17576"}],"curies":[{"name":"wp","href":"https:\/\/api.w.org\/{rel}","templated":true}]}}