{"id":1682,"date":"2019-01-08T17:28:07","date_gmt":"2019-01-08T17:28:07","guid":{"rendered":"http:\/\/martafluvia.com\/roc-esquius\/"},"modified":"2023-05-21T20:00:34","modified_gmt":"2023-05-21T19:00:34","slug":"roc-esquius","status":"publish","type":"page","link":"https:\/\/martafluvia.com\/en\/roc-esquius\/","title":{"rendered":"Roc Esquius"},"content":{"rendered":"\t\t<div data-elementor-type=\"wp-post\" data-elementor-id=\"1682\" class=\"elementor elementor-1682 elementor-585\" data-elementor-post-type=\"page\">\n\t\t\t\t\t\t<section class=\"elementor-section elementor-top-section elementor-element elementor-element-b8e755e elementor-section-boxed elementor-section-height-default elementor-section-height-default\" data-id=\"b8e755e\" data-element_type=\"section\" data-e-type=\"section\">\n\t\t\t\t\t\t<div class=\"elementor-container elementor-column-gap-default\">\n\t\t\t\t\t<div class=\"elementor-column elementor-col-100 elementor-top-column elementor-element elementor-element-84a01a4\" data-id=\"84a01a4\" data-element_type=\"column\" data-e-type=\"column\">\n\t\t\t<div class=\"elementor-widget-wrap elementor-element-populated\">\n\t\t\t\t\t\t<div class=\"elementor-element elementor-element-d904d5f elementor-widget elementor-widget-heading\" data-id=\"d904d5f\" data-element_type=\"widget\" data-e-type=\"widget\" data-widget_type=\"heading.default\">\n\t\t\t\t<div class=\"elementor-widget-container\">\n\t\t\t\t\t<h2 class=\"elementor-heading-title elementor-size-default\">ROC ESQUIUS<\/h2>\t\t\t\t<\/div>\n\t\t\t\t<\/div>\n\t\t\t\t<div class=\"elementor-element elementor-element-91dc36c elementor-widget elementor-widget-image\" data-id=\"91dc36c\" data-element_type=\"widget\" data-e-type=\"widget\" data-widget_type=\"image.default\">\n\t\t\t\t<div class=\"elementor-widget-container\">\n\t\t\t\t\t\t\t\t\t\t\t\t\t\t\t<img fetchpriority=\"high\" decoding=\"async\" width=\"1920\" height=\"1282\" src=\"https:\/\/martafluvia.com\/wp-content\/uploads\/2023\/05\/foto_ROC_ESQUIUS-1-1.jpg\" class=\"attachment-full size-full wp-image-17443\" alt=\"\" srcset=\"https:\/\/martafluvia.com\/wp-content\/uploads\/2023\/05\/foto_ROC_ESQUIUS-1-1.jpg 1920w, https:\/\/martafluvia.com\/wp-content\/uploads\/2023\/05\/foto_ROC_ESQUIUS-1-1-300x200.jpg 300w, https:\/\/martafluvia.com\/wp-content\/uploads\/2023\/05\/foto_ROC_ESQUIUS-1-1-1024x684.jpg 1024w, https:\/\/martafluvia.com\/wp-content\/uploads\/2023\/05\/foto_ROC_ESQUIUS-1-1-768x513.jpg 768w, https:\/\/martafluvia.com\/wp-content\/uploads\/2023\/05\/foto_ROC_ESQUIUS-1-1-1536x1026.jpg 1536w, https:\/\/martafluvia.com\/wp-content\/uploads\/2023\/05\/foto_ROC_ESQUIUS-1-1-600x401.jpg 600w, https:\/\/martafluvia.com\/wp-content\/uploads\/2023\/05\/foto_ROC_ESQUIUS-1-1-64x43.jpg 64w\" sizes=\"(max-width: 1920px) 100vw, 1920px\" \/>\t\t\t\t\t\t\t\t\t\t\t\t\t\t\t<\/div>\n\t\t\t\t<\/div>\n\t\t\t\t<div class=\"elementor-element elementor-element-73aace1 elementor-widget elementor-widget-text-editor\" data-id=\"73aace1\" data-element_type=\"widget\" data-e-type=\"widget\" data-widget_type=\"text-editor.default\">\n\t\t\t\t<div class=\"elementor-widget-container\">\n\t\t\t\t\t\t\t\t\t<p style=\"font-weight: 400;\"><strong>ROC ESQUIUS<\/strong> <strong>(S\u00faria, 1982).<\/strong> Graduated in Enginyeria inform\u00e0tica from the UAB (2994) and in Dramatic Arts from the Estudi Nancy Tu\u00f1\u00f3n (2011), he completes his six-year training as an author at Sala Beckett. He is going to work for Davantis, a start-up of Artificial Intelligence, before turning to theater.<\/p><p style=\"font-weight: 400;\">\u00a0<\/p><p style=\"font-weight: 400;\">His works include <strong><em>iMe <\/em><\/strong>(2014), <strong><em>El Catalon d\u2019una nit d\u2019estiu<\/em><\/strong> (2015), <strong><em>Mars Joan<\/em><\/strong> (2015), <strong><em>Els pastorets de la Martina<\/em><\/strong> (2016), <strong><em>Claqu\u00e9 o no<\/em><\/strong> (2017), <strong><em>S\u00e0piens<\/em><\/strong> (2017), <strong><em>ELI <\/em><\/strong>(2018), <strong><em>Likes <\/em><\/strong>(2018), <strong><em>L\u2019Altre <\/em><\/strong>(2019), <strong><em>Angle Mort<\/em><\/strong> (escrita amb Sergi Belbel, 2020), <strong><em>Els Pastorets de casa nostra<\/em><\/strong> (2020) and <strong><em>Els Rapinyaires<\/em><\/strong>(2022).<\/p><p style=\"font-weight: 400;\">\u00a0<\/p><p style=\"font-weight: 400;\">His works have performed under the direction of Sergi Belbel, Antonio Calvo, Llu\u00eds El\u00edas, Nelson Valente and himself. He has directed theatrical shows of various authors and is the creator and screenwriter of audiovisual fiction.<\/p><p style=\"font-weight: 400;\">\u00a0<\/p><p style=\"font-weight: 400;\">The author combines dramaturgy and directing with interpretation, both theater and audiovisual, ad also with pedagogical training, as a regular professor and heater editing, acting and dramaturgy. He also has his own space for theatrical research.<\/p><p style=\"font-weight: 400;\">\u00a0<\/p><p style=\"font-weight: 400;\">CATALOGUE:<\/p><table style=\"font-weight: 400;\"><tbody><tr><td width=\"132\"><p><strong>TITLE<\/strong><\/p><\/td><td width=\"123\"><p><strong>GENRE<\/strong><\/p><\/td><td width=\"142\"><p><strong>MALE CHARACTERS<\/strong><\/p><\/td><td width=\"142\"><p><strong>FEMALE CHARACTERS<\/strong><\/p><\/td><\/tr><tr><td width=\"132\"><p><em>iMe<\/em><\/p><p><em>\u00a0<\/em><\/p><\/td><td width=\"123\"><p>Comedy<\/p><\/td><td width=\"142\"><p>2<\/p><\/td><td width=\"142\"><p>2<\/p><\/td><\/tr><tr><td width=\"132\"><p><em>El Catalon d\u2019una nit d\u2019estiu<\/em><\/p><p><em>\u00a0<\/em><\/p><\/td><td width=\"123\"><p>Comedy (15min play)<\/p><\/td><td width=\"142\"><p>2<\/p><\/td><td width=\"142\"><p>2<\/p><\/td><\/tr><tr><td width=\"132\"><p><em>Mars Joan<\/em><\/p><p><em>\u00a0<\/em><\/p><\/td><td width=\"123\"><p>Comedy<\/p><\/td><td width=\"142\"><p>2<\/p><\/td><td width=\"142\"><p>2<\/p><\/td><\/tr><tr><td width=\"132\"><p><em>Claqu\u00e9 o no<\/em><\/p><p><em>\u00a0<\/em><\/p><\/td><td width=\"123\"><p>Comedy<\/p><\/td><td width=\"142\"><p>1<\/p><\/td><td width=\"142\"><p>1<\/p><\/td><\/tr><tr><td width=\"132\"><p><em>Sapiens<\/em><\/p><p><em>\u00a0<\/em><\/p><\/td><td width=\"123\"><p>Comedy<\/p><\/td><td width=\"142\"><p>1<\/p><\/td><td width=\"142\"><p>1<\/p><\/td><\/tr><tr><td width=\"132\"><p><em>Els Pastorets de la Martina<\/em><\/p><p><em>\u00a0<\/em><\/p><\/td><td width=\"123\"><p>Family musical<\/p><\/td><td width=\"142\"><p>2<\/p><\/td><td width=\"142\"><p>1<\/p><\/td><\/tr><tr><td width=\"132\"><p><em>ELI<\/em><\/p><p><em>\u00a0<\/em><\/p><\/td><td width=\"123\"><p>Drama<\/p><\/td><td width=\"142\"><p>2<\/p><\/td><td width=\"142\"><p>0<\/p><\/td><\/tr><tr><td width=\"132\"><p><em>Likes<\/em><\/p><\/td><td width=\"123\"><p>Comedy<\/p><p>\u00a0<\/p><\/td><td width=\"142\"><p>2<\/p><\/td><td width=\"142\"><p>2<\/p><\/td><\/tr><tr><td width=\"132\"><p><em>L\u2019Altre<\/em><\/p><p><em>\u00a0<\/em><\/p><\/td><td width=\"123\"><p>Comedy<\/p><\/td><td width=\"142\"><p>2<\/p><\/td><td width=\"142\"><p>0<\/p><\/td><\/tr><tr><td width=\"132\"><p><em>Els rapinyaires<\/em><\/p><p><em>\u00a0<\/em><\/p><\/td><td width=\"123\"><p>Comedy<\/p><\/td><td width=\"142\"><p>2<\/p><\/td><td width=\"142\"><p>2<\/p><\/td><\/tr><\/tbody><\/table>\t\t\t\t\t\t\t\t<\/div>\n\t\t\t\t<\/div>\n\t\t\t\t\t<\/div>\n\t\t<\/div>\n\t\t\t\t\t<\/div>\n\t\t<\/section>\n\t\t\t\t<section class=\"elementor-section elementor-top-section elementor-element elementor-element-4684ae81 elementor-section-boxed elementor-section-height-default elementor-section-height-default\" data-id=\"4684ae81\" data-element_type=\"section\" data-e-type=\"section\">\n\t\t\t\t\t\t<div class=\"elementor-container elementor-column-gap-default\">\n\t\t\t\t\t<div class=\"elementor-column elementor-col-100 elementor-top-column elementor-element elementor-element-661ae6ad\" data-id=\"661ae6ad\" data-element_type=\"column\" data-e-type=\"column\">\n\t\t\t<div class=\"elementor-widget-wrap elementor-element-populated\">\n\t\t\t\t\t\t<div class=\"elementor-element elementor-element-1e905424 elementor-widget-divider--view-line elementor-widget elementor-widget-divider\" data-id=\"1e905424\" data-element_type=\"widget\" data-e-type=\"widget\" data-widget_type=\"divider.default\">\n\t\t\t\t<div class=\"elementor-widget-container\">\n\t\t\t\t\t\t\t<div class=\"elementor-divider\">\n\t\t\t<span class=\"elementor-divider-separator\">\n\t\t\t\t\t\t<\/span>\n\t\t<\/div>\n\t\t\t\t\t\t<\/div>\n\t\t\t\t<\/div>\n\t\t\t\t<div class=\"elementor-element elementor-element-51018fa6 elementor-widget elementor-widget-text-editor\" data-id=\"51018fa6\" data-element_type=\"widget\" data-e-type=\"widget\" data-widget_type=\"text-editor.default\">\n\t\t\t\t<div class=\"elementor-widget-container\">\n\t\t\t\t\t\t\t\t\t<div class=\"elementor-element elementor-element-b6f9d45 elementor-widget elementor-widget-text-editor\" data-id=\"b6f9d45\" data-element_type=\"text-editor.default\"><div class=\"elementor-widget-container\"><div class=\"elementor-text-editor elementor-clearfix\"><p style=\"text-align: center;\">Request perfomance rights:<\/p><\/div><\/div><\/div>\t\t\t\t\t\t\t\t<\/div>\n\t\t\t\t<\/div>\n\t\t\t\t<section class=\"elementor-section elementor-inner-section elementor-element elementor-element-3334dc7a elementor-section-boxed elementor-section-height-default elementor-section-height-default\" data-id=\"3334dc7a\" data-element_type=\"section\" data-e-type=\"section\">\n\t\t\t\t\t\t<div class=\"elementor-container elementor-column-gap-default\">\n\t\t\t\t\t<div class=\"elementor-column elementor-col-50 elementor-inner-column elementor-element elementor-element-1c1b4eeb\" data-id=\"1c1b4eeb\" data-element_type=\"column\" data-e-type=\"column\">\n\t\t\t<div class=\"elementor-widget-wrap elementor-element-populated\">\n\t\t\t\t\t\t<div class=\"elementor-element elementor-element-787571be elementor-button-info elementor-align-center elementor-widget elementor-widget-button\" data-id=\"787571be\" data-element_type=\"widget\" data-e-type=\"widget\" data-widget_type=\"button.default\">\n\t\t\t\t<div class=\"elementor-widget-container\">\n\t\t\t\t\t\t\t\t\t<div class=\"elementor-button-wrapper\">\n\t\t\t\t\t<a class=\"elementor-button elementor-button-link elementor-size-md\" href=\"\/licencia-amateur\">\n\t\t\t\t\t\t<span class=\"elementor-button-content-wrapper\">\n\t\t\t\t\t\t\t\t\t<span class=\"elementor-button-text\">Amateur: Rights request<\/span>\n\t\t\t\t\t<\/span>\n\t\t\t\t\t<\/a>\n\t\t\t\t<\/div>\n\t\t\t\t\t\t\t\t<\/div>\n\t\t\t\t<\/div>\n\t\t\t\t\t<\/div>\n\t\t<\/div>\n\t\t\t\t<div class=\"elementor-column elementor-col-50 elementor-inner-column elementor-element elementor-element-7a2d6\" data-id=\"7a2d6\" data-element_type=\"column\" data-e-type=\"column\">\n\t\t\t<div class=\"elementor-widget-wrap elementor-element-populated\">\n\t\t\t\t\t\t<div class=\"elementor-element elementor-element-12affa6e elementor-button-info elementor-align-center elementor-widget elementor-widget-button\" data-id=\"12affa6e\" data-element_type=\"widget\" data-e-type=\"widget\" data-widget_type=\"button.default\">\n\t\t\t\t<div class=\"elementor-widget-container\">\n\t\t\t\t\t\t\t\t\t<div class=\"elementor-button-wrapper\">\n\t\t\t\t\t<a class=\"elementor-button elementor-button-link elementor-size-md\" href=\"\/solicitud\">\n\t\t\t\t\t\t<span class=\"elementor-button-content-wrapper\">\n\t\t\t\t\t\t\t\t\t<span class=\"elementor-button-text\">Profesional: Rights request<\/span>\n\t\t\t\t\t<\/span>\n\t\t\t\t\t<\/a>\n\t\t\t\t<\/div>\n\t\t\t\t\t\t\t\t<\/div>\n\t\t\t\t<\/div>\n\t\t\t\t\t<\/div>\n\t\t<\/div>\n\t\t\t\t\t<\/div>\n\t\t<\/section>\n\t\t\t\t<div class=\"elementor-element elementor-element-531d96f1 elementor-widget elementor-widget-spacer\" data-id=\"531d96f1\" data-element_type=\"widget\" data-e-type=\"widget\" data-widget_type=\"spacer.default\">\n\t\t\t\t<div class=\"elementor-widget-container\">\n\t\t\t\t\t\t\t<div class=\"elementor-spacer\">\n\t\t\t<div class=\"elementor-spacer-inner\"><\/div>\n\t\t<\/div>\n\t\t\t\t\t\t<\/div>\n\t\t\t\t<\/div>\n\t\t\t\t\t<\/div>\n\t\t<\/div>\n\t\t\t\t\t<\/div>\n\t\t<\/section>\n\t\t\t\t<\/div>\n\t\t","protected":false},"excerpt":{"rendered":"<p>ROC ESQUIUS ROC ESQUIUS (S\u00faria, 1982). Graduated in Enginyeria inform\u00e0tica from the UAB (2994) and in Dramatic Arts from the Estudi Nancy Tu\u00f1\u00f3n (2011), he completes his six-year training as an author at Sala Beckett. He is going to work for Davantis, a start-up of Artificial Intelligence, before turning to theater. \u00a0 His works include &#8230; <a title=\"Roc Esquius\" class=\"read-more\" href=\"https:\/\/martafluvia.com\/en\/roc-esquius\/\">Read more<\/a><\/p>\n","protected":false},"author":1,"featured_media":0,"parent":0,"menu_order":0,"comment_status":"closed","ping_status":"closed","template":"elementor_header_footer","meta":{"footnotes":""},"class_list":["post-1682","page","type-page","status-publish"],"yoast_head":"<!-- This site is optimized with the Yoast SEO plugin v27.4 - https:\/\/yoast.com\/product\/yoast-seo-wordpress\/ -->\n<title>Roc Esquius - Marta Fluvi\u00e0<\/title>\n<meta name=\"description\" content=\"Get to know our author Roc Esquius. Request your performance rights for any of his works using our form.\" \/>\n<meta name=\"robots\" content=\"index, follow, max-snippet:-1, max-image-preview:large, max-video-preview:-1\" \/>\n<link rel=\"canonical\" href=\"https:\/\/martafluvia.com\/en\/roc-esquius\/\" \/>\n<meta property=\"og:locale\" content=\"en_US\" \/>\n<meta property=\"og:type\" content=\"article\" \/>\n<meta property=\"og:title\" content=\"Roc Esquius - Marta Fluvi\u00e0\" \/>\n<meta property=\"og:description\" content=\"Get to know our author Roc Esquius. Request your performance rights for any of his works using our form.\" \/>\n<meta property=\"og:url\" content=\"https:\/\/martafluvia.com\/en\/roc-esquius\/\" \/>\n<meta property=\"og:site_name\" content=\"Marta Fluvi\u00e0\" \/>\n<meta property=\"article:publisher\" content=\"https:\/\/www.facebook.com\/martafluviaagency\/\" \/>\n<meta property=\"article:modified_time\" content=\"2023-05-21T19:00:34+00:00\" \/>\n<meta property=\"og:image\" content=\"https:\/\/martafluvia.com\/wp-content\/uploads\/2023\/05\/foto_ROC_ESQUIUS-1-1.jpg\" \/>\n<meta name=\"twitter:card\" content=\"summary_large_image\" \/>\n<meta name=\"twitter:label1\" content=\"Est. reading time\" \/>\n\t<meta name=\"twitter:data1\" content=\"2 minutes\" \/>\n<script type=\"application\/ld+json\" class=\"yoast-schema-graph\">{\"@context\":\"https:\\\/\\\/schema.org\",\"@graph\":[{\"@type\":\"WebPage\",\"@id\":\"https:\\\/\\\/martafluvia.com\\\/en\\\/roc-esquius\\\/\",\"url\":\"https:\\\/\\\/martafluvia.com\\\/en\\\/roc-esquius\\\/\",\"name\":\"Roc Esquius - Marta Fluvi\u00e0\",\"isPartOf\":{\"@id\":\"https:\\\/\\\/martafluvia.com\\\/en\\\/#website\"},\"primaryImageOfPage\":{\"@id\":\"https:\\\/\\\/martafluvia.com\\\/en\\\/roc-esquius\\\/#primaryimage\"},\"image\":{\"@id\":\"https:\\\/\\\/martafluvia.com\\\/en\\\/roc-esquius\\\/#primaryimage\"},\"thumbnailUrl\":\"https:\\\/\\\/martafluvia.com\\\/wp-content\\\/uploads\\\/2023\\\/05\\\/foto_ROC_ESQUIUS-1-1.jpg\",\"datePublished\":\"2019-01-08T17:28:07+00:00\",\"dateModified\":\"2023-05-21T19:00:34+00:00\",\"description\":\"Get to know our author Roc Esquius. Request your performance rights for any of his works using our form.\",\"breadcrumb\":{\"@id\":\"https:\\\/\\\/martafluvia.com\\\/en\\\/roc-esquius\\\/#breadcrumb\"},\"inLanguage\":\"en-US\",\"potentialAction\":[{\"@type\":\"ReadAction\",\"target\":[\"https:\\\/\\\/martafluvia.com\\\/en\\\/roc-esquius\\\/\"]}]},{\"@type\":\"ImageObject\",\"inLanguage\":\"en-US\",\"@id\":\"https:\\\/\\\/martafluvia.com\\\/en\\\/roc-esquius\\\/#primaryimage\",\"url\":\"https:\\\/\\\/martafluvia.com\\\/wp-content\\\/uploads\\\/2023\\\/05\\\/foto_ROC_ESQUIUS-1-1.jpg\",\"contentUrl\":\"https:\\\/\\\/martafluvia.com\\\/wp-content\\\/uploads\\\/2023\\\/05\\\/foto_ROC_ESQUIUS-1-1.jpg\"},{\"@type\":\"BreadcrumbList\",\"@id\":\"https:\\\/\\\/martafluvia.com\\\/en\\\/roc-esquius\\\/#breadcrumb\",\"itemListElement\":[{\"@type\":\"ListItem\",\"position\":1,\"name\":\"Portada\",\"item\":\"https:\\\/\\\/martafluvia.com\\\/en\\\/\"},{\"@type\":\"ListItem\",\"position\":2,\"name\":\"Roc Esquius\"}]},{\"@type\":\"WebSite\",\"@id\":\"https:\\\/\\\/martafluvia.com\\\/en\\\/#website\",\"url\":\"https:\\\/\\\/martafluvia.com\\\/en\\\/\",\"name\":\"Marta Fluvi\u00e0\",\"description\":\"Theatrical Literary Agency\",\"publisher\":{\"@id\":\"https:\\\/\\\/martafluvia.com\\\/en\\\/#organization\"},\"potentialAction\":[{\"@type\":\"SearchAction\",\"target\":{\"@type\":\"EntryPoint\",\"urlTemplate\":\"https:\\\/\\\/martafluvia.com\\\/en\\\/?s={search_term_string}\"},\"query-input\":{\"@type\":\"PropertyValueSpecification\",\"valueRequired\":true,\"valueName\":\"search_term_string\"}}],\"inLanguage\":\"en-US\"},{\"@type\":\"Organization\",\"@id\":\"https:\\\/\\\/martafluvia.com\\\/en\\\/#organization\",\"name\":\"Marta Fluvi\u00e0 Agency\",\"url\":\"https:\\\/\\\/martafluvia.com\\\/en\\\/\",\"logo\":{\"@type\":\"ImageObject\",\"inLanguage\":\"en-US\",\"@id\":\"https:\\\/\\\/martafluvia.com\\\/en\\\/#\\\/schema\\\/logo\\\/image\\\/\",\"url\":\"https:\\\/\\\/martafluvia.com\\\/wp-content\\\/uploads\\\/2017\\\/12\\\/logo-marta-english-1.jpg\",\"contentUrl\":\"https:\\\/\\\/martafluvia.com\\\/wp-content\\\/uploads\\\/2017\\\/12\\\/logo-marta-english-1.jpg\",\"width\":2118,\"height\":783,\"caption\":\"Marta Fluvi\u00e0 Agency\"},\"image\":{\"@id\":\"https:\\\/\\\/martafluvia.com\\\/en\\\/#\\\/schema\\\/logo\\\/image\\\/\"},\"sameAs\":[\"https:\\\/\\\/www.facebook.com\\\/martafluviaagency\\\/\"]}]}<\/script>\n<!-- \/ Yoast SEO plugin. -->","yoast_head_json":{"title":"Roc Esquius - Marta Fluvi\u00e0","description":"Get to know our author Roc Esquius. Request your performance rights for any of his works using our form.","robots":{"index":"index","follow":"follow","max-snippet":"max-snippet:-1","max-image-preview":"max-image-preview:large","max-video-preview":"max-video-preview:-1"},"canonical":"https:\/\/martafluvia.com\/en\/roc-esquius\/","og_locale":"en_US","og_type":"article","og_title":"Roc Esquius - Marta Fluvi\u00e0","og_description":"Get to know our author Roc Esquius. Request your performance rights for any of his works using our form.","og_url":"https:\/\/martafluvia.com\/en\/roc-esquius\/","og_site_name":"Marta Fluvi\u00e0","article_publisher":"https:\/\/www.facebook.com\/martafluviaagency\/","article_modified_time":"2023-05-21T19:00:34+00:00","og_image":[{"url":"https:\/\/martafluvia.com\/wp-content\/uploads\/2023\/05\/foto_ROC_ESQUIUS-1-1.jpg","type":"","width":"","height":""}],"twitter_card":"summary_large_image","twitter_misc":{"Est. reading time":"2 minutes"},"schema":{"@context":"https:\/\/schema.org","@graph":[{"@type":"WebPage","@id":"https:\/\/martafluvia.com\/en\/roc-esquius\/","url":"https:\/\/martafluvia.com\/en\/roc-esquius\/","name":"Roc Esquius - Marta Fluvi\u00e0","isPartOf":{"@id":"https:\/\/martafluvia.com\/en\/#website"},"primaryImageOfPage":{"@id":"https:\/\/martafluvia.com\/en\/roc-esquius\/#primaryimage"},"image":{"@id":"https:\/\/martafluvia.com\/en\/roc-esquius\/#primaryimage"},"thumbnailUrl":"https:\/\/martafluvia.com\/wp-content\/uploads\/2023\/05\/foto_ROC_ESQUIUS-1-1.jpg","datePublished":"2019-01-08T17:28:07+00:00","dateModified":"2023-05-21T19:00:34+00:00","description":"Get to know our author Roc Esquius. Request your performance rights for any of his works using our form.","breadcrumb":{"@id":"https:\/\/martafluvia.com\/en\/roc-esquius\/#breadcrumb"},"inLanguage":"en-US","potentialAction":[{"@type":"ReadAction","target":["https:\/\/martafluvia.com\/en\/roc-esquius\/"]}]},{"@type":"ImageObject","inLanguage":"en-US","@id":"https:\/\/martafluvia.com\/en\/roc-esquius\/#primaryimage","url":"https:\/\/martafluvia.com\/wp-content\/uploads\/2023\/05\/foto_ROC_ESQUIUS-1-1.jpg","contentUrl":"https:\/\/martafluvia.com\/wp-content\/uploads\/2023\/05\/foto_ROC_ESQUIUS-1-1.jpg"},{"@type":"BreadcrumbList","@id":"https:\/\/martafluvia.com\/en\/roc-esquius\/#breadcrumb","itemListElement":[{"@type":"ListItem","position":1,"name":"Portada","item":"https:\/\/martafluvia.com\/en\/"},{"@type":"ListItem","position":2,"name":"Roc Esquius"}]},{"@type":"WebSite","@id":"https:\/\/martafluvia.com\/en\/#website","url":"https:\/\/martafluvia.com\/en\/","name":"Marta Fluvi\u00e0","description":"Theatrical Literary Agency","publisher":{"@id":"https:\/\/martafluvia.com\/en\/#organization"},"potentialAction":[{"@type":"SearchAction","target":{"@type":"EntryPoint","urlTemplate":"https:\/\/martafluvia.com\/en\/?s={search_term_string}"},"query-input":{"@type":"PropertyValueSpecification","valueRequired":true,"valueName":"search_term_string"}}],"inLanguage":"en-US"},{"@type":"Organization","@id":"https:\/\/martafluvia.com\/en\/#organization","name":"Marta Fluvi\u00e0 Agency","url":"https:\/\/martafluvia.com\/en\/","logo":{"@type":"ImageObject","inLanguage":"en-US","@id":"https:\/\/martafluvia.com\/en\/#\/schema\/logo\/image\/","url":"https:\/\/martafluvia.com\/wp-content\/uploads\/2017\/12\/logo-marta-english-1.jpg","contentUrl":"https:\/\/martafluvia.com\/wp-content\/uploads\/2017\/12\/logo-marta-english-1.jpg","width":2118,"height":783,"caption":"Marta Fluvi\u00e0 Agency"},"image":{"@id":"https:\/\/martafluvia.com\/en\/#\/schema\/logo\/image\/"},"sameAs":["https:\/\/www.facebook.com\/martafluviaagency\/"]}]}},"_links":{"self":[{"href":"https:\/\/martafluvia.com\/en\/wp-json\/wp\/v2\/pages\/1682","targetHints":{"allow":["GET"]}}],"collection":[{"href":"https:\/\/martafluvia.com\/en\/wp-json\/wp\/v2\/pages"}],"about":[{"href":"https:\/\/martafluvia.com\/en\/wp-json\/wp\/v2\/types\/page"}],"author":[{"embeddable":true,"href":"https:\/\/martafluvia.com\/en\/wp-json\/wp\/v2\/users\/1"}],"replies":[{"embeddable":true,"href":"https:\/\/martafluvia.com\/en\/wp-json\/wp\/v2\/comments?post=1682"}],"version-history":[{"count":7,"href":"https:\/\/martafluvia.com\/en\/wp-json\/wp\/v2\/pages\/1682\/revisions"}],"predecessor-version":[{"id":17449,"href":"https:\/\/martafluvia.com\/en\/wp-json\/wp\/v2\/pages\/1682\/revisions\/17449"}],"wp:attachment":[{"href":"https:\/\/martafluvia.com\/en\/wp-json\/wp\/v2\/media?parent=1682"}],"curies":[{"name":"wp","href":"https:\/\/api.w.org\/{rel}","templated":true}]}}