{"id":1679,"date":"2019-01-08T17:26:26","date_gmt":"2019-01-08T17:26:26","guid":{"rendered":"http:\/\/martafluvia.com\/pau-miro\/"},"modified":"2023-05-21T20:20:41","modified_gmt":"2023-05-21T19:20:41","slug":"pau-miro","status":"publish","type":"page","link":"https:\/\/martafluvia.com\/en\/pau-miro\/","title":{"rendered":"Pau Mir\u00f3"},"content":{"rendered":"\t\t<div data-elementor-type=\"wp-post\" data-elementor-id=\"1679\" class=\"elementor elementor-1679 elementor-504\" data-elementor-post-type=\"page\">\n\t\t\t\t\t\t<section class=\"elementor-section elementor-top-section elementor-element elementor-element-833eed6 elementor-section-boxed elementor-section-height-default elementor-section-height-default\" data-id=\"833eed6\" data-element_type=\"section\" data-e-type=\"section\">\n\t\t\t\t\t\t<div class=\"elementor-container elementor-column-gap-default\">\n\t\t\t\t\t<div class=\"elementor-column elementor-col-100 elementor-top-column elementor-element elementor-element-8293ff8\" data-id=\"8293ff8\" data-element_type=\"column\" data-e-type=\"column\">\n\t\t\t<div class=\"elementor-widget-wrap elementor-element-populated\">\n\t\t\t\t\t\t<div class=\"elementor-element elementor-element-70ecf40 elementor-widget elementor-widget-heading\" data-id=\"70ecf40\" data-element_type=\"widget\" data-e-type=\"widget\" data-widget_type=\"heading.default\">\n\t\t\t\t<div class=\"elementor-widget-container\">\n\t\t\t\t\t<h2 class=\"elementor-heading-title elementor-size-default\">PAU MIR\u00d3<\/h2>\t\t\t\t<\/div>\n\t\t\t\t<\/div>\n\t\t\t\t<div class=\"elementor-element elementor-element-903e3ce elementor-widget elementor-widget-image\" data-id=\"903e3ce\" data-element_type=\"widget\" data-e-type=\"widget\" data-widget_type=\"image.default\">\n\t\t\t\t<div class=\"elementor-widget-container\">\n\t\t\t\t\t\t\t\t\t\t\t\t\t\t\t<img fetchpriority=\"high\" decoding=\"async\" width=\"1920\" height=\"1286\" src=\"https:\/\/martafluvia.com\/wp-content\/uploads\/2023\/05\/Foto-Pau-Miro-1.jpg\" class=\"attachment-full size-full wp-image-17464\" alt=\"\" srcset=\"https:\/\/martafluvia.com\/wp-content\/uploads\/2023\/05\/Foto-Pau-Miro-1.jpg 1920w, https:\/\/martafluvia.com\/wp-content\/uploads\/2023\/05\/Foto-Pau-Miro-1-300x201.jpg 300w, https:\/\/martafluvia.com\/wp-content\/uploads\/2023\/05\/Foto-Pau-Miro-1-1024x686.jpg 1024w, https:\/\/martafluvia.com\/wp-content\/uploads\/2023\/05\/Foto-Pau-Miro-1-768x514.jpg 768w, https:\/\/martafluvia.com\/wp-content\/uploads\/2023\/05\/Foto-Pau-Miro-1-1536x1029.jpg 1536w, https:\/\/martafluvia.com\/wp-content\/uploads\/2023\/05\/Foto-Pau-Miro-1-600x402.jpg 600w, https:\/\/martafluvia.com\/wp-content\/uploads\/2023\/05\/Foto-Pau-Miro-1-64x43.jpg 64w\" sizes=\"(max-width: 1920px) 100vw, 1920px\" \/>\t\t\t\t\t\t\t\t\t\t\t\t\t\t\t<\/div>\n\t\t\t\t<\/div>\n\t\t\t\t<div class=\"elementor-element elementor-element-3c6433e elementor-widget elementor-widget-text-editor\" data-id=\"3c6433e\" data-element_type=\"widget\" data-e-type=\"widget\" data-widget_type=\"text-editor.default\">\n\t\t\t\t<div class=\"elementor-widget-container\">\n\t\t\t\t\t\t\t\t\t<p>\u00a0<\/p><p style=\"font-weight: 400;\"><strong>PAU MIR\u00d3 (Barcelona, 1974)<\/strong>. Actor, playwright and director. A graduate in Acting from the Institut del Teatre de Barcelona (1998). He has trained as a playwright at different seminars taught by Carles Batlle, Sergi Belbel, Xavier Albert\u00ed, Jos\u00e9 Sanchis Sinisterra and Javier Daulte, among others, at the Sala Beckett.<\/p><p style=\"font-weight: 400;\">In 2004, he premiered\u00a0<em><strong>Plou a Barcelona<\/strong><\/em>\u00a0at the Sala Beckett, directed by Toni Casares, a play that has been premiered in different productions around the world (Italy, Portugal, England, Canada, etc.).<\/p><p style=\"font-weight: 400;\">During the 2008-2009 season he premiered <em><strong>La trilogia animal<\/strong><\/em>, written and directed by him, for which he received the Theatre Critics Prize of Barcelona for Best Text.<\/p><p style=\"font-weight: 400;\">He is also the author of <em><strong>Adi\u00f3s a la infancia<\/strong><\/em>\u00a0(an adaptation based on the main novels by Juan Mars\u00e9) directed by Oriol Broggi, Teatre Lliure, 2013, and\u00a0<em><strong>Els Jugadors<\/strong><\/em>, which he also directed (Temporada Alta Festival, 2011, and Teatre Lliure, 2012). This text won the Butaca Prize for Best Text in 2012 and has been translated into Italian, English, Greek and Spanish. Furthermore, in Italy it premiered with great critical and public acclaim at the Teatro Piccolo in Milan in 2013 and won the prestigious Ub\u00fa Prize for Best Foreign Text.<\/p><p style=\"font-weight: 400;\">In the field of playwriting and directing, his latest works are\u00a0<em><strong>Cyrano<\/strong><\/em>, an adaptation of\u00a0<em>Cyrano de Bergerac\u00a0by <\/em>Edmond Rostand (Festival Temporada Alta, 2017),\u00a0<em><strong>Un tret al cap<\/strong><\/em><em>\u00a0<\/em>(Sala Beckett, 2017),\u00a0<em><strong>Filla del seu pare<\/strong><\/em>\u00a0(Teatre Lliure, 2017),\u00a0<em><strong>Vict\u00f2ria<\/strong><\/em><em>\u00a0<\/em>(TNC, 2016),\u00a0<em><strong>Terra Baixa<\/strong><\/em>, starred by Llu\u00eds Homar (Temporada Alta Festival, 2014),\u00a0<em><strong>Dones com jo<\/strong><\/em>\u00a0(Teatre Romea, 2014) and <strong><em>Eva contra Eva <\/em><\/strong>(Temporada Alta, 2020).<\/p><p style=\"font-weight: 400;\">\u00a0<\/p><p style=\"font-weight: 400;\">CATALOGUE:<\/p><table style=\"font-weight: 400;\"><tbody><tr><td width=\"132\"><p><strong>TITLE<\/strong><\/p><\/td><td width=\"132\"><p><strong>GENRE<\/strong><\/p><\/td><td width=\"160\"><p><strong>MALE CHARACTERS<\/strong><\/p><\/td><td width=\"142\"><p><strong>FEMALE CHARACTERS<\/strong><\/p><\/td><\/tr><tr><td width=\"132\"><p><em>Balas y hombres<\/em><\/p><p><em>\u00a0<\/em><\/p><\/td><td width=\"132\"><p>Western<\/p><\/td><td width=\"160\"><p>1<\/p><\/td><td width=\"142\"><p>2<\/p><\/td><\/tr><tr><td width=\"132\"><p><em>Buffalos<\/em><\/p><p><em>\u00a0<\/em><\/p><\/td><td width=\"132\"><p>Urban fable<\/p><\/td><td width=\"160\"><p>3<\/p><\/td><td width=\"142\"><p>2<\/p><\/td><\/tr><tr><td width=\"132\"><p><em>El\u00e8ctrics<\/em><\/p><p><em>\u00a0<\/em><\/p><\/td><td width=\"132\"><p>Comedy<\/p><\/td><td width=\"160\"><p>\u00a0<\/p><\/td><td width=\"142\"><p>1<\/p><\/td><\/tr><tr><td width=\"132\"><p><em>The Gamblers<\/em><\/p><p><em>\u00a0<\/em><\/p><\/td><td width=\"132\"><p>Black comedy<\/p><\/td><td width=\"160\"><p>4<\/p><\/td><td width=\"142\"><p>\u00a0<\/p><\/td><\/tr><tr><td width=\"132\"><p><em>Giraffes<\/em><\/p><p><em>\u00a0<\/em><\/p><\/td><td width=\"132\"><p>Urban fable<\/p><\/td><td width=\"160\"><p>4<\/p><\/td><td width=\"142\"><p>1<\/p><\/td><\/tr><tr><td width=\"132\"><p><em>Lions<\/em><\/p><\/td><td width=\"132\"><p>Comedy thriller<\/p><\/td><td width=\"160\"><p>3<\/p><\/td><td width=\"142\"><p>2<\/p><\/td><\/tr><tr><td width=\"132\"><p><em>It\u2019s Raining in Barcelona<\/em><\/p><p><em>\u00a0<\/em><\/p><\/td><td width=\"132\"><p>Drama<\/p><\/td><td width=\"160\"><p>2<\/p><\/td><td width=\"142\"><p>1<\/p><\/td><\/tr><tr><td width=\"132\"><p><em>Singapur<\/em><\/p><p><em>\u00a0<\/em><\/p><\/td><td width=\"132\"><p>Poetic drama<\/p><\/td><td width=\"160\"><p>2<\/p><\/td><td width=\"142\"><p>1<\/p><\/td><\/tr><tr><td width=\"132\"><p><em>Sonrisa de elefante<\/em><\/p><p><em>\u00a0<\/em><\/p><\/td><td width=\"132\"><p>Drama<\/p><\/td><td width=\"160\"><p>2<\/p><\/td><td width=\"142\"><p>2<\/p><\/td><\/tr><tr><td width=\"132\"><p><em>A bullet to the Head<\/em><\/p><p><em>\u00a0<\/em><\/p><\/td><td width=\"132\"><p>Journalistic drama<\/p><\/td><td width=\"160\"><p>2<\/p><\/td><td width=\"142\"><p>2<\/p><\/td><\/tr><tr><td width=\"132\"><p><em>Mujeres como yo<\/em><\/p><p><em>\u00a0<\/em><\/p><\/td><td width=\"132\"><p>Comedy<\/p><\/td><td width=\"160\"><p>\u00a0<\/p><\/td><td width=\"142\"><p>3<\/p><\/td><\/tr><tr><td width=\"132\"><p><em>Filla del seu pare<\/em><\/p><p><em>\u00a0<\/em><\/p><\/td><td width=\"132\"><p>\u00a0<\/p><\/td><td width=\"160\"><p>2<\/p><\/td><td width=\"142\"><p>1<\/p><\/td><\/tr><tr><td width=\"132\"><p><em>Vict\u00f2ria<\/em><\/p><p><em>\u00a0<\/em><\/p><\/td><td width=\"132\"><p>Drama<\/p><\/td><td width=\"160\"><p>4<\/p><\/td><td width=\"142\"><p>3<\/p><\/td><\/tr><tr><td width=\"132\"><p><em>La trilog\u00eda animal<\/em><\/p><p><em>\u00a0<\/em><\/p><\/td><td width=\"132\"><p>\u00a0<\/p><\/td><td width=\"160\"><p>\u00a0<\/p><\/td><td width=\"142\"><p>\u00a0<\/p><\/td><\/tr><tr><td width=\"132\"><p><em>A True Story<\/em><\/p><p><em>\u00a0<\/em><\/p><\/td><td width=\"132\"><p>\u00a0<\/p><\/td><td width=\"160\"><p>2<\/p><\/td><td width=\"142\"><p>2<\/p><\/td><\/tr><tr><td width=\"132\"><p><em>Eva contra Eva<\/em><\/p><\/td><td width=\"132\"><p>Psychological thriller<\/p><\/td><td width=\"160\"><p>2<\/p><\/td><td width=\"142\"><p>3<\/p><\/td><\/tr><tr><td width=\"132\"><p><strong>ADAPTATIONS<\/strong><\/p><\/td><td width=\"132\"><p>\u00a0<\/p><\/td><td width=\"160\"><p>\u00a0<\/p><\/td><td width=\"142\"><p>\u00a0<\/p><\/td><\/tr><tr><td width=\"132\"><p><em>Pedro P\u00e1ramo<\/em><\/p><p><em>\u00a0<\/em><\/p><\/td><td width=\"132\"><p>Drama<\/p><\/td><td width=\"160\"><p>1<\/p><\/td><td width=\"142\"><p>1<\/p><\/td><\/tr><tr><td width=\"132\"><p><em>Terra Baixa<\/em><\/p><p><em>\u00a0<\/em><\/p><\/td><td width=\"132\"><p>Monologue<\/p><\/td><td width=\"160\"><p>1<\/p><\/td><td width=\"142\"><p>\u00a0<\/p><\/td><\/tr><\/tbody><\/table><p>\u00a0<\/p>\t\t\t\t\t\t\t\t<\/div>\n\t\t\t\t<\/div>\n\t\t\t\t\t<\/div>\n\t\t<\/div>\n\t\t\t\t\t<\/div>\n\t\t<\/section>\n\t\t\t\t<section class=\"elementor-section elementor-top-section elementor-element elementor-element-7204ebc3 elementor-section-boxed elementor-section-height-default elementor-section-height-default\" data-id=\"7204ebc3\" data-element_type=\"section\" data-e-type=\"section\">\n\t\t\t\t\t\t<div class=\"elementor-container elementor-column-gap-default\">\n\t\t\t\t\t<div class=\"elementor-column elementor-col-100 elementor-top-column elementor-element elementor-element-42de16b\" data-id=\"42de16b\" data-element_type=\"column\" data-e-type=\"column\">\n\t\t\t<div class=\"elementor-widget-wrap elementor-element-populated\">\n\t\t\t\t\t\t<div class=\"elementor-element elementor-element-7ed642b9 elementor-widget-divider--view-line elementor-widget elementor-widget-divider\" data-id=\"7ed642b9\" data-element_type=\"widget\" data-e-type=\"widget\" data-widget_type=\"divider.default\">\n\t\t\t\t<div class=\"elementor-widget-container\">\n\t\t\t\t\t\t\t<div class=\"elementor-divider\">\n\t\t\t<span class=\"elementor-divider-separator\">\n\t\t\t\t\t\t<\/span>\n\t\t<\/div>\n\t\t\t\t\t\t<\/div>\n\t\t\t\t<\/div>\n\t\t\t\t<div class=\"elementor-element elementor-element-52461e7c elementor-widget elementor-widget-text-editor\" data-id=\"52461e7c\" data-element_type=\"widget\" data-e-type=\"widget\" data-widget_type=\"text-editor.default\">\n\t\t\t\t<div class=\"elementor-widget-container\">\n\t\t\t\t\t\t\t\t\t<div class=\"elementor-element elementor-element-b6f9d45 elementor-widget elementor-widget-text-editor\" data-id=\"b6f9d45\" data-element_type=\"text-editor.default\"><div class=\"elementor-widget-container\"><div class=\"elementor-text-editor elementor-clearfix\"><p style=\"text-align: center;\">Request performance rights:<\/p><\/div><\/div><\/div>\t\t\t\t\t\t\t\t<\/div>\n\t\t\t\t<\/div>\n\t\t\t\t<section class=\"elementor-section elementor-inner-section elementor-element elementor-element-4a0ecc0d elementor-section-boxed elementor-section-height-default elementor-section-height-default\" data-id=\"4a0ecc0d\" data-element_type=\"section\" data-e-type=\"section\">\n\t\t\t\t\t\t<div class=\"elementor-container elementor-column-gap-default\">\n\t\t\t\t\t<div class=\"elementor-column elementor-col-50 elementor-inner-column elementor-element elementor-element-1f515169\" data-id=\"1f515169\" data-element_type=\"column\" data-e-type=\"column\">\n\t\t\t<div class=\"elementor-widget-wrap elementor-element-populated\">\n\t\t\t\t\t\t<div class=\"elementor-element elementor-element-5ba08c8a elementor-button-info elementor-align-center elementor-widget elementor-widget-button\" data-id=\"5ba08c8a\" data-element_type=\"widget\" data-e-type=\"widget\" data-widget_type=\"button.default\">\n\t\t\t\t<div class=\"elementor-widget-container\">\n\t\t\t\t\t\t\t\t\t<div class=\"elementor-button-wrapper\">\n\t\t\t\t\t<a class=\"elementor-button elementor-button-link elementor-size-md\" href=\"\/licencia-amateur\">\n\t\t\t\t\t\t<span class=\"elementor-button-content-wrapper\">\n\t\t\t\t\t\t\t\t\t<span class=\"elementor-button-text\">Amateur: Rights Request<\/span>\n\t\t\t\t\t<\/span>\n\t\t\t\t\t<\/a>\n\t\t\t\t<\/div>\n\t\t\t\t\t\t\t\t<\/div>\n\t\t\t\t<\/div>\n\t\t\t\t\t<\/div>\n\t\t<\/div>\n\t\t\t\t<div class=\"elementor-column elementor-col-50 elementor-inner-column elementor-element elementor-element-1e5e3262\" data-id=\"1e5e3262\" data-element_type=\"column\" data-e-type=\"column\">\n\t\t\t<div class=\"elementor-widget-wrap elementor-element-populated\">\n\t\t\t\t\t\t<div class=\"elementor-element elementor-element-71150c8d elementor-button-info elementor-align-center elementor-widget elementor-widget-button\" data-id=\"71150c8d\" data-element_type=\"widget\" data-e-type=\"widget\" data-widget_type=\"button.default\">\n\t\t\t\t<div class=\"elementor-widget-container\">\n\t\t\t\t\t\t\t\t\t<div class=\"elementor-button-wrapper\">\n\t\t\t\t\t<a class=\"elementor-button elementor-button-link elementor-size-md\" href=\"https:\/\/martafluvia.com\/en\/performance-rights-and-work-adaptation-request\/\">\n\t\t\t\t\t\t<span class=\"elementor-button-content-wrapper\">\n\t\t\t\t\t\t\t\t\t<span class=\"elementor-button-text\">Professional: Rights Request<\/span>\n\t\t\t\t\t<\/span>\n\t\t\t\t\t<\/a>\n\t\t\t\t<\/div>\n\t\t\t\t\t\t\t\t<\/div>\n\t\t\t\t<\/div>\n\t\t\t\t\t<\/div>\n\t\t<\/div>\n\t\t\t\t\t<\/div>\n\t\t<\/section>\n\t\t\t\t<div class=\"elementor-element elementor-element-6b48276c elementor-widget elementor-widget-spacer\" data-id=\"6b48276c\" data-element_type=\"widget\" data-e-type=\"widget\" data-widget_type=\"spacer.default\">\n\t\t\t\t<div class=\"elementor-widget-container\">\n\t\t\t\t\t\t\t<div class=\"elementor-spacer\">\n\t\t\t<div class=\"elementor-spacer-inner\"><\/div>\n\t\t<\/div>\n\t\t\t\t\t\t<\/div>\n\t\t\t\t<\/div>\n\t\t\t\t\t<\/div>\n\t\t<\/div>\n\t\t\t\t\t<\/div>\n\t\t<\/section>\n\t\t\t\t<\/div>\n\t\t","protected":false},"excerpt":{"rendered":"<p>PAU MIR\u00d3 \u00a0 PAU MIR\u00d3 (Barcelona, 1974). Actor, playwright and director. A graduate in Acting from the Institut del Teatre de Barcelona (1998). He has trained as a playwright at different seminars taught by Carles Batlle, Sergi Belbel, Xavier Albert\u00ed, Jos\u00e9 Sanchis Sinisterra and Javier Daulte, among others, at the Sala Beckett. In 2004, he &#8230; <a title=\"Pau Mir\u00f3\" class=\"read-more\" href=\"https:\/\/martafluvia.com\/en\/pau-miro\/\">Read more<\/a><\/p>\n","protected":false},"author":1,"featured_media":0,"parent":0,"menu_order":0,"comment_status":"closed","ping_status":"closed","template":"elementor_header_footer","meta":{"footnotes":""},"class_list":["post-1679","page","type-page","status-publish"],"yoast_head":"<!-- This site is optimized with the Yoast SEO plugin v27.6 - https:\/\/yoast.com\/product\/yoast-seo-wordpress\/ -->\n<title>Pau Mir\u00f3 - Marta Fluvi\u00e0<\/title>\n<meta name=\"description\" content=\"Get to know our author Pau Mir\u00f3. Request your performance rights for any of his works using our form.\" \/>\n<meta name=\"robots\" content=\"index, follow, max-snippet:-1, max-image-preview:large, max-video-preview:-1\" \/>\n<link rel=\"canonical\" href=\"https:\/\/martafluvia.com\/en\/pau-miro\/\" \/>\n<meta property=\"og:locale\" content=\"en_US\" \/>\n<meta property=\"og:type\" content=\"article\" \/>\n<meta property=\"og:title\" content=\"Pau Mir\u00f3 - Marta Fluvi\u00e0\" \/>\n<meta property=\"og:description\" content=\"Get to know our author Pau Mir\u00f3. Request your performance rights for any of his works using our form.\" \/>\n<meta property=\"og:url\" content=\"https:\/\/martafluvia.com\/en\/pau-miro\/\" \/>\n<meta property=\"og:site_name\" content=\"Marta Fluvi\u00e0\" \/>\n<meta property=\"article:publisher\" content=\"https:\/\/www.facebook.com\/martafluviaagency\/\" \/>\n<meta property=\"article:modified_time\" content=\"2023-05-21T19:20:41+00:00\" \/>\n<meta property=\"og:image\" content=\"https:\/\/martafluvia.com\/wp-content\/uploads\/2023\/05\/Foto-Pau-Miro-1.jpg\" \/>\n<meta name=\"twitter:card\" content=\"summary_large_image\" \/>\n<meta name=\"twitter:label1\" content=\"Est. reading time\" \/>\n\t<meta name=\"twitter:data1\" content=\"2 minutes\" \/>\n<script type=\"application\/ld+json\" class=\"yoast-schema-graph\">{\"@context\":\"https:\\\/\\\/schema.org\",\"@graph\":[{\"@type\":\"WebPage\",\"@id\":\"https:\\\/\\\/martafluvia.com\\\/en\\\/pau-miro\\\/\",\"url\":\"https:\\\/\\\/martafluvia.com\\\/en\\\/pau-miro\\\/\",\"name\":\"Pau Mir\u00f3 - Marta Fluvi\u00e0\",\"isPartOf\":{\"@id\":\"https:\\\/\\\/martafluvia.com\\\/en\\\/#website\"},\"primaryImageOfPage\":{\"@id\":\"https:\\\/\\\/martafluvia.com\\\/en\\\/pau-miro\\\/#primaryimage\"},\"image\":{\"@id\":\"https:\\\/\\\/martafluvia.com\\\/en\\\/pau-miro\\\/#primaryimage\"},\"thumbnailUrl\":\"https:\\\/\\\/martafluvia.com\\\/wp-content\\\/uploads\\\/2023\\\/05\\\/Foto-Pau-Miro-1.jpg\",\"datePublished\":\"2019-01-08T17:26:26+00:00\",\"dateModified\":\"2023-05-21T19:20:41+00:00\",\"description\":\"Get to know our author Pau Mir\u00f3. Request your performance rights for any of his works using our form.\",\"breadcrumb\":{\"@id\":\"https:\\\/\\\/martafluvia.com\\\/en\\\/pau-miro\\\/#breadcrumb\"},\"inLanguage\":\"en-US\",\"potentialAction\":[{\"@type\":\"ReadAction\",\"target\":[\"https:\\\/\\\/martafluvia.com\\\/en\\\/pau-miro\\\/\"]}]},{\"@type\":\"ImageObject\",\"inLanguage\":\"en-US\",\"@id\":\"https:\\\/\\\/martafluvia.com\\\/en\\\/pau-miro\\\/#primaryimage\",\"url\":\"https:\\\/\\\/martafluvia.com\\\/wp-content\\\/uploads\\\/2023\\\/05\\\/Foto-Pau-Miro-1.jpg\",\"contentUrl\":\"https:\\\/\\\/martafluvia.com\\\/wp-content\\\/uploads\\\/2023\\\/05\\\/Foto-Pau-Miro-1.jpg\"},{\"@type\":\"BreadcrumbList\",\"@id\":\"https:\\\/\\\/martafluvia.com\\\/en\\\/pau-miro\\\/#breadcrumb\",\"itemListElement\":[{\"@type\":\"ListItem\",\"position\":1,\"name\":\"Portada\",\"item\":\"https:\\\/\\\/martafluvia.com\\\/en\\\/\"},{\"@type\":\"ListItem\",\"position\":2,\"name\":\"Pau Mir\u00f3\"}]},{\"@type\":\"WebSite\",\"@id\":\"https:\\\/\\\/martafluvia.com\\\/en\\\/#website\",\"url\":\"https:\\\/\\\/martafluvia.com\\\/en\\\/\",\"name\":\"Marta Fluvi\u00e0\",\"description\":\"Theatrical Literary Agency\",\"publisher\":{\"@id\":\"https:\\\/\\\/martafluvia.com\\\/en\\\/#organization\"},\"potentialAction\":[{\"@type\":\"SearchAction\",\"target\":{\"@type\":\"EntryPoint\",\"urlTemplate\":\"https:\\\/\\\/martafluvia.com\\\/en\\\/?s={search_term_string}\"},\"query-input\":{\"@type\":\"PropertyValueSpecification\",\"valueRequired\":true,\"valueName\":\"search_term_string\"}}],\"inLanguage\":\"en-US\"},{\"@type\":\"Organization\",\"@id\":\"https:\\\/\\\/martafluvia.com\\\/en\\\/#organization\",\"name\":\"Marta Fluvi\u00e0 Agency\",\"url\":\"https:\\\/\\\/martafluvia.com\\\/en\\\/\",\"logo\":{\"@type\":\"ImageObject\",\"inLanguage\":\"en-US\",\"@id\":\"https:\\\/\\\/martafluvia.com\\\/en\\\/#\\\/schema\\\/logo\\\/image\\\/\",\"url\":\"https:\\\/\\\/martafluvia.com\\\/wp-content\\\/uploads\\\/2017\\\/12\\\/logo-marta-english-1.jpg\",\"contentUrl\":\"https:\\\/\\\/martafluvia.com\\\/wp-content\\\/uploads\\\/2017\\\/12\\\/logo-marta-english-1.jpg\",\"width\":2118,\"height\":783,\"caption\":\"Marta Fluvi\u00e0 Agency\"},\"image\":{\"@id\":\"https:\\\/\\\/martafluvia.com\\\/en\\\/#\\\/schema\\\/logo\\\/image\\\/\"},\"sameAs\":[\"https:\\\/\\\/www.facebook.com\\\/martafluviaagency\\\/\"]}]}<\/script>\n<!-- \/ Yoast SEO plugin. -->","yoast_head_json":{"title":"Pau Mir\u00f3 - Marta Fluvi\u00e0","description":"Get to know our author Pau Mir\u00f3. Request your performance rights for any of his works using our form.","robots":{"index":"index","follow":"follow","max-snippet":"max-snippet:-1","max-image-preview":"max-image-preview:large","max-video-preview":"max-video-preview:-1"},"canonical":"https:\/\/martafluvia.com\/en\/pau-miro\/","og_locale":"en_US","og_type":"article","og_title":"Pau Mir\u00f3 - Marta Fluvi\u00e0","og_description":"Get to know our author Pau Mir\u00f3. Request your performance rights for any of his works using our form.","og_url":"https:\/\/martafluvia.com\/en\/pau-miro\/","og_site_name":"Marta Fluvi\u00e0","article_publisher":"https:\/\/www.facebook.com\/martafluviaagency\/","article_modified_time":"2023-05-21T19:20:41+00:00","og_image":[{"url":"https:\/\/martafluvia.com\/wp-content\/uploads\/2023\/05\/Foto-Pau-Miro-1.jpg","type":"","width":"","height":""}],"twitter_card":"summary_large_image","twitter_misc":{"Est. reading time":"2 minutes"},"schema":{"@context":"https:\/\/schema.org","@graph":[{"@type":"WebPage","@id":"https:\/\/martafluvia.com\/en\/pau-miro\/","url":"https:\/\/martafluvia.com\/en\/pau-miro\/","name":"Pau Mir\u00f3 - Marta Fluvi\u00e0","isPartOf":{"@id":"https:\/\/martafluvia.com\/en\/#website"},"primaryImageOfPage":{"@id":"https:\/\/martafluvia.com\/en\/pau-miro\/#primaryimage"},"image":{"@id":"https:\/\/martafluvia.com\/en\/pau-miro\/#primaryimage"},"thumbnailUrl":"https:\/\/martafluvia.com\/wp-content\/uploads\/2023\/05\/Foto-Pau-Miro-1.jpg","datePublished":"2019-01-08T17:26:26+00:00","dateModified":"2023-05-21T19:20:41+00:00","description":"Get to know our author Pau Mir\u00f3. Request your performance rights for any of his works using our form.","breadcrumb":{"@id":"https:\/\/martafluvia.com\/en\/pau-miro\/#breadcrumb"},"inLanguage":"en-US","potentialAction":[{"@type":"ReadAction","target":["https:\/\/martafluvia.com\/en\/pau-miro\/"]}]},{"@type":"ImageObject","inLanguage":"en-US","@id":"https:\/\/martafluvia.com\/en\/pau-miro\/#primaryimage","url":"https:\/\/martafluvia.com\/wp-content\/uploads\/2023\/05\/Foto-Pau-Miro-1.jpg","contentUrl":"https:\/\/martafluvia.com\/wp-content\/uploads\/2023\/05\/Foto-Pau-Miro-1.jpg"},{"@type":"BreadcrumbList","@id":"https:\/\/martafluvia.com\/en\/pau-miro\/#breadcrumb","itemListElement":[{"@type":"ListItem","position":1,"name":"Portada","item":"https:\/\/martafluvia.com\/en\/"},{"@type":"ListItem","position":2,"name":"Pau Mir\u00f3"}]},{"@type":"WebSite","@id":"https:\/\/martafluvia.com\/en\/#website","url":"https:\/\/martafluvia.com\/en\/","name":"Marta Fluvi\u00e0","description":"Theatrical Literary Agency","publisher":{"@id":"https:\/\/martafluvia.com\/en\/#organization"},"potentialAction":[{"@type":"SearchAction","target":{"@type":"EntryPoint","urlTemplate":"https:\/\/martafluvia.com\/en\/?s={search_term_string}"},"query-input":{"@type":"PropertyValueSpecification","valueRequired":true,"valueName":"search_term_string"}}],"inLanguage":"en-US"},{"@type":"Organization","@id":"https:\/\/martafluvia.com\/en\/#organization","name":"Marta Fluvi\u00e0 Agency","url":"https:\/\/martafluvia.com\/en\/","logo":{"@type":"ImageObject","inLanguage":"en-US","@id":"https:\/\/martafluvia.com\/en\/#\/schema\/logo\/image\/","url":"https:\/\/martafluvia.com\/wp-content\/uploads\/2017\/12\/logo-marta-english-1.jpg","contentUrl":"https:\/\/martafluvia.com\/wp-content\/uploads\/2017\/12\/logo-marta-english-1.jpg","width":2118,"height":783,"caption":"Marta Fluvi\u00e0 Agency"},"image":{"@id":"https:\/\/martafluvia.com\/en\/#\/schema\/logo\/image\/"},"sameAs":["https:\/\/www.facebook.com\/martafluviaagency\/"]}]}},"_links":{"self":[{"href":"https:\/\/martafluvia.com\/en\/wp-json\/wp\/v2\/pages\/1679","targetHints":{"allow":["GET"]}}],"collection":[{"href":"https:\/\/martafluvia.com\/en\/wp-json\/wp\/v2\/pages"}],"about":[{"href":"https:\/\/martafluvia.com\/en\/wp-json\/wp\/v2\/types\/page"}],"author":[{"embeddable":true,"href":"https:\/\/martafluvia.com\/en\/wp-json\/wp\/v2\/users\/1"}],"replies":[{"embeddable":true,"href":"https:\/\/martafluvia.com\/en\/wp-json\/wp\/v2\/comments?post=1679"}],"version-history":[{"count":7,"href":"https:\/\/martafluvia.com\/en\/wp-json\/wp\/v2\/pages\/1679\/revisions"}],"predecessor-version":[{"id":17470,"href":"https:\/\/martafluvia.com\/en\/wp-json\/wp\/v2\/pages\/1679\/revisions\/17470"}],"wp:attachment":[{"href":"https:\/\/martafluvia.com\/en\/wp-json\/wp\/v2\/media?parent=1679"}],"curies":[{"name":"wp","href":"https:\/\/api.w.org\/{rel}","templated":true}]}}