{"id":1671,"date":"2019-01-08T17:17:03","date_gmt":"2019-01-08T17:17:03","guid":{"rendered":"http:\/\/martafluvia.com\/marta-buchaca\/"},"modified":"2024-03-22T10:12:57","modified_gmt":"2024-03-22T09:12:57","slug":"marta-buchaca","status":"publish","type":"page","link":"https:\/\/martafluvia.com\/en\/marta-buchaca\/","title":{"rendered":"Marta Buchaca"},"content":{"rendered":"\t\t<div data-elementor-type=\"wp-post\" data-elementor-id=\"1671\" class=\"elementor elementor-1671 elementor-462\" data-elementor-post-type=\"page\">\n\t\t\t\t\t\t<section class=\"elementor-section elementor-top-section elementor-element elementor-element-d0bfbe9 elementor-section-boxed elementor-section-height-default elementor-section-height-default\" data-id=\"d0bfbe9\" data-element_type=\"section\" data-e-type=\"section\">\n\t\t\t\t\t\t<div class=\"elementor-container elementor-column-gap-default\">\n\t\t\t\t\t<div class=\"elementor-column elementor-col-100 elementor-top-column elementor-element elementor-element-c61e0bb\" data-id=\"c61e0bb\" data-element_type=\"column\" data-e-type=\"column\">\n\t\t\t<div class=\"elementor-widget-wrap elementor-element-populated\">\n\t\t\t\t\t\t<div class=\"elementor-element elementor-element-d21db10 elementor-widget elementor-widget-heading\" data-id=\"d21db10\" data-element_type=\"widget\" data-e-type=\"widget\" data-widget_type=\"heading.default\">\n\t\t\t\t<div class=\"elementor-widget-container\">\n\t\t\t\t\t<h2 class=\"elementor-heading-title elementor-size-default\">MARTA BUCHACA<\/h2>\t\t\t\t<\/div>\n\t\t\t\t<\/div>\n\t\t\t\t<div class=\"elementor-element elementor-element-694f69b elementor-widget elementor-widget-image\" data-id=\"694f69b\" data-element_type=\"widget\" data-e-type=\"widget\" data-widget_type=\"image.default\">\n\t\t\t\t<div class=\"elementor-widget-container\">\n\t\t\t\t\t\t\t\t\t\t\t\t\t\t\t<img decoding=\"async\" src=\"https:\/\/martafluvia.com\/wp-content\/uploads\/2023\/05\/I22_Marta_238_01-1-1.jpg\" title=\"I22_Marta_238_01-1.jpg\" alt=\"I22_Marta_238_01-1.jpg\" loading=\"lazy\" \/>\t\t\t\t\t\t\t\t\t\t\t\t\t\t\t<\/div>\n\t\t\t\t<\/div>\n\t\t\t\t<div class=\"elementor-element elementor-element-0cd915c elementor-widget elementor-widget-text-editor\" data-id=\"0cd915c\" data-element_type=\"widget\" data-e-type=\"widget\" data-widget_type=\"text-editor.default\">\n\t\t\t\t<div class=\"elementor-widget-container\">\n\t\t\t\t\t\t\t\t\t<p style=\"font-weight: 400;\"><strong>MARTA BUCHACA (Barcelona, 1979)<\/strong>. She holds a degree in Humanities from the Universitat Aut\u00f2noma of Barcelona. She trained as a playwright at the Centre d\u2019\u00c9tudes Th\u00e9\u00e2trales in Louvain-la-Neuve (Belgium) and at the Obrador de la Sala Beckett (Barcelona).<\/p><p style=\"font-weight: 400;\">\u00a0<\/p><p style=\"font-weight: 400;\">Her first play was\u00a0<strong><em>L\u2019olor sota la pell<\/em><\/strong>\u00a0(5th Joaquim Bartrina Prize; Sala Beckett, 2007), after which she wrote\u00a0<strong><em>Emerg\u00e8ncia<\/em><\/strong>\u00a0(runner-up for the 3rd Fundaci\u00f3 Romea Prize for Playwriting),\u00a0<strong><em>En conserva\u00a0<\/em><\/strong><em>(2007)<\/em>,\u00a0<em><strong>Sorry<\/strong><\/em>\u00a0(25th Ciutat d\u2019Alcoi Theatre Prize, second place in the Marqu\u00e9s de Bradom\u00edn Prize 2007 and runner-up for the Max Prizes 2010; Sala Beckett, 2009).\u00a0<\/p><p style=\"font-weight: 400;\"><em><strong>Girls Shouldn\u2019t Play Soccer<\/strong><\/em>\u00a0(Festival Grec and Versus Teatre, 2010 with productions in Croatia, Mexico, Cyprus and Greece). Also, in 2010 she took part in the T6 project of the Teatre Nacional de Catalunya, where she premiered\u00a0<strong><em>A mi no em diguis amor<\/em><\/strong>\u00a0(Festival Grec and Versus Teatre, 2010).<\/p><p style=\"font-weight: 400;\">In 2011 and 2012 she premiered<em>\u00a0<\/em><strong><em>L\u2019any que ve ser\u00e0 millo<\/em><\/strong><em>r<\/em>, co-written with Carol L\u00f3pez, Merc\u00e8 Sarrias and Victoria Szpunberg (La Villarroel and Teatro Bellas Artes, Madrid, winner of the Max Prize 2013 for Best Author in Catalan),\u00a0<em><strong>Litus<\/strong><\/em>\u00a0(SALAFlyhard\/Teatre Lliure was nominated for the Butaca Prizes for Best Small-format Show and First Post-show Prize for Best Play in 2012) and\u00a0<em><strong>Losers<\/strong><\/em>\u00a0(La Villarroel, 2014).<\/p><p style=\"font-weight: 400;\">In 2018 she presented Playoff through La Joven Compa\u00f1\u00eda (Madrid) and in 2019 <em><strong>Rita<\/strong><\/em>, with which she has been awarded the Frederic Roda Theatre Prize.<\/p><p style=\"font-weight: 400;\">Her last plays are <strong><em>Nom\u00e9s una vegada<\/em><\/strong> (Teatre Nacional de Catalunyam 2020) and the most recent <strong><em>Quant temps em queda<\/em><\/strong> (Teatre Goya, 2022).<\/p><p style=\"font-weight: 400;\">\u00a0<\/p><p style=\"font-weight: 400;\">CATALOGUE:<\/p><p style=\"font-weight: 400;\">\u00a0<\/p><table style=\"font-weight: 400;\"><tbody><tr><td width=\"142\"><p><strong>TITTLE<\/strong><\/p><\/td><td width=\"142\"><p><strong>GENRE<\/strong><\/p><\/td><td width=\"142\"><p><strong>MALE CHARACTERS<\/strong><\/p><\/td><td width=\"142\"><p><strong>FEMALE CHARACTERS<\/strong><\/p><\/td><\/tr><tr><td width=\"142\"><p><em>La nit dels malsons<\/em><\/p><p><em>\u00a0<\/em><\/p><\/td><td width=\"142\"><p>Cantata<\/p><\/td><td width=\"142\"><p>1<\/p><\/td><td width=\"142\"><p>1<\/p><\/td><\/tr><tr><td width=\"142\"><p><em>Al\u00edcia al pa\u00eds de les meravelles (Adaptation)<\/em><\/p><p><em>\u00a0<\/em><\/p><\/td><td width=\"142\"><p>Children\u2019s musical<\/p><\/td><td width=\"142\"><p>2<\/p><\/td><td width=\"142\"><p>2<\/p><\/td><\/tr><tr><td width=\"142\"><p><em>Summit<\/em><\/p><p><em>\u00a0<\/em><\/p><\/td><td width=\"142\"><p>Comedy<\/p><\/td><td width=\"142\"><p>1<\/p><\/td><td width=\"142\"><p>1<\/p><\/td><\/tr><tr><td width=\"142\"><p><em>Losers<\/em><\/p><p><em>\u00a0<\/em><\/p><\/td><td width=\"142\"><p>Comedy<\/p><\/td><td width=\"142\"><p>1<\/p><\/td><td width=\"142\"><p>1<\/p><\/td><\/tr><tr><td width=\"142\"><p><em>Litus<\/em><\/p><p><em>\u00a0<\/em><\/p><\/td><td width=\"142\"><p>Tragicomedy<\/p><\/td><td width=\"142\"><p>4<\/p><\/td><td width=\"142\"><p>1<\/p><\/td><\/tr><tr><td width=\"142\"><p><em>L\u2019any que ve ser\u00e0 millor<\/em><\/p><p><em>\u00a0<\/em><\/p><\/td><td width=\"142\"><p>Comedy<\/p><\/td><td width=\"142\"><p>\u00a0<\/p><\/td><td width=\"142\"><p>4<\/p><\/td><\/tr><tr><td width=\"142\"><p><em>A mi no em diguis amor<\/em><\/p><p><em>\u00a0<\/em><\/p><\/td><td width=\"142\"><p>Comedy<\/p><\/td><td width=\"142\"><p>5<\/p><\/td><td width=\"142\"><p>4<\/p><\/td><\/tr><tr><td width=\"142\"><p><em>Sorry<\/em><\/p><p><em>\u00a0<\/em><\/p><\/td><td width=\"142\"><p>Social drama<\/p><\/td><td width=\"142\"><p>4<\/p><\/td><td width=\"142\"><p>2<\/p><\/td><\/tr><tr><td width=\"142\"><p><em>Grils Shouldn\u2019t Play Football<\/em><\/p><p><em>\u00a0<\/em><\/p><\/td><td width=\"142\"><p>Thriller<\/p><\/td><td width=\"142\"><p>1<\/p><\/td><td width=\"142\"><p>2<\/p><\/td><\/tr><tr><td width=\"142\"><p><em>Emerg\u00e8ncia<\/em><\/p><p><em>\u00a0<\/em><\/p><\/td><td width=\"142\"><p>Comedy<\/p><\/td><td width=\"142\"><p>\u00a0<\/p><\/td><td width=\"142\"><p>4<\/p><\/td><\/tr><tr><td width=\"142\"><p><em>L\u2019olor sota la pell<\/em><\/p><p><em>\u00a0<\/em><\/p><\/td><td width=\"142\"><p>Drama<\/p><\/td><td width=\"142\"><p>3<\/p><\/td><td width=\"142\"><p>1<\/p><\/td><\/tr><tr><td width=\"142\"><p><em>En conserva<\/em><\/p><p><em>\u00a0<\/em><\/p><\/td><td width=\"142\"><p>Drama<\/p><\/td><td width=\"142\"><p>\u00a0<\/p><\/td><td width=\"142\"><p>3<\/p><\/td><\/tr><tr><td width=\"142\"><p><em>Rita<\/em><\/p><p><em>\u00a0<\/em><\/p><\/td><td width=\"142\"><p>Tragicomedy<\/p><\/td><td width=\"142\"><p>1<\/p><\/td><td width=\"142\"><p>1<\/p><\/td><\/tr><tr><td width=\"142\"><p><em>Playoff<\/em><\/p><p><em>\u00a0<\/em><\/p><\/td><td width=\"142\"><p>Youth play<\/p><\/td><td width=\"142\"><p>\u00a0<\/p><\/td><td width=\"142\"><p>7<\/p><\/td><\/tr><tr><td width=\"142\"><p><em>Nom\u00e9s una\u00a0 vegada<\/em><\/p><p><em>\u00a0<\/em><\/p><\/td><td width=\"142\"><p>Drama<\/p><\/td><td width=\"142\"><p>1<\/p><\/td><td width=\"142\"><p>2<\/p><\/td><\/tr><tr><td width=\"142\"><p><em>Quant temps em queda?<\/em><\/p><p><em>\u00a0<\/em><\/p><\/td><td width=\"142\"><p>Comedy<\/p><p>\u00a0<\/p><\/td><td width=\"142\"><p>2<\/p><\/td><td width=\"142\"><p>2<\/p><\/td><\/tr><\/tbody><\/table>\t\t\t\t\t\t\t\t<\/div>\n\t\t\t\t<\/div>\n\t\t\t\t\t<\/div>\n\t\t<\/div>\n\t\t\t\t\t<\/div>\n\t\t<\/section>\n\t\t\t\t<section class=\"elementor-section elementor-top-section elementor-element elementor-element-272887a4 elementor-section-boxed elementor-section-height-default elementor-section-height-default\" data-id=\"272887a4\" data-element_type=\"section\" data-e-type=\"section\">\n\t\t\t\t\t\t<div class=\"elementor-container elementor-column-gap-default\">\n\t\t\t\t\t<div class=\"elementor-column elementor-col-100 elementor-top-column elementor-element elementor-element-610857d7\" data-id=\"610857d7\" data-element_type=\"column\" data-e-type=\"column\">\n\t\t\t<div class=\"elementor-widget-wrap elementor-element-populated\">\n\t\t\t\t\t\t<div class=\"elementor-element elementor-element-417e9e3a elementor-widget-divider--view-line elementor-widget elementor-widget-divider\" data-id=\"417e9e3a\" data-element_type=\"widget\" data-e-type=\"widget\" data-widget_type=\"divider.default\">\n\t\t\t\t<div class=\"elementor-widget-container\">\n\t\t\t\t\t\t\t<div class=\"elementor-divider\">\n\t\t\t<span class=\"elementor-divider-separator\">\n\t\t\t\t\t\t<\/span>\n\t\t<\/div>\n\t\t\t\t\t\t<\/div>\n\t\t\t\t<\/div>\n\t\t\t\t<div class=\"elementor-element elementor-element-7c01f531 elementor-widget elementor-widget-text-editor\" data-id=\"7c01f531\" data-element_type=\"widget\" data-e-type=\"widget\" data-widget_type=\"text-editor.default\">\n\t\t\t\t<div class=\"elementor-widget-container\">\n\t\t\t\t\t\t\t\t\t<div class=\"elementor-element elementor-element-b6f9d45 elementor-widget elementor-widget-text-editor\" data-id=\"b6f9d45\" data-element_type=\"text-editor.default\"><div class=\"elementor-widget-container\"><div class=\"elementor-text-editor elementor-clearfix\"><p style=\"text-align: center;\">Request perfomance rights:<\/p><\/div><\/div><\/div>\t\t\t\t\t\t\t\t<\/div>\n\t\t\t\t<\/div>\n\t\t\t\t<section class=\"elementor-section elementor-inner-section elementor-element elementor-element-669a9267 elementor-section-boxed elementor-section-height-default elementor-section-height-default\" data-id=\"669a9267\" data-element_type=\"section\" data-e-type=\"section\">\n\t\t\t\t\t\t<div class=\"elementor-container elementor-column-gap-default\">\n\t\t\t\t\t<div class=\"elementor-column elementor-col-50 elementor-inner-column elementor-element elementor-element-6a80baca\" data-id=\"6a80baca\" data-element_type=\"column\" data-e-type=\"column\">\n\t\t\t<div class=\"elementor-widget-wrap elementor-element-populated\">\n\t\t\t\t\t\t<div class=\"elementor-element elementor-element-6d226dae elementor-button-info elementor-align-center elementor-widget elementor-widget-button\" data-id=\"6d226dae\" data-element_type=\"widget\" data-e-type=\"widget\" data-widget_type=\"button.default\">\n\t\t\t\t<div class=\"elementor-widget-container\">\n\t\t\t\t\t\t\t\t\t<div class=\"elementor-button-wrapper\">\n\t\t\t\t\t<a class=\"elementor-button elementor-button-link elementor-size-md\" href=\"\/licencia-amateur\">\n\t\t\t\t\t\t<span class=\"elementor-button-content-wrapper\">\n\t\t\t\t\t\t\t\t\t<span class=\"elementor-button-text\">Amateur: Rights request<\/span>\n\t\t\t\t\t<\/span>\n\t\t\t\t\t<\/a>\n\t\t\t\t<\/div>\n\t\t\t\t\t\t\t\t<\/div>\n\t\t\t\t<\/div>\n\t\t\t\t\t<\/div>\n\t\t<\/div>\n\t\t\t\t<div class=\"elementor-column elementor-col-50 elementor-inner-column elementor-element elementor-element-4c2db047\" data-id=\"4c2db047\" data-element_type=\"column\" data-e-type=\"column\">\n\t\t\t<div class=\"elementor-widget-wrap elementor-element-populated\">\n\t\t\t\t\t\t<div class=\"elementor-element elementor-element-5f7cb3d2 elementor-button-info elementor-align-center elementor-widget elementor-widget-button\" data-id=\"5f7cb3d2\" data-element_type=\"widget\" data-e-type=\"widget\" data-widget_type=\"button.default\">\n\t\t\t\t<div class=\"elementor-widget-container\">\n\t\t\t\t\t\t\t\t\t<div class=\"elementor-button-wrapper\">\n\t\t\t\t\t<a class=\"elementor-button elementor-button-link elementor-size-md\" href=\"\/solicitud\">\n\t\t\t\t\t\t<span class=\"elementor-button-content-wrapper\">\n\t\t\t\t\t\t\t\t\t<span class=\"elementor-button-text\">Profesional: Rights request<\/span>\n\t\t\t\t\t<\/span>\n\t\t\t\t\t<\/a>\n\t\t\t\t<\/div>\n\t\t\t\t\t\t\t\t<\/div>\n\t\t\t\t<\/div>\n\t\t\t\t\t<\/div>\n\t\t<\/div>\n\t\t\t\t\t<\/div>\n\t\t<\/section>\n\t\t\t\t<div class=\"elementor-element elementor-element-673abb99 elementor-widget elementor-widget-spacer\" data-id=\"673abb99\" data-element_type=\"widget\" data-e-type=\"widget\" data-widget_type=\"spacer.default\">\n\t\t\t\t<div class=\"elementor-widget-container\">\n\t\t\t\t\t\t\t<div class=\"elementor-spacer\">\n\t\t\t<div class=\"elementor-spacer-inner\"><\/div>\n\t\t<\/div>\n\t\t\t\t\t\t<\/div>\n\t\t\t\t<\/div>\n\t\t\t\t\t<\/div>\n\t\t<\/div>\n\t\t\t\t\t<\/div>\n\t\t<\/section>\n\t\t\t\t<\/div>\n\t\t","protected":false},"excerpt":{"rendered":"<p>MARTA BUCHACA MARTA BUCHACA (Barcelona, 1979). She holds a degree in Humanities from the Universitat Aut\u00f2noma of Barcelona. She trained as a playwright at the Centre d\u2019\u00c9tudes Th\u00e9\u00e2trales in Louvain-la-Neuve (Belgium) and at the Obrador de la Sala Beckett (Barcelona). \u00a0 Her first play was\u00a0L\u2019olor sota la pell\u00a0(5th Joaquim Bartrina Prize; Sala Beckett, 2007), after &#8230; <a title=\"Marta Buchaca\" class=\"read-more\" href=\"https:\/\/martafluvia.com\/en\/marta-buchaca\/\">Read more<\/a><\/p>\n","protected":false},"author":1,"featured_media":0,"parent":0,"menu_order":0,"comment_status":"closed","ping_status":"closed","template":"elementor_header_footer","meta":{"footnotes":""},"class_list":["post-1671","page","type-page","status-publish"],"yoast_head":"<!-- This site is optimized with the Yoast SEO plugin v27.5 - https:\/\/yoast.com\/product\/yoast-seo-wordpress\/ -->\n<title>Marta Buchaca - Marta Fluvi\u00e0<\/title>\n<meta name=\"description\" content=\"Get to know our author Marta Buchaca. Request your performance rights for any of his works using our form.\" \/>\n<meta name=\"robots\" content=\"index, follow, max-snippet:-1, max-image-preview:large, max-video-preview:-1\" \/>\n<link rel=\"canonical\" href=\"https:\/\/martafluvia.com\/en\/marta-buchaca\/\" \/>\n<meta property=\"og:locale\" content=\"en_US\" \/>\n<meta property=\"og:type\" content=\"article\" \/>\n<meta property=\"og:title\" content=\"Marta Buchaca - Marta Fluvi\u00e0\" \/>\n<meta property=\"og:description\" content=\"Get to know our author Marta Buchaca. Request your performance rights for any of his works using our form.\" \/>\n<meta property=\"og:url\" content=\"https:\/\/martafluvia.com\/en\/marta-buchaca\/\" \/>\n<meta property=\"og:site_name\" content=\"Marta Fluvi\u00e0\" \/>\n<meta property=\"article:publisher\" content=\"https:\/\/www.facebook.com\/martafluviaagency\/\" \/>\n<meta property=\"article:modified_time\" content=\"2024-03-22T09:12:57+00:00\" \/>\n<meta property=\"og:image\" content=\"https:\/\/martafluvia.com\/wp-content\/uploads\/2023\/05\/I22_Marta_238_01-1-1.jpg\" \/>\n<meta name=\"twitter:card\" content=\"summary_large_image\" \/>\n<meta name=\"twitter:label1\" content=\"Est. reading time\" \/>\n\t<meta name=\"twitter:data1\" content=\"2 minutes\" \/>\n<script type=\"application\/ld+json\" class=\"yoast-schema-graph\">{\"@context\":\"https:\\\/\\\/schema.org\",\"@graph\":[{\"@type\":\"WebPage\",\"@id\":\"https:\\\/\\\/martafluvia.com\\\/en\\\/marta-buchaca\\\/\",\"url\":\"https:\\\/\\\/martafluvia.com\\\/en\\\/marta-buchaca\\\/\",\"name\":\"Marta Buchaca - Marta Fluvi\u00e0\",\"isPartOf\":{\"@id\":\"https:\\\/\\\/martafluvia.com\\\/en\\\/#website\"},\"primaryImageOfPage\":{\"@id\":\"https:\\\/\\\/martafluvia.com\\\/en\\\/marta-buchaca\\\/#primaryimage\"},\"image\":{\"@id\":\"https:\\\/\\\/martafluvia.com\\\/en\\\/marta-buchaca\\\/#primaryimage\"},\"thumbnailUrl\":\"https:\\\/\\\/martafluvia.com\\\/wp-content\\\/uploads\\\/2023\\\/05\\\/I22_Marta_238_01-1-1.jpg\",\"datePublished\":\"2019-01-08T17:17:03+00:00\",\"dateModified\":\"2024-03-22T09:12:57+00:00\",\"description\":\"Get to know our author Marta Buchaca. Request your performance rights for any of his works using our form.\",\"breadcrumb\":{\"@id\":\"https:\\\/\\\/martafluvia.com\\\/en\\\/marta-buchaca\\\/#breadcrumb\"},\"inLanguage\":\"en-US\",\"potentialAction\":[{\"@type\":\"ReadAction\",\"target\":[\"https:\\\/\\\/martafluvia.com\\\/en\\\/marta-buchaca\\\/\"]}]},{\"@type\":\"ImageObject\",\"inLanguage\":\"en-US\",\"@id\":\"https:\\\/\\\/martafluvia.com\\\/en\\\/marta-buchaca\\\/#primaryimage\",\"url\":\"https:\\\/\\\/martafluvia.com\\\/wp-content\\\/uploads\\\/2023\\\/05\\\/I22_Marta_238_01-1-1.jpg\",\"contentUrl\":\"https:\\\/\\\/martafluvia.com\\\/wp-content\\\/uploads\\\/2023\\\/05\\\/I22_Marta_238_01-1-1.jpg\"},{\"@type\":\"BreadcrumbList\",\"@id\":\"https:\\\/\\\/martafluvia.com\\\/en\\\/marta-buchaca\\\/#breadcrumb\",\"itemListElement\":[{\"@type\":\"ListItem\",\"position\":1,\"name\":\"Portada\",\"item\":\"https:\\\/\\\/martafluvia.com\\\/en\\\/\"},{\"@type\":\"ListItem\",\"position\":2,\"name\":\"Marta Buchaca\"}]},{\"@type\":\"WebSite\",\"@id\":\"https:\\\/\\\/martafluvia.com\\\/en\\\/#website\",\"url\":\"https:\\\/\\\/martafluvia.com\\\/en\\\/\",\"name\":\"Marta Fluvi\u00e0\",\"description\":\"Theatrical Literary Agency\",\"publisher\":{\"@id\":\"https:\\\/\\\/martafluvia.com\\\/en\\\/#organization\"},\"potentialAction\":[{\"@type\":\"SearchAction\",\"target\":{\"@type\":\"EntryPoint\",\"urlTemplate\":\"https:\\\/\\\/martafluvia.com\\\/en\\\/?s={search_term_string}\"},\"query-input\":{\"@type\":\"PropertyValueSpecification\",\"valueRequired\":true,\"valueName\":\"search_term_string\"}}],\"inLanguage\":\"en-US\"},{\"@type\":\"Organization\",\"@id\":\"https:\\\/\\\/martafluvia.com\\\/en\\\/#organization\",\"name\":\"Marta Fluvi\u00e0 Agency\",\"url\":\"https:\\\/\\\/martafluvia.com\\\/en\\\/\",\"logo\":{\"@type\":\"ImageObject\",\"inLanguage\":\"en-US\",\"@id\":\"https:\\\/\\\/martafluvia.com\\\/en\\\/#\\\/schema\\\/logo\\\/image\\\/\",\"url\":\"https:\\\/\\\/martafluvia.com\\\/wp-content\\\/uploads\\\/2017\\\/12\\\/logo-marta-english-1.jpg\",\"contentUrl\":\"https:\\\/\\\/martafluvia.com\\\/wp-content\\\/uploads\\\/2017\\\/12\\\/logo-marta-english-1.jpg\",\"width\":2118,\"height\":783,\"caption\":\"Marta Fluvi\u00e0 Agency\"},\"image\":{\"@id\":\"https:\\\/\\\/martafluvia.com\\\/en\\\/#\\\/schema\\\/logo\\\/image\\\/\"},\"sameAs\":[\"https:\\\/\\\/www.facebook.com\\\/martafluviaagency\\\/\"]}]}<\/script>\n<!-- \/ Yoast SEO plugin. -->","yoast_head_json":{"title":"Marta Buchaca - Marta Fluvi\u00e0","description":"Get to know our author Marta Buchaca. Request your performance rights for any of his works using our form.","robots":{"index":"index","follow":"follow","max-snippet":"max-snippet:-1","max-image-preview":"max-image-preview:large","max-video-preview":"max-video-preview:-1"},"canonical":"https:\/\/martafluvia.com\/en\/marta-buchaca\/","og_locale":"en_US","og_type":"article","og_title":"Marta Buchaca - Marta Fluvi\u00e0","og_description":"Get to know our author Marta Buchaca. Request your performance rights for any of his works using our form.","og_url":"https:\/\/martafluvia.com\/en\/marta-buchaca\/","og_site_name":"Marta Fluvi\u00e0","article_publisher":"https:\/\/www.facebook.com\/martafluviaagency\/","article_modified_time":"2024-03-22T09:12:57+00:00","og_image":[{"url":"https:\/\/martafluvia.com\/wp-content\/uploads\/2023\/05\/I22_Marta_238_01-1-1.jpg","type":"","width":"","height":""}],"twitter_card":"summary_large_image","twitter_misc":{"Est. reading time":"2 minutes"},"schema":{"@context":"https:\/\/schema.org","@graph":[{"@type":"WebPage","@id":"https:\/\/martafluvia.com\/en\/marta-buchaca\/","url":"https:\/\/martafluvia.com\/en\/marta-buchaca\/","name":"Marta Buchaca - Marta Fluvi\u00e0","isPartOf":{"@id":"https:\/\/martafluvia.com\/en\/#website"},"primaryImageOfPage":{"@id":"https:\/\/martafluvia.com\/en\/marta-buchaca\/#primaryimage"},"image":{"@id":"https:\/\/martafluvia.com\/en\/marta-buchaca\/#primaryimage"},"thumbnailUrl":"https:\/\/martafluvia.com\/wp-content\/uploads\/2023\/05\/I22_Marta_238_01-1-1.jpg","datePublished":"2019-01-08T17:17:03+00:00","dateModified":"2024-03-22T09:12:57+00:00","description":"Get to know our author Marta Buchaca. Request your performance rights for any of his works using our form.","breadcrumb":{"@id":"https:\/\/martafluvia.com\/en\/marta-buchaca\/#breadcrumb"},"inLanguage":"en-US","potentialAction":[{"@type":"ReadAction","target":["https:\/\/martafluvia.com\/en\/marta-buchaca\/"]}]},{"@type":"ImageObject","inLanguage":"en-US","@id":"https:\/\/martafluvia.com\/en\/marta-buchaca\/#primaryimage","url":"https:\/\/martafluvia.com\/wp-content\/uploads\/2023\/05\/I22_Marta_238_01-1-1.jpg","contentUrl":"https:\/\/martafluvia.com\/wp-content\/uploads\/2023\/05\/I22_Marta_238_01-1-1.jpg"},{"@type":"BreadcrumbList","@id":"https:\/\/martafluvia.com\/en\/marta-buchaca\/#breadcrumb","itemListElement":[{"@type":"ListItem","position":1,"name":"Portada","item":"https:\/\/martafluvia.com\/en\/"},{"@type":"ListItem","position":2,"name":"Marta Buchaca"}]},{"@type":"WebSite","@id":"https:\/\/martafluvia.com\/en\/#website","url":"https:\/\/martafluvia.com\/en\/","name":"Marta Fluvi\u00e0","description":"Theatrical Literary Agency","publisher":{"@id":"https:\/\/martafluvia.com\/en\/#organization"},"potentialAction":[{"@type":"SearchAction","target":{"@type":"EntryPoint","urlTemplate":"https:\/\/martafluvia.com\/en\/?s={search_term_string}"},"query-input":{"@type":"PropertyValueSpecification","valueRequired":true,"valueName":"search_term_string"}}],"inLanguage":"en-US"},{"@type":"Organization","@id":"https:\/\/martafluvia.com\/en\/#organization","name":"Marta Fluvi\u00e0 Agency","url":"https:\/\/martafluvia.com\/en\/","logo":{"@type":"ImageObject","inLanguage":"en-US","@id":"https:\/\/martafluvia.com\/en\/#\/schema\/logo\/image\/","url":"https:\/\/martafluvia.com\/wp-content\/uploads\/2017\/12\/logo-marta-english-1.jpg","contentUrl":"https:\/\/martafluvia.com\/wp-content\/uploads\/2017\/12\/logo-marta-english-1.jpg","width":2118,"height":783,"caption":"Marta Fluvi\u00e0 Agency"},"image":{"@id":"https:\/\/martafluvia.com\/en\/#\/schema\/logo\/image\/"},"sameAs":["https:\/\/www.facebook.com\/martafluviaagency\/"]}]}},"_links":{"self":[{"href":"https:\/\/martafluvia.com\/en\/wp-json\/wp\/v2\/pages\/1671","targetHints":{"allow":["GET"]}}],"collection":[{"href":"https:\/\/martafluvia.com\/en\/wp-json\/wp\/v2\/pages"}],"about":[{"href":"https:\/\/martafluvia.com\/en\/wp-json\/wp\/v2\/types\/page"}],"author":[{"embeddable":true,"href":"https:\/\/martafluvia.com\/en\/wp-json\/wp\/v2\/users\/1"}],"replies":[{"embeddable":true,"href":"https:\/\/martafluvia.com\/en\/wp-json\/wp\/v2\/comments?post=1671"}],"version-history":[{"count":14,"href":"https:\/\/martafluvia.com\/en\/wp-json\/wp\/v2\/pages\/1671\/revisions"}],"predecessor-version":[{"id":23267,"href":"https:\/\/martafluvia.com\/en\/wp-json\/wp\/v2\/pages\/1671\/revisions\/23267"}],"wp:attachment":[{"href":"https:\/\/martafluvia.com\/en\/wp-json\/wp\/v2\/media?parent=1671"}],"curies":[{"name":"wp","href":"https:\/\/api.w.org\/{rel}","templated":true}]}}