{"id":1663,"date":"2019-01-08T17:09:23","date_gmt":"2019-01-08T17:09:23","guid":{"rendered":"http:\/\/martafluvia.com\/claudia-cedo\/"},"modified":"2023-05-21T18:36:53","modified_gmt":"2023-05-21T17:36:53","slug":"claudia-cedo","status":"publish","type":"page","link":"https:\/\/martafluvia.com\/en\/claudia-cedo\/","title":{"rendered":"Cl\u00e0udia Ced\u00f3"},"content":{"rendered":"\t\t<div data-elementor-type=\"wp-post\" data-elementor-id=\"1663\" class=\"elementor elementor-1663 elementor-948\" data-elementor-post-type=\"page\">\n\t\t\t\t\t\t<section class=\"elementor-section elementor-top-section elementor-element elementor-element-cb1b5d5 elementor-section-boxed elementor-section-height-default elementor-section-height-default\" data-id=\"cb1b5d5\" data-element_type=\"section\" data-e-type=\"section\">\n\t\t\t\t\t\t<div class=\"elementor-container elementor-column-gap-default\">\n\t\t\t\t\t<div class=\"elementor-column elementor-col-100 elementor-top-column elementor-element elementor-element-5026c8f\" data-id=\"5026c8f\" data-element_type=\"column\" data-e-type=\"column\">\n\t\t\t<div class=\"elementor-widget-wrap elementor-element-populated\">\n\t\t\t\t\t\t<div class=\"elementor-element elementor-element-9a2334d elementor-widget elementor-widget-heading\" data-id=\"9a2334d\" data-element_type=\"widget\" data-e-type=\"widget\" data-widget_type=\"heading.default\">\n\t\t\t\t<div class=\"elementor-widget-container\">\n\t\t\t\t\t<h2 class=\"elementor-heading-title elementor-size-default\">CL\u00c0UDIA CED\u00d3<\/h2>\t\t\t\t<\/div>\n\t\t\t\t<\/div>\n\t\t\t\t<div class=\"elementor-element elementor-element-ce3c8bf elementor-widget elementor-widget-image\" data-id=\"ce3c8bf\" data-element_type=\"widget\" data-e-type=\"widget\" data-widget_type=\"image.default\">\n\t\t\t\t<div class=\"elementor-widget-container\">\n\t\t\t\t\t\t\t\t\t\t\t\t\t\t\t<img decoding=\"async\" src=\"https:\/\/martafluvia.com\/wp-content\/uploads\/elementor\/thumbs\/cedo-1-q6subl0zecvwrbuszezrcvc18rvw5dkc8dn7c3ttz4.png\" title=\"cedo.png\" alt=\"cedo.png\" loading=\"lazy\" \/>\t\t\t\t\t\t\t\t\t\t\t\t\t\t\t<\/div>\n\t\t\t\t<\/div>\n\t\t\t\t<div class=\"elementor-element elementor-element-cfadfe2 elementor-widget elementor-widget-text-editor\" data-id=\"cfadfe2\" data-element_type=\"widget\" data-e-type=\"widget\" data-widget_type=\"text-editor.default\">\n\t\t\t\t<div class=\"elementor-widget-container\">\n\t\t\t\t\t\t\t\t\t<p style=\"font-weight: 400;\"><strong>CL\u00c0UDIA CED\u00d3<\/strong> <strong>(Tortosa, 1983)<\/strong>. Playwright, screenwriter, theater director. Graduated in Psychology from the Universitat Aut\u00f2noma de Barcelona and graduated in Theater and Performing Arts. Creator of Escenaris Especials (Special Stages), theater project with actors and actresses with functional diversity.<\/p><p style=\"font-weight: 400;\">She has written and directed theater plays such as <strong><em>Transplant<\/em><\/strong><em> (Et planto)<\/em>, <strong><em>When we were kids we all killed ants<\/em><\/strong><em> (De petits Tots Mat\u00e0vem Formigues<\/em>), <strong><em>The man without a voice<\/em><\/strong><em> (L\u2019home sense veu<\/em>), <strong><em>Turtles: The deceleration of particles<\/em><\/strong><em> (Tortugues: La desacceleraci\u00f3 de les part\u00edcules) <\/em>-Butaca Award for Best Play 2015-, <strong><em>National Identity Card<\/em><\/strong><em> (DNI)<\/em> &#8211; Winner of the Catalan Playwright Tournament-, <strong><em>Julia and the empty lot <\/em><\/strong>(<em>Una gossa en un descampat)<\/em> &#8211; Butaca Award Best Play, La Cr\u00edtica Award Best Play and Best Show 2019, Teatre Barcelona Awards Best Playwrite and Best Show-, <strong><em>Blind<\/em><\/strong> (<em>Ciegos)<\/em> -Winner of the Madrid Playwright Tournament-, the theatrical adaptation of the novel <em>Canto jo i la muntanya balla<\/em> (<strong><em>When I Sing, Mountains Dance<\/em><\/strong><em>)<\/em> &#8211; Premi Teatre Barcelona Best Adaptation. 3 Awards Max 2022-, <strong><em>The Forgotten Croquettes<\/em><\/strong> (Les croquetes oblidades) -Nomination for Best Family Show of La Cr\u00edtica Awards 2021 and of the Teatre Barcelona Awards 2021-, <strong><em>Caligula Muri\u00f3, I didn\u2019t<\/em><\/strong><em>(Cal\u00edgula muri\u00f3, yo no)<\/em> based on Caligula by Albert Camus (National\u00a0Drama Centre, Madrid), <strong><em>To be a mother<\/em><\/strong><em>(Mare de Sucre)<\/em> \u2013 (National Theater of Catalonia); winner of 5 Teatre Barcelona Awards, Best Show, Best Author, Best Direction; nominations for the Butaca Awards and La Cr\u00edtica Awards for Best Text and Direction-, <strong><em>Ice Syndrome<\/em><\/strong> (S\u00edndrome de Gel) in Teatre Lliure, the theatrical adaptation of the novel <strong><em>Essay on Blindness<\/em><\/strong> by Jos\u00e9 Saramago (Teatre Nacional de Catalunya, 2022).<\/p><p style=\"font-weight: 400;\">Her plays have been published and translated into more than 10 languages: English, Italian, French, Greek, Swedish, Finnish, among others, and premiered in Spain, France, Italia, Portugal (Teatro Nacional S\u00e3o Jo\u00e3o), Poland (Wybrze\u017ce Theater, Teatr Dramatyczny Warszawa), Czech Republic (Let\u00ed Theater Prague), Liechtenstein (TAK Theater), Argentina (Teatro El Extranjero de Buenos Aires), Festival Temporada Alta or Festival Mousson d&#8217;\u00c9t\u00e9. She has worked with directors such as Sergi Belbel, Xicu Mas\u00f3, Isra Sol\u00e0, Nuno Cardoso, Marco Paiva, Guillem Alba, Helena Tornero or Marina Schubarth.<\/p><p style=\"font-weight: 400;\">She co-created the theater company <em>Pocapuc Teatre<\/em> in 1998, she directs the theater company <em>El Vol del Pollastre<\/em> from 2011 to 2021 and is part of the German theater company <em>Dokumentartheater<\/em> of Berlin. She is the resident playwright at the Sala Beckett in Barcelona (2017-2018) and participates as a playwright in two workshops with Simon Stephens in Sala Beckett.<\/p><p style=\"font-weight: 400;\">\u00a0<\/p><p style=\"font-weight: 400;\">Currently, she is writing a feature film script for cinema, for the production company Lastor Media (based on her theater play <strong><em>Mare de Sucre<\/em><\/strong>) and an animated movie (based on her theater play <strong><em>Les croquetes oblidades<\/em><\/strong>). She is the screenwriter of the animated series <strong><em>Jasmine &amp; Jambo<\/em><\/strong> and creator of the series <strong><em>Alabama<\/em><\/strong>, for El Terrat productions.<\/p><p style=\"font-weight: 400;\">\u00a0<\/p><p style=\"font-weight: 400;\">CATALOGUE:<\/p><table style=\"font-weight: 400;\" width=\"614\"><tbody><tr><td width=\"255\"><p><strong>TITLE<\/strong><\/p><\/td><td width=\"94\"><p><strong>GENRE<\/strong><\/p><\/td><td width=\"132\"><p><strong>MALE CHARACTERS<\/strong><\/p><\/td><td width=\"132\"><p><strong>FEMALE CHARACTERS<\/strong><\/p><\/td><\/tr><tr><td width=\"255\"><p><em>De peque\u00f1os todos mat\u00e1bamos hormigas<\/em><\/p><p><strong>\u00a0<\/strong><\/p><\/td><td width=\"94\"><p>Dramatic comedy<\/p><\/td><td width=\"132\"><p>3<\/p><\/td><td width=\"132\"><p>2<\/p><\/td><\/tr><tr><td width=\"255\"><p><em>Tortugues: La desacceleraci\u00f3 de les part\u00edcules<\/em><\/p><p><strong>\u00a0<\/strong><\/p><\/td><td width=\"94\"><p>Fantastic comedy<\/p><\/td><td width=\"132\"><p>2<\/p><\/td><td width=\"132\"><p>2<\/p><\/td><\/tr><tr><td width=\"255\"><p><em>El hombre sin voz<\/em><\/p><p><strong>\u00a0<\/strong><\/p><\/td><td width=\"94\"><p>\u00a0<\/p><\/td><td width=\"132\"><p>1<\/p><\/td><td width=\"132\"><p>1<\/p><\/td><\/tr><tr><td width=\"255\"><p><em>El pou<\/em><\/p><p><strong>\u00a0<\/strong><\/p><\/td><td width=\"94\"><p>\u00a0<\/p><\/td><td width=\"132\"><p>\u00a0<\/p><\/td><td width=\"132\"><p>\u00a0<\/p><\/td><\/tr><tr><td width=\"255\"><p><em>J\u00falia?<\/em><\/p><p><strong>\u00a0<\/strong><\/p><\/td><td width=\"94\"><p>\u00a0<\/p><\/td><td width=\"132\"><p>\u00a0<\/p><\/td><td width=\"132\"><p>\u00a0<\/p><\/td><\/tr><tr><td width=\"255\"><p><em>Et planto<\/em><\/p><p><strong>\u00a0<\/strong><\/p><\/td><td width=\"94\"><p>Romantic comedy<\/p><\/td><td width=\"132\"><p>3<\/p><\/td><td width=\"132\"><p>1<\/p><\/td><\/tr><tr><td width=\"255\"><p><em>Revoluci\u00f3<\/em><\/p><p><strong>\u00a0<\/strong><\/p><\/td><td width=\"94\"><p><strong>\u00a0<\/strong><\/p><\/td><td width=\"132\"><p><strong>\u00a0<\/strong><\/p><\/td><td width=\"132\"><p><strong>\u00a0<\/strong><\/p><\/td><\/tr><tr><td width=\"255\"><p><em>Els \u00faltims deu dies de Norman Foster <\/em><\/p><p><strong>\u00a0<\/strong><\/p><\/td><td width=\"94\"><p><strong>\u00a0<\/strong><\/p><\/td><td width=\"132\"><p><strong>\u00a0<\/strong><\/p><\/td><td width=\"132\"><p><strong>\u00a0<\/strong><\/p><\/td><\/tr><tr><td width=\"255\"><p><em>DNI<\/em><\/p><p><em>\u00a0<\/em><\/p><\/td><td width=\"94\"><p><strong>\u00a0<\/strong><\/p><\/td><td width=\"132\"><p><strong>\u00a0<\/strong><\/p><\/td><td width=\"132\"><p><strong>\u00a0<\/strong><\/p><\/td><\/tr><tr><td width=\"255\"><p><em>Ciegos<\/em><\/p><p><em>\u00a0<\/em><\/p><\/td><td width=\"94\"><p><strong>\u00a0<\/strong><\/p><\/td><td width=\"132\"><p><strong>\u00a0<\/strong><\/p><\/td><td width=\"132\"><p><strong>\u00a0<\/strong><\/p><\/td><\/tr><tr><td width=\"255\"><p><em>Como una perra en un descampado<\/em><\/p><p><em>\u00a0<\/em><\/p><\/td><td width=\"94\"><p>Drama<\/p><\/td><td width=\"132\"><p>2<\/p><\/td><td width=\"132\"><p>4<\/p><\/td><\/tr><tr><td width=\"255\"><p><em>Mare de sucre<\/em><\/p><p><em>\u00a0<\/em><\/p><\/td><td width=\"94\"><p>\u00a0<\/p><\/td><td width=\"132\"><p>2<\/p><\/td><td width=\"132\"><p>5<\/p><\/td><\/tr><tr><td width=\"255\"><p><em>S\u00edndrome de gel<\/em><\/p><p><em>\u00a0<\/em><\/p><\/td><td width=\"94\"><p>Drama<\/p><\/td><td width=\"132\"><p>5<\/p><\/td><td width=\"132\"><p>4<\/p><\/td><\/tr><tr><td width=\"255\"><p><em>Els \u00c0ngels no tenen fills<\/em><\/p><p><em>\u00a0<\/em><\/p><\/td><td width=\"94\"><p>\u00a0<\/p><\/td><td width=\"132\"><p>1<\/p><\/td><td width=\"132\"><p>2<\/p><\/td><\/tr><tr><td width=\"255\"><p><strong><em>ADAPTATIONS<\/em><\/strong><\/p><p><strong><em>\u00a0<\/em><\/strong><\/p><\/td><td width=\"94\"><p><strong>\u00a0<\/strong><\/p><\/td><td width=\"132\"><p><strong>\u00a0<\/strong><\/p><\/td><td width=\"132\"><p><strong>\u00a0<\/strong><\/p><\/td><\/tr><tr><td width=\"255\"><p><em>Assaig sobre la ceguesa <\/em>de Jose Saramango<\/p><p><em>\u00a0<\/em><\/p><\/td><td width=\"94\"><p>Essay<\/p><\/td><td width=\"132\"><p>\u00a0<\/p><\/td><td width=\"132\"><p>\u00a0<\/p><\/td><\/tr><\/tbody><\/table>\t\t\t\t\t\t\t\t<\/div>\n\t\t\t\t<\/div>\n\t\t\t\t\t<\/div>\n\t\t<\/div>\n\t\t\t\t\t<\/div>\n\t\t<\/section>\n\t\t\t\t<section class=\"elementor-section elementor-top-section elementor-element elementor-element-5e759ddd elementor-section-boxed elementor-section-height-default elementor-section-height-default\" data-id=\"5e759ddd\" data-element_type=\"section\" data-e-type=\"section\">\n\t\t\t\t\t\t<div class=\"elementor-container elementor-column-gap-default\">\n\t\t\t\t\t<div class=\"elementor-column elementor-col-100 elementor-top-column elementor-element elementor-element-4abb22c5\" data-id=\"4abb22c5\" data-element_type=\"column\" data-e-type=\"column\">\n\t\t\t<div class=\"elementor-widget-wrap elementor-element-populated\">\n\t\t\t\t\t\t<div class=\"elementor-element elementor-element-7c04d21f elementor-widget-divider--view-line elementor-widget elementor-widget-divider\" data-id=\"7c04d21f\" data-element_type=\"widget\" data-e-type=\"widget\" data-widget_type=\"divider.default\">\n\t\t\t\t<div class=\"elementor-widget-container\">\n\t\t\t\t\t\t\t<div class=\"elementor-divider\">\n\t\t\t<span class=\"elementor-divider-separator\">\n\t\t\t\t\t\t<\/span>\n\t\t<\/div>\n\t\t\t\t\t\t<\/div>\n\t\t\t\t<\/div>\n\t\t\t\t<div class=\"elementor-element elementor-element-369a6b91 elementor-widget elementor-widget-text-editor\" data-id=\"369a6b91\" data-element_type=\"widget\" data-e-type=\"widget\" data-widget_type=\"text-editor.default\">\n\t\t\t\t<div class=\"elementor-widget-container\">\n\t\t\t\t\t\t\t\t\t<div class=\"elementor-element elementor-element-b6f9d45 elementor-widget elementor-widget-text-editor\" data-id=\"b6f9d45\" data-element_type=\"text-editor.default\"><div class=\"elementor-widget-container\"><div class=\"elementor-text-editor elementor-clearfix\"><p style=\"text-align: center;\">Request perfomance rights:<\/p><\/div><\/div><\/div>\t\t\t\t\t\t\t\t<\/div>\n\t\t\t\t<\/div>\n\t\t\t\t<section class=\"elementor-section elementor-inner-section elementor-element elementor-element-55e0cb6d elementor-section-boxed elementor-section-height-default elementor-section-height-default\" data-id=\"55e0cb6d\" data-element_type=\"section\" data-e-type=\"section\">\n\t\t\t\t\t\t<div class=\"elementor-container elementor-column-gap-default\">\n\t\t\t\t\t<div class=\"elementor-column elementor-col-50 elementor-inner-column elementor-element elementor-element-286276c\" data-id=\"286276c\" data-element_type=\"column\" data-e-type=\"column\">\n\t\t\t<div class=\"elementor-widget-wrap elementor-element-populated\">\n\t\t\t\t\t\t<div class=\"elementor-element elementor-element-4c4155ec elementor-button-info elementor-align-center elementor-widget elementor-widget-button\" data-id=\"4c4155ec\" data-element_type=\"widget\" data-e-type=\"widget\" data-widget_type=\"button.default\">\n\t\t\t\t<div class=\"elementor-widget-container\">\n\t\t\t\t\t\t\t\t\t<div class=\"elementor-button-wrapper\">\n\t\t\t\t\t<a class=\"elementor-button elementor-button-link elementor-size-md\" href=\"\/licencia-amateur\">\n\t\t\t\t\t\t<span class=\"elementor-button-content-wrapper\">\n\t\t\t\t\t\t\t\t\t<span class=\"elementor-button-text\">Amateur: Rights request<\/span>\n\t\t\t\t\t<\/span>\n\t\t\t\t\t<\/a>\n\t\t\t\t<\/div>\n\t\t\t\t\t\t\t\t<\/div>\n\t\t\t\t<\/div>\n\t\t\t\t\t<\/div>\n\t\t<\/div>\n\t\t\t\t<div class=\"elementor-column elementor-col-50 elementor-inner-column elementor-element elementor-element-17767a4\" data-id=\"17767a4\" data-element_type=\"column\" data-e-type=\"column\">\n\t\t\t<div class=\"elementor-widget-wrap elementor-element-populated\">\n\t\t\t\t\t\t<div class=\"elementor-element elementor-element-716894df elementor-button-info elementor-align-center elementor-widget elementor-widget-button\" data-id=\"716894df\" data-element_type=\"widget\" data-e-type=\"widget\" data-widget_type=\"button.default\">\n\t\t\t\t<div class=\"elementor-widget-container\">\n\t\t\t\t\t\t\t\t\t<div class=\"elementor-button-wrapper\">\n\t\t\t\t\t<a class=\"elementor-button elementor-button-link elementor-size-md\" href=\"\/solicitud\">\n\t\t\t\t\t\t<span class=\"elementor-button-content-wrapper\">\n\t\t\t\t\t\t\t\t\t<span class=\"elementor-button-text\">Profesional: Rights request<\/span>\n\t\t\t\t\t<\/span>\n\t\t\t\t\t<\/a>\n\t\t\t\t<\/div>\n\t\t\t\t\t\t\t\t<\/div>\n\t\t\t\t<\/div>\n\t\t\t\t\t<\/div>\n\t\t<\/div>\n\t\t\t\t\t<\/div>\n\t\t<\/section>\n\t\t\t\t<div class=\"elementor-element elementor-element-402d3392 elementor-widget elementor-widget-spacer\" data-id=\"402d3392\" data-element_type=\"widget\" data-e-type=\"widget\" data-widget_type=\"spacer.default\">\n\t\t\t\t<div class=\"elementor-widget-container\">\n\t\t\t\t\t\t\t<div class=\"elementor-spacer\">\n\t\t\t<div class=\"elementor-spacer-inner\"><\/div>\n\t\t<\/div>\n\t\t\t\t\t\t<\/div>\n\t\t\t\t<\/div>\n\t\t\t\t\t<\/div>\n\t\t<\/div>\n\t\t\t\t\t<\/div>\n\t\t<\/section>\n\t\t\t\t<\/div>\n\t\t","protected":false},"excerpt":{"rendered":"<p>CL\u00c0UDIA CED\u00d3 CL\u00c0UDIA CED\u00d3 (Tortosa, 1983). Playwright, screenwriter, theater director. Graduated in Psychology from the Universitat Aut\u00f2noma de Barcelona and graduated in Theater and Performing Arts. Creator of Escenaris Especials (Special Stages), theater project with actors and actresses with functional diversity. She has written and directed theater plays such as Transplant (Et planto), When we &#8230; <a title=\"Cl\u00e0udia Ced\u00f3\" class=\"read-more\" href=\"https:\/\/martafluvia.com\/en\/claudia-cedo\/\">Read more<\/a><\/p>\n","protected":false},"author":1,"featured_media":0,"parent":0,"menu_order":0,"comment_status":"closed","ping_status":"closed","template":"elementor_header_footer","meta":{"footnotes":""},"class_list":["post-1663","page","type-page","status-publish"],"yoast_head":"<!-- This site is optimized with the Yoast SEO plugin v27.3 - https:\/\/yoast.com\/product\/yoast-seo-wordpress\/ -->\n<title>Cl\u00e0udia Ced\u00f3 - Marta Fluvi\u00e0<\/title>\n<meta name=\"description\" content=\"Get to know our author Cl\u00e0udia Ced\u00f3. Request your performance rights for any of his works using our form.\" \/>\n<meta name=\"robots\" content=\"index, follow, max-snippet:-1, max-image-preview:large, max-video-preview:-1\" \/>\n<link rel=\"canonical\" href=\"https:\/\/martafluvia.com\/en\/claudia-cedo\/\" \/>\n<meta property=\"og:locale\" content=\"en_US\" \/>\n<meta property=\"og:type\" content=\"article\" \/>\n<meta property=\"og:title\" content=\"Cl\u00e0udia Ced\u00f3 - Marta Fluvi\u00e0\" \/>\n<meta property=\"og:description\" content=\"Get to know our author Cl\u00e0udia Ced\u00f3. Request your performance rights for any of his works using our form.\" \/>\n<meta property=\"og:url\" content=\"https:\/\/martafluvia.com\/en\/claudia-cedo\/\" \/>\n<meta property=\"og:site_name\" content=\"Marta Fluvi\u00e0\" \/>\n<meta property=\"article:publisher\" content=\"https:\/\/www.facebook.com\/martafluviaagency\/\" \/>\n<meta property=\"article:modified_time\" content=\"2023-05-21T17:36:53+00:00\" \/>\n<meta property=\"og:image\" content=\"https:\/\/martafluvia.com\/wp-content\/uploads\/elementor\/thumbs\/cedo-1-q6subl0zecvwrbuszezrcvc18rvw5dkc8dn7c3ttz4.png\" \/>\n<meta name=\"twitter:card\" content=\"summary_large_image\" \/>\n<meta name=\"twitter:label1\" content=\"Est. reading time\" \/>\n\t<meta name=\"twitter:data1\" content=\"3 minutes\" \/>\n<script type=\"application\/ld+json\" class=\"yoast-schema-graph\">{\"@context\":\"https:\\\/\\\/schema.org\",\"@graph\":[{\"@type\":\"WebPage\",\"@id\":\"https:\\\/\\\/martafluvia.com\\\/en\\\/claudia-cedo\\\/\",\"url\":\"https:\\\/\\\/martafluvia.com\\\/en\\\/claudia-cedo\\\/\",\"name\":\"Cl\u00e0udia Ced\u00f3 - Marta Fluvi\u00e0\",\"isPartOf\":{\"@id\":\"https:\\\/\\\/martafluvia.com\\\/en\\\/#website\"},\"primaryImageOfPage\":{\"@id\":\"https:\\\/\\\/martafluvia.com\\\/en\\\/claudia-cedo\\\/#primaryimage\"},\"image\":{\"@id\":\"https:\\\/\\\/martafluvia.com\\\/en\\\/claudia-cedo\\\/#primaryimage\"},\"thumbnailUrl\":\"https:\\\/\\\/martafluvia.com\\\/wp-content\\\/uploads\\\/elementor\\\/thumbs\\\/cedo-1-q6subl0zecvwrbuszezrcvc18rvw5dkc8dn7c3ttz4.png\",\"datePublished\":\"2019-01-08T17:09:23+00:00\",\"dateModified\":\"2023-05-21T17:36:53+00:00\",\"description\":\"Get to know our author Cl\u00e0udia Ced\u00f3. Request your performance rights for any of his works using our form.\",\"breadcrumb\":{\"@id\":\"https:\\\/\\\/martafluvia.com\\\/en\\\/claudia-cedo\\\/#breadcrumb\"},\"inLanguage\":\"en-US\",\"potentialAction\":[{\"@type\":\"ReadAction\",\"target\":[\"https:\\\/\\\/martafluvia.com\\\/en\\\/claudia-cedo\\\/\"]}]},{\"@type\":\"ImageObject\",\"inLanguage\":\"en-US\",\"@id\":\"https:\\\/\\\/martafluvia.com\\\/en\\\/claudia-cedo\\\/#primaryimage\",\"url\":\"https:\\\/\\\/martafluvia.com\\\/wp-content\\\/uploads\\\/elementor\\\/thumbs\\\/cedo-1-q6subl0zecvwrbuszezrcvc18rvw5dkc8dn7c3ttz4.png\",\"contentUrl\":\"https:\\\/\\\/martafluvia.com\\\/wp-content\\\/uploads\\\/elementor\\\/thumbs\\\/cedo-1-q6subl0zecvwrbuszezrcvc18rvw5dkc8dn7c3ttz4.png\"},{\"@type\":\"BreadcrumbList\",\"@id\":\"https:\\\/\\\/martafluvia.com\\\/en\\\/claudia-cedo\\\/#breadcrumb\",\"itemListElement\":[{\"@type\":\"ListItem\",\"position\":1,\"name\":\"Portada\",\"item\":\"https:\\\/\\\/martafluvia.com\\\/en\\\/\"},{\"@type\":\"ListItem\",\"position\":2,\"name\":\"Cl\u00e0udia Ced\u00f3\"}]},{\"@type\":\"WebSite\",\"@id\":\"https:\\\/\\\/martafluvia.com\\\/en\\\/#website\",\"url\":\"https:\\\/\\\/martafluvia.com\\\/en\\\/\",\"name\":\"Marta Fluvi\u00e0\",\"description\":\"Theatrical Literary Agency\",\"publisher\":{\"@id\":\"https:\\\/\\\/martafluvia.com\\\/en\\\/#organization\"},\"potentialAction\":[{\"@type\":\"SearchAction\",\"target\":{\"@type\":\"EntryPoint\",\"urlTemplate\":\"https:\\\/\\\/martafluvia.com\\\/en\\\/?s={search_term_string}\"},\"query-input\":{\"@type\":\"PropertyValueSpecification\",\"valueRequired\":true,\"valueName\":\"search_term_string\"}}],\"inLanguage\":\"en-US\"},{\"@type\":\"Organization\",\"@id\":\"https:\\\/\\\/martafluvia.com\\\/en\\\/#organization\",\"name\":\"Marta Fluvi\u00e0 Agency\",\"url\":\"https:\\\/\\\/martafluvia.com\\\/en\\\/\",\"logo\":{\"@type\":\"ImageObject\",\"inLanguage\":\"en-US\",\"@id\":\"https:\\\/\\\/martafluvia.com\\\/en\\\/#\\\/schema\\\/logo\\\/image\\\/\",\"url\":\"https:\\\/\\\/martafluvia.com\\\/wp-content\\\/uploads\\\/2017\\\/12\\\/logo-marta-english-1.jpg\",\"contentUrl\":\"https:\\\/\\\/martafluvia.com\\\/wp-content\\\/uploads\\\/2017\\\/12\\\/logo-marta-english-1.jpg\",\"width\":2118,\"height\":783,\"caption\":\"Marta Fluvi\u00e0 Agency\"},\"image\":{\"@id\":\"https:\\\/\\\/martafluvia.com\\\/en\\\/#\\\/schema\\\/logo\\\/image\\\/\"},\"sameAs\":[\"https:\\\/\\\/www.facebook.com\\\/martafluviaagency\\\/\"]}]}<\/script>\n<!-- \/ Yoast SEO plugin. -->","yoast_head_json":{"title":"Cl\u00e0udia Ced\u00f3 - Marta Fluvi\u00e0","description":"Get to know our author Cl\u00e0udia Ced\u00f3. Request your performance rights for any of his works using our form.","robots":{"index":"index","follow":"follow","max-snippet":"max-snippet:-1","max-image-preview":"max-image-preview:large","max-video-preview":"max-video-preview:-1"},"canonical":"https:\/\/martafluvia.com\/en\/claudia-cedo\/","og_locale":"en_US","og_type":"article","og_title":"Cl\u00e0udia Ced\u00f3 - Marta Fluvi\u00e0","og_description":"Get to know our author Cl\u00e0udia Ced\u00f3. Request your performance rights for any of his works using our form.","og_url":"https:\/\/martafluvia.com\/en\/claudia-cedo\/","og_site_name":"Marta Fluvi\u00e0","article_publisher":"https:\/\/www.facebook.com\/martafluviaagency\/","article_modified_time":"2023-05-21T17:36:53+00:00","og_image":[{"url":"https:\/\/martafluvia.com\/wp-content\/uploads\/elementor\/thumbs\/cedo-1-q6subl0zecvwrbuszezrcvc18rvw5dkc8dn7c3ttz4.png","type":"","width":"","height":""}],"twitter_card":"summary_large_image","twitter_misc":{"Est. reading time":"3 minutes"},"schema":{"@context":"https:\/\/schema.org","@graph":[{"@type":"WebPage","@id":"https:\/\/martafluvia.com\/en\/claudia-cedo\/","url":"https:\/\/martafluvia.com\/en\/claudia-cedo\/","name":"Cl\u00e0udia Ced\u00f3 - Marta Fluvi\u00e0","isPartOf":{"@id":"https:\/\/martafluvia.com\/en\/#website"},"primaryImageOfPage":{"@id":"https:\/\/martafluvia.com\/en\/claudia-cedo\/#primaryimage"},"image":{"@id":"https:\/\/martafluvia.com\/en\/claudia-cedo\/#primaryimage"},"thumbnailUrl":"https:\/\/martafluvia.com\/wp-content\/uploads\/elementor\/thumbs\/cedo-1-q6subl0zecvwrbuszezrcvc18rvw5dkc8dn7c3ttz4.png","datePublished":"2019-01-08T17:09:23+00:00","dateModified":"2023-05-21T17:36:53+00:00","description":"Get to know our author Cl\u00e0udia Ced\u00f3. Request your performance rights for any of his works using our form.","breadcrumb":{"@id":"https:\/\/martafluvia.com\/en\/claudia-cedo\/#breadcrumb"},"inLanguage":"en-US","potentialAction":[{"@type":"ReadAction","target":["https:\/\/martafluvia.com\/en\/claudia-cedo\/"]}]},{"@type":"ImageObject","inLanguage":"en-US","@id":"https:\/\/martafluvia.com\/en\/claudia-cedo\/#primaryimage","url":"https:\/\/martafluvia.com\/wp-content\/uploads\/elementor\/thumbs\/cedo-1-q6subl0zecvwrbuszezrcvc18rvw5dkc8dn7c3ttz4.png","contentUrl":"https:\/\/martafluvia.com\/wp-content\/uploads\/elementor\/thumbs\/cedo-1-q6subl0zecvwrbuszezrcvc18rvw5dkc8dn7c3ttz4.png"},{"@type":"BreadcrumbList","@id":"https:\/\/martafluvia.com\/en\/claudia-cedo\/#breadcrumb","itemListElement":[{"@type":"ListItem","position":1,"name":"Portada","item":"https:\/\/martafluvia.com\/en\/"},{"@type":"ListItem","position":2,"name":"Cl\u00e0udia Ced\u00f3"}]},{"@type":"WebSite","@id":"https:\/\/martafluvia.com\/en\/#website","url":"https:\/\/martafluvia.com\/en\/","name":"Marta Fluvi\u00e0","description":"Theatrical Literary Agency","publisher":{"@id":"https:\/\/martafluvia.com\/en\/#organization"},"potentialAction":[{"@type":"SearchAction","target":{"@type":"EntryPoint","urlTemplate":"https:\/\/martafluvia.com\/en\/?s={search_term_string}"},"query-input":{"@type":"PropertyValueSpecification","valueRequired":true,"valueName":"search_term_string"}}],"inLanguage":"en-US"},{"@type":"Organization","@id":"https:\/\/martafluvia.com\/en\/#organization","name":"Marta Fluvi\u00e0 Agency","url":"https:\/\/martafluvia.com\/en\/","logo":{"@type":"ImageObject","inLanguage":"en-US","@id":"https:\/\/martafluvia.com\/en\/#\/schema\/logo\/image\/","url":"https:\/\/martafluvia.com\/wp-content\/uploads\/2017\/12\/logo-marta-english-1.jpg","contentUrl":"https:\/\/martafluvia.com\/wp-content\/uploads\/2017\/12\/logo-marta-english-1.jpg","width":2118,"height":783,"caption":"Marta Fluvi\u00e0 Agency"},"image":{"@id":"https:\/\/martafluvia.com\/en\/#\/schema\/logo\/image\/"},"sameAs":["https:\/\/www.facebook.com\/martafluviaagency\/"]}]}},"_links":{"self":[{"href":"https:\/\/martafluvia.com\/en\/wp-json\/wp\/v2\/pages\/1663","targetHints":{"allow":["GET"]}}],"collection":[{"href":"https:\/\/martafluvia.com\/en\/wp-json\/wp\/v2\/pages"}],"about":[{"href":"https:\/\/martafluvia.com\/en\/wp-json\/wp\/v2\/types\/page"}],"author":[{"embeddable":true,"href":"https:\/\/martafluvia.com\/en\/wp-json\/wp\/v2\/users\/1"}],"replies":[{"embeddable":true,"href":"https:\/\/martafluvia.com\/en\/wp-json\/wp\/v2\/comments?post=1663"}],"version-history":[{"count":9,"href":"https:\/\/martafluvia.com\/en\/wp-json\/wp\/v2\/pages\/1663\/revisions"}],"predecessor-version":[{"id":17324,"href":"https:\/\/martafluvia.com\/en\/wp-json\/wp\/v2\/pages\/1663\/revisions\/17324"}],"wp:attachment":[{"href":"https:\/\/martafluvia.com\/en\/wp-json\/wp\/v2\/media?parent=1663"}],"curies":[{"name":"wp","href":"https:\/\/api.w.org\/{rel}","templated":true}]}}