{"id":1657,"date":"2019-01-08T17:04:41","date_gmt":"2019-01-08T17:04:41","guid":{"rendered":"http:\/\/martafluvia.com\/bernard-marie-koltes\/"},"modified":"2023-05-21T18:18:19","modified_gmt":"2023-05-21T17:18:19","slug":"bernard-marie-koltes","status":"publish","type":"page","link":"https:\/\/martafluvia.com\/en\/bernard-marie-koltes\/","title":{"rendered":"Bernard-Marie Kolt\u00e8s"},"content":{"rendered":"\t\t<div data-elementor-type=\"wp-post\" data-elementor-id=\"1657\" class=\"elementor elementor-1657 elementor-1247\" data-elementor-post-type=\"page\">\n\t\t\t\t\t\t<section class=\"elementor-section elementor-top-section elementor-element elementor-element-ad26661 elementor-section-boxed elementor-section-height-default elementor-section-height-default\" data-id=\"ad26661\" data-element_type=\"section\" data-e-type=\"section\">\n\t\t\t\t\t\t<div class=\"elementor-container elementor-column-gap-default\">\n\t\t\t\t\t<div class=\"elementor-column elementor-col-100 elementor-top-column elementor-element elementor-element-ffdcaf7\" data-id=\"ffdcaf7\" data-element_type=\"column\" data-e-type=\"column\">\n\t\t\t<div class=\"elementor-widget-wrap elementor-element-populated\">\n\t\t\t\t\t\t<div class=\"elementor-element elementor-element-4170b2d elementor-widget elementor-widget-heading\" data-id=\"4170b2d\" data-element_type=\"widget\" data-e-type=\"widget\" data-widget_type=\"heading.default\">\n\t\t\t\t<div class=\"elementor-widget-container\">\n\t\t\t\t\t<h2 class=\"elementor-heading-title elementor-size-default\">BERNARD-MARIE KOLT\u00c8S<\/h2>\t\t\t\t<\/div>\n\t\t\t\t<\/div>\n\t\t\t\t<div class=\"elementor-element elementor-element-a07d75d elementor-widget elementor-widget-image\" data-id=\"a07d75d\" data-element_type=\"widget\" data-e-type=\"widget\" data-widget_type=\"image.default\">\n\t\t\t\t<div class=\"elementor-widget-container\">\n\t\t\t\t\t\t\t\t\t\t\t\t\t\t\t<img decoding=\"async\" src=\"https:\/\/martafluvia.com\/wp-content\/uploads\/elementor\/thumbs\/bernard-marie-koltc3a8s-1-q6stikqahf6mounujexh68rxgm378le57jlo663p4w.jpg\" title=\"bernard-marie-koltc3a8s.jpg\" alt=\"bernard-marie-koltc3a8s.jpg\" loading=\"lazy\" \/>\t\t\t\t\t\t\t\t\t\t\t\t\t\t\t<\/div>\n\t\t\t\t<\/div>\n\t\t\t\t<div class=\"elementor-element elementor-element-b1ab2eb elementor-widget elementor-widget-text-editor\" data-id=\"b1ab2eb\" data-element_type=\"widget\" data-e-type=\"widget\" data-widget_type=\"text-editor.default\">\n\t\t\t\t<div class=\"elementor-widget-container\">\n\t\t\t\t\t\t\t\t\t<p style=\"font-weight: 400;\"><strong>Bernard-Marie Kolt\u00e8s (Metz, 1948-Paris, 1989) <\/strong>was a French playwright, writer and theatre director. He was born in Metz into a bourgeois family and was educated by Jesuits in Saint-Cl\u00e9ment.<\/p><p style=\"font-weight: 400;\">He took piano and organ lessons for several years and studied Journalism for a short time. However, Bernard-Marie Kolt\u00e8s was not to discover the theatre until he was 20, when he attended a performance of <em>Medea<\/em> starred by Maria Casares and became mesmerized by her. Then he began to write plays and founded the Th\u00e9\u00e2tre du Quai company in the school of the Drama Center in East Strasbourg.<\/p><p style=\"font-weight: 400;\"><strong>Kolt\u00e8s work has become a classic of contemporary repertoire and the public, perplexed by the complexity of his language, is fascinated by his audacity. Kolt\u00e8s opened the playing fields of theatre by combining new dramatic structures with a classical poetic language thus creating a resonance of unique metaphors. <\/strong><\/p><p style=\"font-weight: 400;\">\u00a0\u00a0\u00a0\u00a0\u00a0\u00a0\u00a0\u00a0\u00a0\u00a0\u00a0<\/p><p style=\"font-weight: 400;\">Bernard-Marie Kolt\u00e8s died in 1989 at 41. He then began to be well-known as a playwright, both in France and abroad, and became a contemporary French classic and one of the most translated and staged contemporary dramatists.<\/p><p style=\"font-weight: 400;\">\u00a0<\/p><p style=\"font-weight: 400;\">CATALOGUE:<\/p><ul><li><em>Bitterness<\/em><\/li><li><em> La Marche<\/em><\/li><li><em>Des voix sourdes<\/em><\/li><li><em>Proc\u00e8s Ivre<\/em><\/li><li><em>Heritage<\/em> (<em>L\u2019h\u00e9ritage<\/em>)<\/li><li><em>R\u00e9cits morts. Un r\u00eave \u00e9gar\u00e9<\/em><\/li><li><em>Sallinger<\/em><\/li><li><em>The Night Just Before the Forests<\/em><\/li><li><em>Black Battles with Dogs<\/em><\/li><li><em>Quai West<\/em><\/li><li><em>In the Solitude of Cotton Fields<\/em><\/li><li><em>Tabataba<\/em><\/li><li><em>Le Jour des meurtres dans l&#8217;histoire d&#8217;Hamlet<\/em><\/li><li><em>Return to the Desert<\/em><\/li><li><em>Roberto Zucco<\/em><\/li><li><em>Coco<\/em><\/li><\/ul>\t\t\t\t\t\t\t\t<\/div>\n\t\t\t\t<\/div>\n\t\t\t\t\t<\/div>\n\t\t<\/div>\n\t\t\t\t\t<\/div>\n\t\t<\/section>\n\t\t\t\t<section class=\"elementor-section elementor-top-section elementor-element elementor-element-21a8e3e2 elementor-section-boxed elementor-section-height-default elementor-section-height-default\" data-id=\"21a8e3e2\" data-element_type=\"section\" data-e-type=\"section\">\n\t\t\t\t\t\t<div class=\"elementor-container elementor-column-gap-default\">\n\t\t\t\t\t<div class=\"elementor-column elementor-col-100 elementor-top-column elementor-element elementor-element-202f705\" data-id=\"202f705\" data-element_type=\"column\" data-e-type=\"column\">\n\t\t\t<div class=\"elementor-widget-wrap elementor-element-populated\">\n\t\t\t\t\t\t<div class=\"elementor-element elementor-element-35e3081c elementor-widget-divider--view-line elementor-widget elementor-widget-divider\" data-id=\"35e3081c\" data-element_type=\"widget\" data-e-type=\"widget\" data-widget_type=\"divider.default\">\n\t\t\t\t<div class=\"elementor-widget-container\">\n\t\t\t\t\t\t\t<div class=\"elementor-divider\">\n\t\t\t<span class=\"elementor-divider-separator\">\n\t\t\t\t\t\t<\/span>\n\t\t<\/div>\n\t\t\t\t\t\t<\/div>\n\t\t\t\t<\/div>\n\t\t\t\t<div class=\"elementor-element elementor-element-36d5ac6e elementor-widget elementor-widget-text-editor\" data-id=\"36d5ac6e\" data-element_type=\"widget\" data-e-type=\"widget\" data-widget_type=\"text-editor.default\">\n\t\t\t\t<div class=\"elementor-widget-container\">\n\t\t\t\t\t\t\t\t\t<div class=\"elementor-element elementor-element-b6f9d45 elementor-widget elementor-widget-text-editor\" data-id=\"b6f9d45\" data-element_type=\"text-editor.default\"><div class=\"elementor-widget-container\"><div class=\"elementor-text-editor elementor-clearfix\"><p style=\"text-align: center;\">Request performance rights:<\/p><\/div><\/div><\/div>\t\t\t\t\t\t\t\t<\/div>\n\t\t\t\t<\/div>\n\t\t\t\t<section class=\"elementor-section elementor-inner-section elementor-element elementor-element-2cd052ab elementor-section-boxed elementor-section-height-default elementor-section-height-default\" data-id=\"2cd052ab\" data-element_type=\"section\" data-e-type=\"section\">\n\t\t\t\t\t\t<div class=\"elementor-container elementor-column-gap-default\">\n\t\t\t\t\t<div class=\"elementor-column elementor-col-50 elementor-inner-column elementor-element elementor-element-6f6585e0\" data-id=\"6f6585e0\" data-element_type=\"column\" data-e-type=\"column\">\n\t\t\t<div class=\"elementor-widget-wrap elementor-element-populated\">\n\t\t\t\t\t\t<div class=\"elementor-element elementor-element-26b645ca elementor-button-info elementor-align-center elementor-widget elementor-widget-button\" data-id=\"26b645ca\" data-element_type=\"widget\" data-e-type=\"widget\" data-widget_type=\"button.default\">\n\t\t\t\t<div class=\"elementor-widget-container\">\n\t\t\t\t\t\t\t\t\t<div class=\"elementor-button-wrapper\">\n\t\t\t\t\t<a class=\"elementor-button elementor-button-link elementor-size-md\" href=\"\/licencia-amateur\">\n\t\t\t\t\t\t<span class=\"elementor-button-content-wrapper\">\n\t\t\t\t\t\t\t\t\t<span class=\"elementor-button-text\">Amateur: Rights Request<\/span>\n\t\t\t\t\t<\/span>\n\t\t\t\t\t<\/a>\n\t\t\t\t<\/div>\n\t\t\t\t\t\t\t\t<\/div>\n\t\t\t\t<\/div>\n\t\t\t\t\t<\/div>\n\t\t<\/div>\n\t\t\t\t<div class=\"elementor-column elementor-col-50 elementor-inner-column elementor-element elementor-element-42b40536\" data-id=\"42b40536\" data-element_type=\"column\" data-e-type=\"column\">\n\t\t\t<div class=\"elementor-widget-wrap elementor-element-populated\">\n\t\t\t\t\t\t<div class=\"elementor-element elementor-element-6cb85a91 elementor-button-info elementor-align-center elementor-widget elementor-widget-button\" data-id=\"6cb85a91\" data-element_type=\"widget\" data-e-type=\"widget\" data-widget_type=\"button.default\">\n\t\t\t\t<div class=\"elementor-widget-container\">\n\t\t\t\t\t\t\t\t\t<div class=\"elementor-button-wrapper\">\n\t\t\t\t\t<a class=\"elementor-button elementor-button-link elementor-size-md\" href=\"https:\/\/martafluvia.com\/en\/performance-rights-and-work-adaptation-request\/\">\n\t\t\t\t\t\t<span class=\"elementor-button-content-wrapper\">\n\t\t\t\t\t\t\t\t\t<span class=\"elementor-button-text\">Professional: Rights Request<\/span>\n\t\t\t\t\t<\/span>\n\t\t\t\t\t<\/a>\n\t\t\t\t<\/div>\n\t\t\t\t\t\t\t\t<\/div>\n\t\t\t\t<\/div>\n\t\t\t\t\t<\/div>\n\t\t<\/div>\n\t\t\t\t\t<\/div>\n\t\t<\/section>\n\t\t\t\t<div class=\"elementor-element elementor-element-6df8504f elementor-widget elementor-widget-spacer\" data-id=\"6df8504f\" data-element_type=\"widget\" data-e-type=\"widget\" data-widget_type=\"spacer.default\">\n\t\t\t\t<div class=\"elementor-widget-container\">\n\t\t\t\t\t\t\t<div class=\"elementor-spacer\">\n\t\t\t<div class=\"elementor-spacer-inner\"><\/div>\n\t\t<\/div>\n\t\t\t\t\t\t<\/div>\n\t\t\t\t<\/div>\n\t\t\t\t\t<\/div>\n\t\t<\/div>\n\t\t\t\t\t<\/div>\n\t\t<\/section>\n\t\t\t\t<\/div>\n\t\t","protected":false},"excerpt":{"rendered":"<p>BERNARD-MARIE KOLT\u00c8S Bernard-Marie Kolt\u00e8s (Metz, 1948-Paris, 1989) was a French playwright, writer and theatre director. He was born in Metz into a bourgeois family and was educated by Jesuits in Saint-Cl\u00e9ment. He took piano and organ lessons for several years and studied Journalism for a short time. However, Bernard-Marie Kolt\u00e8s was not to discover the &#8230; <a title=\"Bernard-Marie Kolt\u00e8s\" class=\"read-more\" href=\"https:\/\/martafluvia.com\/en\/bernard-marie-koltes\/\">Read more<\/a><\/p>\n","protected":false},"author":1,"featured_media":0,"parent":0,"menu_order":0,"comment_status":"closed","ping_status":"closed","template":"elementor_header_footer","meta":{"footnotes":""},"class_list":["post-1657","page","type-page","status-publish"],"yoast_head":"<!-- This site is optimized with the Yoast SEO plugin v27.3 - https:\/\/yoast.com\/product\/yoast-seo-wordpress\/ -->\n<title>Bernard-Marie Kolt\u00e8s - Marta Fluvi\u00e0<\/title>\n<meta name=\"description\" content=\"Get to know our author Bernard-Marie Kolt\u00e8s. Request your performance rights for any of his works using our form.\" \/>\n<meta name=\"robots\" content=\"index, follow, max-snippet:-1, max-image-preview:large, max-video-preview:-1\" \/>\n<link rel=\"canonical\" href=\"https:\/\/martafluvia.com\/en\/bernard-marie-koltes\/\" \/>\n<meta property=\"og:locale\" content=\"en_US\" \/>\n<meta property=\"og:type\" content=\"article\" \/>\n<meta property=\"og:title\" content=\"Bernard-Marie Kolt\u00e8s - Marta Fluvi\u00e0\" \/>\n<meta property=\"og:description\" content=\"Get to know our author Bernard-Marie Kolt\u00e8s. Request your performance rights for any of his works using our form.\" \/>\n<meta property=\"og:url\" content=\"https:\/\/martafluvia.com\/en\/bernard-marie-koltes\/\" \/>\n<meta property=\"og:site_name\" content=\"Marta Fluvi\u00e0\" \/>\n<meta property=\"article:publisher\" content=\"https:\/\/www.facebook.com\/martafluviaagency\/\" \/>\n<meta property=\"article:modified_time\" content=\"2023-05-21T17:18:19+00:00\" \/>\n<meta property=\"og:image\" content=\"https:\/\/martafluvia.com\/wp-content\/uploads\/elementor\/thumbs\/bernard-marie-koltc3a8s-1-q6stikqahf6mounujexh68rxgm378le57jlo663p4w.jpg\" \/>\n<meta name=\"twitter:card\" content=\"summary_large_image\" \/>\n<meta name=\"twitter:label1\" content=\"Est. reading time\" \/>\n\t<meta name=\"twitter:data1\" content=\"2 minutes\" \/>\n<script type=\"application\/ld+json\" class=\"yoast-schema-graph\">{\"@context\":\"https:\\\/\\\/schema.org\",\"@graph\":[{\"@type\":\"WebPage\",\"@id\":\"https:\\\/\\\/martafluvia.com\\\/en\\\/bernard-marie-koltes\\\/\",\"url\":\"https:\\\/\\\/martafluvia.com\\\/en\\\/bernard-marie-koltes\\\/\",\"name\":\"Bernard-Marie Kolt\u00e8s - Marta Fluvi\u00e0\",\"isPartOf\":{\"@id\":\"https:\\\/\\\/martafluvia.com\\\/en\\\/#website\"},\"primaryImageOfPage\":{\"@id\":\"https:\\\/\\\/martafluvia.com\\\/en\\\/bernard-marie-koltes\\\/#primaryimage\"},\"image\":{\"@id\":\"https:\\\/\\\/martafluvia.com\\\/en\\\/bernard-marie-koltes\\\/#primaryimage\"},\"thumbnailUrl\":\"https:\\\/\\\/martafluvia.com\\\/wp-content\\\/uploads\\\/elementor\\\/thumbs\\\/bernard-marie-koltc3a8s-1-q6stikqahf6mounujexh68rxgm378le57jlo663p4w.jpg\",\"datePublished\":\"2019-01-08T17:04:41+00:00\",\"dateModified\":\"2023-05-21T17:18:19+00:00\",\"description\":\"Get to know our author Bernard-Marie Kolt\u00e8s. Request your performance rights for any of his works using our form.\",\"breadcrumb\":{\"@id\":\"https:\\\/\\\/martafluvia.com\\\/en\\\/bernard-marie-koltes\\\/#breadcrumb\"},\"inLanguage\":\"en-US\",\"potentialAction\":[{\"@type\":\"ReadAction\",\"target\":[\"https:\\\/\\\/martafluvia.com\\\/en\\\/bernard-marie-koltes\\\/\"]}]},{\"@type\":\"ImageObject\",\"inLanguage\":\"en-US\",\"@id\":\"https:\\\/\\\/martafluvia.com\\\/en\\\/bernard-marie-koltes\\\/#primaryimage\",\"url\":\"https:\\\/\\\/martafluvia.com\\\/wp-content\\\/uploads\\\/elementor\\\/thumbs\\\/bernard-marie-koltc3a8s-1-q6stikqahf6mounujexh68rxgm378le57jlo663p4w.jpg\",\"contentUrl\":\"https:\\\/\\\/martafluvia.com\\\/wp-content\\\/uploads\\\/elementor\\\/thumbs\\\/bernard-marie-koltc3a8s-1-q6stikqahf6mounujexh68rxgm378le57jlo663p4w.jpg\"},{\"@type\":\"BreadcrumbList\",\"@id\":\"https:\\\/\\\/martafluvia.com\\\/en\\\/bernard-marie-koltes\\\/#breadcrumb\",\"itemListElement\":[{\"@type\":\"ListItem\",\"position\":1,\"name\":\"Portada\",\"item\":\"https:\\\/\\\/martafluvia.com\\\/en\\\/\"},{\"@type\":\"ListItem\",\"position\":2,\"name\":\"Bernard-Marie Kolt\u00e8s\"}]},{\"@type\":\"WebSite\",\"@id\":\"https:\\\/\\\/martafluvia.com\\\/en\\\/#website\",\"url\":\"https:\\\/\\\/martafluvia.com\\\/en\\\/\",\"name\":\"Marta Fluvi\u00e0\",\"description\":\"Theatrical Literary Agency\",\"publisher\":{\"@id\":\"https:\\\/\\\/martafluvia.com\\\/en\\\/#organization\"},\"potentialAction\":[{\"@type\":\"SearchAction\",\"target\":{\"@type\":\"EntryPoint\",\"urlTemplate\":\"https:\\\/\\\/martafluvia.com\\\/en\\\/?s={search_term_string}\"},\"query-input\":{\"@type\":\"PropertyValueSpecification\",\"valueRequired\":true,\"valueName\":\"search_term_string\"}}],\"inLanguage\":\"en-US\"},{\"@type\":\"Organization\",\"@id\":\"https:\\\/\\\/martafluvia.com\\\/en\\\/#organization\",\"name\":\"Marta Fluvi\u00e0 Agency\",\"url\":\"https:\\\/\\\/martafluvia.com\\\/en\\\/\",\"logo\":{\"@type\":\"ImageObject\",\"inLanguage\":\"en-US\",\"@id\":\"https:\\\/\\\/martafluvia.com\\\/en\\\/#\\\/schema\\\/logo\\\/image\\\/\",\"url\":\"https:\\\/\\\/martafluvia.com\\\/wp-content\\\/uploads\\\/2017\\\/12\\\/logo-marta-english-1.jpg\",\"contentUrl\":\"https:\\\/\\\/martafluvia.com\\\/wp-content\\\/uploads\\\/2017\\\/12\\\/logo-marta-english-1.jpg\",\"width\":2118,\"height\":783,\"caption\":\"Marta Fluvi\u00e0 Agency\"},\"image\":{\"@id\":\"https:\\\/\\\/martafluvia.com\\\/en\\\/#\\\/schema\\\/logo\\\/image\\\/\"},\"sameAs\":[\"https:\\\/\\\/www.facebook.com\\\/martafluviaagency\\\/\"]}]}<\/script>\n<!-- \/ Yoast SEO plugin. -->","yoast_head_json":{"title":"Bernard-Marie Kolt\u00e8s - Marta Fluvi\u00e0","description":"Get to know our author Bernard-Marie Kolt\u00e8s. Request your performance rights for any of his works using our form.","robots":{"index":"index","follow":"follow","max-snippet":"max-snippet:-1","max-image-preview":"max-image-preview:large","max-video-preview":"max-video-preview:-1"},"canonical":"https:\/\/martafluvia.com\/en\/bernard-marie-koltes\/","og_locale":"en_US","og_type":"article","og_title":"Bernard-Marie Kolt\u00e8s - Marta Fluvi\u00e0","og_description":"Get to know our author Bernard-Marie Kolt\u00e8s. Request your performance rights for any of his works using our form.","og_url":"https:\/\/martafluvia.com\/en\/bernard-marie-koltes\/","og_site_name":"Marta Fluvi\u00e0","article_publisher":"https:\/\/www.facebook.com\/martafluviaagency\/","article_modified_time":"2023-05-21T17:18:19+00:00","og_image":[{"url":"https:\/\/martafluvia.com\/wp-content\/uploads\/elementor\/thumbs\/bernard-marie-koltc3a8s-1-q6stikqahf6mounujexh68rxgm378le57jlo663p4w.jpg","type":"","width":"","height":""}],"twitter_card":"summary_large_image","twitter_misc":{"Est. reading time":"2 minutes"},"schema":{"@context":"https:\/\/schema.org","@graph":[{"@type":"WebPage","@id":"https:\/\/martafluvia.com\/en\/bernard-marie-koltes\/","url":"https:\/\/martafluvia.com\/en\/bernard-marie-koltes\/","name":"Bernard-Marie Kolt\u00e8s - Marta Fluvi\u00e0","isPartOf":{"@id":"https:\/\/martafluvia.com\/en\/#website"},"primaryImageOfPage":{"@id":"https:\/\/martafluvia.com\/en\/bernard-marie-koltes\/#primaryimage"},"image":{"@id":"https:\/\/martafluvia.com\/en\/bernard-marie-koltes\/#primaryimage"},"thumbnailUrl":"https:\/\/martafluvia.com\/wp-content\/uploads\/elementor\/thumbs\/bernard-marie-koltc3a8s-1-q6stikqahf6mounujexh68rxgm378le57jlo663p4w.jpg","datePublished":"2019-01-08T17:04:41+00:00","dateModified":"2023-05-21T17:18:19+00:00","description":"Get to know our author Bernard-Marie Kolt\u00e8s. Request your performance rights for any of his works using our form.","breadcrumb":{"@id":"https:\/\/martafluvia.com\/en\/bernard-marie-koltes\/#breadcrumb"},"inLanguage":"en-US","potentialAction":[{"@type":"ReadAction","target":["https:\/\/martafluvia.com\/en\/bernard-marie-koltes\/"]}]},{"@type":"ImageObject","inLanguage":"en-US","@id":"https:\/\/martafluvia.com\/en\/bernard-marie-koltes\/#primaryimage","url":"https:\/\/martafluvia.com\/wp-content\/uploads\/elementor\/thumbs\/bernard-marie-koltc3a8s-1-q6stikqahf6mounujexh68rxgm378le57jlo663p4w.jpg","contentUrl":"https:\/\/martafluvia.com\/wp-content\/uploads\/elementor\/thumbs\/bernard-marie-koltc3a8s-1-q6stikqahf6mounujexh68rxgm378le57jlo663p4w.jpg"},{"@type":"BreadcrumbList","@id":"https:\/\/martafluvia.com\/en\/bernard-marie-koltes\/#breadcrumb","itemListElement":[{"@type":"ListItem","position":1,"name":"Portada","item":"https:\/\/martafluvia.com\/en\/"},{"@type":"ListItem","position":2,"name":"Bernard-Marie Kolt\u00e8s"}]},{"@type":"WebSite","@id":"https:\/\/martafluvia.com\/en\/#website","url":"https:\/\/martafluvia.com\/en\/","name":"Marta Fluvi\u00e0","description":"Theatrical Literary Agency","publisher":{"@id":"https:\/\/martafluvia.com\/en\/#organization"},"potentialAction":[{"@type":"SearchAction","target":{"@type":"EntryPoint","urlTemplate":"https:\/\/martafluvia.com\/en\/?s={search_term_string}"},"query-input":{"@type":"PropertyValueSpecification","valueRequired":true,"valueName":"search_term_string"}}],"inLanguage":"en-US"},{"@type":"Organization","@id":"https:\/\/martafluvia.com\/en\/#organization","name":"Marta Fluvi\u00e0 Agency","url":"https:\/\/martafluvia.com\/en\/","logo":{"@type":"ImageObject","inLanguage":"en-US","@id":"https:\/\/martafluvia.com\/en\/#\/schema\/logo\/image\/","url":"https:\/\/martafluvia.com\/wp-content\/uploads\/2017\/12\/logo-marta-english-1.jpg","contentUrl":"https:\/\/martafluvia.com\/wp-content\/uploads\/2017\/12\/logo-marta-english-1.jpg","width":2118,"height":783,"caption":"Marta Fluvi\u00e0 Agency"},"image":{"@id":"https:\/\/martafluvia.com\/en\/#\/schema\/logo\/image\/"},"sameAs":["https:\/\/www.facebook.com\/martafluviaagency\/"]}]}},"_links":{"self":[{"href":"https:\/\/martafluvia.com\/en\/wp-json\/wp\/v2\/pages\/1657","targetHints":{"allow":["GET"]}}],"collection":[{"href":"https:\/\/martafluvia.com\/en\/wp-json\/wp\/v2\/pages"}],"about":[{"href":"https:\/\/martafluvia.com\/en\/wp-json\/wp\/v2\/types\/page"}],"author":[{"embeddable":true,"href":"https:\/\/martafluvia.com\/en\/wp-json\/wp\/v2\/users\/1"}],"replies":[{"embeddable":true,"href":"https:\/\/martafluvia.com\/en\/wp-json\/wp\/v2\/comments?post=1657"}],"version-history":[{"count":9,"href":"https:\/\/martafluvia.com\/en\/wp-json\/wp\/v2\/pages\/1657\/revisions"}],"predecessor-version":[{"id":17279,"href":"https:\/\/martafluvia.com\/en\/wp-json\/wp\/v2\/pages\/1657\/revisions\/17279"}],"wp:attachment":[{"href":"https:\/\/martafluvia.com\/en\/wp-json\/wp\/v2\/media?parent=1657"}],"curies":[{"name":"wp","href":"https:\/\/api.w.org\/{rel}","templated":true}]}}