{"id":13493,"date":"2021-06-01T11:28:25","date_gmt":"2021-06-01T10:28:25","guid":{"rendered":"https:\/\/martafluvia.com\/marta-barcelo\/"},"modified":"2023-05-21T21:45:37","modified_gmt":"2023-05-21T20:45:37","slug":"marta-barcelo","status":"publish","type":"page","link":"https:\/\/martafluvia.com\/en\/marta-barcelo\/","title":{"rendered":"Marta Barcel\u00f3"},"content":{"rendered":"\t\t<div data-elementor-type=\"wp-page\" data-elementor-id=\"13493\" class=\"elementor elementor-13493 elementor-13339\" data-elementor-post-type=\"page\">\n\t\t\t\t\t\t<section class=\"elementor-section elementor-top-section elementor-element elementor-element-93a05f5 elementor-section-boxed elementor-section-height-default elementor-section-height-default\" data-id=\"93a05f5\" data-element_type=\"section\" data-e-type=\"section\">\n\t\t\t\t\t\t<div class=\"elementor-container elementor-column-gap-default\">\n\t\t\t\t\t<div class=\"elementor-column elementor-col-100 elementor-top-column elementor-element elementor-element-2c80557b\" data-id=\"2c80557b\" data-element_type=\"column\" data-e-type=\"column\">\n\t\t\t<div class=\"elementor-widget-wrap elementor-element-populated\">\n\t\t\t\t\t\t<div class=\"elementor-element elementor-element-291ff529 elementor-widget elementor-widget-heading\" data-id=\"291ff529\" data-element_type=\"widget\" data-e-type=\"widget\" data-widget_type=\"heading.default\">\n\t\t\t\t<div class=\"elementor-widget-container\">\n\t\t\t\t\t<h2 class=\"elementor-heading-title elementor-size-default\">MARTA BARCEL\u00d3<\/h2>\t\t\t\t<\/div>\n\t\t\t\t<\/div>\n\t\t\t\t<div class=\"elementor-element elementor-element-17a12e elementor-widget elementor-widget-image\" data-id=\"17a12e\" data-element_type=\"widget\" data-e-type=\"widget\" data-widget_type=\"image.default\">\n\t\t\t\t<div class=\"elementor-widget-container\">\n\t\t\t\t\t\t\t\t\t\t\t\t\t\t\t<img decoding=\"async\" src=\"https:\/\/martafluvia.com\/wp-content\/uploads\/elementor\/thumbs\/foto-marta-barcelo-p80rb2g8je7c847z45j7251m3qyjc70bns7huksn40.jpg\" title=\"\" alt=\"\" loading=\"lazy\" \/>\t\t\t\t\t\t\t\t\t\t\t\t\t\t\t<\/div>\n\t\t\t\t<\/div>\n\t\t\t\t<div class=\"elementor-element elementor-element-356450fb elementor-widget elementor-widget-text-editor\" data-id=\"356450fb\" data-element_type=\"widget\" data-e-type=\"widget\" data-widget_type=\"text-editor.default\">\n\t\t\t\t<div class=\"elementor-widget-container\">\n\t\t\t\t\t\t\t\t\t<p style=\"font-weight: 400;\"><strong>MARTA BARCEL\u00d3 (Mallorca, 1973)<\/strong>. She has a degree in Dramatic Arts (gestural theatre specialty) at the Institut del Teatre of Barcelona. Later, she also studied circus at The Circus Space (London).<\/p><p style=\"font-weight: 400;\">\u00a0<\/p><p style=\"font-weight: 400;\">Her career is closely linked to the one of her production company, Res de Res and En Blanc (currently defunct), where she worked for twenty years as a creator, actress, trapeze artist, co-director or author of her first works of gestural theater, circus and text.<\/p><p style=\"font-weight: 400;\">\u00a0<\/p><p style=\"font-weight: 400;\">At the same time, since 2005 she has been working as a screenwriter in fiction series broadcast on the Balearic regional television such as <strong><em>Vallterra, Ll\u00e0grima de Sang, Migjorn, Treufoc<\/em> <\/strong>and<strong> <em>Pep.<\/em><\/strong><\/p><p style=\"font-weight: 400;\">\u00a0<\/p><p style=\"font-weight: 400;\">She has won the Balearic Islands Playwriting Tournament with <strong><em>Abans que arribi l\u2019alemany<\/em><\/strong> and the tournaments of Temporada Alta from Girona and Transatl\u00e1ntico from Buenos Aires with the text <em><strong>Tocar mare<\/strong><\/em>. The latter has been released in Germany, Greece and Romania.<\/p><p style=\"font-weight: 400;\">With the monologue\u00a0<em><strong>Anar a <\/strong><\/em><em><strong>Saturn<\/strong><\/em><strong><em>\u00a0i tornar<\/em><\/strong> she has won the Premi Palanca i Roca.<\/p><p style=\"font-weight: 400;\"><strong><em>Zona inundable<\/em><\/strong> is her latest work, premiered at the Teatre Nacional of Catalunya and a finalist show for de 2023 Max Awards. \u00a0<\/p><p style=\"font-weight: 400;\">\u00a0<\/p><p style=\"font-weight: 400;\">\u00a0<\/p><p style=\"font-weight: 400;\">She has also worked on children\u2019s novels <strong>(<em>L\u00fania<\/em><\/strong>, Guillem Cifre de Colonya award) and short plays.<\/p><p style=\"font-weight: 400;\">\u00a0<\/p><p style=\"font-weight: 400;\">Her work has been translated into Spanish, Greek, Italian, English and Romanian.<\/p><p style=\"font-weight: 400;\">\u00a0<\/p><p style=\"font-weight: 400;\">\u00a0<\/p><table style=\"font-weight: 400;\"><tbody><tr><td width=\"147\"><p><strong>TITTLE<\/strong><\/p><\/td><td width=\"121\"><p><strong>GENRE<\/strong><\/p><\/td><td width=\"149\"><p><strong>MALE CHARACTERS<\/strong><\/p><\/td><td width=\"149\"><p><strong>FEMALE CHARACTERS<\/strong><\/p><\/td><\/tr><tr><td width=\"147\"><p><em>Maria?<\/em><\/p><p><em>\u00a0<\/em><\/p><\/td><td width=\"121\"><p>Drama<\/p><\/td><td width=\"149\"><p>\u00a0<\/p><\/td><td width=\"149\"><p>3<\/p><\/td><\/tr><tr><td width=\"147\"><p><em>Abans que arribi l\u2019alemany<\/em><\/p><p><em>\u00a0<\/em><\/p><\/td><td width=\"121\"><p>Tragicomedy<\/p><\/td><td width=\"149\"><p>1<\/p><\/td><td width=\"149\"><p>1<\/p><\/td><\/tr><tr><td width=\"147\"><p><em>Tocar mare<\/em><\/p><p><em>\u00a0<\/em><\/p><\/td><td width=\"121\"><p>Comedy<\/p><\/td><td width=\"149\"><p>\u00a0<\/p><\/td><td width=\"149\"><p>2<\/p><\/td><\/tr><tr><td width=\"147\"><p><em>Zona inundable<\/em><\/p><p><em>\u00a0<\/em><\/p><\/td><td width=\"121\"><p>Drama<\/p><\/td><td width=\"149\"><p>3<\/p><\/td><td width=\"149\"><p>3<\/p><\/td><\/tr><\/tbody><\/table>\t\t\t\t\t\t\t\t<\/div>\n\t\t\t\t<\/div>\n\t\t\t\t\t<\/div>\n\t\t<\/div>\n\t\t\t\t\t<\/div>\n\t\t<\/section>\n\t\t\t\t<section class=\"elementor-section elementor-top-section elementor-element elementor-element-b8b7c0a elementor-section-boxed elementor-section-height-default elementor-section-height-default\" data-id=\"b8b7c0a\" data-element_type=\"section\" data-e-type=\"section\">\n\t\t\t\t\t\t<div class=\"elementor-container elementor-column-gap-default\">\n\t\t\t\t\t<div class=\"elementor-column elementor-col-100 elementor-top-column elementor-element elementor-element-6cd0c0db\" data-id=\"6cd0c0db\" data-element_type=\"column\" data-e-type=\"column\">\n\t\t\t<div class=\"elementor-widget-wrap elementor-element-populated\">\n\t\t\t\t\t\t<div class=\"elementor-element elementor-element-7d0bff83 elementor-widget-divider--view-line elementor-widget elementor-widget-divider\" data-id=\"7d0bff83\" data-element_type=\"widget\" data-e-type=\"widget\" data-widget_type=\"divider.default\">\n\t\t\t\t<div class=\"elementor-widget-container\">\n\t\t\t\t\t\t\t<div class=\"elementor-divider\">\n\t\t\t<span class=\"elementor-divider-separator\">\n\t\t\t\t\t\t<\/span>\n\t\t<\/div>\n\t\t\t\t\t\t<\/div>\n\t\t\t\t<\/div>\n\t\t\t\t<div class=\"elementor-element elementor-element-5da66c3a elementor-widget elementor-widget-text-editor\" data-id=\"5da66c3a\" data-element_type=\"widget\" data-e-type=\"widget\" data-widget_type=\"text-editor.default\">\n\t\t\t\t<div class=\"elementor-widget-container\">\n\t\t\t\t\t\t\t\t\t<div class=\"elementor-element elementor-element-b6f9d45 elementor-widget elementor-widget-text-editor\" data-id=\"b6f9d45\" data-element_type=\"text-editor.default\"><div class=\"elementor-widget-container\"><div class=\"elementor-text-editor elementor-clearfix\"><p style=\"text-align: center;\">Request performance rights:<\/p><\/div><\/div><\/div>\t\t\t\t\t\t\t\t<\/div>\n\t\t\t\t<\/div>\n\t\t\t\t<div class=\"elementor-element elementor-element-32963659 elementor-button-info elementor-align-center elementor-widget elementor-widget-button\" data-id=\"32963659\" data-element_type=\"widget\" data-e-type=\"widget\" data-widget_type=\"button.default\">\n\t\t\t\t<div class=\"elementor-widget-container\">\n\t\t\t\t\t\t\t\t\t<div class=\"elementor-button-wrapper\">\n\t\t\t\t\t<a class=\"elementor-button elementor-button-link elementor-size-md\" href=\"https:\/\/martafluvia.com\/en\/performance-rights-and-work-adaptation-request\/\">\n\t\t\t\t\t\t<span class=\"elementor-button-content-wrapper\">\n\t\t\t\t\t\t\t\t\t<span class=\"elementor-button-text\">Professional: Rights request<\/span>\n\t\t\t\t\t<\/span>\n\t\t\t\t\t<\/a>\n\t\t\t\t<\/div>\n\t\t\t\t\t\t\t\t<\/div>\n\t\t\t\t<\/div>\n\t\t\t\t<div class=\"elementor-element elementor-element-78c9831d elementor-widget elementor-widget-spacer\" data-id=\"78c9831d\" data-element_type=\"widget\" data-e-type=\"widget\" data-widget_type=\"spacer.default\">\n\t\t\t\t<div class=\"elementor-widget-container\">\n\t\t\t\t\t\t\t<div class=\"elementor-spacer\">\n\t\t\t<div class=\"elementor-spacer-inner\"><\/div>\n\t\t<\/div>\n\t\t\t\t\t\t<\/div>\n\t\t\t\t<\/div>\n\t\t\t\t\t<\/div>\n\t\t<\/div>\n\t\t\t\t\t<\/div>\n\t\t<\/section>\n\t\t\t\t<\/div>\n\t\t","protected":false},"excerpt":{"rendered":"<p>MARTA BARCEL\u00d3 MARTA BARCEL\u00d3 (Mallorca, 1973). She has a degree in Dramatic Arts (gestural theatre specialty) at the Institut del Teatre of Barcelona. Later, she also studied circus at The Circus Space (London). \u00a0 Her career is closely linked to the one of her production company, Res de Res and En Blanc (currently defunct), where &#8230; <a title=\"Marta Barcel\u00f3\" class=\"read-more\" href=\"https:\/\/martafluvia.com\/en\/marta-barcelo\/\">Read more<\/a><\/p>\n","protected":false},"author":1,"featured_media":0,"parent":0,"menu_order":0,"comment_status":"closed","ping_status":"closed","template":"elementor_header_footer","meta":{"footnotes":""},"class_list":["post-13493","page","type-page","status-publish"],"yoast_head":"<!-- This site is optimized with the Yoast SEO plugin v27.4 - https:\/\/yoast.com\/product\/yoast-seo-wordpress\/ -->\n<title>Marta Barcel\u00f3 - Marta Fluvi\u00e0<\/title>\n<meta name=\"robots\" content=\"index, follow, max-snippet:-1, max-image-preview:large, max-video-preview:-1\" \/>\n<link rel=\"canonical\" href=\"https:\/\/martafluvia.com\/en\/marta-barcelo\/\" \/>\n<meta property=\"og:locale\" content=\"en_US\" \/>\n<meta property=\"og:type\" content=\"article\" \/>\n<meta property=\"og:title\" content=\"Marta Barcel\u00f3 - Marta Fluvi\u00e0\" \/>\n<meta property=\"og:description\" content=\"MARTA BARCEL\u00d3 MARTA BARCEL\u00d3 (Mallorca, 1973). She has a degree in Dramatic Arts (gestural theatre specialty) at the Institut del Teatre of Barcelona. Later, she also studied circus at The Circus Space (London). \u00a0 Her career is closely linked to the one of her production company, Res de Res and En Blanc (currently defunct), where ... Read more\" \/>\n<meta property=\"og:url\" content=\"https:\/\/martafluvia.com\/en\/marta-barcelo\/\" \/>\n<meta property=\"og:site_name\" content=\"Marta Fluvi\u00e0\" \/>\n<meta property=\"article:publisher\" content=\"https:\/\/www.facebook.com\/martafluviaagency\/\" \/>\n<meta property=\"article:modified_time\" content=\"2023-05-21T20:45:37+00:00\" \/>\n<meta property=\"og:image\" content=\"https:\/\/martafluvia.com\/wp-content\/uploads\/elementor\/thumbs\/foto-marta-barcelo-p80rb2g8je7c847z45j7251m3qyjc70bns7huksn40.jpg\" \/>\n<meta name=\"twitter:card\" content=\"summary_large_image\" \/>\n<meta name=\"twitter:label1\" content=\"Est. reading time\" \/>\n\t<meta name=\"twitter:data1\" content=\"2 minutes\" \/>\n<script type=\"application\/ld+json\" class=\"yoast-schema-graph\">{\"@context\":\"https:\\\/\\\/schema.org\",\"@graph\":[{\"@type\":\"WebPage\",\"@id\":\"https:\\\/\\\/martafluvia.com\\\/en\\\/marta-barcelo\\\/\",\"url\":\"https:\\\/\\\/martafluvia.com\\\/en\\\/marta-barcelo\\\/\",\"name\":\"Marta Barcel\u00f3 - Marta Fluvi\u00e0\",\"isPartOf\":{\"@id\":\"https:\\\/\\\/martafluvia.com\\\/en\\\/#website\"},\"primaryImageOfPage\":{\"@id\":\"https:\\\/\\\/martafluvia.com\\\/en\\\/marta-barcelo\\\/#primaryimage\"},\"image\":{\"@id\":\"https:\\\/\\\/martafluvia.com\\\/en\\\/marta-barcelo\\\/#primaryimage\"},\"thumbnailUrl\":\"https:\\\/\\\/martafluvia.com\\\/wp-content\\\/uploads\\\/elementor\\\/thumbs\\\/foto-marta-barcelo-p80rb2g8je7c847z45j7251m3qyjc70bns7huksn40.jpg\",\"datePublished\":\"2021-06-01T10:28:25+00:00\",\"dateModified\":\"2023-05-21T20:45:37+00:00\",\"breadcrumb\":{\"@id\":\"https:\\\/\\\/martafluvia.com\\\/en\\\/marta-barcelo\\\/#breadcrumb\"},\"inLanguage\":\"en-US\",\"potentialAction\":[{\"@type\":\"ReadAction\",\"target\":[\"https:\\\/\\\/martafluvia.com\\\/en\\\/marta-barcelo\\\/\"]}]},{\"@type\":\"ImageObject\",\"inLanguage\":\"en-US\",\"@id\":\"https:\\\/\\\/martafluvia.com\\\/en\\\/marta-barcelo\\\/#primaryimage\",\"url\":\"https:\\\/\\\/martafluvia.com\\\/wp-content\\\/uploads\\\/elementor\\\/thumbs\\\/foto-marta-barcelo-p80rb2g8je7c847z45j7251m3qyjc70bns7huksn40.jpg\",\"contentUrl\":\"https:\\\/\\\/martafluvia.com\\\/wp-content\\\/uploads\\\/elementor\\\/thumbs\\\/foto-marta-barcelo-p80rb2g8je7c847z45j7251m3qyjc70bns7huksn40.jpg\"},{\"@type\":\"BreadcrumbList\",\"@id\":\"https:\\\/\\\/martafluvia.com\\\/en\\\/marta-barcelo\\\/#breadcrumb\",\"itemListElement\":[{\"@type\":\"ListItem\",\"position\":1,\"name\":\"Portada\",\"item\":\"https:\\\/\\\/martafluvia.com\\\/en\\\/\"},{\"@type\":\"ListItem\",\"position\":2,\"name\":\"Marta Barcel\u00f3\"}]},{\"@type\":\"WebSite\",\"@id\":\"https:\\\/\\\/martafluvia.com\\\/en\\\/#website\",\"url\":\"https:\\\/\\\/martafluvia.com\\\/en\\\/\",\"name\":\"Marta Fluvi\u00e0\",\"description\":\"Theatrical Literary Agency\",\"publisher\":{\"@id\":\"https:\\\/\\\/martafluvia.com\\\/en\\\/#organization\"},\"potentialAction\":[{\"@type\":\"SearchAction\",\"target\":{\"@type\":\"EntryPoint\",\"urlTemplate\":\"https:\\\/\\\/martafluvia.com\\\/en\\\/?s={search_term_string}\"},\"query-input\":{\"@type\":\"PropertyValueSpecification\",\"valueRequired\":true,\"valueName\":\"search_term_string\"}}],\"inLanguage\":\"en-US\"},{\"@type\":\"Organization\",\"@id\":\"https:\\\/\\\/martafluvia.com\\\/en\\\/#organization\",\"name\":\"Marta Fluvi\u00e0 Agency\",\"url\":\"https:\\\/\\\/martafluvia.com\\\/en\\\/\",\"logo\":{\"@type\":\"ImageObject\",\"inLanguage\":\"en-US\",\"@id\":\"https:\\\/\\\/martafluvia.com\\\/en\\\/#\\\/schema\\\/logo\\\/image\\\/\",\"url\":\"https:\\\/\\\/martafluvia.com\\\/wp-content\\\/uploads\\\/2017\\\/12\\\/logo-marta-english-1.jpg\",\"contentUrl\":\"https:\\\/\\\/martafluvia.com\\\/wp-content\\\/uploads\\\/2017\\\/12\\\/logo-marta-english-1.jpg\",\"width\":2118,\"height\":783,\"caption\":\"Marta Fluvi\u00e0 Agency\"},\"image\":{\"@id\":\"https:\\\/\\\/martafluvia.com\\\/en\\\/#\\\/schema\\\/logo\\\/image\\\/\"},\"sameAs\":[\"https:\\\/\\\/www.facebook.com\\\/martafluviaagency\\\/\"]}]}<\/script>\n<!-- \/ Yoast SEO plugin. -->","yoast_head_json":{"title":"Marta Barcel\u00f3 - Marta Fluvi\u00e0","robots":{"index":"index","follow":"follow","max-snippet":"max-snippet:-1","max-image-preview":"max-image-preview:large","max-video-preview":"max-video-preview:-1"},"canonical":"https:\/\/martafluvia.com\/en\/marta-barcelo\/","og_locale":"en_US","og_type":"article","og_title":"Marta Barcel\u00f3 - Marta Fluvi\u00e0","og_description":"MARTA BARCEL\u00d3 MARTA BARCEL\u00d3 (Mallorca, 1973). She has a degree in Dramatic Arts (gestural theatre specialty) at the Institut del Teatre of Barcelona. Later, she also studied circus at The Circus Space (London). \u00a0 Her career is closely linked to the one of her production company, Res de Res and En Blanc (currently defunct), where ... Read more","og_url":"https:\/\/martafluvia.com\/en\/marta-barcelo\/","og_site_name":"Marta Fluvi\u00e0","article_publisher":"https:\/\/www.facebook.com\/martafluviaagency\/","article_modified_time":"2023-05-21T20:45:37+00:00","og_image":[{"url":"https:\/\/martafluvia.com\/wp-content\/uploads\/elementor\/thumbs\/foto-marta-barcelo-p80rb2g8je7c847z45j7251m3qyjc70bns7huksn40.jpg","type":"","width":"","height":""}],"twitter_card":"summary_large_image","twitter_misc":{"Est. reading time":"2 minutes"},"schema":{"@context":"https:\/\/schema.org","@graph":[{"@type":"WebPage","@id":"https:\/\/martafluvia.com\/en\/marta-barcelo\/","url":"https:\/\/martafluvia.com\/en\/marta-barcelo\/","name":"Marta Barcel\u00f3 - Marta Fluvi\u00e0","isPartOf":{"@id":"https:\/\/martafluvia.com\/en\/#website"},"primaryImageOfPage":{"@id":"https:\/\/martafluvia.com\/en\/marta-barcelo\/#primaryimage"},"image":{"@id":"https:\/\/martafluvia.com\/en\/marta-barcelo\/#primaryimage"},"thumbnailUrl":"https:\/\/martafluvia.com\/wp-content\/uploads\/elementor\/thumbs\/foto-marta-barcelo-p80rb2g8je7c847z45j7251m3qyjc70bns7huksn40.jpg","datePublished":"2021-06-01T10:28:25+00:00","dateModified":"2023-05-21T20:45:37+00:00","breadcrumb":{"@id":"https:\/\/martafluvia.com\/en\/marta-barcelo\/#breadcrumb"},"inLanguage":"en-US","potentialAction":[{"@type":"ReadAction","target":["https:\/\/martafluvia.com\/en\/marta-barcelo\/"]}]},{"@type":"ImageObject","inLanguage":"en-US","@id":"https:\/\/martafluvia.com\/en\/marta-barcelo\/#primaryimage","url":"https:\/\/martafluvia.com\/wp-content\/uploads\/elementor\/thumbs\/foto-marta-barcelo-p80rb2g8je7c847z45j7251m3qyjc70bns7huksn40.jpg","contentUrl":"https:\/\/martafluvia.com\/wp-content\/uploads\/elementor\/thumbs\/foto-marta-barcelo-p80rb2g8je7c847z45j7251m3qyjc70bns7huksn40.jpg"},{"@type":"BreadcrumbList","@id":"https:\/\/martafluvia.com\/en\/marta-barcelo\/#breadcrumb","itemListElement":[{"@type":"ListItem","position":1,"name":"Portada","item":"https:\/\/martafluvia.com\/en\/"},{"@type":"ListItem","position":2,"name":"Marta Barcel\u00f3"}]},{"@type":"WebSite","@id":"https:\/\/martafluvia.com\/en\/#website","url":"https:\/\/martafluvia.com\/en\/","name":"Marta Fluvi\u00e0","description":"Theatrical Literary Agency","publisher":{"@id":"https:\/\/martafluvia.com\/en\/#organization"},"potentialAction":[{"@type":"SearchAction","target":{"@type":"EntryPoint","urlTemplate":"https:\/\/martafluvia.com\/en\/?s={search_term_string}"},"query-input":{"@type":"PropertyValueSpecification","valueRequired":true,"valueName":"search_term_string"}}],"inLanguage":"en-US"},{"@type":"Organization","@id":"https:\/\/martafluvia.com\/en\/#organization","name":"Marta Fluvi\u00e0 Agency","url":"https:\/\/martafluvia.com\/en\/","logo":{"@type":"ImageObject","inLanguage":"en-US","@id":"https:\/\/martafluvia.com\/en\/#\/schema\/logo\/image\/","url":"https:\/\/martafluvia.com\/wp-content\/uploads\/2017\/12\/logo-marta-english-1.jpg","contentUrl":"https:\/\/martafluvia.com\/wp-content\/uploads\/2017\/12\/logo-marta-english-1.jpg","width":2118,"height":783,"caption":"Marta Fluvi\u00e0 Agency"},"image":{"@id":"https:\/\/martafluvia.com\/en\/#\/schema\/logo\/image\/"},"sameAs":["https:\/\/www.facebook.com\/martafluviaagency\/"]}]}},"_links":{"self":[{"href":"https:\/\/martafluvia.com\/en\/wp-json\/wp\/v2\/pages\/13493","targetHints":{"allow":["GET"]}}],"collection":[{"href":"https:\/\/martafluvia.com\/en\/wp-json\/wp\/v2\/pages"}],"about":[{"href":"https:\/\/martafluvia.com\/en\/wp-json\/wp\/v2\/types\/page"}],"author":[{"embeddable":true,"href":"https:\/\/martafluvia.com\/en\/wp-json\/wp\/v2\/users\/1"}],"replies":[{"embeddable":true,"href":"https:\/\/martafluvia.com\/en\/wp-json\/wp\/v2\/comments?post=13493"}],"version-history":[{"count":67,"href":"https:\/\/martafluvia.com\/en\/wp-json\/wp\/v2\/pages\/13493\/revisions"}],"predecessor-version":[{"id":17519,"href":"https:\/\/martafluvia.com\/en\/wp-json\/wp\/v2\/pages\/13493\/revisions\/17519"}],"wp:attachment":[{"href":"https:\/\/martafluvia.com\/en\/wp-json\/wp\/v2\/media?parent=13493"}],"curies":[{"name":"wp","href":"https:\/\/api.w.org\/{rel}","templated":true}]}}