{"id":11523,"date":"2020-09-28T14:59:02","date_gmt":"2020-09-28T14:59:02","guid":{"rendered":"https:\/\/martafluvia.com\/sergi-belbel\/"},"modified":"2023-05-21T12:51:48","modified_gmt":"2023-05-21T11:51:48","slug":"sergi-belbel","status":"publish","type":"page","link":"https:\/\/martafluvia.com\/en\/sergi-belbel\/","title":{"rendered":"Sergi Belbel"},"content":{"rendered":"\t\t<div data-elementor-type=\"wp-post\" data-elementor-id=\"11523\" class=\"elementor elementor-11523 elementor-315\" data-elementor-post-type=\"page\">\n\t\t\t\t\t\t<section class=\"elementor-section elementor-top-section elementor-element elementor-element-dbf6663 elementor-section-boxed elementor-section-height-default elementor-section-height-default\" data-id=\"dbf6663\" data-element_type=\"section\" data-e-type=\"section\">\n\t\t\t\t\t\t<div class=\"elementor-container elementor-column-gap-default\">\n\t\t\t\t\t<div class=\"elementor-column elementor-col-100 elementor-top-column elementor-element elementor-element-89d703e\" data-id=\"89d703e\" data-element_type=\"column\" data-e-type=\"column\">\n\t\t\t<div class=\"elementor-widget-wrap elementor-element-populated\">\n\t\t\t\t\t\t<div class=\"elementor-element elementor-element-257c883 elementor-widget elementor-widget-heading\" data-id=\"257c883\" data-element_type=\"widget\" data-e-type=\"widget\" data-widget_type=\"heading.default\">\n\t\t\t\t<div class=\"elementor-widget-container\">\n\t\t\t\t\t<h2 class=\"elementor-heading-title elementor-size-default\">SERGI BELBEL<\/h2>\t\t\t\t<\/div>\n\t\t\t\t<\/div>\n\t\t\t\t<div class=\"elementor-element elementor-element-cfc0da8 elementor-widget elementor-widget-image\" data-id=\"cfc0da8\" data-element_type=\"widget\" data-e-type=\"widget\" data-widget_type=\"image.default\">\n\t\t\t\t<div class=\"elementor-widget-container\">\n\t\t\t\t\t\t\t\t\t\t\t\t\t\t\t<img fetchpriority=\"high\" decoding=\"async\" width=\"1024\" height=\"683\" src=\"https:\/\/martafluvia.com\/wp-content\/uploads\/2023\/05\/foto_SERGI_BELBEL-1-1-1024x683.jpg\" class=\"attachment-large size-large wp-image-17191\" alt=\"\" srcset=\"https:\/\/martafluvia.com\/wp-content\/uploads\/2023\/05\/foto_SERGI_BELBEL-1-1-1024x683.jpg 1024w, https:\/\/martafluvia.com\/wp-content\/uploads\/2023\/05\/foto_SERGI_BELBEL-1-1-300x200.jpg 300w, https:\/\/martafluvia.com\/wp-content\/uploads\/2023\/05\/foto_SERGI_BELBEL-1-1-768x512.jpg 768w, https:\/\/martafluvia.com\/wp-content\/uploads\/2023\/05\/foto_SERGI_BELBEL-1-1-1536x1024.jpg 1536w, https:\/\/martafluvia.com\/wp-content\/uploads\/2023\/05\/foto_SERGI_BELBEL-1-1-600x400.jpg 600w, https:\/\/martafluvia.com\/wp-content\/uploads\/2023\/05\/foto_SERGI_BELBEL-1-1-64x43.jpg 64w, https:\/\/martafluvia.com\/wp-content\/uploads\/2023\/05\/foto_SERGI_BELBEL-1-1.jpg 1920w\" sizes=\"(max-width: 1024px) 100vw, 1024px\" \/>\t\t\t\t\t\t\t\t\t\t\t\t\t\t\t<\/div>\n\t\t\t\t<\/div>\n\t\t\t\t<div class=\"elementor-element elementor-element-4de9db9 elementor-widget elementor-widget-text-editor\" data-id=\"4de9db9\" data-element_type=\"widget\" data-e-type=\"widget\" data-widget_type=\"text-editor.default\">\n\t\t\t\t<div class=\"elementor-widget-container\">\n\t\t\t\t\t\t\t\t\t<p style=\"font-weight: 400;\"><strong>SERGI BELBEL (Terrassa, Barcelona, 1963)<\/strong>. Author, translator, theater director, and educator. He graduated in Romance Philology from the Autonomous University of Barcelona in 1986. He was a Professor of Playwriting at the Institut del Teatre de Barcelona from 1988 to 2006. He was the Artistic Director of the Teatre Nacional de Catalunya from 2006 to 2013. He was the President of the Board of the Sala Beckett Foundation in Barcelona from 2016 to 2023.<\/p><p style=\"font-weight: 400;\">\u00a0<\/p><p style=\"font-weight: 400;\">His notable works include <strong><em>Minim.mal Show<\/em><\/strong> (written with Miquel G\u00f3rriz, 1986), <strong><em>Elsa Scnheider<\/em><\/strong> (1989), <strong><em>T\u00e0lem <\/em><\/strong>(1990), <strong><em>Car\u00edcies<\/em><\/strong> (1991), <strong><em>Despr\u00e9s de la pluja<\/em><\/strong> (1993), <strong><em>Morir<\/em><\/strong> (1994), <strong><em>La sang<\/em><\/strong> (1998), <strong><em>El temps de Planck<\/em><\/strong>(2000), <strong><em>Forasters<\/em><\/strong> (2004), <strong><em>M\u00f2bil<\/em><\/strong> (2005), <strong><em>A la Toscana<\/em><\/strong> (2007),<strong><em> Fora de joc<\/em><\/strong> (2010), <strong><em>Les roses de la vida<\/em><\/strong>(2017), <strong><em>Si no t\u2019hagu\u00e9s conegut<\/em><\/strong> (2018) <strong><em>Hamlet.01<\/em><\/strong> (2022) and <strong><em>Lali Symon<\/em><\/strong> (2023).<\/p><p style=\"font-weight: 400;\">\u00a0<\/p><p style=\"font-weight: 400;\">His works have premiered in over forty countries in Europe, America, and Asia, and have been translated into over twenty-five languages. The French version of his work <strong><em>Despr\u00e9s de la pluja<\/em><\/strong><em> (Apr\u00e8s la pluie<\/em>) premiered at the Com\u00e9die Fran\u00e7aise in October 2017. He has directed productions of many theater authors, both classical and contemporary. He has also written screenplays for cinema and television. He is the creator of the series <em>Si no t\u2019hagu\u00e9s conegut<\/em> (TV3, DiagonalTV, and Netflix, 2018).<\/p><p style=\"font-weight: 400;\">\u00a0<\/p><p style=\"font-weight: 400;\">He has received several awards, including the Premi Ignasi Igl\u00e9sias (1987), Premi Nacional de Literatura Catalana (1993-95), Premi Born (1995), Premio Nacional de Literatura Dram\u00e1tica del Ministerio de Cultura (1996), Premi Moli\u00e8re for the best comedy for <strong><em>Apr\u00e8s la pluie<\/em><\/strong> (1999), Premi Nacional de Teatre de la Generalitat de Catalunya (2000), Premio Max for international projection\u00a0<span style=\"color: var( --e-global-color-text ); font-family: var( --e-global-typography-text-font-family ), Sans-serif; letter-spacing: 0.2px;\">(2002), el Premi Ciutat de Barcelona (2003), varios Premis Butaca y un Premi Sant Jordi de novela (2021).<\/span><\/p><p style=\"font-weight: 400;\"><span style=\"color: var( --e-global-color-text ); font-family: var( --e-global-typography-text-font-family ), Sans-serif; letter-spacing: 0.2px;\">\u00a0<\/span><\/p><p style=\"font-weight: 400;\"><span style=\"color: var( --e-global-color-text ); font-family: var( --e-global-typography-text-font-family ), Sans-serif; letter-spacing: 0.2px;\">\u00a0<\/span><\/p><p style=\"font-weight: 400;\">\u00a0<\/p><p style=\"font-weight: 400;\">\u00a0<\/p><p style=\"font-weight: 400;\">CATALOGUE:<\/p><table style=\"font-weight: 400;\"><tbody><tr><td width=\"142\"><p><strong>TITTLE<\/strong><\/p><\/td><td width=\"142\"><p><strong>GENRE<\/strong><\/p><\/td><td width=\"142\"><p><strong>MALE CHARACTERS<\/strong><\/p><\/td><td width=\"142\"><p><strong>FEMALE CHARACTERS<\/strong><\/p><\/td><\/tr><tr><td width=\"142\"><p><em>Car\u00edcies<\/em><\/p><\/td><td width=\"142\"><p>Comedy<\/p><\/td><td width=\"142\"><p>6<\/p><\/td><td width=\"142\"><p>5<\/p><\/td><\/tr><tr><td width=\"142\"><p><em>A la Toscana <\/em><\/p><\/td><td width=\"142\"><p>Thriller<\/p><\/td><td width=\"142\"><p>2<\/p><\/td><td width=\"142\"><p>2<\/p><\/td><\/tr><tr><td width=\"142\"><p><em>Morir<\/em><\/p><\/td><td width=\"142\"><p>Comedy<\/p><\/td><td width=\"142\"><p>7<\/p><\/td><td width=\"142\"><p>7<\/p><\/td><\/tr><tr><td width=\"142\"><p><em>M\u00f2bil<\/em><\/p><\/td><td width=\"142\"><p>Comedy<\/p><\/td><td width=\"142\"><p>2<\/p><\/td><td width=\"142\"><p>2<\/p><\/td><\/tr><tr><td width=\"142\"><p><em>Caleidoscopis i fars d\u2019avui<\/em><\/p><\/td><td width=\"142\"><p>Drama<\/p><\/td><td width=\"142\"><p>7<\/p><\/td><td width=\"142\"><p>9<\/p><\/td><\/tr><tr><td width=\"142\"><p><em>Fora de joc<\/em><\/p><\/td><td width=\"142\"><p>Dramatic comedy<\/p><\/td><td width=\"142\"><p>3<\/p><\/td><td width=\"142\"><p>2<\/p><\/td><\/tr><tr><td width=\"142\"><p><em>La sang<\/em><\/p><\/td><td width=\"142\"><p>Drama<\/p><\/td><td width=\"142\"><p>4<\/p><\/td><td width=\"142\"><p>6<\/p><\/td><\/tr><tr><td width=\"142\"><p><em>Forasters<\/em><\/p><\/td><td width=\"142\"><p>Melodrama<\/p><\/td><td width=\"142\"><p>6<\/p><\/td><td width=\"142\"><p>3<\/p><\/td><\/tr><tr><td width=\"142\"><p><em>Despr\u00e9s de la pluja<\/em><\/p><\/td><td width=\"142\"><p>Comedy<\/p><\/td><td width=\"142\"><p>3<\/p><\/td><td width=\"142\"><p>5<\/p><\/td><\/tr><tr><td width=\"142\"><p><em>T\u00e0lem<\/em><\/p><\/td><td width=\"142\"><p>Comedy<\/p><\/td><td width=\"142\"><p>2<\/p><\/td><td width=\"142\"><p>2<\/p><\/td><\/tr><tr><td width=\"142\"><p><em>Elsa Schneider<\/em><\/p><\/td><td width=\"142\"><p>Drama<\/p><\/td><td width=\"142\">\u00a0<\/td><td width=\"142\"><p>3<\/p><\/td><\/tr><tr><td width=\"142\"><p><em>Les roses de la vida<\/em><\/p><\/td><td width=\"142\"><p>Comedy<\/p><\/td><td width=\"142\"><p>2<\/p><\/td><td width=\"142\"><p>2<\/p><\/td><\/tr><tr><td width=\"142\"><p><em>Si no t\u2019hagu\u00e9s conegut<\/em><\/p><\/td><td width=\"142\"><p>Drama<\/p><\/td><td width=\"142\"><p>2<\/p><\/td><td width=\"142\"><p>2<\/p><\/td><\/tr><tr><td width=\"142\"><p><em>Minim\u00b7mal show<\/em><\/p><\/td><td width=\"142\"><p>Comedy<\/p><\/td><td width=\"142\"><p>3<\/p><\/td><td width=\"142\"><p>2<\/p><\/td><\/tr><tr><td width=\"142\"><p><em>En companyia d\u2019abisme<\/em><\/p><\/td><td width=\"142\"><p>Drama<\/p><\/td><td width=\"142\"><p>2<\/p><\/td><td width=\"142\">\u00a0<\/td><\/tr><tr><td width=\"142\"><p><em>La boca tancada<\/em><\/p><\/td><td width=\"142\"><p>Comedy<\/p><\/td><td width=\"142\"><p>1<\/p><\/td><td width=\"142\"><p>3<\/p><\/td><\/tr><tr><td width=\"142\"><p><em>S\u00f3c lletja<\/em><\/p><\/td><td width=\"142\"><p>Musical comedy<\/p><\/td><td width=\"142\"><p>2<\/p><\/td><td width=\"142\"><p>2<\/p><\/td><\/tr><tr><td width=\"142\"><p><em>Angle Mort<\/em><\/p><\/td><td width=\"142\"><p>Comedy<\/p><\/td><td width=\"142\"><p>2<\/p><\/td><td width=\"142\"><p>2<\/p><\/td><\/tr><tr><td width=\"142\"><p><em>Hamlet.01<\/em><\/p><\/td><td width=\"142\"><p>Monologue Comedy<\/p><\/td><td width=\"142\"><p>1<\/p><\/td><td width=\"142\">\u00a0<\/td><\/tr><tr><td width=\"142\"><p><em>Lali Symon<\/em><\/p><\/td><td width=\"142\"><p>Comedy<\/p><\/td><td width=\"142\">\u00a0<\/td><td width=\"142\"><p>3<\/p><\/td><\/tr><tr><td width=\"142\"><p><em>El temps de Planck<\/em><\/p><\/td><td width=\"142\"><p>Musical comedy<\/p><\/td><td width=\"142\"><p>2<\/p><\/td><td width=\"142\"><p>5<\/p><\/td><\/tr><tr><td width=\"142\"><p><strong>\u00a0<\/strong><\/p><p><strong>ADAPTATIONS<\/strong><\/p><p><strong>\u00a0<\/strong><\/p><\/td><td width=\"142\">\u00a0<\/td><td width=\"142\">\u00a0<\/td><td width=\"142\">\u00a0<\/td><\/tr><tr><td width=\"142\"><p><em>Fedra <\/em>de Jean Racine<\/p><\/td><td width=\"142\"><p>Tragedy<\/p><\/td><td width=\"142\"><p>3<\/p><\/td><td width=\"142\"><p>4<\/p><\/td><\/tr><tr><td width=\"142\"><p><em>L\u2019avar <\/em>de Moli\u00e8re<\/p><\/td><td width=\"142\"><p>Comedy<\/p><\/td><td width=\"142\"><p>10<\/p><\/td><td width=\"142\"><p>4<\/p><\/td><\/tr><tr><td width=\"142\"><p><em>Caiguts del cel <\/em>de S\u00e9bastien Thi\u00e9ry<\/p><\/td><td width=\"142\"><p>Comedy<\/p><\/td><td width=\"142\"><p>2<\/p><\/td><td width=\"142\"><p>2<\/p><\/td><\/tr><tr><td width=\"142\"><p><em>Frank V <\/em>de Friedrich D\u00fcrenmatt<\/p><\/td><td width=\"142\"><p>Musical comedy<\/p><\/td><td width=\"142\"><p>12<\/p><\/td><td width=\"142\"><p>3<\/p><\/td><\/tr><tr><td width=\"142\"><p><em>Els dies feli\u00e7os <\/em>de Samuel Beckett<\/p><\/td><td width=\"142\"><p>Comedy<\/p><\/td><td width=\"142\"><p>1<\/p><\/td><td width=\"142\"><p>1<\/p><\/td><\/tr><tr><td width=\"142\"><p><em>Fi de partida <\/em>de Samuel Beckett<\/p><\/td><td width=\"142\"><p>Drama<\/p><\/td><td width=\"142\"><p>3<\/p><\/td><td width=\"142\"><p>1<\/p><\/td><\/tr><tr><td width=\"142\"><p><em>Els dies feli\u00e7os<\/em><\/p><\/td><td width=\"142\"><p>Comedy<\/p><\/td><td width=\"142\"><p>1<\/p><\/td><td width=\"142\"><p>1<\/p><\/td><\/tr><\/tbody><\/table>\t\t\t\t\t\t\t\t<\/div>\n\t\t\t\t<\/div>\n\t\t\t\t\t<\/div>\n\t\t<\/div>\n\t\t\t\t\t<\/div>\n\t\t<\/section>\n\t\t\t\t<section class=\"elementor-section elementor-top-section elementor-element elementor-element-5c9fd06d elementor-section-boxed elementor-section-height-default elementor-section-height-default\" data-id=\"5c9fd06d\" data-element_type=\"section\" data-e-type=\"section\">\n\t\t\t\t\t\t<div class=\"elementor-container elementor-column-gap-default\">\n\t\t\t\t\t<div class=\"elementor-column elementor-col-100 elementor-top-column elementor-element elementor-element-1a487a16\" data-id=\"1a487a16\" data-element_type=\"column\" data-e-type=\"column\">\n\t\t\t<div class=\"elementor-widget-wrap elementor-element-populated\">\n\t\t\t\t\t\t<div class=\"elementor-element elementor-element-6c3fc0a7 elementor-widget-divider--view-line elementor-widget elementor-widget-divider\" data-id=\"6c3fc0a7\" data-element_type=\"widget\" data-e-type=\"widget\" data-widget_type=\"divider.default\">\n\t\t\t\t<div class=\"elementor-widget-container\">\n\t\t\t\t\t\t\t<div class=\"elementor-divider\">\n\t\t\t<span class=\"elementor-divider-separator\">\n\t\t\t\t\t\t<\/span>\n\t\t<\/div>\n\t\t\t\t\t\t<\/div>\n\t\t\t\t<\/div>\n\t\t\t\t<div class=\"elementor-element elementor-element-fb4606 elementor-widget elementor-widget-text-editor\" data-id=\"fb4606\" data-element_type=\"widget\" data-e-type=\"widget\" data-widget_type=\"text-editor.default\">\n\t\t\t\t<div class=\"elementor-widget-container\">\n\t\t\t\t\t\t\t\t\t<div class=\"elementor-element elementor-element-b6f9d45 elementor-widget elementor-widget-text-editor\" data-id=\"b6f9d45\" data-element_type=\"text-editor.default\"><div class=\"elementor-widget-container\"><div class=\"elementor-text-editor elementor-clearfix\"><p style=\"text-align: center;\">Request performance rights:<\/p><\/div><\/div><\/div>\t\t\t\t\t\t\t\t<\/div>\n\t\t\t\t<\/div>\n\t\t\t\t<section class=\"elementor-section elementor-inner-section elementor-element elementor-element-ee76630 elementor-section-boxed elementor-section-height-default elementor-section-height-default\" data-id=\"ee76630\" data-element_type=\"section\" data-e-type=\"section\">\n\t\t\t\t\t\t<div class=\"elementor-container elementor-column-gap-default\">\n\t\t\t\t\t<div class=\"elementor-column elementor-col-50 elementor-inner-column elementor-element elementor-element-dcbfd38\" data-id=\"dcbfd38\" data-element_type=\"column\" data-e-type=\"column\">\n\t\t\t<div class=\"elementor-widget-wrap elementor-element-populated\">\n\t\t\t\t\t\t<div class=\"elementor-element elementor-element-cd0778e elementor-button-info elementor-align-center elementor-widget elementor-widget-button\" data-id=\"cd0778e\" data-element_type=\"widget\" data-e-type=\"widget\" data-widget_type=\"button.default\">\n\t\t\t\t<div class=\"elementor-widget-container\">\n\t\t\t\t\t\t\t\t\t<div class=\"elementor-button-wrapper\">\n\t\t\t\t\t<a class=\"elementor-button elementor-button-link elementor-size-md\" href=\"\/licencia-amateur\">\n\t\t\t\t\t\t<span class=\"elementor-button-content-wrapper\">\n\t\t\t\t\t\t\t\t\t<span class=\"elementor-button-text\">Amateur: Rights Request<\/span>\n\t\t\t\t\t<\/span>\n\t\t\t\t\t<\/a>\n\t\t\t\t<\/div>\n\t\t\t\t\t\t\t\t<\/div>\n\t\t\t\t<\/div>\n\t\t\t\t\t<\/div>\n\t\t<\/div>\n\t\t\t\t<div class=\"elementor-column elementor-col-50 elementor-inner-column elementor-element elementor-element-7c07e735\" data-id=\"7c07e735\" data-element_type=\"column\" data-e-type=\"column\">\n\t\t\t<div class=\"elementor-widget-wrap elementor-element-populated\">\n\t\t\t\t\t\t<div class=\"elementor-element elementor-element-16b0fa2e elementor-button-info elementor-align-center elementor-widget elementor-widget-button\" data-id=\"16b0fa2e\" data-element_type=\"widget\" data-e-type=\"widget\" data-widget_type=\"button.default\">\n\t\t\t\t<div class=\"elementor-widget-container\">\n\t\t\t\t\t\t\t\t\t<div class=\"elementor-button-wrapper\">\n\t\t\t\t\t<a class=\"elementor-button elementor-button-link elementor-size-md\" href=\"https:\/\/martafluvia.com\/en\/performance-rights-and-work-adaptation-request\/\">\n\t\t\t\t\t\t<span class=\"elementor-button-content-wrapper\">\n\t\t\t\t\t\t\t\t\t<span class=\"elementor-button-text\">Professional: Rights Request<\/span>\n\t\t\t\t\t<\/span>\n\t\t\t\t\t<\/a>\n\t\t\t\t<\/div>\n\t\t\t\t\t\t\t\t<\/div>\n\t\t\t\t<\/div>\n\t\t\t\t\t<\/div>\n\t\t<\/div>\n\t\t\t\t\t<\/div>\n\t\t<\/section>\n\t\t\t\t<div class=\"elementor-element elementor-element-51ab2cde elementor-widget elementor-widget-spacer\" data-id=\"51ab2cde\" data-element_type=\"widget\" data-e-type=\"widget\" data-widget_type=\"spacer.default\">\n\t\t\t\t<div class=\"elementor-widget-container\">\n\t\t\t\t\t\t\t<div class=\"elementor-spacer\">\n\t\t\t<div class=\"elementor-spacer-inner\"><\/div>\n\t\t<\/div>\n\t\t\t\t\t\t<\/div>\n\t\t\t\t<\/div>\n\t\t\t\t\t<\/div>\n\t\t<\/div>\n\t\t\t\t\t<\/div>\n\t\t<\/section>\n\t\t\t\t<\/div>\n\t\t","protected":false},"excerpt":{"rendered":"<p>SERGI BELBEL SERGI BELBEL (Terrassa, Barcelona, 1963). Author, translator, theater director, and educator. He graduated in Romance Philology from the Autonomous University of Barcelona in 1986. He was a Professor of Playwriting at the Institut del Teatre de Barcelona from 1988 to 2006. He was the Artistic Director of the Teatre Nacional de Catalunya from &#8230; <a title=\"Sergi Belbel\" class=\"read-more\" href=\"https:\/\/martafluvia.com\/en\/sergi-belbel\/\">Read more<\/a><\/p>\n","protected":false},"author":1,"featured_media":0,"parent":0,"menu_order":0,"comment_status":"closed","ping_status":"closed","template":"elementor_header_footer","meta":{"footnotes":""},"class_list":["post-11523","page","type-page","status-publish"],"yoast_head":"<!-- This site is optimized with the Yoast SEO plugin v27.5 - https:\/\/yoast.com\/product\/yoast-seo-wordpress\/ -->\n<title>Sergi Belbel - Marta Fluvi\u00e0<\/title>\n<meta name=\"description\" content=\"Get to know our author Sergi Belbel. Request your performance rights for any of his works using our form.\" \/>\n<meta name=\"robots\" content=\"index, follow, max-snippet:-1, max-image-preview:large, max-video-preview:-1\" \/>\n<link rel=\"canonical\" href=\"https:\/\/martafluvia.com\/en\/sergi-belbel\/\" \/>\n<meta property=\"og:locale\" content=\"en_US\" \/>\n<meta property=\"og:type\" content=\"article\" \/>\n<meta property=\"og:title\" content=\"Sergi Belbel - Marta Fluvi\u00e0\" \/>\n<meta property=\"og:description\" content=\"Get to know our author Sergi Belbel. Request your performance rights for any of his works using our form.\" \/>\n<meta property=\"og:url\" content=\"https:\/\/martafluvia.com\/en\/sergi-belbel\/\" \/>\n<meta property=\"og:site_name\" content=\"Marta Fluvi\u00e0\" \/>\n<meta property=\"article:publisher\" content=\"https:\/\/www.facebook.com\/martafluviaagency\/\" \/>\n<meta property=\"article:modified_time\" content=\"2023-05-21T11:51:48+00:00\" \/>\n<meta property=\"og:image\" content=\"https:\/\/martafluvia.com\/wp-content\/uploads\/2023\/05\/foto_SERGI_BELBEL-1-1-1024x683.jpg\" \/>\n<meta name=\"twitter:card\" content=\"summary_large_image\" \/>\n<meta name=\"twitter:label1\" content=\"Est. reading time\" \/>\n\t<meta name=\"twitter:data1\" content=\"3 minutes\" \/>\n<script type=\"application\/ld+json\" class=\"yoast-schema-graph\">{\"@context\":\"https:\\\/\\\/schema.org\",\"@graph\":[{\"@type\":\"WebPage\",\"@id\":\"https:\\\/\\\/martafluvia.com\\\/en\\\/sergi-belbel\\\/\",\"url\":\"https:\\\/\\\/martafluvia.com\\\/en\\\/sergi-belbel\\\/\",\"name\":\"Sergi Belbel - Marta Fluvi\u00e0\",\"isPartOf\":{\"@id\":\"https:\\\/\\\/martafluvia.com\\\/en\\\/#website\"},\"primaryImageOfPage\":{\"@id\":\"https:\\\/\\\/martafluvia.com\\\/en\\\/sergi-belbel\\\/#primaryimage\"},\"image\":{\"@id\":\"https:\\\/\\\/martafluvia.com\\\/en\\\/sergi-belbel\\\/#primaryimage\"},\"thumbnailUrl\":\"https:\\\/\\\/martafluvia.com\\\/wp-content\\\/uploads\\\/2023\\\/05\\\/foto_SERGI_BELBEL-1-1-1024x683.jpg\",\"datePublished\":\"2020-09-28T14:59:02+00:00\",\"dateModified\":\"2023-05-21T11:51:48+00:00\",\"description\":\"Get to know our author Sergi Belbel. Request your performance rights for any of his works using our form.\",\"breadcrumb\":{\"@id\":\"https:\\\/\\\/martafluvia.com\\\/en\\\/sergi-belbel\\\/#breadcrumb\"},\"inLanguage\":\"en-US\",\"potentialAction\":[{\"@type\":\"ReadAction\",\"target\":[\"https:\\\/\\\/martafluvia.com\\\/en\\\/sergi-belbel\\\/\"]}]},{\"@type\":\"ImageObject\",\"inLanguage\":\"en-US\",\"@id\":\"https:\\\/\\\/martafluvia.com\\\/en\\\/sergi-belbel\\\/#primaryimage\",\"url\":\"https:\\\/\\\/martafluvia.com\\\/wp-content\\\/uploads\\\/2023\\\/05\\\/foto_SERGI_BELBEL-1-1-1024x683.jpg\",\"contentUrl\":\"https:\\\/\\\/martafluvia.com\\\/wp-content\\\/uploads\\\/2023\\\/05\\\/foto_SERGI_BELBEL-1-1-1024x683.jpg\"},{\"@type\":\"BreadcrumbList\",\"@id\":\"https:\\\/\\\/martafluvia.com\\\/en\\\/sergi-belbel\\\/#breadcrumb\",\"itemListElement\":[{\"@type\":\"ListItem\",\"position\":1,\"name\":\"Portada\",\"item\":\"https:\\\/\\\/martafluvia.com\\\/en\\\/\"},{\"@type\":\"ListItem\",\"position\":2,\"name\":\"Sergi Belbel\"}]},{\"@type\":\"WebSite\",\"@id\":\"https:\\\/\\\/martafluvia.com\\\/en\\\/#website\",\"url\":\"https:\\\/\\\/martafluvia.com\\\/en\\\/\",\"name\":\"Marta Fluvi\u00e0\",\"description\":\"Theatrical Literary Agency\",\"publisher\":{\"@id\":\"https:\\\/\\\/martafluvia.com\\\/en\\\/#organization\"},\"potentialAction\":[{\"@type\":\"SearchAction\",\"target\":{\"@type\":\"EntryPoint\",\"urlTemplate\":\"https:\\\/\\\/martafluvia.com\\\/en\\\/?s={search_term_string}\"},\"query-input\":{\"@type\":\"PropertyValueSpecification\",\"valueRequired\":true,\"valueName\":\"search_term_string\"}}],\"inLanguage\":\"en-US\"},{\"@type\":\"Organization\",\"@id\":\"https:\\\/\\\/martafluvia.com\\\/en\\\/#organization\",\"name\":\"Marta Fluvi\u00e0 Agency\",\"url\":\"https:\\\/\\\/martafluvia.com\\\/en\\\/\",\"logo\":{\"@type\":\"ImageObject\",\"inLanguage\":\"en-US\",\"@id\":\"https:\\\/\\\/martafluvia.com\\\/en\\\/#\\\/schema\\\/logo\\\/image\\\/\",\"url\":\"https:\\\/\\\/martafluvia.com\\\/wp-content\\\/uploads\\\/2017\\\/12\\\/logo-marta-english-1.jpg\",\"contentUrl\":\"https:\\\/\\\/martafluvia.com\\\/wp-content\\\/uploads\\\/2017\\\/12\\\/logo-marta-english-1.jpg\",\"width\":2118,\"height\":783,\"caption\":\"Marta Fluvi\u00e0 Agency\"},\"image\":{\"@id\":\"https:\\\/\\\/martafluvia.com\\\/en\\\/#\\\/schema\\\/logo\\\/image\\\/\"},\"sameAs\":[\"https:\\\/\\\/www.facebook.com\\\/martafluviaagency\\\/\"]}]}<\/script>\n<!-- \/ Yoast SEO plugin. -->","yoast_head_json":{"title":"Sergi Belbel - Marta Fluvi\u00e0","description":"Get to know our author Sergi Belbel. Request your performance rights for any of his works using our form.","robots":{"index":"index","follow":"follow","max-snippet":"max-snippet:-1","max-image-preview":"max-image-preview:large","max-video-preview":"max-video-preview:-1"},"canonical":"https:\/\/martafluvia.com\/en\/sergi-belbel\/","og_locale":"en_US","og_type":"article","og_title":"Sergi Belbel - Marta Fluvi\u00e0","og_description":"Get to know our author Sergi Belbel. Request your performance rights for any of his works using our form.","og_url":"https:\/\/martafluvia.com\/en\/sergi-belbel\/","og_site_name":"Marta Fluvi\u00e0","article_publisher":"https:\/\/www.facebook.com\/martafluviaagency\/","article_modified_time":"2023-05-21T11:51:48+00:00","og_image":[{"url":"https:\/\/martafluvia.com\/wp-content\/uploads\/2023\/05\/foto_SERGI_BELBEL-1-1-1024x683.jpg","type":"","width":"","height":""}],"twitter_card":"summary_large_image","twitter_misc":{"Est. reading time":"3 minutes"},"schema":{"@context":"https:\/\/schema.org","@graph":[{"@type":"WebPage","@id":"https:\/\/martafluvia.com\/en\/sergi-belbel\/","url":"https:\/\/martafluvia.com\/en\/sergi-belbel\/","name":"Sergi Belbel - Marta Fluvi\u00e0","isPartOf":{"@id":"https:\/\/martafluvia.com\/en\/#website"},"primaryImageOfPage":{"@id":"https:\/\/martafluvia.com\/en\/sergi-belbel\/#primaryimage"},"image":{"@id":"https:\/\/martafluvia.com\/en\/sergi-belbel\/#primaryimage"},"thumbnailUrl":"https:\/\/martafluvia.com\/wp-content\/uploads\/2023\/05\/foto_SERGI_BELBEL-1-1-1024x683.jpg","datePublished":"2020-09-28T14:59:02+00:00","dateModified":"2023-05-21T11:51:48+00:00","description":"Get to know our author Sergi Belbel. Request your performance rights for any of his works using our form.","breadcrumb":{"@id":"https:\/\/martafluvia.com\/en\/sergi-belbel\/#breadcrumb"},"inLanguage":"en-US","potentialAction":[{"@type":"ReadAction","target":["https:\/\/martafluvia.com\/en\/sergi-belbel\/"]}]},{"@type":"ImageObject","inLanguage":"en-US","@id":"https:\/\/martafluvia.com\/en\/sergi-belbel\/#primaryimage","url":"https:\/\/martafluvia.com\/wp-content\/uploads\/2023\/05\/foto_SERGI_BELBEL-1-1-1024x683.jpg","contentUrl":"https:\/\/martafluvia.com\/wp-content\/uploads\/2023\/05\/foto_SERGI_BELBEL-1-1-1024x683.jpg"},{"@type":"BreadcrumbList","@id":"https:\/\/martafluvia.com\/en\/sergi-belbel\/#breadcrumb","itemListElement":[{"@type":"ListItem","position":1,"name":"Portada","item":"https:\/\/martafluvia.com\/en\/"},{"@type":"ListItem","position":2,"name":"Sergi Belbel"}]},{"@type":"WebSite","@id":"https:\/\/martafluvia.com\/en\/#website","url":"https:\/\/martafluvia.com\/en\/","name":"Marta Fluvi\u00e0","description":"Theatrical Literary Agency","publisher":{"@id":"https:\/\/martafluvia.com\/en\/#organization"},"potentialAction":[{"@type":"SearchAction","target":{"@type":"EntryPoint","urlTemplate":"https:\/\/martafluvia.com\/en\/?s={search_term_string}"},"query-input":{"@type":"PropertyValueSpecification","valueRequired":true,"valueName":"search_term_string"}}],"inLanguage":"en-US"},{"@type":"Organization","@id":"https:\/\/martafluvia.com\/en\/#organization","name":"Marta Fluvi\u00e0 Agency","url":"https:\/\/martafluvia.com\/en\/","logo":{"@type":"ImageObject","inLanguage":"en-US","@id":"https:\/\/martafluvia.com\/en\/#\/schema\/logo\/image\/","url":"https:\/\/martafluvia.com\/wp-content\/uploads\/2017\/12\/logo-marta-english-1.jpg","contentUrl":"https:\/\/martafluvia.com\/wp-content\/uploads\/2017\/12\/logo-marta-english-1.jpg","width":2118,"height":783,"caption":"Marta Fluvi\u00e0 Agency"},"image":{"@id":"https:\/\/martafluvia.com\/en\/#\/schema\/logo\/image\/"},"sameAs":["https:\/\/www.facebook.com\/martafluviaagency\/"]}]}},"_links":{"self":[{"href":"https:\/\/martafluvia.com\/en\/wp-json\/wp\/v2\/pages\/11523","targetHints":{"allow":["GET"]}}],"collection":[{"href":"https:\/\/martafluvia.com\/en\/wp-json\/wp\/v2\/pages"}],"about":[{"href":"https:\/\/martafluvia.com\/en\/wp-json\/wp\/v2\/types\/page"}],"author":[{"embeddable":true,"href":"https:\/\/martafluvia.com\/en\/wp-json\/wp\/v2\/users\/1"}],"replies":[{"embeddable":true,"href":"https:\/\/martafluvia.com\/en\/wp-json\/wp\/v2\/comments?post=11523"}],"version-history":[{"count":11,"href":"https:\/\/martafluvia.com\/en\/wp-json\/wp\/v2\/pages\/11523\/revisions"}],"predecessor-version":[{"id":17200,"href":"https:\/\/martafluvia.com\/en\/wp-json\/wp\/v2\/pages\/11523\/revisions\/17200"}],"wp:attachment":[{"href":"https:\/\/martafluvia.com\/en\/wp-json\/wp\/v2\/media?parent=11523"}],"curies":[{"name":"wp","href":"https:\/\/api.w.org\/{rel}","templated":true}]}}