{"id":27868,"date":"2025-10-17T22:31:18","date_gmt":"2025-10-17T21:31:18","guid":{"rendered":"https:\/\/martafluvia.com\/?page_id=27868"},"modified":"2025-10-17T22:38:39","modified_gmt":"2025-10-17T21:38:39","slug":"gabriel-calderon","status":"publish","type":"page","link":"https:\/\/martafluvia.com\/ca\/gabriel-calderon\/","title":{"rendered":"Gabriel Calder\u00f3n"},"content":{"rendered":"\t\t<div data-elementor-type=\"wp-post\" data-elementor-id=\"27868\" class=\"elementor elementor-27868 elementor-27866\" data-elementor-post-type=\"page\">\n\t\t\t\t\t\t<section class=\"elementor-section elementor-top-section elementor-element elementor-element-36c91025 elementor-section-boxed elementor-section-height-default elementor-section-height-default\" data-id=\"36c91025\" data-element_type=\"section\" data-e-type=\"section\">\n\t\t\t\t\t\t<div class=\"elementor-container elementor-column-gap-default\">\n\t\t\t\t\t<div class=\"elementor-column elementor-col-100 elementor-top-column elementor-element elementor-element-79ecba0f\" data-id=\"79ecba0f\" data-element_type=\"column\" data-e-type=\"column\">\n\t\t\t<div class=\"elementor-widget-wrap elementor-element-populated\">\n\t\t\t\t\t\t<div class=\"elementor-element elementor-element-25dae1a4 elementor-widget elementor-widget-heading\" data-id=\"25dae1a4\" data-element_type=\"widget\" data-e-type=\"widget\" data-widget_type=\"heading.default\">\n\t\t\t\t<div class=\"elementor-widget-container\">\n\t\t\t\t\t<h2 class=\"elementor-heading-title elementor-size-default\">GABRIEL CALDER\u00d3N<\/h2>\t\t\t\t<\/div>\n\t\t\t\t<\/div>\n\t\t\t\t<div class=\"elementor-element elementor-element-3030edd4 elementor-widget elementor-widget-image\" data-id=\"3030edd4\" data-element_type=\"widget\" data-e-type=\"widget\" data-widget_type=\"image.default\">\n\t\t\t\t<div class=\"elementor-widget-container\">\n\t\t\t\t\t\t\t\t\t\t\t\t\t\t\t<img decoding=\"async\" src=\"https:\/\/martafluvia.com\/wp-content\/uploads\/elementor\/thumbs\/gabriel_calderon-rdcw3f7grvr7t5lk2o35krioov8pok80flfjiysav4.jpg\" title=\"gabriel_calderon\" alt=\"gabriel_calderon\" loading=\"lazy\" \/>\t\t\t\t\t\t\t\t\t\t\t\t\t\t\t<\/div>\n\t\t\t\t<\/div>\n\t\t\t\t<div class=\"elementor-element elementor-element-ada6b82 elementor-widget elementor-widget-text-editor\" data-id=\"ada6b82\" data-element_type=\"widget\" data-e-type=\"widget\" data-widget_type=\"text-editor.default\">\n\t\t\t\t<div class=\"elementor-widget-container\">\n\t\t\t\t\t\t\t\t\t<p style=\"font-weight: 400;\"><strong>GABRIEL CALDER\u00d3N (Montevideo, 1982).<\/strong> Dramaturg, director i actor uruguai\u00e0. Ha escrit m\u00e9s de 30 obres de teatre i ha estat reconegut amb diferents premis, entre els quals destaca el Premi Nacional de Literatura de l\u2019Uruguai, que ha rebut en dues ocasions: el 2011 per la seva obra <em>Mi peque\u00f1o mundo porno<\/em> i el 2016 per <em>Tal vez la vida sea rid\u00edcula<\/em>.<\/p><p style=\"font-weight: 400;\">L\u2019any 2004 va rebre una beca de la Fundaci\u00f3 Carolina per cursar a Espanya el <em>Curso de profesionales en dramaturgia y direcci\u00f3n de teatro<\/em>, i el 2009 va participar a la <em>International Summer Residency for Emerging Playwrights<\/em> del Royal Court Theatre de Londres. Va ser membre del <em>Lincoln Center Theater Directors Lab<\/em> i artista resident del <em>Th\u00e9\u00e2tre des Quartiers d\u2019Ivry<\/em> de Par\u00eds.<\/p><p style=\"font-weight: 400;\">Les seves obres han estat tradu\u00efdes i estrenades en nombrosos pa\u00efsos d\u2019Europa i Llatinoam\u00e8rica. A m\u00e9s de la seva activitat com a autor i director, Calder\u00f3n ha estat gestor cultural i formador de noves generacions de dramaturgs. Va dirigir la Com\u00e8dia Nacional de l\u2019Uruguai i ha estat reconegut amb diversos premis internacionals.<\/p><p style=\"font-weight: 400;\">En els darrers anys ha intensificat la seva activitat a Europa, amb estrenes al teatre <em>Quartiers d\u2019Ivry<\/em> de Par\u00eds, al Festival d\u2019Aviny\u00f3 i al Festival de Tardor de Madrid, aix\u00ed com al Festival Temporada Alta, al Piccolo Teatro de Mil\u00e0, al Teatre Nacional de Catalunya i al Teatre Nacional de M\u00f2dena, a It\u00e0lia.<\/p><p style=\"font-weight: 400;\">Algunes de les seves obres m\u00e9s conegudes s\u00f3n <em>Mi mu\u00f1equita (la farsa)<\/em>; <em>Or<\/em>; <em>Ex \u2013 que revienten los actores<\/em>; <em>Uz, el pueblo<\/em>; <em>Hist\u00f2ria d\u2019un senglar (o alguna cosa de Ricard)<\/em>, <em>Ana contra la muerte <\/em>i, la m\u00e9s recent, <em>AI! La mis\u00e8ria ens far\u00e0 feli\u00e7os<\/em>. A les seves obres, Calder\u00f3n utilitza l\u2019humor \u00e0cid i la met\u00e0fora per abordar temes com l\u2019autoritarisme, la repressi\u00f3, la transmissi\u00f3 generacional del trauma o la hipocresia social. La seva escriptura combina el lirisme amb l\u2019absurd i la cr\u00edtica pol\u00edtica amb una profunda humanitat.<\/p>\t\t\t\t\t\t\t\t<\/div>\n\t\t\t\t<\/div>\n\t\t\t\t<div class=\"elementor-element elementor-element-e1626ff elementor-widget elementor-widget-text-editor\" data-id=\"e1626ff\" data-element_type=\"widget\" data-e-type=\"widget\" data-widget_type=\"text-editor.default\">\n\t\t\t\t<div class=\"elementor-widget-container\">\n\t\t\t\t\t\t\t\t\t<p>CAT\u00c0LEG:<\/p><table style=\"font-weight: 400;\"><tbody><tr><td width=\"189\"><p><strong>Obra<\/strong><\/p><\/td><td width=\"123\"><p><strong>Rols masculins<\/strong><\/p><\/td><td width=\"123\"><p><strong>Rols femenins<\/strong><\/p><\/td><td width=\"85\"><p><strong>Indefinit<\/strong><\/p><\/td><\/tr><tr><td width=\"189\"><p>Mi mu\u00f1equita<\/p><\/td><td width=\"123\"><p>3<\/p><\/td><td width=\"123\"><p>3<\/p><\/td><td width=\"85\"><p>\u00a0<\/p><\/td><\/tr><tr><td width=\"189\"><p>UZ<\/p><\/td><td width=\"123\"><p>5<\/p><\/td><td width=\"123\"><p>5<\/p><\/td><td width=\"85\"><p>\u00a0<\/p><\/td><\/tr><tr><td width=\"189\"><p>Or<\/p><\/td><td width=\"123\"><p>4\/5<\/p><\/td><td width=\"123\"><p>2\/3<\/p><\/td><td width=\"85\"><p>\u00a0<\/p><\/td><\/tr><tr><td width=\"189\"><p>Ex<\/p><\/td><td width=\"123\"><p>3<\/p><\/td><td width=\"123\"><p>3<\/p><\/td><td width=\"85\"><p>\u00a0<\/p><\/td><\/tr><tr><td width=\"189\"><p>If<\/p><\/td><td width=\"123\"><p>1<\/p><\/td><td width=\"123\"><p>3<\/p><\/td><td width=\"85\"><p>\u00a0<\/p><\/td><\/tr><tr><td width=\"189\"><p>Ay<\/p><\/td><td width=\"123\"><p>2<\/p><\/td><td width=\"123\"><p>2<\/p><\/td><td width=\"85\"><p>\u00a0<\/p><\/td><\/tr><tr><td width=\"189\"><p>Mitad de Dios<\/p><\/td><td width=\"123\"><p>3<\/p><\/td><td width=\"123\"><p>2<\/p><\/td><td width=\"85\"><p>\u00a0<\/p><\/td><\/tr><tr><td width=\"189\"><p>Eterno fin del mundo<\/p><\/td><td width=\"123\"><p>3<\/p><\/td><td width=\"123\"><p>3<\/p><\/td><td width=\"85\"><p>\u00a0<\/p><\/td><\/tr><tr><td width=\"189\"><p>Historia del Jabal\u00ed<\/p><\/td><td width=\"123\"><p>1<\/p><\/td><td width=\"123\"><p>0<\/p><\/td><td width=\"85\"><p>\u00a0<\/p><\/td><\/tr><tr><td width=\"189\"><p>Ana contra la Muerte<\/p><\/td><td width=\"123\"><p>0<\/p><\/td><td width=\"123\"><p>3<\/p><\/td><td width=\"85\"><p>\u00a0<\/p><\/td><\/tr><tr><td width=\"189\"><p>Tocar un Monstruo<\/p><\/td><td width=\"123\"><p>\u00a0<\/p><\/td><td width=\"123\"><p>\u00a0<\/p><\/td><td width=\"85\"><p>2<\/p><\/td><\/tr><\/tbody><\/table>\t\t\t\t\t\t\t\t<\/div>\n\t\t\t\t<\/div>\n\t\t\t\t\t<\/div>\n\t\t<\/div>\n\t\t\t\t\t<\/div>\n\t\t<\/section>\n\t\t\t\t<section class=\"elementor-section elementor-top-section elementor-element elementor-element-607a5ef9 elementor-section-boxed elementor-section-height-default elementor-section-height-default\" data-id=\"607a5ef9\" data-element_type=\"section\" data-e-type=\"section\">\n\t\t\t\t\t\t<div class=\"elementor-container elementor-column-gap-default\">\n\t\t\t\t\t<div class=\"elementor-column elementor-col-100 elementor-top-column elementor-element elementor-element-109b5495\" data-id=\"109b5495\" data-element_type=\"column\" data-e-type=\"column\">\n\t\t\t<div class=\"elementor-widget-wrap elementor-element-populated\">\n\t\t\t\t\t\t<div class=\"elementor-element elementor-element-4f3dd0f1 elementor-widget-divider--view-line elementor-widget elementor-widget-divider\" data-id=\"4f3dd0f1\" data-element_type=\"widget\" data-e-type=\"widget\" data-widget_type=\"divider.default\">\n\t\t\t\t<div class=\"elementor-widget-container\">\n\t\t\t\t\t\t\t<div class=\"elementor-divider\">\n\t\t\t<span class=\"elementor-divider-separator\">\n\t\t\t\t\t\t<\/span>\n\t\t<\/div>\n\t\t\t\t\t\t<\/div>\n\t\t\t\t<\/div>\n\t\t\t\t<div class=\"elementor-element elementor-element-2568bf85 elementor-widget elementor-widget-text-editor\" data-id=\"2568bf85\" data-element_type=\"widget\" data-e-type=\"widget\" data-widget_type=\"text-editor.default\">\n\t\t\t\t<div class=\"elementor-widget-container\">\n\t\t\t\t\t\t\t\t\t<div class=\"elementor-element elementor-element-b6f9d45 elementor-widget elementor-widget-text-editor\" data-id=\"b6f9d45\" data-element_type=\"text-editor.default\"><div class=\"elementor-widget-container\"><div class=\"elementor-text-editor elementor-clearfix\"><div class=\"elementor-element elementor-element-2568bf85 elementor-widget elementor-widget-text-editor\" data-id=\"2568bf85\" data-element_type=\"widget\" data-widget_type=\"text-editor.default\"><div class=\"elementor-widget-container\"><div class=\"elementor-element elementor-element-b6f9d45 elementor-widget elementor-widget-text-editor\" data-id=\"b6f9d45\" data-element_type=\"text-editor.default\"><div class=\"elementor-widget-container\"><div class=\"elementor-text-editor elementor-clearfix\"><p style=\"text-align: center;\">Solicitar drets de representaci\u00f3:<\/p><\/div><\/div><\/div><\/div><\/div><\/div><\/div><\/div>\t\t\t\t\t\t\t\t<\/div>\n\t\t\t\t<\/div>\n\t\t\t\t<section class=\"elementor-section elementor-inner-section elementor-element elementor-element-2f49ce95 elementor-section-boxed elementor-section-height-default elementor-section-height-default\" data-id=\"2f49ce95\" data-element_type=\"section\" data-e-type=\"section\">\n\t\t\t\t\t\t<div class=\"elementor-container elementor-column-gap-default\">\n\t\t\t\t\t<div class=\"elementor-column elementor-col-50 elementor-inner-column elementor-element elementor-element-5250c8d1\" data-id=\"5250c8d1\" data-element_type=\"column\" data-e-type=\"column\">\n\t\t\t<div class=\"elementor-widget-wrap elementor-element-populated\">\n\t\t\t\t\t\t<div class=\"elementor-element elementor-element-3614eb35 elementor-button-info elementor-align-center elementor-widget elementor-widget-button\" data-id=\"3614eb35\" data-element_type=\"widget\" data-e-type=\"widget\" data-widget_type=\"button.default\">\n\t\t\t\t<div class=\"elementor-widget-container\">\n\t\t\t\t\t\t\t\t\t<div class=\"elementor-button-wrapper\">\n\t\t\t\t\t<a class=\"elementor-button elementor-button-link elementor-size-md\" href=\"https:\/\/martafluvia.com\/licencia-amateur\/\">\n\t\t\t\t\t\t<span class=\"elementor-button-content-wrapper\">\n\t\t\t\t\t\t\t\t\t<span class=\"elementor-button-text\">Amateur: Solicitud de drets<\/span>\n\t\t\t\t\t<\/span>\n\t\t\t\t\t<\/a>\n\t\t\t\t<\/div>\n\t\t\t\t\t\t\t\t<\/div>\n\t\t\t\t<\/div>\n\t\t\t\t\t<\/div>\n\t\t<\/div>\n\t\t\t\t<div class=\"elementor-column elementor-col-50 elementor-inner-column elementor-element elementor-element-5b18941a\" data-id=\"5b18941a\" data-element_type=\"column\" data-e-type=\"column\">\n\t\t\t<div class=\"elementor-widget-wrap elementor-element-populated\">\n\t\t\t\t\t\t<div class=\"elementor-element elementor-element-29cab92 elementor-button-info elementor-align-center elementor-widget elementor-widget-button\" data-id=\"29cab92\" data-element_type=\"widget\" data-e-type=\"widget\" data-widget_type=\"button.default\">\n\t\t\t\t<div class=\"elementor-widget-container\">\n\t\t\t\t\t\t\t\t\t<div class=\"elementor-button-wrapper\">\n\t\t\t\t\t<a class=\"elementor-button elementor-button-link elementor-size-md\" href=\"https:\/\/martafluvia.com\/ca\/sol%c2%b7licitud-de-drets-de-representacio-i-adaptacio-dobra-teatral\/\">\n\t\t\t\t\t\t<span class=\"elementor-button-content-wrapper\">\n\t\t\t\t\t\t\t\t\t<span class=\"elementor-button-text\">Professional: Solicitud de drets<\/span>\n\t\t\t\t\t<\/span>\n\t\t\t\t\t<\/a>\n\t\t\t\t<\/div>\n\t\t\t\t\t\t\t\t<\/div>\n\t\t\t\t<\/div>\n\t\t\t\t\t<\/div>\n\t\t<\/div>\n\t\t\t\t\t<\/div>\n\t\t<\/section>\n\t\t\t\t<div class=\"elementor-element elementor-element-7099a6f3 elementor-widget elementor-widget-spacer\" data-id=\"7099a6f3\" data-element_type=\"widget\" data-e-type=\"widget\" data-widget_type=\"spacer.default\">\n\t\t\t\t<div class=\"elementor-widget-container\">\n\t\t\t\t\t\t\t<div class=\"elementor-spacer\">\n\t\t\t<div class=\"elementor-spacer-inner\"><\/div>\n\t\t<\/div>\n\t\t\t\t\t\t<\/div>\n\t\t\t\t<\/div>\n\t\t\t\t\t<\/div>\n\t\t<\/div>\n\t\t\t\t\t<\/div>\n\t\t<\/section>\n\t\t\t\t<\/div>\n\t\t","protected":false},"excerpt":{"rendered":"<p>GABRIEL CALDER\u00d3N GABRIEL CALDER\u00d3N (Montevideo, 1982). Dramaturg, director i actor uruguai\u00e0. Ha escrit m\u00e9s de 30 obres de teatre i ha estat reconegut amb diferents premis, entre els quals destaca el Premi Nacional de Literatura de l\u2019Uruguai, que ha rebut en dues ocasions: el 2011 per la seva obra Mi peque\u00f1o mundo porno i el &#8230; <a title=\"Gabriel Calder\u00f3n\" class=\"read-more\" href=\"https:\/\/martafluvia.com\/ca\/gabriel-calderon\/\">Llegiu m\u00e9s<\/a><\/p>\n","protected":false},"author":1,"featured_media":0,"parent":0,"menu_order":0,"comment_status":"closed","ping_status":"closed","template":"elementor_header_footer","meta":{"footnotes":""},"class_list":["post-27868","page","type-page","status-publish"],"yoast_head":"<!-- This site is optimized with the Yoast SEO plugin v27.3 - https:\/\/yoast.com\/product\/yoast-seo-wordpress\/ -->\n<title>Gabriel Calder\u00f3n - Marta Fluvi\u00e0<\/title>\n<meta name=\"description\" content=\"Conegui al nostre autor Nelson Valente. Sol\u00b7licitar els drets de representaci\u00f3 per a qualsevol de les seves obres mitjan\u00e7ant el nostre formulari.\" \/>\n<meta name=\"robots\" content=\"index, follow, max-snippet:-1, max-image-preview:large, max-video-preview:-1\" \/>\n<link rel=\"canonical\" href=\"https:\/\/martafluvia.com\/ca\/gabriel-calderon\/\" \/>\n<meta property=\"og:locale\" content=\"ca_ES\" \/>\n<meta property=\"og:type\" content=\"article\" \/>\n<meta property=\"og:title\" content=\"Gabriel Calder\u00f3n - Marta Fluvi\u00e0\" \/>\n<meta property=\"og:description\" content=\"Conegui al nostre autor Nelson Valente. Sol\u00b7licitar els drets de representaci\u00f3 per a qualsevol de les seves obres mitjan\u00e7ant el nostre formulari.\" \/>\n<meta property=\"og:url\" content=\"https:\/\/martafluvia.com\/ca\/gabriel-calderon\/\" \/>\n<meta property=\"og:site_name\" content=\"Marta Fluvi\u00e0\" \/>\n<meta property=\"article:publisher\" content=\"https:\/\/www.facebook.com\/martafluviaagency\/\" \/>\n<meta property=\"article:modified_time\" content=\"2025-10-17T21:38:39+00:00\" \/>\n<meta property=\"og:image\" content=\"https:\/\/martafluvia.com\/wp-content\/uploads\/elementor\/thumbs\/gabriel_calderon-rdcw3f7grvr7t5lk2o35krioov8pok80flfjiysav4.jpg\" \/>\n<meta name=\"twitter:card\" content=\"summary_large_image\" \/>\n<meta name=\"twitter:label1\" content=\"Temps estimat de lectura\" \/>\n\t<meta name=\"twitter:data1\" content=\"3 minuts\" \/>\n<script type=\"application\/ld+json\" class=\"yoast-schema-graph\">{\"@context\":\"https:\\\/\\\/schema.org\",\"@graph\":[{\"@type\":\"WebPage\",\"@id\":\"https:\\\/\\\/martafluvia.com\\\/ca\\\/gabriel-calderon\\\/\",\"url\":\"https:\\\/\\\/martafluvia.com\\\/ca\\\/gabriel-calderon\\\/\",\"name\":\"Gabriel Calder\u00f3n - Marta Fluvi\u00e0\",\"isPartOf\":{\"@id\":\"https:\\\/\\\/martafluvia.com\\\/en\\\/#website\"},\"primaryImageOfPage\":{\"@id\":\"https:\\\/\\\/martafluvia.com\\\/ca\\\/gabriel-calderon\\\/#primaryimage\"},\"image\":{\"@id\":\"https:\\\/\\\/martafluvia.com\\\/ca\\\/gabriel-calderon\\\/#primaryimage\"},\"thumbnailUrl\":\"https:\\\/\\\/martafluvia.com\\\/wp-content\\\/uploads\\\/elementor\\\/thumbs\\\/gabriel_calderon-rdcw3f7grvr7t5lk2o35krioov8pok80flfjiysav4.jpg\",\"datePublished\":\"2025-10-17T21:31:18+00:00\",\"dateModified\":\"2025-10-17T21:38:39+00:00\",\"description\":\"Conegui al nostre autor Nelson Valente. Sol\u00b7licitar els drets de representaci\u00f3 per a qualsevol de les seves obres mitjan\u00e7ant el nostre formulari.\",\"breadcrumb\":{\"@id\":\"https:\\\/\\\/martafluvia.com\\\/ca\\\/gabriel-calderon\\\/#breadcrumb\"},\"inLanguage\":\"ca\",\"potentialAction\":[{\"@type\":\"ReadAction\",\"target\":[\"https:\\\/\\\/martafluvia.com\\\/ca\\\/gabriel-calderon\\\/\"]}]},{\"@type\":\"ImageObject\",\"inLanguage\":\"ca\",\"@id\":\"https:\\\/\\\/martafluvia.com\\\/ca\\\/gabriel-calderon\\\/#primaryimage\",\"url\":\"https:\\\/\\\/martafluvia.com\\\/wp-content\\\/uploads\\\/elementor\\\/thumbs\\\/gabriel_calderon-rdcw3f7grvr7t5lk2o35krioov8pok80flfjiysav4.jpg\",\"contentUrl\":\"https:\\\/\\\/martafluvia.com\\\/wp-content\\\/uploads\\\/elementor\\\/thumbs\\\/gabriel_calderon-rdcw3f7grvr7t5lk2o35krioov8pok80flfjiysav4.jpg\"},{\"@type\":\"BreadcrumbList\",\"@id\":\"https:\\\/\\\/martafluvia.com\\\/ca\\\/gabriel-calderon\\\/#breadcrumb\",\"itemListElement\":[{\"@type\":\"ListItem\",\"position\":1,\"name\":\"Portada\",\"item\":\"https:\\\/\\\/martafluvia.com\\\/ca\\\/\"},{\"@type\":\"ListItem\",\"position\":2,\"name\":\"Gabriel Calder\u00f3n\"}]},{\"@type\":\"WebSite\",\"@id\":\"https:\\\/\\\/martafluvia.com\\\/en\\\/#website\",\"url\":\"https:\\\/\\\/martafluvia.com\\\/en\\\/\",\"name\":\"Marta Fluvi\u00e0\",\"description\":\"Theatrical Literary Agency\",\"publisher\":{\"@id\":\"https:\\\/\\\/martafluvia.com\\\/en\\\/#organization\"},\"potentialAction\":[{\"@type\":\"SearchAction\",\"target\":{\"@type\":\"EntryPoint\",\"urlTemplate\":\"https:\\\/\\\/martafluvia.com\\\/en\\\/?s={search_term_string}\"},\"query-input\":{\"@type\":\"PropertyValueSpecification\",\"valueRequired\":true,\"valueName\":\"search_term_string\"}}],\"inLanguage\":\"ca\"},{\"@type\":\"Organization\",\"@id\":\"https:\\\/\\\/martafluvia.com\\\/en\\\/#organization\",\"name\":\"Marta Fluvi\u00e0 Agency\",\"url\":\"https:\\\/\\\/martafluvia.com\\\/en\\\/\",\"logo\":{\"@type\":\"ImageObject\",\"inLanguage\":\"ca\",\"@id\":\"https:\\\/\\\/martafluvia.com\\\/en\\\/#\\\/schema\\\/logo\\\/image\\\/\",\"url\":\"https:\\\/\\\/martafluvia.com\\\/wp-content\\\/uploads\\\/2017\\\/12\\\/logo-marta-english-1.jpg\",\"contentUrl\":\"https:\\\/\\\/martafluvia.com\\\/wp-content\\\/uploads\\\/2017\\\/12\\\/logo-marta-english-1.jpg\",\"width\":2118,\"height\":783,\"caption\":\"Marta Fluvi\u00e0 Agency\"},\"image\":{\"@id\":\"https:\\\/\\\/martafluvia.com\\\/en\\\/#\\\/schema\\\/logo\\\/image\\\/\"},\"sameAs\":[\"https:\\\/\\\/www.facebook.com\\\/martafluviaagency\\\/\"]}]}<\/script>\n<!-- \/ Yoast SEO plugin. -->","yoast_head_json":{"title":"Gabriel Calder\u00f3n - Marta Fluvi\u00e0","description":"Conegui al nostre autor Nelson Valente. Sol\u00b7licitar els drets de representaci\u00f3 per a qualsevol de les seves obres mitjan\u00e7ant el nostre formulari.","robots":{"index":"index","follow":"follow","max-snippet":"max-snippet:-1","max-image-preview":"max-image-preview:large","max-video-preview":"max-video-preview:-1"},"canonical":"https:\/\/martafluvia.com\/ca\/gabriel-calderon\/","og_locale":"ca_ES","og_type":"article","og_title":"Gabriel Calder\u00f3n - Marta Fluvi\u00e0","og_description":"Conegui al nostre autor Nelson Valente. Sol\u00b7licitar els drets de representaci\u00f3 per a qualsevol de les seves obres mitjan\u00e7ant el nostre formulari.","og_url":"https:\/\/martafluvia.com\/ca\/gabriel-calderon\/","og_site_name":"Marta Fluvi\u00e0","article_publisher":"https:\/\/www.facebook.com\/martafluviaagency\/","article_modified_time":"2025-10-17T21:38:39+00:00","og_image":[{"url":"https:\/\/martafluvia.com\/wp-content\/uploads\/elementor\/thumbs\/gabriel_calderon-rdcw3f7grvr7t5lk2o35krioov8pok80flfjiysav4.jpg","type":"","width":"","height":""}],"twitter_card":"summary_large_image","twitter_misc":{"Temps estimat de lectura":"3 minuts"},"schema":{"@context":"https:\/\/schema.org","@graph":[{"@type":"WebPage","@id":"https:\/\/martafluvia.com\/ca\/gabriel-calderon\/","url":"https:\/\/martafluvia.com\/ca\/gabriel-calderon\/","name":"Gabriel Calder\u00f3n - Marta Fluvi\u00e0","isPartOf":{"@id":"https:\/\/martafluvia.com\/en\/#website"},"primaryImageOfPage":{"@id":"https:\/\/martafluvia.com\/ca\/gabriel-calderon\/#primaryimage"},"image":{"@id":"https:\/\/martafluvia.com\/ca\/gabriel-calderon\/#primaryimage"},"thumbnailUrl":"https:\/\/martafluvia.com\/wp-content\/uploads\/elementor\/thumbs\/gabriel_calderon-rdcw3f7grvr7t5lk2o35krioov8pok80flfjiysav4.jpg","datePublished":"2025-10-17T21:31:18+00:00","dateModified":"2025-10-17T21:38:39+00:00","description":"Conegui al nostre autor Nelson Valente. Sol\u00b7licitar els drets de representaci\u00f3 per a qualsevol de les seves obres mitjan\u00e7ant el nostre formulari.","breadcrumb":{"@id":"https:\/\/martafluvia.com\/ca\/gabriel-calderon\/#breadcrumb"},"inLanguage":"ca","potentialAction":[{"@type":"ReadAction","target":["https:\/\/martafluvia.com\/ca\/gabriel-calderon\/"]}]},{"@type":"ImageObject","inLanguage":"ca","@id":"https:\/\/martafluvia.com\/ca\/gabriel-calderon\/#primaryimage","url":"https:\/\/martafluvia.com\/wp-content\/uploads\/elementor\/thumbs\/gabriel_calderon-rdcw3f7grvr7t5lk2o35krioov8pok80flfjiysav4.jpg","contentUrl":"https:\/\/martafluvia.com\/wp-content\/uploads\/elementor\/thumbs\/gabriel_calderon-rdcw3f7grvr7t5lk2o35krioov8pok80flfjiysav4.jpg"},{"@type":"BreadcrumbList","@id":"https:\/\/martafluvia.com\/ca\/gabriel-calderon\/#breadcrumb","itemListElement":[{"@type":"ListItem","position":1,"name":"Portada","item":"https:\/\/martafluvia.com\/ca\/"},{"@type":"ListItem","position":2,"name":"Gabriel Calder\u00f3n"}]},{"@type":"WebSite","@id":"https:\/\/martafluvia.com\/en\/#website","url":"https:\/\/martafluvia.com\/en\/","name":"Marta Fluvi\u00e0","description":"Theatrical Literary Agency","publisher":{"@id":"https:\/\/martafluvia.com\/en\/#organization"},"potentialAction":[{"@type":"SearchAction","target":{"@type":"EntryPoint","urlTemplate":"https:\/\/martafluvia.com\/en\/?s={search_term_string}"},"query-input":{"@type":"PropertyValueSpecification","valueRequired":true,"valueName":"search_term_string"}}],"inLanguage":"ca"},{"@type":"Organization","@id":"https:\/\/martafluvia.com\/en\/#organization","name":"Marta Fluvi\u00e0 Agency","url":"https:\/\/martafluvia.com\/en\/","logo":{"@type":"ImageObject","inLanguage":"ca","@id":"https:\/\/martafluvia.com\/en\/#\/schema\/logo\/image\/","url":"https:\/\/martafluvia.com\/wp-content\/uploads\/2017\/12\/logo-marta-english-1.jpg","contentUrl":"https:\/\/martafluvia.com\/wp-content\/uploads\/2017\/12\/logo-marta-english-1.jpg","width":2118,"height":783,"caption":"Marta Fluvi\u00e0 Agency"},"image":{"@id":"https:\/\/martafluvia.com\/en\/#\/schema\/logo\/image\/"},"sameAs":["https:\/\/www.facebook.com\/martafluviaagency\/"]}]}},"_links":{"self":[{"href":"https:\/\/martafluvia.com\/ca\/wp-json\/wp\/v2\/pages\/27868","targetHints":{"allow":["GET"]}}],"collection":[{"href":"https:\/\/martafluvia.com\/ca\/wp-json\/wp\/v2\/pages"}],"about":[{"href":"https:\/\/martafluvia.com\/ca\/wp-json\/wp\/v2\/types\/page"}],"author":[{"embeddable":true,"href":"https:\/\/martafluvia.com\/ca\/wp-json\/wp\/v2\/users\/1"}],"replies":[{"embeddable":true,"href":"https:\/\/martafluvia.com\/ca\/wp-json\/wp\/v2\/comments?post=27868"}],"version-history":[{"count":11,"href":"https:\/\/martafluvia.com\/ca\/wp-json\/wp\/v2\/pages\/27868\/revisions"}],"predecessor-version":[{"id":27897,"href":"https:\/\/martafluvia.com\/ca\/wp-json\/wp\/v2\/pages\/27868\/revisions\/27897"}],"wp:attachment":[{"href":"https:\/\/martafluvia.com\/ca\/wp-json\/wp\/v2\/media?parent=27868"}],"curies":[{"name":"wp","href":"https:\/\/api.w.org\/{rel}","templated":true}]}}