{"id":27683,"date":"2025-09-21T19:33:07","date_gmt":"2025-09-21T18:33:07","guid":{"rendered":"https:\/\/martafluvia.com\/?page_id=27683"},"modified":"2025-10-17T22:22:52","modified_gmt":"2025-10-17T21:22:52","slug":"nelson-valente","status":"publish","type":"page","link":"https:\/\/martafluvia.com\/ca\/nelson-valente\/","title":{"rendered":"Nelson Valente"},"content":{"rendered":"\t\t<div data-elementor-type=\"wp-post\" data-elementor-id=\"27683\" class=\"elementor elementor-27683 elementor-27682\" data-elementor-post-type=\"page\">\n\t\t\t\t\t\t<section class=\"elementor-section elementor-top-section elementor-element elementor-element-36c91025 elementor-section-boxed elementor-section-height-default elementor-section-height-default\" data-id=\"36c91025\" data-element_type=\"section\" data-e-type=\"section\">\n\t\t\t\t\t\t<div class=\"elementor-container elementor-column-gap-default\">\n\t\t\t\t\t<div class=\"elementor-column elementor-col-100 elementor-top-column elementor-element elementor-element-79ecba0f\" data-id=\"79ecba0f\" data-element_type=\"column\" data-e-type=\"column\">\n\t\t\t<div class=\"elementor-widget-wrap elementor-element-populated\">\n\t\t\t\t\t\t<div class=\"elementor-element elementor-element-25dae1a4 elementor-widget elementor-widget-heading\" data-id=\"25dae1a4\" data-element_type=\"widget\" data-e-type=\"widget\" data-widget_type=\"heading.default\">\n\t\t\t\t<div class=\"elementor-widget-container\">\n\t\t\t\t\t<h2 class=\"elementor-heading-title elementor-size-default\">NELSON VALENTE<\/h2>\t\t\t\t<\/div>\n\t\t\t\t<\/div>\n\t\t\t\t<div class=\"elementor-element elementor-element-3030edd4 elementor-widget elementor-widget-image\" data-id=\"3030edd4\" data-element_type=\"widget\" data-e-type=\"widget\" data-widget_type=\"image.default\">\n\t\t\t\t<div class=\"elementor-widget-container\">\n\t\t\t\t\t\t\t\t\t\t\t\t\t\t\t<img decoding=\"async\" src=\"https:\/\/martafluvia.com\/wp-content\/uploads\/elementor\/thumbs\/www-sergipanizo-cat_nelson_003-1-rc3fngag51pkqmisln97aztai8ucrrsa4f084g5fy8.jpeg\" title=\"\" alt=\"\" loading=\"lazy\" \/>\t\t\t\t\t\t\t\t\t\t\t\t\t\t\t<\/div>\n\t\t\t\t<\/div>\n\t\t\t\t<div class=\"elementor-element elementor-element-ada6b82 elementor-widget elementor-widget-text-editor\" data-id=\"ada6b82\" data-element_type=\"widget\" data-e-type=\"widget\" data-widget_type=\"text-editor.default\">\n\t\t\t\t<div class=\"elementor-widget-container\">\n\t\t\t\t\t\t\t\t\t<p style=\"font-weight: 400;\"><strong>NELSON VALENTE (Buenos Aires, 1971).<\/strong> Director, dramaturg i docent teatral. Format a l\u2019EMAD de Madrid i a l\u2019escola de la Fundaci\u00f3n Teatro del Sur de Buenos Aires. Ha realitzat estudis particulars amb els mestres Teresa Istillarte, Ricardo Bart\u00eds, Walter Neira i Eugenio Barba.<\/p><p style=\"font-weight: 400;\">L\u2019any 1996 va ser membre fundador de la Companyia Banfield Teatro Ensamble, a Buenos Aires, i el 2016 va rebre el Premi ACE de reconeixement pels seus 20 anys de traject\u00f2ria.<\/p><p style=\"font-weight: 400;\">Ha estat director art\u00edstic del Teatre Municipal de Lomas de Zamora i de la Com\u00e8dia Municipal.<\/p><p style=\"font-weight: 400;\">D\u2019entre les seves creacions estrenades a Espanya s\u2019hi destaquen <strong><em>El loco y la camisa<\/em><\/strong> (Teatre Romea, 2014); <strong><em>El declive<\/em><\/strong> (La Villarroel, 2018);<strong> <em>S\u00f3lo llam\u00e9 para decirte que te amo<\/em><\/strong> (La Villarroel, 2020); <strong><em>Els gossos<\/em><\/strong>, estrenada al Festival Grec de Barcelona el 2020; <strong><em>Amn\u00e8sia<\/em><\/strong> (TNC, 2024) i <strong><em>Avui no plorar\u00e9<\/em><\/strong>, coprodu\u00efda i interpretada per T de Teatre (2025).<\/p><p style=\"font-weight: 400;\">Com a director ha dirigit <strong><em>Los d\u00edas felices<\/em><\/strong> i <strong><em>Comedia<\/em><\/strong> de Samuel Beckett; <strong><em>El don de las sirenas<\/em> <\/strong>de Pere Riera; <strong><em>Destierro<\/em><\/strong> de Nelly Fern\u00e1ndez Tiscornia, amb l\u2019elenc de la Com\u00e8dia de la Prov\u00edncia de Buenos Aires; <strong><em>Somni d\u2019una nit d\u2019estiu<\/em><\/strong> de William Shakespeare; <strong><em>Jugadors<\/em><\/strong> de Pau Mir\u00f3; <strong><em>Peque\u00f1o Poni<\/em><\/strong> de Paco Bezerra; <strong><em>Ej\u00e9rcitos fant\u00e1sticos del yo<\/em> <\/strong>de Sabina Berman i <strong><em>Jaur\u00eda<\/em><\/strong> de Jordi Casanova, entre molts altres.<\/p><p style=\"font-weight: 400;\">Ha realitzat gires internacionals a Am\u00e8rica i Europa, i ha participat amb les seves produccions a diversos festivals com ara el FIBA (Festival Internacional de Buenos Aires), el Festival Internacional de Teatre Hisp\u00e0 de Miami, el Santiago a Mil a Xile, el Festival Iberoameric\u00e0 de Teatre de Cadis , el Festival Internacional de Teatre de Tarragona (FITT), el Gulbenkian Pr\u00f3ximo Futuro de Lisboa, el Festival Sens Interdits de Li\u00f3 i el VIE Festival de M\u00f2dena.<\/p><p style=\"font-weight: 400;\">A l\u2019Argentina ha obtingut, entre altres guardons, el <strong>Premi ACE<\/strong> a la <strong>Millor Direcci\u00f3 en drama i\/o com\u00e8dia dram\u00e0tica<\/strong> els anys 2022, 2023 i 2024; i el <strong>Premi Estrella de Mar 2024<\/strong> a la <strong>Direcci\u00f3 Nacional<\/strong> per la seva obra <strong><em>El Beso<\/em><\/strong>.<\/p>\t\t\t\t\t\t\t\t<\/div>\n\t\t\t\t<\/div>\n\t\t\t\t<div class=\"elementor-element elementor-element-e1626ff elementor-widget elementor-widget-text-editor\" data-id=\"e1626ff\" data-element_type=\"widget\" data-e-type=\"widget\" data-widget_type=\"text-editor.default\">\n\t\t\t\t<div class=\"elementor-widget-container\">\n\t\t\t\t\t\t\t\t\t<p style=\"font-weight: 400;\">CAT\u00c0LEG:<\/p><ul><li>Aniversario (2025) Microteatro Chauvin, Mar del Plata, Argentina. (2H \u2013 2D)<\/li><li>Amnesia (2024), Teatro Nacional de Catalunya, Barcelona. (2H-4D)<\/li><li>El beso (2023-2024), Teatro Lido Mar del Plata, Argentina. (2H -2D)<\/li><li>Silvia (2023) Teatro Sala Flyhard, Barcelona (2H \u2013 2D)<\/li><li>El divorcio (2022-2023), Teatro Mar del Plata, Argentina. (2H -2D)<\/li><li>D\u00edgalo con m\u00edmica (2022), Multiteatro Comafi, Buenos Aires. (4H -2D)<\/li><li>Los perros (2022), Teatro Picadero, Buenos Aires (2H- 2D)<\/li><li>Els Gossos (2020), Teatro Villaroel, Barcelona. (2H -2D)<\/li><li>La mujer que soy (2019), Festival Internacional de Buenos Aires. (4D)<\/li><li>Magia (2018) Microteatro Buenos Aires. (1H -1D)<\/li><li>Cr\u00edticos (2018) Microteatro Buenos Aires. (2H -2D)<\/li><li>El silencio de Monica (2018) Microteatro Buenos Aires. (1H \u2013 2D)<\/li><li>El declive (2017) Teatro Banfield Ensamble, Buenos Aires. (2H \u2013 2D)<\/li><li>Solo llame para decirte que te amo (2016). Teatro 25 de Mayo, Buenos Aires. (2022) Teatro<br \/>Villarroel, Barcelona (3H -4D)<\/li><li>EL LOCO Y LA CAMISA (2009). Argentina, Barcelona,Miami, Santiago de Chile, Francia, Italia,<br \/>Portugal. (3H -2D)<\/li><\/ul>\t\t\t\t\t\t\t\t<\/div>\n\t\t\t\t<\/div>\n\t\t\t\t\t<\/div>\n\t\t<\/div>\n\t\t\t\t\t<\/div>\n\t\t<\/section>\n\t\t\t\t<section class=\"elementor-section elementor-top-section elementor-element elementor-element-607a5ef9 elementor-section-boxed elementor-section-height-default elementor-section-height-default\" data-id=\"607a5ef9\" data-element_type=\"section\" data-e-type=\"section\">\n\t\t\t\t\t\t<div class=\"elementor-container elementor-column-gap-default\">\n\t\t\t\t\t<div class=\"elementor-column elementor-col-100 elementor-top-column elementor-element elementor-element-109b5495\" data-id=\"109b5495\" data-element_type=\"column\" data-e-type=\"column\">\n\t\t\t<div class=\"elementor-widget-wrap elementor-element-populated\">\n\t\t\t\t\t\t<div class=\"elementor-element elementor-element-4f3dd0f1 elementor-widget-divider--view-line elementor-widget elementor-widget-divider\" data-id=\"4f3dd0f1\" data-element_type=\"widget\" data-e-type=\"widget\" data-widget_type=\"divider.default\">\n\t\t\t\t<div class=\"elementor-widget-container\">\n\t\t\t\t\t\t\t<div class=\"elementor-divider\">\n\t\t\t<span class=\"elementor-divider-separator\">\n\t\t\t\t\t\t<\/span>\n\t\t<\/div>\n\t\t\t\t\t\t<\/div>\n\t\t\t\t<\/div>\n\t\t\t\t<div class=\"elementor-element elementor-element-2568bf85 elementor-widget elementor-widget-text-editor\" data-id=\"2568bf85\" data-element_type=\"widget\" data-e-type=\"widget\" data-widget_type=\"text-editor.default\">\n\t\t\t\t<div class=\"elementor-widget-container\">\n\t\t\t\t\t\t\t\t\t<div class=\"elementor-element elementor-element-b6f9d45 elementor-widget elementor-widget-text-editor\" data-id=\"b6f9d45\" data-element_type=\"text-editor.default\">\n<div class=\"elementor-widget-container\">\n<div class=\"elementor-text-editor elementor-clearfix\">\n<p style=\"text-align: center;\">Solicitar drets de representaci\u00f3:<\/p>\n<\/div>\n<\/div>\n<\/div>\n\t\t\t\t\t\t\t\t<\/div>\n\t\t\t\t<\/div>\n\t\t\t\t<section class=\"elementor-section elementor-inner-section elementor-element elementor-element-2f49ce95 elementor-section-boxed elementor-section-height-default elementor-section-height-default\" data-id=\"2f49ce95\" data-element_type=\"section\" data-e-type=\"section\">\n\t\t\t\t\t\t<div class=\"elementor-container elementor-column-gap-default\">\n\t\t\t\t\t<div class=\"elementor-column elementor-col-50 elementor-inner-column elementor-element elementor-element-5250c8d1\" data-id=\"5250c8d1\" data-element_type=\"column\" data-e-type=\"column\">\n\t\t\t<div class=\"elementor-widget-wrap elementor-element-populated\">\n\t\t\t\t\t\t<div class=\"elementor-element elementor-element-3614eb35 elementor-button-info elementor-align-center elementor-widget elementor-widget-button\" data-id=\"3614eb35\" data-element_type=\"widget\" data-e-type=\"widget\" data-widget_type=\"button.default\">\n\t\t\t\t<div class=\"elementor-widget-container\">\n\t\t\t\t\t\t\t\t\t<div class=\"elementor-button-wrapper\">\n\t\t\t\t\t<a class=\"elementor-button elementor-button-link elementor-size-md\" href=\"https:\/\/martafluvia.com\/licencia-amateur\/\">\n\t\t\t\t\t\t<span class=\"elementor-button-content-wrapper\">\n\t\t\t\t\t\t\t\t\t<span class=\"elementor-button-text\">Amateur: Solicitud de drets<\/span>\n\t\t\t\t\t<\/span>\n\t\t\t\t\t<\/a>\n\t\t\t\t<\/div>\n\t\t\t\t\t\t\t\t<\/div>\n\t\t\t\t<\/div>\n\t\t\t\t\t<\/div>\n\t\t<\/div>\n\t\t\t\t<div class=\"elementor-column elementor-col-50 elementor-inner-column elementor-element elementor-element-5b18941a\" data-id=\"5b18941a\" data-element_type=\"column\" data-e-type=\"column\">\n\t\t\t<div class=\"elementor-widget-wrap elementor-element-populated\">\n\t\t\t\t\t\t<div class=\"elementor-element elementor-element-29cab92 elementor-button-info elementor-align-center elementor-widget elementor-widget-button\" data-id=\"29cab92\" data-element_type=\"widget\" data-e-type=\"widget\" data-widget_type=\"button.default\">\n\t\t\t\t<div class=\"elementor-widget-container\">\n\t\t\t\t\t\t\t\t\t<div class=\"elementor-button-wrapper\">\n\t\t\t\t\t<a class=\"elementor-button elementor-button-link elementor-size-md\" href=\"\/solicitud\">\n\t\t\t\t\t\t<span class=\"elementor-button-content-wrapper\">\n\t\t\t\t\t\t\t\t\t<span class=\"elementor-button-text\">Professional: Solicitud de drets<\/span>\n\t\t\t\t\t<\/span>\n\t\t\t\t\t<\/a>\n\t\t\t\t<\/div>\n\t\t\t\t\t\t\t\t<\/div>\n\t\t\t\t<\/div>\n\t\t\t\t\t<\/div>\n\t\t<\/div>\n\t\t\t\t\t<\/div>\n\t\t<\/section>\n\t\t\t\t<div class=\"elementor-element elementor-element-7099a6f3 elementor-widget elementor-widget-spacer\" data-id=\"7099a6f3\" data-element_type=\"widget\" data-e-type=\"widget\" data-widget_type=\"spacer.default\">\n\t\t\t\t<div class=\"elementor-widget-container\">\n\t\t\t\t\t\t\t<div class=\"elementor-spacer\">\n\t\t\t<div class=\"elementor-spacer-inner\"><\/div>\n\t\t<\/div>\n\t\t\t\t\t\t<\/div>\n\t\t\t\t<\/div>\n\t\t\t\t\t<\/div>\n\t\t<\/div>\n\t\t\t\t\t<\/div>\n\t\t<\/section>\n\t\t\t\t<\/div>\n\t\t","protected":false},"excerpt":{"rendered":"<p>NELSON VALENTE NELSON VALENTE (Buenos Aires, 1971). Director, dramaturg i docent teatral. Format a l\u2019EMAD de Madrid i a l\u2019escola de la Fundaci\u00f3n Teatro del Sur de Buenos Aires. Ha realitzat estudis particulars amb els mestres Teresa Istillarte, Ricardo Bart\u00eds, Walter Neira i Eugenio Barba. L\u2019any 1996 va ser membre fundador de la Companyia Banfield &#8230; <a title=\"Nelson Valente\" class=\"read-more\" href=\"https:\/\/martafluvia.com\/ca\/nelson-valente\/\">Llegiu m\u00e9s<\/a><\/p>\n","protected":false},"author":1,"featured_media":0,"parent":0,"menu_order":0,"comment_status":"closed","ping_status":"closed","template":"elementor_header_footer","meta":{"footnotes":""},"class_list":["post-27683","page","type-page","status-publish"],"yoast_head":"<!-- This site is optimized with the Yoast SEO plugin v27.5 - https:\/\/yoast.com\/product\/yoast-seo-wordpress\/ -->\n<title>Nelson Valente - Marta Fluvi\u00e0<\/title>\n<meta name=\"description\" content=\"Conegui al nostre autor Nelson Valente. Sol\u00b7licitar els drets de representaci\u00f3 per a qualsevol de les seves obres mitjan\u00e7ant el nostre formulari.\" \/>\n<meta name=\"robots\" content=\"index, follow, max-snippet:-1, max-image-preview:large, max-video-preview:-1\" \/>\n<link rel=\"canonical\" href=\"https:\/\/martafluvia.com\/ca\/nelson-valente\/\" \/>\n<meta property=\"og:locale\" content=\"ca_ES\" \/>\n<meta property=\"og:type\" content=\"article\" \/>\n<meta property=\"og:title\" content=\"Nelson Valente - Marta Fluvi\u00e0\" \/>\n<meta property=\"og:description\" content=\"Conegui al nostre autor Nelson Valente. Sol\u00b7licitar els drets de representaci\u00f3 per a qualsevol de les seves obres mitjan\u00e7ant el nostre formulari.\" \/>\n<meta property=\"og:url\" content=\"https:\/\/martafluvia.com\/ca\/nelson-valente\/\" \/>\n<meta property=\"og:site_name\" content=\"Marta Fluvi\u00e0\" \/>\n<meta property=\"article:publisher\" content=\"https:\/\/www.facebook.com\/martafluviaagency\/\" \/>\n<meta property=\"article:modified_time\" content=\"2025-10-17T21:22:52+00:00\" \/>\n<meta property=\"og:image\" content=\"https:\/\/martafluvia.com\/wp-content\/uploads\/elementor\/thumbs\/www-sergipanizo-cat_nelson_003-1-rc3fngag51pkqmisln97aztai8ucrrsa4f084g5fy8.jpeg\" \/>\n<meta name=\"twitter:card\" content=\"summary_large_image\" \/>\n<meta name=\"twitter:label1\" content=\"Temps estimat de lectura\" \/>\n\t<meta name=\"twitter:data1\" content=\"3 minuts\" \/>\n<script type=\"application\/ld+json\" class=\"yoast-schema-graph\">{\"@context\":\"https:\\\/\\\/schema.org\",\"@graph\":[{\"@type\":\"WebPage\",\"@id\":\"https:\\\/\\\/martafluvia.com\\\/ca\\\/nelson-valente\\\/\",\"url\":\"https:\\\/\\\/martafluvia.com\\\/ca\\\/nelson-valente\\\/\",\"name\":\"Nelson Valente - Marta Fluvi\u00e0\",\"isPartOf\":{\"@id\":\"https:\\\/\\\/martafluvia.com\\\/en\\\/#website\"},\"primaryImageOfPage\":{\"@id\":\"https:\\\/\\\/martafluvia.com\\\/ca\\\/nelson-valente\\\/#primaryimage\"},\"image\":{\"@id\":\"https:\\\/\\\/martafluvia.com\\\/ca\\\/nelson-valente\\\/#primaryimage\"},\"thumbnailUrl\":\"https:\\\/\\\/martafluvia.com\\\/wp-content\\\/uploads\\\/elementor\\\/thumbs\\\/www-sergipanizo-cat_nelson_003-1-rc3fngag51pkqmisln97aztai8ucrrsa4f084g5fy8.jpeg\",\"datePublished\":\"2025-09-21T18:33:07+00:00\",\"dateModified\":\"2025-10-17T21:22:52+00:00\",\"description\":\"Conegui al nostre autor Nelson Valente. Sol\u00b7licitar els drets de representaci\u00f3 per a qualsevol de les seves obres mitjan\u00e7ant el nostre formulari.\",\"breadcrumb\":{\"@id\":\"https:\\\/\\\/martafluvia.com\\\/ca\\\/nelson-valente\\\/#breadcrumb\"},\"inLanguage\":\"ca\",\"potentialAction\":[{\"@type\":\"ReadAction\",\"target\":[\"https:\\\/\\\/martafluvia.com\\\/ca\\\/nelson-valente\\\/\"]}]},{\"@type\":\"ImageObject\",\"inLanguage\":\"ca\",\"@id\":\"https:\\\/\\\/martafluvia.com\\\/ca\\\/nelson-valente\\\/#primaryimage\",\"url\":\"https:\\\/\\\/martafluvia.com\\\/wp-content\\\/uploads\\\/elementor\\\/thumbs\\\/www-sergipanizo-cat_nelson_003-1-rc3fngag51pkqmisln97aztai8ucrrsa4f084g5fy8.jpeg\",\"contentUrl\":\"https:\\\/\\\/martafluvia.com\\\/wp-content\\\/uploads\\\/elementor\\\/thumbs\\\/www-sergipanizo-cat_nelson_003-1-rc3fngag51pkqmisln97aztai8ucrrsa4f084g5fy8.jpeg\"},{\"@type\":\"BreadcrumbList\",\"@id\":\"https:\\\/\\\/martafluvia.com\\\/ca\\\/nelson-valente\\\/#breadcrumb\",\"itemListElement\":[{\"@type\":\"ListItem\",\"position\":1,\"name\":\"Portada\",\"item\":\"https:\\\/\\\/martafluvia.com\\\/ca\\\/\"},{\"@type\":\"ListItem\",\"position\":2,\"name\":\"Nelson Valente\"}]},{\"@type\":\"WebSite\",\"@id\":\"https:\\\/\\\/martafluvia.com\\\/en\\\/#website\",\"url\":\"https:\\\/\\\/martafluvia.com\\\/en\\\/\",\"name\":\"Marta Fluvi\u00e0\",\"description\":\"Theatrical Literary Agency\",\"publisher\":{\"@id\":\"https:\\\/\\\/martafluvia.com\\\/en\\\/#organization\"},\"potentialAction\":[{\"@type\":\"SearchAction\",\"target\":{\"@type\":\"EntryPoint\",\"urlTemplate\":\"https:\\\/\\\/martafluvia.com\\\/en\\\/?s={search_term_string}\"},\"query-input\":{\"@type\":\"PropertyValueSpecification\",\"valueRequired\":true,\"valueName\":\"search_term_string\"}}],\"inLanguage\":\"ca\"},{\"@type\":\"Organization\",\"@id\":\"https:\\\/\\\/martafluvia.com\\\/en\\\/#organization\",\"name\":\"Marta Fluvi\u00e0 Agency\",\"url\":\"https:\\\/\\\/martafluvia.com\\\/en\\\/\",\"logo\":{\"@type\":\"ImageObject\",\"inLanguage\":\"ca\",\"@id\":\"https:\\\/\\\/martafluvia.com\\\/en\\\/#\\\/schema\\\/logo\\\/image\\\/\",\"url\":\"https:\\\/\\\/martafluvia.com\\\/wp-content\\\/uploads\\\/2017\\\/12\\\/logo-marta-english-1.jpg\",\"contentUrl\":\"https:\\\/\\\/martafluvia.com\\\/wp-content\\\/uploads\\\/2017\\\/12\\\/logo-marta-english-1.jpg\",\"width\":2118,\"height\":783,\"caption\":\"Marta Fluvi\u00e0 Agency\"},\"image\":{\"@id\":\"https:\\\/\\\/martafluvia.com\\\/en\\\/#\\\/schema\\\/logo\\\/image\\\/\"},\"sameAs\":[\"https:\\\/\\\/www.facebook.com\\\/martafluviaagency\\\/\"]}]}<\/script>\n<!-- \/ Yoast SEO plugin. -->","yoast_head_json":{"title":"Nelson Valente - Marta Fluvi\u00e0","description":"Conegui al nostre autor Nelson Valente. Sol\u00b7licitar els drets de representaci\u00f3 per a qualsevol de les seves obres mitjan\u00e7ant el nostre formulari.","robots":{"index":"index","follow":"follow","max-snippet":"max-snippet:-1","max-image-preview":"max-image-preview:large","max-video-preview":"max-video-preview:-1"},"canonical":"https:\/\/martafluvia.com\/ca\/nelson-valente\/","og_locale":"ca_ES","og_type":"article","og_title":"Nelson Valente - Marta Fluvi\u00e0","og_description":"Conegui al nostre autor Nelson Valente. Sol\u00b7licitar els drets de representaci\u00f3 per a qualsevol de les seves obres mitjan\u00e7ant el nostre formulari.","og_url":"https:\/\/martafluvia.com\/ca\/nelson-valente\/","og_site_name":"Marta Fluvi\u00e0","article_publisher":"https:\/\/www.facebook.com\/martafluviaagency\/","article_modified_time":"2025-10-17T21:22:52+00:00","og_image":[{"url":"https:\/\/martafluvia.com\/wp-content\/uploads\/elementor\/thumbs\/www-sergipanizo-cat_nelson_003-1-rc3fngag51pkqmisln97aztai8ucrrsa4f084g5fy8.jpeg","type":"","width":"","height":""}],"twitter_card":"summary_large_image","twitter_misc":{"Temps estimat de lectura":"3 minuts"},"schema":{"@context":"https:\/\/schema.org","@graph":[{"@type":"WebPage","@id":"https:\/\/martafluvia.com\/ca\/nelson-valente\/","url":"https:\/\/martafluvia.com\/ca\/nelson-valente\/","name":"Nelson Valente - Marta Fluvi\u00e0","isPartOf":{"@id":"https:\/\/martafluvia.com\/en\/#website"},"primaryImageOfPage":{"@id":"https:\/\/martafluvia.com\/ca\/nelson-valente\/#primaryimage"},"image":{"@id":"https:\/\/martafluvia.com\/ca\/nelson-valente\/#primaryimage"},"thumbnailUrl":"https:\/\/martafluvia.com\/wp-content\/uploads\/elementor\/thumbs\/www-sergipanizo-cat_nelson_003-1-rc3fngag51pkqmisln97aztai8ucrrsa4f084g5fy8.jpeg","datePublished":"2025-09-21T18:33:07+00:00","dateModified":"2025-10-17T21:22:52+00:00","description":"Conegui al nostre autor Nelson Valente. Sol\u00b7licitar els drets de representaci\u00f3 per a qualsevol de les seves obres mitjan\u00e7ant el nostre formulari.","breadcrumb":{"@id":"https:\/\/martafluvia.com\/ca\/nelson-valente\/#breadcrumb"},"inLanguage":"ca","potentialAction":[{"@type":"ReadAction","target":["https:\/\/martafluvia.com\/ca\/nelson-valente\/"]}]},{"@type":"ImageObject","inLanguage":"ca","@id":"https:\/\/martafluvia.com\/ca\/nelson-valente\/#primaryimage","url":"https:\/\/martafluvia.com\/wp-content\/uploads\/elementor\/thumbs\/www-sergipanizo-cat_nelson_003-1-rc3fngag51pkqmisln97aztai8ucrrsa4f084g5fy8.jpeg","contentUrl":"https:\/\/martafluvia.com\/wp-content\/uploads\/elementor\/thumbs\/www-sergipanizo-cat_nelson_003-1-rc3fngag51pkqmisln97aztai8ucrrsa4f084g5fy8.jpeg"},{"@type":"BreadcrumbList","@id":"https:\/\/martafluvia.com\/ca\/nelson-valente\/#breadcrumb","itemListElement":[{"@type":"ListItem","position":1,"name":"Portada","item":"https:\/\/martafluvia.com\/ca\/"},{"@type":"ListItem","position":2,"name":"Nelson Valente"}]},{"@type":"WebSite","@id":"https:\/\/martafluvia.com\/en\/#website","url":"https:\/\/martafluvia.com\/en\/","name":"Marta Fluvi\u00e0","description":"Theatrical Literary Agency","publisher":{"@id":"https:\/\/martafluvia.com\/en\/#organization"},"potentialAction":[{"@type":"SearchAction","target":{"@type":"EntryPoint","urlTemplate":"https:\/\/martafluvia.com\/en\/?s={search_term_string}"},"query-input":{"@type":"PropertyValueSpecification","valueRequired":true,"valueName":"search_term_string"}}],"inLanguage":"ca"},{"@type":"Organization","@id":"https:\/\/martafluvia.com\/en\/#organization","name":"Marta Fluvi\u00e0 Agency","url":"https:\/\/martafluvia.com\/en\/","logo":{"@type":"ImageObject","inLanguage":"ca","@id":"https:\/\/martafluvia.com\/en\/#\/schema\/logo\/image\/","url":"https:\/\/martafluvia.com\/wp-content\/uploads\/2017\/12\/logo-marta-english-1.jpg","contentUrl":"https:\/\/martafluvia.com\/wp-content\/uploads\/2017\/12\/logo-marta-english-1.jpg","width":2118,"height":783,"caption":"Marta Fluvi\u00e0 Agency"},"image":{"@id":"https:\/\/martafluvia.com\/en\/#\/schema\/logo\/image\/"},"sameAs":["https:\/\/www.facebook.com\/martafluviaagency\/"]}]}},"_links":{"self":[{"href":"https:\/\/martafluvia.com\/ca\/wp-json\/wp\/v2\/pages\/27683","targetHints":{"allow":["GET"]}}],"collection":[{"href":"https:\/\/martafluvia.com\/ca\/wp-json\/wp\/v2\/pages"}],"about":[{"href":"https:\/\/martafluvia.com\/ca\/wp-json\/wp\/v2\/types\/page"}],"author":[{"embeddable":true,"href":"https:\/\/martafluvia.com\/ca\/wp-json\/wp\/v2\/users\/1"}],"replies":[{"embeddable":true,"href":"https:\/\/martafluvia.com\/ca\/wp-json\/wp\/v2\/comments?post=27683"}],"version-history":[{"count":17,"href":"https:\/\/martafluvia.com\/ca\/wp-json\/wp\/v2\/pages\/27683\/revisions"}],"predecessor-version":[{"id":27861,"href":"https:\/\/martafluvia.com\/ca\/wp-json\/wp\/v2\/pages\/27683\/revisions\/27861"}],"wp:attachment":[{"href":"https:\/\/martafluvia.com\/ca\/wp-json\/wp\/v2\/media?parent=27683"}],"curies":[{"name":"wp","href":"https:\/\/api.w.org\/{rel}","templated":true}]}}