{"id":24329,"date":"2024-05-11T10:52:29","date_gmt":"2024-05-11T09:52:29","guid":{"rendered":"https:\/\/martafluvia.com\/?page_id=24329"},"modified":"2024-05-11T10:58:24","modified_gmt":"2024-05-11T09:58:24","slug":"sergi-pompermayer","status":"publish","type":"page","link":"https:\/\/martafluvia.com\/ca\/sergi-pompermayer\/","title":{"rendered":"Sergi Pompermayer"},"content":{"rendered":"\t\t<div data-elementor-type=\"wp-post\" data-elementor-id=\"24329\" class=\"elementor elementor-24329 elementor-24328\" data-elementor-post-type=\"page\">\n\t\t\t\t\t\t<section class=\"elementor-section elementor-top-section elementor-element elementor-element-e99b054 elementor-section-boxed elementor-section-height-default elementor-section-height-default\" data-id=\"e99b054\" data-element_type=\"section\" data-e-type=\"section\">\n\t\t\t\t\t\t<div class=\"elementor-container elementor-column-gap-default\">\n\t\t\t\t\t<div class=\"elementor-column elementor-col-100 elementor-top-column elementor-element elementor-element-928143b\" data-id=\"928143b\" data-element_type=\"column\" data-e-type=\"column\">\n\t\t\t<div class=\"elementor-widget-wrap elementor-element-populated\">\n\t\t\t\t\t\t<div class=\"elementor-element elementor-element-2098be9 elementor-widget elementor-widget-heading\" data-id=\"2098be9\" data-element_type=\"widget\" data-e-type=\"widget\" data-widget_type=\"heading.default\">\n\t\t\t\t<div class=\"elementor-widget-container\">\n\t\t\t\t\t<h2 class=\"elementor-heading-title elementor-size-default\">SERGI POMPERMAYER<\/h2>\t\t\t\t<\/div>\n\t\t\t\t<\/div>\n\t\t\t\t<div class=\"elementor-element elementor-element-4a56bdb elementor-widget elementor-widget-image\" data-id=\"4a56bdb\" data-element_type=\"widget\" data-e-type=\"widget\" data-widget_type=\"image.default\">\n\t\t\t\t<div class=\"elementor-widget-container\">\n\t\t\t\t\t\t\t\t\t\t\t\t\t\t\t<img decoding=\"async\" src=\"https:\/\/martafluvia.com\/wp-content\/uploads\/elementor\/thumbs\/Pompermayer-Sergi-catalandrama-qnzwzteesasi44a667p6w3n1yycvema9e33ln0cxds.jpg\" title=\"\" alt=\"\" loading=\"lazy\" \/>\t\t\t\t\t\t\t\t\t\t\t\t\t\t\t<\/div>\n\t\t\t\t<\/div>\n\t\t\t\t<div class=\"elementor-element elementor-element-7744378 elementor-widget elementor-widget-text-editor\" data-id=\"7744378\" data-element_type=\"widget\" data-e-type=\"widget\" data-widget_type=\"text-editor.default\">\n\t\t\t\t<div class=\"elementor-widget-container\">\n\t\t\t\t\t\t\t\t\t<p><strong>Sergi Pompermayer (Barcelona 1967),<\/strong> Dramaturg, director i guionista, \u00e9s llicenciat en veterin\u00e0ria i va cursar estudis d\u2019interpretaci\u00f3 al Col\u00b7legi del Teatre de Barcelona.<\/p><p>\u00a0<\/p><p>Debuta com a autor dram\u00e0tic l\u2019any 1997 amb Zowie (Teatre Lliure, XXV Premi Ciutat d\u2019Alcoi). Tamb\u00e9 ha escrit El Sexe dels Objectes (Teatre nacional de Catalunya). Refugiats (Teatre Nacional de Catalunya), Un Pare Emprenyat (Mercat de les Flors), Top Model (Festival Temporada Alta 2009). Llum de gu\u00e0rdia conjuntament amb Julio Manrique (Teatre Romea). Oddi (Teatro del Arte de Madrid), New Order (Sala Flyhard), Sacrifici (La Villarroel). Blues (Sala Beckett) La Comedia de las Mentiras, amb Pep Anton G\u00f3mez a partir de textos de Plaute i estrenada al (Festival Internacional de Teatro Cl\u00e1sico de M\u00e9rida), Bouvet\u00f8ya, la necessitat d\u2019una illa (espectacle inaugural del Festival Temporada Alta 2020), el llibret de l\u2019opera familiar La Cuina de Rossini (Gran Teatre del Liceu), Am\u00e8rica (La Villarroel). Tamb\u00e9 ha realitzat les dramat\u00fargies de Tim\u00f3 d\u2019Atenes de W. Shakespeare (Biblioteca de Catalunya), Don Juan de Moli\u00e8re (Teatre Nacional de Catalunya), Carrer Robadors de Mathias Enard juntament amb Marc Artigau i Julio Manrique (Festival Grec 2021, Premi Max a la millor adaptaci\u00f3), Instruccions per fer-se feixista de Michela Murgia (Festival Temporada Alta) i El Misantrop de Moli\u00e8re (Festival Grec de Barcelona). T\u00e9 obres tradu\u00efdes al castell\u00e0, angl\u00e8s, portugu\u00e8s, txec, itali\u00e0 i grec.<\/p><p><br \/>Ha treballat amb directors com Julio Manrique, David Selvas, Llu\u00eds Homar, Norbert Mart\u00ednez o Paco Montes.<\/p><p>\u00a0<\/p><p>Darrerament ha escrit el gui\u00f3 del llargmetratge Am\u00e8rica, basat en l\u2019obra de teatre del mateix nom.<\/p>\t\t\t\t\t\t\t\t<\/div>\n\t\t\t\t<\/div>\n\t\t\t\t<div class=\"elementor-element elementor-element-ae65746 elementor-widget elementor-widget-text-editor\" data-id=\"ae65746\" data-element_type=\"widget\" data-e-type=\"widget\" data-widget_type=\"text-editor.default\">\n\t\t\t\t<div class=\"elementor-widget-container\">\n\t\t\t\t\t\t\t\t\t<table style=\"font-weight: 400; height: 293px;\" width=\"623\"><tbody><tr><td width=\"\"><strong>T\u00cdTOL<\/strong><\/td><td width=\"\"><strong>G\u00c8NERE<\/strong><\/td><td width=\"\"><strong>PERSONATGES MASCULINS<\/strong><\/td><td width=\"\"><strong>PERSONATGES FEMENINS<\/strong><\/td><td width=\"\"><strong>G\u00c8NERE NO DEFINIT<\/strong><\/td><\/tr><tr><td width=\"\">Zowie<\/td><td width=\"\">Drama dist\u00f2pic<\/td><td style=\"text-align: center;\" width=\"\">4<\/td><td style=\"text-align: center;\" width=\"\">2<\/td><td style=\"text-align: center;\" width=\"\">1<\/td><\/tr><tr><td width=\"\">Refugiats<\/td><td width=\"\">Drama<\/td><td style=\"text-align: center;\" width=\"\">7<\/td><td style=\"text-align: center;\" width=\"\">2<\/td><td style=\"text-align: center;\" width=\"\">\u00a0<\/td><\/tr><tr><td width=\"\">Sacrifici<\/td><td width=\"\">Com\u00e8dia dram\u00e0tica<\/td><td style=\"text-align: center;\" width=\"\">2<\/td><td style=\"text-align: center;\" width=\"\">2<\/td><\/tr><tr><td width=\"\">New Order<\/td><td width=\"\">Com\u00e8dia dram\u00e0tica<\/td><td style=\"text-align: center;\" width=\"\">2<\/td><td style=\"text-align: center;\" width=\"\">2<\/td><td width=\"\">\u00a0<\/td><\/tr><tr><td width=\"\">Blues<\/td><td width=\"\">Com\u00e8dia dram\u00e0tica<\/td><td style=\"text-align: center;\" width=\"\">2<\/td><td style=\"text-align: center;\" width=\"\">2<\/td><td style=\"text-align: center;\" width=\"\">1<\/td><\/tr><tr><td width=\"\">Koala<\/td><td width=\"\">Mon\u00f2leg<\/td><td style=\"text-align: center;\" width=\"\">1<\/td><td width=\"\">\u00a0<\/td><td width=\"\">\u00a0<\/td><\/tr><tr><td width=\"\">Grand Canyon<\/td><td width=\"\">Com\u00e8dia dram\u00e0tica<\/td><td style=\"text-align: center;\" width=\"\">3<\/td><td style=\"text-align: center;\" width=\"\">3<\/td><td style=\"text-align: center;\" width=\"\">1<\/td><\/tr><tr><td width=\"\">Am\u00e8rica<\/td><td width=\"\">Drama<\/td><td style=\"text-align: center;\" width=\"\">3<\/td><td style=\"text-align: center;\" width=\"\">5<\/td><td width=\"\">\u00a0<\/td><\/tr><\/tbody><\/table>\t\t\t\t\t\t\t\t<\/div>\n\t\t\t\t<\/div>\n\t\t\t\t\t<\/div>\n\t\t<\/div>\n\t\t\t\t\t<\/div>\n\t\t<\/section>\n\t\t\t\t<section class=\"elementor-section elementor-top-section elementor-element elementor-element-5a97a894 elementor-section-boxed elementor-section-height-default elementor-section-height-default\" data-id=\"5a97a894\" data-element_type=\"section\" data-e-type=\"section\">\n\t\t\t\t\t\t<div class=\"elementor-container elementor-column-gap-default\">\n\t\t\t\t\t<div class=\"elementor-column elementor-col-100 elementor-top-column elementor-element elementor-element-f05a77c\" data-id=\"f05a77c\" data-element_type=\"column\" data-e-type=\"column\">\n\t\t\t<div class=\"elementor-widget-wrap elementor-element-populated\">\n\t\t\t\t\t\t<div class=\"elementor-element elementor-element-36440a40 elementor-widget-divider--view-line elementor-widget elementor-widget-divider\" data-id=\"36440a40\" data-element_type=\"widget\" data-e-type=\"widget\" data-widget_type=\"divider.default\">\n\t\t\t\t<div class=\"elementor-widget-container\">\n\t\t\t\t\t\t\t<div class=\"elementor-divider\">\n\t\t\t<span class=\"elementor-divider-separator\">\n\t\t\t\t\t\t<\/span>\n\t\t<\/div>\n\t\t\t\t\t\t<\/div>\n\t\t\t\t<\/div>\n\t\t\t\t<div class=\"elementor-element elementor-element-143dbdac elementor-widget elementor-widget-text-editor\" data-id=\"143dbdac\" data-element_type=\"widget\" data-e-type=\"widget\" data-widget_type=\"text-editor.default\">\n\t\t\t\t<div class=\"elementor-widget-container\">\n\t\t\t\t\t\t\t\t\t<div class=\"elementor-element elementor-element-b6f9d45 elementor-widget elementor-widget-text-editor\" data-id=\"b6f9d45\" data-element_type=\"text-editor.default\"><div class=\"elementor-widget-container\"><div class=\"elementor-text-editor elementor-clearfix\"><p style=\"text-align: center;\">Sol\u00b7licitar drets de representaci\u00f3:<\/p><\/div><\/div><\/div>\t\t\t\t\t\t\t\t<\/div>\n\t\t\t\t<\/div>\n\t\t\t\t<section class=\"elementor-section elementor-inner-section elementor-element elementor-element-6cde6cf elementor-section-boxed elementor-section-height-default elementor-section-height-default\" data-id=\"6cde6cf\" data-element_type=\"section\" data-e-type=\"section\">\n\t\t\t\t\t\t<div class=\"elementor-container elementor-column-gap-default\">\n\t\t\t\t\t<div class=\"elementor-column elementor-col-50 elementor-inner-column elementor-element elementor-element-b2ac8f0\" data-id=\"b2ac8f0\" data-element_type=\"column\" data-e-type=\"column\">\n\t\t\t<div class=\"elementor-widget-wrap elementor-element-populated\">\n\t\t\t\t\t\t<div class=\"elementor-element elementor-element-3db87801 elementor-button-info elementor-align-center elementor-widget elementor-widget-button\" data-id=\"3db87801\" data-element_type=\"widget\" data-e-type=\"widget\" data-widget_type=\"button.default\">\n\t\t\t\t<div class=\"elementor-widget-container\">\n\t\t\t\t\t\t\t\t\t<div class=\"elementor-button-wrapper\">\n\t\t\t\t\t<a class=\"elementor-button elementor-button-link elementor-size-md\" href=\"https:\/\/martafluvia.com\/licencia-amateur\/\">\n\t\t\t\t\t\t<span class=\"elementor-button-content-wrapper\">\n\t\t\t\t\t\t\t\t\t<span class=\"elementor-button-text\">Amateur: Sol\u00b7licitud de drets<\/span>\n\t\t\t\t\t<\/span>\n\t\t\t\t\t<\/a>\n\t\t\t\t<\/div>\n\t\t\t\t\t\t\t\t<\/div>\n\t\t\t\t<\/div>\n\t\t\t\t\t<\/div>\n\t\t<\/div>\n\t\t\t\t<div class=\"elementor-column elementor-col-50 elementor-inner-column elementor-element elementor-element-28ccb9e\" data-id=\"28ccb9e\" data-element_type=\"column\" data-e-type=\"column\">\n\t\t\t<div class=\"elementor-widget-wrap elementor-element-populated\">\n\t\t\t\t\t\t<div class=\"elementor-element elementor-element-b7ad712 elementor-button-info elementor-align-center elementor-widget elementor-widget-button\" data-id=\"b7ad712\" data-element_type=\"widget\" data-e-type=\"widget\" data-widget_type=\"button.default\">\n\t\t\t\t<div class=\"elementor-widget-container\">\n\t\t\t\t\t\t\t\t\t<div class=\"elementor-button-wrapper\">\n\t\t\t\t\t<a class=\"elementor-button elementor-button-link elementor-size-md\" href=\"\/solicitud\">\n\t\t\t\t\t\t<span class=\"elementor-button-content-wrapper\">\n\t\t\t\t\t\t\t\t\t<span class=\"elementor-button-text\">Professional: Sol\u00b7licitud de drets<\/span>\n\t\t\t\t\t<\/span>\n\t\t\t\t\t<\/a>\n\t\t\t\t<\/div>\n\t\t\t\t\t\t\t\t<\/div>\n\t\t\t\t<\/div>\n\t\t\t\t\t<\/div>\n\t\t<\/div>\n\t\t\t\t\t<\/div>\n\t\t<\/section>\n\t\t\t\t<div class=\"elementor-element elementor-element-9ebc1ed elementor-widget elementor-widget-spacer\" data-id=\"9ebc1ed\" data-element_type=\"widget\" data-e-type=\"widget\" data-widget_type=\"spacer.default\">\n\t\t\t\t<div class=\"elementor-widget-container\">\n\t\t\t\t\t\t\t<div class=\"elementor-spacer\">\n\t\t\t<div class=\"elementor-spacer-inner\"><\/div>\n\t\t<\/div>\n\t\t\t\t\t\t<\/div>\n\t\t\t\t<\/div>\n\t\t\t\t\t<\/div>\n\t\t<\/div>\n\t\t\t\t\t<\/div>\n\t\t<\/section>\n\t\t\t\t<\/div>\n\t\t","protected":false},"excerpt":{"rendered":"<p>SERGI POMPERMAYER Sergi Pompermayer (Barcelona 1967), Dramaturg, director i guionista, \u00e9s llicenciat en veterin\u00e0ria i va cursar estudis d\u2019interpretaci\u00f3 al Col\u00b7legi del Teatre de Barcelona. \u00a0 Debuta com a autor dram\u00e0tic l\u2019any 1997 amb Zowie (Teatre Lliure, XXV Premi Ciutat d\u2019Alcoi). Tamb\u00e9 ha escrit El Sexe dels Objectes (Teatre nacional de Catalunya). Refugiats (Teatre Nacional &#8230; <a title=\"Sergi Pompermayer\" class=\"read-more\" href=\"https:\/\/martafluvia.com\/ca\/sergi-pompermayer\/\">Llegiu m\u00e9s<\/a><\/p>\n","protected":false},"author":1,"featured_media":0,"parent":0,"menu_order":0,"comment_status":"closed","ping_status":"closed","template":"elementor_header_footer","meta":{"footnotes":""},"class_list":["post-24329","page","type-page","status-publish"],"yoast_head":"<!-- This site is optimized with the Yoast SEO plugin v27.4 - https:\/\/yoast.com\/product\/yoast-seo-wordpress\/ -->\n<title>Sergi Pompermayer - Marta Fluvi\u00e0<\/title>\n<meta name=\"description\" content=\"Conegui al nostre autor Sergi Pompermayer. Sol\u00b7licitar els drets de representaci\u00f3 per a qualsevol de les seves obres mitjan\u00e7ant el nostre formulari.\" \/>\n<meta name=\"robots\" content=\"index, follow, max-snippet:-1, max-image-preview:large, max-video-preview:-1\" \/>\n<link rel=\"canonical\" href=\"https:\/\/martafluvia.com\/ca\/sergi-pompermayer\/\" \/>\n<meta property=\"og:locale\" content=\"ca_ES\" \/>\n<meta property=\"og:type\" content=\"article\" \/>\n<meta property=\"og:title\" content=\"Sergi Pompermayer - Marta Fluvi\u00e0\" \/>\n<meta property=\"og:description\" content=\"Conegui al nostre autor Sergi Pompermayer. Sol\u00b7licitar els drets de representaci\u00f3 per a qualsevol de les seves obres mitjan\u00e7ant el nostre formulari.\" \/>\n<meta property=\"og:url\" content=\"https:\/\/martafluvia.com\/ca\/sergi-pompermayer\/\" \/>\n<meta property=\"og:site_name\" content=\"Marta Fluvi\u00e0\" \/>\n<meta property=\"article:publisher\" content=\"https:\/\/www.facebook.com\/martafluviaagency\/\" \/>\n<meta property=\"article:modified_time\" content=\"2024-05-11T09:58:24+00:00\" \/>\n<meta property=\"og:image\" content=\"https:\/\/martafluvia.com\/wp-content\/uploads\/elementor\/thumbs\/Pompermayer-Sergi-catalandrama-qnzwzteesasi44a667p6w3n1yycvema9e33ln0cxds.jpg\" \/>\n<meta name=\"twitter:card\" content=\"summary_large_image\" \/>\n<meta name=\"twitter:label1\" content=\"Temps estimat de lectura\" \/>\n\t<meta name=\"twitter:data1\" content=\"2 minuts\" \/>\n<script type=\"application\/ld+json\" class=\"yoast-schema-graph\">{\"@context\":\"https:\\\/\\\/schema.org\",\"@graph\":[{\"@type\":\"WebPage\",\"@id\":\"https:\\\/\\\/martafluvia.com\\\/ca\\\/sergi-pompermayer\\\/\",\"url\":\"https:\\\/\\\/martafluvia.com\\\/ca\\\/sergi-pompermayer\\\/\",\"name\":\"Sergi Pompermayer - Marta Fluvi\u00e0\",\"isPartOf\":{\"@id\":\"https:\\\/\\\/martafluvia.com\\\/en\\\/#website\"},\"primaryImageOfPage\":{\"@id\":\"https:\\\/\\\/martafluvia.com\\\/ca\\\/sergi-pompermayer\\\/#primaryimage\"},\"image\":{\"@id\":\"https:\\\/\\\/martafluvia.com\\\/ca\\\/sergi-pompermayer\\\/#primaryimage\"},\"thumbnailUrl\":\"https:\\\/\\\/martafluvia.com\\\/wp-content\\\/uploads\\\/elementor\\\/thumbs\\\/Pompermayer-Sergi-catalandrama-qnzwzteesasi44a667p6w3n1yycvema9e33ln0cxds.jpg\",\"datePublished\":\"2024-05-11T09:52:29+00:00\",\"dateModified\":\"2024-05-11T09:58:24+00:00\",\"description\":\"Conegui al nostre autor Sergi Pompermayer. Sol\u00b7licitar els drets de representaci\u00f3 per a qualsevol de les seves obres mitjan\u00e7ant el nostre formulari.\",\"breadcrumb\":{\"@id\":\"https:\\\/\\\/martafluvia.com\\\/ca\\\/sergi-pompermayer\\\/#breadcrumb\"},\"inLanguage\":\"ca\",\"potentialAction\":[{\"@type\":\"ReadAction\",\"target\":[\"https:\\\/\\\/martafluvia.com\\\/ca\\\/sergi-pompermayer\\\/\"]}]},{\"@type\":\"ImageObject\",\"inLanguage\":\"ca\",\"@id\":\"https:\\\/\\\/martafluvia.com\\\/ca\\\/sergi-pompermayer\\\/#primaryimage\",\"url\":\"https:\\\/\\\/martafluvia.com\\\/wp-content\\\/uploads\\\/elementor\\\/thumbs\\\/Pompermayer-Sergi-catalandrama-qnzwzteesasi44a667p6w3n1yycvema9e33ln0cxds.jpg\",\"contentUrl\":\"https:\\\/\\\/martafluvia.com\\\/wp-content\\\/uploads\\\/elementor\\\/thumbs\\\/Pompermayer-Sergi-catalandrama-qnzwzteesasi44a667p6w3n1yycvema9e33ln0cxds.jpg\"},{\"@type\":\"BreadcrumbList\",\"@id\":\"https:\\\/\\\/martafluvia.com\\\/ca\\\/sergi-pompermayer\\\/#breadcrumb\",\"itemListElement\":[{\"@type\":\"ListItem\",\"position\":1,\"name\":\"Portada\",\"item\":\"https:\\\/\\\/martafluvia.com\\\/ca\\\/\"},{\"@type\":\"ListItem\",\"position\":2,\"name\":\"Sergi Pompermayer\"}]},{\"@type\":\"WebSite\",\"@id\":\"https:\\\/\\\/martafluvia.com\\\/en\\\/#website\",\"url\":\"https:\\\/\\\/martafluvia.com\\\/en\\\/\",\"name\":\"Marta Fluvi\u00e0\",\"description\":\"Theatrical Literary Agency\",\"publisher\":{\"@id\":\"https:\\\/\\\/martafluvia.com\\\/en\\\/#organization\"},\"potentialAction\":[{\"@type\":\"SearchAction\",\"target\":{\"@type\":\"EntryPoint\",\"urlTemplate\":\"https:\\\/\\\/martafluvia.com\\\/en\\\/?s={search_term_string}\"},\"query-input\":{\"@type\":\"PropertyValueSpecification\",\"valueRequired\":true,\"valueName\":\"search_term_string\"}}],\"inLanguage\":\"ca\"},{\"@type\":\"Organization\",\"@id\":\"https:\\\/\\\/martafluvia.com\\\/en\\\/#organization\",\"name\":\"Marta Fluvi\u00e0 Agency\",\"url\":\"https:\\\/\\\/martafluvia.com\\\/en\\\/\",\"logo\":{\"@type\":\"ImageObject\",\"inLanguage\":\"ca\",\"@id\":\"https:\\\/\\\/martafluvia.com\\\/en\\\/#\\\/schema\\\/logo\\\/image\\\/\",\"url\":\"https:\\\/\\\/martafluvia.com\\\/wp-content\\\/uploads\\\/2017\\\/12\\\/logo-marta-english-1.jpg\",\"contentUrl\":\"https:\\\/\\\/martafluvia.com\\\/wp-content\\\/uploads\\\/2017\\\/12\\\/logo-marta-english-1.jpg\",\"width\":2118,\"height\":783,\"caption\":\"Marta Fluvi\u00e0 Agency\"},\"image\":{\"@id\":\"https:\\\/\\\/martafluvia.com\\\/en\\\/#\\\/schema\\\/logo\\\/image\\\/\"},\"sameAs\":[\"https:\\\/\\\/www.facebook.com\\\/martafluviaagency\\\/\"]}]}<\/script>\n<!-- \/ Yoast SEO plugin. -->","yoast_head_json":{"title":"Sergi Pompermayer - Marta Fluvi\u00e0","description":"Conegui al nostre autor Sergi Pompermayer. Sol\u00b7licitar els drets de representaci\u00f3 per a qualsevol de les seves obres mitjan\u00e7ant el nostre formulari.","robots":{"index":"index","follow":"follow","max-snippet":"max-snippet:-1","max-image-preview":"max-image-preview:large","max-video-preview":"max-video-preview:-1"},"canonical":"https:\/\/martafluvia.com\/ca\/sergi-pompermayer\/","og_locale":"ca_ES","og_type":"article","og_title":"Sergi Pompermayer - Marta Fluvi\u00e0","og_description":"Conegui al nostre autor Sergi Pompermayer. Sol\u00b7licitar els drets de representaci\u00f3 per a qualsevol de les seves obres mitjan\u00e7ant el nostre formulari.","og_url":"https:\/\/martafluvia.com\/ca\/sergi-pompermayer\/","og_site_name":"Marta Fluvi\u00e0","article_publisher":"https:\/\/www.facebook.com\/martafluviaagency\/","article_modified_time":"2024-05-11T09:58:24+00:00","og_image":[{"url":"https:\/\/martafluvia.com\/wp-content\/uploads\/elementor\/thumbs\/Pompermayer-Sergi-catalandrama-qnzwzteesasi44a667p6w3n1yycvema9e33ln0cxds.jpg","type":"","width":"","height":""}],"twitter_card":"summary_large_image","twitter_misc":{"Temps estimat de lectura":"2 minuts"},"schema":{"@context":"https:\/\/schema.org","@graph":[{"@type":"WebPage","@id":"https:\/\/martafluvia.com\/ca\/sergi-pompermayer\/","url":"https:\/\/martafluvia.com\/ca\/sergi-pompermayer\/","name":"Sergi Pompermayer - Marta Fluvi\u00e0","isPartOf":{"@id":"https:\/\/martafluvia.com\/en\/#website"},"primaryImageOfPage":{"@id":"https:\/\/martafluvia.com\/ca\/sergi-pompermayer\/#primaryimage"},"image":{"@id":"https:\/\/martafluvia.com\/ca\/sergi-pompermayer\/#primaryimage"},"thumbnailUrl":"https:\/\/martafluvia.com\/wp-content\/uploads\/elementor\/thumbs\/Pompermayer-Sergi-catalandrama-qnzwzteesasi44a667p6w3n1yycvema9e33ln0cxds.jpg","datePublished":"2024-05-11T09:52:29+00:00","dateModified":"2024-05-11T09:58:24+00:00","description":"Conegui al nostre autor Sergi Pompermayer. Sol\u00b7licitar els drets de representaci\u00f3 per a qualsevol de les seves obres mitjan\u00e7ant el nostre formulari.","breadcrumb":{"@id":"https:\/\/martafluvia.com\/ca\/sergi-pompermayer\/#breadcrumb"},"inLanguage":"ca","potentialAction":[{"@type":"ReadAction","target":["https:\/\/martafluvia.com\/ca\/sergi-pompermayer\/"]}]},{"@type":"ImageObject","inLanguage":"ca","@id":"https:\/\/martafluvia.com\/ca\/sergi-pompermayer\/#primaryimage","url":"https:\/\/martafluvia.com\/wp-content\/uploads\/elementor\/thumbs\/Pompermayer-Sergi-catalandrama-qnzwzteesasi44a667p6w3n1yycvema9e33ln0cxds.jpg","contentUrl":"https:\/\/martafluvia.com\/wp-content\/uploads\/elementor\/thumbs\/Pompermayer-Sergi-catalandrama-qnzwzteesasi44a667p6w3n1yycvema9e33ln0cxds.jpg"},{"@type":"BreadcrumbList","@id":"https:\/\/martafluvia.com\/ca\/sergi-pompermayer\/#breadcrumb","itemListElement":[{"@type":"ListItem","position":1,"name":"Portada","item":"https:\/\/martafluvia.com\/ca\/"},{"@type":"ListItem","position":2,"name":"Sergi Pompermayer"}]},{"@type":"WebSite","@id":"https:\/\/martafluvia.com\/en\/#website","url":"https:\/\/martafluvia.com\/en\/","name":"Marta Fluvi\u00e0","description":"Theatrical Literary Agency","publisher":{"@id":"https:\/\/martafluvia.com\/en\/#organization"},"potentialAction":[{"@type":"SearchAction","target":{"@type":"EntryPoint","urlTemplate":"https:\/\/martafluvia.com\/en\/?s={search_term_string}"},"query-input":{"@type":"PropertyValueSpecification","valueRequired":true,"valueName":"search_term_string"}}],"inLanguage":"ca"},{"@type":"Organization","@id":"https:\/\/martafluvia.com\/en\/#organization","name":"Marta Fluvi\u00e0 Agency","url":"https:\/\/martafluvia.com\/en\/","logo":{"@type":"ImageObject","inLanguage":"ca","@id":"https:\/\/martafluvia.com\/en\/#\/schema\/logo\/image\/","url":"https:\/\/martafluvia.com\/wp-content\/uploads\/2017\/12\/logo-marta-english-1.jpg","contentUrl":"https:\/\/martafluvia.com\/wp-content\/uploads\/2017\/12\/logo-marta-english-1.jpg","width":2118,"height":783,"caption":"Marta Fluvi\u00e0 Agency"},"image":{"@id":"https:\/\/martafluvia.com\/en\/#\/schema\/logo\/image\/"},"sameAs":["https:\/\/www.facebook.com\/martafluviaagency\/"]}]}},"_links":{"self":[{"href":"https:\/\/martafluvia.com\/ca\/wp-json\/wp\/v2\/pages\/24329","targetHints":{"allow":["GET"]}}],"collection":[{"href":"https:\/\/martafluvia.com\/ca\/wp-json\/wp\/v2\/pages"}],"about":[{"href":"https:\/\/martafluvia.com\/ca\/wp-json\/wp\/v2\/types\/page"}],"author":[{"embeddable":true,"href":"https:\/\/martafluvia.com\/ca\/wp-json\/wp\/v2\/users\/1"}],"replies":[{"embeddable":true,"href":"https:\/\/martafluvia.com\/ca\/wp-json\/wp\/v2\/comments?post=24329"}],"version-history":[{"count":6,"href":"https:\/\/martafluvia.com\/ca\/wp-json\/wp\/v2\/pages\/24329\/revisions"}],"predecessor-version":[{"id":24352,"href":"https:\/\/martafluvia.com\/ca\/wp-json\/wp\/v2\/pages\/24329\/revisions\/24352"}],"wp:attachment":[{"href":"https:\/\/martafluvia.com\/ca\/wp-json\/wp\/v2\/media?parent=24329"}],"curies":[{"name":"wp","href":"https:\/\/api.w.org\/{rel}","templated":true}]}}