{"id":22249,"date":"2024-03-12T15:00:11","date_gmt":"2024-03-12T14:00:11","guid":{"rendered":"https:\/\/martafluvia.com\/?page_id=22249"},"modified":"2024-03-12T15:14:14","modified_gmt":"2024-03-12T14:14:14","slug":"likes","status":"publish","type":"page","link":"https:\/\/martafluvia.com\/ca\/roc-esquius\/likes\/","title":{"rendered":"Likes"},"content":{"rendered":"\t\t<div data-elementor-type=\"wp-page\" data-elementor-id=\"22249\" class=\"elementor elementor-22249\" data-elementor-post-type=\"page\">\n\t\t\t\t<div class=\"elementor-element elementor-element-1420fc8 e-con-full e-flex e-con e-parent\" data-id=\"1420fc8\" data-element_type=\"container\" data-e-type=\"container\">\n\t\t<div class=\"elementor-element elementor-element-c2f4681 e-con-full e-flex e-con e-child\" data-id=\"c2f4681\" data-element_type=\"container\" data-e-type=\"container\">\n\t\t\t\t<div class=\"elementor-element elementor-element-7dd02a2 elementor-pagination-position-outside elementor-widget elementor-widget-image-carousel\" data-id=\"7dd02a2\" data-element_type=\"widget\" data-e-type=\"widget\" data-settings=\"{&quot;slides_to_show&quot;:&quot;1&quot;,&quot;navigation&quot;:&quot;dots&quot;,&quot;autoplay&quot;:&quot;yes&quot;,&quot;pause_on_hover&quot;:&quot;yes&quot;,&quot;pause_on_interaction&quot;:&quot;yes&quot;,&quot;autoplay_speed&quot;:5000,&quot;infinite&quot;:&quot;yes&quot;,&quot;effect&quot;:&quot;slide&quot;,&quot;speed&quot;:500}\" data-widget_type=\"image-carousel.default\">\n\t\t\t\t<div class=\"elementor-widget-container\">\n\t\t\t\t\t\t\t<div class=\"elementor-image-carousel-wrapper swiper\" role=\"region\" aria-roledescription=\"carousel\" aria-label=\"Carrusel d&#039;imatges\" dir=\"ltr\">\n\t\t\t<div class=\"elementor-image-carousel swiper-wrapper\" aria-live=\"off\">\n\t\t\t\t\t\t\t\t<div class=\"swiper-slide\" role=\"group\" aria-roledescription=\"slide\" aria-label=\"1 de 2\"><figure class=\"swiper-slide-inner\"><img decoding=\"async\" class=\"swiper-slide-image\" src=\"https:\/\/martafluvia.com\/wp-content\/uploads\/2024\/03\/TEATRE-BARCELONA-Dara-Teatre-Likes.jpg\" alt=\"TEATRE-BARCELONA-Dara-Teatre-Likes\" \/><\/figure><\/div><div class=\"swiper-slide\" role=\"group\" aria-roledescription=\"slide\" aria-label=\"2 de 2\"><figure class=\"swiper-slide-inner\"><img decoding=\"async\" class=\"swiper-slide-image\" src=\"https:\/\/martafluvia.com\/wp-content\/uploads\/2024\/03\/2019-04-11-Roc-Esquius-Versus-Glories-Barcelona.jpg\" alt=\"2019-04-11-Roc-Esquius-Versus-Gl\u00f2ries-Barcelona\" \/><\/figure><\/div>\t\t\t<\/div>\n\t\t\t\t\t\t\t\n\t\t\t\t\t\t\t\t\t<div class=\"swiper-pagination\"><\/div>\n\t\t\t\t\t\t\t\t\t<\/div>\n\t\t\t\t\t\t<\/div>\n\t\t\t\t<\/div>\n\t\t\t\t<\/div>\n\t\t<div class=\"elementor-element elementor-element-ba7b36f e-con-full e-flex e-con e-child\" data-id=\"ba7b36f\" data-element_type=\"container\" data-e-type=\"container\">\n\t\t\t\t<div class=\"elementor-element elementor-element-27df744 elementor-widget elementor-widget-heading\" data-id=\"27df744\" data-element_type=\"widget\" data-e-type=\"widget\" data-widget_type=\"heading.default\">\n\t\t\t\t<div class=\"elementor-widget-container\">\n\t\t\t\t\t<h2 class=\"elementor-heading-title elementor-size-default\">Likes<\/h2>\t\t\t\t<\/div>\n\t\t\t\t<\/div>\n\t\t\t\t<div class=\"elementor-element elementor-element-7fe3f0c elementor-align-start elementor-icon-list--layout-traditional elementor-list-item-link-full_width elementor-widget elementor-widget-icon-list\" data-id=\"7fe3f0c\" data-element_type=\"widget\" data-e-type=\"widget\" data-widget_type=\"icon-list.default\">\n\t\t\t\t<div class=\"elementor-widget-container\">\n\t\t\t\t\t\t\t<ul class=\"elementor-icon-list-items\">\n\t\t\t\t\t\t\t<li class=\"elementor-icon-list-item\">\n\t\t\t\t\t\t\t\t\t\t\t<span class=\"elementor-icon-list-icon\">\n\t\t\t\t\t\t\t<i aria-hidden=\"true\" class=\"fas fa-user-edit\"><\/i>\t\t\t\t\t\t<\/span>\n\t\t\t\t\t\t\t\t\t\t<span class=\"elementor-icon-list-text\">Autor: Roc Esquius<\/span>\n\t\t\t\t\t\t\t\t\t<\/li>\n\t\t\t\t\t\t\t\t<li class=\"elementor-icon-list-item\">\n\t\t\t\t\t\t\t\t\t\t\t<span class=\"elementor-icon-list-icon\">\n\t\t\t\t\t\t\t<i aria-hidden=\"true\" class=\"fas fa-tags\"><\/i>\t\t\t\t\t\t<\/span>\n\t\t\t\t\t\t\t\t\t\t<span class=\"elementor-icon-list-text\">G\u00e8nere: Com\u00e8dia<\/span>\n\t\t\t\t\t\t\t\t\t<\/li>\n\t\t\t\t\t\t\t\t<li class=\"elementor-icon-list-item\">\n\t\t\t\t\t\t\t\t\t\t\t<span class=\"elementor-icon-list-icon\">\n\t\t\t\t\t\t\t<i aria-hidden=\"true\" class=\"fas fa-theater-masks\"><\/i>\t\t\t\t\t\t<\/span>\n\t\t\t\t\t\t\t\t\t\t<span class=\"elementor-icon-list-text\">Repartiment: 2 homes, 2 dones<\/span>\n\t\t\t\t\t\t\t\t\t<\/li>\n\t\t\t\t\t\t<\/ul>\n\t\t\t\t\t\t<\/div>\n\t\t\t\t<\/div>\n\t\t\t\t<div class=\"elementor-element elementor-element-2c99715 elementor-widget elementor-widget-text-editor\" data-id=\"2c99715\" data-element_type=\"widget\" data-e-type=\"widget\" data-widget_type=\"text-editor.default\">\n\t\t\t\t<div class=\"elementor-widget-container\">\n\t\t\t\t\t\t\t\t\t<p dir=\"auto\">La Berta, la L\u00eddia, el Toni i el Pol s\u00f3n quatre companys accidentals que comparteixen un espai de coworking mentre miren de tirar endavant cada una de les seves professions. Cap dels quatre ha aconseguit treballar de la manera que esperava fer-ho. B\u00e9, treballar s\u00ed, el que no han aconseguit \u00e9s vendre\u2019s i guanyar-se un bon sou; ning\u00fa els coneix.<\/p><p dir=\"auto\">A partir d\u2019una foto fortu\u00efta i una reacci\u00f3 inesperada a les xarxes, els quatre veuran com les seves vides canvien dr\u00e0sticament. I \u00e9s que comencen a ser alg\u00fa, i saben com anar a m\u00e9s. El que no saben \u00e9s on porta el cam\u00ed. El qu\u00e8 no saben \u00e9s qui \u00e9s aquell alg\u00fa en qui es van convertint.<\/p>\t\t\t\t\t\t\t\t<\/div>\n\t\t\t\t<\/div>\n\t\t\t\t<\/div>\n\t\t\t\t<\/div>\n\t\t<div class=\"elementor-element elementor-element-42f0299 e-flex e-con-boxed e-con e-parent\" data-id=\"42f0299\" data-element_type=\"container\" data-e-type=\"container\">\n\t\t\t\t\t<div class=\"e-con-inner\">\n\t\t<div class=\"elementor-element elementor-element-0b01677 e-con-full e-flex e-con e-child\" data-id=\"0b01677\" data-element_type=\"container\" data-e-type=\"container\">\n\t\t\t\t<div class=\"elementor-element elementor-element-821d4bb elementor-widget elementor-widget-heading\" data-id=\"821d4bb\" data-element_type=\"widget\" data-e-type=\"widget\" data-widget_type=\"heading.default\">\n\t\t\t\t<div class=\"elementor-widget-container\">\n\t\t\t\t\t<h3 class=\"elementor-heading-title elementor-size-default\">Cr\u00edtica<\/h3>\t\t\t\t<\/div>\n\t\t\t\t<\/div>\n\t\t\t\t<div class=\"elementor-element elementor-element-183b312 elementor-widget elementor-widget-text-editor\" data-id=\"183b312\" data-element_type=\"widget\" data-e-type=\"widget\" data-widget_type=\"text-editor.default\">\n\t\t\t\t<div class=\"elementor-widget-container\">\n\t\t\t\t\t\t\t\t\t<p dir=\"auto\">\u201cLikes es una obra que no te dejar\u00e1 indiferente, tanto por el buen texto que ofrece como el nivel sublime de los actores. Una propuesta con risas garantizadas y que te har\u00e1 reflexionar sobre el uso de tu cuenta de Instagram y una limpieza de seguidores, de paso.\u201d (espacio web En Platea, 01\/02\/2019)<\/p>\t\t\t\t\t\t\t\t<\/div>\n\t\t\t\t<\/div>\n\t\t\t\t<div class=\"elementor-element elementor-element-5b2c4a7 elementor-button-info elementor-align-center elementor-widget elementor-widget-button\" data-id=\"5b2c4a7\" data-element_type=\"widget\" data-e-type=\"widget\" data-widget_type=\"button.default\">\n\t\t\t\t<div class=\"elementor-widget-container\">\n\t\t\t\t\t\t\t\t\t<div class=\"elementor-button-wrapper\">\n\t\t\t\t\t<a class=\"elementor-button elementor-button-link elementor-size-md\" href=\"http:\/\/enplatea.com\/?p=20987\" target=\"_blank\">\n\t\t\t\t\t\t<span class=\"elementor-button-content-wrapper\">\n\t\t\t\t\t\t\t\t\t<span class=\"elementor-button-text\">Llegir m\u00e9s<\/span>\n\t\t\t\t\t<\/span>\n\t\t\t\t\t<\/a>\n\t\t\t\t<\/div>\n\t\t\t\t\t\t\t\t<\/div>\n\t\t\t\t<\/div>\n\t\t\t\t<\/div>\n\t\t\t\t\t<\/div>\n\t\t\t\t<\/div>\n\t\t<div class=\"elementor-element elementor-element-3220ef1 e-flex e-con-boxed e-con e-parent\" data-id=\"3220ef1\" data-element_type=\"container\" data-e-type=\"container\">\n\t\t\t\t\t<div class=\"e-con-inner\">\n\t\t\t\t<div class=\"elementor-element elementor-element-f76497e elementor-widget elementor-widget-spacer\" data-id=\"f76497e\" data-element_type=\"widget\" data-e-type=\"widget\" data-widget_type=\"spacer.default\">\n\t\t\t\t<div class=\"elementor-widget-container\">\n\t\t\t\t\t\t\t<div class=\"elementor-spacer\">\n\t\t\t<div class=\"elementor-spacer-inner\"><\/div>\n\t\t<\/div>\n\t\t\t\t\t\t<\/div>\n\t\t\t\t<\/div>\n\t\t\t\t<div class=\"elementor-element elementor-element-8b1def4 elementor-widget elementor-widget-text-editor\" data-id=\"8b1def4\" data-element_type=\"widget\" data-e-type=\"widget\" data-widget_type=\"text-editor.default\">\n\t\t\t\t<div class=\"elementor-widget-container\">\n\t\t\t\t\t\t\t\t\t<div class=\"elementor-element elementor-element-b6f9d45 elementor-widget elementor-widget-text-editor\" data-id=\"b6f9d45\" data-element_type=\"text-editor.default\">\n<div class=\"elementor-widget-container\">\n<div class=\"elementor-text-editor elementor-clearfix\">\n<p style=\"text-align: center;\">Solicitar derechos de representaci\u00f3n:<\/p>\n<\/div>\n<\/div>\n<\/div>\n\t\t\t\t\t\t\t\t<\/div>\n\t\t\t\t<\/div>\n\t\t<div class=\"elementor-element elementor-element-71d46f6 e-con-full e-flex e-con e-child\" data-id=\"71d46f6\" data-element_type=\"container\" data-e-type=\"container\">\n\t\t\t\t<div class=\"elementor-element elementor-element-f7ad915 elementor-button-info elementor-align-center elementor-widget elementor-widget-button\" data-id=\"f7ad915\" data-element_type=\"widget\" data-e-type=\"widget\" data-widget_type=\"button.default\">\n\t\t\t\t<div class=\"elementor-widget-container\">\n\t\t\t\t\t\t\t\t\t<div class=\"elementor-button-wrapper\">\n\t\t\t\t\t<a class=\"elementor-button elementor-button-link elementor-size-md\" href=\"https:\/\/martafluvia.com\/licencia-amateur\/\">\n\t\t\t\t\t\t<span class=\"elementor-button-content-wrapper\">\n\t\t\t\t\t\t\t\t\t<span class=\"elementor-button-text\">Amateur<\/span>\n\t\t\t\t\t<\/span>\n\t\t\t\t\t<\/a>\n\t\t\t\t<\/div>\n\t\t\t\t\t\t\t\t<\/div>\n\t\t\t\t<\/div>\n\t\t\t\t<div class=\"elementor-element elementor-element-7904001 elementor-button-info elementor-align-center elementor-widget elementor-widget-button\" data-id=\"7904001\" data-element_type=\"widget\" data-e-type=\"widget\" data-widget_type=\"button.default\">\n\t\t\t\t<div class=\"elementor-widget-container\">\n\t\t\t\t\t\t\t\t\t<div class=\"elementor-button-wrapper\">\n\t\t\t\t\t<a class=\"elementor-button elementor-button-link elementor-size-md\" href=\"\/solicitud\">\n\t\t\t\t\t\t<span class=\"elementor-button-content-wrapper\">\n\t\t\t\t\t\t\t\t\t<span class=\"elementor-button-text\">Profesional<\/span>\n\t\t\t\t\t<\/span>\n\t\t\t\t\t<\/a>\n\t\t\t\t<\/div>\n\t\t\t\t\t\t\t\t<\/div>\n\t\t\t\t<\/div>\n\t\t\t\t<\/div>\n\t\t\t\t\t<\/div>\n\t\t\t\t<\/div>\n\t\t\t\t<\/div>\n\t\t","protected":false},"excerpt":{"rendered":"<p>Likes Autor: Roc Esquius G\u00e8nere: Com\u00e8dia Repartiment: 2 homes, 2 dones La Berta, la L\u00eddia, el Toni i el Pol s\u00f3n quatre companys accidentals que comparteixen un espai de coworking mentre miren de tirar endavant cada una de les seves professions. Cap dels quatre ha aconseguit treballar de la manera que esperava fer-ho. B\u00e9, treballar &#8230; <a title=\"Likes\" class=\"read-more\" href=\"https:\/\/martafluvia.com\/ca\/roc-esquius\/likes\/\">Llegiu m\u00e9s<\/a><\/p>\n","protected":false},"author":1,"featured_media":19310,"parent":1578,"menu_order":0,"comment_status":"closed","ping_status":"closed","template":"","meta":{"footnotes":""},"class_list":["post-22249","page","type-page","status-publish","has-post-thumbnail"],"yoast_head":"<!-- This site is optimized with the Yoast SEO plugin v27.4 - https:\/\/yoast.com\/product\/yoast-seo-wordpress\/ -->\n<title>Likes - Marta Fluvi\u00e0<\/title>\n<meta name=\"robots\" content=\"index, follow, max-snippet:-1, max-image-preview:large, max-video-preview:-1\" \/>\n<link rel=\"canonical\" href=\"https:\/\/martafluvia.com\/ca\/roc-esquius\/likes\/\" \/>\n<meta property=\"og:locale\" content=\"ca_ES\" \/>\n<meta property=\"og:type\" content=\"article\" \/>\n<meta property=\"og:title\" content=\"Likes - Marta Fluvi\u00e0\" \/>\n<meta property=\"og:description\" content=\"Likes Autor: Roc Esquius G\u00e8nere: Com\u00e8dia Repartiment: 2 homes, 2 dones La Berta, la L\u00eddia, el Toni i el Pol s\u00f3n quatre companys accidentals que comparteixen un espai de coworking mentre miren de tirar endavant cada una de les seves professions. Cap dels quatre ha aconseguit treballar de la manera que esperava fer-ho. B\u00e9, treballar ... Llegiu m\u00e9s\" \/>\n<meta property=\"og:url\" content=\"https:\/\/martafluvia.com\/ca\/roc-esquius\/likes\/\" \/>\n<meta property=\"og:site_name\" content=\"Marta Fluvi\u00e0\" \/>\n<meta property=\"article:publisher\" content=\"https:\/\/www.facebook.com\/martafluviaagency\/\" \/>\n<meta property=\"article:modified_time\" content=\"2024-03-12T14:14:14+00:00\" \/>\n<meta property=\"og:image\" content=\"https:\/\/martafluvia.com\/wp-content\/uploads\/2024\/01\/41Y5sHlqayL.jpg\" \/>\n\t<meta property=\"og:image:width\" content=\"318\" \/>\n\t<meta property=\"og:image:height\" content=\"500\" \/>\n\t<meta property=\"og:image:type\" content=\"image\/jpeg\" \/>\n<meta name=\"twitter:card\" content=\"summary_large_image\" \/>\n<meta name=\"twitter:label1\" content=\"Temps estimat de lectura\" \/>\n\t<meta name=\"twitter:data1\" content=\"2 minuts\" \/>\n<script type=\"application\/ld+json\" class=\"yoast-schema-graph\">{\"@context\":\"https:\\\/\\\/schema.org\",\"@graph\":[{\"@type\":\"WebPage\",\"@id\":\"https:\\\/\\\/martafluvia.com\\\/ca\\\/roc-esquius\\\/likes\\\/\",\"url\":\"https:\\\/\\\/martafluvia.com\\\/ca\\\/roc-esquius\\\/likes\\\/\",\"name\":\"Likes - Marta Fluvi\u00e0\",\"isPartOf\":{\"@id\":\"https:\\\/\\\/martafluvia.com\\\/en\\\/#website\"},\"primaryImageOfPage\":{\"@id\":\"https:\\\/\\\/martafluvia.com\\\/ca\\\/roc-esquius\\\/likes\\\/#primaryimage\"},\"image\":{\"@id\":\"https:\\\/\\\/martafluvia.com\\\/ca\\\/roc-esquius\\\/likes\\\/#primaryimage\"},\"thumbnailUrl\":\"https:\\\/\\\/martafluvia.com\\\/wp-content\\\/uploads\\\/2024\\\/01\\\/41Y5sHlqayL.jpg\",\"datePublished\":\"2024-03-12T14:00:11+00:00\",\"dateModified\":\"2024-03-12T14:14:14+00:00\",\"breadcrumb\":{\"@id\":\"https:\\\/\\\/martafluvia.com\\\/ca\\\/roc-esquius\\\/likes\\\/#breadcrumb\"},\"inLanguage\":\"ca\",\"potentialAction\":[{\"@type\":\"ReadAction\",\"target\":[\"https:\\\/\\\/martafluvia.com\\\/ca\\\/roc-esquius\\\/likes\\\/\"]}]},{\"@type\":\"ImageObject\",\"inLanguage\":\"ca\",\"@id\":\"https:\\\/\\\/martafluvia.com\\\/ca\\\/roc-esquius\\\/likes\\\/#primaryimage\",\"url\":\"https:\\\/\\\/martafluvia.com\\\/wp-content\\\/uploads\\\/2024\\\/01\\\/41Y5sHlqayL.jpg\",\"contentUrl\":\"https:\\\/\\\/martafluvia.com\\\/wp-content\\\/uploads\\\/2024\\\/01\\\/41Y5sHlqayL.jpg\",\"width\":318,\"height\":500},{\"@type\":\"BreadcrumbList\",\"@id\":\"https:\\\/\\\/martafluvia.com\\\/ca\\\/roc-esquius\\\/likes\\\/#breadcrumb\",\"itemListElement\":[{\"@type\":\"ListItem\",\"position\":1,\"name\":\"Portada\",\"item\":\"https:\\\/\\\/martafluvia.com\\\/ca\\\/\"},{\"@type\":\"ListItem\",\"position\":2,\"name\":\"Roc Esquius\",\"item\":\"https:\\\/\\\/martafluvia.com\\\/ca\\\/roc-esquius\\\/\"},{\"@type\":\"ListItem\",\"position\":3,\"name\":\"Likes\"}]},{\"@type\":\"WebSite\",\"@id\":\"https:\\\/\\\/martafluvia.com\\\/en\\\/#website\",\"url\":\"https:\\\/\\\/martafluvia.com\\\/en\\\/\",\"name\":\"Marta Fluvi\u00e0\",\"description\":\"Theatrical Literary Agency\",\"publisher\":{\"@id\":\"https:\\\/\\\/martafluvia.com\\\/en\\\/#organization\"},\"potentialAction\":[{\"@type\":\"SearchAction\",\"target\":{\"@type\":\"EntryPoint\",\"urlTemplate\":\"https:\\\/\\\/martafluvia.com\\\/en\\\/?s={search_term_string}\"},\"query-input\":{\"@type\":\"PropertyValueSpecification\",\"valueRequired\":true,\"valueName\":\"search_term_string\"}}],\"inLanguage\":\"ca\"},{\"@type\":\"Organization\",\"@id\":\"https:\\\/\\\/martafluvia.com\\\/en\\\/#organization\",\"name\":\"Marta Fluvi\u00e0 Agency\",\"url\":\"https:\\\/\\\/martafluvia.com\\\/en\\\/\",\"logo\":{\"@type\":\"ImageObject\",\"inLanguage\":\"ca\",\"@id\":\"https:\\\/\\\/martafluvia.com\\\/en\\\/#\\\/schema\\\/logo\\\/image\\\/\",\"url\":\"https:\\\/\\\/martafluvia.com\\\/wp-content\\\/uploads\\\/2017\\\/12\\\/logo-marta-english-1.jpg\",\"contentUrl\":\"https:\\\/\\\/martafluvia.com\\\/wp-content\\\/uploads\\\/2017\\\/12\\\/logo-marta-english-1.jpg\",\"width\":2118,\"height\":783,\"caption\":\"Marta Fluvi\u00e0 Agency\"},\"image\":{\"@id\":\"https:\\\/\\\/martafluvia.com\\\/en\\\/#\\\/schema\\\/logo\\\/image\\\/\"},\"sameAs\":[\"https:\\\/\\\/www.facebook.com\\\/martafluviaagency\\\/\"]}]}<\/script>\n<!-- \/ Yoast SEO plugin. -->","yoast_head_json":{"title":"Likes - Marta Fluvi\u00e0","robots":{"index":"index","follow":"follow","max-snippet":"max-snippet:-1","max-image-preview":"max-image-preview:large","max-video-preview":"max-video-preview:-1"},"canonical":"https:\/\/martafluvia.com\/ca\/roc-esquius\/likes\/","og_locale":"ca_ES","og_type":"article","og_title":"Likes - Marta Fluvi\u00e0","og_description":"Likes Autor: Roc Esquius G\u00e8nere: Com\u00e8dia Repartiment: 2 homes, 2 dones La Berta, la L\u00eddia, el Toni i el Pol s\u00f3n quatre companys accidentals que comparteixen un espai de coworking mentre miren de tirar endavant cada una de les seves professions. Cap dels quatre ha aconseguit treballar de la manera que esperava fer-ho. B\u00e9, treballar ... Llegiu m\u00e9s","og_url":"https:\/\/martafluvia.com\/ca\/roc-esquius\/likes\/","og_site_name":"Marta Fluvi\u00e0","article_publisher":"https:\/\/www.facebook.com\/martafluviaagency\/","article_modified_time":"2024-03-12T14:14:14+00:00","og_image":[{"width":318,"height":500,"url":"https:\/\/martafluvia.com\/wp-content\/uploads\/2024\/01\/41Y5sHlqayL.jpg","type":"image\/jpeg"}],"twitter_card":"summary_large_image","twitter_misc":{"Temps estimat de lectura":"2 minuts"},"schema":{"@context":"https:\/\/schema.org","@graph":[{"@type":"WebPage","@id":"https:\/\/martafluvia.com\/ca\/roc-esquius\/likes\/","url":"https:\/\/martafluvia.com\/ca\/roc-esquius\/likes\/","name":"Likes - Marta Fluvi\u00e0","isPartOf":{"@id":"https:\/\/martafluvia.com\/en\/#website"},"primaryImageOfPage":{"@id":"https:\/\/martafluvia.com\/ca\/roc-esquius\/likes\/#primaryimage"},"image":{"@id":"https:\/\/martafluvia.com\/ca\/roc-esquius\/likes\/#primaryimage"},"thumbnailUrl":"https:\/\/martafluvia.com\/wp-content\/uploads\/2024\/01\/41Y5sHlqayL.jpg","datePublished":"2024-03-12T14:00:11+00:00","dateModified":"2024-03-12T14:14:14+00:00","breadcrumb":{"@id":"https:\/\/martafluvia.com\/ca\/roc-esquius\/likes\/#breadcrumb"},"inLanguage":"ca","potentialAction":[{"@type":"ReadAction","target":["https:\/\/martafluvia.com\/ca\/roc-esquius\/likes\/"]}]},{"@type":"ImageObject","inLanguage":"ca","@id":"https:\/\/martafluvia.com\/ca\/roc-esquius\/likes\/#primaryimage","url":"https:\/\/martafluvia.com\/wp-content\/uploads\/2024\/01\/41Y5sHlqayL.jpg","contentUrl":"https:\/\/martafluvia.com\/wp-content\/uploads\/2024\/01\/41Y5sHlqayL.jpg","width":318,"height":500},{"@type":"BreadcrumbList","@id":"https:\/\/martafluvia.com\/ca\/roc-esquius\/likes\/#breadcrumb","itemListElement":[{"@type":"ListItem","position":1,"name":"Portada","item":"https:\/\/martafluvia.com\/ca\/"},{"@type":"ListItem","position":2,"name":"Roc Esquius","item":"https:\/\/martafluvia.com\/ca\/roc-esquius\/"},{"@type":"ListItem","position":3,"name":"Likes"}]},{"@type":"WebSite","@id":"https:\/\/martafluvia.com\/en\/#website","url":"https:\/\/martafluvia.com\/en\/","name":"Marta Fluvi\u00e0","description":"Theatrical Literary Agency","publisher":{"@id":"https:\/\/martafluvia.com\/en\/#organization"},"potentialAction":[{"@type":"SearchAction","target":{"@type":"EntryPoint","urlTemplate":"https:\/\/martafluvia.com\/en\/?s={search_term_string}"},"query-input":{"@type":"PropertyValueSpecification","valueRequired":true,"valueName":"search_term_string"}}],"inLanguage":"ca"},{"@type":"Organization","@id":"https:\/\/martafluvia.com\/en\/#organization","name":"Marta Fluvi\u00e0 Agency","url":"https:\/\/martafluvia.com\/en\/","logo":{"@type":"ImageObject","inLanguage":"ca","@id":"https:\/\/martafluvia.com\/en\/#\/schema\/logo\/image\/","url":"https:\/\/martafluvia.com\/wp-content\/uploads\/2017\/12\/logo-marta-english-1.jpg","contentUrl":"https:\/\/martafluvia.com\/wp-content\/uploads\/2017\/12\/logo-marta-english-1.jpg","width":2118,"height":783,"caption":"Marta Fluvi\u00e0 Agency"},"image":{"@id":"https:\/\/martafluvia.com\/en\/#\/schema\/logo\/image\/"},"sameAs":["https:\/\/www.facebook.com\/martafluviaagency\/"]}]}},"_links":{"self":[{"href":"https:\/\/martafluvia.com\/ca\/wp-json\/wp\/v2\/pages\/22249","targetHints":{"allow":["GET"]}}],"collection":[{"href":"https:\/\/martafluvia.com\/ca\/wp-json\/wp\/v2\/pages"}],"about":[{"href":"https:\/\/martafluvia.com\/ca\/wp-json\/wp\/v2\/types\/page"}],"author":[{"embeddable":true,"href":"https:\/\/martafluvia.com\/ca\/wp-json\/wp\/v2\/users\/1"}],"replies":[{"embeddable":true,"href":"https:\/\/martafluvia.com\/ca\/wp-json\/wp\/v2\/comments?post=22249"}],"version-history":[{"count":5,"href":"https:\/\/martafluvia.com\/ca\/wp-json\/wp\/v2\/pages\/22249\/revisions"}],"predecessor-version":[{"id":22308,"href":"https:\/\/martafluvia.com\/ca\/wp-json\/wp\/v2\/pages\/22249\/revisions\/22308"}],"up":[{"embeddable":true,"href":"https:\/\/martafluvia.com\/ca\/wp-json\/wp\/v2\/pages\/1578"}],"wp:featuredmedia":[{"embeddable":true,"href":"https:\/\/martafluvia.com\/ca\/wp-json\/wp\/v2\/media\/19310"}],"wp:attachment":[{"href":"https:\/\/martafluvia.com\/ca\/wp-json\/wp\/v2\/media?parent=22249"}],"curies":[{"name":"wp","href":"https:\/\/api.w.org\/{rel}","templated":true}]}}