{"id":21983,"date":"2024-03-12T14:31:17","date_gmt":"2024-03-12T13:31:17","guid":{"rendered":"https:\/\/martafluvia.com\/?page_id=21983"},"modified":"2024-03-12T14:31:44","modified_gmt":"2024-03-12T13:31:44","slug":"zoo","status":"publish","type":"page","link":"https:\/\/martafluvia.com\/ca\/sergio-blanco\/zoo\/","title":{"rendered":"Zoo"},"content":{"rendered":"\t\t<div data-elementor-type=\"wp-page\" data-elementor-id=\"21983\" class=\"elementor elementor-21983\" data-elementor-post-type=\"page\">\n\t\t\t\t<div class=\"elementor-element elementor-element-1420fc8 e-con-full e-flex e-con e-parent\" data-id=\"1420fc8\" data-element_type=\"container\" data-e-type=\"container\">\n\t\t<div class=\"elementor-element elementor-element-c2f4681 e-con-full e-flex e-con e-child\" data-id=\"c2f4681\" data-element_type=\"container\" data-e-type=\"container\">\n\t\t\t\t<div class=\"elementor-element elementor-element-7dd02a2 elementor-pagination-position-outside elementor-widget elementor-widget-image-carousel\" data-id=\"7dd02a2\" data-element_type=\"widget\" data-e-type=\"widget\" data-settings=\"{&quot;slides_to_show&quot;:&quot;1&quot;,&quot;navigation&quot;:&quot;dots&quot;,&quot;autoplay&quot;:&quot;yes&quot;,&quot;pause_on_hover&quot;:&quot;yes&quot;,&quot;pause_on_interaction&quot;:&quot;yes&quot;,&quot;autoplay_speed&quot;:5000,&quot;infinite&quot;:&quot;yes&quot;,&quot;effect&quot;:&quot;slide&quot;,&quot;speed&quot;:500}\" data-widget_type=\"image-carousel.default\">\n\t\t\t\t<div class=\"elementor-widget-container\">\n\t\t\t\t\t\t\t<div class=\"elementor-image-carousel-wrapper swiper\" role=\"region\" aria-roledescription=\"carousel\" aria-label=\"Carrusel d&#039;imatges\" dir=\"ltr\">\n\t\t\t<div class=\"elementor-image-carousel swiper-wrapper\" aria-live=\"off\">\n\t\t\t\t\t\t\t\t<div class=\"swiper-slide\" role=\"group\" aria-roledescription=\"slide\" aria-label=\"1 de 1\"><figure class=\"swiper-slide-inner\"><img decoding=\"async\" class=\"swiper-slide-image\" src=\"https:\/\/martafluvia.com\/wp-content\/uploads\/2024\/03\/suspect.jpg\" alt=\"suspect\" \/><\/figure><\/div>\t\t\t<\/div>\n\t\t\t\t\t<\/div>\n\t\t\t\t\t\t<\/div>\n\t\t\t\t<\/div>\n\t\t\t\t<\/div>\n\t\t<div class=\"elementor-element elementor-element-ba7b36f e-con-full e-flex e-con e-child\" data-id=\"ba7b36f\" data-element_type=\"container\" data-e-type=\"container\">\n\t\t\t\t<div class=\"elementor-element elementor-element-27df744 elementor-widget elementor-widget-heading\" data-id=\"27df744\" data-element_type=\"widget\" data-e-type=\"widget\" data-widget_type=\"heading.default\">\n\t\t\t\t<div class=\"elementor-widget-container\">\n\t\t\t\t\t<h2 class=\"elementor-heading-title elementor-size-default\">Zoo<\/h2>\t\t\t\t<\/div>\n\t\t\t\t<\/div>\n\t\t\t\t<div class=\"elementor-element elementor-element-7fe3f0c elementor-align-start elementor-icon-list--layout-traditional elementor-list-item-link-full_width elementor-widget elementor-widget-icon-list\" data-id=\"7fe3f0c\" data-element_type=\"widget\" data-e-type=\"widget\" data-widget_type=\"icon-list.default\">\n\t\t\t\t<div class=\"elementor-widget-container\">\n\t\t\t\t\t\t\t<ul class=\"elementor-icon-list-items\">\n\t\t\t\t\t\t\t<li class=\"elementor-icon-list-item\">\n\t\t\t\t\t\t\t\t\t\t\t<span class=\"elementor-icon-list-icon\">\n\t\t\t\t\t\t\t<i aria-hidden=\"true\" class=\"fas fa-user-edit\"><\/i>\t\t\t\t\t\t<\/span>\n\t\t\t\t\t\t\t\t\t\t<span class=\"elementor-icon-list-text\">Autor: Sergio Blanco<\/span>\n\t\t\t\t\t\t\t\t\t<\/li>\n\t\t\t\t\t\t\t\t<li class=\"elementor-icon-list-item\">\n\t\t\t\t\t\t\t\t\t\t\t<span class=\"elementor-icon-list-icon\">\n\t\t\t\t\t\t\t<i aria-hidden=\"true\" class=\"fas fa-tags\"><\/i>\t\t\t\t\t\t<\/span>\n\t\t\t\t\t\t\t\t\t\t<span class=\"elementor-icon-list-text\">G\u00e8nere: Drama, Autoficci\u00f3<\/span>\n\t\t\t\t\t\t\t\t\t<\/li>\n\t\t\t\t\t\t\t\t<li class=\"elementor-icon-list-item\">\n\t\t\t\t\t\t\t\t\t\t\t<span class=\"elementor-icon-list-icon\">\n\t\t\t\t\t\t\t<i aria-hidden=\"true\" class=\"fas fa-theater-masks\"><\/i>\t\t\t\t\t\t<\/span>\n\t\t\t\t\t\t\t\t\t\t<span class=\"elementor-icon-list-text\">Repartiment: 1 home, 1 dona, 1 gorila<\/span>\n\t\t\t\t\t\t\t\t\t<\/li>\n\t\t\t\t\t\t<\/ul>\n\t\t\t\t\t\t<\/div>\n\t\t\t\t<\/div>\n\t\t\t\t<div class=\"elementor-element elementor-element-2c99715 elementor-widget elementor-widget-text-editor\" data-id=\"2c99715\" data-element_type=\"widget\" data-e-type=\"widget\" data-widget_type=\"text-editor.default\">\n\t\t\t\t<div class=\"elementor-widget-container\">\n\t\t\t\t\t\t\t\t\t<p dir=\"auto\">Las similitudes de los grandes simios con la especie humana fascinan al alter ego del dramaturgo, que siempre busca nuevos temas para escribir en sus obras. Tras obtener el permiso del ayuntamiento de Mil\u00e1n para realizar una residencia de escritura en uno de los pabellones del zoo de la ciudad, el autor conoce a Tandzo, un joven gorila llegado de \u00c1frica Occidental, y a la primat\u00f3loga que lo cuida. Pero el encuentro ir\u00e1 mucho m\u00e1s all\u00e1 de lo que \u00e9l esperaba.<\/p><p dir=\"auto\">Explorando las zonas misteriosas del inconsciente, <em>Zoo<\/em> es una obra poderosa sobre el deseo amoroso tanto como un tratado sobre la Belleza y los mecanismos que entran en juego en el momento de la creaci\u00f3n art\u00edstica, dos temas omnipresentes en la escritura de Blanco.<\/p>\t\t\t\t\t\t\t\t<\/div>\n\t\t\t\t<\/div>\n\t\t\t\t<\/div>\n\t\t\t\t<\/div>\n\t\t<div class=\"elementor-element elementor-element-42f0299 e-flex e-con-boxed e-con e-parent\" data-id=\"42f0299\" data-element_type=\"container\" data-e-type=\"container\">\n\t\t\t\t\t<div class=\"e-con-inner\">\n\t\t<div class=\"elementor-element elementor-element-6241a4c e-con-full e-flex e-con e-child\" data-id=\"6241a4c\" data-element_type=\"container\" data-e-type=\"container\">\n\t\t\t\t<div class=\"elementor-element elementor-element-5dac58d elementor-widget elementor-widget-heading\" data-id=\"5dac58d\" data-element_type=\"widget\" data-e-type=\"widget\" data-widget_type=\"heading.default\">\n\t\t\t\t<div class=\"elementor-widget-container\">\n\t\t\t\t\t<h3 class=\"elementor-heading-title elementor-size-default\">V\u00eddeo<\/h3>\t\t\t\t<\/div>\n\t\t\t\t<\/div>\n\t\t\t\t<div class=\"elementor-element elementor-element-5ec4abd elementor-widget elementor-widget-video\" data-id=\"5ec4abd\" data-element_type=\"widget\" data-e-type=\"widget\" data-settings=\"{&quot;youtube_url&quot;:&quot;https:\\\/\\\/youtu.be\\\/feHJMH8st5I?si=4b52NAkCGIkxLIJf&quot;,&quot;video_type&quot;:&quot;youtube&quot;,&quot;controls&quot;:&quot;yes&quot;}\" data-widget_type=\"video.default\">\n\t\t\t\t<div class=\"elementor-widget-container\">\n\t\t\t\t\t\t\t<div class=\"elementor-wrapper elementor-open-inline\">\n\t\t\t<div class=\"elementor-video\"><\/div>\t\t<\/div>\n\t\t\t\t\t\t<\/div>\n\t\t\t\t<\/div>\n\t\t\t\t<\/div>\n\t\t<div class=\"elementor-element elementor-element-0b01677 e-con-full e-flex e-con e-child\" data-id=\"0b01677\" data-element_type=\"container\" data-e-type=\"container\">\n\t\t\t\t<div class=\"elementor-element elementor-element-821d4bb elementor-widget elementor-widget-heading\" data-id=\"821d4bb\" data-element_type=\"widget\" data-e-type=\"widget\" data-widget_type=\"heading.default\">\n\t\t\t\t<div class=\"elementor-widget-container\">\n\t\t\t\t\t<h3 class=\"elementor-heading-title elementor-size-default\">Cr\u00edtica<\/h3>\t\t\t\t<\/div>\n\t\t\t\t<\/div>\n\t\t\t\t<div class=\"elementor-element elementor-element-183b312 elementor-widget elementor-widget-text-editor\" data-id=\"183b312\" data-element_type=\"widget\" data-e-type=\"widget\" data-widget_type=\"text-editor.default\">\n\t\t\t\t<div class=\"elementor-widget-container\">\n\t\t\t\t\t\t\t\t\t<p dir=\"auto\">&#8220;En Zoo, lo pol\u00edtico y la fascinaci\u00f3n confluyen en el v\u00ednculo entre las especies y el abordaje, desde lo bello y lo noble, se\u00f1ala Blanco, de una parafilia como la zoofilia.\u201d (diario El Pa\u00eds Uruguay, 04\/10\/2022)<\/p>\t\t\t\t\t\t\t\t<\/div>\n\t\t\t\t<\/div>\n\t\t\t\t<div class=\"elementor-element elementor-element-5b2c4a7 elementor-button-info elementor-align-center elementor-widget elementor-widget-button\" data-id=\"5b2c4a7\" data-element_type=\"widget\" data-e-type=\"widget\" data-widget_type=\"button.default\">\n\t\t\t\t<div class=\"elementor-widget-container\">\n\t\t\t\t\t\t\t\t\t<div class=\"elementor-button-wrapper\">\n\t\t\t\t\t<a class=\"elementor-button elementor-button-link elementor-size-md\" href=\"https:\/\/www.elpais.com.uy\/tvshow\/teatro\/escribio-en-un-zoo-de-paris-estreno-en-milan-y-hoy-llega-al-solis-la-ultima-aventura-de-sergio-blanco\" target=\"_blank\">\n\t\t\t\t\t\t<span class=\"elementor-button-content-wrapper\">\n\t\t\t\t\t\t\t\t\t<span class=\"elementor-button-text\">Llegir m\u00e9s<\/span>\n\t\t\t\t\t<\/span>\n\t\t\t\t\t<\/a>\n\t\t\t\t<\/div>\n\t\t\t\t\t\t\t\t<\/div>\n\t\t\t\t<\/div>\n\t\t\t\t<\/div>\n\t\t\t\t\t<\/div>\n\t\t\t\t<\/div>\n\t\t<div class=\"elementor-element elementor-element-3220ef1 e-flex e-con-boxed e-con e-parent\" data-id=\"3220ef1\" data-element_type=\"container\" data-e-type=\"container\">\n\t\t\t\t\t<div class=\"e-con-inner\">\n\t\t\t\t<div class=\"elementor-element elementor-element-f76497e elementor-widget elementor-widget-spacer\" data-id=\"f76497e\" data-element_type=\"widget\" data-e-type=\"widget\" data-widget_type=\"spacer.default\">\n\t\t\t\t<div class=\"elementor-widget-container\">\n\t\t\t\t\t\t\t<div class=\"elementor-spacer\">\n\t\t\t<div class=\"elementor-spacer-inner\"><\/div>\n\t\t<\/div>\n\t\t\t\t\t\t<\/div>\n\t\t\t\t<\/div>\n\t\t\t\t<div class=\"elementor-element elementor-element-8b1def4 elementor-widget elementor-widget-text-editor\" data-id=\"8b1def4\" data-element_type=\"widget\" data-e-type=\"widget\" data-widget_type=\"text-editor.default\">\n\t\t\t\t<div class=\"elementor-widget-container\">\n\t\t\t\t\t\t\t\t\t<div class=\"elementor-element elementor-element-b6f9d45 elementor-widget elementor-widget-text-editor\" data-id=\"b6f9d45\" data-element_type=\"text-editor.default\">\n<div class=\"elementor-widget-container\">\n<div class=\"elementor-text-editor elementor-clearfix\">\n<p style=\"text-align: center;\">Solicitar derechos de representaci\u00f3n:<\/p>\n<\/div>\n<\/div>\n<\/div>\n\t\t\t\t\t\t\t\t<\/div>\n\t\t\t\t<\/div>\n\t\t<div class=\"elementor-element elementor-element-71d46f6 e-con-full e-flex e-con e-child\" data-id=\"71d46f6\" data-element_type=\"container\" data-e-type=\"container\">\n\t\t\t\t<div class=\"elementor-element elementor-element-f7ad915 elementor-button-info elementor-align-center elementor-widget elementor-widget-button\" data-id=\"f7ad915\" data-element_type=\"widget\" data-e-type=\"widget\" data-widget_type=\"button.default\">\n\t\t\t\t<div class=\"elementor-widget-container\">\n\t\t\t\t\t\t\t\t\t<div class=\"elementor-button-wrapper\">\n\t\t\t\t\t<a class=\"elementor-button elementor-button-link elementor-size-md\" href=\"https:\/\/martafluvia.com\/licencia-amateur\/\">\n\t\t\t\t\t\t<span class=\"elementor-button-content-wrapper\">\n\t\t\t\t\t\t\t\t\t<span class=\"elementor-button-text\">Amateur<\/span>\n\t\t\t\t\t<\/span>\n\t\t\t\t\t<\/a>\n\t\t\t\t<\/div>\n\t\t\t\t\t\t\t\t<\/div>\n\t\t\t\t<\/div>\n\t\t\t\t<div class=\"elementor-element elementor-element-7904001 elementor-button-info elementor-align-center elementor-widget elementor-widget-button\" data-id=\"7904001\" data-element_type=\"widget\" data-e-type=\"widget\" data-widget_type=\"button.default\">\n\t\t\t\t<div class=\"elementor-widget-container\">\n\t\t\t\t\t\t\t\t\t<div class=\"elementor-button-wrapper\">\n\t\t\t\t\t<a class=\"elementor-button elementor-button-link elementor-size-md\" href=\"\/solicitud\">\n\t\t\t\t\t\t<span class=\"elementor-button-content-wrapper\">\n\t\t\t\t\t\t\t\t\t<span class=\"elementor-button-text\">Profesional<\/span>\n\t\t\t\t\t<\/span>\n\t\t\t\t\t<\/a>\n\t\t\t\t<\/div>\n\t\t\t\t\t\t\t\t<\/div>\n\t\t\t\t<\/div>\n\t\t\t\t<\/div>\n\t\t\t\t\t<\/div>\n\t\t\t\t<\/div>\n\t\t\t\t<\/div>\n\t\t","protected":false},"excerpt":{"rendered":"<p>Zoo Autor: Sergio Blanco G\u00e8nere: Drama, Autoficci\u00f3 Repartiment: 1 home, 1 dona, 1 gorila Las similitudes de los grandes simios con la especie humana fascinan al alter ego del dramaturgo, que siempre busca nuevos temas para escribir en sus obras. Tras obtener el permiso del ayuntamiento de Mil\u00e1n para realizar una residencia de escritura en &#8230; <a title=\"Zoo\" class=\"read-more\" href=\"https:\/\/martafluvia.com\/ca\/sergio-blanco\/zoo\/\">Llegiu m\u00e9s<\/a><\/p>\n","protected":false},"author":1,"featured_media":19310,"parent":11844,"menu_order":0,"comment_status":"closed","ping_status":"closed","template":"","meta":{"footnotes":""},"class_list":["post-21983","page","type-page","status-publish","has-post-thumbnail"],"yoast_head":"<!-- This site is optimized with the Yoast SEO plugin v27.3 - https:\/\/yoast.com\/product\/yoast-seo-wordpress\/ -->\n<title>Zoo - Marta Fluvi\u00e0<\/title>\n<meta name=\"robots\" content=\"index, follow, max-snippet:-1, max-image-preview:large, max-video-preview:-1\" \/>\n<link rel=\"canonical\" href=\"https:\/\/martafluvia.com\/ca\/sergio-blanco\/zoo\/\" \/>\n<meta property=\"og:locale\" content=\"ca_ES\" \/>\n<meta property=\"og:type\" content=\"article\" \/>\n<meta property=\"og:title\" content=\"Zoo - Marta Fluvi\u00e0\" \/>\n<meta property=\"og:description\" content=\"Zoo Autor: Sergio Blanco G\u00e8nere: Drama, Autoficci\u00f3 Repartiment: 1 home, 1 dona, 1 gorila Las similitudes de los grandes simios con la especie humana fascinan al alter ego del dramaturgo, que siempre busca nuevos temas para escribir en sus obras. Tras obtener el permiso del ayuntamiento de Mil\u00e1n para realizar una residencia de escritura en ... Llegiu m\u00e9s\" \/>\n<meta property=\"og:url\" content=\"https:\/\/martafluvia.com\/ca\/sergio-blanco\/zoo\/\" \/>\n<meta property=\"og:site_name\" content=\"Marta Fluvi\u00e0\" \/>\n<meta property=\"article:publisher\" content=\"https:\/\/www.facebook.com\/martafluviaagency\/\" \/>\n<meta property=\"article:modified_time\" content=\"2024-03-12T13:31:44+00:00\" \/>\n<meta property=\"og:image\" content=\"https:\/\/martafluvia.com\/wp-content\/uploads\/2024\/01\/41Y5sHlqayL.jpg\" \/>\n\t<meta property=\"og:image:width\" content=\"318\" \/>\n\t<meta property=\"og:image:height\" content=\"500\" \/>\n\t<meta property=\"og:image:type\" content=\"image\/jpeg\" \/>\n<meta name=\"twitter:card\" content=\"summary_large_image\" \/>\n<meta name=\"twitter:label1\" content=\"Temps estimat de lectura\" \/>\n\t<meta name=\"twitter:data1\" content=\"2 minuts\" \/>\n<script type=\"application\/ld+json\" class=\"yoast-schema-graph\">{\"@context\":\"https:\\\/\\\/schema.org\",\"@graph\":[{\"@type\":\"WebPage\",\"@id\":\"https:\\\/\\\/martafluvia.com\\\/ca\\\/sergio-blanco\\\/zoo\\\/\",\"url\":\"https:\\\/\\\/martafluvia.com\\\/ca\\\/sergio-blanco\\\/zoo\\\/\",\"name\":\"Zoo - Marta Fluvi\u00e0\",\"isPartOf\":{\"@id\":\"https:\\\/\\\/martafluvia.com\\\/en\\\/#website\"},\"primaryImageOfPage\":{\"@id\":\"https:\\\/\\\/martafluvia.com\\\/ca\\\/sergio-blanco\\\/zoo\\\/#primaryimage\"},\"image\":{\"@id\":\"https:\\\/\\\/martafluvia.com\\\/ca\\\/sergio-blanco\\\/zoo\\\/#primaryimage\"},\"thumbnailUrl\":\"https:\\\/\\\/martafluvia.com\\\/wp-content\\\/uploads\\\/2024\\\/01\\\/41Y5sHlqayL.jpg\",\"datePublished\":\"2024-03-12T13:31:17+00:00\",\"dateModified\":\"2024-03-12T13:31:44+00:00\",\"breadcrumb\":{\"@id\":\"https:\\\/\\\/martafluvia.com\\\/ca\\\/sergio-blanco\\\/zoo\\\/#breadcrumb\"},\"inLanguage\":\"ca\",\"potentialAction\":[{\"@type\":\"ReadAction\",\"target\":[\"https:\\\/\\\/martafluvia.com\\\/ca\\\/sergio-blanco\\\/zoo\\\/\"]}]},{\"@type\":\"ImageObject\",\"inLanguage\":\"ca\",\"@id\":\"https:\\\/\\\/martafluvia.com\\\/ca\\\/sergio-blanco\\\/zoo\\\/#primaryimage\",\"url\":\"https:\\\/\\\/martafluvia.com\\\/wp-content\\\/uploads\\\/2024\\\/01\\\/41Y5sHlqayL.jpg\",\"contentUrl\":\"https:\\\/\\\/martafluvia.com\\\/wp-content\\\/uploads\\\/2024\\\/01\\\/41Y5sHlqayL.jpg\",\"width\":318,\"height\":500},{\"@type\":\"BreadcrumbList\",\"@id\":\"https:\\\/\\\/martafluvia.com\\\/ca\\\/sergio-blanco\\\/zoo\\\/#breadcrumb\",\"itemListElement\":[{\"@type\":\"ListItem\",\"position\":1,\"name\":\"Portada\",\"item\":\"https:\\\/\\\/martafluvia.com\\\/ca\\\/\"},{\"@type\":\"ListItem\",\"position\":2,\"name\":\"Sergio Blanco\",\"item\":\"https:\\\/\\\/martafluvia.com\\\/ca\\\/sergio-blanco\\\/\"},{\"@type\":\"ListItem\",\"position\":3,\"name\":\"Zoo\"}]},{\"@type\":\"WebSite\",\"@id\":\"https:\\\/\\\/martafluvia.com\\\/en\\\/#website\",\"url\":\"https:\\\/\\\/martafluvia.com\\\/en\\\/\",\"name\":\"Marta Fluvi\u00e0\",\"description\":\"Theatrical Literary Agency\",\"publisher\":{\"@id\":\"https:\\\/\\\/martafluvia.com\\\/en\\\/#organization\"},\"potentialAction\":[{\"@type\":\"SearchAction\",\"target\":{\"@type\":\"EntryPoint\",\"urlTemplate\":\"https:\\\/\\\/martafluvia.com\\\/en\\\/?s={search_term_string}\"},\"query-input\":{\"@type\":\"PropertyValueSpecification\",\"valueRequired\":true,\"valueName\":\"search_term_string\"}}],\"inLanguage\":\"ca\"},{\"@type\":\"Organization\",\"@id\":\"https:\\\/\\\/martafluvia.com\\\/en\\\/#organization\",\"name\":\"Marta Fluvi\u00e0 Agency\",\"url\":\"https:\\\/\\\/martafluvia.com\\\/en\\\/\",\"logo\":{\"@type\":\"ImageObject\",\"inLanguage\":\"ca\",\"@id\":\"https:\\\/\\\/martafluvia.com\\\/en\\\/#\\\/schema\\\/logo\\\/image\\\/\",\"url\":\"https:\\\/\\\/martafluvia.com\\\/wp-content\\\/uploads\\\/2017\\\/12\\\/logo-marta-english-1.jpg\",\"contentUrl\":\"https:\\\/\\\/martafluvia.com\\\/wp-content\\\/uploads\\\/2017\\\/12\\\/logo-marta-english-1.jpg\",\"width\":2118,\"height\":783,\"caption\":\"Marta Fluvi\u00e0 Agency\"},\"image\":{\"@id\":\"https:\\\/\\\/martafluvia.com\\\/en\\\/#\\\/schema\\\/logo\\\/image\\\/\"},\"sameAs\":[\"https:\\\/\\\/www.facebook.com\\\/martafluviaagency\\\/\"]}]}<\/script>\n<!-- \/ Yoast SEO plugin. -->","yoast_head_json":{"title":"Zoo - Marta Fluvi\u00e0","robots":{"index":"index","follow":"follow","max-snippet":"max-snippet:-1","max-image-preview":"max-image-preview:large","max-video-preview":"max-video-preview:-1"},"canonical":"https:\/\/martafluvia.com\/ca\/sergio-blanco\/zoo\/","og_locale":"ca_ES","og_type":"article","og_title":"Zoo - Marta Fluvi\u00e0","og_description":"Zoo Autor: Sergio Blanco G\u00e8nere: Drama, Autoficci\u00f3 Repartiment: 1 home, 1 dona, 1 gorila Las similitudes de los grandes simios con la especie humana fascinan al alter ego del dramaturgo, que siempre busca nuevos temas para escribir en sus obras. Tras obtener el permiso del ayuntamiento de Mil\u00e1n para realizar una residencia de escritura en ... Llegiu m\u00e9s","og_url":"https:\/\/martafluvia.com\/ca\/sergio-blanco\/zoo\/","og_site_name":"Marta Fluvi\u00e0","article_publisher":"https:\/\/www.facebook.com\/martafluviaagency\/","article_modified_time":"2024-03-12T13:31:44+00:00","og_image":[{"width":318,"height":500,"url":"https:\/\/martafluvia.com\/wp-content\/uploads\/2024\/01\/41Y5sHlqayL.jpg","type":"image\/jpeg"}],"twitter_card":"summary_large_image","twitter_misc":{"Temps estimat de lectura":"2 minuts"},"schema":{"@context":"https:\/\/schema.org","@graph":[{"@type":"WebPage","@id":"https:\/\/martafluvia.com\/ca\/sergio-blanco\/zoo\/","url":"https:\/\/martafluvia.com\/ca\/sergio-blanco\/zoo\/","name":"Zoo - Marta Fluvi\u00e0","isPartOf":{"@id":"https:\/\/martafluvia.com\/en\/#website"},"primaryImageOfPage":{"@id":"https:\/\/martafluvia.com\/ca\/sergio-blanco\/zoo\/#primaryimage"},"image":{"@id":"https:\/\/martafluvia.com\/ca\/sergio-blanco\/zoo\/#primaryimage"},"thumbnailUrl":"https:\/\/martafluvia.com\/wp-content\/uploads\/2024\/01\/41Y5sHlqayL.jpg","datePublished":"2024-03-12T13:31:17+00:00","dateModified":"2024-03-12T13:31:44+00:00","breadcrumb":{"@id":"https:\/\/martafluvia.com\/ca\/sergio-blanco\/zoo\/#breadcrumb"},"inLanguage":"ca","potentialAction":[{"@type":"ReadAction","target":["https:\/\/martafluvia.com\/ca\/sergio-blanco\/zoo\/"]}]},{"@type":"ImageObject","inLanguage":"ca","@id":"https:\/\/martafluvia.com\/ca\/sergio-blanco\/zoo\/#primaryimage","url":"https:\/\/martafluvia.com\/wp-content\/uploads\/2024\/01\/41Y5sHlqayL.jpg","contentUrl":"https:\/\/martafluvia.com\/wp-content\/uploads\/2024\/01\/41Y5sHlqayL.jpg","width":318,"height":500},{"@type":"BreadcrumbList","@id":"https:\/\/martafluvia.com\/ca\/sergio-blanco\/zoo\/#breadcrumb","itemListElement":[{"@type":"ListItem","position":1,"name":"Portada","item":"https:\/\/martafluvia.com\/ca\/"},{"@type":"ListItem","position":2,"name":"Sergio Blanco","item":"https:\/\/martafluvia.com\/ca\/sergio-blanco\/"},{"@type":"ListItem","position":3,"name":"Zoo"}]},{"@type":"WebSite","@id":"https:\/\/martafluvia.com\/en\/#website","url":"https:\/\/martafluvia.com\/en\/","name":"Marta Fluvi\u00e0","description":"Theatrical Literary Agency","publisher":{"@id":"https:\/\/martafluvia.com\/en\/#organization"},"potentialAction":[{"@type":"SearchAction","target":{"@type":"EntryPoint","urlTemplate":"https:\/\/martafluvia.com\/en\/?s={search_term_string}"},"query-input":{"@type":"PropertyValueSpecification","valueRequired":true,"valueName":"search_term_string"}}],"inLanguage":"ca"},{"@type":"Organization","@id":"https:\/\/martafluvia.com\/en\/#organization","name":"Marta Fluvi\u00e0 Agency","url":"https:\/\/martafluvia.com\/en\/","logo":{"@type":"ImageObject","inLanguage":"ca","@id":"https:\/\/martafluvia.com\/en\/#\/schema\/logo\/image\/","url":"https:\/\/martafluvia.com\/wp-content\/uploads\/2017\/12\/logo-marta-english-1.jpg","contentUrl":"https:\/\/martafluvia.com\/wp-content\/uploads\/2017\/12\/logo-marta-english-1.jpg","width":2118,"height":783,"caption":"Marta Fluvi\u00e0 Agency"},"image":{"@id":"https:\/\/martafluvia.com\/en\/#\/schema\/logo\/image\/"},"sameAs":["https:\/\/www.facebook.com\/martafluviaagency\/"]}]}},"_links":{"self":[{"href":"https:\/\/martafluvia.com\/ca\/wp-json\/wp\/v2\/pages\/21983","targetHints":{"allow":["GET"]}}],"collection":[{"href":"https:\/\/martafluvia.com\/ca\/wp-json\/wp\/v2\/pages"}],"about":[{"href":"https:\/\/martafluvia.com\/ca\/wp-json\/wp\/v2\/types\/page"}],"author":[{"embeddable":true,"href":"https:\/\/martafluvia.com\/ca\/wp-json\/wp\/v2\/users\/1"}],"replies":[{"embeddable":true,"href":"https:\/\/martafluvia.com\/ca\/wp-json\/wp\/v2\/comments?post=21983"}],"version-history":[{"count":5,"href":"https:\/\/martafluvia.com\/ca\/wp-json\/wp\/v2\/pages\/21983\/revisions"}],"predecessor-version":[{"id":22141,"href":"https:\/\/martafluvia.com\/ca\/wp-json\/wp\/v2\/pages\/21983\/revisions\/22141"}],"up":[{"embeddable":true,"href":"https:\/\/martafluvia.com\/ca\/wp-json\/wp\/v2\/pages\/11844"}],"wp:featuredmedia":[{"embeddable":true,"href":"https:\/\/martafluvia.com\/ca\/wp-json\/wp\/v2\/media\/19310"}],"wp:attachment":[{"href":"https:\/\/martafluvia.com\/ca\/wp-json\/wp\/v2\/media?parent=21983"}],"curies":[{"name":"wp","href":"https:\/\/api.w.org\/{rel}","templated":true}]}}