{"id":2196,"date":"2019-04-11T16:50:07","date_gmt":"2019-04-11T16:50:07","guid":{"rendered":"http:\/\/martafluvia.com\/ramon-madaula\/"},"modified":"2025-03-22T16:31:43","modified_gmt":"2025-03-22T15:31:43","slug":"ramon-madaula","status":"publish","type":"page","link":"https:\/\/martafluvia.com\/ca\/ramon-madaula\/","title":{"rendered":"Ramon Madaula"},"content":{"rendered":"\t\t<div data-elementor-type=\"wp-post\" data-elementor-id=\"2196\" class=\"elementor elementor-2196 elementor-2181\" data-elementor-post-type=\"page\">\n\t\t\t\t\t\t<section class=\"elementor-section elementor-top-section elementor-element elementor-element-dfc761b elementor-section-boxed elementor-section-height-default elementor-section-height-default\" data-id=\"dfc761b\" data-element_type=\"section\" data-e-type=\"section\">\n\t\t\t\t\t\t<div class=\"elementor-container elementor-column-gap-default\">\n\t\t\t\t\t<div class=\"elementor-column elementor-col-100 elementor-top-column elementor-element elementor-element-e246cd2\" data-id=\"e246cd2\" data-element_type=\"column\" data-e-type=\"column\">\n\t\t\t<div class=\"elementor-widget-wrap elementor-element-populated\">\n\t\t\t\t\t\t<div class=\"elementor-element elementor-element-22b4d61 elementor-widget elementor-widget-heading\" data-id=\"22b4d61\" data-element_type=\"widget\" data-e-type=\"widget\" data-widget_type=\"heading.default\">\n\t\t\t\t<div class=\"elementor-widget-container\">\n\t\t\t\t\t<h2 class=\"elementor-heading-title elementor-size-default\">RAMON MADAULA<\/h2>\t\t\t\t<\/div>\n\t\t\t\t<\/div>\n\t\t\t\t<div class=\"elementor-element elementor-element-0bf9996 elementor-widget elementor-widget-image\" data-id=\"0bf9996\" data-element_type=\"widget\" data-e-type=\"widget\" data-widget_type=\"image.default\">\n\t\t\t\t<div class=\"elementor-widget-container\">\n\t\t\t\t\t\t\t\t\t\t\t\t\t\t\t<img fetchpriority=\"high\" decoding=\"async\" width=\"423\" height=\"428\" src=\"https:\/\/martafluvia.com\/wp-content\/uploads\/2023\/05\/madaula-1.png\" class=\"attachment-full size-full wp-image-17416\" alt=\"\" srcset=\"https:\/\/martafluvia.com\/wp-content\/uploads\/2023\/05\/madaula-1.png 423w, https:\/\/martafluvia.com\/wp-content\/uploads\/2023\/05\/madaula-1-296x300.png 296w, https:\/\/martafluvia.com\/wp-content\/uploads\/2023\/05\/madaula-1-100x100.png 100w, https:\/\/martafluvia.com\/wp-content\/uploads\/2023\/05\/madaula-1-64x65.png 64w\" sizes=\"(max-width: 423px) 100vw, 423px\" \/>\t\t\t\t\t\t\t\t\t\t\t\t\t\t\t<\/div>\n\t\t\t\t<\/div>\n\t\t\t\t<div class=\"elementor-element elementor-element-563d55e elementor-widget elementor-widget-text-editor\" data-id=\"563d55e\" data-element_type=\"widget\" data-e-type=\"widget\" data-widget_type=\"text-editor.default\">\n\t\t\t\t<div class=\"elementor-widget-container\">\n\t\t\t\t\t\t\t\t\t<p style=\"font-weight: 400;\"><strong>RAMON MADAULA (Sabadell, 1962).<\/strong> Graduat en interpretaci\u00f3 a l\u2019Institut del Teatre de Barcelona l\u2019any 1984. El mateix any debuta com actor professional i des d\u2019aleshores, ha intervingut en m\u00e9s de quaranta produccions teatrals treballant a les ordres de directors de renom com Llu\u00eds Pasqual, Mario Gas o Josep M. Flotats. Tamb\u00e9 ha intervingut en diverses s\u00e8ries de televisi\u00f3 i pel\u00b7l\u00edcules.<\/p><p style=\"font-weight: 400;\">L\u2019any 2014 escriu el seu primer text teatral <strong><em>Coses nostres<\/em><\/strong>, amb el qual guanya el Premi de teatre Josep Ametller.<\/p><p style=\"font-weight: 400;\">El 2015 queda finalista en el Torneig de dramat\u00fargia del Festival Temporada Alta amb el text <strong><em>L\u2019Electe<\/em><\/strong>. Aquesta mateixa obra va ser estrenada a Fran\u00e7a l\u2019any 2020 amb el t\u00edtol <strong><em>Par le bout du nez<\/em><\/strong> i properament es podr\u00e0 veure a Argentina, M\u00e8xic, Rep\u00fablica Txeca o Israel.<\/p><p style=\"font-weight: 400;\">Des d\u2019aleshores no ha parat d\u2019escriure i les seves obres s\u2019estrenen regularment a la ciutat de Barcelona i a la resta de l\u2019estat espanyol. La m\u00e9s recent \u00e9s <strong><em>Buffalo Bill a Barcelona<\/em><\/strong>, estrenada al Teatre de Salt (2022).<\/p><p style=\"font-weight: 400;\">CAT\u00c0LEG:<\/p><table style=\"font-weight: 400;\" width=\"566\"><tbody><tr><td width=\"142\"><p><strong style=\"color: var( --e-global-color-text ); font-family: var( --e-global-typography-text-font-family ), Sans-serif; letter-spacing: 0.2px;\">T\u00cdTOL<\/strong><\/p><\/td><td width=\"142\"><p><strong style=\"color: var( --e-global-color-text ); font-family: var( --e-global-typography-text-font-family ), Sans-serif; letter-spacing: 0.2px;\">G\u00c8NERE<\/strong><\/p><\/td><td width=\"142\"><p><strong>\u00a0<\/strong><strong style=\"color: var( --e-global-color-text ); font-family: var( --e-global-typography-text-font-family ), Sans-serif; letter-spacing: 0.2px;\">PERSONATGES MASCULINS<\/strong><\/p><\/td><td width=\"142\"><p><strong style=\"color: var( --e-global-color-text ); font-family: var( --e-global-typography-text-font-family ), Sans-serif; letter-spacing: 0.2px;\">PERSONATGES FEMENINS<\/strong><\/p><\/td><\/tr><tr><td width=\"142\"><p><a style=\"font-family: var( --e-global-typography-text-font-family ), Sans-serif; letter-spacing: 0.2px; background-color: #ffffff;\" href=\"https:\/\/martafluvia.com\/ca\/ramon-madaula\/cap-al-tard\/\" target=\"_blank\" rel=\"noopener\">Cap al tard<\/a><\/p><p><strong>\u00a0<\/strong><\/p><\/td><td width=\"142\"><strong>\u00a0<\/strong><\/td><td width=\"142\">1<\/td><td width=\"142\">\u00a0<\/td><\/tr><tr><td width=\"142\"><p><a style=\"font-family: var( --e-global-typography-text-font-family ), Sans-serif; letter-spacing: 0.2px; background-color: #ffffff;\" href=\"https:\/\/martafluvia.com\/ca\/ramon-madaula\/coses-nostres\/\" target=\"_blank\" rel=\"noopener\">Coses Nostres<\/a><\/p><p><strong>\u00a0<\/strong><\/p><\/td><td width=\"142\">Thriller<\/td><td width=\"142\">2<\/td><td width=\"142\">\u00a0<\/td><\/tr><tr><td width=\"142\"><p><a style=\"font-family: var( --e-global-typography-text-font-family ), Sans-serif; letter-spacing: 0.2px; background-color: #ffffff;\" href=\"https:\/\/martafluvia.com\/ca\/ramon-madaula\/l-electe\/\" target=\"_blank\" rel=\"noopener\">L\u2019Electe<\/a><\/p><p><strong>\u00a0<\/strong><\/p><\/td><td width=\"142\">Com\u00e8dia dram\u00e0tica<\/td><td width=\"142\">2<\/td><td width=\"142\">\u00a0<\/td><\/tr><tr><td width=\"142\"><p><a style=\"font-family: var( --e-global-typography-text-font-family ), Sans-serif; letter-spacing: 0.2px; background-color: #ffffff;\" href=\"https:\/\/martafluvia.com\/ca\/ramon-madaula\/ignots\/\" target=\"_blank\" rel=\"noopener\">Ignots<\/a><\/p><p><strong>\u00a0<\/strong><\/p><\/td><td width=\"142\">Com\u00e8dia dram\u00e0tica<\/td><td width=\"142\">2<\/td><td width=\"142\">\u00a0<\/td><\/tr><tr><td width=\"142\"><p><a href=\"https:\/\/martafluvia.com\/ca\/ramon-madaula\/adossats\/\" target=\"_blank\" rel=\"noopener\">Adossats<\/a><\/p><p><strong>\u00a0<\/strong><\/p><\/td><td width=\"142\">Com\u00e8dia<\/td><td width=\"142\">4<\/td><td width=\"142\">2<\/td><\/tr><tr><td width=\"142\"><p><a href=\"https:\/\/martafluvia.com\/ca\/ramon-madaula\/perduts\/\" target=\"_blank\" rel=\"noopener\">Perduts<\/a><\/p><p><strong>\u00a0<\/strong><\/p><\/td><td width=\"142\">Com\u00e8dia<\/td><td width=\"142\">2<\/td><td width=\"142\">\u00a0<\/td><\/tr><tr><td width=\"142\"><p><a href=\"https:\/\/martafluvia.com\/ca\/ramon-madaula\/els-bruguerol\/\" target=\"_blank\" rel=\"noopener\">Els Bruguerol<\/a><\/p><p><em>\u00a0<\/em><\/p><\/td><td width=\"142\">Com\u00e8dia<\/td><td width=\"142\">2<\/td><td width=\"142\">1<\/td><\/tr><tr><td width=\"142\"><p><a href=\"https:\/\/martafluvia.com\/ca\/ramon-madaula\/buffalo-bill-a-barcelona\/\" target=\"_blank\" rel=\"noopener\">Buffalo Bill a Barcelona<\/a><\/p><p><em>\u00a0<\/em><\/p><\/td><td width=\"142\">Com\u00e8dia<\/td><td width=\"142\">2<\/td><td width=\"142\">1<\/td><\/tr><tr><td width=\"142\"><p><a href=\"https:\/\/martafluvia.com\/ca\/ramon-madaula\/els-buonaparte\/\" target=\"_blank\" rel=\"noopener\">Els Buonaparte\u00a0<\/a><\/p><p><em style=\"font-family: var( --e-global-typography-text-font-family ), Sans-serif; letter-spacing: 0.2px;\">\u00a0<\/em><\/p><\/td><td width=\"142\"><span style=\"letter-spacing: 0.2px;\">Com\u00e8dia<\/span><\/td><td width=\"142\">\u00a0<\/td><td width=\"142\">\u00a0<\/td><\/tr><tr><td width=\"142\"><p><a href=\"https:\/\/martafluvia.com\/ca\/ramon-madaula\/conqueridors\/\" target=\"_blank\" rel=\"noopener\">Conqueridors\u00a0<\/a><\/p><p><em style=\"font-family: var( --e-global-typography-text-font-family ), Sans-serif; letter-spacing: 0.2px;\">\u00a0<\/em><\/p><\/td><td width=\"142\"><span style=\"letter-spacing: 0.2px;\">Com\u00e8dia<\/span><\/td><td width=\"142\">\u00a0<\/td><td width=\"142\">\u00a0<\/td><\/tr><\/tbody><\/table>\t\t\t\t\t\t\t\t<\/div>\n\t\t\t\t<\/div>\n\t\t\t\t\t<\/div>\n\t\t<\/div>\n\t\t\t\t\t<\/div>\n\t\t<\/section>\n\t\t\t\t<section class=\"elementor-section elementor-top-section elementor-element elementor-element-ee79665 elementor-section-boxed elementor-section-height-default elementor-section-height-default\" data-id=\"ee79665\" data-element_type=\"section\" data-e-type=\"section\">\n\t\t\t\t\t\t<div class=\"elementor-container elementor-column-gap-default\">\n\t\t\t\t\t<div class=\"elementor-column elementor-col-100 elementor-top-column elementor-element elementor-element-caca394\" data-id=\"caca394\" data-element_type=\"column\" data-e-type=\"column\">\n\t\t\t<div class=\"elementor-widget-wrap elementor-element-populated\">\n\t\t\t\t\t\t<div class=\"elementor-element elementor-element-a8b2cf7 elementor-widget-divider--view-line elementor-widget elementor-widget-divider\" data-id=\"a8b2cf7\" data-element_type=\"widget\" data-e-type=\"widget\" data-widget_type=\"divider.default\">\n\t\t\t\t<div class=\"elementor-widget-container\">\n\t\t\t\t\t\t\t<div class=\"elementor-divider\">\n\t\t\t<span class=\"elementor-divider-separator\">\n\t\t\t\t\t\t<\/span>\n\t\t<\/div>\n\t\t\t\t\t\t<\/div>\n\t\t\t\t<\/div>\n\t\t\t\t<div class=\"elementor-element elementor-element-6d865f4 elementor-widget elementor-widget-text-editor\" data-id=\"6d865f4\" data-element_type=\"widget\" data-e-type=\"widget\" data-widget_type=\"text-editor.default\">\n\t\t\t\t<div class=\"elementor-widget-container\">\n\t\t\t\t\t\t\t\t\t<div class=\"elementor-element elementor-element-b6f9d45 elementor-widget elementor-widget-text-editor\" data-id=\"b6f9d45\" data-element_type=\"text-editor.default\"><div class=\"elementor-widget-container\"><div class=\"elementor-text-editor elementor-clearfix\"><p style=\"text-align: center;\">Solicitar drets de representaci\u00f3:<\/p><\/div><\/div><\/div>\t\t\t\t\t\t\t\t<\/div>\n\t\t\t\t<\/div>\n\t\t\t\t<section class=\"elementor-section elementor-inner-section elementor-element elementor-element-0a3e60e elementor-section-boxed elementor-section-height-default elementor-section-height-default\" data-id=\"0a3e60e\" data-element_type=\"section\" data-e-type=\"section\">\n\t\t\t\t\t\t<div class=\"elementor-container elementor-column-gap-default\">\n\t\t\t\t\t<div class=\"elementor-column elementor-col-50 elementor-inner-column elementor-element elementor-element-dec7176\" data-id=\"dec7176\" data-element_type=\"column\" data-e-type=\"column\">\n\t\t\t<div class=\"elementor-widget-wrap elementor-element-populated\">\n\t\t\t\t\t\t<div class=\"elementor-element elementor-element-7ecbcd0 elementor-button-info elementor-align-center elementor-widget elementor-widget-button\" data-id=\"7ecbcd0\" data-element_type=\"widget\" data-e-type=\"widget\" data-widget_type=\"button.default\">\n\t\t\t\t<div class=\"elementor-widget-container\">\n\t\t\t\t\t\t\t\t\t<div class=\"elementor-button-wrapper\">\n\t\t\t\t\t<a class=\"elementor-button elementor-button-link elementor-size-md\" href=\"\/licencia-amateur\">\n\t\t\t\t\t\t<span class=\"elementor-button-content-wrapper\">\n\t\t\t\t\t\t\t\t\t<span class=\"elementor-button-text\">Amateur: Solicitud de drets<\/span>\n\t\t\t\t\t<\/span>\n\t\t\t\t\t<\/a>\n\t\t\t\t<\/div>\n\t\t\t\t\t\t\t\t<\/div>\n\t\t\t\t<\/div>\n\t\t\t\t\t<\/div>\n\t\t<\/div>\n\t\t\t\t<div class=\"elementor-column elementor-col-50 elementor-inner-column elementor-element elementor-element-5330a7b\" data-id=\"5330a7b\" data-element_type=\"column\" data-e-type=\"column\">\n\t\t\t<div class=\"elementor-widget-wrap elementor-element-populated\">\n\t\t\t\t\t\t<div class=\"elementor-element elementor-element-4ffec9b elementor-button-info elementor-align-center elementor-widget elementor-widget-button\" data-id=\"4ffec9b\" data-element_type=\"widget\" data-e-type=\"widget\" data-widget_type=\"button.default\">\n\t\t\t\t<div class=\"elementor-widget-container\">\n\t\t\t\t\t\t\t\t\t<div class=\"elementor-button-wrapper\">\n\t\t\t\t\t<a class=\"elementor-button elementor-button-link elementor-size-md\" href=\"\/solicitud\">\n\t\t\t\t\t\t<span class=\"elementor-button-content-wrapper\">\n\t\t\t\t\t\t\t\t\t<span class=\"elementor-button-text\">Professional: Solicitud de drets<\/span>\n\t\t\t\t\t<\/span>\n\t\t\t\t\t<\/a>\n\t\t\t\t<\/div>\n\t\t\t\t\t\t\t\t<\/div>\n\t\t\t\t<\/div>\n\t\t\t\t\t<\/div>\n\t\t<\/div>\n\t\t\t\t\t<\/div>\n\t\t<\/section>\n\t\t\t\t<div class=\"elementor-element elementor-element-5d768ec elementor-widget elementor-widget-spacer\" data-id=\"5d768ec\" data-element_type=\"widget\" data-e-type=\"widget\" data-widget_type=\"spacer.default\">\n\t\t\t\t<div class=\"elementor-widget-container\">\n\t\t\t\t\t\t\t<div class=\"elementor-spacer\">\n\t\t\t<div class=\"elementor-spacer-inner\"><\/div>\n\t\t<\/div>\n\t\t\t\t\t\t<\/div>\n\t\t\t\t<\/div>\n\t\t\t\t\t<\/div>\n\t\t<\/div>\n\t\t\t\t\t<\/div>\n\t\t<\/section>\n\t\t\t\t<\/div>\n\t\t","protected":false},"excerpt":{"rendered":"<p>RAMON MADAULA RAMON MADAULA (Sabadell, 1962). Graduat en interpretaci\u00f3 a l\u2019Institut del Teatre de Barcelona l\u2019any 1984. El mateix any debuta com actor professional i des d\u2019aleshores, ha intervingut en m\u00e9s de quaranta produccions teatrals treballant a les ordres de directors de renom com Llu\u00eds Pasqual, Mario Gas o Josep M. Flotats. Tamb\u00e9 ha intervingut &#8230; <a title=\"Ramon Madaula\" class=\"read-more\" href=\"https:\/\/martafluvia.com\/ca\/ramon-madaula\/\">Llegiu m\u00e9s<\/a><\/p>\n","protected":false},"author":1,"featured_media":0,"parent":0,"menu_order":0,"comment_status":"closed","ping_status":"closed","template":"elementor_header_footer","meta":{"footnotes":""},"class_list":["post-2196","page","type-page","status-publish"],"yoast_head":"<!-- This site is optimized with the Yoast SEO plugin v27.4 - https:\/\/yoast.com\/product\/yoast-seo-wordpress\/ -->\n<title>Ramon Madaula - Marta Fluvi\u00e0<\/title>\n<meta name=\"robots\" content=\"index, follow, max-snippet:-1, max-image-preview:large, max-video-preview:-1\" \/>\n<link rel=\"canonical\" href=\"https:\/\/martafluvia.com\/ca\/ramon-madaula\/\" \/>\n<meta property=\"og:locale\" content=\"ca_ES\" \/>\n<meta property=\"og:type\" content=\"article\" \/>\n<meta property=\"og:title\" content=\"Ramon Madaula - Marta Fluvi\u00e0\" \/>\n<meta property=\"og:description\" content=\"RAMON MADAULA RAMON MADAULA (Sabadell, 1962). Graduat en interpretaci\u00f3 a l\u2019Institut del Teatre de Barcelona l\u2019any 1984. El mateix any debuta com actor professional i des d\u2019aleshores, ha intervingut en m\u00e9s de quaranta produccions teatrals treballant a les ordres de directors de renom com Llu\u00eds Pasqual, Mario Gas o Josep M. Flotats. Tamb\u00e9 ha intervingut ... Llegiu m\u00e9s\" \/>\n<meta property=\"og:url\" content=\"https:\/\/martafluvia.com\/ca\/ramon-madaula\/\" \/>\n<meta property=\"og:site_name\" content=\"Marta Fluvi\u00e0\" \/>\n<meta property=\"article:publisher\" content=\"https:\/\/www.facebook.com\/martafluviaagency\/\" \/>\n<meta property=\"article:modified_time\" content=\"2025-03-22T15:31:43+00:00\" \/>\n<meta property=\"og:image\" content=\"https:\/\/martafluvia.com\/wp-content\/uploads\/2023\/05\/madaula-1.png\" \/>\n\t<meta property=\"og:image:width\" content=\"423\" \/>\n\t<meta property=\"og:image:height\" content=\"428\" \/>\n\t<meta property=\"og:image:type\" content=\"image\/png\" \/>\n<meta name=\"twitter:card\" content=\"summary_large_image\" \/>\n<meta name=\"twitter:label1\" content=\"Temps estimat de lectura\" \/>\n\t<meta name=\"twitter:data1\" content=\"2 minuts\" \/>\n<script type=\"application\/ld+json\" class=\"yoast-schema-graph\">{\"@context\":\"https:\\\/\\\/schema.org\",\"@graph\":[{\"@type\":\"WebPage\",\"@id\":\"https:\\\/\\\/martafluvia.com\\\/ca\\\/ramon-madaula\\\/\",\"url\":\"https:\\\/\\\/martafluvia.com\\\/ca\\\/ramon-madaula\\\/\",\"name\":\"Ramon Madaula - Marta Fluvi\u00e0\",\"isPartOf\":{\"@id\":\"https:\\\/\\\/martafluvia.com\\\/en\\\/#website\"},\"primaryImageOfPage\":{\"@id\":\"https:\\\/\\\/martafluvia.com\\\/ca\\\/ramon-madaula\\\/#primaryimage\"},\"image\":{\"@id\":\"https:\\\/\\\/martafluvia.com\\\/ca\\\/ramon-madaula\\\/#primaryimage\"},\"thumbnailUrl\":\"https:\\\/\\\/martafluvia.com\\\/wp-content\\\/uploads\\\/2023\\\/05\\\/madaula-1.png\",\"datePublished\":\"2019-04-11T16:50:07+00:00\",\"dateModified\":\"2025-03-22T15:31:43+00:00\",\"breadcrumb\":{\"@id\":\"https:\\\/\\\/martafluvia.com\\\/ca\\\/ramon-madaula\\\/#breadcrumb\"},\"inLanguage\":\"ca\",\"potentialAction\":[{\"@type\":\"ReadAction\",\"target\":[\"https:\\\/\\\/martafluvia.com\\\/ca\\\/ramon-madaula\\\/\"]}]},{\"@type\":\"ImageObject\",\"inLanguage\":\"ca\",\"@id\":\"https:\\\/\\\/martafluvia.com\\\/ca\\\/ramon-madaula\\\/#primaryimage\",\"url\":\"https:\\\/\\\/martafluvia.com\\\/wp-content\\\/uploads\\\/2023\\\/05\\\/madaula-1.png\",\"contentUrl\":\"https:\\\/\\\/martafluvia.com\\\/wp-content\\\/uploads\\\/2023\\\/05\\\/madaula-1.png\"},{\"@type\":\"BreadcrumbList\",\"@id\":\"https:\\\/\\\/martafluvia.com\\\/ca\\\/ramon-madaula\\\/#breadcrumb\",\"itemListElement\":[{\"@type\":\"ListItem\",\"position\":1,\"name\":\"Portada\",\"item\":\"https:\\\/\\\/martafluvia.com\\\/ca\\\/\"},{\"@type\":\"ListItem\",\"position\":2,\"name\":\"Ramon Madaula\"}]},{\"@type\":\"WebSite\",\"@id\":\"https:\\\/\\\/martafluvia.com\\\/en\\\/#website\",\"url\":\"https:\\\/\\\/martafluvia.com\\\/en\\\/\",\"name\":\"Marta Fluvi\u00e0\",\"description\":\"Theatrical Literary Agency\",\"publisher\":{\"@id\":\"https:\\\/\\\/martafluvia.com\\\/en\\\/#organization\"},\"potentialAction\":[{\"@type\":\"SearchAction\",\"target\":{\"@type\":\"EntryPoint\",\"urlTemplate\":\"https:\\\/\\\/martafluvia.com\\\/en\\\/?s={search_term_string}\"},\"query-input\":{\"@type\":\"PropertyValueSpecification\",\"valueRequired\":true,\"valueName\":\"search_term_string\"}}],\"inLanguage\":\"ca\"},{\"@type\":\"Organization\",\"@id\":\"https:\\\/\\\/martafluvia.com\\\/en\\\/#organization\",\"name\":\"Marta Fluvi\u00e0 Agency\",\"url\":\"https:\\\/\\\/martafluvia.com\\\/en\\\/\",\"logo\":{\"@type\":\"ImageObject\",\"inLanguage\":\"ca\",\"@id\":\"https:\\\/\\\/martafluvia.com\\\/en\\\/#\\\/schema\\\/logo\\\/image\\\/\",\"url\":\"https:\\\/\\\/martafluvia.com\\\/wp-content\\\/uploads\\\/2017\\\/12\\\/logo-marta-english-1.jpg\",\"contentUrl\":\"https:\\\/\\\/martafluvia.com\\\/wp-content\\\/uploads\\\/2017\\\/12\\\/logo-marta-english-1.jpg\",\"width\":2118,\"height\":783,\"caption\":\"Marta Fluvi\u00e0 Agency\"},\"image\":{\"@id\":\"https:\\\/\\\/martafluvia.com\\\/en\\\/#\\\/schema\\\/logo\\\/image\\\/\"},\"sameAs\":[\"https:\\\/\\\/www.facebook.com\\\/martafluviaagency\\\/\"]}]}<\/script>\n<!-- \/ Yoast SEO plugin. -->","yoast_head_json":{"title":"Ramon Madaula - Marta Fluvi\u00e0","robots":{"index":"index","follow":"follow","max-snippet":"max-snippet:-1","max-image-preview":"max-image-preview:large","max-video-preview":"max-video-preview:-1"},"canonical":"https:\/\/martafluvia.com\/ca\/ramon-madaula\/","og_locale":"ca_ES","og_type":"article","og_title":"Ramon Madaula - Marta Fluvi\u00e0","og_description":"RAMON MADAULA RAMON MADAULA (Sabadell, 1962). Graduat en interpretaci\u00f3 a l\u2019Institut del Teatre de Barcelona l\u2019any 1984. El mateix any debuta com actor professional i des d\u2019aleshores, ha intervingut en m\u00e9s de quaranta produccions teatrals treballant a les ordres de directors de renom com Llu\u00eds Pasqual, Mario Gas o Josep M. Flotats. Tamb\u00e9 ha intervingut ... Llegiu m\u00e9s","og_url":"https:\/\/martafluvia.com\/ca\/ramon-madaula\/","og_site_name":"Marta Fluvi\u00e0","article_publisher":"https:\/\/www.facebook.com\/martafluviaagency\/","article_modified_time":"2025-03-22T15:31:43+00:00","og_image":[{"width":423,"height":428,"url":"https:\/\/martafluvia.com\/wp-content\/uploads\/2023\/05\/madaula-1.png","type":"image\/png"}],"twitter_card":"summary_large_image","twitter_misc":{"Temps estimat de lectura":"2 minuts"},"schema":{"@context":"https:\/\/schema.org","@graph":[{"@type":"WebPage","@id":"https:\/\/martafluvia.com\/ca\/ramon-madaula\/","url":"https:\/\/martafluvia.com\/ca\/ramon-madaula\/","name":"Ramon Madaula - Marta Fluvi\u00e0","isPartOf":{"@id":"https:\/\/martafluvia.com\/en\/#website"},"primaryImageOfPage":{"@id":"https:\/\/martafluvia.com\/ca\/ramon-madaula\/#primaryimage"},"image":{"@id":"https:\/\/martafluvia.com\/ca\/ramon-madaula\/#primaryimage"},"thumbnailUrl":"https:\/\/martafluvia.com\/wp-content\/uploads\/2023\/05\/madaula-1.png","datePublished":"2019-04-11T16:50:07+00:00","dateModified":"2025-03-22T15:31:43+00:00","breadcrumb":{"@id":"https:\/\/martafluvia.com\/ca\/ramon-madaula\/#breadcrumb"},"inLanguage":"ca","potentialAction":[{"@type":"ReadAction","target":["https:\/\/martafluvia.com\/ca\/ramon-madaula\/"]}]},{"@type":"ImageObject","inLanguage":"ca","@id":"https:\/\/martafluvia.com\/ca\/ramon-madaula\/#primaryimage","url":"https:\/\/martafluvia.com\/wp-content\/uploads\/2023\/05\/madaula-1.png","contentUrl":"https:\/\/martafluvia.com\/wp-content\/uploads\/2023\/05\/madaula-1.png"},{"@type":"BreadcrumbList","@id":"https:\/\/martafluvia.com\/ca\/ramon-madaula\/#breadcrumb","itemListElement":[{"@type":"ListItem","position":1,"name":"Portada","item":"https:\/\/martafluvia.com\/ca\/"},{"@type":"ListItem","position":2,"name":"Ramon Madaula"}]},{"@type":"WebSite","@id":"https:\/\/martafluvia.com\/en\/#website","url":"https:\/\/martafluvia.com\/en\/","name":"Marta Fluvi\u00e0","description":"Theatrical Literary Agency","publisher":{"@id":"https:\/\/martafluvia.com\/en\/#organization"},"potentialAction":[{"@type":"SearchAction","target":{"@type":"EntryPoint","urlTemplate":"https:\/\/martafluvia.com\/en\/?s={search_term_string}"},"query-input":{"@type":"PropertyValueSpecification","valueRequired":true,"valueName":"search_term_string"}}],"inLanguage":"ca"},{"@type":"Organization","@id":"https:\/\/martafluvia.com\/en\/#organization","name":"Marta Fluvi\u00e0 Agency","url":"https:\/\/martafluvia.com\/en\/","logo":{"@type":"ImageObject","inLanguage":"ca","@id":"https:\/\/martafluvia.com\/en\/#\/schema\/logo\/image\/","url":"https:\/\/martafluvia.com\/wp-content\/uploads\/2017\/12\/logo-marta-english-1.jpg","contentUrl":"https:\/\/martafluvia.com\/wp-content\/uploads\/2017\/12\/logo-marta-english-1.jpg","width":2118,"height":783,"caption":"Marta Fluvi\u00e0 Agency"},"image":{"@id":"https:\/\/martafluvia.com\/en\/#\/schema\/logo\/image\/"},"sameAs":["https:\/\/www.facebook.com\/martafluviaagency\/"]}]}},"_links":{"self":[{"href":"https:\/\/martafluvia.com\/ca\/wp-json\/wp\/v2\/pages\/2196","targetHints":{"allow":["GET"]}}],"collection":[{"href":"https:\/\/martafluvia.com\/ca\/wp-json\/wp\/v2\/pages"}],"about":[{"href":"https:\/\/martafluvia.com\/ca\/wp-json\/wp\/v2\/types\/page"}],"author":[{"embeddable":true,"href":"https:\/\/martafluvia.com\/ca\/wp-json\/wp\/v2\/users\/1"}],"replies":[{"embeddable":true,"href":"https:\/\/martafluvia.com\/ca\/wp-json\/wp\/v2\/comments?post=2196"}],"version-history":[{"count":36,"href":"https:\/\/martafluvia.com\/ca\/wp-json\/wp\/v2\/pages\/2196\/revisions"}],"predecessor-version":[{"id":26160,"href":"https:\/\/martafluvia.com\/ca\/wp-json\/wp\/v2\/pages\/2196\/revisions\/26160"}],"wp:attachment":[{"href":"https:\/\/martafluvia.com\/ca\/wp-json\/wp\/v2\/media?parent=2196"}],"curies":[{"name":"wp","href":"https:\/\/api.w.org\/{rel}","templated":true}]}}