{"id":20677,"date":"2024-02-26T17:30:55","date_gmt":"2024-02-26T16:30:55","guid":{"rendered":"https:\/\/martafluvia.com\/?page_id=20677"},"modified":"2024-02-26T17:33:35","modified_gmt":"2024-02-26T16:33:35","slug":"smiley-despres-de-l-amor","status":"publish","type":"page","link":"https:\/\/martafluvia.com\/ca\/guillem-clua\/smiley-despres-de-l-amor\/","title":{"rendered":"Smiley: despr\u00e9s de l&#8217;amor"},"content":{"rendered":"\t\t<div data-elementor-type=\"wp-page\" data-elementor-id=\"20677\" class=\"elementor elementor-20677\" data-elementor-post-type=\"page\">\n\t\t\t\t<div class=\"elementor-element elementor-element-1420fc8 e-con-full e-flex e-con e-parent\" data-id=\"1420fc8\" data-element_type=\"container\" data-e-type=\"container\">\n\t\t<div class=\"elementor-element elementor-element-c2f4681 e-con-full e-flex e-con e-child\" data-id=\"c2f4681\" data-element_type=\"container\" data-e-type=\"container\">\n\t\t\t\t<div class=\"elementor-element elementor-element-e57e373 elementor-widget elementor-widget-image-gallery\" data-id=\"e57e373\" data-element_type=\"widget\" data-e-type=\"widget\" data-widget_type=\"image-gallery.default\">\n\t\t\t\t<div class=\"elementor-widget-container\">\n\t\t\t\t\t\t\t<div class=\"elementor-image-gallery\">\n\t\t\t<div id='gallery-1' class='gallery galleryid-20677 gallery-columns-1 gallery-size-full'><figure class='gallery-item'>\n\t\t\t<div class='gallery-icon portrait'>\n\t\t\t\t<img fetchpriority=\"high\" decoding=\"async\" width=\"390\" height=\"560\" src=\"https:\/\/martafluvia.com\/wp-content\/uploads\/2024\/02\/TEATRE-BARCELONA-Smiley-despres-de-l-amor.jpg\" class=\"attachment-full size-full\" alt=\"\" srcset=\"https:\/\/martafluvia.com\/wp-content\/uploads\/2024\/02\/TEATRE-BARCELONA-Smiley-despres-de-l-amor.jpg 390w, https:\/\/martafluvia.com\/wp-content\/uploads\/2024\/02\/TEATRE-BARCELONA-Smiley-despres-de-l-amor-209x300.jpg 209w, https:\/\/martafluvia.com\/wp-content\/uploads\/2024\/02\/TEATRE-BARCELONA-Smiley-despres-de-l-amor-64x92.jpg 64w\" sizes=\"(max-width: 390px) 100vw, 390px\" \/>\n\t\t\t<\/div><\/figure>\n\t\t<\/div>\n\t\t<\/div>\n\t\t\t\t\t\t<\/div>\n\t\t\t\t<\/div>\n\t\t\t\t<\/div>\n\t\t<div class=\"elementor-element elementor-element-ba7b36f e-con-full e-flex e-con e-child\" data-id=\"ba7b36f\" data-element_type=\"container\" data-e-type=\"container\">\n\t\t\t\t<div class=\"elementor-element elementor-element-27df744 elementor-widget elementor-widget-heading\" data-id=\"27df744\" data-element_type=\"widget\" data-e-type=\"widget\" data-widget_type=\"heading.default\">\n\t\t\t\t<div class=\"elementor-widget-container\">\n\t\t\t\t\t<h2 class=\"elementor-heading-title elementor-size-default\">Smiley: despr\u00e9s de l'amor<\/h2>\t\t\t\t<\/div>\n\t\t\t\t<\/div>\n\t\t\t\t<div class=\"elementor-element elementor-element-7fe3f0c elementor-align-start elementor-icon-list--layout-traditional elementor-list-item-link-full_width elementor-widget elementor-widget-icon-list\" data-id=\"7fe3f0c\" data-element_type=\"widget\" data-e-type=\"widget\" data-widget_type=\"icon-list.default\">\n\t\t\t\t<div class=\"elementor-widget-container\">\n\t\t\t\t\t\t\t<ul class=\"elementor-icon-list-items\">\n\t\t\t\t\t\t\t<li class=\"elementor-icon-list-item\">\n\t\t\t\t\t\t\t\t\t\t\t<span class=\"elementor-icon-list-icon\">\n\t\t\t\t\t\t\t<i aria-hidden=\"true\" class=\"fas fa-user-edit\"><\/i>\t\t\t\t\t\t<\/span>\n\t\t\t\t\t\t\t\t\t\t<span class=\"elementor-icon-list-text\">Autor: Guillem Clua<\/span>\n\t\t\t\t\t\t\t\t\t<\/li>\n\t\t\t\t\t\t\t\t<li class=\"elementor-icon-list-item\">\n\t\t\t\t\t\t\t\t\t\t\t<span class=\"elementor-icon-list-icon\">\n\t\t\t\t\t\t\t<i aria-hidden=\"true\" class=\"fas fa-tags\"><\/i>\t\t\t\t\t\t<\/span>\n\t\t\t\t\t\t\t\t\t\t<span class=\"elementor-icon-list-text\">G\u00e8nere: Com\u00e8dia rom\u00e0ntica<\/span>\n\t\t\t\t\t\t\t\t\t<\/li>\n\t\t\t\t\t\t\t\t<li class=\"elementor-icon-list-item\">\n\t\t\t\t\t\t\t\t\t\t\t<span class=\"elementor-icon-list-icon\">\n\t\t\t\t\t\t\t<i aria-hidden=\"true\" class=\"fas fa-theater-masks\"><\/i>\t\t\t\t\t\t<\/span>\n\t\t\t\t\t\t\t\t\t\t<span class=\"elementor-icon-list-text\">Repartiment: 2 homes<\/span>\n\t\t\t\t\t\t\t\t\t<\/li>\n\t\t\t\t\t\t<\/ul>\n\t\t\t\t\t\t<\/div>\n\t\t\t\t<\/div>\n\t\t\t\t<div class=\"elementor-element elementor-element-2c99715 elementor-widget elementor-widget-text-editor\" data-id=\"2c99715\" data-element_type=\"widget\" data-e-type=\"widget\" data-widget_type=\"text-editor.default\">\n\t\t\t\t<div class=\"elementor-widget-container\">\n\t\t\t\t\t\t\t\t\t<p data-pm-slice=\"1 1 []\">Fa vuit anys, l\u2019\u00c0lex i el Bruno es van enamorar de manera inesperada. No tenien gaireb\u00e9 res en com\u00fa i ning\u00fa hauria apostat perqu\u00e8 aquesta estranya parella comenc\u00e9s una relaci\u00f3 sentimental, per\u00f2 aix\u00ed va ser! Despr\u00e9s de donar-se un pet\u00f3 de pel\u00b7l\u00edcula que va aturar el tr\u00e0nsit al bell mig d\u2019un carrer de l\u2019Eixample, es van prometre amor etern\u2026 Per\u00f2 avui, vuit anys despr\u00e9s, les coses han canviat molt. L\u2019\u00c0lex i el Bruno ja ronden els quaranta, els seus problemes s\u2019han multiplicat i la seva idea de l\u2019amor rom\u00e0ntic s\u2019ha rovellat una mica. En aquest context, tots dos es veuran obligats a redefinir la seva relaci\u00f3 per sempre.<\/p>\t\t\t\t\t\t\t\t<\/div>\n\t\t\t\t<\/div>\n\t\t\t\t<\/div>\n\t\t\t\t<\/div>\n\t\t<div class=\"elementor-element elementor-element-42f0299 e-flex e-con-boxed e-con e-parent\" data-id=\"42f0299\" data-element_type=\"container\" data-e-type=\"container\">\n\t\t\t\t\t<div class=\"e-con-inner\">\n\t\t<div class=\"elementor-element elementor-element-6241a4c e-con-full e-flex e-con e-child\" data-id=\"6241a4c\" data-element_type=\"container\" data-e-type=\"container\">\n\t\t\t\t<div class=\"elementor-element elementor-element-5dac58d elementor-widget elementor-widget-heading\" data-id=\"5dac58d\" data-element_type=\"widget\" data-e-type=\"widget\" data-widget_type=\"heading.default\">\n\t\t\t\t<div class=\"elementor-widget-container\">\n\t\t\t\t\t<h3 class=\"elementor-heading-title elementor-size-default\">V\u00eddeo<\/h3>\t\t\t\t<\/div>\n\t\t\t\t<\/div>\n\t\t\t\t<div class=\"elementor-element elementor-element-5ec4abd elementor-widget elementor-widget-video\" data-id=\"5ec4abd\" data-element_type=\"widget\" data-e-type=\"widget\" data-settings=\"{&quot;youtube_url&quot;:&quot;https:\\\/\\\/youtu.be\\\/OG2MzT5clgE?si=fZfaclScFkSiOAVu&quot;,&quot;video_type&quot;:&quot;youtube&quot;,&quot;controls&quot;:&quot;yes&quot;}\" data-widget_type=\"video.default\">\n\t\t\t\t<div class=\"elementor-widget-container\">\n\t\t\t\t\t\t\t<div class=\"elementor-wrapper elementor-open-inline\">\n\t\t\t<div class=\"elementor-video\"><\/div>\t\t<\/div>\n\t\t\t\t\t\t<\/div>\n\t\t\t\t<\/div>\n\t\t\t\t<\/div>\n\t\t<div class=\"elementor-element elementor-element-0b01677 e-con-full e-flex e-con e-child\" data-id=\"0b01677\" data-element_type=\"container\" data-e-type=\"container\">\n\t\t\t\t<div class=\"elementor-element elementor-element-821d4bb elementor-widget elementor-widget-heading\" data-id=\"821d4bb\" data-element_type=\"widget\" data-e-type=\"widget\" data-widget_type=\"heading.default\">\n\t\t\t\t<div class=\"elementor-widget-container\">\n\t\t\t\t\t<h3 class=\"elementor-heading-title elementor-size-default\">Cr\u00edtica<\/h3>\t\t\t\t<\/div>\n\t\t\t\t<\/div>\n\t\t\t\t<div class=\"elementor-element elementor-element-183b312 elementor-widget elementor-widget-text-editor\" data-id=\"183b312\" data-element_type=\"widget\" data-e-type=\"widget\" data-widget_type=\"text-editor.default\">\n\t\t\t\t<div class=\"elementor-widget-container\">\n\t\t\t\t\t\t\t\t\t<p dir=\"auto\">&#8220;Una com\u00e8dia fresca dotada d\u2019una gran agilitat verbal amb unes interpretacions absolutament m\u00e0giques.&#8221; (MIQUEL GASC\u00d3N a Voltar i voltar, 24\/12\/2023)<\/p>\t\t\t\t\t\t\t\t<\/div>\n\t\t\t\t<\/div>\n\t\t\t\t<div class=\"elementor-element elementor-element-5b2c4a7 elementor-button-info elementor-align-center elementor-widget elementor-widget-button\" data-id=\"5b2c4a7\" data-element_type=\"widget\" data-e-type=\"widget\" data-widget_type=\"button.default\">\n\t\t\t\t<div class=\"elementor-widget-container\">\n\t\t\t\t\t\t\t\t\t<div class=\"elementor-button-wrapper\">\n\t\t\t\t\t<a class=\"elementor-button elementor-button-link elementor-size-md\" href=\"https:\/\/voltarivoltar.com\/2023\/12\/24\/048-23-24-teatre-smiley-despres-de-lamor-sala-villarroel-%F0%9F%90%8C%F0%9F%90%8C%F0%9F%90%8C%F0%9F%90%8C%F0%9F%90%8C-23-12-2023\/\" target=\"_blank\">\n\t\t\t\t\t\t<span class=\"elementor-button-content-wrapper\">\n\t\t\t\t\t\t\t\t\t<span class=\"elementor-button-text\">Llegir m\u00e9s<\/span>\n\t\t\t\t\t<\/span>\n\t\t\t\t\t<\/a>\n\t\t\t\t<\/div>\n\t\t\t\t\t\t\t\t<\/div>\n\t\t\t\t<\/div>\n\t\t\t\t<\/div>\n\t\t\t\t\t<\/div>\n\t\t\t\t<\/div>\n\t\t<div class=\"elementor-element elementor-element-3220ef1 e-flex e-con-boxed e-con e-parent\" data-id=\"3220ef1\" data-element_type=\"container\" data-e-type=\"container\">\n\t\t\t\t\t<div class=\"e-con-inner\">\n\t\t\t\t<div class=\"elementor-element elementor-element-f76497e elementor-widget elementor-widget-spacer\" data-id=\"f76497e\" data-element_type=\"widget\" data-e-type=\"widget\" data-widget_type=\"spacer.default\">\n\t\t\t\t<div class=\"elementor-widget-container\">\n\t\t\t\t\t\t\t<div class=\"elementor-spacer\">\n\t\t\t<div class=\"elementor-spacer-inner\"><\/div>\n\t\t<\/div>\n\t\t\t\t\t\t<\/div>\n\t\t\t\t<\/div>\n\t\t\t\t<div class=\"elementor-element elementor-element-8b1def4 elementor-widget elementor-widget-text-editor\" data-id=\"8b1def4\" data-element_type=\"widget\" data-e-type=\"widget\" data-widget_type=\"text-editor.default\">\n\t\t\t\t<div class=\"elementor-widget-container\">\n\t\t\t\t\t\t\t\t\t<div class=\"elementor-element elementor-element-b6f9d45 elementor-widget elementor-widget-text-editor\" data-id=\"b6f9d45\" data-element_type=\"text-editor.default\">\n<div class=\"elementor-widget-container\">\n<div class=\"elementor-text-editor elementor-clearfix\">\n<p style=\"text-align: center;\">Solicitar derechos de representaci\u00f3n:<\/p>\n<\/div>\n<\/div>\n<\/div>\n\t\t\t\t\t\t\t\t<\/div>\n\t\t\t\t<\/div>\n\t\t<div class=\"elementor-element elementor-element-71d46f6 e-con-full e-flex e-con e-child\" data-id=\"71d46f6\" data-element_type=\"container\" data-e-type=\"container\">\n\t\t\t\t<div class=\"elementor-element elementor-element-f7ad915 elementor-button-info elementor-align-center elementor-widget elementor-widget-button\" data-id=\"f7ad915\" data-element_type=\"widget\" data-e-type=\"widget\" data-widget_type=\"button.default\">\n\t\t\t\t<div class=\"elementor-widget-container\">\n\t\t\t\t\t\t\t\t\t<div class=\"elementor-button-wrapper\">\n\t\t\t\t\t<a class=\"elementor-button elementor-button-link elementor-size-md\" href=\"https:\/\/martafluvia.com\/licencia-amateur\/\">\n\t\t\t\t\t\t<span class=\"elementor-button-content-wrapper\">\n\t\t\t\t\t\t\t\t\t<span class=\"elementor-button-text\">Amateur<\/span>\n\t\t\t\t\t<\/span>\n\t\t\t\t\t<\/a>\n\t\t\t\t<\/div>\n\t\t\t\t\t\t\t\t<\/div>\n\t\t\t\t<\/div>\n\t\t\t\t<div class=\"elementor-element elementor-element-7904001 elementor-button-info elementor-align-center elementor-widget elementor-widget-button\" data-id=\"7904001\" data-element_type=\"widget\" data-e-type=\"widget\" data-widget_type=\"button.default\">\n\t\t\t\t<div class=\"elementor-widget-container\">\n\t\t\t\t\t\t\t\t\t<div class=\"elementor-button-wrapper\">\n\t\t\t\t\t<a class=\"elementor-button elementor-button-link elementor-size-md\" href=\"\/solicitud\">\n\t\t\t\t\t\t<span class=\"elementor-button-content-wrapper\">\n\t\t\t\t\t\t\t\t\t<span class=\"elementor-button-text\">Profesional<\/span>\n\t\t\t\t\t<\/span>\n\t\t\t\t\t<\/a>\n\t\t\t\t<\/div>\n\t\t\t\t\t\t\t\t<\/div>\n\t\t\t\t<\/div>\n\t\t\t\t<\/div>\n\t\t\t\t\t<\/div>\n\t\t\t\t<\/div>\n\t\t\t\t<\/div>\n\t\t","protected":false},"excerpt":{"rendered":"<p>Smiley: despr\u00e9s de l&#8217;amor Autor: Guillem Clua G\u00e8nere: Com\u00e8dia rom\u00e0ntica Repartiment: 2 homes Fa vuit anys, l\u2019\u00c0lex i el Bruno es van enamorar de manera inesperada. No tenien gaireb\u00e9 res en com\u00fa i ning\u00fa hauria apostat perqu\u00e8 aquesta estranya parella comenc\u00e9s una relaci\u00f3 sentimental, per\u00f2 aix\u00ed va ser! Despr\u00e9s de donar-se un pet\u00f3 de pel\u00b7l\u00edcula &#8230; <a title=\"Smiley: despr\u00e9s de l&#8217;amor\" class=\"read-more\" href=\"https:\/\/martafluvia.com\/ca\/guillem-clua\/smiley-despres-de-l-amor\/\">Llegiu m\u00e9s<\/a><\/p>\n","protected":false},"author":1,"featured_media":19310,"parent":12288,"menu_order":0,"comment_status":"closed","ping_status":"closed","template":"","meta":{"footnotes":""},"class_list":["post-20677","page","type-page","status-publish","has-post-thumbnail"],"yoast_head":"<!-- This site is optimized with the Yoast SEO plugin v27.4 - https:\/\/yoast.com\/product\/yoast-seo-wordpress\/ -->\n<title>Smiley: despr\u00e9s de l&#039;amor - Marta Fluvi\u00e0<\/title>\n<meta name=\"robots\" content=\"index, follow, max-snippet:-1, max-image-preview:large, max-video-preview:-1\" \/>\n<link rel=\"canonical\" href=\"https:\/\/martafluvia.com\/ca\/guillem-clua\/smiley-despres-de-l-amor\/\" \/>\n<meta property=\"og:locale\" content=\"ca_ES\" \/>\n<meta property=\"og:type\" content=\"article\" \/>\n<meta property=\"og:title\" content=\"Smiley: despr\u00e9s de l&#039;amor - Marta Fluvi\u00e0\" \/>\n<meta property=\"og:description\" content=\"Smiley: despr\u00e9s de l&#8217;amor Autor: Guillem Clua G\u00e8nere: Com\u00e8dia rom\u00e0ntica Repartiment: 2 homes Fa vuit anys, l\u2019\u00c0lex i el Bruno es van enamorar de manera inesperada. No tenien gaireb\u00e9 res en com\u00fa i ning\u00fa hauria apostat perqu\u00e8 aquesta estranya parella comenc\u00e9s una relaci\u00f3 sentimental, per\u00f2 aix\u00ed va ser! Despr\u00e9s de donar-se un pet\u00f3 de pel\u00b7l\u00edcula ... Llegiu m\u00e9s\" \/>\n<meta property=\"og:url\" content=\"https:\/\/martafluvia.com\/ca\/guillem-clua\/smiley-despres-de-l-amor\/\" \/>\n<meta property=\"og:site_name\" content=\"Marta Fluvi\u00e0\" \/>\n<meta property=\"article:publisher\" content=\"https:\/\/www.facebook.com\/martafluviaagency\/\" \/>\n<meta property=\"article:modified_time\" content=\"2024-02-26T16:33:35+00:00\" \/>\n<meta property=\"og:image\" content=\"https:\/\/martafluvia.com\/wp-content\/uploads\/2024\/01\/41Y5sHlqayL.jpg\" \/>\n\t<meta property=\"og:image:width\" content=\"318\" \/>\n\t<meta property=\"og:image:height\" content=\"500\" \/>\n\t<meta property=\"og:image:type\" content=\"image\/jpeg\" \/>\n<meta name=\"twitter:card\" content=\"summary_large_image\" \/>\n<meta name=\"twitter:label1\" content=\"Temps estimat de lectura\" \/>\n\t<meta name=\"twitter:data1\" content=\"2 minuts\" \/>\n<script type=\"application\/ld+json\" class=\"yoast-schema-graph\">{\"@context\":\"https:\\\/\\\/schema.org\",\"@graph\":[{\"@type\":\"WebPage\",\"@id\":\"https:\\\/\\\/martafluvia.com\\\/ca\\\/guillem-clua\\\/smiley-despres-de-l-amor\\\/\",\"url\":\"https:\\\/\\\/martafluvia.com\\\/ca\\\/guillem-clua\\\/smiley-despres-de-l-amor\\\/\",\"name\":\"Smiley: despr\u00e9s de l'amor - Marta Fluvi\u00e0\",\"isPartOf\":{\"@id\":\"https:\\\/\\\/martafluvia.com\\\/en\\\/#website\"},\"primaryImageOfPage\":{\"@id\":\"https:\\\/\\\/martafluvia.com\\\/ca\\\/guillem-clua\\\/smiley-despres-de-l-amor\\\/#primaryimage\"},\"image\":{\"@id\":\"https:\\\/\\\/martafluvia.com\\\/ca\\\/guillem-clua\\\/smiley-despres-de-l-amor\\\/#primaryimage\"},\"thumbnailUrl\":\"https:\\\/\\\/martafluvia.com\\\/wp-content\\\/uploads\\\/2024\\\/01\\\/41Y5sHlqayL.jpg\",\"datePublished\":\"2024-02-26T16:30:55+00:00\",\"dateModified\":\"2024-02-26T16:33:35+00:00\",\"breadcrumb\":{\"@id\":\"https:\\\/\\\/martafluvia.com\\\/ca\\\/guillem-clua\\\/smiley-despres-de-l-amor\\\/#breadcrumb\"},\"inLanguage\":\"ca\",\"potentialAction\":[{\"@type\":\"ReadAction\",\"target\":[\"https:\\\/\\\/martafluvia.com\\\/ca\\\/guillem-clua\\\/smiley-despres-de-l-amor\\\/\"]}]},{\"@type\":\"ImageObject\",\"inLanguage\":\"ca\",\"@id\":\"https:\\\/\\\/martafluvia.com\\\/ca\\\/guillem-clua\\\/smiley-despres-de-l-amor\\\/#primaryimage\",\"url\":\"https:\\\/\\\/martafluvia.com\\\/wp-content\\\/uploads\\\/2024\\\/01\\\/41Y5sHlqayL.jpg\",\"contentUrl\":\"https:\\\/\\\/martafluvia.com\\\/wp-content\\\/uploads\\\/2024\\\/01\\\/41Y5sHlqayL.jpg\",\"width\":318,\"height\":500},{\"@type\":\"BreadcrumbList\",\"@id\":\"https:\\\/\\\/martafluvia.com\\\/ca\\\/guillem-clua\\\/smiley-despres-de-l-amor\\\/#breadcrumb\",\"itemListElement\":[{\"@type\":\"ListItem\",\"position\":1,\"name\":\"Portada\",\"item\":\"https:\\\/\\\/martafluvia.com\\\/ca\\\/\"},{\"@type\":\"ListItem\",\"position\":2,\"name\":\"Guillem Clua\",\"item\":\"https:\\\/\\\/martafluvia.com\\\/ca\\\/guillem-clua\\\/\"},{\"@type\":\"ListItem\",\"position\":3,\"name\":\"Smiley: despr\u00e9s de l&#8217;amor\"}]},{\"@type\":\"WebSite\",\"@id\":\"https:\\\/\\\/martafluvia.com\\\/en\\\/#website\",\"url\":\"https:\\\/\\\/martafluvia.com\\\/en\\\/\",\"name\":\"Marta Fluvi\u00e0\",\"description\":\"Theatrical Literary Agency\",\"publisher\":{\"@id\":\"https:\\\/\\\/martafluvia.com\\\/en\\\/#organization\"},\"potentialAction\":[{\"@type\":\"SearchAction\",\"target\":{\"@type\":\"EntryPoint\",\"urlTemplate\":\"https:\\\/\\\/martafluvia.com\\\/en\\\/?s={search_term_string}\"},\"query-input\":{\"@type\":\"PropertyValueSpecification\",\"valueRequired\":true,\"valueName\":\"search_term_string\"}}],\"inLanguage\":\"ca\"},{\"@type\":\"Organization\",\"@id\":\"https:\\\/\\\/martafluvia.com\\\/en\\\/#organization\",\"name\":\"Marta Fluvi\u00e0 Agency\",\"url\":\"https:\\\/\\\/martafluvia.com\\\/en\\\/\",\"logo\":{\"@type\":\"ImageObject\",\"inLanguage\":\"ca\",\"@id\":\"https:\\\/\\\/martafluvia.com\\\/en\\\/#\\\/schema\\\/logo\\\/image\\\/\",\"url\":\"https:\\\/\\\/martafluvia.com\\\/wp-content\\\/uploads\\\/2017\\\/12\\\/logo-marta-english-1.jpg\",\"contentUrl\":\"https:\\\/\\\/martafluvia.com\\\/wp-content\\\/uploads\\\/2017\\\/12\\\/logo-marta-english-1.jpg\",\"width\":2118,\"height\":783,\"caption\":\"Marta Fluvi\u00e0 Agency\"},\"image\":{\"@id\":\"https:\\\/\\\/martafluvia.com\\\/en\\\/#\\\/schema\\\/logo\\\/image\\\/\"},\"sameAs\":[\"https:\\\/\\\/www.facebook.com\\\/martafluviaagency\\\/\"]}]}<\/script>\n<!-- \/ Yoast SEO plugin. -->","yoast_head_json":{"title":"Smiley: despr\u00e9s de l'amor - Marta Fluvi\u00e0","robots":{"index":"index","follow":"follow","max-snippet":"max-snippet:-1","max-image-preview":"max-image-preview:large","max-video-preview":"max-video-preview:-1"},"canonical":"https:\/\/martafluvia.com\/ca\/guillem-clua\/smiley-despres-de-l-amor\/","og_locale":"ca_ES","og_type":"article","og_title":"Smiley: despr\u00e9s de l'amor - Marta Fluvi\u00e0","og_description":"Smiley: despr\u00e9s de l&#8217;amor Autor: Guillem Clua G\u00e8nere: Com\u00e8dia rom\u00e0ntica Repartiment: 2 homes Fa vuit anys, l\u2019\u00c0lex i el Bruno es van enamorar de manera inesperada. No tenien gaireb\u00e9 res en com\u00fa i ning\u00fa hauria apostat perqu\u00e8 aquesta estranya parella comenc\u00e9s una relaci\u00f3 sentimental, per\u00f2 aix\u00ed va ser! Despr\u00e9s de donar-se un pet\u00f3 de pel\u00b7l\u00edcula ... Llegiu m\u00e9s","og_url":"https:\/\/martafluvia.com\/ca\/guillem-clua\/smiley-despres-de-l-amor\/","og_site_name":"Marta Fluvi\u00e0","article_publisher":"https:\/\/www.facebook.com\/martafluviaagency\/","article_modified_time":"2024-02-26T16:33:35+00:00","og_image":[{"width":318,"height":500,"url":"https:\/\/martafluvia.com\/wp-content\/uploads\/2024\/01\/41Y5sHlqayL.jpg","type":"image\/jpeg"}],"twitter_card":"summary_large_image","twitter_misc":{"Temps estimat de lectura":"2 minuts"},"schema":{"@context":"https:\/\/schema.org","@graph":[{"@type":"WebPage","@id":"https:\/\/martafluvia.com\/ca\/guillem-clua\/smiley-despres-de-l-amor\/","url":"https:\/\/martafluvia.com\/ca\/guillem-clua\/smiley-despres-de-l-amor\/","name":"Smiley: despr\u00e9s de l'amor - Marta Fluvi\u00e0","isPartOf":{"@id":"https:\/\/martafluvia.com\/en\/#website"},"primaryImageOfPage":{"@id":"https:\/\/martafluvia.com\/ca\/guillem-clua\/smiley-despres-de-l-amor\/#primaryimage"},"image":{"@id":"https:\/\/martafluvia.com\/ca\/guillem-clua\/smiley-despres-de-l-amor\/#primaryimage"},"thumbnailUrl":"https:\/\/martafluvia.com\/wp-content\/uploads\/2024\/01\/41Y5sHlqayL.jpg","datePublished":"2024-02-26T16:30:55+00:00","dateModified":"2024-02-26T16:33:35+00:00","breadcrumb":{"@id":"https:\/\/martafluvia.com\/ca\/guillem-clua\/smiley-despres-de-l-amor\/#breadcrumb"},"inLanguage":"ca","potentialAction":[{"@type":"ReadAction","target":["https:\/\/martafluvia.com\/ca\/guillem-clua\/smiley-despres-de-l-amor\/"]}]},{"@type":"ImageObject","inLanguage":"ca","@id":"https:\/\/martafluvia.com\/ca\/guillem-clua\/smiley-despres-de-l-amor\/#primaryimage","url":"https:\/\/martafluvia.com\/wp-content\/uploads\/2024\/01\/41Y5sHlqayL.jpg","contentUrl":"https:\/\/martafluvia.com\/wp-content\/uploads\/2024\/01\/41Y5sHlqayL.jpg","width":318,"height":500},{"@type":"BreadcrumbList","@id":"https:\/\/martafluvia.com\/ca\/guillem-clua\/smiley-despres-de-l-amor\/#breadcrumb","itemListElement":[{"@type":"ListItem","position":1,"name":"Portada","item":"https:\/\/martafluvia.com\/ca\/"},{"@type":"ListItem","position":2,"name":"Guillem Clua","item":"https:\/\/martafluvia.com\/ca\/guillem-clua\/"},{"@type":"ListItem","position":3,"name":"Smiley: despr\u00e9s de l&#8217;amor"}]},{"@type":"WebSite","@id":"https:\/\/martafluvia.com\/en\/#website","url":"https:\/\/martafluvia.com\/en\/","name":"Marta Fluvi\u00e0","description":"Theatrical Literary Agency","publisher":{"@id":"https:\/\/martafluvia.com\/en\/#organization"},"potentialAction":[{"@type":"SearchAction","target":{"@type":"EntryPoint","urlTemplate":"https:\/\/martafluvia.com\/en\/?s={search_term_string}"},"query-input":{"@type":"PropertyValueSpecification","valueRequired":true,"valueName":"search_term_string"}}],"inLanguage":"ca"},{"@type":"Organization","@id":"https:\/\/martafluvia.com\/en\/#organization","name":"Marta Fluvi\u00e0 Agency","url":"https:\/\/martafluvia.com\/en\/","logo":{"@type":"ImageObject","inLanguage":"ca","@id":"https:\/\/martafluvia.com\/en\/#\/schema\/logo\/image\/","url":"https:\/\/martafluvia.com\/wp-content\/uploads\/2017\/12\/logo-marta-english-1.jpg","contentUrl":"https:\/\/martafluvia.com\/wp-content\/uploads\/2017\/12\/logo-marta-english-1.jpg","width":2118,"height":783,"caption":"Marta Fluvi\u00e0 Agency"},"image":{"@id":"https:\/\/martafluvia.com\/en\/#\/schema\/logo\/image\/"},"sameAs":["https:\/\/www.facebook.com\/martafluviaagency\/"]}]}},"_links":{"self":[{"href":"https:\/\/martafluvia.com\/ca\/wp-json\/wp\/v2\/pages\/20677","targetHints":{"allow":["GET"]}}],"collection":[{"href":"https:\/\/martafluvia.com\/ca\/wp-json\/wp\/v2\/pages"}],"about":[{"href":"https:\/\/martafluvia.com\/ca\/wp-json\/wp\/v2\/types\/page"}],"author":[{"embeddable":true,"href":"https:\/\/martafluvia.com\/ca\/wp-json\/wp\/v2\/users\/1"}],"replies":[{"embeddable":true,"href":"https:\/\/martafluvia.com\/ca\/wp-json\/wp\/v2\/comments?post=20677"}],"version-history":[{"count":5,"href":"https:\/\/martafluvia.com\/ca\/wp-json\/wp\/v2\/pages\/20677\/revisions"}],"predecessor-version":[{"id":20761,"href":"https:\/\/martafluvia.com\/ca\/wp-json\/wp\/v2\/pages\/20677\/revisions\/20761"}],"up":[{"embeddable":true,"href":"https:\/\/martafluvia.com\/ca\/wp-json\/wp\/v2\/pages\/12288"}],"wp:featuredmedia":[{"embeddable":true,"href":"https:\/\/martafluvia.com\/ca\/wp-json\/wp\/v2\/media\/19310"}],"wp:attachment":[{"href":"https:\/\/martafluvia.com\/ca\/wp-json\/wp\/v2\/media?parent=20677"}],"curies":[{"name":"wp","href":"https:\/\/api.w.org\/{rel}","templated":true}]}}