{"id":19846,"date":"2024-02-14T11:21:57","date_gmt":"2024-02-14T10:21:57","guid":{"rendered":"https:\/\/martafluvia.com\/?page_id=19846"},"modified":"2024-03-12T16:26:24","modified_gmt":"2024-03-12T15:26:24","slug":"rita","status":"publish","type":"page","link":"https:\/\/martafluvia.com\/ca\/marta-buchaca\/rita\/","title":{"rendered":"Rita"},"content":{"rendered":"\t\t<div data-elementor-type=\"wp-page\" data-elementor-id=\"19846\" class=\"elementor elementor-19846\" data-elementor-post-type=\"page\">\n\t\t\t\t<div class=\"elementor-element elementor-element-1420fc8 e-con-full e-flex e-con e-parent\" data-id=\"1420fc8\" data-element_type=\"container\" data-e-type=\"container\">\n\t\t<div class=\"elementor-element elementor-element-349c3ba e-con-full e-flex e-con e-child\" data-id=\"349c3ba\" data-element_type=\"container\" data-e-type=\"container\">\n\t\t\t\t<div class=\"elementor-element elementor-element-3e7a00f elementor-pagination-position-outside elementor-widget elementor-widget-image-carousel\" data-id=\"3e7a00f\" data-element_type=\"widget\" data-e-type=\"widget\" data-settings=\"{&quot;slides_to_show&quot;:&quot;1&quot;,&quot;navigation&quot;:&quot;dots&quot;,&quot;autoplay&quot;:&quot;yes&quot;,&quot;pause_on_hover&quot;:&quot;yes&quot;,&quot;pause_on_interaction&quot;:&quot;yes&quot;,&quot;autoplay_speed&quot;:5000,&quot;infinite&quot;:&quot;yes&quot;,&quot;effect&quot;:&quot;slide&quot;,&quot;speed&quot;:500}\" data-widget_type=\"image-carousel.default\">\n\t\t\t\t<div class=\"elementor-widget-container\">\n\t\t\t\t\t\t\t<div class=\"elementor-image-carousel-wrapper swiper\" role=\"region\" aria-roledescription=\"carousel\" aria-label=\"Carrusel d&#039;imatges\" dir=\"ltr\">\n\t\t\t<div class=\"elementor-image-carousel swiper-wrapper\" aria-live=\"off\">\n\t\t\t\t\t\t\t\t<div class=\"swiper-slide\" role=\"group\" aria-roledescription=\"slide\" aria-label=\"1 de 3\"><figure class=\"swiper-slide-inner\"><img decoding=\"async\" class=\"swiper-slide-image\" src=\"https:\/\/martafluvia.com\/wp-content\/uploads\/2024\/03\/cartell-web-rita-la-villarroel-teatre.jpg\" alt=\"cartell-web-rita-la-villarroel-teatre\" \/><\/figure><\/div><div class=\"swiper-slide\" role=\"group\" aria-roledescription=\"slide\" aria-label=\"2 de 3\"><figure class=\"swiper-slide-inner\"><img decoding=\"async\" class=\"swiper-slide-image\" src=\"https:\/\/martafluvia.com\/wp-content\/uploads\/2024\/03\/Rita-obra.jpeg.webp\" alt=\"Rita-obra.jpeg\" \/><\/figure><\/div><div class=\"swiper-slide\" role=\"group\" aria-roledescription=\"slide\" aria-label=\"3 de 3\"><figure class=\"swiper-slide-inner\"><img decoding=\"async\" class=\"swiper-slide-image\" src=\"https:\/\/martafluvia.com\/wp-content\/uploads\/2024\/03\/image3_3.jpeg-576x1024-1.jpg\" alt=\"image3_3.jpeg-576x1024\" \/><\/figure><\/div>\t\t\t<\/div>\n\t\t\t\t\t\t\t\n\t\t\t\t\t\t\t\t\t<div class=\"swiper-pagination\"><\/div>\n\t\t\t\t\t\t\t\t\t<\/div>\n\t\t\t\t\t\t<\/div>\n\t\t\t\t<\/div>\n\t\t\t\t<\/div>\n\t\t<div class=\"elementor-element elementor-element-ba7b36f e-con-full e-flex e-con e-child\" data-id=\"ba7b36f\" data-element_type=\"container\" data-e-type=\"container\">\n\t\t\t\t<div class=\"elementor-element elementor-element-27df744 elementor-widget elementor-widget-heading\" data-id=\"27df744\" data-element_type=\"widget\" data-e-type=\"widget\" data-widget_type=\"heading.default\">\n\t\t\t\t<div class=\"elementor-widget-container\">\n\t\t\t\t\t<h2 class=\"elementor-heading-title elementor-size-default\">Rita<\/h2>\t\t\t\t<\/div>\n\t\t\t\t<\/div>\n\t\t\t\t<div class=\"elementor-element elementor-element-7fe3f0c elementor-align-start elementor-icon-list--layout-traditional elementor-list-item-link-full_width elementor-widget elementor-widget-icon-list\" data-id=\"7fe3f0c\" data-element_type=\"widget\" data-e-type=\"widget\" data-widget_type=\"icon-list.default\">\n\t\t\t\t<div class=\"elementor-widget-container\">\n\t\t\t\t\t\t\t<ul class=\"elementor-icon-list-items\">\n\t\t\t\t\t\t\t<li class=\"elementor-icon-list-item\">\n\t\t\t\t\t\t\t\t\t\t\t<span class=\"elementor-icon-list-icon\">\n\t\t\t\t\t\t\t<i aria-hidden=\"true\" class=\"fas fa-user-edit\"><\/i>\t\t\t\t\t\t<\/span>\n\t\t\t\t\t\t\t\t\t\t<span class=\"elementor-icon-list-text\">Autor: Marta Buchaca<\/span>\n\t\t\t\t\t\t\t\t\t<\/li>\n\t\t\t\t\t\t\t\t<li class=\"elementor-icon-list-item\">\n\t\t\t\t\t\t\t\t\t\t\t<span class=\"elementor-icon-list-icon\">\n\t\t\t\t\t\t\t<i aria-hidden=\"true\" class=\"fas fa-tags\"><\/i>\t\t\t\t\t\t<\/span>\n\t\t\t\t\t\t\t\t\t\t<span class=\"elementor-icon-list-text\">G\u00e8nere: Tragicom\u00e8dia<\/span>\n\t\t\t\t\t\t\t\t\t<\/li>\n\t\t\t\t\t\t\t\t<li class=\"elementor-icon-list-item\">\n\t\t\t\t\t\t\t\t\t\t\t<span class=\"elementor-icon-list-icon\">\n\t\t\t\t\t\t\t<i aria-hidden=\"true\" class=\"fas fa-theater-masks\"><\/i>\t\t\t\t\t\t<\/span>\n\t\t\t\t\t\t\t\t\t\t<span class=\"elementor-icon-list-text\">Repartiment: 1 home, 1 dona<\/span>\n\t\t\t\t\t\t\t\t\t<\/li>\n\t\t\t\t\t\t<\/ul>\n\t\t\t\t\t\t<\/div>\n\t\t\t\t<\/div>\n\t\t\t\t<div class=\"elementor-element elementor-element-2c99715 elementor-widget elementor-widget-text-editor\" data-id=\"2c99715\" data-element_type=\"widget\" data-e-type=\"widget\" data-widget_type=\"text-editor.default\">\n\t\t\t\t<div class=\"elementor-widget-container\">\n\t\t\t\t\t\t\t\t\t<p data-pm-slice=\"1 1 []\">En Toni i la J\u00falia s\u00f3n germans. Ell \u00e9s de tirar pel dret i ella \u00e9s incapa\u00e7 de prendre decisions. Quan, al Toni, el veterinari li aconsella <em>eutanasiar<\/em> la seva gossa Rita, , la seva seguretat personal s\u2019esvaeix. La J\u00falia, en canvi, t\u00e9 molt clar quina \u00e9s la decisi\u00f3 que s\u2019ha de prendre. Per\u00f2 quan en Toni planteja el mateix respecte la mare, les decisions dels germans esclaten a la fam\u00edlia.<\/p><p>Rita \u00e9s una obra sobre la fam\u00edlia, sobre els germans, sobre el vincle materno-filial, i, tamb\u00e9, \u00e9s una obra sobre la incapacitat d\u2019acceptar la mort. Una tragicom\u00e8dia que parla de la dificultat de \u201cdeixar anar\u201d les persones que estimem, ens planteja qu\u00e8 \u00e9s viure amb dignitat i explora la legitimitat que tenim de decidir sobre la mort dels altres.<\/p>\t\t\t\t\t\t\t\t<\/div>\n\t\t\t\t<\/div>\n\t\t\t\t<\/div>\n\t\t\t\t<\/div>\n\t\t<div class=\"elementor-element elementor-element-42f0299 e-flex e-con-boxed e-con e-parent\" data-id=\"42f0299\" data-element_type=\"container\" data-e-type=\"container\">\n\t\t\t\t\t<div class=\"e-con-inner\">\n\t\t<div class=\"elementor-element elementor-element-6241a4c e-con-full e-flex e-con e-child\" data-id=\"6241a4c\" data-element_type=\"container\" data-e-type=\"container\">\n\t\t\t\t<div class=\"elementor-element elementor-element-5dac58d elementor-widget elementor-widget-heading\" data-id=\"5dac58d\" data-element_type=\"widget\" data-e-type=\"widget\" data-widget_type=\"heading.default\">\n\t\t\t\t<div class=\"elementor-widget-container\">\n\t\t\t\t\t<h3 class=\"elementor-heading-title elementor-size-default\">V\u00eddeo<\/h3>\t\t\t\t<\/div>\n\t\t\t\t<\/div>\n\t\t\t\t<div class=\"elementor-element elementor-element-5ec4abd elementor-widget elementor-widget-video\" data-id=\"5ec4abd\" data-element_type=\"widget\" data-e-type=\"widget\" data-settings=\"{&quot;youtube_url&quot;:&quot;https:\\\/\\\/youtu.be\\\/5FqxjUGrCXg?si=DH2r9hEzctapIfhX&quot;,&quot;video_type&quot;:&quot;youtube&quot;,&quot;controls&quot;:&quot;yes&quot;}\" data-widget_type=\"video.default\">\n\t\t\t\t<div class=\"elementor-widget-container\">\n\t\t\t\t\t\t\t<div class=\"elementor-wrapper elementor-open-inline\">\n\t\t\t<div class=\"elementor-video\"><\/div>\t\t<\/div>\n\t\t\t\t\t\t<\/div>\n\t\t\t\t<\/div>\n\t\t\t\t<\/div>\n\t\t<div class=\"elementor-element elementor-element-f2b9921 e-con-full e-flex e-con e-child\" data-id=\"f2b9921\" data-element_type=\"container\" data-e-type=\"container\">\n\t\t\t\t<div class=\"elementor-element elementor-element-264da23 elementor-widget elementor-widget-heading\" data-id=\"264da23\" data-element_type=\"widget\" data-e-type=\"widget\" data-widget_type=\"heading.default\">\n\t\t\t\t<div class=\"elementor-widget-container\">\n\t\t\t\t\t<h3 class=\"elementor-heading-title elementor-size-default\">Cr\u00edtica<\/h3>\t\t\t\t<\/div>\n\t\t\t\t<\/div>\n\t\t\t\t<div class=\"elementor-element elementor-element-9cf9089 elementor-widget elementor-widget-text-editor\" data-id=\"9cf9089\" data-element_type=\"widget\" data-e-type=\"widget\" data-widget_type=\"text-editor.default\">\n\t\t\t\t<div class=\"elementor-widget-container\">\n\t\t\t\t\t\t\t\t\t<p data-pm-slice=\"1 1 []\">\u201cLa autora toca los resortes de la soledad, de la separaci\u00f3n, y sobre todo del amor filial con un nostalgia que raya la sensibler\u00eda.\u201d(Revista TimeOut, 07\/11\/2019)<\/p>\t\t\t\t\t\t\t\t<\/div>\n\t\t\t\t<\/div>\n\t\t\t\t<div class=\"elementor-element elementor-element-4a0f27e elementor-button-info elementor-align-center elementor-widget elementor-widget-button\" data-id=\"4a0f27e\" data-element_type=\"widget\" data-e-type=\"widget\" data-widget_type=\"button.default\">\n\t\t\t\t<div class=\"elementor-widget-container\">\n\t\t\t\t\t\t\t\t\t<div class=\"elementor-button-wrapper\">\n\t\t\t\t\t<a class=\"elementor-button elementor-button-link elementor-size-md\" href=\"https:\/\/cinemagavia.es\/rita-critica-teatro\/\" target=\"_blank\">\n\t\t\t\t\t\t<span class=\"elementor-button-content-wrapper\">\n\t\t\t\t\t\t\t\t\t<span class=\"elementor-button-text\">Llegir m\u00e9s<\/span>\n\t\t\t\t\t<\/span>\n\t\t\t\t\t<\/a>\n\t\t\t\t<\/div>\n\t\t\t\t\t\t\t\t<\/div>\n\t\t\t\t<\/div>\n\t\t\t\t<\/div>\n\t\t\t\t\t<\/div>\n\t\t\t\t<\/div>\n\t\t<div class=\"elementor-element elementor-element-3220ef1 e-flex e-con-boxed e-con e-parent\" data-id=\"3220ef1\" data-element_type=\"container\" data-e-type=\"container\">\n\t\t\t\t\t<div class=\"e-con-inner\">\n\t\t\t\t<div class=\"elementor-element elementor-element-f76497e elementor-widget elementor-widget-spacer\" data-id=\"f76497e\" data-element_type=\"widget\" data-e-type=\"widget\" data-widget_type=\"spacer.default\">\n\t\t\t\t<div class=\"elementor-widget-container\">\n\t\t\t\t\t\t\t<div class=\"elementor-spacer\">\n\t\t\t<div class=\"elementor-spacer-inner\"><\/div>\n\t\t<\/div>\n\t\t\t\t\t\t<\/div>\n\t\t\t\t<\/div>\n\t\t\t\t<div class=\"elementor-element elementor-element-8b1def4 elementor-widget elementor-widget-text-editor\" data-id=\"8b1def4\" data-element_type=\"widget\" data-e-type=\"widget\" data-widget_type=\"text-editor.default\">\n\t\t\t\t<div class=\"elementor-widget-container\">\n\t\t\t\t\t\t\t\t\t<div class=\"elementor-element elementor-element-b6f9d45 elementor-widget elementor-widget-text-editor\" data-id=\"b6f9d45\" data-element_type=\"text-editor.default\"><div class=\"elementor-widget-container\"><div class=\"elementor-text-editor elementor-clearfix\"><p style=\"text-align: center;\">Solicitar derechos de representaci\u00f3n:<\/p><\/div><\/div><\/div>\t\t\t\t\t\t\t\t<\/div>\n\t\t\t\t<\/div>\n\t\t<div class=\"elementor-element elementor-element-71d46f6 e-con-full e-flex e-con e-child\" data-id=\"71d46f6\" data-element_type=\"container\" data-e-type=\"container\">\n\t\t\t\t<div class=\"elementor-element elementor-element-f7ad915 elementor-button-info elementor-align-center elementor-widget elementor-widget-button\" data-id=\"f7ad915\" data-element_type=\"widget\" data-e-type=\"widget\" data-widget_type=\"button.default\">\n\t\t\t\t<div class=\"elementor-widget-container\">\n\t\t\t\t\t\t\t\t\t<div class=\"elementor-button-wrapper\">\n\t\t\t\t\t<a class=\"elementor-button elementor-button-link elementor-size-md\" href=\"\/licencia-amateur\">\n\t\t\t\t\t\t<span class=\"elementor-button-content-wrapper\">\n\t\t\t\t\t\t\t\t\t<span class=\"elementor-button-text\">Amateur<\/span>\n\t\t\t\t\t<\/span>\n\t\t\t\t\t<\/a>\n\t\t\t\t<\/div>\n\t\t\t\t\t\t\t\t<\/div>\n\t\t\t\t<\/div>\n\t\t\t\t<div class=\"elementor-element elementor-element-7904001 elementor-button-info elementor-align-center elementor-widget elementor-widget-button\" data-id=\"7904001\" data-element_type=\"widget\" data-e-type=\"widget\" data-widget_type=\"button.default\">\n\t\t\t\t<div class=\"elementor-widget-container\">\n\t\t\t\t\t\t\t\t\t<div class=\"elementor-button-wrapper\">\n\t\t\t\t\t<a class=\"elementor-button elementor-button-link elementor-size-md\" href=\"\/solicitud\">\n\t\t\t\t\t\t<span class=\"elementor-button-content-wrapper\">\n\t\t\t\t\t\t\t\t\t<span class=\"elementor-button-text\">Profesional<\/span>\n\t\t\t\t\t<\/span>\n\t\t\t\t\t<\/a>\n\t\t\t\t<\/div>\n\t\t\t\t\t\t\t\t<\/div>\n\t\t\t\t<\/div>\n\t\t\t\t<\/div>\n\t\t\t\t\t<\/div>\n\t\t\t\t<\/div>\n\t\t\t\t<\/div>\n\t\t","protected":false},"excerpt":{"rendered":"<p>Rita Autor: Marta Buchaca G\u00e8nere: Tragicom\u00e8dia Repartiment: 1 home, 1 dona En Toni i la J\u00falia s\u00f3n germans. Ell \u00e9s de tirar pel dret i ella \u00e9s incapa\u00e7 de prendre decisions. Quan, al Toni, el veterinari li aconsella eutanasiar la seva gossa Rita, , la seva seguretat personal s\u2019esvaeix. La J\u00falia, en canvi, t\u00e9 molt &#8230; <a title=\"Rita\" class=\"read-more\" href=\"https:\/\/martafluvia.com\/ca\/marta-buchaca\/rita\/\">Llegiu m\u00e9s<\/a><\/p>\n","protected":false},"author":1,"featured_media":19310,"parent":1569,"menu_order":0,"comment_status":"closed","ping_status":"closed","template":"","meta":{"footnotes":""},"class_list":["post-19846","page","type-page","status-publish","has-post-thumbnail"],"yoast_head":"<!-- This site is optimized with the Yoast SEO plugin v27.4 - https:\/\/yoast.com\/product\/yoast-seo-wordpress\/ -->\n<title>Rita - Marta Fluvi\u00e0<\/title>\n<meta name=\"robots\" content=\"index, follow, max-snippet:-1, max-image-preview:large, max-video-preview:-1\" \/>\n<link rel=\"canonical\" href=\"https:\/\/martafluvia.com\/ca\/marta-buchaca\/rita\/\" \/>\n<meta property=\"og:locale\" content=\"ca_ES\" \/>\n<meta property=\"og:type\" content=\"article\" \/>\n<meta property=\"og:title\" content=\"Rita - Marta Fluvi\u00e0\" \/>\n<meta property=\"og:description\" content=\"Rita Autor: Marta Buchaca G\u00e8nere: Tragicom\u00e8dia Repartiment: 1 home, 1 dona En Toni i la J\u00falia s\u00f3n germans. Ell \u00e9s de tirar pel dret i ella \u00e9s incapa\u00e7 de prendre decisions. Quan, al Toni, el veterinari li aconsella eutanasiar la seva gossa Rita, , la seva seguretat personal s\u2019esvaeix. La J\u00falia, en canvi, t\u00e9 molt ... Llegiu m\u00e9s\" \/>\n<meta property=\"og:url\" content=\"https:\/\/martafluvia.com\/ca\/marta-buchaca\/rita\/\" \/>\n<meta property=\"og:site_name\" content=\"Marta Fluvi\u00e0\" \/>\n<meta property=\"article:publisher\" content=\"https:\/\/www.facebook.com\/martafluviaagency\/\" \/>\n<meta property=\"article:modified_time\" content=\"2024-03-12T15:26:24+00:00\" \/>\n<meta property=\"og:image\" content=\"https:\/\/martafluvia.com\/wp-content\/uploads\/2024\/01\/41Y5sHlqayL.jpg\" \/>\n\t<meta property=\"og:image:width\" content=\"318\" \/>\n\t<meta property=\"og:image:height\" content=\"500\" \/>\n\t<meta property=\"og:image:type\" content=\"image\/jpeg\" \/>\n<meta name=\"twitter:card\" content=\"summary_large_image\" \/>\n<meta name=\"twitter:label1\" content=\"Temps estimat de lectura\" \/>\n\t<meta name=\"twitter:data1\" content=\"2 minuts\" \/>\n<script type=\"application\/ld+json\" class=\"yoast-schema-graph\">{\"@context\":\"https:\\\/\\\/schema.org\",\"@graph\":[{\"@type\":\"WebPage\",\"@id\":\"https:\\\/\\\/martafluvia.com\\\/ca\\\/marta-buchaca\\\/rita\\\/\",\"url\":\"https:\\\/\\\/martafluvia.com\\\/ca\\\/marta-buchaca\\\/rita\\\/\",\"name\":\"Rita - Marta Fluvi\u00e0\",\"isPartOf\":{\"@id\":\"https:\\\/\\\/martafluvia.com\\\/en\\\/#website\"},\"primaryImageOfPage\":{\"@id\":\"https:\\\/\\\/martafluvia.com\\\/ca\\\/marta-buchaca\\\/rita\\\/#primaryimage\"},\"image\":{\"@id\":\"https:\\\/\\\/martafluvia.com\\\/ca\\\/marta-buchaca\\\/rita\\\/#primaryimage\"},\"thumbnailUrl\":\"https:\\\/\\\/martafluvia.com\\\/wp-content\\\/uploads\\\/2024\\\/01\\\/41Y5sHlqayL.jpg\",\"datePublished\":\"2024-02-14T10:21:57+00:00\",\"dateModified\":\"2024-03-12T15:26:24+00:00\",\"breadcrumb\":{\"@id\":\"https:\\\/\\\/martafluvia.com\\\/ca\\\/marta-buchaca\\\/rita\\\/#breadcrumb\"},\"inLanguage\":\"ca\",\"potentialAction\":[{\"@type\":\"ReadAction\",\"target\":[\"https:\\\/\\\/martafluvia.com\\\/ca\\\/marta-buchaca\\\/rita\\\/\"]}]},{\"@type\":\"ImageObject\",\"inLanguage\":\"ca\",\"@id\":\"https:\\\/\\\/martafluvia.com\\\/ca\\\/marta-buchaca\\\/rita\\\/#primaryimage\",\"url\":\"https:\\\/\\\/martafluvia.com\\\/wp-content\\\/uploads\\\/2024\\\/01\\\/41Y5sHlqayL.jpg\",\"contentUrl\":\"https:\\\/\\\/martafluvia.com\\\/wp-content\\\/uploads\\\/2024\\\/01\\\/41Y5sHlqayL.jpg\",\"width\":318,\"height\":500},{\"@type\":\"BreadcrumbList\",\"@id\":\"https:\\\/\\\/martafluvia.com\\\/ca\\\/marta-buchaca\\\/rita\\\/#breadcrumb\",\"itemListElement\":[{\"@type\":\"ListItem\",\"position\":1,\"name\":\"Portada\",\"item\":\"https:\\\/\\\/martafluvia.com\\\/ca\\\/\"},{\"@type\":\"ListItem\",\"position\":2,\"name\":\"Marta Buchaca\",\"item\":\"https:\\\/\\\/martafluvia.com\\\/ca\\\/marta-buchaca\\\/\"},{\"@type\":\"ListItem\",\"position\":3,\"name\":\"Rita\"}]},{\"@type\":\"WebSite\",\"@id\":\"https:\\\/\\\/martafluvia.com\\\/en\\\/#website\",\"url\":\"https:\\\/\\\/martafluvia.com\\\/en\\\/\",\"name\":\"Marta Fluvi\u00e0\",\"description\":\"Theatrical Literary Agency\",\"publisher\":{\"@id\":\"https:\\\/\\\/martafluvia.com\\\/en\\\/#organization\"},\"potentialAction\":[{\"@type\":\"SearchAction\",\"target\":{\"@type\":\"EntryPoint\",\"urlTemplate\":\"https:\\\/\\\/martafluvia.com\\\/en\\\/?s={search_term_string}\"},\"query-input\":{\"@type\":\"PropertyValueSpecification\",\"valueRequired\":true,\"valueName\":\"search_term_string\"}}],\"inLanguage\":\"ca\"},{\"@type\":\"Organization\",\"@id\":\"https:\\\/\\\/martafluvia.com\\\/en\\\/#organization\",\"name\":\"Marta Fluvi\u00e0 Agency\",\"url\":\"https:\\\/\\\/martafluvia.com\\\/en\\\/\",\"logo\":{\"@type\":\"ImageObject\",\"inLanguage\":\"ca\",\"@id\":\"https:\\\/\\\/martafluvia.com\\\/en\\\/#\\\/schema\\\/logo\\\/image\\\/\",\"url\":\"https:\\\/\\\/martafluvia.com\\\/wp-content\\\/uploads\\\/2017\\\/12\\\/logo-marta-english-1.jpg\",\"contentUrl\":\"https:\\\/\\\/martafluvia.com\\\/wp-content\\\/uploads\\\/2017\\\/12\\\/logo-marta-english-1.jpg\",\"width\":2118,\"height\":783,\"caption\":\"Marta Fluvi\u00e0 Agency\"},\"image\":{\"@id\":\"https:\\\/\\\/martafluvia.com\\\/en\\\/#\\\/schema\\\/logo\\\/image\\\/\"},\"sameAs\":[\"https:\\\/\\\/www.facebook.com\\\/martafluviaagency\\\/\"]}]}<\/script>\n<!-- \/ Yoast SEO plugin. -->","yoast_head_json":{"title":"Rita - Marta Fluvi\u00e0","robots":{"index":"index","follow":"follow","max-snippet":"max-snippet:-1","max-image-preview":"max-image-preview:large","max-video-preview":"max-video-preview:-1"},"canonical":"https:\/\/martafluvia.com\/ca\/marta-buchaca\/rita\/","og_locale":"ca_ES","og_type":"article","og_title":"Rita - Marta Fluvi\u00e0","og_description":"Rita Autor: Marta Buchaca G\u00e8nere: Tragicom\u00e8dia Repartiment: 1 home, 1 dona En Toni i la J\u00falia s\u00f3n germans. Ell \u00e9s de tirar pel dret i ella \u00e9s incapa\u00e7 de prendre decisions. Quan, al Toni, el veterinari li aconsella eutanasiar la seva gossa Rita, , la seva seguretat personal s\u2019esvaeix. La J\u00falia, en canvi, t\u00e9 molt ... Llegiu m\u00e9s","og_url":"https:\/\/martafluvia.com\/ca\/marta-buchaca\/rita\/","og_site_name":"Marta Fluvi\u00e0","article_publisher":"https:\/\/www.facebook.com\/martafluviaagency\/","article_modified_time":"2024-03-12T15:26:24+00:00","og_image":[{"width":318,"height":500,"url":"https:\/\/martafluvia.com\/wp-content\/uploads\/2024\/01\/41Y5sHlqayL.jpg","type":"image\/jpeg"}],"twitter_card":"summary_large_image","twitter_misc":{"Temps estimat de lectura":"2 minuts"},"schema":{"@context":"https:\/\/schema.org","@graph":[{"@type":"WebPage","@id":"https:\/\/martafluvia.com\/ca\/marta-buchaca\/rita\/","url":"https:\/\/martafluvia.com\/ca\/marta-buchaca\/rita\/","name":"Rita - Marta Fluvi\u00e0","isPartOf":{"@id":"https:\/\/martafluvia.com\/en\/#website"},"primaryImageOfPage":{"@id":"https:\/\/martafluvia.com\/ca\/marta-buchaca\/rita\/#primaryimage"},"image":{"@id":"https:\/\/martafluvia.com\/ca\/marta-buchaca\/rita\/#primaryimage"},"thumbnailUrl":"https:\/\/martafluvia.com\/wp-content\/uploads\/2024\/01\/41Y5sHlqayL.jpg","datePublished":"2024-02-14T10:21:57+00:00","dateModified":"2024-03-12T15:26:24+00:00","breadcrumb":{"@id":"https:\/\/martafluvia.com\/ca\/marta-buchaca\/rita\/#breadcrumb"},"inLanguage":"ca","potentialAction":[{"@type":"ReadAction","target":["https:\/\/martafluvia.com\/ca\/marta-buchaca\/rita\/"]}]},{"@type":"ImageObject","inLanguage":"ca","@id":"https:\/\/martafluvia.com\/ca\/marta-buchaca\/rita\/#primaryimage","url":"https:\/\/martafluvia.com\/wp-content\/uploads\/2024\/01\/41Y5sHlqayL.jpg","contentUrl":"https:\/\/martafluvia.com\/wp-content\/uploads\/2024\/01\/41Y5sHlqayL.jpg","width":318,"height":500},{"@type":"BreadcrumbList","@id":"https:\/\/martafluvia.com\/ca\/marta-buchaca\/rita\/#breadcrumb","itemListElement":[{"@type":"ListItem","position":1,"name":"Portada","item":"https:\/\/martafluvia.com\/ca\/"},{"@type":"ListItem","position":2,"name":"Marta Buchaca","item":"https:\/\/martafluvia.com\/ca\/marta-buchaca\/"},{"@type":"ListItem","position":3,"name":"Rita"}]},{"@type":"WebSite","@id":"https:\/\/martafluvia.com\/en\/#website","url":"https:\/\/martafluvia.com\/en\/","name":"Marta Fluvi\u00e0","description":"Theatrical Literary Agency","publisher":{"@id":"https:\/\/martafluvia.com\/en\/#organization"},"potentialAction":[{"@type":"SearchAction","target":{"@type":"EntryPoint","urlTemplate":"https:\/\/martafluvia.com\/en\/?s={search_term_string}"},"query-input":{"@type":"PropertyValueSpecification","valueRequired":true,"valueName":"search_term_string"}}],"inLanguage":"ca"},{"@type":"Organization","@id":"https:\/\/martafluvia.com\/en\/#organization","name":"Marta Fluvi\u00e0 Agency","url":"https:\/\/martafluvia.com\/en\/","logo":{"@type":"ImageObject","inLanguage":"ca","@id":"https:\/\/martafluvia.com\/en\/#\/schema\/logo\/image\/","url":"https:\/\/martafluvia.com\/wp-content\/uploads\/2017\/12\/logo-marta-english-1.jpg","contentUrl":"https:\/\/martafluvia.com\/wp-content\/uploads\/2017\/12\/logo-marta-english-1.jpg","width":2118,"height":783,"caption":"Marta Fluvi\u00e0 Agency"},"image":{"@id":"https:\/\/martafluvia.com\/en\/#\/schema\/logo\/image\/"},"sameAs":["https:\/\/www.facebook.com\/martafluviaagency\/"]}]}},"_links":{"self":[{"href":"https:\/\/martafluvia.com\/ca\/wp-json\/wp\/v2\/pages\/19846","targetHints":{"allow":["GET"]}}],"collection":[{"href":"https:\/\/martafluvia.com\/ca\/wp-json\/wp\/v2\/pages"}],"about":[{"href":"https:\/\/martafluvia.com\/ca\/wp-json\/wp\/v2\/types\/page"}],"author":[{"embeddable":true,"href":"https:\/\/martafluvia.com\/ca\/wp-json\/wp\/v2\/users\/1"}],"replies":[{"embeddable":true,"href":"https:\/\/martafluvia.com\/ca\/wp-json\/wp\/v2\/comments?post=19846"}],"version-history":[{"count":10,"href":"https:\/\/martafluvia.com\/ca\/wp-json\/wp\/v2\/pages\/19846\/revisions"}],"predecessor-version":[{"id":22422,"href":"https:\/\/martafluvia.com\/ca\/wp-json\/wp\/v2\/pages\/19846\/revisions\/22422"}],"up":[{"embeddable":true,"href":"https:\/\/martafluvia.com\/ca\/wp-json\/wp\/v2\/pages\/1569"}],"wp:featuredmedia":[{"embeddable":true,"href":"https:\/\/martafluvia.com\/ca\/wp-json\/wp\/v2\/media\/19310"}],"wp:attachment":[{"href":"https:\/\/martafluvia.com\/ca\/wp-json\/wp\/v2\/media?parent=19846"}],"curies":[{"name":"wp","href":"https:\/\/api.w.org\/{rel}","templated":true}]}}