{"id":19693,"date":"2024-02-13T19:31:03","date_gmt":"2024-02-13T18:31:03","guid":{"rendered":"https:\/\/martafluvia.com\/?page_id=19693"},"modified":"2024-03-22T11:57:06","modified_gmt":"2024-03-22T10:57:06","slug":"marc-artigau","status":"publish","type":"page","link":"https:\/\/martafluvia.com\/ca\/marc-artigau\/","title":{"rendered":"Marc Artigau"},"content":{"rendered":"\t\t<div data-elementor-type=\"wp-post\" data-elementor-id=\"19693\" class=\"elementor elementor-19693 elementor-19692\" data-elementor-post-type=\"page\">\n\t\t\t\t\t\t<section class=\"elementor-section elementor-top-section elementor-element elementor-element-e99b054 elementor-section-boxed elementor-section-height-default elementor-section-height-default\" data-id=\"e99b054\" data-element_type=\"section\" data-e-type=\"section\">\n\t\t\t\t\t\t<div class=\"elementor-container elementor-column-gap-default\">\n\t\t\t\t\t<div class=\"elementor-column elementor-col-100 elementor-top-column elementor-element elementor-element-928143b\" data-id=\"928143b\" data-element_type=\"column\" data-e-type=\"column\">\n\t\t\t<div class=\"elementor-widget-wrap elementor-element-populated\">\n\t\t\t\t\t\t<div class=\"elementor-element elementor-element-2098be9 elementor-widget elementor-widget-heading\" data-id=\"2098be9\" data-element_type=\"widget\" data-e-type=\"widget\" data-widget_type=\"heading.default\">\n\t\t\t\t<div class=\"elementor-widget-container\">\n\t\t\t\t\t<h2 class=\"elementor-heading-title elementor-size-default\">MARC ARTIGAU<\/h2>\t\t\t\t<\/div>\n\t\t\t\t<\/div>\n\t\t\t\t<div class=\"elementor-element elementor-element-4a56bdb elementor-widget elementor-widget-image\" data-id=\"4a56bdb\" data-element_type=\"widget\" data-e-type=\"widget\" data-widget_type=\"image.default\">\n\t\t\t\t<div class=\"elementor-widget-container\">\n\t\t\t\t\t\t\t\t\t\t\t\t\t\t\t<img decoding=\"async\" src=\"https:\/\/martafluvia.com\/wp-content\/uploads\/elementor\/thumbs\/19-02-19-Artigau-15-qjrdwrco7l2n1wt96w2zhrxgechqb54c0c85mwbw8w.jpg\" title=\"\" alt=\"\" loading=\"lazy\" \/>\t\t\t\t\t\t\t\t\t\t\t\t\t\t\t<\/div>\n\t\t\t\t<\/div>\n\t\t\t\t<div class=\"elementor-element elementor-element-7744378 elementor-widget elementor-widget-text-editor\" data-id=\"7744378\" data-element_type=\"widget\" data-e-type=\"widget\" data-widget_type=\"text-editor.default\">\n\t\t\t\t<div class=\"elementor-widget-container\">\n\t\t\t\t\t\t\t\t\t<p><strong>MARC ARTIGAU (Barcelona, 1984). <\/strong>\u00c9s llicenciat en Direcci\u00f3 esc\u00e8nica i Dramat\u00fargia per l\u2019Institut del Teatre de Barcelona.<\/p>\n<p>Ha rebut diversos premis literaris com el Ciutat de Sagunt, Les tal\u00faries, el premi Gabriel Ferrater per a joves poetes, l&#8217;Acc\u00e8ssit al Premi Nacional Marqu\u00e8s de Bradom\u00edn o el Premi Quim Mas\u00f3, per a la seva obra teatral, que es troba publicada al Teatre reunit 2009-2018. Arola Edicions.<\/p>\n<p>Com a dramaturg ha treballat amb Dagoll Dagom (Bye, Bye Monstre) -Premi Butaca al millor espectacle familiar 2022-, Julio Manrique (L&#8217;\u00e0nec salvatge, Les tres germanes, &#8211; Premi Max a la millor adaptaci\u00f3 2021-, Carrer Robadors &#8211; Premi Max a la millor adaptaci\u00f3 2022-), David Selvas (El m\u00e0gic D&#8217;Oz), Oriol Broggi (L&#8217;orfe del Clan del Zhao i Al nostre gust) -Premis de la cr\u00edtica a millor adaptaci\u00f3 2014 i 2015-, Juan Carlos Martel (Moby Dick, C\u00e0sting Giulietta) i amb \u00c0ngel Ll\u00e0cer i Manu Guix (El petit Pr\u00edncep), entre d&#8217;altres.<\/p>\n<p>Ha publicat les novel\u00b7les Aurora, Jo era el m\u00f3n, La Vig\u00edlia (Premi Josep Pla 2019) Els perseguidors de paraules (Ed. Estrella Polar), Les paraules in\u00fatils, La cova dels dies (Ed. Fanbooks), i Un home cau, Els coloms de la boqueria i Ning\u00fa sabr\u00e0 qui ets amb Jordi Bast\u00e9. (Ed. Rosa dels Vents) En poesia: Primers Auxilis,Vermella \u2013 Premi Mart\u00ed Dot- i Desterrats. Ha col\u00b7laborat a Catalunya r\u00e0dio i actualment a El m\u00f3n a Rac1. La seva darrera pe\u00e7a teatral L&#8217;illa deserta ha guanyat el premi Teatre Barcelona a millor text.<\/p><p><br><\/p>\n<p><\/p>\n<p>CAT\u00c0LEG:<\/p>\n<table style=\"width: 1120px; letter-spacing: 0.2px;\">\n<tbody>\n<tr>\n<td width=\"144\"><span style=\"font-weight: bold;\">T\u00cdTOL<\/span><\/td>\n<td width=\"117\"><span style=\"font-weight: bold;\">G\u00c8NERE<\/span><\/td>\n<td width=\"152\"><span style=\"font-weight: bold;\">PERSONATGES MASCULINS<\/span><\/td>\n<td width=\"152\"><span style=\"font-weight: bold;\">PERSONATGES FEMENINS<\/span><\/td>\n<\/tr>\n<tr>\n<td width=\"144\">\n<p><a href=\"https:\/\/martafluvia.com\/ca\/marc-artigau\/un-mosquit-petit\/\" target=\"_blank\">Un mosquit petit<\/a><br><\/p><p><br><\/p>\n<\/td>\n<td width=\"117\">Thriller<\/td>\n<td width=\"152\">2<\/td>\n<td width=\"152\">1<\/td>\n<\/tr>\n<tr>\n<td width=\"144\">\n<p><a href=\"https:\/\/martafluvia.com\/ca\/marc-artigau\/alba\/\" target=\"_blank\">Alba (o El jard\u00ed de les del\u00edcies)<\/a><br><\/p><p><br><\/p>\n<\/td>\n<td width=\"117\">Thriller, Ci\u00e8ncia ficci\u00f3<\/td>\n<td width=\"152\">1<\/td>\n<td width=\"152\">2<\/td>\n<\/tr>\n<tr>\n<td width=\"144\">\n<p><a href=\"https:\/\/martafluvia.com\/ca\/marc-artigau\/l-illa-deserta\/\" target=\"_blank\">L&#8217;illa deserta<\/a><br><\/p><p><br><\/p>\n<\/td>\n<td width=\"117\">Com\u00e8dia dram\u00e0tica<\/td>\n<td width=\"152\">1<\/td>\n<td width=\"152\">1<\/td>\n<\/tr>\n<\/tbody>\n<\/table>\t\t\t\t\t\t\t\t<\/div>\n\t\t\t\t<\/div>\n\t\t\t\t\t<\/div>\n\t\t<\/div>\n\t\t\t\t\t<\/div>\n\t\t<\/section>\n\t\t\t\t<section class=\"elementor-section elementor-top-section elementor-element elementor-element-5a97a894 elementor-section-boxed elementor-section-height-default elementor-section-height-default\" data-id=\"5a97a894\" data-element_type=\"section\" data-e-type=\"section\">\n\t\t\t\t\t\t<div class=\"elementor-container elementor-column-gap-default\">\n\t\t\t\t\t<div class=\"elementor-column elementor-col-100 elementor-top-column elementor-element elementor-element-f05a77c\" data-id=\"f05a77c\" data-element_type=\"column\" data-e-type=\"column\">\n\t\t\t<div class=\"elementor-widget-wrap elementor-element-populated\">\n\t\t\t\t\t\t<div class=\"elementor-element elementor-element-36440a40 elementor-widget-divider--view-line elementor-widget elementor-widget-divider\" data-id=\"36440a40\" data-element_type=\"widget\" data-e-type=\"widget\" data-widget_type=\"divider.default\">\n\t\t\t\t<div class=\"elementor-widget-container\">\n\t\t\t\t\t\t\t<div class=\"elementor-divider\">\n\t\t\t<span class=\"elementor-divider-separator\">\n\t\t\t\t\t\t<\/span>\n\t\t<\/div>\n\t\t\t\t\t\t<\/div>\n\t\t\t\t<\/div>\n\t\t\t\t<div class=\"elementor-element elementor-element-143dbdac elementor-widget elementor-widget-text-editor\" data-id=\"143dbdac\" data-element_type=\"widget\" data-e-type=\"widget\" data-widget_type=\"text-editor.default\">\n\t\t\t\t<div class=\"elementor-widget-container\">\n\t\t\t\t\t\t\t\t\t<div class=\"elementor-element elementor-element-b6f9d45 elementor-widget elementor-widget-text-editor\" data-id=\"b6f9d45\" data-element_type=\"text-editor.default\">\n<div class=\"elementor-widget-container\">\n<div class=\"elementor-text-editor elementor-clearfix\">\n<p style=\"text-align: center;\">Solicitar drets de representaci\u00f3:<\/p>\n<\/div>\n<\/div>\n<\/div>\n\t\t\t\t\t\t\t\t<\/div>\n\t\t\t\t<\/div>\n\t\t\t\t<section class=\"elementor-section elementor-inner-section elementor-element elementor-element-6cde6cf elementor-section-boxed elementor-section-height-default elementor-section-height-default\" data-id=\"6cde6cf\" data-element_type=\"section\" data-e-type=\"section\">\n\t\t\t\t\t\t<div class=\"elementor-container elementor-column-gap-default\">\n\t\t\t\t\t<div class=\"elementor-column elementor-col-50 elementor-inner-column elementor-element elementor-element-b2ac8f0\" data-id=\"b2ac8f0\" data-element_type=\"column\" data-e-type=\"column\">\n\t\t\t<div class=\"elementor-widget-wrap elementor-element-populated\">\n\t\t\t\t\t\t<div class=\"elementor-element elementor-element-3db87801 elementor-button-info elementor-align-center elementor-widget elementor-widget-button\" data-id=\"3db87801\" data-element_type=\"widget\" data-e-type=\"widget\" data-widget_type=\"button.default\">\n\t\t\t\t<div class=\"elementor-widget-container\">\n\t\t\t\t\t\t\t\t\t<div class=\"elementor-button-wrapper\">\n\t\t\t\t\t<a class=\"elementor-button elementor-button-link elementor-size-md\" href=\"https:\/\/martafluvia.com\/licencia-amateur\/\">\n\t\t\t\t\t\t<span class=\"elementor-button-content-wrapper\">\n\t\t\t\t\t\t\t\t\t<span class=\"elementor-button-text\">Amateur: Solicitud de drets<\/span>\n\t\t\t\t\t<\/span>\n\t\t\t\t\t<\/a>\n\t\t\t\t<\/div>\n\t\t\t\t\t\t\t\t<\/div>\n\t\t\t\t<\/div>\n\t\t\t\t\t<\/div>\n\t\t<\/div>\n\t\t\t\t<div class=\"elementor-column elementor-col-50 elementor-inner-column elementor-element elementor-element-28ccb9e\" data-id=\"28ccb9e\" data-element_type=\"column\" data-e-type=\"column\">\n\t\t\t<div class=\"elementor-widget-wrap elementor-element-populated\">\n\t\t\t\t\t\t<div class=\"elementor-element elementor-element-b7ad712 elementor-button-info elementor-align-center elementor-widget elementor-widget-button\" data-id=\"b7ad712\" data-element_type=\"widget\" data-e-type=\"widget\" data-widget_type=\"button.default\">\n\t\t\t\t<div class=\"elementor-widget-container\">\n\t\t\t\t\t\t\t\t\t<div class=\"elementor-button-wrapper\">\n\t\t\t\t\t<a class=\"elementor-button elementor-button-link elementor-size-md\" href=\"\/solicitud\">\n\t\t\t\t\t\t<span class=\"elementor-button-content-wrapper\">\n\t\t\t\t\t\t\t\t\t<span class=\"elementor-button-text\">Professional: Solicitud de drets<\/span>\n\t\t\t\t\t<\/span>\n\t\t\t\t\t<\/a>\n\t\t\t\t<\/div>\n\t\t\t\t\t\t\t\t<\/div>\n\t\t\t\t<\/div>\n\t\t\t\t\t<\/div>\n\t\t<\/div>\n\t\t\t\t\t<\/div>\n\t\t<\/section>\n\t\t\t\t<div class=\"elementor-element elementor-element-9ebc1ed elementor-widget elementor-widget-spacer\" data-id=\"9ebc1ed\" data-element_type=\"widget\" data-e-type=\"widget\" data-widget_type=\"spacer.default\">\n\t\t\t\t<div class=\"elementor-widget-container\">\n\t\t\t\t\t\t\t<div class=\"elementor-spacer\">\n\t\t\t<div class=\"elementor-spacer-inner\"><\/div>\n\t\t<\/div>\n\t\t\t\t\t\t<\/div>\n\t\t\t\t<\/div>\n\t\t\t\t\t<\/div>\n\t\t<\/div>\n\t\t\t\t\t<\/div>\n\t\t<\/section>\n\t\t\t\t<\/div>\n\t\t","protected":false},"excerpt":{"rendered":"<p>MARC ARTIGAU MARC ARTIGAU (Barcelona, 1984). \u00c9s llicenciat en Direcci\u00f3 esc\u00e8nica i Dramat\u00fargia per l\u2019Institut del Teatre de Barcelona. Ha rebut diversos premis literaris com el Ciutat de Sagunt, Les tal\u00faries, el premi Gabriel Ferrater per a joves poetes, l&#8217;Acc\u00e8ssit al Premi Nacional Marqu\u00e8s de Bradom\u00edn o el Premi Quim Mas\u00f3, per a la seva &#8230; <a title=\"Marc Artigau\" class=\"read-more\" href=\"https:\/\/martafluvia.com\/ca\/marc-artigau\/\">Llegiu m\u00e9s<\/a><\/p>\n","protected":false},"author":1,"featured_media":0,"parent":0,"menu_order":0,"comment_status":"closed","ping_status":"closed","template":"elementor_header_footer","meta":{"footnotes":""},"class_list":["post-19693","page","type-page","status-publish"],"yoast_head":"<!-- This site is optimized with the Yoast SEO plugin v27.4 - https:\/\/yoast.com\/product\/yoast-seo-wordpress\/ -->\n<title>Marc Artigau - Marta Fluvi\u00e0<\/title>\n<meta name=\"description\" content=\"Conegui al nostre autor Marc Artigau. Sol\u00b7licitar els drets de representaci\u00f3 per a qualsevol de les seves obres mitjan\u00e7ant el nostre formulari.\" \/>\n<meta name=\"robots\" content=\"index, follow, max-snippet:-1, max-image-preview:large, max-video-preview:-1\" \/>\n<link rel=\"canonical\" href=\"https:\/\/martafluvia.com\/ca\/marc-artigau\/\" \/>\n<meta property=\"og:locale\" content=\"ca_ES\" \/>\n<meta property=\"og:type\" content=\"article\" \/>\n<meta property=\"og:title\" content=\"Marc Artigau - Marta Fluvi\u00e0\" \/>\n<meta property=\"og:description\" content=\"Conegui al nostre autor Marc Artigau. Sol\u00b7licitar els drets de representaci\u00f3 per a qualsevol de les seves obres mitjan\u00e7ant el nostre formulari.\" \/>\n<meta property=\"og:url\" content=\"https:\/\/martafluvia.com\/ca\/marc-artigau\/\" \/>\n<meta property=\"og:site_name\" content=\"Marta Fluvi\u00e0\" \/>\n<meta property=\"article:publisher\" content=\"https:\/\/www.facebook.com\/martafluviaagency\/\" \/>\n<meta property=\"article:modified_time\" content=\"2024-03-22T10:57:06+00:00\" \/>\n<meta property=\"og:image\" content=\"https:\/\/martafluvia.com\/wp-content\/uploads\/elementor\/thumbs\/19-02-19-Artigau-15-qjrdwrco7l2n1wt96w2zhrxgechqb54c0c85mwbw8w.jpg\" \/>\n<meta name=\"twitter:card\" content=\"summary_large_image\" \/>\n<meta name=\"twitter:label1\" content=\"Temps estimat de lectura\" \/>\n\t<meta name=\"twitter:data1\" content=\"2 minuts\" \/>\n<script type=\"application\/ld+json\" class=\"yoast-schema-graph\">{\"@context\":\"https:\\\/\\\/schema.org\",\"@graph\":[{\"@type\":\"WebPage\",\"@id\":\"https:\\\/\\\/martafluvia.com\\\/ca\\\/marc-artigau\\\/\",\"url\":\"https:\\\/\\\/martafluvia.com\\\/ca\\\/marc-artigau\\\/\",\"name\":\"Marc Artigau - Marta Fluvi\u00e0\",\"isPartOf\":{\"@id\":\"https:\\\/\\\/martafluvia.com\\\/en\\\/#website\"},\"primaryImageOfPage\":{\"@id\":\"https:\\\/\\\/martafluvia.com\\\/ca\\\/marc-artigau\\\/#primaryimage\"},\"image\":{\"@id\":\"https:\\\/\\\/martafluvia.com\\\/ca\\\/marc-artigau\\\/#primaryimage\"},\"thumbnailUrl\":\"https:\\\/\\\/martafluvia.com\\\/wp-content\\\/uploads\\\/elementor\\\/thumbs\\\/19-02-19-Artigau-15-qjrdwrco7l2n1wt96w2zhrxgechqb54c0c85mwbw8w.jpg\",\"datePublished\":\"2024-02-13T18:31:03+00:00\",\"dateModified\":\"2024-03-22T10:57:06+00:00\",\"description\":\"Conegui al nostre autor Marc Artigau. Sol\u00b7licitar els drets de representaci\u00f3 per a qualsevol de les seves obres mitjan\u00e7ant el nostre formulari.\",\"breadcrumb\":{\"@id\":\"https:\\\/\\\/martafluvia.com\\\/ca\\\/marc-artigau\\\/#breadcrumb\"},\"inLanguage\":\"ca\",\"potentialAction\":[{\"@type\":\"ReadAction\",\"target\":[\"https:\\\/\\\/martafluvia.com\\\/ca\\\/marc-artigau\\\/\"]}]},{\"@type\":\"ImageObject\",\"inLanguage\":\"ca\",\"@id\":\"https:\\\/\\\/martafluvia.com\\\/ca\\\/marc-artigau\\\/#primaryimage\",\"url\":\"https:\\\/\\\/martafluvia.com\\\/wp-content\\\/uploads\\\/elementor\\\/thumbs\\\/19-02-19-Artigau-15-qjrdwrco7l2n1wt96w2zhrxgechqb54c0c85mwbw8w.jpg\",\"contentUrl\":\"https:\\\/\\\/martafluvia.com\\\/wp-content\\\/uploads\\\/elementor\\\/thumbs\\\/19-02-19-Artigau-15-qjrdwrco7l2n1wt96w2zhrxgechqb54c0c85mwbw8w.jpg\"},{\"@type\":\"BreadcrumbList\",\"@id\":\"https:\\\/\\\/martafluvia.com\\\/ca\\\/marc-artigau\\\/#breadcrumb\",\"itemListElement\":[{\"@type\":\"ListItem\",\"position\":1,\"name\":\"Portada\",\"item\":\"https:\\\/\\\/martafluvia.com\\\/ca\\\/\"},{\"@type\":\"ListItem\",\"position\":2,\"name\":\"Marc Artigau\"}]},{\"@type\":\"WebSite\",\"@id\":\"https:\\\/\\\/martafluvia.com\\\/en\\\/#website\",\"url\":\"https:\\\/\\\/martafluvia.com\\\/en\\\/\",\"name\":\"Marta Fluvi\u00e0\",\"description\":\"Theatrical Literary Agency\",\"publisher\":{\"@id\":\"https:\\\/\\\/martafluvia.com\\\/en\\\/#organization\"},\"potentialAction\":[{\"@type\":\"SearchAction\",\"target\":{\"@type\":\"EntryPoint\",\"urlTemplate\":\"https:\\\/\\\/martafluvia.com\\\/en\\\/?s={search_term_string}\"},\"query-input\":{\"@type\":\"PropertyValueSpecification\",\"valueRequired\":true,\"valueName\":\"search_term_string\"}}],\"inLanguage\":\"ca\"},{\"@type\":\"Organization\",\"@id\":\"https:\\\/\\\/martafluvia.com\\\/en\\\/#organization\",\"name\":\"Marta Fluvi\u00e0 Agency\",\"url\":\"https:\\\/\\\/martafluvia.com\\\/en\\\/\",\"logo\":{\"@type\":\"ImageObject\",\"inLanguage\":\"ca\",\"@id\":\"https:\\\/\\\/martafluvia.com\\\/en\\\/#\\\/schema\\\/logo\\\/image\\\/\",\"url\":\"https:\\\/\\\/martafluvia.com\\\/wp-content\\\/uploads\\\/2017\\\/12\\\/logo-marta-english-1.jpg\",\"contentUrl\":\"https:\\\/\\\/martafluvia.com\\\/wp-content\\\/uploads\\\/2017\\\/12\\\/logo-marta-english-1.jpg\",\"width\":2118,\"height\":783,\"caption\":\"Marta Fluvi\u00e0 Agency\"},\"image\":{\"@id\":\"https:\\\/\\\/martafluvia.com\\\/en\\\/#\\\/schema\\\/logo\\\/image\\\/\"},\"sameAs\":[\"https:\\\/\\\/www.facebook.com\\\/martafluviaagency\\\/\"]}]}<\/script>\n<!-- \/ Yoast SEO plugin. -->","yoast_head_json":{"title":"Marc Artigau - Marta Fluvi\u00e0","description":"Conegui al nostre autor Marc Artigau. Sol\u00b7licitar els drets de representaci\u00f3 per a qualsevol de les seves obres mitjan\u00e7ant el nostre formulari.","robots":{"index":"index","follow":"follow","max-snippet":"max-snippet:-1","max-image-preview":"max-image-preview:large","max-video-preview":"max-video-preview:-1"},"canonical":"https:\/\/martafluvia.com\/ca\/marc-artigau\/","og_locale":"ca_ES","og_type":"article","og_title":"Marc Artigau - Marta Fluvi\u00e0","og_description":"Conegui al nostre autor Marc Artigau. Sol\u00b7licitar els drets de representaci\u00f3 per a qualsevol de les seves obres mitjan\u00e7ant el nostre formulari.","og_url":"https:\/\/martafluvia.com\/ca\/marc-artigau\/","og_site_name":"Marta Fluvi\u00e0","article_publisher":"https:\/\/www.facebook.com\/martafluviaagency\/","article_modified_time":"2024-03-22T10:57:06+00:00","og_image":[{"url":"https:\/\/martafluvia.com\/wp-content\/uploads\/elementor\/thumbs\/19-02-19-Artigau-15-qjrdwrco7l2n1wt96w2zhrxgechqb54c0c85mwbw8w.jpg","type":"","width":"","height":""}],"twitter_card":"summary_large_image","twitter_misc":{"Temps estimat de lectura":"2 minuts"},"schema":{"@context":"https:\/\/schema.org","@graph":[{"@type":"WebPage","@id":"https:\/\/martafluvia.com\/ca\/marc-artigau\/","url":"https:\/\/martafluvia.com\/ca\/marc-artigau\/","name":"Marc Artigau - Marta Fluvi\u00e0","isPartOf":{"@id":"https:\/\/martafluvia.com\/en\/#website"},"primaryImageOfPage":{"@id":"https:\/\/martafluvia.com\/ca\/marc-artigau\/#primaryimage"},"image":{"@id":"https:\/\/martafluvia.com\/ca\/marc-artigau\/#primaryimage"},"thumbnailUrl":"https:\/\/martafluvia.com\/wp-content\/uploads\/elementor\/thumbs\/19-02-19-Artigau-15-qjrdwrco7l2n1wt96w2zhrxgechqb54c0c85mwbw8w.jpg","datePublished":"2024-02-13T18:31:03+00:00","dateModified":"2024-03-22T10:57:06+00:00","description":"Conegui al nostre autor Marc Artigau. Sol\u00b7licitar els drets de representaci\u00f3 per a qualsevol de les seves obres mitjan\u00e7ant el nostre formulari.","breadcrumb":{"@id":"https:\/\/martafluvia.com\/ca\/marc-artigau\/#breadcrumb"},"inLanguage":"ca","potentialAction":[{"@type":"ReadAction","target":["https:\/\/martafluvia.com\/ca\/marc-artigau\/"]}]},{"@type":"ImageObject","inLanguage":"ca","@id":"https:\/\/martafluvia.com\/ca\/marc-artigau\/#primaryimage","url":"https:\/\/martafluvia.com\/wp-content\/uploads\/elementor\/thumbs\/19-02-19-Artigau-15-qjrdwrco7l2n1wt96w2zhrxgechqb54c0c85mwbw8w.jpg","contentUrl":"https:\/\/martafluvia.com\/wp-content\/uploads\/elementor\/thumbs\/19-02-19-Artigau-15-qjrdwrco7l2n1wt96w2zhrxgechqb54c0c85mwbw8w.jpg"},{"@type":"BreadcrumbList","@id":"https:\/\/martafluvia.com\/ca\/marc-artigau\/#breadcrumb","itemListElement":[{"@type":"ListItem","position":1,"name":"Portada","item":"https:\/\/martafluvia.com\/ca\/"},{"@type":"ListItem","position":2,"name":"Marc Artigau"}]},{"@type":"WebSite","@id":"https:\/\/martafluvia.com\/en\/#website","url":"https:\/\/martafluvia.com\/en\/","name":"Marta Fluvi\u00e0","description":"Theatrical Literary Agency","publisher":{"@id":"https:\/\/martafluvia.com\/en\/#organization"},"potentialAction":[{"@type":"SearchAction","target":{"@type":"EntryPoint","urlTemplate":"https:\/\/martafluvia.com\/en\/?s={search_term_string}"},"query-input":{"@type":"PropertyValueSpecification","valueRequired":true,"valueName":"search_term_string"}}],"inLanguage":"ca"},{"@type":"Organization","@id":"https:\/\/martafluvia.com\/en\/#organization","name":"Marta Fluvi\u00e0 Agency","url":"https:\/\/martafluvia.com\/en\/","logo":{"@type":"ImageObject","inLanguage":"ca","@id":"https:\/\/martafluvia.com\/en\/#\/schema\/logo\/image\/","url":"https:\/\/martafluvia.com\/wp-content\/uploads\/2017\/12\/logo-marta-english-1.jpg","contentUrl":"https:\/\/martafluvia.com\/wp-content\/uploads\/2017\/12\/logo-marta-english-1.jpg","width":2118,"height":783,"caption":"Marta Fluvi\u00e0 Agency"},"image":{"@id":"https:\/\/martafluvia.com\/en\/#\/schema\/logo\/image\/"},"sameAs":["https:\/\/www.facebook.com\/martafluviaagency\/"]}]}},"_links":{"self":[{"href":"https:\/\/martafluvia.com\/ca\/wp-json\/wp\/v2\/pages\/19693","targetHints":{"allow":["GET"]}}],"collection":[{"href":"https:\/\/martafluvia.com\/ca\/wp-json\/wp\/v2\/pages"}],"about":[{"href":"https:\/\/martafluvia.com\/ca\/wp-json\/wp\/v2\/types\/page"}],"author":[{"embeddable":true,"href":"https:\/\/martafluvia.com\/ca\/wp-json\/wp\/v2\/users\/1"}],"replies":[{"embeddable":true,"href":"https:\/\/martafluvia.com\/ca\/wp-json\/wp\/v2\/comments?post=19693"}],"version-history":[{"count":15,"href":"https:\/\/martafluvia.com\/ca\/wp-json\/wp\/v2\/pages\/19693\/revisions"}],"predecessor-version":[{"id":23441,"href":"https:\/\/martafluvia.com\/ca\/wp-json\/wp\/v2\/pages\/19693\/revisions\/23441"}],"wp:attachment":[{"href":"https:\/\/martafluvia.com\/ca\/wp-json\/wp\/v2\/media?parent=19693"}],"curies":[{"name":"wp","href":"https:\/\/api.w.org\/{rel}","templated":true}]}}