{"id":17612,"date":"2023-06-03T18:44:46","date_gmt":"2023-06-03T17:44:46","guid":{"rendered":"https:\/\/martafluvia.com\/?page_id=17612"},"modified":"2023-06-03T19:00:49","modified_gmt":"2023-06-03T18:00:49","slug":"juancarlos-rubio","status":"publish","type":"page","link":"https:\/\/martafluvia.com\/ca\/juancarlos-rubio\/","title":{"rendered":"Juan Carlos Rubio"},"content":{"rendered":"\t\t<div data-elementor-type=\"wp-post\" data-elementor-id=\"17612\" class=\"elementor elementor-17612 elementor-17611\" data-elementor-post-type=\"page\">\n\t\t\t\t\t\t<section class=\"elementor-section elementor-top-section elementor-element elementor-element-e99b054 elementor-section-boxed elementor-section-height-default elementor-section-height-default\" data-id=\"e99b054\" data-element_type=\"section\" data-e-type=\"section\">\n\t\t\t\t\t\t<div class=\"elementor-container elementor-column-gap-default\">\n\t\t\t\t\t<div class=\"elementor-column elementor-col-100 elementor-top-column elementor-element elementor-element-928143b\" data-id=\"928143b\" data-element_type=\"column\" data-e-type=\"column\">\n\t\t\t<div class=\"elementor-widget-wrap elementor-element-populated\">\n\t\t\t\t\t\t<div class=\"elementor-element elementor-element-2098be9 elementor-widget elementor-widget-heading\" data-id=\"2098be9\" data-element_type=\"widget\" data-e-type=\"widget\" data-widget_type=\"heading.default\">\n\t\t\t\t<div class=\"elementor-widget-container\">\n\t\t\t\t\t<h2 class=\"elementor-heading-title elementor-size-default\">JUAN CARLOS RUBIO<\/h2>\t\t\t\t<\/div>\n\t\t\t\t<\/div>\n\t\t\t\t<div class=\"elementor-element elementor-element-4a56bdb elementor-widget elementor-widget-image\" data-id=\"4a56bdb\" data-element_type=\"widget\" data-e-type=\"widget\" data-widget_type=\"image.default\">\n\t\t\t\t<div class=\"elementor-widget-container\">\n\t\t\t\t\t\t\t\t\t\t\t\t\t\t\t<img fetchpriority=\"high\" decoding=\"async\" width=\"1536\" height=\"1050\" src=\"https:\/\/martafluvia.com\/wp-content\/uploads\/2023\/06\/JUAN_CARLOS_RUBIO_foto_bio_WEB-1536x1050.jpg\" class=\"attachment-1536x1536 size-1536x1536 wp-image-17620\" alt=\"\" srcset=\"https:\/\/martafluvia.com\/wp-content\/uploads\/2023\/06\/JUAN_CARLOS_RUBIO_foto_bio_WEB-1536x1050.jpg 1536w, https:\/\/martafluvia.com\/wp-content\/uploads\/2023\/06\/JUAN_CARLOS_RUBIO_foto_bio_WEB-300x205.jpg 300w, https:\/\/martafluvia.com\/wp-content\/uploads\/2023\/06\/JUAN_CARLOS_RUBIO_foto_bio_WEB-1024x700.jpg 1024w, https:\/\/martafluvia.com\/wp-content\/uploads\/2023\/06\/JUAN_CARLOS_RUBIO_foto_bio_WEB-768x525.jpg 768w, https:\/\/martafluvia.com\/wp-content\/uploads\/2023\/06\/JUAN_CARLOS_RUBIO_foto_bio_WEB-600x410.jpg 600w, https:\/\/martafluvia.com\/wp-content\/uploads\/2023\/06\/JUAN_CARLOS_RUBIO_foto_bio_WEB-64x44.jpg 64w, https:\/\/martafluvia.com\/wp-content\/uploads\/2023\/06\/JUAN_CARLOS_RUBIO_foto_bio_WEB.jpg 1920w\" sizes=\"(max-width: 1536px) 100vw, 1536px\" \/>\t\t\t\t\t\t\t\t\t\t\t\t\t\t\t<\/div>\n\t\t\t\t<\/div>\n\t\t\t\t<div class=\"elementor-element elementor-element-7744378 elementor-widget elementor-widget-text-editor\" data-id=\"7744378\" data-element_type=\"widget\" data-e-type=\"widget\" data-widget_type=\"text-editor.default\">\n\t\t\t\t<div class=\"elementor-widget-container\">\n\t\t\t\t\t\t\t\t\t<p><strong>JUAN CARLOS RUBIO (Montilla, C\u00f3rdoba, 1967). \u00a0<\/strong>Escriu per a la televisi\u00f3 (<strong><em>Farmacia de Guardia,\u00a0Pepa y Pepe,\u00a0Colegio Mayor,\u00a0M\u00e1s que amigos,\u00a0Manos a la<\/em><\/strong> <strong><em>obra,\u00a0Ellas son as\u00ed\u00a0o\u00a0Adolfo Su\u00e1rez<\/em><\/strong>), el cinema (<strong><em>El calentito,\u00a0Retorno a Hansala,\u00a0Bon app\u00e9tit,\u00a0Las heridas del viento,\u00a0El inconveniente<\/em><\/strong>) i el teatre.<\/p><p>La seva primera obra,\u00a0<strong><em>Esta noche no estoy para nadie<\/em><\/strong>, va ser estrenada al 1997. Des d\u2019aleshores s\u2019han estrenat a Espanya:\u00a0<strong><em>10,\u00a0Las heridas del viento, Humo, Arizona, Tres, 100m2 El inconveniente, El pr\u00edncipe de Maquiavelo, Windermere Club, Iba en serio, La correspondencia personal de Federico Garc\u00eda Lorca, Grandes \u00c9xitos, Sensible, La isla, Desmontando a S\u00e9neca, Anfitri\u00f3n, El mueble, Seda, El perd\u00f3n, En tierra extra\u00f1a <\/em><\/strong>o<strong><em> Queen Lear.<\/em><\/strong><\/p><p>Ha dirigit obres d\u2019altres autors com <strong><em>Razas, Mu\u00f1eca de porcelana,\u00a0La culpa,\u00a0Trigo sucio<\/em><\/strong>\u00a0(David Mamet),\u00a0<strong><em>P\u00e1ncreas<\/em><\/strong>\u00a0(Patxo Teller\u00eda),\u00a0<strong><em>Ocasiones especiales<\/em><\/strong>\u00a0(Bernard Slade)<strong><em>\u00a0La monja alf\u00e9rez<\/em><\/strong>\u00a0(Domingo Miras),\u00a0<strong><em>Miguel de Molina al desnudo<\/em><\/strong>\u00a0(\u00c1ngel Ruiz),\u00a0<strong><em>Juntos<\/em><\/strong>\u00a0(Fabio Marra),\u00a0<strong><em>El ins\u00f3lito caso de Martin Piche<\/em><\/strong>\u00a0(Jacques Mougenot), <strong><em>El peligro de las buenas compa\u00f1\u00edas<\/em><\/strong>\u00a0(Javier Gom\u00e1), <strong><em>Ejercicios de filosof\u00eda para caer de pie<\/em><\/strong> (Conchita Pi\u00f1a) o <strong><em>El sonido oculto<\/em><\/strong> (Adam Rapp).<\/p><p>Les seves obres s\u2019han estrenat a 22 pa\u00efsos i han estat tradu\u00efdes a 11. Entre d\u2019altres guardons ha obtingut el Premio Ciudad de Alcorc\u00f3n 1998 o el Premio Teatro SGAE.<\/p><p>\u00a0<\/p><p>CAT\u00c0LEG:<\/p><p>\u00a0<\/p><table><tbody><tr><td width=\"142\"><p><strong>T\u00cdTOL<\/strong><\/p><\/td><td width=\"142\"><p><strong>G\u00c8NERE<\/strong><\/p><\/td><td width=\"142\"><p><strong>PERSONATGES MASCULINS<\/strong><\/p><\/td><td width=\"142\"><p><strong>PERSONATGES FEMENINS<\/strong><\/p><\/td><\/tr><tr><td width=\"142\"><p><em>Las heridas del viento<\/em><\/p><\/td><td width=\"142\"><p>Drama<\/p><\/td><td width=\"142\"><p>2<\/p><\/td><td width=\"142\"><p>\u00a0<\/p><\/td><\/tr><tr><td width=\"142\"><p><em>Tres<\/em><\/p><\/td><td width=\"142\"><p>Com\u00e8dia<\/p><\/td><td width=\"142\"><p>1<\/p><\/td><td width=\"142\"><p>3<\/p><\/td><\/tr><tr><td width=\"142\"><p><em>100m2 \u2013 El inconveniente<\/em><\/p><\/td><td width=\"142\"><p>Faula<\/p><\/td><td width=\"142\"><p>1<\/p><\/td><td width=\"142\"><p>2<\/p><\/td><\/tr><tr><td width=\"142\"><p><em>Humo<\/em><\/p><\/td><td width=\"142\"><p>Drama<\/p><\/td><td width=\"142\"><p>2<\/p><\/td><td width=\"142\"><p>2<\/p><\/td><\/tr><tr><td width=\"142\"><p><em>Arizona<\/em><\/p><\/td><td width=\"142\"><p>Com\u00e8dia dram\u00e0tica<\/p><\/td><td width=\"142\"><p>1<\/p><\/td><td width=\"142\"><p>1<\/p><\/td><\/tr><tr><td width=\"142\"><p><em>La isla<\/em><\/p><\/td><td width=\"142\"><p>Drama<\/p><\/td><td width=\"142\"><p>\u00a0<\/p><\/td><td width=\"142\"><p>2<\/p><\/td><\/tr><tr><td width=\"142\"><p><strong><em>AMB YOLANDA GARC\u00cdA SERRANO<\/em><\/strong><\/p><\/td><td width=\"142\"><p>\u00a0<\/p><\/td><td width=\"142\"><p>\u00a0<\/p><\/td><td width=\"142\"><p>\u00a0<\/p><\/td><\/tr><tr><td width=\"142\"><p><em>El mueble <\/em><\/p><\/td><td width=\"142\"><p>Com\u00e8dia<\/p><\/td><td width=\"142\"><p>1<\/p><\/td><td width=\"142\"><p>1<\/p><\/td><\/tr><tr><td width=\"142\"><p><em>Shakespeare nunca estuvo aqu\u00ed <\/em><\/p><\/td><td width=\"142\"><p>Com\u00e8dia<\/p><\/td><td width=\"142\"><p>6<\/p><\/td><td width=\"142\"><p>3<\/p><\/td><\/tr><tr><td width=\"142\"><p><em>M\u00fasica para Hitler<\/em><\/p><\/td><td width=\"142\"><p>\u00a0<\/p><\/td><td width=\"142\"><p>2<\/p><\/td><td width=\"142\"><p>2<\/p><\/td><\/tr><tr><td width=\"142\"><p><strong>ADAPTACIONS<\/strong><\/p><\/td><td width=\"142\"><p>\u00a0<\/p><\/td><td width=\"142\"><p>\u00a0<\/p><\/td><td width=\"142\"><p>\u00a0<\/p><\/td><\/tr><tr><td width=\"142\"><p><em>Windermere Club<\/em> de El abanico de Lady Windermere de \u00d3scar Wilde<\/p><\/td><td width=\"142\"><p>Com\u00e8dia<\/p><\/td><td width=\"142\"><p>3<\/p><\/td><td width=\"142\"><p>3<\/p><\/td><\/tr><tr><td width=\"142\"><p><em>La correspondencia personal<\/em> de Federico Garc\u00eda Lorca<\/p><\/td><td width=\"142\"><p>\u00a0<\/p><\/td><td width=\"142\"><p>2 int\u00e8rprets (sense prefer\u00e8ncia de g\u00e8nere)<\/p><\/td><td width=\"142\"><p>\u00a0<\/p><\/td><\/tr><tr><td width=\"142\"><p><em>El pr\u00edncipe <\/em>de Maquiavelo<\/p><\/td><td width=\"142\"><p>Drama<\/p><\/td><td width=\"142\"><p>1<\/p><\/td><td width=\"142\"><p>\u00a0<\/p><\/td><\/tr><tr><td width=\"142\"><p><em>Sensible <\/em>de Constance de Salm<\/p><\/td><td width=\"142\"><p>Drama<\/p><\/td><td width=\"142\"><p>1<\/p><\/td><td width=\"142\"><p>1<\/p><\/td><\/tr><tr><td width=\"142\"><p><em>Anfitri\u00f3n <\/em>de Moliere<\/p><\/td><td width=\"142\"><p>Com\u00e8dia<\/p><\/td><td width=\"142\"><p>4<\/p><\/td><td width=\"142\"><p>2<\/p><\/td><\/tr><tr><td width=\"142\"><p><strong><em>AMB NATALIA MEN\u00c9NDEZ<\/em><\/strong><\/p><\/td><td width=\"142\"><p><strong>\u00a0<\/strong><\/p><\/td><td width=\"142\"><p><strong>\u00a0<\/strong><\/p><\/td><td width=\"142\"><p><strong>\u00a0<\/strong><\/p><\/td><\/tr><tr><td width=\"142\"><p><em>Queen Lear <\/em>de King Lear<\/p><\/td><td width=\"142\"><p>Drama<\/p><\/td><td width=\"142\"><p>2<\/p><\/td><td width=\"142\"><p>5<\/p><\/td><\/tr><\/tbody><\/table>\t\t\t\t\t\t\t\t<\/div>\n\t\t\t\t<\/div>\n\t\t\t\t\t<\/div>\n\t\t<\/div>\n\t\t\t\t\t<\/div>\n\t\t<\/section>\n\t\t\t\t<section class=\"elementor-section elementor-top-section elementor-element elementor-element-5a97a894 elementor-section-boxed elementor-section-height-default elementor-section-height-default\" data-id=\"5a97a894\" data-element_type=\"section\" data-e-type=\"section\">\n\t\t\t\t\t\t<div class=\"elementor-container elementor-column-gap-default\">\n\t\t\t\t\t<div class=\"elementor-column elementor-col-100 elementor-top-column elementor-element elementor-element-f05a77c\" data-id=\"f05a77c\" data-element_type=\"column\" data-e-type=\"column\">\n\t\t\t<div class=\"elementor-widget-wrap elementor-element-populated\">\n\t\t\t\t\t\t<div class=\"elementor-element elementor-element-36440a40 elementor-widget-divider--view-line elementor-widget elementor-widget-divider\" data-id=\"36440a40\" data-element_type=\"widget\" data-e-type=\"widget\" data-widget_type=\"divider.default\">\n\t\t\t\t<div class=\"elementor-widget-container\">\n\t\t\t\t\t\t\t<div class=\"elementor-divider\">\n\t\t\t<span class=\"elementor-divider-separator\">\n\t\t\t\t\t\t<\/span>\n\t\t<\/div>\n\t\t\t\t\t\t<\/div>\n\t\t\t\t<\/div>\n\t\t\t\t<div class=\"elementor-element elementor-element-143dbdac elementor-widget elementor-widget-text-editor\" data-id=\"143dbdac\" data-element_type=\"widget\" data-e-type=\"widget\" data-widget_type=\"text-editor.default\">\n\t\t\t\t<div class=\"elementor-widget-container\">\n\t\t\t\t\t\t\t\t\t<div class=\"elementor-element elementor-element-b6f9d45 elementor-widget elementor-widget-text-editor\" data-id=\"b6f9d45\" data-element_type=\"text-editor.default\"><div class=\"elementor-widget-container\"><div class=\"elementor-text-editor elementor-clearfix\"><p>Solicitar drets de representaci\u00f3:<\/p><\/div><\/div><\/div>\t\t\t\t\t\t\t\t<\/div>\n\t\t\t\t<\/div>\n\t\t\t\t<section class=\"elementor-section elementor-inner-section elementor-element elementor-element-6cde6cf elementor-section-boxed elementor-section-height-default elementor-section-height-default\" data-id=\"6cde6cf\" data-element_type=\"section\" data-e-type=\"section\">\n\t\t\t\t\t\t<div class=\"elementor-container elementor-column-gap-default\">\n\t\t\t\t\t<div class=\"elementor-column elementor-col-50 elementor-inner-column elementor-element elementor-element-b2ac8f0\" data-id=\"b2ac8f0\" data-element_type=\"column\" data-e-type=\"column\">\n\t\t\t<div class=\"elementor-widget-wrap elementor-element-populated\">\n\t\t\t\t\t\t<div class=\"elementor-element elementor-element-3db87801 elementor-button-info elementor-align-center elementor-widget elementor-widget-button\" data-id=\"3db87801\" data-element_type=\"widget\" data-e-type=\"widget\" data-widget_type=\"button.default\">\n\t\t\t\t<div class=\"elementor-widget-container\">\n\t\t\t\t\t\t\t\t\t<div class=\"elementor-button-wrapper\">\n\t\t\t\t\t<a class=\"elementor-button elementor-button-link elementor-size-md\" href=\"https:\/\/martafluvia.com\/solicitud\">\n\t\t\t\t\t\t<span class=\"elementor-button-content-wrapper\">\n\t\t\t\t\t\t\t\t\t<span class=\"elementor-button-text\">Amateur: Solicitud de drets<\/span>\n\t\t\t\t\t<\/span>\n\t\t\t\t\t<\/a>\n\t\t\t\t<\/div>\n\t\t\t\t\t\t\t\t<\/div>\n\t\t\t\t<\/div>\n\t\t\t\t\t<\/div>\n\t\t<\/div>\n\t\t\t\t<div class=\"elementor-column elementor-col-50 elementor-inner-column elementor-element elementor-element-28ccb9e\" data-id=\"28ccb9e\" data-element_type=\"column\" data-e-type=\"column\">\n\t\t\t<div class=\"elementor-widget-wrap elementor-element-populated\">\n\t\t\t\t\t\t<div class=\"elementor-element elementor-element-b7ad712 elementor-button-info elementor-align-center elementor-widget elementor-widget-button\" data-id=\"b7ad712\" data-element_type=\"widget\" data-e-type=\"widget\" data-widget_type=\"button.default\">\n\t\t\t\t<div class=\"elementor-widget-container\">\n\t\t\t\t\t\t\t\t\t<div class=\"elementor-button-wrapper\">\n\t\t\t\t\t<a class=\"elementor-button elementor-button-link elementor-size-md\" href=\"https:\/\/martafluvia.com\/ca\/sol%c2%b7licitud-de-drets-de-representacio-i-adaptacio-dobra-teatral\/\">\n\t\t\t\t\t\t<span class=\"elementor-button-content-wrapper\">\n\t\t\t\t\t\t\t\t\t<span class=\"elementor-button-text\">Professional: Solicitud de drets<\/span>\n\t\t\t\t\t<\/span>\n\t\t\t\t\t<\/a>\n\t\t\t\t<\/div>\n\t\t\t\t\t\t\t\t<\/div>\n\t\t\t\t<\/div>\n\t\t\t\t\t<\/div>\n\t\t<\/div>\n\t\t\t\t\t<\/div>\n\t\t<\/section>\n\t\t\t\t\t<\/div>\n\t\t<\/div>\n\t\t\t\t\t<\/div>\n\t\t<\/section>\n\t\t\t\t<\/div>\n\t\t","protected":false},"excerpt":{"rendered":"<p>JUAN CARLOS RUBIO JUAN CARLOS RUBIO (Montilla, C\u00f3rdoba, 1967). \u00a0Escriu per a la televisi\u00f3 (Farmacia de Guardia,\u00a0Pepa y Pepe,\u00a0Colegio Mayor,\u00a0M\u00e1s que amigos,\u00a0Manos a la obra,\u00a0Ellas son as\u00ed\u00a0o\u00a0Adolfo Su\u00e1rez), el cinema (El calentito,\u00a0Retorno a Hansala,\u00a0Bon app\u00e9tit,\u00a0Las heridas del viento,\u00a0El inconveniente) i el teatre. La seva primera obra,\u00a0Esta noche no estoy para nadie, va ser estrenada al &#8230; <a title=\"Juan Carlos Rubio\" class=\"read-more\" href=\"https:\/\/martafluvia.com\/ca\/juancarlos-rubio\/\">Llegiu m\u00e9s<\/a><\/p>\n","protected":false},"author":1,"featured_media":0,"parent":0,"menu_order":0,"comment_status":"closed","ping_status":"closed","template":"elementor_header_footer","meta":{"footnotes":""},"class_list":["post-17612","page","type-page","status-publish"],"yoast_head":"<!-- This site is optimized with the Yoast SEO plugin v27.3 - https:\/\/yoast.com\/product\/yoast-seo-wordpress\/ -->\n<title>Juan Carlos Rubio - Marta Fluvi\u00e0<\/title>\n<meta name=\"description\" content=\"Conegui a la nostra autora Cl\u00e0udia Ced\u00f3. Sol\u00b7licitar els drets de representaci\u00f3 per a qualsevol de les seves obres mitjan\u00e7ant el nostre formulari.\" \/>\n<meta name=\"robots\" content=\"index, follow, max-snippet:-1, max-image-preview:large, max-video-preview:-1\" \/>\n<link rel=\"canonical\" href=\"https:\/\/martafluvia.com\/ca\/juancarlos-rubio\/\" \/>\n<meta property=\"og:locale\" content=\"ca_ES\" \/>\n<meta property=\"og:type\" content=\"article\" \/>\n<meta property=\"og:title\" content=\"Juan Carlos Rubio - Marta Fluvi\u00e0\" \/>\n<meta property=\"og:description\" content=\"Conegui a la nostra autora Cl\u00e0udia Ced\u00f3. Sol\u00b7licitar els drets de representaci\u00f3 per a qualsevol de les seves obres mitjan\u00e7ant el nostre formulari.\" \/>\n<meta property=\"og:url\" content=\"https:\/\/martafluvia.com\/ca\/juancarlos-rubio\/\" \/>\n<meta property=\"og:site_name\" content=\"Marta Fluvi\u00e0\" \/>\n<meta property=\"article:publisher\" content=\"https:\/\/www.facebook.com\/martafluviaagency\/\" \/>\n<meta property=\"article:modified_time\" content=\"2023-06-03T18:00:49+00:00\" \/>\n<meta property=\"og:image\" content=\"https:\/\/martafluvia.com\/wp-content\/uploads\/2023\/06\/JUAN_CARLOS_RUBIO_foto_bio_WEB-1536x1050.jpg\" \/>\n<meta name=\"twitter:card\" content=\"summary_large_image\" \/>\n<meta name=\"twitter:label1\" content=\"Temps estimat de lectura\" \/>\n\t<meta name=\"twitter:data1\" content=\"3 minuts\" \/>\n<script type=\"application\/ld+json\" class=\"yoast-schema-graph\">{\"@context\":\"https:\\\/\\\/schema.org\",\"@graph\":[{\"@type\":\"WebPage\",\"@id\":\"https:\\\/\\\/martafluvia.com\\\/ca\\\/juancarlos-rubio\\\/\",\"url\":\"https:\\\/\\\/martafluvia.com\\\/ca\\\/juancarlos-rubio\\\/\",\"name\":\"Juan Carlos Rubio - Marta Fluvi\u00e0\",\"isPartOf\":{\"@id\":\"https:\\\/\\\/martafluvia.com\\\/en\\\/#website\"},\"primaryImageOfPage\":{\"@id\":\"https:\\\/\\\/martafluvia.com\\\/ca\\\/juancarlos-rubio\\\/#primaryimage\"},\"image\":{\"@id\":\"https:\\\/\\\/martafluvia.com\\\/ca\\\/juancarlos-rubio\\\/#primaryimage\"},\"thumbnailUrl\":\"https:\\\/\\\/martafluvia.com\\\/wp-content\\\/uploads\\\/2023\\\/06\\\/JUAN_CARLOS_RUBIO_foto_bio_WEB-1536x1050.jpg\",\"datePublished\":\"2023-06-03T17:44:46+00:00\",\"dateModified\":\"2023-06-03T18:00:49+00:00\",\"description\":\"Conegui a la nostra autora Cl\u00e0udia Ced\u00f3. Sol\u00b7licitar els drets de representaci\u00f3 per a qualsevol de les seves obres mitjan\u00e7ant el nostre formulari.\",\"breadcrumb\":{\"@id\":\"https:\\\/\\\/martafluvia.com\\\/ca\\\/juancarlos-rubio\\\/#breadcrumb\"},\"inLanguage\":\"ca\",\"potentialAction\":[{\"@type\":\"ReadAction\",\"target\":[\"https:\\\/\\\/martafluvia.com\\\/ca\\\/juancarlos-rubio\\\/\"]}]},{\"@type\":\"ImageObject\",\"inLanguage\":\"ca\",\"@id\":\"https:\\\/\\\/martafluvia.com\\\/ca\\\/juancarlos-rubio\\\/#primaryimage\",\"url\":\"https:\\\/\\\/martafluvia.com\\\/wp-content\\\/uploads\\\/2023\\\/06\\\/JUAN_CARLOS_RUBIO_foto_bio_WEB-1536x1050.jpg\",\"contentUrl\":\"https:\\\/\\\/martafluvia.com\\\/wp-content\\\/uploads\\\/2023\\\/06\\\/JUAN_CARLOS_RUBIO_foto_bio_WEB-1536x1050.jpg\"},{\"@type\":\"BreadcrumbList\",\"@id\":\"https:\\\/\\\/martafluvia.com\\\/ca\\\/juancarlos-rubio\\\/#breadcrumb\",\"itemListElement\":[{\"@type\":\"ListItem\",\"position\":1,\"name\":\"Portada\",\"item\":\"https:\\\/\\\/martafluvia.com\\\/ca\\\/\"},{\"@type\":\"ListItem\",\"position\":2,\"name\":\"Juan Carlos Rubio\"}]},{\"@type\":\"WebSite\",\"@id\":\"https:\\\/\\\/martafluvia.com\\\/en\\\/#website\",\"url\":\"https:\\\/\\\/martafluvia.com\\\/en\\\/\",\"name\":\"Marta Fluvi\u00e0\",\"description\":\"Theatrical Literary Agency\",\"publisher\":{\"@id\":\"https:\\\/\\\/martafluvia.com\\\/en\\\/#organization\"},\"potentialAction\":[{\"@type\":\"SearchAction\",\"target\":{\"@type\":\"EntryPoint\",\"urlTemplate\":\"https:\\\/\\\/martafluvia.com\\\/en\\\/?s={search_term_string}\"},\"query-input\":{\"@type\":\"PropertyValueSpecification\",\"valueRequired\":true,\"valueName\":\"search_term_string\"}}],\"inLanguage\":\"ca\"},{\"@type\":\"Organization\",\"@id\":\"https:\\\/\\\/martafluvia.com\\\/en\\\/#organization\",\"name\":\"Marta Fluvi\u00e0 Agency\",\"url\":\"https:\\\/\\\/martafluvia.com\\\/en\\\/\",\"logo\":{\"@type\":\"ImageObject\",\"inLanguage\":\"ca\",\"@id\":\"https:\\\/\\\/martafluvia.com\\\/en\\\/#\\\/schema\\\/logo\\\/image\\\/\",\"url\":\"https:\\\/\\\/martafluvia.com\\\/wp-content\\\/uploads\\\/2017\\\/12\\\/logo-marta-english-1.jpg\",\"contentUrl\":\"https:\\\/\\\/martafluvia.com\\\/wp-content\\\/uploads\\\/2017\\\/12\\\/logo-marta-english-1.jpg\",\"width\":2118,\"height\":783,\"caption\":\"Marta Fluvi\u00e0 Agency\"},\"image\":{\"@id\":\"https:\\\/\\\/martafluvia.com\\\/en\\\/#\\\/schema\\\/logo\\\/image\\\/\"},\"sameAs\":[\"https:\\\/\\\/www.facebook.com\\\/martafluviaagency\\\/\"]}]}<\/script>\n<!-- \/ Yoast SEO plugin. -->","yoast_head_json":{"title":"Juan Carlos Rubio - Marta Fluvi\u00e0","description":"Conegui a la nostra autora Cl\u00e0udia Ced\u00f3. Sol\u00b7licitar els drets de representaci\u00f3 per a qualsevol de les seves obres mitjan\u00e7ant el nostre formulari.","robots":{"index":"index","follow":"follow","max-snippet":"max-snippet:-1","max-image-preview":"max-image-preview:large","max-video-preview":"max-video-preview:-1"},"canonical":"https:\/\/martafluvia.com\/ca\/juancarlos-rubio\/","og_locale":"ca_ES","og_type":"article","og_title":"Juan Carlos Rubio - Marta Fluvi\u00e0","og_description":"Conegui a la nostra autora Cl\u00e0udia Ced\u00f3. Sol\u00b7licitar els drets de representaci\u00f3 per a qualsevol de les seves obres mitjan\u00e7ant el nostre formulari.","og_url":"https:\/\/martafluvia.com\/ca\/juancarlos-rubio\/","og_site_name":"Marta Fluvi\u00e0","article_publisher":"https:\/\/www.facebook.com\/martafluviaagency\/","article_modified_time":"2023-06-03T18:00:49+00:00","og_image":[{"url":"https:\/\/martafluvia.com\/wp-content\/uploads\/2023\/06\/JUAN_CARLOS_RUBIO_foto_bio_WEB-1536x1050.jpg","type":"","width":"","height":""}],"twitter_card":"summary_large_image","twitter_misc":{"Temps estimat de lectura":"3 minuts"},"schema":{"@context":"https:\/\/schema.org","@graph":[{"@type":"WebPage","@id":"https:\/\/martafluvia.com\/ca\/juancarlos-rubio\/","url":"https:\/\/martafluvia.com\/ca\/juancarlos-rubio\/","name":"Juan Carlos Rubio - Marta Fluvi\u00e0","isPartOf":{"@id":"https:\/\/martafluvia.com\/en\/#website"},"primaryImageOfPage":{"@id":"https:\/\/martafluvia.com\/ca\/juancarlos-rubio\/#primaryimage"},"image":{"@id":"https:\/\/martafluvia.com\/ca\/juancarlos-rubio\/#primaryimage"},"thumbnailUrl":"https:\/\/martafluvia.com\/wp-content\/uploads\/2023\/06\/JUAN_CARLOS_RUBIO_foto_bio_WEB-1536x1050.jpg","datePublished":"2023-06-03T17:44:46+00:00","dateModified":"2023-06-03T18:00:49+00:00","description":"Conegui a la nostra autora Cl\u00e0udia Ced\u00f3. Sol\u00b7licitar els drets de representaci\u00f3 per a qualsevol de les seves obres mitjan\u00e7ant el nostre formulari.","breadcrumb":{"@id":"https:\/\/martafluvia.com\/ca\/juancarlos-rubio\/#breadcrumb"},"inLanguage":"ca","potentialAction":[{"@type":"ReadAction","target":["https:\/\/martafluvia.com\/ca\/juancarlos-rubio\/"]}]},{"@type":"ImageObject","inLanguage":"ca","@id":"https:\/\/martafluvia.com\/ca\/juancarlos-rubio\/#primaryimage","url":"https:\/\/martafluvia.com\/wp-content\/uploads\/2023\/06\/JUAN_CARLOS_RUBIO_foto_bio_WEB-1536x1050.jpg","contentUrl":"https:\/\/martafluvia.com\/wp-content\/uploads\/2023\/06\/JUAN_CARLOS_RUBIO_foto_bio_WEB-1536x1050.jpg"},{"@type":"BreadcrumbList","@id":"https:\/\/martafluvia.com\/ca\/juancarlos-rubio\/#breadcrumb","itemListElement":[{"@type":"ListItem","position":1,"name":"Portada","item":"https:\/\/martafluvia.com\/ca\/"},{"@type":"ListItem","position":2,"name":"Juan Carlos Rubio"}]},{"@type":"WebSite","@id":"https:\/\/martafluvia.com\/en\/#website","url":"https:\/\/martafluvia.com\/en\/","name":"Marta Fluvi\u00e0","description":"Theatrical Literary Agency","publisher":{"@id":"https:\/\/martafluvia.com\/en\/#organization"},"potentialAction":[{"@type":"SearchAction","target":{"@type":"EntryPoint","urlTemplate":"https:\/\/martafluvia.com\/en\/?s={search_term_string}"},"query-input":{"@type":"PropertyValueSpecification","valueRequired":true,"valueName":"search_term_string"}}],"inLanguage":"ca"},{"@type":"Organization","@id":"https:\/\/martafluvia.com\/en\/#organization","name":"Marta Fluvi\u00e0 Agency","url":"https:\/\/martafluvia.com\/en\/","logo":{"@type":"ImageObject","inLanguage":"ca","@id":"https:\/\/martafluvia.com\/en\/#\/schema\/logo\/image\/","url":"https:\/\/martafluvia.com\/wp-content\/uploads\/2017\/12\/logo-marta-english-1.jpg","contentUrl":"https:\/\/martafluvia.com\/wp-content\/uploads\/2017\/12\/logo-marta-english-1.jpg","width":2118,"height":783,"caption":"Marta Fluvi\u00e0 Agency"},"image":{"@id":"https:\/\/martafluvia.com\/en\/#\/schema\/logo\/image\/"},"sameAs":["https:\/\/www.facebook.com\/martafluviaagency\/"]}]}},"_links":{"self":[{"href":"https:\/\/martafluvia.com\/ca\/wp-json\/wp\/v2\/pages\/17612","targetHints":{"allow":["GET"]}}],"collection":[{"href":"https:\/\/martafluvia.com\/ca\/wp-json\/wp\/v2\/pages"}],"about":[{"href":"https:\/\/martafluvia.com\/ca\/wp-json\/wp\/v2\/types\/page"}],"author":[{"embeddable":true,"href":"https:\/\/martafluvia.com\/ca\/wp-json\/wp\/v2\/users\/1"}],"replies":[{"embeddable":true,"href":"https:\/\/martafluvia.com\/ca\/wp-json\/wp\/v2\/comments?post=17612"}],"version-history":[{"count":5,"href":"https:\/\/martafluvia.com\/ca\/wp-json\/wp\/v2\/pages\/17612\/revisions"}],"predecessor-version":[{"id":17631,"href":"https:\/\/martafluvia.com\/ca\/wp-json\/wp\/v2\/pages\/17612\/revisions\/17631"}],"wp:attachment":[{"href":"https:\/\/martafluvia.com\/ca\/wp-json\/wp\/v2\/media?parent=17612"}],"curies":[{"name":"wp","href":"https:\/\/api.w.org\/{rel}","templated":true}]}}