{"id":1608,"date":"2018-12-23T22:54:30","date_gmt":"2018-12-23T22:54:30","guid":{"rendered":"http:\/\/martafluvia.com\/politica-de-privacitat\/"},"modified":"2018-12-23T22:54:31","modified_gmt":"2018-12-23T22:54:31","slug":"politica-de-privacitat","status":"publish","type":"page","link":"https:\/\/martafluvia.com\/ca\/politica-de-privacitat\/","title":{"rendered":"Pol\u00edtica de privacitat"},"content":{"rendered":"\t\t<div data-elementor-type=\"wp-post\" data-elementor-id=\"1608\" class=\"elementor elementor-1608 elementor-633 elementor-bc-flex-widget\" data-elementor-post-type=\"page\">\n\t\t\t\t\t\t<section class=\"elementor-section elementor-top-section elementor-element elementor-element-e95eeab elementor-section-boxed elementor-section-height-default elementor-section-height-default\" data-id=\"e95eeab\" data-element_type=\"section\" data-e-type=\"section\">\n\t\t\t\t\t\t<div class=\"elementor-container elementor-column-gap-default\">\n\t\t\t\t\t<div class=\"elementor-column elementor-col-100 elementor-top-column elementor-element elementor-element-2840d153\" data-id=\"2840d153\" data-element_type=\"column\" data-e-type=\"column\">\n\t\t\t<div class=\"elementor-widget-wrap elementor-element-populated\">\n\t\t\t\t\t\t<div class=\"elementor-element elementor-element-b2f6593 elementor-widget elementor-widget-heading\" data-id=\"b2f6593\" data-element_type=\"widget\" data-e-type=\"widget\" data-widget_type=\"heading.default\">\n\t\t\t\t<div class=\"elementor-widget-container\">\n\t\t\t\t\t<h2 class=\"elementor-heading-title elementor-size-default\">Pol\u00edtica de privacitat<\/h2>\t\t\t\t<\/div>\n\t\t\t\t<\/div>\n\t\t\t\t<div class=\"elementor-element elementor-element-45aadf75 elementor-widget elementor-widget-text-editor\" data-id=\"45aadf75\" data-element_type=\"widget\" data-e-type=\"widget\" data-widget_type=\"text-editor.default\">\n\t\t\t\t<div class=\"elementor-widget-container\">\n\t\t\t\t\t\t\t\t\t<h1>Qui som?<\/h1>\n<p>La direcci\u00f3 de la nostra web \u00e9s: <a href=\"https:\/\/martafluvia.com\">https:\/\/martafluvia.com<\/a>.<\/p>\n<h2>Quines dades personals que recopilem i per qu\u00e8 recollim-los<\/h2>\n<h3>Comentaris<\/h3>\n<p>Quan els visitants deixar comentaris en el lloc web, recollim les dades que apareixen en forma de comentaris, aix\u00ed com l&#8217;adre\u00e7a IP del visitant i la cadena d&#8217;agents d&#8217;usuari del navegador per ajudar a la detecci\u00f3 de correu brossa.<\/p>\n<p>Una cadena an\u00f2nima creada a partir de la vostra adre\u00e7a electr\u00f2nica (tamb\u00e9 anomenat hash) pot ser proporcionada per veure si est\u00e0 utilitzant el servei de Gravatar. La pol\u00edtica de privacitat de servei de Gravatar est\u00e0 disponible aqu\u00ed: https:\/\/automattic.com\/privacy\/. Despr\u00e9s de l&#8217;aprovaci\u00f3 del seu comentari, la imatge de perfil \u00e9s visible per al p\u00fablic en el context del seu comentari.<\/p>\n<\/p>\n<h3>Mitjans de comunicaci\u00f3<\/h3>\n<p>Si puges imatges a la web has d&#8217;evitar carregar imatges amb localitzaci\u00f3 (GPS EXIF) incloent-hi dades. Per defecte nosaltres les eliminem autom\u00e0ticament. Els visitants del lloc web poden descarregar i extreure qualsevol ubicaci\u00f3 de les dades de les imatges a la web.<\/p>\n<\/p>\n<h3>Galetes<\/h3>\n<p>Si deixeu un comentari en el nostre lloc vost\u00e8 pot triar per deixar el seu nom, adre\u00e7a, correu electr\u00f2nic i web en galetes. Aix\u00f2 \u00e9s per motius de comoditat, aix\u00ed no ha d&#8217;emplenar les seves dades quan surti un altre comentari. Aquestes galetes tindran una durada d&#8217;un any.<\/p>\n<p>Si vost\u00e8 t\u00e9 un compte i decideix connectar-se a aquest lloc, s&#8217;instalar\u00e0 una galeta per determinar si el seu navegador accepta cookies. Aquesta galeta cont\u00e9 cap informaci\u00f3 personal i s&#8217;elimina quan tanqueu el navegador.<\/p>\n<p>En iniciar la sessi\u00f3, tamb\u00e9 instal\u00b7lar unes quantes galetes per emmagatzemar la seva connexi\u00f3 i les teves opcions de visualitzaci\u00f3 Le sgaletes d&#8217;inci de sessi\u00f3 duren dos dies i les d&#8217;opcions de pantalla duren un any. Si seleccioneu &#8220;Recordar-me&#8221;, el seu inici de sessi\u00f3 durar\u00e0 dues setmanes. Si sortiu del vostre compte, les galetes se suprimiran.<\/p>\n<p>Si vost\u00e8 edita o publica un article es guarda una altra galeta al navegador. Aquesta galeta no inclou dades personals i simplement indica l&#8217;ID de l&#8217;element que editeu. Caduca despr\u00e9s de 1 dia.<\/p>\n<\/p>\n<h3>Contingut incorporat d&#8217;altres llocs web<\/h3>\n<p>Els articles en aquest lloc pot incloure contingut incrustat (per exemple, v\u00eddeos, fotos, articles, etc.). El contingut d&#8217;altre web incrustat es comporta exactament de la mateixa manera com si el visitant havia visitat un altre lloc web.<\/p>\n<p>Aquestes web poden recollir dades sobre vost\u00e8, utilitzar cookies, incrustar un tercer addicional de seguiment i control de la interacci\u00f3 amb aquest contingut incrustat, incloent el seguiment de la seva interacci\u00f3 amb el contingut arrelat si vost\u00e8 t\u00e9 un compte i est\u00e0s connectat a la web.<\/p>\n<\/p>\n<h2>Quant temps podem conservar les seves dades<\/h2>\n<p>Si deixes un comentari, el comentari i les seves metadades es conserven indefinidament. Aix\u00f2 \u00e9s que podem recon\u00e8ixer i aprovar successives revisions autom\u00e0ticament en comptes de mantenir-los en una cua de moderaci\u00f3.<\/p>\n<p>Els usuaris que es registrin al nostre lloc web (si escau), tamb\u00e9 emmagatzema la informaci\u00f3 personal que proporcioneu en el seu perfil d&#8217;usuari. Tots els usuaris poden veure, editar o esborrar la seva informaci\u00f3 personal en qualsevol moment (excepte que no pot canviar el nom d&#8217;usuari). Administradors web tamb\u00e9 podeu visualitzar i editar aquesta informaci\u00f3.<\/p>\n<\/p>\n<h2>Quins drets teniu en les vostres dades<\/h2>\n<p>Si vost\u00e8 t\u00e9 un compte o han deixat comentaris en aquest lloc web, podeu sol\u00b7licitar rebre un fitxer d&#8217;exportaci\u00f3 de les dades personals que tenim sobre vost\u00e8, incloent-hi qualsevol informaci\u00f3 que ens heu facilitat a nosaltres. Vost\u00e8 tamb\u00e9 pot sol\u00b7licitar que eliminem qualsevol dada personal que tenim sobre vost\u00e8. Aix\u00f2 NO inclou qualsevol informaci\u00f3 que ens estan obligats a mantenir la seguretat o prop\u00f2sits administratius, legals.<\/p>\n<\/p>\n<h2>On podem enviar les seves dades<\/h2>\n<p>Comentaris de visitants pot ser un servei de detecci\u00f3 autom\u00e0tica de correu brossa per comprovar-los.<\/p>\n<\/p>\n<h2>Informaci\u00f3 de contacte<\/h2>\n<p>Si t\u00e9 algun dubte sobre la nostra pol\u00edtica de privacitat no dubti en contactar amb nosaltres a <a href=\"mailto:info@martafluvia.com\">info@martafluvia.com<\/a>.<\/p>\n\t\t\t\t\t\t\t\t<\/div>\n\t\t\t\t<\/div>\n\t\t\t\t\t<\/div>\n\t\t<\/div>\n\t\t\t\t\t<\/div>\n\t\t<\/section>\n\t\t\t\t<\/div>\n\t\t","protected":false},"excerpt":{"rendered":"<p>Pol\u00edtica de privacitat Qui som? La direcci\u00f3 de la nostra web \u00e9s: https:\/\/martafluvia.com. Quines dades personals que recopilem i per qu\u00e8 recollim-los Comentaris Quan els visitants deixar comentaris en el lloc web, recollim les dades que apareixen en forma de comentaris, aix\u00ed com l&#8217;adre\u00e7a IP del visitant i la cadena d&#8217;agents d&#8217;usuari del navegador per &#8230; <a title=\"Pol\u00edtica de privacitat\" class=\"read-more\" href=\"https:\/\/martafluvia.com\/ca\/politica-de-privacitat\/\">Llegiu m\u00e9s<\/a><\/p>\n","protected":false},"author":1,"featured_media":0,"parent":0,"menu_order":0,"comment_status":"closed","ping_status":"closed","template":"","meta":{"footnotes":""},"class_list":["post-1608","page","type-page","status-publish"],"yoast_head":"<!-- This site is optimized with the Yoast SEO plugin v27.4 - https:\/\/yoast.com\/product\/yoast-seo-wordpress\/ -->\n<title>Pol\u00edtica de privacitat - Marta Fluvi\u00e0<\/title>\n<meta name=\"description\" content=\"Consulti la nostra pol\u00edtica de privacitat. Quines dades recollim i perqu\u00e8.\" \/>\n<meta name=\"robots\" content=\"index, follow, max-snippet:-1, max-image-preview:large, max-video-preview:-1\" \/>\n<link rel=\"canonical\" href=\"https:\/\/martafluvia.com\/ca\/politica-de-privacitat\/\" \/>\n<meta property=\"og:locale\" content=\"ca_ES\" \/>\n<meta property=\"og:type\" content=\"article\" \/>\n<meta property=\"og:title\" content=\"Pol\u00edtica de privacitat - Marta Fluvi\u00e0\" \/>\n<meta property=\"og:description\" content=\"Consulti la nostra pol\u00edtica de privacitat. Quines dades recollim i perqu\u00e8.\" \/>\n<meta property=\"og:url\" content=\"https:\/\/martafluvia.com\/ca\/politica-de-privacitat\/\" \/>\n<meta property=\"og:site_name\" content=\"Marta Fluvi\u00e0\" \/>\n<meta property=\"article:publisher\" content=\"https:\/\/www.facebook.com\/martafluviaagency\/\" \/>\n<meta property=\"article:modified_time\" content=\"2018-12-23T22:54:31+00:00\" \/>\n<meta name=\"twitter:card\" content=\"summary_large_image\" \/>\n<meta name=\"twitter:label1\" content=\"Temps estimat de lectura\" \/>\n\t<meta name=\"twitter:data1\" content=\"3 minuts\" \/>\n<script type=\"application\/ld+json\" class=\"yoast-schema-graph\">{\"@context\":\"https:\\\/\\\/schema.org\",\"@graph\":[{\"@type\":\"WebPage\",\"@id\":\"https:\\\/\\\/martafluvia.com\\\/ca\\\/politica-de-privacitat\\\/\",\"url\":\"https:\\\/\\\/martafluvia.com\\\/ca\\\/politica-de-privacitat\\\/\",\"name\":\"Pol\u00edtica de privacitat - Marta Fluvi\u00e0\",\"isPartOf\":{\"@id\":\"https:\\\/\\\/martafluvia.com\\\/en\\\/#website\"},\"datePublished\":\"2018-12-23T22:54:30+00:00\",\"dateModified\":\"2018-12-23T22:54:31+00:00\",\"description\":\"Consulti la nostra pol\u00edtica de privacitat. Quines dades recollim i perqu\u00e8.\",\"breadcrumb\":{\"@id\":\"https:\\\/\\\/martafluvia.com\\\/ca\\\/politica-de-privacitat\\\/#breadcrumb\"},\"inLanguage\":\"ca\",\"potentialAction\":[{\"@type\":\"ReadAction\",\"target\":[\"https:\\\/\\\/martafluvia.com\\\/ca\\\/politica-de-privacitat\\\/\"]}]},{\"@type\":\"BreadcrumbList\",\"@id\":\"https:\\\/\\\/martafluvia.com\\\/ca\\\/politica-de-privacitat\\\/#breadcrumb\",\"itemListElement\":[{\"@type\":\"ListItem\",\"position\":1,\"name\":\"Portada\",\"item\":\"https:\\\/\\\/martafluvia.com\\\/ca\\\/\"},{\"@type\":\"ListItem\",\"position\":2,\"name\":\"Pol\u00edtica de privacitat\"}]},{\"@type\":\"WebSite\",\"@id\":\"https:\\\/\\\/martafluvia.com\\\/en\\\/#website\",\"url\":\"https:\\\/\\\/martafluvia.com\\\/en\\\/\",\"name\":\"Marta Fluvi\u00e0\",\"description\":\"Theatrical Literary Agency\",\"publisher\":{\"@id\":\"https:\\\/\\\/martafluvia.com\\\/en\\\/#organization\"},\"potentialAction\":[{\"@type\":\"SearchAction\",\"target\":{\"@type\":\"EntryPoint\",\"urlTemplate\":\"https:\\\/\\\/martafluvia.com\\\/en\\\/?s={search_term_string}\"},\"query-input\":{\"@type\":\"PropertyValueSpecification\",\"valueRequired\":true,\"valueName\":\"search_term_string\"}}],\"inLanguage\":\"ca\"},{\"@type\":\"Organization\",\"@id\":\"https:\\\/\\\/martafluvia.com\\\/en\\\/#organization\",\"name\":\"Marta Fluvi\u00e0 Agency\",\"url\":\"https:\\\/\\\/martafluvia.com\\\/en\\\/\",\"logo\":{\"@type\":\"ImageObject\",\"inLanguage\":\"ca\",\"@id\":\"https:\\\/\\\/martafluvia.com\\\/en\\\/#\\\/schema\\\/logo\\\/image\\\/\",\"url\":\"https:\\\/\\\/martafluvia.com\\\/wp-content\\\/uploads\\\/2017\\\/12\\\/logo-marta-english-1.jpg\",\"contentUrl\":\"https:\\\/\\\/martafluvia.com\\\/wp-content\\\/uploads\\\/2017\\\/12\\\/logo-marta-english-1.jpg\",\"width\":2118,\"height\":783,\"caption\":\"Marta Fluvi\u00e0 Agency\"},\"image\":{\"@id\":\"https:\\\/\\\/martafluvia.com\\\/en\\\/#\\\/schema\\\/logo\\\/image\\\/\"},\"sameAs\":[\"https:\\\/\\\/www.facebook.com\\\/martafluviaagency\\\/\"]}]}<\/script>\n<!-- \/ Yoast SEO plugin. -->","yoast_head_json":{"title":"Pol\u00edtica de privacitat - Marta Fluvi\u00e0","description":"Consulti la nostra pol\u00edtica de privacitat. Quines dades recollim i perqu\u00e8.","robots":{"index":"index","follow":"follow","max-snippet":"max-snippet:-1","max-image-preview":"max-image-preview:large","max-video-preview":"max-video-preview:-1"},"canonical":"https:\/\/martafluvia.com\/ca\/politica-de-privacitat\/","og_locale":"ca_ES","og_type":"article","og_title":"Pol\u00edtica de privacitat - Marta Fluvi\u00e0","og_description":"Consulti la nostra pol\u00edtica de privacitat. Quines dades recollim i perqu\u00e8.","og_url":"https:\/\/martafluvia.com\/ca\/politica-de-privacitat\/","og_site_name":"Marta Fluvi\u00e0","article_publisher":"https:\/\/www.facebook.com\/martafluviaagency\/","article_modified_time":"2018-12-23T22:54:31+00:00","twitter_card":"summary_large_image","twitter_misc":{"Temps estimat de lectura":"3 minuts"},"schema":{"@context":"https:\/\/schema.org","@graph":[{"@type":"WebPage","@id":"https:\/\/martafluvia.com\/ca\/politica-de-privacitat\/","url":"https:\/\/martafluvia.com\/ca\/politica-de-privacitat\/","name":"Pol\u00edtica de privacitat - Marta Fluvi\u00e0","isPartOf":{"@id":"https:\/\/martafluvia.com\/en\/#website"},"datePublished":"2018-12-23T22:54:30+00:00","dateModified":"2018-12-23T22:54:31+00:00","description":"Consulti la nostra pol\u00edtica de privacitat. Quines dades recollim i perqu\u00e8.","breadcrumb":{"@id":"https:\/\/martafluvia.com\/ca\/politica-de-privacitat\/#breadcrumb"},"inLanguage":"ca","potentialAction":[{"@type":"ReadAction","target":["https:\/\/martafluvia.com\/ca\/politica-de-privacitat\/"]}]},{"@type":"BreadcrumbList","@id":"https:\/\/martafluvia.com\/ca\/politica-de-privacitat\/#breadcrumb","itemListElement":[{"@type":"ListItem","position":1,"name":"Portada","item":"https:\/\/martafluvia.com\/ca\/"},{"@type":"ListItem","position":2,"name":"Pol\u00edtica de privacitat"}]},{"@type":"WebSite","@id":"https:\/\/martafluvia.com\/en\/#website","url":"https:\/\/martafluvia.com\/en\/","name":"Marta Fluvi\u00e0","description":"Theatrical Literary Agency","publisher":{"@id":"https:\/\/martafluvia.com\/en\/#organization"},"potentialAction":[{"@type":"SearchAction","target":{"@type":"EntryPoint","urlTemplate":"https:\/\/martafluvia.com\/en\/?s={search_term_string}"},"query-input":{"@type":"PropertyValueSpecification","valueRequired":true,"valueName":"search_term_string"}}],"inLanguage":"ca"},{"@type":"Organization","@id":"https:\/\/martafluvia.com\/en\/#organization","name":"Marta Fluvi\u00e0 Agency","url":"https:\/\/martafluvia.com\/en\/","logo":{"@type":"ImageObject","inLanguage":"ca","@id":"https:\/\/martafluvia.com\/en\/#\/schema\/logo\/image\/","url":"https:\/\/martafluvia.com\/wp-content\/uploads\/2017\/12\/logo-marta-english-1.jpg","contentUrl":"https:\/\/martafluvia.com\/wp-content\/uploads\/2017\/12\/logo-marta-english-1.jpg","width":2118,"height":783,"caption":"Marta Fluvi\u00e0 Agency"},"image":{"@id":"https:\/\/martafluvia.com\/en\/#\/schema\/logo\/image\/"},"sameAs":["https:\/\/www.facebook.com\/martafluviaagency\/"]}]}},"_links":{"self":[{"href":"https:\/\/martafluvia.com\/ca\/wp-json\/wp\/v2\/pages\/1608","targetHints":{"allow":["GET"]}}],"collection":[{"href":"https:\/\/martafluvia.com\/ca\/wp-json\/wp\/v2\/pages"}],"about":[{"href":"https:\/\/martafluvia.com\/ca\/wp-json\/wp\/v2\/types\/page"}],"author":[{"embeddable":true,"href":"https:\/\/martafluvia.com\/ca\/wp-json\/wp\/v2\/users\/1"}],"replies":[{"embeddable":true,"href":"https:\/\/martafluvia.com\/ca\/wp-json\/wp\/v2\/comments?post=1608"}],"version-history":[{"count":1,"href":"https:\/\/martafluvia.com\/ca\/wp-json\/wp\/v2\/pages\/1608\/revisions"}],"predecessor-version":[{"id":1609,"href":"https:\/\/martafluvia.com\/ca\/wp-json\/wp\/v2\/pages\/1608\/revisions\/1609"}],"wp:attachment":[{"href":"https:\/\/martafluvia.com\/ca\/wp-json\/wp\/v2\/media?parent=1608"}],"curies":[{"name":"wp","href":"https:\/\/api.w.org\/{rel}","templated":true}]}}