{"id":1583,"date":"2018-12-23T22:26:45","date_gmt":"2018-12-23T22:26:45","guid":{"rendered":"http:\/\/martafluvia.com\/santiago-carlos-oves\/"},"modified":"2023-05-21T13:11:49","modified_gmt":"2023-05-21T12:11:49","slug":"santiago-carlos-oves","status":"publish","type":"page","link":"https:\/\/martafluvia.com\/ca\/santiago-carlos-oves\/","title":{"rendered":"Santiago Carlos Oves"},"content":{"rendered":"\t\t<div data-elementor-type=\"wp-post\" data-elementor-id=\"1583\" class=\"elementor elementor-1583 elementor-1256\" data-elementor-post-type=\"page\">\n\t\t\t\t\t\t<section class=\"elementor-section elementor-top-section elementor-element elementor-element-4116e9b elementor-section-boxed elementor-section-height-default elementor-section-height-default\" data-id=\"4116e9b\" data-element_type=\"section\" data-e-type=\"section\">\n\t\t\t\t\t\t<div class=\"elementor-container elementor-column-gap-default\">\n\t\t\t\t\t<div class=\"elementor-column elementor-col-100 elementor-top-column elementor-element elementor-element-ec066e5\" data-id=\"ec066e5\" data-element_type=\"column\" data-e-type=\"column\">\n\t\t\t<div class=\"elementor-widget-wrap elementor-element-populated\">\n\t\t\t\t\t\t<div class=\"elementor-element elementor-element-d96bbdd elementor-widget elementor-widget-heading\" data-id=\"d96bbdd\" data-element_type=\"widget\" data-e-type=\"widget\" data-widget_type=\"heading.default\">\n\t\t\t\t<div class=\"elementor-widget-container\">\n\t\t\t\t\t<h2 class=\"elementor-heading-title elementor-size-default\">SANTIAGO CARLOS OVES<\/h2>\t\t\t\t<\/div>\n\t\t\t\t<\/div>\n\t\t\t\t<div class=\"elementor-element elementor-element-8dc3078 elementor-widget elementor-widget-image\" data-id=\"8dc3078\" data-element_type=\"widget\" data-e-type=\"widget\" data-widget_type=\"image.default\">\n\t\t\t\t<div class=\"elementor-widget-container\">\n\t\t\t\t\t\t\t\t\t\t\t\t\t\t\t<img decoding=\"async\" src=\"https:\/\/martafluvia.com\/wp-content\/uploads\/elementor\/thumbs\/oves-1-1-q6sg4y7cnfvhtq90w898ks3bv3yl7rdebpv5s47pc0.jpg\" title=\"oves-1.jpg\" alt=\"oves-1.jpg\" loading=\"lazy\" \/>\t\t\t\t\t\t\t\t\t\t\t\t\t\t\t<\/div>\n\t\t\t\t<\/div>\n\t\t\t\t<div class=\"elementor-element elementor-element-a466095 elementor-widget elementor-widget-text-editor\" data-id=\"a466095\" data-element_type=\"widget\" data-e-type=\"widget\" data-widget_type=\"text-editor.default\">\n\t\t\t\t<div class=\"elementor-widget-container\">\n\t\t\t\t\t\t\t\t\t<p style=\"font-weight: 400;\"><strong>SANTIAGO CARLOS OVES (Buenos Aires, 1941 \u2013 2010).\u00a0 <\/strong>Guionista i director de cinema argent\u00ed. Tamb\u00e9 \u00e9s autor de <strong><em>La dramaturgia audiovisual<\/em><\/strong>.<\/p><p style=\"font-weight: 400;\">\u00a0<\/p><p style=\"font-weight: 400;\">Als anys 60 va ser auxiliar de direcci\u00f3 i guionista d\u2019una desena de pel\u00b7l\u00edcules. El seu primer llargmetratge, <strong><em>Revancha de un amigo<\/em><\/strong> (1987), tracte d\u2019un antic militar, interpretat per Ricardo Dar\u00edn, que investiga la mort del seu millor amic. El segueixen altres pel\u00b7l\u00edcules com la com\u00e8dia dram\u00e0tica El verso (1996), que obt\u00e9 el premi Cercle pr\u00e9-comlombien d\u2019or XIII Festival de Bogot\u00e1 per el millor director i la millor pel\u00b7l\u00edcula, el thriller <strong><em>Asesinato a distancia<\/em><\/strong>(1998) i <strong><em>Gallito ciego<\/em><\/strong> (2001), que tracta de la situaci\u00f3 econ\u00f2mica i social d\u2019Argentina. En aquesta pel\u00b7l\u00edcula, l\u2019actor principal, Rodrigo de la Serna, obt\u00e9 el premi revelaci\u00f3 C\u00f3ndor de plata. Oves tamb\u00e9 dirigeix la s\u00e8rie <strong><em>El pr\u00edncipe azul<\/em><\/strong>al 1998, i al 2004 participa a la telenovel\u00b7la <strong><em>Cuentos Cl\u00e1sicos de Terror<\/em><\/strong>.<\/p><p style=\"font-weight: 400;\">\u00a0<\/p><p style=\"font-weight: 400;\">Al 2006 dirigeix <strong><em>Conversaciones con mam\u00e1<\/em><\/strong>, guanyadora de nombrosos premis internacionals, inclosos el premi del p\u00fablic i de la millor interpretaci\u00f3 femenina en el Festival de Biarritz, cinema i cultura d\u2019Am\u00e8rica llatina.<\/p><p style=\"font-weight: 400;\">\u00a0<\/p><p style=\"font-weight: 400;\">\u00a0<\/p><p style=\"font-weight: 400;\">CAT\u00c0LEG:<\/p><p style=\"font-weight: 400;\">\u00a0<\/p><table style=\"font-weight: 400;\"><tbody><tr><td width=\"142\"><p><strong>T\u00cdTOL<\/strong><\/p><\/td><td width=\"142\"><p><strong>G\u00c8NERE<\/strong><\/p><\/td><td width=\"142\"><p><strong>PERSONATGES MASCULINS<\/strong><\/p><\/td><td width=\"142\"><p><strong>PERSONATGES FEMENINS<\/strong><\/p><\/td><\/tr><tr><td width=\"142\"><p><em>Conversaciones con mam\u00e1<\/em><\/p><\/td><td width=\"142\"><p>Com\u00e8dia dram\u00e0tica<\/p><\/td><td width=\"142\"><p>1<\/p><\/td><td width=\"142\"><p>1<\/p><\/td><\/tr><\/tbody><\/table>\t\t\t\t\t\t\t\t<\/div>\n\t\t\t\t<\/div>\n\t\t\t\t\t<\/div>\n\t\t<\/div>\n\t\t\t\t\t<\/div>\n\t\t<\/section>\n\t\t\t\t<section class=\"elementor-section elementor-top-section elementor-element elementor-element-3c95514 elementor-section-boxed elementor-section-height-default elementor-section-height-default\" data-id=\"3c95514\" data-element_type=\"section\" data-e-type=\"section\">\n\t\t\t\t\t\t<div class=\"elementor-container elementor-column-gap-default\">\n\t\t\t\t\t<div class=\"elementor-column elementor-col-100 elementor-top-column elementor-element elementor-element-86c4af6\" data-id=\"86c4af6\" data-element_type=\"column\" data-e-type=\"column\">\n\t\t\t<div class=\"elementor-widget-wrap elementor-element-populated\">\n\t\t\t\t\t\t<div class=\"elementor-element elementor-element-eb6e26b elementor-widget-divider--view-line elementor-widget elementor-widget-divider\" data-id=\"eb6e26b\" data-element_type=\"widget\" data-e-type=\"widget\" data-widget_type=\"divider.default\">\n\t\t\t\t<div class=\"elementor-widget-container\">\n\t\t\t\t\t\t\t<div class=\"elementor-divider\">\n\t\t\t<span class=\"elementor-divider-separator\">\n\t\t\t\t\t\t<\/span>\n\t\t<\/div>\n\t\t\t\t\t\t<\/div>\n\t\t\t\t<\/div>\n\t\t\t\t<div class=\"elementor-element elementor-element-da4e103 elementor-widget elementor-widget-text-editor\" data-id=\"da4e103\" data-element_type=\"widget\" data-e-type=\"widget\" data-widget_type=\"text-editor.default\">\n\t\t\t\t<div class=\"elementor-widget-container\">\n\t\t\t\t\t\t\t\t\t<div class=\"elementor-element elementor-element-b6f9d45 elementor-widget elementor-widget-text-editor\" data-id=\"b6f9d45\" data-element_type=\"text-editor.default\"><div class=\"elementor-widget-container\"><div class=\"elementor-text-editor elementor-clearfix\"><p style=\"text-align: center;\">Solicitar drets de representaci\u00f3:<\/p><\/div><\/div><\/div>\t\t\t\t\t\t\t\t<\/div>\n\t\t\t\t<\/div>\n\t\t\t\t<section class=\"elementor-section elementor-inner-section elementor-element elementor-element-bdb567a elementor-section-boxed elementor-section-height-default elementor-section-height-default\" data-id=\"bdb567a\" data-element_type=\"section\" data-e-type=\"section\">\n\t\t\t\t\t\t<div class=\"elementor-container elementor-column-gap-default\">\n\t\t\t\t\t<div class=\"elementor-column elementor-col-50 elementor-inner-column elementor-element elementor-element-74e91a5\" data-id=\"74e91a5\" data-element_type=\"column\" data-e-type=\"column\">\n\t\t\t<div class=\"elementor-widget-wrap elementor-element-populated\">\n\t\t\t\t\t\t<div class=\"elementor-element elementor-element-0e225b2 elementor-button-info elementor-align-center elementor-widget elementor-widget-button\" data-id=\"0e225b2\" data-element_type=\"widget\" data-e-type=\"widget\" data-widget_type=\"button.default\">\n\t\t\t\t<div class=\"elementor-widget-container\">\n\t\t\t\t\t\t\t\t\t<div class=\"elementor-button-wrapper\">\n\t\t\t\t\t<a class=\"elementor-button elementor-button-link elementor-size-md\" href=\"\/licencia-amateur\">\n\t\t\t\t\t\t<span class=\"elementor-button-content-wrapper\">\n\t\t\t\t\t\t\t\t\t<span class=\"elementor-button-text\">Amateur: Solicitud de drets<\/span>\n\t\t\t\t\t<\/span>\n\t\t\t\t\t<\/a>\n\t\t\t\t<\/div>\n\t\t\t\t\t\t\t\t<\/div>\n\t\t\t\t<\/div>\n\t\t\t\t\t<\/div>\n\t\t<\/div>\n\t\t\t\t<div class=\"elementor-column elementor-col-50 elementor-inner-column elementor-element elementor-element-efb7881\" data-id=\"efb7881\" data-element_type=\"column\" data-e-type=\"column\">\n\t\t\t<div class=\"elementor-widget-wrap elementor-element-populated\">\n\t\t\t\t\t\t<div class=\"elementor-element elementor-element-3999e79 elementor-button-info elementor-align-center elementor-widget elementor-widget-button\" data-id=\"3999e79\" data-element_type=\"widget\" data-e-type=\"widget\" data-widget_type=\"button.default\">\n\t\t\t\t<div class=\"elementor-widget-container\">\n\t\t\t\t\t\t\t\t\t<div class=\"elementor-button-wrapper\">\n\t\t\t\t\t<a class=\"elementor-button elementor-button-link elementor-size-md\" href=\"\/solicitud\">\n\t\t\t\t\t\t<span class=\"elementor-button-content-wrapper\">\n\t\t\t\t\t\t\t\t\t<span class=\"elementor-button-text\">Professional: Solicitud de drets<\/span>\n\t\t\t\t\t<\/span>\n\t\t\t\t\t<\/a>\n\t\t\t\t<\/div>\n\t\t\t\t\t\t\t\t<\/div>\n\t\t\t\t<\/div>\n\t\t\t\t\t<\/div>\n\t\t<\/div>\n\t\t\t\t\t<\/div>\n\t\t<\/section>\n\t\t\t\t<div class=\"elementor-element elementor-element-5c95023 elementor-widget elementor-widget-spacer\" data-id=\"5c95023\" data-element_type=\"widget\" data-e-type=\"widget\" data-widget_type=\"spacer.default\">\n\t\t\t\t<div class=\"elementor-widget-container\">\n\t\t\t\t\t\t\t<div class=\"elementor-spacer\">\n\t\t\t<div class=\"elementor-spacer-inner\"><\/div>\n\t\t<\/div>\n\t\t\t\t\t\t<\/div>\n\t\t\t\t<\/div>\n\t\t\t\t\t<\/div>\n\t\t<\/div>\n\t\t\t\t\t<\/div>\n\t\t<\/section>\n\t\t\t\t<\/div>\n\t\t","protected":false},"excerpt":{"rendered":"<p>SANTIAGO CARLOS OVES SANTIAGO CARLOS OVES (Buenos Aires, 1941 \u2013 2010).\u00a0 Guionista i director de cinema argent\u00ed. Tamb\u00e9 \u00e9s autor de La dramaturgia audiovisual. \u00a0 Als anys 60 va ser auxiliar de direcci\u00f3 i guionista d\u2019una desena de pel\u00b7l\u00edcules. El seu primer llargmetratge, Revancha de un amigo (1987), tracte d\u2019un antic militar, interpretat per Ricardo &#8230; <a title=\"Santiago Carlos Oves\" class=\"read-more\" href=\"https:\/\/martafluvia.com\/ca\/santiago-carlos-oves\/\">Llegiu m\u00e9s<\/a><\/p>\n","protected":false},"author":1,"featured_media":0,"parent":0,"menu_order":0,"comment_status":"closed","ping_status":"closed","template":"elementor_header_footer","meta":{"footnotes":""},"class_list":["post-1583","page","type-page","status-publish"],"yoast_head":"<!-- This site is optimized with the Yoast SEO plugin v27.4 - https:\/\/yoast.com\/product\/yoast-seo-wordpress\/ -->\n<title>Santiago Carlos Oves - Marta Fluvi\u00e0<\/title>\n<meta name=\"description\" content=\"Conegui al nostre autor Santiago Carlos Oves. Solicita tus derechos de representaci\u00f3n para alguna de sus obras mediante nuestro formulario.\" \/>\n<meta name=\"robots\" content=\"index, follow, max-snippet:-1, max-image-preview:large, max-video-preview:-1\" \/>\n<link rel=\"canonical\" href=\"https:\/\/martafluvia.com\/ca\/santiago-carlos-oves\/\" \/>\n<meta property=\"og:locale\" content=\"ca_ES\" \/>\n<meta property=\"og:type\" content=\"article\" \/>\n<meta property=\"og:title\" content=\"Santiago Carlos Oves - Marta Fluvi\u00e0\" \/>\n<meta property=\"og:description\" content=\"Conegui al nostre autor Santiago Carlos Oves. Solicita tus derechos de representaci\u00f3n para alguna de sus obras mediante nuestro formulario.\" \/>\n<meta property=\"og:url\" content=\"https:\/\/martafluvia.com\/ca\/santiago-carlos-oves\/\" \/>\n<meta property=\"og:site_name\" content=\"Marta Fluvi\u00e0\" \/>\n<meta property=\"article:publisher\" content=\"https:\/\/www.facebook.com\/martafluviaagency\/\" \/>\n<meta property=\"article:modified_time\" content=\"2023-05-21T12:11:49+00:00\" \/>\n<meta property=\"og:image\" content=\"https:\/\/martafluvia.com\/wp-content\/uploads\/elementor\/thumbs\/oves-1-1-q6sg4y7cnfvhtq90w898ks3bv3yl7rdebpv5s47pc0.jpg\" \/>\n<meta name=\"twitter:card\" content=\"summary_large_image\" \/>\n<meta name=\"twitter:label1\" content=\"Temps estimat de lectura\" \/>\n\t<meta name=\"twitter:data1\" content=\"2 minuts\" \/>\n<script type=\"application\/ld+json\" class=\"yoast-schema-graph\">{\"@context\":\"https:\\\/\\\/schema.org\",\"@graph\":[{\"@type\":\"WebPage\",\"@id\":\"https:\\\/\\\/martafluvia.com\\\/ca\\\/santiago-carlos-oves\\\/\",\"url\":\"https:\\\/\\\/martafluvia.com\\\/ca\\\/santiago-carlos-oves\\\/\",\"name\":\"Santiago Carlos Oves - Marta Fluvi\u00e0\",\"isPartOf\":{\"@id\":\"https:\\\/\\\/martafluvia.com\\\/en\\\/#website\"},\"primaryImageOfPage\":{\"@id\":\"https:\\\/\\\/martafluvia.com\\\/ca\\\/santiago-carlos-oves\\\/#primaryimage\"},\"image\":{\"@id\":\"https:\\\/\\\/martafluvia.com\\\/ca\\\/santiago-carlos-oves\\\/#primaryimage\"},\"thumbnailUrl\":\"https:\\\/\\\/martafluvia.com\\\/wp-content\\\/uploads\\\/elementor\\\/thumbs\\\/oves-1-1-q6sg4y7cnfvhtq90w898ks3bv3yl7rdebpv5s47pc0.jpg\",\"datePublished\":\"2018-12-23T22:26:45+00:00\",\"dateModified\":\"2023-05-21T12:11:49+00:00\",\"description\":\"Conegui al nostre autor Santiago Carlos Oves. Solicita tus derechos de representaci\u00f3n para alguna de sus obras mediante nuestro formulario.\",\"breadcrumb\":{\"@id\":\"https:\\\/\\\/martafluvia.com\\\/ca\\\/santiago-carlos-oves\\\/#breadcrumb\"},\"inLanguage\":\"ca\",\"potentialAction\":[{\"@type\":\"ReadAction\",\"target\":[\"https:\\\/\\\/martafluvia.com\\\/ca\\\/santiago-carlos-oves\\\/\"]}]},{\"@type\":\"ImageObject\",\"inLanguage\":\"ca\",\"@id\":\"https:\\\/\\\/martafluvia.com\\\/ca\\\/santiago-carlos-oves\\\/#primaryimage\",\"url\":\"https:\\\/\\\/martafluvia.com\\\/wp-content\\\/uploads\\\/elementor\\\/thumbs\\\/oves-1-1-q6sg4y7cnfvhtq90w898ks3bv3yl7rdebpv5s47pc0.jpg\",\"contentUrl\":\"https:\\\/\\\/martafluvia.com\\\/wp-content\\\/uploads\\\/elementor\\\/thumbs\\\/oves-1-1-q6sg4y7cnfvhtq90w898ks3bv3yl7rdebpv5s47pc0.jpg\"},{\"@type\":\"BreadcrumbList\",\"@id\":\"https:\\\/\\\/martafluvia.com\\\/ca\\\/santiago-carlos-oves\\\/#breadcrumb\",\"itemListElement\":[{\"@type\":\"ListItem\",\"position\":1,\"name\":\"Portada\",\"item\":\"https:\\\/\\\/martafluvia.com\\\/ca\\\/\"},{\"@type\":\"ListItem\",\"position\":2,\"name\":\"Santiago Carlos Oves\"}]},{\"@type\":\"WebSite\",\"@id\":\"https:\\\/\\\/martafluvia.com\\\/en\\\/#website\",\"url\":\"https:\\\/\\\/martafluvia.com\\\/en\\\/\",\"name\":\"Marta Fluvi\u00e0\",\"description\":\"Theatrical Literary Agency\",\"publisher\":{\"@id\":\"https:\\\/\\\/martafluvia.com\\\/en\\\/#organization\"},\"potentialAction\":[{\"@type\":\"SearchAction\",\"target\":{\"@type\":\"EntryPoint\",\"urlTemplate\":\"https:\\\/\\\/martafluvia.com\\\/en\\\/?s={search_term_string}\"},\"query-input\":{\"@type\":\"PropertyValueSpecification\",\"valueRequired\":true,\"valueName\":\"search_term_string\"}}],\"inLanguage\":\"ca\"},{\"@type\":\"Organization\",\"@id\":\"https:\\\/\\\/martafluvia.com\\\/en\\\/#organization\",\"name\":\"Marta Fluvi\u00e0 Agency\",\"url\":\"https:\\\/\\\/martafluvia.com\\\/en\\\/\",\"logo\":{\"@type\":\"ImageObject\",\"inLanguage\":\"ca\",\"@id\":\"https:\\\/\\\/martafluvia.com\\\/en\\\/#\\\/schema\\\/logo\\\/image\\\/\",\"url\":\"https:\\\/\\\/martafluvia.com\\\/wp-content\\\/uploads\\\/2017\\\/12\\\/logo-marta-english-1.jpg\",\"contentUrl\":\"https:\\\/\\\/martafluvia.com\\\/wp-content\\\/uploads\\\/2017\\\/12\\\/logo-marta-english-1.jpg\",\"width\":2118,\"height\":783,\"caption\":\"Marta Fluvi\u00e0 Agency\"},\"image\":{\"@id\":\"https:\\\/\\\/martafluvia.com\\\/en\\\/#\\\/schema\\\/logo\\\/image\\\/\"},\"sameAs\":[\"https:\\\/\\\/www.facebook.com\\\/martafluviaagency\\\/\"]}]}<\/script>\n<!-- \/ Yoast SEO plugin. -->","yoast_head_json":{"title":"Santiago Carlos Oves - Marta Fluvi\u00e0","description":"Conegui al nostre autor Santiago Carlos Oves. Solicita tus derechos de representaci\u00f3n para alguna de sus obras mediante nuestro formulario.","robots":{"index":"index","follow":"follow","max-snippet":"max-snippet:-1","max-image-preview":"max-image-preview:large","max-video-preview":"max-video-preview:-1"},"canonical":"https:\/\/martafluvia.com\/ca\/santiago-carlos-oves\/","og_locale":"ca_ES","og_type":"article","og_title":"Santiago Carlos Oves - Marta Fluvi\u00e0","og_description":"Conegui al nostre autor Santiago Carlos Oves. Solicita tus derechos de representaci\u00f3n para alguna de sus obras mediante nuestro formulario.","og_url":"https:\/\/martafluvia.com\/ca\/santiago-carlos-oves\/","og_site_name":"Marta Fluvi\u00e0","article_publisher":"https:\/\/www.facebook.com\/martafluviaagency\/","article_modified_time":"2023-05-21T12:11:49+00:00","og_image":[{"url":"https:\/\/martafluvia.com\/wp-content\/uploads\/elementor\/thumbs\/oves-1-1-q6sg4y7cnfvhtq90w898ks3bv3yl7rdebpv5s47pc0.jpg","type":"","width":"","height":""}],"twitter_card":"summary_large_image","twitter_misc":{"Temps estimat de lectura":"2 minuts"},"schema":{"@context":"https:\/\/schema.org","@graph":[{"@type":"WebPage","@id":"https:\/\/martafluvia.com\/ca\/santiago-carlos-oves\/","url":"https:\/\/martafluvia.com\/ca\/santiago-carlos-oves\/","name":"Santiago Carlos Oves - Marta Fluvi\u00e0","isPartOf":{"@id":"https:\/\/martafluvia.com\/en\/#website"},"primaryImageOfPage":{"@id":"https:\/\/martafluvia.com\/ca\/santiago-carlos-oves\/#primaryimage"},"image":{"@id":"https:\/\/martafluvia.com\/ca\/santiago-carlos-oves\/#primaryimage"},"thumbnailUrl":"https:\/\/martafluvia.com\/wp-content\/uploads\/elementor\/thumbs\/oves-1-1-q6sg4y7cnfvhtq90w898ks3bv3yl7rdebpv5s47pc0.jpg","datePublished":"2018-12-23T22:26:45+00:00","dateModified":"2023-05-21T12:11:49+00:00","description":"Conegui al nostre autor Santiago Carlos Oves. Solicita tus derechos de representaci\u00f3n para alguna de sus obras mediante nuestro formulario.","breadcrumb":{"@id":"https:\/\/martafluvia.com\/ca\/santiago-carlos-oves\/#breadcrumb"},"inLanguage":"ca","potentialAction":[{"@type":"ReadAction","target":["https:\/\/martafluvia.com\/ca\/santiago-carlos-oves\/"]}]},{"@type":"ImageObject","inLanguage":"ca","@id":"https:\/\/martafluvia.com\/ca\/santiago-carlos-oves\/#primaryimage","url":"https:\/\/martafluvia.com\/wp-content\/uploads\/elementor\/thumbs\/oves-1-1-q6sg4y7cnfvhtq90w898ks3bv3yl7rdebpv5s47pc0.jpg","contentUrl":"https:\/\/martafluvia.com\/wp-content\/uploads\/elementor\/thumbs\/oves-1-1-q6sg4y7cnfvhtq90w898ks3bv3yl7rdebpv5s47pc0.jpg"},{"@type":"BreadcrumbList","@id":"https:\/\/martafluvia.com\/ca\/santiago-carlos-oves\/#breadcrumb","itemListElement":[{"@type":"ListItem","position":1,"name":"Portada","item":"https:\/\/martafluvia.com\/ca\/"},{"@type":"ListItem","position":2,"name":"Santiago Carlos Oves"}]},{"@type":"WebSite","@id":"https:\/\/martafluvia.com\/en\/#website","url":"https:\/\/martafluvia.com\/en\/","name":"Marta Fluvi\u00e0","description":"Theatrical Literary Agency","publisher":{"@id":"https:\/\/martafluvia.com\/en\/#organization"},"potentialAction":[{"@type":"SearchAction","target":{"@type":"EntryPoint","urlTemplate":"https:\/\/martafluvia.com\/en\/?s={search_term_string}"},"query-input":{"@type":"PropertyValueSpecification","valueRequired":true,"valueName":"search_term_string"}}],"inLanguage":"ca"},{"@type":"Organization","@id":"https:\/\/martafluvia.com\/en\/#organization","name":"Marta Fluvi\u00e0 Agency","url":"https:\/\/martafluvia.com\/en\/","logo":{"@type":"ImageObject","inLanguage":"ca","@id":"https:\/\/martafluvia.com\/en\/#\/schema\/logo\/image\/","url":"https:\/\/martafluvia.com\/wp-content\/uploads\/2017\/12\/logo-marta-english-1.jpg","contentUrl":"https:\/\/martafluvia.com\/wp-content\/uploads\/2017\/12\/logo-marta-english-1.jpg","width":2118,"height":783,"caption":"Marta Fluvi\u00e0 Agency"},"image":{"@id":"https:\/\/martafluvia.com\/en\/#\/schema\/logo\/image\/"},"sameAs":["https:\/\/www.facebook.com\/martafluviaagency\/"]}]}},"_links":{"self":[{"href":"https:\/\/martafluvia.com\/ca\/wp-json\/wp\/v2\/pages\/1583","targetHints":{"allow":["GET"]}}],"collection":[{"href":"https:\/\/martafluvia.com\/ca\/wp-json\/wp\/v2\/pages"}],"about":[{"href":"https:\/\/martafluvia.com\/ca\/wp-json\/wp\/v2\/types\/page"}],"author":[{"embeddable":true,"href":"https:\/\/martafluvia.com\/ca\/wp-json\/wp\/v2\/users\/1"}],"replies":[{"embeddable":true,"href":"https:\/\/martafluvia.com\/ca\/wp-json\/wp\/v2\/comments?post=1583"}],"version-history":[{"count":4,"href":"https:\/\/martafluvia.com\/ca\/wp-json\/wp\/v2\/pages\/1583\/revisions"}],"predecessor-version":[{"id":17231,"href":"https:\/\/martafluvia.com\/ca\/wp-json\/wp\/v2\/pages\/1583\/revisions\/17231"}],"wp:attachment":[{"href":"https:\/\/martafluvia.com\/ca\/wp-json\/wp\/v2\/media?parent=1583"}],"curies":[{"name":"wp","href":"https:\/\/api.w.org\/{rel}","templated":true}]}}