{"id":1578,"date":"2018-12-23T22:24:40","date_gmt":"2018-12-23T22:24:40","guid":{"rendered":"http:\/\/martafluvia.com\/roc-esquius\/"},"modified":"2024-04-02T14:16:10","modified_gmt":"2024-04-02T13:16:10","slug":"roc-esquius","status":"publish","type":"page","link":"https:\/\/martafluvia.com\/ca\/roc-esquius\/","title":{"rendered":"Roc Esquius"},"content":{"rendered":"\t\t<div data-elementor-type=\"wp-post\" data-elementor-id=\"1578\" class=\"elementor elementor-1578 elementor-585\" data-elementor-post-type=\"page\">\n\t\t\t\t\t\t<section class=\"elementor-section elementor-top-section elementor-element elementor-element-8e3fc65 elementor-section-boxed elementor-section-height-default elementor-section-height-default\" data-id=\"8e3fc65\" data-element_type=\"section\" data-e-type=\"section\">\n\t\t\t\t\t\t<div class=\"elementor-container elementor-column-gap-default\">\n\t\t\t\t\t<div class=\"elementor-column elementor-col-100 elementor-top-column elementor-element elementor-element-497d97f\" data-id=\"497d97f\" data-element_type=\"column\" data-e-type=\"column\">\n\t\t\t<div class=\"elementor-widget-wrap elementor-element-populated\">\n\t\t\t\t\t\t<div class=\"elementor-element elementor-element-b5656b0 elementor-widget elementor-widget-heading\" data-id=\"b5656b0\" data-element_type=\"widget\" data-e-type=\"widget\" data-widget_type=\"heading.default\">\n\t\t\t\t<div class=\"elementor-widget-container\">\n\t\t\t\t\t<h2 class=\"elementor-heading-title elementor-size-default\">ROC ESQUIUS<\/h2>\t\t\t\t<\/div>\n\t\t\t\t<\/div>\n\t\t\t\t<div class=\"elementor-element elementor-element-b73a3ef elementor-widget elementor-widget-image\" data-id=\"b73a3ef\" data-element_type=\"widget\" data-e-type=\"widget\" data-widget_type=\"image.default\">\n\t\t\t\t<div class=\"elementor-widget-container\">\n\t\t\t\t\t\t\t\t\t\t\t\t\t\t\t<img fetchpriority=\"high\" decoding=\"async\" width=\"1920\" height=\"1282\" src=\"https:\/\/martafluvia.com\/wp-content\/uploads\/2023\/05\/foto_ROC_ESQUIUS-1.jpg\" class=\"attachment-full size-full wp-image-17435\" alt=\"\" srcset=\"https:\/\/martafluvia.com\/wp-content\/uploads\/2023\/05\/foto_ROC_ESQUIUS-1.jpg 1920w, https:\/\/martafluvia.com\/wp-content\/uploads\/2023\/05\/foto_ROC_ESQUIUS-1-300x200.jpg 300w, https:\/\/martafluvia.com\/wp-content\/uploads\/2023\/05\/foto_ROC_ESQUIUS-1-1024x684.jpg 1024w, https:\/\/martafluvia.com\/wp-content\/uploads\/2023\/05\/foto_ROC_ESQUIUS-1-768x513.jpg 768w, https:\/\/martafluvia.com\/wp-content\/uploads\/2023\/05\/foto_ROC_ESQUIUS-1-1536x1026.jpg 1536w, https:\/\/martafluvia.com\/wp-content\/uploads\/2023\/05\/foto_ROC_ESQUIUS-1-600x401.jpg 600w, https:\/\/martafluvia.com\/wp-content\/uploads\/2023\/05\/foto_ROC_ESQUIUS-1-64x43.jpg 64w\" sizes=\"(max-width: 1920px) 100vw, 1920px\" \/>\t\t\t\t\t\t\t\t\t\t\t\t\t\t\t<\/div>\n\t\t\t\t<\/div>\n\t\t\t\t<div class=\"elementor-element elementor-element-83be0e2 elementor-widget elementor-widget-text-editor\" data-id=\"83be0e2\" data-element_type=\"widget\" data-e-type=\"widget\" data-widget_type=\"text-editor.default\">\n\t\t\t\t<div class=\"elementor-widget-container\">\n\t\t\t\t\t\t\t\t\t<p style=\"font-weight: 400;\"><strong>ROC ESQUIUS (S\u00faria, 1982).<\/strong> Llicenciat en Enginyeria inform\u00e0tica a la UAB (2004) i en arts dram\u00e0tiques a l\u2019Estudi Nancy Tu\u00f1\u00f3n (2011), completa la seva formaci\u00f3 com autor a la Sala Beckett. Va treballar deu anys a Davantis, una start-up d\u2019Intel\u00b7lig\u00e8ncia Artificial abans de dedicar-se al teatre.<\/p>\n<p style=\"font-weight: 400;\">\n<\/p><p style=\"font-weight: 400;\">Entre les seves obres destaquen <strong><em>iMe <\/em><\/strong>(2014), <strong><em>El Catalon d\u2019una nit d\u2019estiu<\/em><\/strong> (2015), <strong><em>Mars Joan<\/em><\/strong> (2015), <strong><em>Els pastorets de la Martina<\/em><\/strong> (2016), <strong><em>Claqu\u00e9 o no<\/em><\/strong> (2017), <strong><em>S\u00e0piens<\/em><\/strong> (2017), <strong><em>ELI<\/em><\/strong> (2018), <strong><em>Likes<\/em><\/strong> (2018), <strong><em>L\u2019Altre<\/em><\/strong>(2019), <strong><em>Angle Mort<\/em><\/strong> (escrita amb Sergi Belbel, 2020), <strong><em>Els Pastorets de casa nostra<\/em><\/strong> (2020) i <strong><em>Els Rapinyaires<\/em><\/strong>(2022).<\/p>\n<p style=\"font-weight: 400;\">\n<\/p><p style=\"font-weight: 400;\">Les seves obres han comptat amb la direcci\u00f3 de Sergi Belbel, Antonio Calvo, Llu\u00eds El\u00edas, Nelson Valente i ell mateix. Ha dirigit muntatges teatrals d\u2019altres autories i \u00e9s creador i guionista de ficcions audiovisuals.<\/p>\n<p style=\"font-weight: 400;\">\n<\/p><p style=\"font-weight: 400;\">L\u2019autor combina la dramat\u00fargia i la direcci\u00f3 amb la interpretaci\u00f3, tant de teatre, com d\u2019audiovisual, i tamb\u00e9 amb la formaci\u00f3 pedag\u00f2gica, com a professor regular de muntatge teatral, d\u2019interpretaci\u00f3 i de dramat\u00fargia. Tamb\u00e9 duu el seu propi espai d\u2019investigaci\u00f3 teatral.<\/p>\n<p style=\"font-weight: 400;\">\n<\/p><p style=\"font-weight: 400;\">\n<\/p><p style=\"font-weight: 400;\">\n<\/p><p style=\"font-weight: 400;\">CAT\u00c0LEG:<\/p>\n<table style=\"font-weight: 400;\">\n<tbody>\n<tr>\n<td width=\"132\">\n<p><strong>T\u00cdTOL<\/strong><\/p>\n<\/td>\n<td width=\"123\">\n<p><strong>G\u00c8NERE<\/strong><\/p>\n<\/td>\n<td width=\"142\">\n<p><strong>PERSONATGES MASCULINS<\/strong><\/p>\n<\/td>\n<td width=\"142\">\n<p><strong>PERSONATGES FEMENINS<\/strong><\/p>\n<\/td>\n<\/tr>\n<tr>\n<td width=\"132\">\n<p><a href=\"https:\/\/martafluvia.com\/ca\/roc-esquius\/i-me\/\" target=\"_blank\">iMe<\/a><br><\/p>\n<p><em>&nbsp;<\/em><\/p>\n<\/td>\n<td width=\"123\">\n<p>Com\u00e8dia<\/p>\n<\/td>\n<td width=\"142\">\n<p>2<\/p>\n<\/td>\n<td width=\"142\">\n<p>2<\/p>\n<\/td>\n<\/tr>\n<tr>\n<td width=\"132\">\n<p><a href=\"https:\/\/martafluvia.com\/ca\/roc-esquius\/el-catalon-d-una-nit-d-estiu\/\" target=\"_blank\">El Catalon d\u2019una nit d\u2019estiu<\/a><br><\/p>\n<p><em>&nbsp;<\/em><\/p>\n<\/td>\n<td width=\"123\">\n<p>Com\u00e8dia (pe\u00e7a de 15\u2019)<\/p>\n<\/td>\n<td width=\"142\">\n<p>2<\/p>\n<\/td>\n<td width=\"142\">\n<p>2<\/p>\n<\/td>\n<\/tr>\n<tr>\n<td width=\"132\">\n<p><a href=\"https:\/\/martafluvia.com\/ca\/roc-esquius\/mars-joan\/\" target=\"_blank\">Mars Joan<\/a><br><\/p>\n<p><em>&nbsp;<\/em><\/p>\n<\/td>\n<td width=\"123\">\n<p>Com\u00e8dia<\/p>\n<\/td>\n<td width=\"142\">\n<p>2<\/p>\n<\/td>\n<td width=\"142\">\n<p>2<\/p>\n<\/td>\n<\/tr>\n<tr>\n<td width=\"132\">\n<p><a href=\"https:\/\/martafluvia.com\/ca\/roc-esquius\/claque-o-no\/\" target=\"_blank\">Claqu\u00e9 o no<\/a><br><\/p>\n<p><em>&nbsp;<\/em><\/p>\n<\/td>\n<td width=\"123\">\n<p>Com\u00e8dia<\/p>\n<\/td>\n<td width=\"142\">\n<p>1<\/p>\n<\/td>\n<td width=\"142\">\n<p>1<\/p>\n<\/td>\n<\/tr>\n<tr>\n<td width=\"132\">\n<p><a href=\"https:\/\/martafluvia.com\/ca\/roc-esquius\/sapiens\/\" target=\"_blank\">S\u00e0piens<\/a><br><\/p>\n<p><em>&nbsp;<\/em><\/p>\n<\/td>\n<td width=\"123\">\n<p>Com\u00e8dia<\/p>\n<\/td>\n<td width=\"142\">\n<p>1<\/p>\n<\/td>\n<td width=\"142\">\n<p>1<\/p>\n<\/td>\n<\/tr>\n<tr>\n<td width=\"132\">\n<p><a href=\"https:\/\/martafluvia.com\/ca\/roc-esquius\/els-pastorets-de-la-martina\/\" target=\"_blank\">Els Pastorets de la Martina<\/a><br><\/p>\n<p><em>&nbsp;<\/em><\/p>\n<\/td>\n<td width=\"123\">\n<p>Musical familiar<\/p>\n<\/td>\n<td width=\"142\">\n<p>2<\/p>\n<\/td>\n<td width=\"142\">\n<p>1<\/p>\n<\/td>\n<\/tr>\n<tr>\n<td width=\"132\">\n<p><a href=\"https:\/\/martafluvia.com\/ca\/roc-esquius\/eli\/\" target=\"_blank\">ELI<\/a><br><\/p>\n<p><em>&nbsp;<\/em><\/p>\n<\/td>\n<td width=\"123\">\n<p>Drama<\/p>\n<\/td>\n<td width=\"142\">\n<p>2<\/p>\n<\/td>\n<td width=\"142\">\n<\/td>\n<\/tr>\n<tr>\n<td width=\"132\">\n<p><a href=\"https:\/\/martafluvia.com\/ca\/roc-esquius\/likes\/\" target=\"_blank\">Likes<\/a><br><\/p>\n<p><em>&nbsp;<\/em><\/p>\n<\/td>\n<td width=\"123\">\n<p>Com\u00e8dia<\/p>\n<\/td>\n<td width=\"142\">\n<p>2<\/p>\n<\/td>\n<td width=\"142\">\n<p>2&nbsp;&nbsp;&nbsp;&nbsp;&nbsp;&nbsp;&nbsp;&nbsp;&nbsp;&nbsp;&nbsp;&nbsp;&nbsp;<\/p>\n<\/td>\n<\/tr>\n<tr>\n<td width=\"132\">\n<p><a href=\"https:\/\/martafluvia.com\/ca\/roc-esquius\/l-altre\/\" target=\"_blank\">L\u2019Altre<\/a><br><\/p>\n<p><em>&nbsp;<\/em><\/p>\n<\/td>\n<td width=\"123\">\n<p>Com\u00e8dia<\/p>\n<\/td>\n<td width=\"142\">\n<p>2<\/p>\n<\/td>\n<td width=\"142\">\n<\/td>\n<\/tr>\n<tr>\n<td width=\"132\">\n<p><a href=\"https:\/\/martafluvia.com\/ca\/roc-esquius\/els-rapinyaires\/\" target=\"_blank\">Els rapinyaires<\/a><br><\/p>\n<p><em>&nbsp;<\/em><\/p>\n<\/td>\n<td width=\"123\">\n<p>Com\u00e8dia<\/p>\n<\/td>\n<td width=\"142\">\n<p>2<\/p>\n<\/td>\n<td width=\"142\">\n<p>2<\/p>\n<\/td>\n<\/tr>\n<\/tbody>\n<\/table>\t\t\t\t\t\t\t\t<\/div>\n\t\t\t\t<\/div>\n\t\t\t\t\t<\/div>\n\t\t<\/div>\n\t\t\t\t\t<\/div>\n\t\t<\/section>\n\t\t\t\t<section class=\"elementor-section elementor-top-section elementor-element elementor-element-c9f410f elementor-section-boxed elementor-section-height-default elementor-section-height-default\" data-id=\"c9f410f\" data-element_type=\"section\" data-e-type=\"section\">\n\t\t\t\t\t\t<div class=\"elementor-container elementor-column-gap-default\">\n\t\t\t\t\t<div class=\"elementor-column elementor-col-100 elementor-top-column elementor-element elementor-element-94db68e\" data-id=\"94db68e\" data-element_type=\"column\" data-e-type=\"column\">\n\t\t\t<div class=\"elementor-widget-wrap elementor-element-populated\">\n\t\t\t\t\t\t<div class=\"elementor-element elementor-element-49303b0 elementor-widget-divider--view-line elementor-widget elementor-widget-divider\" data-id=\"49303b0\" data-element_type=\"widget\" data-e-type=\"widget\" data-widget_type=\"divider.default\">\n\t\t\t\t<div class=\"elementor-widget-container\">\n\t\t\t\t\t\t\t<div class=\"elementor-divider\">\n\t\t\t<span class=\"elementor-divider-separator\">\n\t\t\t\t\t\t<\/span>\n\t\t<\/div>\n\t\t\t\t\t\t<\/div>\n\t\t\t\t<\/div>\n\t\t\t\t<div class=\"elementor-element elementor-element-fe3c8e0 elementor-widget elementor-widget-text-editor\" data-id=\"fe3c8e0\" data-element_type=\"widget\" data-e-type=\"widget\" data-widget_type=\"text-editor.default\">\n\t\t\t\t<div class=\"elementor-widget-container\">\n\t\t\t\t\t\t\t\t\t<div class=\"elementor-element elementor-element-b6f9d45 elementor-widget elementor-widget-text-editor\" data-id=\"b6f9d45\" data-element_type=\"text-editor.default\"><div class=\"elementor-widget-container\"><div class=\"elementor-text-editor elementor-clearfix\"><p style=\"text-align: center;\">Solicitar drets de representaci\u00f3:<\/p><\/div><\/div><\/div>\t\t\t\t\t\t\t\t<\/div>\n\t\t\t\t<\/div>\n\t\t\t\t<section class=\"elementor-section elementor-inner-section elementor-element elementor-element-93858ec elementor-section-boxed elementor-section-height-default elementor-section-height-default\" data-id=\"93858ec\" data-element_type=\"section\" data-e-type=\"section\">\n\t\t\t\t\t\t<div class=\"elementor-container elementor-column-gap-default\">\n\t\t\t\t\t<div class=\"elementor-column elementor-col-50 elementor-inner-column elementor-element elementor-element-94297b1\" data-id=\"94297b1\" data-element_type=\"column\" data-e-type=\"column\">\n\t\t\t<div class=\"elementor-widget-wrap elementor-element-populated\">\n\t\t\t\t\t\t<div class=\"elementor-element elementor-element-9f28657 elementor-button-info elementor-align-center elementor-widget elementor-widget-button\" data-id=\"9f28657\" data-element_type=\"widget\" data-e-type=\"widget\" data-widget_type=\"button.default\">\n\t\t\t\t<div class=\"elementor-widget-container\">\n\t\t\t\t\t\t\t\t\t<div class=\"elementor-button-wrapper\">\n\t\t\t\t\t<a class=\"elementor-button elementor-button-link elementor-size-md\" href=\"\/licencia-amateur\">\n\t\t\t\t\t\t<span class=\"elementor-button-content-wrapper\">\n\t\t\t\t\t\t\t\t\t<span class=\"elementor-button-text\">Amateur: Solicitud de drets<\/span>\n\t\t\t\t\t<\/span>\n\t\t\t\t\t<\/a>\n\t\t\t\t<\/div>\n\t\t\t\t\t\t\t\t<\/div>\n\t\t\t\t<\/div>\n\t\t\t\t\t<\/div>\n\t\t<\/div>\n\t\t\t\t<div class=\"elementor-column elementor-col-50 elementor-inner-column elementor-element elementor-element-ea08385\" data-id=\"ea08385\" data-element_type=\"column\" data-e-type=\"column\">\n\t\t\t<div class=\"elementor-widget-wrap elementor-element-populated\">\n\t\t\t\t\t\t<div class=\"elementor-element elementor-element-fd17ef3 elementor-button-info elementor-align-center elementor-widget elementor-widget-button\" data-id=\"fd17ef3\" data-element_type=\"widget\" data-e-type=\"widget\" data-widget_type=\"button.default\">\n\t\t\t\t<div class=\"elementor-widget-container\">\n\t\t\t\t\t\t\t\t\t<div class=\"elementor-button-wrapper\">\n\t\t\t\t\t<a class=\"elementor-button elementor-button-link elementor-size-md\" href=\"\/solicitud\">\n\t\t\t\t\t\t<span class=\"elementor-button-content-wrapper\">\n\t\t\t\t\t\t\t\t\t<span class=\"elementor-button-text\">Professional: Solicitud de drets<\/span>\n\t\t\t\t\t<\/span>\n\t\t\t\t\t<\/a>\n\t\t\t\t<\/div>\n\t\t\t\t\t\t\t\t<\/div>\n\t\t\t\t<\/div>\n\t\t\t\t\t<\/div>\n\t\t<\/div>\n\t\t\t\t\t<\/div>\n\t\t<\/section>\n\t\t\t\t<div class=\"elementor-element elementor-element-eae5170 elementor-widget elementor-widget-spacer\" data-id=\"eae5170\" data-element_type=\"widget\" data-e-type=\"widget\" data-widget_type=\"spacer.default\">\n\t\t\t\t<div class=\"elementor-widget-container\">\n\t\t\t\t\t\t\t<div class=\"elementor-spacer\">\n\t\t\t<div class=\"elementor-spacer-inner\"><\/div>\n\t\t<\/div>\n\t\t\t\t\t\t<\/div>\n\t\t\t\t<\/div>\n\t\t\t\t\t<\/div>\n\t\t<\/div>\n\t\t\t\t\t<\/div>\n\t\t<\/section>\n\t\t\t\t<\/div>\n\t\t","protected":false},"excerpt":{"rendered":"<p>ROC ESQUIUS ROC ESQUIUS (S\u00faria, 1982). Llicenciat en Enginyeria inform\u00e0tica a la UAB (2004) i en arts dram\u00e0tiques a l\u2019Estudi Nancy Tu\u00f1\u00f3n (2011), completa la seva formaci\u00f3 com autor a la Sala Beckett. Va treballar deu anys a Davantis, una start-up d\u2019Intel\u00b7lig\u00e8ncia Artificial abans de dedicar-se al teatre. Entre les seves obres destaquen iMe (2014), &#8230; <a title=\"Roc Esquius\" class=\"read-more\" href=\"https:\/\/martafluvia.com\/ca\/roc-esquius\/\">Llegiu m\u00e9s<\/a><\/p>\n","protected":false},"author":1,"featured_media":0,"parent":0,"menu_order":0,"comment_status":"closed","ping_status":"closed","template":"elementor_header_footer","meta":{"footnotes":""},"class_list":["post-1578","page","type-page","status-publish"],"yoast_head":"<!-- This site is optimized with the Yoast SEO plugin v27.4 - https:\/\/yoast.com\/product\/yoast-seo-wordpress\/ -->\n<title>Roc Esquius - Marta Fluvi\u00e0<\/title>\n<meta name=\"description\" content=\"Conegui al nostre autor Roc Esquius. Solicita tus derechos de representaci\u00f3n para alguna de sus obras mediante nuestro formulario.\" \/>\n<meta name=\"robots\" content=\"index, follow, max-snippet:-1, max-image-preview:large, max-video-preview:-1\" \/>\n<link rel=\"canonical\" href=\"https:\/\/martafluvia.com\/ca\/roc-esquius\/\" \/>\n<meta property=\"og:locale\" content=\"ca_ES\" \/>\n<meta property=\"og:type\" content=\"article\" \/>\n<meta property=\"og:title\" content=\"Roc Esquius - Marta Fluvi\u00e0\" \/>\n<meta property=\"og:description\" content=\"Conegui al nostre autor Roc Esquius. Solicita tus derechos de representaci\u00f3n para alguna de sus obras mediante nuestro formulario.\" \/>\n<meta property=\"og:url\" content=\"https:\/\/martafluvia.com\/ca\/roc-esquius\/\" \/>\n<meta property=\"og:site_name\" content=\"Marta Fluvi\u00e0\" \/>\n<meta property=\"article:publisher\" content=\"https:\/\/www.facebook.com\/martafluviaagency\/\" \/>\n<meta property=\"article:modified_time\" content=\"2024-04-02T13:16:10+00:00\" \/>\n<meta property=\"og:image\" content=\"https:\/\/martafluvia.com\/wp-content\/uploads\/2023\/05\/foto_ROC_ESQUIUS-1.jpg\" \/>\n<meta name=\"twitter:card\" content=\"summary_large_image\" \/>\n<meta name=\"twitter:label1\" content=\"Temps estimat de lectura\" \/>\n\t<meta name=\"twitter:data1\" content=\"2 minuts\" \/>\n<script type=\"application\/ld+json\" class=\"yoast-schema-graph\">{\"@context\":\"https:\\\/\\\/schema.org\",\"@graph\":[{\"@type\":\"WebPage\",\"@id\":\"https:\\\/\\\/martafluvia.com\\\/ca\\\/roc-esquius\\\/\",\"url\":\"https:\\\/\\\/martafluvia.com\\\/ca\\\/roc-esquius\\\/\",\"name\":\"Roc Esquius - Marta Fluvi\u00e0\",\"isPartOf\":{\"@id\":\"https:\\\/\\\/martafluvia.com\\\/en\\\/#website\"},\"primaryImageOfPage\":{\"@id\":\"https:\\\/\\\/martafluvia.com\\\/ca\\\/roc-esquius\\\/#primaryimage\"},\"image\":{\"@id\":\"https:\\\/\\\/martafluvia.com\\\/ca\\\/roc-esquius\\\/#primaryimage\"},\"thumbnailUrl\":\"https:\\\/\\\/martafluvia.com\\\/wp-content\\\/uploads\\\/2023\\\/05\\\/foto_ROC_ESQUIUS-1.jpg\",\"datePublished\":\"2018-12-23T22:24:40+00:00\",\"dateModified\":\"2024-04-02T13:16:10+00:00\",\"description\":\"Conegui al nostre autor Roc Esquius. Solicita tus derechos de representaci\u00f3n para alguna de sus obras mediante nuestro formulario.\",\"breadcrumb\":{\"@id\":\"https:\\\/\\\/martafluvia.com\\\/ca\\\/roc-esquius\\\/#breadcrumb\"},\"inLanguage\":\"ca\",\"potentialAction\":[{\"@type\":\"ReadAction\",\"target\":[\"https:\\\/\\\/martafluvia.com\\\/ca\\\/roc-esquius\\\/\"]}]},{\"@type\":\"ImageObject\",\"inLanguage\":\"ca\",\"@id\":\"https:\\\/\\\/martafluvia.com\\\/ca\\\/roc-esquius\\\/#primaryimage\",\"url\":\"https:\\\/\\\/martafluvia.com\\\/wp-content\\\/uploads\\\/2023\\\/05\\\/foto_ROC_ESQUIUS-1.jpg\",\"contentUrl\":\"https:\\\/\\\/martafluvia.com\\\/wp-content\\\/uploads\\\/2023\\\/05\\\/foto_ROC_ESQUIUS-1.jpg\"},{\"@type\":\"BreadcrumbList\",\"@id\":\"https:\\\/\\\/martafluvia.com\\\/ca\\\/roc-esquius\\\/#breadcrumb\",\"itemListElement\":[{\"@type\":\"ListItem\",\"position\":1,\"name\":\"Portada\",\"item\":\"https:\\\/\\\/martafluvia.com\\\/ca\\\/\"},{\"@type\":\"ListItem\",\"position\":2,\"name\":\"Roc Esquius\"}]},{\"@type\":\"WebSite\",\"@id\":\"https:\\\/\\\/martafluvia.com\\\/en\\\/#website\",\"url\":\"https:\\\/\\\/martafluvia.com\\\/en\\\/\",\"name\":\"Marta Fluvi\u00e0\",\"description\":\"Theatrical Literary Agency\",\"publisher\":{\"@id\":\"https:\\\/\\\/martafluvia.com\\\/en\\\/#organization\"},\"potentialAction\":[{\"@type\":\"SearchAction\",\"target\":{\"@type\":\"EntryPoint\",\"urlTemplate\":\"https:\\\/\\\/martafluvia.com\\\/en\\\/?s={search_term_string}\"},\"query-input\":{\"@type\":\"PropertyValueSpecification\",\"valueRequired\":true,\"valueName\":\"search_term_string\"}}],\"inLanguage\":\"ca\"},{\"@type\":\"Organization\",\"@id\":\"https:\\\/\\\/martafluvia.com\\\/en\\\/#organization\",\"name\":\"Marta Fluvi\u00e0 Agency\",\"url\":\"https:\\\/\\\/martafluvia.com\\\/en\\\/\",\"logo\":{\"@type\":\"ImageObject\",\"inLanguage\":\"ca\",\"@id\":\"https:\\\/\\\/martafluvia.com\\\/en\\\/#\\\/schema\\\/logo\\\/image\\\/\",\"url\":\"https:\\\/\\\/martafluvia.com\\\/wp-content\\\/uploads\\\/2017\\\/12\\\/logo-marta-english-1.jpg\",\"contentUrl\":\"https:\\\/\\\/martafluvia.com\\\/wp-content\\\/uploads\\\/2017\\\/12\\\/logo-marta-english-1.jpg\",\"width\":2118,\"height\":783,\"caption\":\"Marta Fluvi\u00e0 Agency\"},\"image\":{\"@id\":\"https:\\\/\\\/martafluvia.com\\\/en\\\/#\\\/schema\\\/logo\\\/image\\\/\"},\"sameAs\":[\"https:\\\/\\\/www.facebook.com\\\/martafluviaagency\\\/\"]}]}<\/script>\n<!-- \/ Yoast SEO plugin. -->","yoast_head_json":{"title":"Roc Esquius - Marta Fluvi\u00e0","description":"Conegui al nostre autor Roc Esquius. Solicita tus derechos de representaci\u00f3n para alguna de sus obras mediante nuestro formulario.","robots":{"index":"index","follow":"follow","max-snippet":"max-snippet:-1","max-image-preview":"max-image-preview:large","max-video-preview":"max-video-preview:-1"},"canonical":"https:\/\/martafluvia.com\/ca\/roc-esquius\/","og_locale":"ca_ES","og_type":"article","og_title":"Roc Esquius - Marta Fluvi\u00e0","og_description":"Conegui al nostre autor Roc Esquius. Solicita tus derechos de representaci\u00f3n para alguna de sus obras mediante nuestro formulario.","og_url":"https:\/\/martafluvia.com\/ca\/roc-esquius\/","og_site_name":"Marta Fluvi\u00e0","article_publisher":"https:\/\/www.facebook.com\/martafluviaagency\/","article_modified_time":"2024-04-02T13:16:10+00:00","og_image":[{"url":"https:\/\/martafluvia.com\/wp-content\/uploads\/2023\/05\/foto_ROC_ESQUIUS-1.jpg","type":"","width":"","height":""}],"twitter_card":"summary_large_image","twitter_misc":{"Temps estimat de lectura":"2 minuts"},"schema":{"@context":"https:\/\/schema.org","@graph":[{"@type":"WebPage","@id":"https:\/\/martafluvia.com\/ca\/roc-esquius\/","url":"https:\/\/martafluvia.com\/ca\/roc-esquius\/","name":"Roc Esquius - Marta Fluvi\u00e0","isPartOf":{"@id":"https:\/\/martafluvia.com\/en\/#website"},"primaryImageOfPage":{"@id":"https:\/\/martafluvia.com\/ca\/roc-esquius\/#primaryimage"},"image":{"@id":"https:\/\/martafluvia.com\/ca\/roc-esquius\/#primaryimage"},"thumbnailUrl":"https:\/\/martafluvia.com\/wp-content\/uploads\/2023\/05\/foto_ROC_ESQUIUS-1.jpg","datePublished":"2018-12-23T22:24:40+00:00","dateModified":"2024-04-02T13:16:10+00:00","description":"Conegui al nostre autor Roc Esquius. Solicita tus derechos de representaci\u00f3n para alguna de sus obras mediante nuestro formulario.","breadcrumb":{"@id":"https:\/\/martafluvia.com\/ca\/roc-esquius\/#breadcrumb"},"inLanguage":"ca","potentialAction":[{"@type":"ReadAction","target":["https:\/\/martafluvia.com\/ca\/roc-esquius\/"]}]},{"@type":"ImageObject","inLanguage":"ca","@id":"https:\/\/martafluvia.com\/ca\/roc-esquius\/#primaryimage","url":"https:\/\/martafluvia.com\/wp-content\/uploads\/2023\/05\/foto_ROC_ESQUIUS-1.jpg","contentUrl":"https:\/\/martafluvia.com\/wp-content\/uploads\/2023\/05\/foto_ROC_ESQUIUS-1.jpg"},{"@type":"BreadcrumbList","@id":"https:\/\/martafluvia.com\/ca\/roc-esquius\/#breadcrumb","itemListElement":[{"@type":"ListItem","position":1,"name":"Portada","item":"https:\/\/martafluvia.com\/ca\/"},{"@type":"ListItem","position":2,"name":"Roc Esquius"}]},{"@type":"WebSite","@id":"https:\/\/martafluvia.com\/en\/#website","url":"https:\/\/martafluvia.com\/en\/","name":"Marta Fluvi\u00e0","description":"Theatrical Literary Agency","publisher":{"@id":"https:\/\/martafluvia.com\/en\/#organization"},"potentialAction":[{"@type":"SearchAction","target":{"@type":"EntryPoint","urlTemplate":"https:\/\/martafluvia.com\/en\/?s={search_term_string}"},"query-input":{"@type":"PropertyValueSpecification","valueRequired":true,"valueName":"search_term_string"}}],"inLanguage":"ca"},{"@type":"Organization","@id":"https:\/\/martafluvia.com\/en\/#organization","name":"Marta Fluvi\u00e0 Agency","url":"https:\/\/martafluvia.com\/en\/","logo":{"@type":"ImageObject","inLanguage":"ca","@id":"https:\/\/martafluvia.com\/en\/#\/schema\/logo\/image\/","url":"https:\/\/martafluvia.com\/wp-content\/uploads\/2017\/12\/logo-marta-english-1.jpg","contentUrl":"https:\/\/martafluvia.com\/wp-content\/uploads\/2017\/12\/logo-marta-english-1.jpg","width":2118,"height":783,"caption":"Marta Fluvi\u00e0 Agency"},"image":{"@id":"https:\/\/martafluvia.com\/en\/#\/schema\/logo\/image\/"},"sameAs":["https:\/\/www.facebook.com\/martafluviaagency\/"]}]}},"_links":{"self":[{"href":"https:\/\/martafluvia.com\/ca\/wp-json\/wp\/v2\/pages\/1578","targetHints":{"allow":["GET"]}}],"collection":[{"href":"https:\/\/martafluvia.com\/ca\/wp-json\/wp\/v2\/pages"}],"about":[{"href":"https:\/\/martafluvia.com\/ca\/wp-json\/wp\/v2\/types\/page"}],"author":[{"embeddable":true,"href":"https:\/\/martafluvia.com\/ca\/wp-json\/wp\/v2\/users\/1"}],"replies":[{"embeddable":true,"href":"https:\/\/martafluvia.com\/ca\/wp-json\/wp\/v2\/comments?post=1578"}],"version-history":[{"count":18,"href":"https:\/\/martafluvia.com\/ca\/wp-json\/wp\/v2\/pages\/1578\/revisions"}],"predecessor-version":[{"id":23727,"href":"https:\/\/martafluvia.com\/ca\/wp-json\/wp\/v2\/pages\/1578\/revisions\/23727"}],"wp:attachment":[{"href":"https:\/\/martafluvia.com\/ca\/wp-json\/wp\/v2\/media?parent=1578"}],"curies":[{"name":"wp","href":"https:\/\/api.w.org\/{rel}","templated":true}]}}