{"id":1573,"date":"2018-12-23T22:17:02","date_gmt":"2018-12-23T22:17:02","guid":{"rendered":"http:\/\/martafluvia.com\/pau-miro\/"},"modified":"2024-04-02T14:05:45","modified_gmt":"2024-04-02T13:05:45","slug":"pau-miro","status":"publish","type":"page","link":"https:\/\/martafluvia.com\/ca\/pau-miro\/","title":{"rendered":"Pau Mir\u00f3"},"content":{"rendered":"\t\t<div data-elementor-type=\"wp-post\" data-elementor-id=\"1573\" class=\"elementor elementor-1573 elementor-504\" data-elementor-post-type=\"page\">\n\t\t\t\t\t\t<section class=\"elementor-section elementor-top-section elementor-element elementor-element-1298926 elementor-section-boxed elementor-section-height-default elementor-section-height-default\" data-id=\"1298926\" data-element_type=\"section\" data-e-type=\"section\">\n\t\t\t\t\t\t<div class=\"elementor-container elementor-column-gap-default\">\n\t\t\t\t\t<div class=\"elementor-column elementor-col-100 elementor-top-column elementor-element elementor-element-f2bf2a3\" data-id=\"f2bf2a3\" data-element_type=\"column\" data-e-type=\"column\">\n\t\t\t<div class=\"elementor-widget-wrap elementor-element-populated\">\n\t\t\t\t\t\t<div class=\"elementor-element elementor-element-f9899c2 elementor-widget elementor-widget-heading\" data-id=\"f9899c2\" data-element_type=\"widget\" data-e-type=\"widget\" data-widget_type=\"heading.default\">\n\t\t\t\t<div class=\"elementor-widget-container\">\n\t\t\t\t\t<h2 class=\"elementor-heading-title elementor-size-default\">PAU MIR\u00d3<\/h2>\t\t\t\t<\/div>\n\t\t\t\t<\/div>\n\t\t\t\t<div class=\"elementor-element elementor-element-af9e45b elementor-widget elementor-widget-image\" data-id=\"af9e45b\" data-element_type=\"widget\" data-e-type=\"widget\" data-widget_type=\"image.default\">\n\t\t\t\t<div class=\"elementor-widget-container\">\n\t\t\t\t\t\t\t\t\t\t\t\t\t\t\t<img fetchpriority=\"high\" decoding=\"async\" width=\"1920\" height=\"1286\" src=\"https:\/\/martafluvia.com\/wp-content\/uploads\/2023\/05\/Foto-Pau-Miro-1.jpg\" class=\"attachment-full size-full wp-image-17464\" alt=\"\" srcset=\"https:\/\/martafluvia.com\/wp-content\/uploads\/2023\/05\/Foto-Pau-Miro-1.jpg 1920w, https:\/\/martafluvia.com\/wp-content\/uploads\/2023\/05\/Foto-Pau-Miro-1-300x201.jpg 300w, https:\/\/martafluvia.com\/wp-content\/uploads\/2023\/05\/Foto-Pau-Miro-1-1024x686.jpg 1024w, https:\/\/martafluvia.com\/wp-content\/uploads\/2023\/05\/Foto-Pau-Miro-1-768x514.jpg 768w, https:\/\/martafluvia.com\/wp-content\/uploads\/2023\/05\/Foto-Pau-Miro-1-1536x1029.jpg 1536w, https:\/\/martafluvia.com\/wp-content\/uploads\/2023\/05\/Foto-Pau-Miro-1-600x402.jpg 600w, https:\/\/martafluvia.com\/wp-content\/uploads\/2023\/05\/Foto-Pau-Miro-1-64x43.jpg 64w\" sizes=\"(max-width: 1920px) 100vw, 1920px\" \/>\t\t\t\t\t\t\t\t\t\t\t\t\t\t\t<\/div>\n\t\t\t\t<\/div>\n\t\t\t\t<div class=\"elementor-element elementor-element-a138252 elementor-widget elementor-widget-text-editor\" data-id=\"a138252\" data-element_type=\"widget\" data-e-type=\"widget\" data-widget_type=\"text-editor.default\">\n\t\t\t\t<div class=\"elementor-widget-container\">\n\t\t\t\t\t\t\t\t\t<p style=\"font-weight: 400;\"><strong>PAU MIR\u00d3 (Barcelona, 1974).<\/strong> Actor, dramaturg i director. Llicenciat en Interpretaci\u00f3 a l\u2019Institut del Teatre de Barcelona (1998). S\u2019ha format com a dramaturg en diferents seminaris de la Sala Beckett impartits per Carles Batlle, Sergi Belbel, Xavier Albert\u00ed, Jos\u00e9 Sanchis Sinisterra i Javier Daulte, entre d\u2019altres.<\/p>\n<p style=\"font-weight: 400;\">Al 2004 va estrenar <strong><em>Plou<\/em><\/strong> <strong><em>a Barcelona<\/em><\/strong> a la Sala Beckett, sota la direcci\u00f3 de Toni Casares, obra que s\u2019ha estrenat amb m\u00faltiple muntatges per tot el m\u00f3n (It\u00e0lia, Portugal, Anglaterra, Canad\u00e0\u2026).<\/p>\n<p style=\"font-weight: 400;\">Durant la temporada 2008-2009 va estrenar <strong><em>La trilogia animal, <\/em><\/strong>de la que n\u2019\u00e9s autor i director i per la que va rebre el Premi de la Cr\u00edtica Teatral de Barcelona al millor text. Tamb\u00e9 \u00e9s autor de <strong><em>Adeu inf\u00e0ncia<\/em><\/strong> (dramat\u00fargia a partir de les principals novel\u00b7les de Juan Mars\u00e9 amb direcci\u00f3 de Oriol Broggi. (Teatre Lliure, 2013) i <strong><em>Els Jugadors<\/em><\/strong>, que tamb\u00e9 va dirigir (Festival Temporada Alta, 2011, i Teatre Lliure, 2012). Aquest text va guanyar el premi Butaca al millor text 2012 i ha estat tradu\u00eft a l\u2019itali\u00e0, l\u2019angl\u00e8s, el grec i al castell\u00e0. A m\u00e9s a m\u00e9s, es va estrenar a It\u00e0lia amb gran \u00e8xit de cr\u00edtica i p\u00fablic al teatre Piccolo de Mil\u00e0 al 2013 i es va endur el prestigi\u00f3s Premi Ub\u00fa com a millor text estranger.<\/p>\n<p style=\"font-weight: 400;\">\n<\/p><p style=\"font-weight: 400;\">En el camp de la dramat\u00fargia i la direcci\u00f3, els seus \u00faltims treballs s\u00f3n <strong><em>Cyrano<\/em><\/strong>, una adaptaci\u00f3 del <em>Cyrano de Bergerac<\/em> d\u2019Edmon Rostand (Festival Temporada Alta 2017), <strong><em>Un tret al cap<\/em><\/strong> (Sala Beckett, 2017), <strong><em>Filla del seu pare<\/em><\/strong> (Teatre Lliure 2017), <strong><em>Vict\u00f2ria <\/em><\/strong>(TNC, 2016), <strong><em>Terra Baixa<\/em><\/strong>, interpretada per Llu\u00eds Homar (Festival Temporada Alta, 2014), <strong><em>Dones com jo<\/em><\/strong> (Teatre Romea, 2014) i <strong><em>Eva contra Eva <\/em><\/strong>(Temporada Alta, 2020).<\/p>\n<p style=\"font-weight: 400;\"><br><\/p>\n<p style=\"font-weight: 400;\">\n<\/p><p style=\"font-weight: 400;\">CAT\u00c0LEG:<\/p>\n<p style=\"font-weight: 400;\"><br><\/p>\n<table style=\"font-weight: 400;\">\n<tbody>\n<tr>\n<td width=\"132\">\n<p><strong>T\u00cdTOL<\/strong><\/p>\n<\/td>\n<td width=\"132\">\n<p><strong>G\u00c8NERE<\/strong><\/p>\n<\/td>\n<td width=\"160\">\n<p><strong>PERSONATGES MASCULINS<\/strong><\/p>\n<\/td>\n<td width=\"142\">\n<p><strong>PERSONATGES FEMENINS<\/strong><\/p>\n<\/td>\n<\/tr>\n<tr>\n<td width=\"132\">\n<p><a href=\"https:\/\/martafluvia.com\/ca\/pau-miro\/bales-i-homes\/\" target=\"_blank\">Bales i homes<\/a><br><\/p>\n<p><em>&nbsp;<\/em><\/p>\n<\/td>\n<td width=\"132\">\n<p>Western<\/p>\n<\/td>\n<td width=\"160\">\n<p>1<\/p>\n<\/td>\n<td width=\"142\">\n<p>2<\/p>\n<\/td>\n<\/tr>\n<tr>\n<td width=\"132\">\n<p><a href=\"https:\/\/martafluvia.com\/ca\/pau-miro\/bufals\" target=\"_blank\">B\u00fafals<\/a><br><\/p>\n<p><em>&nbsp;<\/em><\/p>\n<\/td>\n<td width=\"132\">\n<p>Faula urbana<\/p>\n<\/td>\n<td width=\"160\">\n<p>3<\/p>\n<\/td>\n<td width=\"142\">\n<p>2<\/p>\n<\/td>\n<\/tr>\n<tr>\n<td width=\"132\">\n<p><a href=\"https:\/\/martafluvia.com\/ca\/pau-miro\/electrics\/\" target=\"_blank\">El\u00e8ctrics<\/a><br><\/p>\n<p><em>&nbsp;<\/em><\/p>\n<\/td>\n<td width=\"132\">\n<p>Com\u00e8dia<\/p>\n<\/td>\n<td width=\"160\">&nbsp;<\/td>\n<td width=\"142\">\n<p>1<\/p>\n<\/td>\n<\/tr>\n<tr>\n<td width=\"132\">\n<p><a href=\"https:\/\/martafluvia.com\/ca\/pau-miro\/els-jugadors\/\" target=\"_blank\">Els Jugadors<\/a><br><\/p>\n<p><em>&nbsp;<\/em><\/p>\n<\/td>\n<td width=\"132\">\n<p>Com\u00e8dia negra<\/p>\n<\/td>\n<td width=\"160\">\n<p>4<\/p>\n<\/td>\n<td width=\"142\">&nbsp;<\/td>\n<\/tr>\n<tr>\n<td width=\"132\">\n<p><a href=\"https:\/\/martafluvia.com\/ca\/pau-miro\/girafes\/\" target=\"_blank\">Girafes<\/a><br><\/p>\n<p><em>&nbsp;<\/em><\/p>\n<\/td>\n<td width=\"132\">\n<p>Faula urbana<\/p>\n<\/td>\n<td width=\"160\">\n<p>4<\/p>\n<\/td>\n<td width=\"142\">\n<p>1<\/p>\n<\/td>\n<\/tr>\n<tr>\n<td width=\"132\">\n<p><a href=\"https:\/\/martafluvia.com\/ca\/pau-miro\/lleons\/\" target=\"_blank\">Lleons<\/a><br><\/p>\n<p><em>&nbsp;<\/em><\/p>\n<\/td>\n<td width=\"132\">\n<p>Com\u00e8dia Thriller<\/p>\n<\/td>\n<td width=\"160\">\n<p>3<\/p>\n<\/td>\n<td width=\"142\">\n<p>2<\/p>\n<\/td>\n<\/tr>\n<tr>\n<td width=\"132\">\n<p><a href=\"https:\/\/martafluvia.com\/ca\/pau-miro\/plou-a-barcelona\/\" target=\"_blank\">Plou a Barcelona<\/a><br><\/p>\n<p><em>&nbsp;<\/em><\/p>\n<\/td>\n<td width=\"132\">\n<p>Drama<\/p>\n<\/td>\n<td width=\"160\">\n<p>2<\/p>\n<\/td>\n<td width=\"142\">\n<p>1<\/p>\n<\/td>\n<\/tr>\n<tr>\n<td width=\"132\">\n<p><a href=\"https:\/\/martafluvia.com\/ca\/pau-miro\/singapur\/\" target=\"_blank\">Singapur<\/a><br><\/p>\n<p><em>&nbsp;<\/em><\/p>\n<\/td>\n<td width=\"132\">\n<p>Drama po\u00e8tic<\/p>\n<\/td>\n<td width=\"160\">\n<p>2<\/p>\n<\/td>\n<td width=\"142\">\n<p>1<\/p>\n<\/td>\n<\/tr>\n<tr>\n<td width=\"132\">\n<p><a href=\"https:\/\/martafluvia.com\/ca\/pau-miro\/somriure-d-elefant\/\" target=\"_blank\">Somriure d\u2019elefant<\/a><br><\/p>\n<p><em>&nbsp;<\/em><\/p>\n<\/td>\n<td width=\"132\">\n<p>Drama<\/p>\n<\/td>\n<td width=\"160\">\n<p>2<\/p>\n<\/td>\n<td width=\"142\">\n<p>2<\/p>\n<\/td>\n<\/tr>\n<tr>\n<td width=\"132\">\n<p><a href=\"https:\/\/martafluvia.com\/ca\/pau-miro\/un-tret-al-cap\/\" target=\"_blank\">Un tret al cap<\/a><br><\/p>\n<p><em>&nbsp;<\/em><\/p>\n<\/td>\n<td width=\"132\">\n<p>Drama period\u00edstic<\/p>\n<\/td>\n<td width=\"160\">\n<p>2<\/p>\n<\/td>\n<td width=\"142\">\n<p>2<\/p>\n<\/td>\n<\/tr>\n<tr>\n<td width=\"132\">\n<p><a href=\"https:\/\/martafluvia.com\/ca\/pau-miro\/dones-com-jo\/\" target=\"_blank\">Dones com jo<\/a><br><\/p>\n<p><em>&nbsp;<\/em><\/p>\n<\/td>\n<td width=\"132\">\n<p>Com\u00e8dia<\/p>\n<\/td>\n<td width=\"160\">&nbsp;<\/td>\n<td width=\"142\">\n<p>3<\/p>\n<\/td>\n<\/tr>\n<tr>\n<td width=\"132\">\n<p><a href=\"https:\/\/martafluvia.com\/ca\/pau-miro\/filla-del-seu-pare\/\" target=\"_blank\">Filla del seu pare<\/a><br><\/p>\n<p><em>&nbsp;<\/em><\/p>\n<\/td>\n<td width=\"132\">&nbsp;<\/td>\n<td width=\"160\">\n<p>2<\/p>\n<\/td>\n<td width=\"142\">\n<p>1<\/p>\n<\/td>\n<\/tr>\n<tr>\n<td width=\"132\">\n<p><a href=\"https:\/\/martafluvia.com\/ca\/pau-miro\/victoria\/\" target=\"_blank\">Vict\u00f2ria<\/a><br><\/p>\n<p><em>&nbsp;<\/em><\/p>\n<\/td>\n<td width=\"132\">\n<p>Drama<\/p>\n<\/td>\n<td width=\"160\">&nbsp;<\/td>\n<td width=\"142\">&nbsp;<\/td>\n<\/tr>\n<tr>\n<td width=\"132\">\n<p><a href=\"https:\/\/martafluvia.com\/ca\/pau-miro\/la-triologia-animal\/\" target=\"_blank\">La trilogia animal<\/a><br><\/p>\n<p><em>&nbsp;<\/em><\/p>\n<\/td>\n<td width=\"132\">&nbsp;<\/td>\n<td width=\"160\">&nbsp;<\/td>\n<td width=\"142\">&nbsp;<\/td>\n<\/tr>\n<tr>\n<td width=\"132\">\n<p><a href=\"https:\/\/martafluvia.com\/ca\/pau-miro\/una-historia-real\/\" target=\"_blank\">Una historia real<\/a><br><\/p>\n<p><em>&nbsp;<\/em><\/p>\n<\/td>\n<td width=\"132\">&nbsp;<\/td>\n<td width=\"160\">\n<p>2<\/p>\n<\/td>\n<td width=\"142\">\n<p>2<\/p>\n<\/td>\n<\/tr>\n<tr>\n<td width=\"132\">\n<p><a href=\"https:\/\/martafluvia.com\/ca\/pau-miro\/eva-contra-eva\/\" target=\"_blank\">Eva contra Eva<\/a><br><\/p>\n<p><em>&nbsp;<\/em><\/p>\n<\/td>\n<td width=\"132\">\n<p>Thriller psicol\u00f2gic<\/p>\n<\/td>\n<td width=\"160\">\n<p>2<\/p>\n<\/td>\n<td width=\"142\">\n<p>3<\/p>\n<\/td>\n<\/tr>\n<tr>\n<td width=\"132\">\n<p><strong>ADAPTACIONS<\/strong><\/p>\n<\/td>\n<td width=\"132\">&nbsp;<\/td>\n<td width=\"160\">&nbsp;<\/td>\n<td width=\"142\">&nbsp;<\/td>\n<\/tr>\n<tr>\n<td width=\"132\">\n<p><a href=\"https:\/\/martafluvia.com\/ca\/pau-miro\/pedro-paramo\/\" target=\"_blank\">Pedro P\u00e1ramo<\/a><br><\/p>\n<p><em>&nbsp;<\/em><\/p>\n<\/td>\n<td width=\"132\">\n<p>Drama<\/p>\n<\/td>\n<td width=\"160\">\n<p>1<\/p>\n<\/td>\n<td width=\"142\">\n<p>1<\/p>\n<\/td>\n<\/tr>\n<tr>\n<td width=\"132\">\n<p><a href=\"https:\/\/martafluvia.com\/ca\/pau-miro\/terra-baixa\/\" target=\"_blank\">Terra Baixa<\/a><br><\/p>\n<p><em>&nbsp;<\/em><\/p>\n<\/td>\n<td width=\"132\">\n<p>Mon\u00f2leg<\/p>\n<\/td>\n<td width=\"160\">\n<p>1<\/p>\n<\/td>\n<td width=\"142\">&nbsp;<\/td>\n<\/tr>\n<\/tbody>\n<\/table>\t\t\t\t\t\t\t\t<\/div>\n\t\t\t\t<\/div>\n\t\t\t\t\t<\/div>\n\t\t<\/div>\n\t\t\t\t\t<\/div>\n\t\t<\/section>\n\t\t\t\t<section class=\"elementor-section elementor-top-section elementor-element elementor-element-dabc6ca elementor-section-boxed elementor-section-height-default elementor-section-height-default\" data-id=\"dabc6ca\" data-element_type=\"section\" data-e-type=\"section\">\n\t\t\t\t\t\t<div class=\"elementor-container elementor-column-gap-default\">\n\t\t\t\t\t<div class=\"elementor-column elementor-col-100 elementor-top-column elementor-element elementor-element-ff391f8\" data-id=\"ff391f8\" data-element_type=\"column\" data-e-type=\"column\">\n\t\t\t<div class=\"elementor-widget-wrap elementor-element-populated\">\n\t\t\t\t\t\t<div class=\"elementor-element elementor-element-772bbab elementor-widget-divider--view-line elementor-widget elementor-widget-divider\" data-id=\"772bbab\" data-element_type=\"widget\" data-e-type=\"widget\" data-widget_type=\"divider.default\">\n\t\t\t\t<div class=\"elementor-widget-container\">\n\t\t\t\t\t\t\t<div class=\"elementor-divider\">\n\t\t\t<span class=\"elementor-divider-separator\">\n\t\t\t\t\t\t<\/span>\n\t\t<\/div>\n\t\t\t\t\t\t<\/div>\n\t\t\t\t<\/div>\n\t\t\t\t<div class=\"elementor-element elementor-element-ad82659 elementor-widget elementor-widget-text-editor\" data-id=\"ad82659\" data-element_type=\"widget\" data-e-type=\"widget\" data-widget_type=\"text-editor.default\">\n\t\t\t\t<div class=\"elementor-widget-container\">\n\t\t\t\t\t\t\t\t\t<div class=\"elementor-element elementor-element-b6f9d45 elementor-widget elementor-widget-text-editor\" data-id=\"b6f9d45\" data-element_type=\"text-editor.default\"><div class=\"elementor-widget-container\"><div class=\"elementor-text-editor elementor-clearfix\"><p style=\"text-align: center;\">Solicitar drets de representaci\u00f3:<\/p><\/div><\/div><\/div>\t\t\t\t\t\t\t\t<\/div>\n\t\t\t\t<\/div>\n\t\t\t\t<section class=\"elementor-section elementor-inner-section elementor-element elementor-element-7856d46 elementor-section-boxed elementor-section-height-default elementor-section-height-default\" data-id=\"7856d46\" data-element_type=\"section\" data-e-type=\"section\">\n\t\t\t\t\t\t<div class=\"elementor-container elementor-column-gap-default\">\n\t\t\t\t\t<div class=\"elementor-column elementor-col-50 elementor-inner-column elementor-element elementor-element-1113176\" data-id=\"1113176\" data-element_type=\"column\" data-e-type=\"column\">\n\t\t\t<div class=\"elementor-widget-wrap elementor-element-populated\">\n\t\t\t\t\t\t<div class=\"elementor-element elementor-element-c3aca52 elementor-button-info elementor-align-center elementor-widget elementor-widget-button\" data-id=\"c3aca52\" data-element_type=\"widget\" data-e-type=\"widget\" data-widget_type=\"button.default\">\n\t\t\t\t<div class=\"elementor-widget-container\">\n\t\t\t\t\t\t\t\t\t<div class=\"elementor-button-wrapper\">\n\t\t\t\t\t<a class=\"elementor-button elementor-button-link elementor-size-md\" href=\"\/licencia-amateur\">\n\t\t\t\t\t\t<span class=\"elementor-button-content-wrapper\">\n\t\t\t\t\t\t\t\t\t<span class=\"elementor-button-text\">Amateur: Solicitud de drets<\/span>\n\t\t\t\t\t<\/span>\n\t\t\t\t\t<\/a>\n\t\t\t\t<\/div>\n\t\t\t\t\t\t\t\t<\/div>\n\t\t\t\t<\/div>\n\t\t\t\t\t<\/div>\n\t\t<\/div>\n\t\t\t\t<div class=\"elementor-column elementor-col-50 elementor-inner-column elementor-element elementor-element-f065f85\" data-id=\"f065f85\" data-element_type=\"column\" data-e-type=\"column\">\n\t\t\t<div class=\"elementor-widget-wrap elementor-element-populated\">\n\t\t\t\t\t\t<div class=\"elementor-element elementor-element-a306caf elementor-button-info elementor-align-center elementor-widget elementor-widget-button\" data-id=\"a306caf\" data-element_type=\"widget\" data-e-type=\"widget\" data-widget_type=\"button.default\">\n\t\t\t\t<div class=\"elementor-widget-container\">\n\t\t\t\t\t\t\t\t\t<div class=\"elementor-button-wrapper\">\n\t\t\t\t\t<a class=\"elementor-button elementor-button-link elementor-size-md\" href=\"\/solicitud\">\n\t\t\t\t\t\t<span class=\"elementor-button-content-wrapper\">\n\t\t\t\t\t\t\t\t\t<span class=\"elementor-button-text\">Professional: Solicitud de drets<\/span>\n\t\t\t\t\t<\/span>\n\t\t\t\t\t<\/a>\n\t\t\t\t<\/div>\n\t\t\t\t\t\t\t\t<\/div>\n\t\t\t\t<\/div>\n\t\t\t\t\t<\/div>\n\t\t<\/div>\n\t\t\t\t\t<\/div>\n\t\t<\/section>\n\t\t\t\t<div class=\"elementor-element elementor-element-3d75664 elementor-widget elementor-widget-spacer\" data-id=\"3d75664\" data-element_type=\"widget\" data-e-type=\"widget\" data-widget_type=\"spacer.default\">\n\t\t\t\t<div class=\"elementor-widget-container\">\n\t\t\t\t\t\t\t<div class=\"elementor-spacer\">\n\t\t\t<div class=\"elementor-spacer-inner\"><\/div>\n\t\t<\/div>\n\t\t\t\t\t\t<\/div>\n\t\t\t\t<\/div>\n\t\t\t\t\t<\/div>\n\t\t<\/div>\n\t\t\t\t\t<\/div>\n\t\t<\/section>\n\t\t\t\t<\/div>\n\t\t","protected":false},"excerpt":{"rendered":"<p>PAU MIR\u00d3 PAU MIR\u00d3 (Barcelona, 1974). Actor, dramaturg i director. Llicenciat en Interpretaci\u00f3 a l\u2019Institut del Teatre de Barcelona (1998). S\u2019ha format com a dramaturg en diferents seminaris de la Sala Beckett impartits per Carles Batlle, Sergi Belbel, Xavier Albert\u00ed, Jos\u00e9 Sanchis Sinisterra i Javier Daulte, entre d\u2019altres. Al 2004 va estrenar Plou a Barcelona &#8230; <a title=\"Pau Mir\u00f3\" class=\"read-more\" href=\"https:\/\/martafluvia.com\/ca\/pau-miro\/\">Llegiu m\u00e9s<\/a><\/p>\n","protected":false},"author":1,"featured_media":0,"parent":0,"menu_order":0,"comment_status":"closed","ping_status":"closed","template":"elementor_header_footer","meta":{"footnotes":""},"class_list":["post-1573","page","type-page","status-publish"],"yoast_head":"<!-- This site is optimized with the Yoast SEO plugin v27.4 - https:\/\/yoast.com\/product\/yoast-seo-wordpress\/ -->\n<title>Pau Mir\u00f3 - Marta Fluvi\u00e0<\/title>\n<meta name=\"description\" content=\"Conegui al nostre autor Pau Mir\u00f3. Solicita tus derechos de representaci\u00f3n para alguna de sus obras mediante nuestro formulario.\" \/>\n<meta name=\"robots\" content=\"index, follow, max-snippet:-1, max-image-preview:large, max-video-preview:-1\" \/>\n<link rel=\"canonical\" href=\"https:\/\/martafluvia.com\/ca\/pau-miro\/\" \/>\n<meta property=\"og:locale\" content=\"ca_ES\" \/>\n<meta property=\"og:type\" content=\"article\" \/>\n<meta property=\"og:title\" content=\"Pau Mir\u00f3 - Marta Fluvi\u00e0\" \/>\n<meta property=\"og:description\" content=\"Conegui al nostre autor Pau Mir\u00f3. Solicita tus derechos de representaci\u00f3n para alguna de sus obras mediante nuestro formulario.\" \/>\n<meta property=\"og:url\" content=\"https:\/\/martafluvia.com\/ca\/pau-miro\/\" \/>\n<meta property=\"og:site_name\" content=\"Marta Fluvi\u00e0\" \/>\n<meta property=\"article:publisher\" content=\"https:\/\/www.facebook.com\/martafluviaagency\/\" \/>\n<meta property=\"article:modified_time\" content=\"2024-04-02T13:05:45+00:00\" \/>\n<meta property=\"og:image\" content=\"https:\/\/martafluvia.com\/wp-content\/uploads\/2023\/05\/Foto-Pau-Miro-1.jpg\" \/>\n<meta name=\"twitter:card\" content=\"summary_large_image\" \/>\n<meta name=\"twitter:label1\" content=\"Temps estimat de lectura\" \/>\n\t<meta name=\"twitter:data1\" content=\"3 minuts\" \/>\n<script type=\"application\/ld+json\" class=\"yoast-schema-graph\">{\"@context\":\"https:\\\/\\\/schema.org\",\"@graph\":[{\"@type\":\"WebPage\",\"@id\":\"https:\\\/\\\/martafluvia.com\\\/ca\\\/pau-miro\\\/\",\"url\":\"https:\\\/\\\/martafluvia.com\\\/ca\\\/pau-miro\\\/\",\"name\":\"Pau Mir\u00f3 - Marta Fluvi\u00e0\",\"isPartOf\":{\"@id\":\"https:\\\/\\\/martafluvia.com\\\/en\\\/#website\"},\"primaryImageOfPage\":{\"@id\":\"https:\\\/\\\/martafluvia.com\\\/ca\\\/pau-miro\\\/#primaryimage\"},\"image\":{\"@id\":\"https:\\\/\\\/martafluvia.com\\\/ca\\\/pau-miro\\\/#primaryimage\"},\"thumbnailUrl\":\"https:\\\/\\\/martafluvia.com\\\/wp-content\\\/uploads\\\/2023\\\/05\\\/Foto-Pau-Miro-1.jpg\",\"datePublished\":\"2018-12-23T22:17:02+00:00\",\"dateModified\":\"2024-04-02T13:05:45+00:00\",\"description\":\"Conegui al nostre autor Pau Mir\u00f3. Solicita tus derechos de representaci\u00f3n para alguna de sus obras mediante nuestro formulario.\",\"breadcrumb\":{\"@id\":\"https:\\\/\\\/martafluvia.com\\\/ca\\\/pau-miro\\\/#breadcrumb\"},\"inLanguage\":\"ca\",\"potentialAction\":[{\"@type\":\"ReadAction\",\"target\":[\"https:\\\/\\\/martafluvia.com\\\/ca\\\/pau-miro\\\/\"]}]},{\"@type\":\"ImageObject\",\"inLanguage\":\"ca\",\"@id\":\"https:\\\/\\\/martafluvia.com\\\/ca\\\/pau-miro\\\/#primaryimage\",\"url\":\"https:\\\/\\\/martafluvia.com\\\/wp-content\\\/uploads\\\/2023\\\/05\\\/Foto-Pau-Miro-1.jpg\",\"contentUrl\":\"https:\\\/\\\/martafluvia.com\\\/wp-content\\\/uploads\\\/2023\\\/05\\\/Foto-Pau-Miro-1.jpg\"},{\"@type\":\"BreadcrumbList\",\"@id\":\"https:\\\/\\\/martafluvia.com\\\/ca\\\/pau-miro\\\/#breadcrumb\",\"itemListElement\":[{\"@type\":\"ListItem\",\"position\":1,\"name\":\"Portada\",\"item\":\"https:\\\/\\\/martafluvia.com\\\/ca\\\/\"},{\"@type\":\"ListItem\",\"position\":2,\"name\":\"Pau Mir\u00f3\"}]},{\"@type\":\"WebSite\",\"@id\":\"https:\\\/\\\/martafluvia.com\\\/en\\\/#website\",\"url\":\"https:\\\/\\\/martafluvia.com\\\/en\\\/\",\"name\":\"Marta Fluvi\u00e0\",\"description\":\"Theatrical Literary Agency\",\"publisher\":{\"@id\":\"https:\\\/\\\/martafluvia.com\\\/en\\\/#organization\"},\"potentialAction\":[{\"@type\":\"SearchAction\",\"target\":{\"@type\":\"EntryPoint\",\"urlTemplate\":\"https:\\\/\\\/martafluvia.com\\\/en\\\/?s={search_term_string}\"},\"query-input\":{\"@type\":\"PropertyValueSpecification\",\"valueRequired\":true,\"valueName\":\"search_term_string\"}}],\"inLanguage\":\"ca\"},{\"@type\":\"Organization\",\"@id\":\"https:\\\/\\\/martafluvia.com\\\/en\\\/#organization\",\"name\":\"Marta Fluvi\u00e0 Agency\",\"url\":\"https:\\\/\\\/martafluvia.com\\\/en\\\/\",\"logo\":{\"@type\":\"ImageObject\",\"inLanguage\":\"ca\",\"@id\":\"https:\\\/\\\/martafluvia.com\\\/en\\\/#\\\/schema\\\/logo\\\/image\\\/\",\"url\":\"https:\\\/\\\/martafluvia.com\\\/wp-content\\\/uploads\\\/2017\\\/12\\\/logo-marta-english-1.jpg\",\"contentUrl\":\"https:\\\/\\\/martafluvia.com\\\/wp-content\\\/uploads\\\/2017\\\/12\\\/logo-marta-english-1.jpg\",\"width\":2118,\"height\":783,\"caption\":\"Marta Fluvi\u00e0 Agency\"},\"image\":{\"@id\":\"https:\\\/\\\/martafluvia.com\\\/en\\\/#\\\/schema\\\/logo\\\/image\\\/\"},\"sameAs\":[\"https:\\\/\\\/www.facebook.com\\\/martafluviaagency\\\/\"]}]}<\/script>\n<!-- \/ Yoast SEO plugin. -->","yoast_head_json":{"title":"Pau Mir\u00f3 - Marta Fluvi\u00e0","description":"Conegui al nostre autor Pau Mir\u00f3. Solicita tus derechos de representaci\u00f3n para alguna de sus obras mediante nuestro formulario.","robots":{"index":"index","follow":"follow","max-snippet":"max-snippet:-1","max-image-preview":"max-image-preview:large","max-video-preview":"max-video-preview:-1"},"canonical":"https:\/\/martafluvia.com\/ca\/pau-miro\/","og_locale":"ca_ES","og_type":"article","og_title":"Pau Mir\u00f3 - Marta Fluvi\u00e0","og_description":"Conegui al nostre autor Pau Mir\u00f3. Solicita tus derechos de representaci\u00f3n para alguna de sus obras mediante nuestro formulario.","og_url":"https:\/\/martafluvia.com\/ca\/pau-miro\/","og_site_name":"Marta Fluvi\u00e0","article_publisher":"https:\/\/www.facebook.com\/martafluviaagency\/","article_modified_time":"2024-04-02T13:05:45+00:00","og_image":[{"url":"https:\/\/martafluvia.com\/wp-content\/uploads\/2023\/05\/Foto-Pau-Miro-1.jpg","type":"","width":"","height":""}],"twitter_card":"summary_large_image","twitter_misc":{"Temps estimat de lectura":"3 minuts"},"schema":{"@context":"https:\/\/schema.org","@graph":[{"@type":"WebPage","@id":"https:\/\/martafluvia.com\/ca\/pau-miro\/","url":"https:\/\/martafluvia.com\/ca\/pau-miro\/","name":"Pau Mir\u00f3 - Marta Fluvi\u00e0","isPartOf":{"@id":"https:\/\/martafluvia.com\/en\/#website"},"primaryImageOfPage":{"@id":"https:\/\/martafluvia.com\/ca\/pau-miro\/#primaryimage"},"image":{"@id":"https:\/\/martafluvia.com\/ca\/pau-miro\/#primaryimage"},"thumbnailUrl":"https:\/\/martafluvia.com\/wp-content\/uploads\/2023\/05\/Foto-Pau-Miro-1.jpg","datePublished":"2018-12-23T22:17:02+00:00","dateModified":"2024-04-02T13:05:45+00:00","description":"Conegui al nostre autor Pau Mir\u00f3. Solicita tus derechos de representaci\u00f3n para alguna de sus obras mediante nuestro formulario.","breadcrumb":{"@id":"https:\/\/martafluvia.com\/ca\/pau-miro\/#breadcrumb"},"inLanguage":"ca","potentialAction":[{"@type":"ReadAction","target":["https:\/\/martafluvia.com\/ca\/pau-miro\/"]}]},{"@type":"ImageObject","inLanguage":"ca","@id":"https:\/\/martafluvia.com\/ca\/pau-miro\/#primaryimage","url":"https:\/\/martafluvia.com\/wp-content\/uploads\/2023\/05\/Foto-Pau-Miro-1.jpg","contentUrl":"https:\/\/martafluvia.com\/wp-content\/uploads\/2023\/05\/Foto-Pau-Miro-1.jpg"},{"@type":"BreadcrumbList","@id":"https:\/\/martafluvia.com\/ca\/pau-miro\/#breadcrumb","itemListElement":[{"@type":"ListItem","position":1,"name":"Portada","item":"https:\/\/martafluvia.com\/ca\/"},{"@type":"ListItem","position":2,"name":"Pau Mir\u00f3"}]},{"@type":"WebSite","@id":"https:\/\/martafluvia.com\/en\/#website","url":"https:\/\/martafluvia.com\/en\/","name":"Marta Fluvi\u00e0","description":"Theatrical Literary Agency","publisher":{"@id":"https:\/\/martafluvia.com\/en\/#organization"},"potentialAction":[{"@type":"SearchAction","target":{"@type":"EntryPoint","urlTemplate":"https:\/\/martafluvia.com\/en\/?s={search_term_string}"},"query-input":{"@type":"PropertyValueSpecification","valueRequired":true,"valueName":"search_term_string"}}],"inLanguage":"ca"},{"@type":"Organization","@id":"https:\/\/martafluvia.com\/en\/#organization","name":"Marta Fluvi\u00e0 Agency","url":"https:\/\/martafluvia.com\/en\/","logo":{"@type":"ImageObject","inLanguage":"ca","@id":"https:\/\/martafluvia.com\/en\/#\/schema\/logo\/image\/","url":"https:\/\/martafluvia.com\/wp-content\/uploads\/2017\/12\/logo-marta-english-1.jpg","contentUrl":"https:\/\/martafluvia.com\/wp-content\/uploads\/2017\/12\/logo-marta-english-1.jpg","width":2118,"height":783,"caption":"Marta Fluvi\u00e0 Agency"},"image":{"@id":"https:\/\/martafluvia.com\/en\/#\/schema\/logo\/image\/"},"sameAs":["https:\/\/www.facebook.com\/martafluviaagency\/"]}]}},"_links":{"self":[{"href":"https:\/\/martafluvia.com\/ca\/wp-json\/wp\/v2\/pages\/1573","targetHints":{"allow":["GET"]}}],"collection":[{"href":"https:\/\/martafluvia.com\/ca\/wp-json\/wp\/v2\/pages"}],"about":[{"href":"https:\/\/martafluvia.com\/ca\/wp-json\/wp\/v2\/types\/page"}],"author":[{"embeddable":true,"href":"https:\/\/martafluvia.com\/ca\/wp-json\/wp\/v2\/users\/1"}],"replies":[{"embeddable":true,"href":"https:\/\/martafluvia.com\/ca\/wp-json\/wp\/v2\/comments?post=1573"}],"version-history":[{"count":27,"href":"https:\/\/martafluvia.com\/ca\/wp-json\/wp\/v2\/pages\/1573\/revisions"}],"predecessor-version":[{"id":23715,"href":"https:\/\/martafluvia.com\/ca\/wp-json\/wp\/v2\/pages\/1573\/revisions\/23715"}],"wp:attachment":[{"href":"https:\/\/martafluvia.com\/ca\/wp-json\/wp\/v2\/media?parent=1573"}],"curies":[{"name":"wp","href":"https:\/\/api.w.org\/{rel}","templated":true}]}}