{"id":1569,"date":"2018-12-23T22:13:04","date_gmt":"2018-12-23T22:13:04","guid":{"rendered":"http:\/\/martafluvia.com\/marta-buchaca\/"},"modified":"2024-04-05T09:20:29","modified_gmt":"2024-04-05T08:20:29","slug":"marta-buchaca","status":"publish","type":"page","link":"https:\/\/martafluvia.com\/ca\/marta-buchaca\/","title":{"rendered":"Marta Buchaca"},"content":{"rendered":"\t\t<div data-elementor-type=\"wp-post\" data-elementor-id=\"1569\" class=\"elementor elementor-1569 elementor-462\" data-elementor-post-type=\"page\">\n\t\t\t\t\t\t<section class=\"elementor-section elementor-top-section elementor-element elementor-element-22202cf elementor-section-boxed elementor-section-height-default elementor-section-height-default\" data-id=\"22202cf\" data-element_type=\"section\" data-e-type=\"section\">\n\t\t\t\t\t\t<div class=\"elementor-container elementor-column-gap-default\">\n\t\t\t\t\t<div class=\"elementor-column elementor-col-100 elementor-top-column elementor-element elementor-element-e6a329a\" data-id=\"e6a329a\" data-element_type=\"column\" data-e-type=\"column\">\n\t\t\t<div class=\"elementor-widget-wrap elementor-element-populated\">\n\t\t\t\t\t\t<div class=\"elementor-element elementor-element-d044647 elementor-widget elementor-widget-heading\" data-id=\"d044647\" data-element_type=\"widget\" data-e-type=\"widget\" data-widget_type=\"heading.default\">\n\t\t\t\t<div class=\"elementor-widget-container\">\n\t\t\t\t\t<h2 class=\"elementor-heading-title elementor-size-default\">MARTA BUCHACA<\/h2>\t\t\t\t<\/div>\n\t\t\t\t<\/div>\n\t\t\t\t<div class=\"elementor-element elementor-element-514ecdd elementor-widget elementor-widget-image\" data-id=\"514ecdd\" data-element_type=\"widget\" data-e-type=\"widget\" data-widget_type=\"image.default\">\n\t\t\t\t<div class=\"elementor-widget-container\">\n\t\t\t\t\t\t\t\t\t\t\t\t\t\t\t<img decoding=\"async\" src=\"https:\/\/martafluvia.com\/wp-content\/uploads\/2023\/05\/I22_Marta_238_01-1.jpg\" title=\"I22_Marta_238_01.jpg\" alt=\"I22_Marta_238_01.jpg\" loading=\"lazy\" \/>\t\t\t\t\t\t\t\t\t\t\t\t\t\t\t<\/div>\n\t\t\t\t<\/div>\n\t\t\t\t<div class=\"elementor-element elementor-element-56341aa elementor-widget elementor-widget-text-editor\" data-id=\"56341aa\" data-element_type=\"widget\" data-e-type=\"widget\" data-widget_type=\"text-editor.default\">\n\t\t\t\t<div class=\"elementor-widget-container\">\n\t\t\t\t\t\t\t\t\t<p style=\"font-weight: 400;\"><strong>MARTA BUCHACA (Barcelona, 1979)<\/strong>. Llicenciada en Humanitats per la Universitat Aut\u00f2noma de Barcelona. S\u2019ha format com a dramaturga en el Centre d\u2019\u00c9tudes Th\u00e9\u00e2trales de Louvain-la-Neuve (B\u00e8lgica) i en el taller de la Sala Beckett.<\/p>\n<p style=\"font-weight: 400;\">\n<\/p><p style=\"font-weight: 400;\">La seva primera obra va ser de&nbsp;<strong><em>L\u2019olor sota la Pell<\/em><\/strong><em>&nbsp;<\/em>(V Premi Joaquim Bartrina; Sala Beckett, 2005). M\u00e9s tard va escriure&nbsp;<strong><em>Emerg\u00e8ncia<\/em><\/strong><em>&nbsp;<\/em>(2006), finalista del&nbsp;III Fundaci\u00f3 Romea Premi de textos teatrals. Tamb\u00e9 ha escrit&nbsp;<strong><em>En Conserva <\/em><\/strong><em>(2007) i <strong>Plastilina<\/strong>&nbsp;<\/em>(XXXV&nbsp;Premi de teatre Ciutat d\u2019Alcoi&nbsp;i acc\u00e8ssit del&nbsp;Premi Marqu\u00e9s de Bradom\u00edn 2007,&nbsp;finalista premis Max 2010. Sala Beckett, Guatemala, El Salvador i Caracas).&nbsp;<\/p>\n<p style=\"font-weight: 400;\"><strong><em>Les nenes No haurien de jugar a futbol<\/em><\/strong> es presenta al Grec Festival i al Versus Teatre dirigit per ella mateixa. S\u2019han fet produccions d\u2019aquest treball a Xipre, Gr\u00e8cia i Cro\u00e0cia. Al 2010 tamb\u00e9 \u00e9s part del projecte T6 del&nbsp;Teatre Nacional de Catalunya, on s\u2019estrena&nbsp;<strong><em>A mi no em diguis amor<\/em><\/strong><em>.<\/em><\/p>\n<p style=\"font-weight: 400;\">Al 2011 i 2012 va presentar <strong><em>L\u2019any que ve ser\u00e0 millor<\/em><\/strong>, escrita en col\u00b7laboraci\u00f3 amb Carol L\u00f3pez, Merc\u00e8 Sarrias i Victoria Szpunberg (La Villarroel i Teatre Belles Arts de Madrid; guanyadora del Premi Max 2013 al millor autor en catal\u00e0), <strong><em>Litus<\/em><\/strong>, (Sala Flyhard \/ Teatre Lliure, nominada als Premis Butaca com a millor espectacle de petit format i primer premi post-funci\u00f3 a la millor obra del 2012) i <strong><em>Losers<\/em><\/strong> (la Villarroel, 2014).<\/p>\n<p style=\"font-weight: 400;\">Al 2018 estrena <strong><em>Playoff<\/em><\/strong> per La Joven Compa\u00f1\u00eda i al 2019 presenta <strong><em>Rita<\/em><\/strong> amb la que obt\u00e9 el Premi Federic Roda de Teatre.<\/p>\n<p style=\"font-weight: 400;\">Les seves \u00faltimes obres s\u00f3n <strong><em>Nom\u00e9s una vegada<\/em><\/strong> (Teatre Nacional de Catalunya, 2020) i la m\u00e9s recent <strong><em>Quant temps em queda<\/em><\/strong> (Teatre Goya, 2022).<\/p>\n<p style=\"font-weight: 400;\">\n<\/p><p style=\"font-weight: 400;\">\n<\/p><p style=\"font-weight: 400;\">\n<\/p><p style=\"font-weight: 400;\">CAT\u00c0LEG:<\/p>\n<table style=\"font-weight: 400;\">\n<tbody>\n<tr>\n<td width=\"142\">\n<p><strong>T\u00cdTOL<\/strong><\/p>\n<\/td>\n<td width=\"142\">\n<p><strong>G\u00c8NERE<\/strong><\/p>\n<\/td>\n<td width=\"142\">\n<p><strong>PERSONATGES MASCULINS<\/strong><\/p>\n<\/td>\n<td width=\"142\">\n<p><strong>PERSONATGES FEMENINS<\/strong><\/p>\n<\/td>\n<\/tr>\n<tr>\n<td width=\"142\">\n<p><a href=\"https:\/\/martafluvia.com\/ca\/marta-buchaca\/la-nit-dels-malsons\/\" target=\"_blank\" rel=\"noopener\">La nit dels malsons<\/a><\/p>\n<p><\/p>\n<\/td>\n<td width=\"142\">\n<p>Cantata<\/p>\n<\/td>\n<td width=\"142\">\n<p>1<\/p>\n<\/td>\n<td width=\"142\">\n<p>1<\/p>\n<\/td>\n<\/tr>\n<tr>\n<td width=\"142\">\n<p><a href=\"https:\/\/martafluvia.com\/ca\/marta-buchaca\/alicia-al-pais-de-les-meravelles\/\" target=\"_blank\" rel=\"noopener\">Al\u00edcia al pa\u00eds de les meravelles (Adaptaci\u00f3)<\/a><\/p>\n<p><em>&nbsp;<\/em><\/p>\n<\/td>\n<td width=\"142\">\n<p>Musical infantil<\/p>\n<\/td>\n<td width=\"142\">\n<p>2<\/p>\n<\/td>\n<td width=\"142\">\n<p>2<\/p>\n<\/td>\n<\/tr>\n<tr>\n<td width=\"142\">\n<p><a href=\"https:\/\/martafluvia.com\/ca\/marta-buchaca\/el-cim\/\" target=\"_blank\" rel=\"noopener\">El cim<\/a><\/p>\n<p><em>&nbsp;<\/em><\/p>\n<\/td>\n<td width=\"142\">\n<p>Com\u00e8dia<\/p>\n<\/td>\n<td width=\"142\">\n<p>1<\/p>\n<\/td>\n<td width=\"142\">\n<p>1<\/p>\n<\/td>\n<\/tr>\n<tr>\n<td width=\"142\">\n<p><a href=\"https:\/\/martafluvia.com\/ca\/marta-buchaca\/losers\/\" target=\"_blank\" rel=\"noopener\">Losers<\/a><\/p>\n<p><em>&nbsp;<\/em><\/p>\n<\/td>\n<td width=\"142\">\n<p>Com\u00e8dia<\/p>\n<\/td>\n<td width=\"142\">\n<p>1<\/p>\n<\/td>\n<td width=\"142\">\n<p>1<\/p>\n<\/td>\n<\/tr>\n<tr>\n<td width=\"142\">\n<p><a href=\"https:\/\/martafluvia.com\/ca\/marta-buchaca\/litus\/\" target=\"_blank\" rel=\"noopener\">Litus<\/a><\/p>\n<p><em>&nbsp;<\/em><\/p>\n<\/td>\n<td width=\"142\">\n<p>Tragicom\u00e8dia<\/p>\n<\/td>\n<td width=\"142\">\n<p>4<\/p>\n<\/td>\n<td width=\"142\">\n<p>1<\/p>\n<\/td>\n<\/tr>\n<tr>\n<td width=\"142\">\n<p><a href=\"https:\/\/martafluvia.com\/ca\/marta-buchaca\/l-any-que-ve-sera-millor\/\" target=\"_blank\" rel=\"noopener\">L\u2019any que ve ser\u00e0 millor<\/a><\/p>\n<p><em>&nbsp;<\/em><\/p>\n<\/td>\n<td width=\"142\">\n<p>Com\u00e8dia<\/p>\n<\/td>\n<td width=\"142\">&nbsp;<\/td>\n<td width=\"142\">\n<p>4<\/p>\n<\/td>\n<\/tr>\n<tr>\n<td width=\"142\">\n<p><a href=\"https:\/\/martafluvia.com\/ca\/marta-buchaca\/a-mi-no-em-diguis-amor\/\" target=\"_blank\">A mi no em diguis amor<\/a><br><\/p>\n<p><em>&nbsp;<\/em><\/p>\n<\/td>\n<td width=\"142\">\n<p>Com\u00e8dia<\/p>\n<\/td>\n<td width=\"142\">\n<p>5<\/p>\n<\/td>\n<td width=\"142\">\n<p>4<\/p>\n<\/td>\n<\/tr>\n<tr>\n<td width=\"142\">\n<p><a href=\"https:\/\/martafluvia.com\/ca\/marta-buchaca\/plastilina\/\" target=\"_blank\" rel=\"noopener\">Plastilina<\/a><\/p>\n<p><em>&nbsp;<\/em><\/p>\n<\/td>\n<td width=\"142\">\n<p>Drama social<\/p>\n<\/td>\n<td width=\"142\">\n<p>4<\/p>\n<\/td>\n<td width=\"142\">\n<p>2<\/p>\n<\/td>\n<\/tr>\n<tr>\n<td width=\"142\">\n<p><a href=\"https:\/\/martafluvia.com\/ca\/marta-buchaca\/les-nenes-no-haurien-de-jugar-a-futbol\/\" target=\"_blank\" rel=\"noopener\">Les nenes no haurien de jugar a futbol<\/a><\/p>\n<p><em>&nbsp;<\/em><\/p>\n<\/td>\n<td width=\"142\">\n<p>Thriller<\/p>\n<\/td>\n<td width=\"142\">\n<p>1<\/p>\n<\/td>\n<td width=\"142\">\n<p>2<\/p>\n<\/td>\n<\/tr>\n<tr>\n<td width=\"142\">\n<p><a href=\"https:\/\/martafluvia.com\/ca\/marta-buchaca\/emergencia\/\" target=\"_blank\" rel=\"noopener\">Emerg\u00e8ncia<\/a><\/p>\n<p><em>&nbsp;<\/em><\/p>\n<\/td>\n<td width=\"142\">\n<p>Com\u00e8dia<\/p>\n<\/td>\n<td width=\"142\">&nbsp;<\/td>\n<td width=\"142\">\n<p>4<\/p>\n<\/td>\n<\/tr>\n<tr>\n<td width=\"142\">\n<p><a href=\"https:\/\/martafluvia.com\/ca\/marta-buchaca\/l-olor-sota-la-pell\/\" target=\"_blank\" rel=\"noopener\">L\u2019olor sota la pell<\/a><\/p>\n<p><em>&nbsp;<\/em><\/p>\n<\/td>\n<td width=\"142\">\n<p>Drama<\/p>\n<\/td>\n<td width=\"142\">\n<p>3<\/p>\n<\/td>\n<td width=\"142\">\n<p>1<\/p>\n<\/td>\n<\/tr>\n<tr>\n<td width=\"142\">\n<p><a href=\"https:\/\/martafluvia.com\/ca\/marta-buchaca\/en-conserva\/\" target=\"_blank\" rel=\"noopener\">En conserva<\/a><\/p>\n<p><em>&nbsp;<\/em><\/p>\n<\/td>\n<td width=\"142\">\n<p>Drama<\/p>\n<\/td>\n<td width=\"142\">&nbsp;<\/td>\n<td width=\"142\">\n<p>3<\/p>\n<\/td>\n<\/tr>\n<tr>\n<td width=\"142\">\n<p><a href=\"https:\/\/martafluvia.com\/ca\/marta-buchaca\/rita\/\" target=\"_blank\" rel=\"noopener\">Rita<\/a><\/p>\n<p><em>&nbsp;<\/em><\/p>\n<\/td>\n<td width=\"142\">\n<p>Tragicom\u00e8dia<\/p>\n<\/td>\n<td width=\"142\">\n<p>1<\/p>\n<\/td>\n<td width=\"142\">\n<p>1<\/p>\n<\/td>\n<\/tr>\n<tr>\n<td width=\"142\">\n<p><a href=\"https:\/\/martafluvia.com\/ca\/marta-buchaca\/playoff\/\" target=\"_blank\" rel=\"noopener\">Playoff<\/a><\/p>\n<p><em>&nbsp;<\/em><\/p>\n<\/td>\n<td width=\"142\">\n<p>Juvenil<\/p>\n<\/td>\n<td width=\"142\">&nbsp;<\/td>\n<td width=\"142\">\n<p>7<\/p>\n<\/td>\n<\/tr>\n<tr>\n<td width=\"142\">\n<p><a href=\"https:\/\/martafluvia.com\/ca\/marta-buchaca\/nomes-una-vegada\/\" target=\"_blank\" rel=\"noopener\">Nom\u00e9s una vegada<\/a><\/p>\n<p><em><a href=\"https:\/\/martafluvia.com\/marta-buchaca\/quant-de-temps-em-queda\/\">&nbsp;<\/a><\/em><\/p>\n<\/td>\n<td width=\"142\">\n<p>Drama<\/p>\n<\/td>\n<td width=\"142\">\n<p>1<\/p>\n<\/td>\n<td width=\"142\">\n<p>2<\/p>\n<\/td>\n<\/tr>\n<tr>\n<td width=\"142\">\n<p><a href=\"https:\/\/martafluvia.com\/ca\/marta-buchaca\/quant-temps-em-queda\/\" target=\"_blank\" rel=\"noopener\">Quant temps em queda?<\/a><\/p>\n<p><em>&nbsp;<\/em><\/p>\n<\/td>\n<td width=\"142\">\n<p>Com\u00e8dia<\/p>\n<\/td>\n<td width=\"142\">\n<p>2<\/p>\n<\/td>\n<td width=\"142\">\n<p>2<\/p>\n<\/td>\n<\/tr>\n<\/tbody>\n<\/table>\t\t\t\t\t\t\t\t<\/div>\n\t\t\t\t<\/div>\n\t\t\t\t\t<\/div>\n\t\t<\/div>\n\t\t\t\t\t<\/div>\n\t\t<\/section>\n\t\t\t\t<section class=\"elementor-section elementor-top-section elementor-element elementor-element-df356c1 elementor-section-boxed elementor-section-height-default elementor-section-height-default\" data-id=\"df356c1\" data-element_type=\"section\" data-e-type=\"section\">\n\t\t\t\t\t\t<div class=\"elementor-container elementor-column-gap-default\">\n\t\t\t\t\t<div class=\"elementor-column elementor-col-100 elementor-top-column elementor-element elementor-element-a46b9b1\" data-id=\"a46b9b1\" data-element_type=\"column\" data-e-type=\"column\">\n\t\t\t<div class=\"elementor-widget-wrap elementor-element-populated\">\n\t\t\t\t\t\t<div class=\"elementor-element elementor-element-c6d0a5f elementor-widget-divider--view-line elementor-widget elementor-widget-divider\" data-id=\"c6d0a5f\" data-element_type=\"widget\" data-e-type=\"widget\" data-widget_type=\"divider.default\">\n\t\t\t\t<div class=\"elementor-widget-container\">\n\t\t\t\t\t\t\t<div class=\"elementor-divider\">\n\t\t\t<span class=\"elementor-divider-separator\">\n\t\t\t\t\t\t<\/span>\n\t\t<\/div>\n\t\t\t\t\t\t<\/div>\n\t\t\t\t<\/div>\n\t\t\t\t<div class=\"elementor-element elementor-element-c4b4224 elementor-widget elementor-widget-text-editor\" data-id=\"c4b4224\" data-element_type=\"widget\" data-e-type=\"widget\" data-widget_type=\"text-editor.default\">\n\t\t\t\t<div class=\"elementor-widget-container\">\n\t\t\t\t\t\t\t\t\t<div class=\"elementor-element elementor-element-b6f9d45 elementor-widget elementor-widget-text-editor\" data-id=\"b6f9d45\" data-element_type=\"text-editor.default\"><div class=\"elementor-widget-container\"><div class=\"elementor-text-editor elementor-clearfix\"><p style=\"text-align: center;\">Solicitar drets de representaci\u00f3:<\/p><\/div><\/div><\/div>\t\t\t\t\t\t\t\t<\/div>\n\t\t\t\t<\/div>\n\t\t\t\t<section class=\"elementor-section elementor-inner-section elementor-element elementor-element-03abb16 elementor-section-boxed elementor-section-height-default elementor-section-height-default\" data-id=\"03abb16\" data-element_type=\"section\" data-e-type=\"section\">\n\t\t\t\t\t\t<div class=\"elementor-container elementor-column-gap-default\">\n\t\t\t\t\t<div class=\"elementor-column elementor-col-50 elementor-inner-column elementor-element elementor-element-1b7b276\" data-id=\"1b7b276\" data-element_type=\"column\" data-e-type=\"column\">\n\t\t\t<div class=\"elementor-widget-wrap elementor-element-populated\">\n\t\t\t\t\t\t<div class=\"elementor-element elementor-element-4bb773d elementor-button-info elementor-align-center elementor-widget elementor-widget-button\" data-id=\"4bb773d\" data-element_type=\"widget\" data-e-type=\"widget\" data-widget_type=\"button.default\">\n\t\t\t\t<div class=\"elementor-widget-container\">\n\t\t\t\t\t\t\t\t\t<div class=\"elementor-button-wrapper\">\n\t\t\t\t\t<a class=\"elementor-button elementor-button-link elementor-size-md\" href=\"\/licencia-amateur\">\n\t\t\t\t\t\t<span class=\"elementor-button-content-wrapper\">\n\t\t\t\t\t\t\t\t\t<span class=\"elementor-button-text\">Amateur: Solicitud de drets<\/span>\n\t\t\t\t\t<\/span>\n\t\t\t\t\t<\/a>\n\t\t\t\t<\/div>\n\t\t\t\t\t\t\t\t<\/div>\n\t\t\t\t<\/div>\n\t\t\t\t\t<\/div>\n\t\t<\/div>\n\t\t\t\t<div class=\"elementor-column elementor-col-50 elementor-inner-column elementor-element elementor-element-015a4f5\" data-id=\"015a4f5\" data-element_type=\"column\" data-e-type=\"column\">\n\t\t\t<div class=\"elementor-widget-wrap elementor-element-populated\">\n\t\t\t\t\t\t<div class=\"elementor-element elementor-element-c996c85 elementor-button-info elementor-align-center elementor-widget elementor-widget-button\" data-id=\"c996c85\" data-element_type=\"widget\" data-e-type=\"widget\" data-widget_type=\"button.default\">\n\t\t\t\t<div class=\"elementor-widget-container\">\n\t\t\t\t\t\t\t\t\t<div class=\"elementor-button-wrapper\">\n\t\t\t\t\t<a class=\"elementor-button elementor-button-link elementor-size-md\" href=\"\/solicitud\">\n\t\t\t\t\t\t<span class=\"elementor-button-content-wrapper\">\n\t\t\t\t\t\t\t\t\t<span class=\"elementor-button-text\">Professional: Solicitud de drets<\/span>\n\t\t\t\t\t<\/span>\n\t\t\t\t\t<\/a>\n\t\t\t\t<\/div>\n\t\t\t\t\t\t\t\t<\/div>\n\t\t\t\t<\/div>\n\t\t\t\t\t<\/div>\n\t\t<\/div>\n\t\t\t\t\t<\/div>\n\t\t<\/section>\n\t\t\t\t<div class=\"elementor-element elementor-element-796d1be elementor-widget elementor-widget-spacer\" data-id=\"796d1be\" data-element_type=\"widget\" data-e-type=\"widget\" data-widget_type=\"spacer.default\">\n\t\t\t\t<div class=\"elementor-widget-container\">\n\t\t\t\t\t\t\t<div class=\"elementor-spacer\">\n\t\t\t<div class=\"elementor-spacer-inner\"><\/div>\n\t\t<\/div>\n\t\t\t\t\t\t<\/div>\n\t\t\t\t<\/div>\n\t\t\t\t\t<\/div>\n\t\t<\/div>\n\t\t\t\t\t<\/div>\n\t\t<\/section>\n\t\t\t\t<\/div>\n\t\t","protected":false},"excerpt":{"rendered":"<p>MARTA BUCHACA MARTA BUCHACA (Barcelona, 1979). Llicenciada en Humanitats per la Universitat Aut\u00f2noma de Barcelona. S\u2019ha format com a dramaturga en el Centre d\u2019\u00c9tudes Th\u00e9\u00e2trales de Louvain-la-Neuve (B\u00e8lgica) i en el taller de la Sala Beckett. La seva primera obra va ser de&nbsp;L\u2019olor sota la Pell&nbsp;(V Premi Joaquim Bartrina; Sala Beckett, 2005). M\u00e9s tard va &#8230; <a title=\"Marta Buchaca\" class=\"read-more\" href=\"https:\/\/martafluvia.com\/ca\/marta-buchaca\/\">Llegiu m\u00e9s<\/a><\/p>\n","protected":false},"author":1,"featured_media":0,"parent":0,"menu_order":0,"comment_status":"closed","ping_status":"closed","template":"elementor_header_footer","meta":{"footnotes":""},"class_list":["post-1569","page","type-page","status-publish"],"yoast_head":"<!-- This site is optimized with the Yoast SEO plugin v27.3 - https:\/\/yoast.com\/product\/yoast-seo-wordpress\/ -->\n<title>Marta Buchaca - Marta Fluvi\u00e0<\/title>\n<meta name=\"description\" content=\"Conegui a la nostra autora Marta Buchaca. Solicita tus derechos de representaci\u00f3n para alguna de sus obras mediante nuestro formulario.\" \/>\n<meta name=\"robots\" content=\"index, follow, max-snippet:-1, max-image-preview:large, max-video-preview:-1\" \/>\n<link rel=\"canonical\" href=\"https:\/\/martafluvia.com\/ca\/marta-buchaca\/\" \/>\n<meta property=\"og:locale\" content=\"ca_ES\" \/>\n<meta property=\"og:type\" content=\"article\" \/>\n<meta property=\"og:title\" content=\"Marta Buchaca - Marta Fluvi\u00e0\" \/>\n<meta property=\"og:description\" content=\"Conegui a la nostra autora Marta Buchaca. Solicita tus derechos de representaci\u00f3n para alguna de sus obras mediante nuestro formulario.\" \/>\n<meta property=\"og:url\" content=\"https:\/\/martafluvia.com\/ca\/marta-buchaca\/\" \/>\n<meta property=\"og:site_name\" content=\"Marta Fluvi\u00e0\" \/>\n<meta property=\"article:publisher\" content=\"https:\/\/www.facebook.com\/martafluviaagency\/\" \/>\n<meta property=\"article:modified_time\" content=\"2024-04-05T08:20:29+00:00\" \/>\n<meta property=\"og:image\" content=\"https:\/\/martafluvia.com\/wp-content\/uploads\/2023\/05\/I22_Marta_238_01-1.jpg\" \/>\n<meta name=\"twitter:card\" content=\"summary_large_image\" \/>\n<meta name=\"twitter:label1\" content=\"Temps estimat de lectura\" \/>\n\t<meta name=\"twitter:data1\" content=\"3 minuts\" \/>\n<script type=\"application\/ld+json\" class=\"yoast-schema-graph\">{\"@context\":\"https:\\\/\\\/schema.org\",\"@graph\":[{\"@type\":\"WebPage\",\"@id\":\"https:\\\/\\\/martafluvia.com\\\/ca\\\/marta-buchaca\\\/\",\"url\":\"https:\\\/\\\/martafluvia.com\\\/ca\\\/marta-buchaca\\\/\",\"name\":\"Marta Buchaca - Marta Fluvi\u00e0\",\"isPartOf\":{\"@id\":\"https:\\\/\\\/martafluvia.com\\\/en\\\/#website\"},\"primaryImageOfPage\":{\"@id\":\"https:\\\/\\\/martafluvia.com\\\/ca\\\/marta-buchaca\\\/#primaryimage\"},\"image\":{\"@id\":\"https:\\\/\\\/martafluvia.com\\\/ca\\\/marta-buchaca\\\/#primaryimage\"},\"thumbnailUrl\":\"https:\\\/\\\/martafluvia.com\\\/wp-content\\\/uploads\\\/2023\\\/05\\\/I22_Marta_238_01-1.jpg\",\"datePublished\":\"2018-12-23T22:13:04+00:00\",\"dateModified\":\"2024-04-05T08:20:29+00:00\",\"description\":\"Conegui a la nostra autora Marta Buchaca. Solicita tus derechos de representaci\u00f3n para alguna de sus obras mediante nuestro formulario.\",\"breadcrumb\":{\"@id\":\"https:\\\/\\\/martafluvia.com\\\/ca\\\/marta-buchaca\\\/#breadcrumb\"},\"inLanguage\":\"ca\",\"potentialAction\":[{\"@type\":\"ReadAction\",\"target\":[\"https:\\\/\\\/martafluvia.com\\\/ca\\\/marta-buchaca\\\/\"]}]},{\"@type\":\"ImageObject\",\"inLanguage\":\"ca\",\"@id\":\"https:\\\/\\\/martafluvia.com\\\/ca\\\/marta-buchaca\\\/#primaryimage\",\"url\":\"https:\\\/\\\/martafluvia.com\\\/wp-content\\\/uploads\\\/2023\\\/05\\\/I22_Marta_238_01-1.jpg\",\"contentUrl\":\"https:\\\/\\\/martafluvia.com\\\/wp-content\\\/uploads\\\/2023\\\/05\\\/I22_Marta_238_01-1.jpg\"},{\"@type\":\"BreadcrumbList\",\"@id\":\"https:\\\/\\\/martafluvia.com\\\/ca\\\/marta-buchaca\\\/#breadcrumb\",\"itemListElement\":[{\"@type\":\"ListItem\",\"position\":1,\"name\":\"Portada\",\"item\":\"https:\\\/\\\/martafluvia.com\\\/ca\\\/\"},{\"@type\":\"ListItem\",\"position\":2,\"name\":\"Marta Buchaca\"}]},{\"@type\":\"WebSite\",\"@id\":\"https:\\\/\\\/martafluvia.com\\\/en\\\/#website\",\"url\":\"https:\\\/\\\/martafluvia.com\\\/en\\\/\",\"name\":\"Marta Fluvi\u00e0\",\"description\":\"Theatrical Literary Agency\",\"publisher\":{\"@id\":\"https:\\\/\\\/martafluvia.com\\\/en\\\/#organization\"},\"potentialAction\":[{\"@type\":\"SearchAction\",\"target\":{\"@type\":\"EntryPoint\",\"urlTemplate\":\"https:\\\/\\\/martafluvia.com\\\/en\\\/?s={search_term_string}\"},\"query-input\":{\"@type\":\"PropertyValueSpecification\",\"valueRequired\":true,\"valueName\":\"search_term_string\"}}],\"inLanguage\":\"ca\"},{\"@type\":\"Organization\",\"@id\":\"https:\\\/\\\/martafluvia.com\\\/en\\\/#organization\",\"name\":\"Marta Fluvi\u00e0 Agency\",\"url\":\"https:\\\/\\\/martafluvia.com\\\/en\\\/\",\"logo\":{\"@type\":\"ImageObject\",\"inLanguage\":\"ca\",\"@id\":\"https:\\\/\\\/martafluvia.com\\\/en\\\/#\\\/schema\\\/logo\\\/image\\\/\",\"url\":\"https:\\\/\\\/martafluvia.com\\\/wp-content\\\/uploads\\\/2017\\\/12\\\/logo-marta-english-1.jpg\",\"contentUrl\":\"https:\\\/\\\/martafluvia.com\\\/wp-content\\\/uploads\\\/2017\\\/12\\\/logo-marta-english-1.jpg\",\"width\":2118,\"height\":783,\"caption\":\"Marta Fluvi\u00e0 Agency\"},\"image\":{\"@id\":\"https:\\\/\\\/martafluvia.com\\\/en\\\/#\\\/schema\\\/logo\\\/image\\\/\"},\"sameAs\":[\"https:\\\/\\\/www.facebook.com\\\/martafluviaagency\\\/\"]}]}<\/script>\n<!-- \/ Yoast SEO plugin. -->","yoast_head_json":{"title":"Marta Buchaca - Marta Fluvi\u00e0","description":"Conegui a la nostra autora Marta Buchaca. Solicita tus derechos de representaci\u00f3n para alguna de sus obras mediante nuestro formulario.","robots":{"index":"index","follow":"follow","max-snippet":"max-snippet:-1","max-image-preview":"max-image-preview:large","max-video-preview":"max-video-preview:-1"},"canonical":"https:\/\/martafluvia.com\/ca\/marta-buchaca\/","og_locale":"ca_ES","og_type":"article","og_title":"Marta Buchaca - Marta Fluvi\u00e0","og_description":"Conegui a la nostra autora Marta Buchaca. Solicita tus derechos de representaci\u00f3n para alguna de sus obras mediante nuestro formulario.","og_url":"https:\/\/martafluvia.com\/ca\/marta-buchaca\/","og_site_name":"Marta Fluvi\u00e0","article_publisher":"https:\/\/www.facebook.com\/martafluviaagency\/","article_modified_time":"2024-04-05T08:20:29+00:00","og_image":[{"url":"https:\/\/martafluvia.com\/wp-content\/uploads\/2023\/05\/I22_Marta_238_01-1.jpg","type":"","width":"","height":""}],"twitter_card":"summary_large_image","twitter_misc":{"Temps estimat de lectura":"3 minuts"},"schema":{"@context":"https:\/\/schema.org","@graph":[{"@type":"WebPage","@id":"https:\/\/martafluvia.com\/ca\/marta-buchaca\/","url":"https:\/\/martafluvia.com\/ca\/marta-buchaca\/","name":"Marta Buchaca - Marta Fluvi\u00e0","isPartOf":{"@id":"https:\/\/martafluvia.com\/en\/#website"},"primaryImageOfPage":{"@id":"https:\/\/martafluvia.com\/ca\/marta-buchaca\/#primaryimage"},"image":{"@id":"https:\/\/martafluvia.com\/ca\/marta-buchaca\/#primaryimage"},"thumbnailUrl":"https:\/\/martafluvia.com\/wp-content\/uploads\/2023\/05\/I22_Marta_238_01-1.jpg","datePublished":"2018-12-23T22:13:04+00:00","dateModified":"2024-04-05T08:20:29+00:00","description":"Conegui a la nostra autora Marta Buchaca. Solicita tus derechos de representaci\u00f3n para alguna de sus obras mediante nuestro formulario.","breadcrumb":{"@id":"https:\/\/martafluvia.com\/ca\/marta-buchaca\/#breadcrumb"},"inLanguage":"ca","potentialAction":[{"@type":"ReadAction","target":["https:\/\/martafluvia.com\/ca\/marta-buchaca\/"]}]},{"@type":"ImageObject","inLanguage":"ca","@id":"https:\/\/martafluvia.com\/ca\/marta-buchaca\/#primaryimage","url":"https:\/\/martafluvia.com\/wp-content\/uploads\/2023\/05\/I22_Marta_238_01-1.jpg","contentUrl":"https:\/\/martafluvia.com\/wp-content\/uploads\/2023\/05\/I22_Marta_238_01-1.jpg"},{"@type":"BreadcrumbList","@id":"https:\/\/martafluvia.com\/ca\/marta-buchaca\/#breadcrumb","itemListElement":[{"@type":"ListItem","position":1,"name":"Portada","item":"https:\/\/martafluvia.com\/ca\/"},{"@type":"ListItem","position":2,"name":"Marta Buchaca"}]},{"@type":"WebSite","@id":"https:\/\/martafluvia.com\/en\/#website","url":"https:\/\/martafluvia.com\/en\/","name":"Marta Fluvi\u00e0","description":"Theatrical Literary Agency","publisher":{"@id":"https:\/\/martafluvia.com\/en\/#organization"},"potentialAction":[{"@type":"SearchAction","target":{"@type":"EntryPoint","urlTemplate":"https:\/\/martafluvia.com\/en\/?s={search_term_string}"},"query-input":{"@type":"PropertyValueSpecification","valueRequired":true,"valueName":"search_term_string"}}],"inLanguage":"ca"},{"@type":"Organization","@id":"https:\/\/martafluvia.com\/en\/#organization","name":"Marta Fluvi\u00e0 Agency","url":"https:\/\/martafluvia.com\/en\/","logo":{"@type":"ImageObject","inLanguage":"ca","@id":"https:\/\/martafluvia.com\/en\/#\/schema\/logo\/image\/","url":"https:\/\/martafluvia.com\/wp-content\/uploads\/2017\/12\/logo-marta-english-1.jpg","contentUrl":"https:\/\/martafluvia.com\/wp-content\/uploads\/2017\/12\/logo-marta-english-1.jpg","width":2118,"height":783,"caption":"Marta Fluvi\u00e0 Agency"},"image":{"@id":"https:\/\/martafluvia.com\/en\/#\/schema\/logo\/image\/"},"sameAs":["https:\/\/www.facebook.com\/martafluviaagency\/"]}]}},"_links":{"self":[{"href":"https:\/\/martafluvia.com\/ca\/wp-json\/wp\/v2\/pages\/1569","targetHints":{"allow":["GET"]}}],"collection":[{"href":"https:\/\/martafluvia.com\/ca\/wp-json\/wp\/v2\/pages"}],"about":[{"href":"https:\/\/martafluvia.com\/ca\/wp-json\/wp\/v2\/types\/page"}],"author":[{"embeddable":true,"href":"https:\/\/martafluvia.com\/ca\/wp-json\/wp\/v2\/users\/1"}],"replies":[{"embeddable":true,"href":"https:\/\/martafluvia.com\/ca\/wp-json\/wp\/v2\/comments?post=1569"}],"version-history":[{"count":63,"href":"https:\/\/martafluvia.com\/ca\/wp-json\/wp\/v2\/pages\/1569\/revisions"}],"predecessor-version":[{"id":24039,"href":"https:\/\/martafluvia.com\/ca\/wp-json\/wp\/v2\/pages\/1569\/revisions\/24039"}],"wp:attachment":[{"href":"https:\/\/martafluvia.com\/ca\/wp-json\/wp\/v2\/media?parent=1569"}],"curies":[{"name":"wp","href":"https:\/\/api.w.org\/{rel}","templated":true}]}}