{"id":1565,"date":"2018-12-23T22:09:43","date_gmt":"2018-12-23T22:09:43","guid":{"rendered":"http:\/\/martafluvia.com\/jordi-galceran\/"},"modified":"2024-03-22T10:34:17","modified_gmt":"2024-03-22T09:34:17","slug":"jordi-galceran","status":"publish","type":"page","link":"https:\/\/martafluvia.com\/ca\/jordi-galceran\/","title":{"rendered":"Jordi Galceran"},"content":{"rendered":"\t\t<div data-elementor-type=\"wp-post\" data-elementor-id=\"1565\" class=\"elementor elementor-1565 elementor-308\" data-elementor-post-type=\"page\">\n\t\t\t\t\t\t<section class=\"elementor-section elementor-top-section elementor-element elementor-element-469b142 elementor-section-boxed elementor-section-height-default elementor-section-height-default\" data-id=\"469b142\" data-element_type=\"section\" data-e-type=\"section\">\n\t\t\t\t\t\t<div class=\"elementor-container elementor-column-gap-default\">\n\t\t\t\t\t<div class=\"elementor-column elementor-col-100 elementor-top-column elementor-element elementor-element-918cb63\" data-id=\"918cb63\" data-element_type=\"column\" data-e-type=\"column\">\n\t\t\t<div class=\"elementor-widget-wrap elementor-element-populated\">\n\t\t\t\t\t\t<div class=\"elementor-element elementor-element-9e8d443 elementor-widget elementor-widget-heading\" data-id=\"9e8d443\" data-element_type=\"widget\" data-e-type=\"widget\" data-widget_type=\"heading.default\">\n\t\t\t\t<div class=\"elementor-widget-container\">\n\t\t\t\t\t<h2 class=\"elementor-heading-title elementor-size-default\">JORDI GALCERAN<\/h2>\t\t\t\t<\/div>\n\t\t\t\t<\/div>\n\t\t\t\t<div class=\"elementor-element elementor-element-6a25fbc elementor-widget elementor-widget-image\" data-id=\"6a25fbc\" data-element_type=\"widget\" data-e-type=\"widget\" data-widget_type=\"image.default\">\n\t\t\t\t<div class=\"elementor-widget-container\">\n\t\t\t\t\t\t\t\t\t\t\t\t\t\t\t<img fetchpriority=\"high\" decoding=\"async\" width=\"1024\" height=\"683\" src=\"https:\/\/martafluvia.com\/wp-content\/uploads\/2023\/05\/foto_GALCERAN-1-1024x683.jpg\" class=\"attachment-large size-large wp-image-17389\" alt=\"\" srcset=\"https:\/\/martafluvia.com\/wp-content\/uploads\/2023\/05\/foto_GALCERAN-1-1024x683.jpg 1024w, https:\/\/martafluvia.com\/wp-content\/uploads\/2023\/05\/foto_GALCERAN-1-300x200.jpg 300w, https:\/\/martafluvia.com\/wp-content\/uploads\/2023\/05\/foto_GALCERAN-1-768x512.jpg 768w, https:\/\/martafluvia.com\/wp-content\/uploads\/2023\/05\/foto_GALCERAN-1-600x400.jpg 600w, https:\/\/martafluvia.com\/wp-content\/uploads\/2023\/05\/foto_GALCERAN-1-64x43.jpg 64w, https:\/\/martafluvia.com\/wp-content\/uploads\/2023\/05\/foto_GALCERAN-1.jpg 1200w\" sizes=\"(max-width: 1024px) 100vw, 1024px\" \/>\t\t\t\t\t\t\t\t\t\t\t\t\t\t\t<\/div>\n\t\t\t\t<\/div>\n\t\t\t\t<div class=\"elementor-element elementor-element-c34d881 elementor-widget__width-initial elementor-widget elementor-widget-text-editor\" data-id=\"c34d881\" data-element_type=\"widget\" data-e-type=\"widget\" data-widget_type=\"text-editor.default\">\n\t\t\t\t<div class=\"elementor-widget-container\">\n\t\t\t\t\t\t\t\t\t<p style=\"font-weight: 400;\"><strong>JORDI GALCERAN (Barcelona, 1964). <\/strong>\u00c9s un autor teatral i guionista que escriu tant en catal\u00e0 com en castell\u00e0. Va estudiar Filologia Catalana a la Universitat de Barcelona. Des de la seva joventut que treballa d\u2019actor, director i autor en companyies independents de teatre. A partir del 1988 va comen\u00e7ar a escriure com\u00e8dies, algunes de les quals es representen en els circuits d\u2019aficionats, dirigides per ell mateix.<\/p>\n<p style=\"font-weight: 400;\">Al 1995 va guanyar el premi Born de teatre amb l\u2019obra <strong><em>Paraules encadenades<\/em><\/strong>, t\u00edtol amb el que tamb\u00e9 va obtenir el premi Cr\u00edtica Serra d\u2019Or de 1997 i, amb <strong><em>Dakota<\/em><\/strong> (1995), guanya el premi Ignasi Iglesias de l\u2019Institut del Teatre de la Diputaci\u00f3 de Barcelona de 1995.<\/p>\n<p style=\"font-weight: 400;\">\n<\/p><p style=\"font-weight: 400;\"><strong><em>Surf<\/em><\/strong> i <strong><em>Fruita<\/em><\/strong>, s\u00f3n dues com\u00e8dies anteriors que s\u2019estrenen l\u2019any 1998.<\/p>\n<p style=\"font-weight: 400;\">Juntament amb Esteve Miralles i Albert Guinovart,&nbsp; va escriure els espectacles musicals <strong><em>Parad\u00eds<\/em><\/strong> (2000) i <strong><em>Gaud\u00ed <\/em><\/strong>(2002), obres que van aconseguir el premi Butaca al millor espectacle musical.<\/p>\n<p style=\"font-weight: 400;\">\n<\/p><p style=\"font-weight: 400;\">L\u2019obra amb la que ha aconseguit major \u00e8xit nacional i internacional ha estat <strong><em>El m\u00e9todo Gr\u00f6nholm<\/em><\/strong> (2003), guanyadora d\u2019un premi Max. Ja l\u2019han vist m\u00e9s de dos milions d\u2019espectadors i s\u2019ha representat en uns setanta pa\u00efsos.<\/p>\n<p style=\"font-weight: 400;\">\n<\/p><p style=\"font-weight: 400;\">Al 2005 va estrenar <strong><em>Carnaval<\/em><\/strong>, i al 2007, <strong><em>Canc\u00fan<\/em><\/strong>.<\/p>\n<p style=\"font-weight: 400;\">\n<\/p><p style=\"font-weight: 400;\"><strong><em>Burundanga<\/em><\/strong> (2011) \u00e9s la seva com\u00e8dia m\u00e9s longeva en temporada ininterrompuda, i actualment ja acumula la seva tretzena temporada a Madrid.<\/p>\n<p style=\"font-weight: 400;\">\n<\/p><p style=\"font-weight: 400;\"><strong><em>El cr\u00e8dit<\/em><\/strong> (2012) tamb\u00e9 obt\u00e9 un gran ress\u00f2 internacional i ja s\u2019ha estrenat a una vintena de pa\u00efsos.<\/p>\n<p style=\"font-weight: 400;\">Tamb\u00e9 ha realitzat una dotzena d\u2019adaptacions teatrals, entre elles <strong><em>Conversaciones con mam\u00e1<\/em><\/strong> (2010), <strong><em>Los Asquerosos<\/em><\/strong> (2020) o l\u2019adaptaci\u00f3 espanyola del musical El Rey Le\u00f3n. I tamb\u00e9 m\u00e9s d\u2019una trentena de traduccions d\u2019autors com Goldoni, Gogol, De Filippo, Yasmina Reza o David Mamet.<\/p>\n<p style=\"font-weight: 400;\">A m\u00e9s de la seva activitat teatral ha escrit els guions de diverses s\u00e8ries de televisi\u00f3 i pel\u00b7l\u00edcules. Tamb\u00e9 diverses narracions breus amb el col\u00b7lectiu Germans Miranda i ha col\u00b7laborat a La Vanguardia i el Diari Ara.<\/p>\n<p style=\"font-weight: 400;\">L\u2019\u00faltima obra que ha escrit i estrenat \u00e9s la de <strong><em>Fitzroy<\/em><\/strong> (Teatre Borr\u00e0s de Barcelona, 2023).<\/p>\n<p style=\"font-weight: 400;\"><br><\/p>\n<p style=\"font-weight: 400;\">\n<\/p><p style=\"font-weight: 400;\">CAT\u00c0LEG:<\/p>\n<table style=\"font-weight: 400;\">\n<tbody>\n<tr>\n<td width=\"157\">\n<p><strong>T\u00cdTOL<\/strong><\/p>\n<\/td>\n<td width=\"132\">\n<p><strong>G\u00c8NERE<\/strong><\/p>\n<\/td>\n<td width=\"139\">\n<p><strong>PERSONATGES MASCULINS<\/strong><\/p>\n<\/td>\n<td width=\"139\">\n<p><strong>PERSONATGES FEMENINS<\/strong><\/p>\n<\/td>\n<\/tr>\n<tr>\n<td width=\"157\">\n<p><a href=\"https:\/\/martafluvia.com\/ca\/jordi-galceran\/el-metode-gronholm\/\" target=\"_blank\">El m\u00e8tode Gr\u00f6nholm<\/a><br><\/p>\n<p><em><br><\/em><\/p>\n<\/td>\n<td width=\"132\">\n<p>Com\u00e8dia<\/p>\n<\/td>\n<td width=\"139\">\n<p>3<\/p>\n<\/td>\n<td width=\"139\">\n<p>1<\/p>\n<\/td>\n<\/tr>\n<tr>\n<td width=\"157\">\n<p><a href=\"https:\/\/martafluvia.com\/ca\/jordi-galceran\/paraules-encadenades\/\" target=\"_blank\">Paraules encadenades<\/a><br><\/p>\n<p><em>&nbsp;<\/em><\/p>\n<\/td>\n<td width=\"132\">\n<p>Thriller<\/p>\n<\/td>\n<td width=\"139\">\n<p>1<\/p>\n<\/td>\n<td width=\"139\">\n<p>1<\/p>\n<\/td>\n<\/tr>\n<tr>\n<td width=\"157\">\n<p><a href=\"https:\/\/martafluvia.com\/ca\/jordi-galceran\/el-credit\/\" target=\"_blank\">El cr\u00e8dit<\/a><br><\/p>\n<p><em>&nbsp;<\/em><\/p>\n<\/td>\n<td width=\"132\">\n<p>Com\u00e8dia<\/p>\n<\/td>\n<td width=\"139\">\n<p>2<\/p>\n<\/td>\n<td width=\"139\">\n<\/td>\n<\/tr>\n<tr>\n<td width=\"157\">\n<p><a href=\"https:\/\/martafluvia.com\/ca\/jordi-galceran\/burundanga\/\" target=\"_blank\">Burundanga<\/a><br><\/p>\n<p><em>&nbsp;<\/em><\/p>\n<\/td>\n<td width=\"132\">\n<p>Com\u00e8dia<\/p>\n<\/td>\n<td width=\"139\">\n<p>3<\/p>\n<\/td>\n<td width=\"139\">\n<p>2<\/p>\n<\/td>\n<\/tr>\n<tr>\n<td width=\"157\">\n<p><a href=\"https:\/\/martafluvia.com\/ca\/jordi-galceran\/cancun\/\" target=\"_blank\">Canc\u00fan<\/a><br><\/p>\n<p><em>&nbsp;<\/em><\/p>\n<\/td>\n<td width=\"132\">\n<p>Com\u00e8dia<\/p>\n<\/td>\n<td width=\"139\">\n<p>2<\/p>\n<\/td>\n<td width=\"139\">\n<p>2<\/p>\n<\/td>\n<\/tr>\n<tr>\n<td width=\"157\">\n<p><a href=\"https:\/\/martafluvia.com\/ca\/jordi-galceran\/dakota\/\" target=\"_blank\">Dakota<\/a><br><\/p>\n<p><em>&nbsp;<\/em><\/p>\n<\/td>\n<td width=\"132\">\n<p>Com\u00e8dia<\/p>\n<\/td>\n<td width=\"139\">\n<p>3<\/p>\n<\/td>\n<td width=\"139\">\n<p>1<\/p>\n<\/td>\n<\/tr>\n<tr>\n<td width=\"157\">\n<p><a href=\"https:\/\/martafluvia.com\/ca\/jordi-galceran\/fuga\/\" target=\"_blank\">Fuga<\/a><br><\/p>\n<p><em>&nbsp;<\/em><\/p>\n<\/td>\n<td width=\"132\">\n<p>Com\u00e8dia<\/p>\n<\/td>\n<td width=\"139\">\n<p>3<\/p>\n<\/td>\n<td width=\"139\">\n<p>2<\/p>\n<\/td>\n<\/tr>\n<tr>\n<td width=\"157\">\n<p><a href=\"https:\/\/martafluvia.com\/ca\/jordi-galceran\/carnaval\/\" target=\"_blank\">Carnaval<\/a><br><\/p>\n<p><em>&nbsp;<\/em><\/p>\n<\/td>\n<td width=\"132\">\n<p>Thriller<\/p>\n<\/td>\n<td width=\"139\">\n<p>2<\/p>\n<\/td>\n<td width=\"139\">\n<p>3<\/p>\n<\/td>\n<\/tr>\n<tr>\n<td width=\"157\">\n<p><a href=\"https:\/\/martafluvia.com\/ca\/jordi-galceran\/fitzroy\/\" target=\"_blank\">Fitzroy<\/a><br><\/p>\n<p><em>&nbsp;<\/em><\/p>\n<\/td>\n<td width=\"132\">\n<p>Com\u00e8dia<\/p>\n<\/td>\n<td width=\"139\">\n<\/td>\n<td width=\"139\">\n<p>4<\/p>\n<\/td>\n<\/tr>\n<tr>\n<td width=\"157\">\n<p><strong><em>&nbsp;<\/em><\/strong><strong style=\"color: var( --e-global-color-text ); font-family: var( --e-global-typography-text-font-family ), Sans-serif; letter-spacing: 0.2px;\"><em>ADAPTACIONS<\/em><\/strong><\/p>\n<\/td>\n<td width=\"132\">\n<\/td>\n<td width=\"139\">\n<\/td>\n<td width=\"139\">\n<\/td>\n<\/tr>\n<tr>\n<td width=\"157\">\n<p><a href=\"https:\/\/martafluvia.com\/ca\/jordi-galceran\/conversaciones-con-mama\/\" target=\"_blank\">Conversaciones con m\u00e1m\u00e1 de Santiago Oves<\/a><br><\/p>\n<\/td>\n<td width=\"132\">\n<p>Com\u00e8dia dram\u00e0tica<\/p>\n<\/td>\n<td width=\"139\">\n<p>1<\/p>\n<\/td>\n<td width=\"139\">\n<p>1<\/p>\n<\/td>\n<\/tr>\n<tr>\n<td width=\"157\">\n<p><a href=\"https:\/\/martafluvia.com\/ca\/jordi-galceran\/un-dios-salvaje\/\" target=\"_blank\">Un dios salvaje de Yasmina Reza<\/a><br><\/p><p><br><\/p>\n<\/td>\n<td width=\"132\">\n<p>Com\u00e8dia<\/p>\n<\/td>\n<td width=\"139\">\n<p>2<\/p>\n<\/td>\n<td width=\"139\">\n<p>2<\/p>\n<\/td>\n<\/tr>\n<tr>\n<td width=\"157\">\n<p><a href=\"https:\/\/martafluvia.com\/ca\/jordi-galceran\/el-nombre\/\" target=\"_blank\">El nombre de Delaporte&amp;Patelli\u00e8re<\/a><br><\/p><p><br><\/p>\n<\/td>\n<td width=\"132\">\n<p>Com\u00e8dia<\/p>\n<\/td>\n<td width=\"139\">\n<p>3<\/p>\n<\/td>\n<td width=\"139\">\n<p>2<\/p>\n<\/td>\n<\/tr>\n<tr>\n<td width=\"157\">\n<p><a href=\"https:\/\/martafluvia.com\/ca\/jordi-galceran\/el-inspector\/\" target=\"_blank\">El inspector de Nicolai G\u00f3gol<\/a><br><\/p><p><br><\/p>\n<\/td>\n<td width=\"132\">\n<p>Com\u00e8dia<\/p>\n<\/td>\n<td width=\"139\">\n<p>11<\/p>\n<\/td>\n<td width=\"139\">\n<p>6<\/p>\n<\/td>\n<\/tr>\n<\/tbody>\n<\/table>\t\t\t\t\t\t\t\t<\/div>\n\t\t\t\t<\/div>\n\t\t\t\t\t<\/div>\n\t\t<\/div>\n\t\t\t\t\t<\/div>\n\t\t<\/section>\n\t\t\t\t<section class=\"elementor-section elementor-top-section elementor-element elementor-element-c1f50fd elementor-section-boxed elementor-section-height-default elementor-section-height-default\" data-id=\"c1f50fd\" data-element_type=\"section\" data-e-type=\"section\">\n\t\t\t\t\t\t<div class=\"elementor-container elementor-column-gap-default\">\n\t\t\t\t\t<div class=\"elementor-column elementor-col-100 elementor-top-column elementor-element elementor-element-2ebaeda\" data-id=\"2ebaeda\" data-element_type=\"column\" data-e-type=\"column\">\n\t\t\t<div class=\"elementor-widget-wrap elementor-element-populated\">\n\t\t\t\t\t\t<div class=\"elementor-element elementor-element-466177c elementor-widget-divider--view-line elementor-widget elementor-widget-divider\" data-id=\"466177c\" data-element_type=\"widget\" data-e-type=\"widget\" data-widget_type=\"divider.default\">\n\t\t\t\t<div class=\"elementor-widget-container\">\n\t\t\t\t\t\t\t<div class=\"elementor-divider\">\n\t\t\t<span class=\"elementor-divider-separator\">\n\t\t\t\t\t\t<\/span>\n\t\t<\/div>\n\t\t\t\t\t\t<\/div>\n\t\t\t\t<\/div>\n\t\t\t\t<div class=\"elementor-element elementor-element-c834617 elementor-widget elementor-widget-text-editor\" data-id=\"c834617\" data-element_type=\"widget\" data-e-type=\"widget\" data-widget_type=\"text-editor.default\">\n\t\t\t\t<div class=\"elementor-widget-container\">\n\t\t\t\t\t\t\t\t\t<div class=\"elementor-element elementor-element-b6f9d45 elementor-widget elementor-widget-text-editor\" data-id=\"b6f9d45\" data-element_type=\"text-editor.default\"><div class=\"elementor-widget-container\"><div class=\"elementor-text-editor elementor-clearfix\"><p style=\"text-align: center;\">Solicitar drets de representaci\u00f3:<\/p><\/div><\/div><\/div>\t\t\t\t\t\t\t\t<\/div>\n\t\t\t\t<\/div>\n\t\t\t\t<section class=\"elementor-section elementor-inner-section elementor-element elementor-element-dff089e elementor-section-boxed elementor-section-height-default elementor-section-height-default\" data-id=\"dff089e\" data-element_type=\"section\" data-e-type=\"section\">\n\t\t\t\t\t\t<div class=\"elementor-container elementor-column-gap-default\">\n\t\t\t\t\t<div class=\"elementor-column elementor-col-50 elementor-inner-column elementor-element elementor-element-e56ab2a\" data-id=\"e56ab2a\" data-element_type=\"column\" data-e-type=\"column\">\n\t\t\t<div class=\"elementor-widget-wrap elementor-element-populated\">\n\t\t\t\t\t\t<div class=\"elementor-element elementor-element-9ca971e elementor-button-info elementor-align-center elementor-widget elementor-widget-button\" data-id=\"9ca971e\" data-element_type=\"widget\" data-e-type=\"widget\" data-widget_type=\"button.default\">\n\t\t\t\t<div class=\"elementor-widget-container\">\n\t\t\t\t\t\t\t\t\t<div class=\"elementor-button-wrapper\">\n\t\t\t\t\t<a class=\"elementor-button elementor-button-link elementor-size-md\" href=\"\/licencia-amateur\">\n\t\t\t\t\t\t<span class=\"elementor-button-content-wrapper\">\n\t\t\t\t\t\t\t\t\t<span class=\"elementor-button-text\">Amateur: Solicitud de drets<\/span>\n\t\t\t\t\t<\/span>\n\t\t\t\t\t<\/a>\n\t\t\t\t<\/div>\n\t\t\t\t\t\t\t\t<\/div>\n\t\t\t\t<\/div>\n\t\t\t\t\t<\/div>\n\t\t<\/div>\n\t\t\t\t<div class=\"elementor-column elementor-col-50 elementor-inner-column elementor-element elementor-element-26b7295\" data-id=\"26b7295\" data-element_type=\"column\" data-e-type=\"column\">\n\t\t\t<div class=\"elementor-widget-wrap elementor-element-populated\">\n\t\t\t\t\t\t<div class=\"elementor-element elementor-element-861b925 elementor-button-info elementor-align-center elementor-widget elementor-widget-button\" data-id=\"861b925\" data-element_type=\"widget\" data-e-type=\"widget\" data-widget_type=\"button.default\">\n\t\t\t\t<div class=\"elementor-widget-container\">\n\t\t\t\t\t\t\t\t\t<div class=\"elementor-button-wrapper\">\n\t\t\t\t\t<a class=\"elementor-button elementor-button-link elementor-size-md\" href=\"\/solicitud\">\n\t\t\t\t\t\t<span class=\"elementor-button-content-wrapper\">\n\t\t\t\t\t\t\t\t\t<span class=\"elementor-button-text\">Professional: Solicitud de drets<\/span>\n\t\t\t\t\t<\/span>\n\t\t\t\t\t<\/a>\n\t\t\t\t<\/div>\n\t\t\t\t\t\t\t\t<\/div>\n\t\t\t\t<\/div>\n\t\t\t\t\t<\/div>\n\t\t<\/div>\n\t\t\t\t\t<\/div>\n\t\t<\/section>\n\t\t\t\t<div class=\"elementor-element elementor-element-c648f0c elementor-widget elementor-widget-spacer\" data-id=\"c648f0c\" data-element_type=\"widget\" data-e-type=\"widget\" data-widget_type=\"spacer.default\">\n\t\t\t\t<div class=\"elementor-widget-container\">\n\t\t\t\t\t\t\t<div class=\"elementor-spacer\">\n\t\t\t<div class=\"elementor-spacer-inner\"><\/div>\n\t\t<\/div>\n\t\t\t\t\t\t<\/div>\n\t\t\t\t<\/div>\n\t\t\t\t\t<\/div>\n\t\t<\/div>\n\t\t\t\t\t<\/div>\n\t\t<\/section>\n\t\t\t\t<\/div>\n\t\t","protected":false},"excerpt":{"rendered":"<p>JORDI GALCERAN JORDI GALCERAN (Barcelona, 1964). \u00c9s un autor teatral i guionista que escriu tant en catal\u00e0 com en castell\u00e0. Va estudiar Filologia Catalana a la Universitat de Barcelona. Des de la seva joventut que treballa d\u2019actor, director i autor en companyies independents de teatre. A partir del 1988 va comen\u00e7ar a escriure com\u00e8dies, algunes &#8230; <a title=\"Jordi Galceran\" class=\"read-more\" href=\"https:\/\/martafluvia.com\/ca\/jordi-galceran\/\">Llegiu m\u00e9s<\/a><\/p>\n","protected":false},"author":1,"featured_media":0,"parent":0,"menu_order":0,"comment_status":"closed","ping_status":"closed","template":"elementor_header_footer","meta":{"footnotes":""},"class_list":["post-1565","page","type-page","status-publish"],"yoast_head":"<!-- This site is optimized with the Yoast SEO plugin v27.3 - https:\/\/yoast.com\/product\/yoast-seo-wordpress\/ -->\n<title>Jordi Galceran - Marta Fluvi\u00e0<\/title>\n<meta name=\"description\" content=\"Conegui al nostre autor Jordi Galceran. Sol\u00b7licitar els drets de representaci\u00f3 per a qualsevol de les seves obres mitjan\u00e7ant el nostre formulari.\" \/>\n<meta name=\"robots\" content=\"index, follow, max-snippet:-1, max-image-preview:large, max-video-preview:-1\" \/>\n<link rel=\"canonical\" href=\"https:\/\/martafluvia.com\/ca\/jordi-galceran\/\" \/>\n<meta property=\"og:locale\" content=\"ca_ES\" \/>\n<meta property=\"og:type\" content=\"article\" \/>\n<meta property=\"og:title\" content=\"Jordi Galceran - Marta Fluvi\u00e0\" \/>\n<meta property=\"og:description\" content=\"Conegui al nostre autor Jordi Galceran. Sol\u00b7licitar els drets de representaci\u00f3 per a qualsevol de les seves obres mitjan\u00e7ant el nostre formulari.\" \/>\n<meta property=\"og:url\" content=\"https:\/\/martafluvia.com\/ca\/jordi-galceran\/\" \/>\n<meta property=\"og:site_name\" content=\"Marta Fluvi\u00e0\" \/>\n<meta property=\"article:publisher\" content=\"https:\/\/www.facebook.com\/martafluviaagency\/\" \/>\n<meta property=\"article:modified_time\" content=\"2024-03-22T09:34:17+00:00\" \/>\n<meta property=\"og:image\" content=\"https:\/\/martafluvia.com\/wp-content\/uploads\/2023\/05\/foto_GALCERAN-1-1024x683.jpg\" \/>\n<meta name=\"twitter:card\" content=\"summary_large_image\" \/>\n<meta name=\"twitter:label1\" content=\"Temps estimat de lectura\" \/>\n\t<meta name=\"twitter:data1\" content=\"3 minuts\" \/>\n<script type=\"application\/ld+json\" class=\"yoast-schema-graph\">{\"@context\":\"https:\\\/\\\/schema.org\",\"@graph\":[{\"@type\":\"WebPage\",\"@id\":\"https:\\\/\\\/martafluvia.com\\\/ca\\\/jordi-galceran\\\/\",\"url\":\"https:\\\/\\\/martafluvia.com\\\/ca\\\/jordi-galceran\\\/\",\"name\":\"Jordi Galceran - Marta Fluvi\u00e0\",\"isPartOf\":{\"@id\":\"https:\\\/\\\/martafluvia.com\\\/en\\\/#website\"},\"primaryImageOfPage\":{\"@id\":\"https:\\\/\\\/martafluvia.com\\\/ca\\\/jordi-galceran\\\/#primaryimage\"},\"image\":{\"@id\":\"https:\\\/\\\/martafluvia.com\\\/ca\\\/jordi-galceran\\\/#primaryimage\"},\"thumbnailUrl\":\"https:\\\/\\\/martafluvia.com\\\/wp-content\\\/uploads\\\/2023\\\/05\\\/foto_GALCERAN-1-1024x683.jpg\",\"datePublished\":\"2018-12-23T22:09:43+00:00\",\"dateModified\":\"2024-03-22T09:34:17+00:00\",\"description\":\"Conegui al nostre autor Jordi Galceran. Sol\u00b7licitar els drets de representaci\u00f3 per a qualsevol de les seves obres mitjan\u00e7ant el nostre formulari.\",\"breadcrumb\":{\"@id\":\"https:\\\/\\\/martafluvia.com\\\/ca\\\/jordi-galceran\\\/#breadcrumb\"},\"inLanguage\":\"ca\",\"potentialAction\":[{\"@type\":\"ReadAction\",\"target\":[\"https:\\\/\\\/martafluvia.com\\\/ca\\\/jordi-galceran\\\/\"]}]},{\"@type\":\"ImageObject\",\"inLanguage\":\"ca\",\"@id\":\"https:\\\/\\\/martafluvia.com\\\/ca\\\/jordi-galceran\\\/#primaryimage\",\"url\":\"https:\\\/\\\/martafluvia.com\\\/wp-content\\\/uploads\\\/2023\\\/05\\\/foto_GALCERAN-1-1024x683.jpg\",\"contentUrl\":\"https:\\\/\\\/martafluvia.com\\\/wp-content\\\/uploads\\\/2023\\\/05\\\/foto_GALCERAN-1-1024x683.jpg\"},{\"@type\":\"BreadcrumbList\",\"@id\":\"https:\\\/\\\/martafluvia.com\\\/ca\\\/jordi-galceran\\\/#breadcrumb\",\"itemListElement\":[{\"@type\":\"ListItem\",\"position\":1,\"name\":\"Portada\",\"item\":\"https:\\\/\\\/martafluvia.com\\\/ca\\\/\"},{\"@type\":\"ListItem\",\"position\":2,\"name\":\"Jordi Galceran\"}]},{\"@type\":\"WebSite\",\"@id\":\"https:\\\/\\\/martafluvia.com\\\/en\\\/#website\",\"url\":\"https:\\\/\\\/martafluvia.com\\\/en\\\/\",\"name\":\"Marta Fluvi\u00e0\",\"description\":\"Theatrical Literary Agency\",\"publisher\":{\"@id\":\"https:\\\/\\\/martafluvia.com\\\/en\\\/#organization\"},\"potentialAction\":[{\"@type\":\"SearchAction\",\"target\":{\"@type\":\"EntryPoint\",\"urlTemplate\":\"https:\\\/\\\/martafluvia.com\\\/en\\\/?s={search_term_string}\"},\"query-input\":{\"@type\":\"PropertyValueSpecification\",\"valueRequired\":true,\"valueName\":\"search_term_string\"}}],\"inLanguage\":\"ca\"},{\"@type\":\"Organization\",\"@id\":\"https:\\\/\\\/martafluvia.com\\\/en\\\/#organization\",\"name\":\"Marta Fluvi\u00e0 Agency\",\"url\":\"https:\\\/\\\/martafluvia.com\\\/en\\\/\",\"logo\":{\"@type\":\"ImageObject\",\"inLanguage\":\"ca\",\"@id\":\"https:\\\/\\\/martafluvia.com\\\/en\\\/#\\\/schema\\\/logo\\\/image\\\/\",\"url\":\"https:\\\/\\\/martafluvia.com\\\/wp-content\\\/uploads\\\/2017\\\/12\\\/logo-marta-english-1.jpg\",\"contentUrl\":\"https:\\\/\\\/martafluvia.com\\\/wp-content\\\/uploads\\\/2017\\\/12\\\/logo-marta-english-1.jpg\",\"width\":2118,\"height\":783,\"caption\":\"Marta Fluvi\u00e0 Agency\"},\"image\":{\"@id\":\"https:\\\/\\\/martafluvia.com\\\/en\\\/#\\\/schema\\\/logo\\\/image\\\/\"},\"sameAs\":[\"https:\\\/\\\/www.facebook.com\\\/martafluviaagency\\\/\"]}]}<\/script>\n<!-- \/ Yoast SEO plugin. -->","yoast_head_json":{"title":"Jordi Galceran - Marta Fluvi\u00e0","description":"Conegui al nostre autor Jordi Galceran. Sol\u00b7licitar els drets de representaci\u00f3 per a qualsevol de les seves obres mitjan\u00e7ant el nostre formulari.","robots":{"index":"index","follow":"follow","max-snippet":"max-snippet:-1","max-image-preview":"max-image-preview:large","max-video-preview":"max-video-preview:-1"},"canonical":"https:\/\/martafluvia.com\/ca\/jordi-galceran\/","og_locale":"ca_ES","og_type":"article","og_title":"Jordi Galceran - Marta Fluvi\u00e0","og_description":"Conegui al nostre autor Jordi Galceran. Sol\u00b7licitar els drets de representaci\u00f3 per a qualsevol de les seves obres mitjan\u00e7ant el nostre formulari.","og_url":"https:\/\/martafluvia.com\/ca\/jordi-galceran\/","og_site_name":"Marta Fluvi\u00e0","article_publisher":"https:\/\/www.facebook.com\/martafluviaagency\/","article_modified_time":"2024-03-22T09:34:17+00:00","og_image":[{"url":"https:\/\/martafluvia.com\/wp-content\/uploads\/2023\/05\/foto_GALCERAN-1-1024x683.jpg","type":"","width":"","height":""}],"twitter_card":"summary_large_image","twitter_misc":{"Temps estimat de lectura":"3 minuts"},"schema":{"@context":"https:\/\/schema.org","@graph":[{"@type":"WebPage","@id":"https:\/\/martafluvia.com\/ca\/jordi-galceran\/","url":"https:\/\/martafluvia.com\/ca\/jordi-galceran\/","name":"Jordi Galceran - Marta Fluvi\u00e0","isPartOf":{"@id":"https:\/\/martafluvia.com\/en\/#website"},"primaryImageOfPage":{"@id":"https:\/\/martafluvia.com\/ca\/jordi-galceran\/#primaryimage"},"image":{"@id":"https:\/\/martafluvia.com\/ca\/jordi-galceran\/#primaryimage"},"thumbnailUrl":"https:\/\/martafluvia.com\/wp-content\/uploads\/2023\/05\/foto_GALCERAN-1-1024x683.jpg","datePublished":"2018-12-23T22:09:43+00:00","dateModified":"2024-03-22T09:34:17+00:00","description":"Conegui al nostre autor Jordi Galceran. Sol\u00b7licitar els drets de representaci\u00f3 per a qualsevol de les seves obres mitjan\u00e7ant el nostre formulari.","breadcrumb":{"@id":"https:\/\/martafluvia.com\/ca\/jordi-galceran\/#breadcrumb"},"inLanguage":"ca","potentialAction":[{"@type":"ReadAction","target":["https:\/\/martafluvia.com\/ca\/jordi-galceran\/"]}]},{"@type":"ImageObject","inLanguage":"ca","@id":"https:\/\/martafluvia.com\/ca\/jordi-galceran\/#primaryimage","url":"https:\/\/martafluvia.com\/wp-content\/uploads\/2023\/05\/foto_GALCERAN-1-1024x683.jpg","contentUrl":"https:\/\/martafluvia.com\/wp-content\/uploads\/2023\/05\/foto_GALCERAN-1-1024x683.jpg"},{"@type":"BreadcrumbList","@id":"https:\/\/martafluvia.com\/ca\/jordi-galceran\/#breadcrumb","itemListElement":[{"@type":"ListItem","position":1,"name":"Portada","item":"https:\/\/martafluvia.com\/ca\/"},{"@type":"ListItem","position":2,"name":"Jordi Galceran"}]},{"@type":"WebSite","@id":"https:\/\/martafluvia.com\/en\/#website","url":"https:\/\/martafluvia.com\/en\/","name":"Marta Fluvi\u00e0","description":"Theatrical Literary Agency","publisher":{"@id":"https:\/\/martafluvia.com\/en\/#organization"},"potentialAction":[{"@type":"SearchAction","target":{"@type":"EntryPoint","urlTemplate":"https:\/\/martafluvia.com\/en\/?s={search_term_string}"},"query-input":{"@type":"PropertyValueSpecification","valueRequired":true,"valueName":"search_term_string"}}],"inLanguage":"ca"},{"@type":"Organization","@id":"https:\/\/martafluvia.com\/en\/#organization","name":"Marta Fluvi\u00e0 Agency","url":"https:\/\/martafluvia.com\/en\/","logo":{"@type":"ImageObject","inLanguage":"ca","@id":"https:\/\/martafluvia.com\/en\/#\/schema\/logo\/image\/","url":"https:\/\/martafluvia.com\/wp-content\/uploads\/2017\/12\/logo-marta-english-1.jpg","contentUrl":"https:\/\/martafluvia.com\/wp-content\/uploads\/2017\/12\/logo-marta-english-1.jpg","width":2118,"height":783,"caption":"Marta Fluvi\u00e0 Agency"},"image":{"@id":"https:\/\/martafluvia.com\/en\/#\/schema\/logo\/image\/"},"sameAs":["https:\/\/www.facebook.com\/martafluviaagency\/"]}]}},"_links":{"self":[{"href":"https:\/\/martafluvia.com\/ca\/wp-json\/wp\/v2\/pages\/1565","targetHints":{"allow":["GET"]}}],"collection":[{"href":"https:\/\/martafluvia.com\/ca\/wp-json\/wp\/v2\/pages"}],"about":[{"href":"https:\/\/martafluvia.com\/ca\/wp-json\/wp\/v2\/types\/page"}],"author":[{"embeddable":true,"href":"https:\/\/martafluvia.com\/ca\/wp-json\/wp\/v2\/users\/1"}],"replies":[{"embeddable":true,"href":"https:\/\/martafluvia.com\/ca\/wp-json\/wp\/v2\/comments?post=1565"}],"version-history":[{"count":22,"href":"https:\/\/martafluvia.com\/ca\/wp-json\/wp\/v2\/pages\/1565\/revisions"}],"predecessor-version":[{"id":23312,"href":"https:\/\/martafluvia.com\/ca\/wp-json\/wp\/v2\/pages\/1565\/revisions\/23312"}],"wp:attachment":[{"href":"https:\/\/martafluvia.com\/ca\/wp-json\/wp\/v2\/media?parent=1565"}],"curies":[{"name":"wp","href":"https:\/\/api.w.org\/{rel}","templated":true}]}}