{"id":1557,"date":"2018-12-23T22:03:11","date_gmt":"2018-12-23T22:03:11","guid":{"rendered":"http:\/\/martafluvia.com\/claudia-cedo\/"},"modified":"2024-03-22T12:42:04","modified_gmt":"2024-03-22T11:42:04","slug":"claudia-cedo","status":"publish","type":"page","link":"https:\/\/martafluvia.com\/ca\/claudia-cedo\/","title":{"rendered":"Cl\u00e0udia Ced\u00f3"},"content":{"rendered":"\t\t<div data-elementor-type=\"wp-post\" data-elementor-id=\"1557\" class=\"elementor elementor-1557 elementor-948\" data-elementor-post-type=\"page\">\n\t\t\t\t\t\t<section class=\"elementor-section elementor-top-section elementor-element elementor-element-76250b7 elementor-section-boxed elementor-section-height-default elementor-section-height-default\" data-id=\"76250b7\" data-element_type=\"section\" data-e-type=\"section\">\n\t\t\t\t\t\t<div class=\"elementor-container elementor-column-gap-default\">\n\t\t\t\t\t<div class=\"elementor-column elementor-col-100 elementor-top-column elementor-element elementor-element-92271f3\" data-id=\"92271f3\" data-element_type=\"column\" data-e-type=\"column\">\n\t\t\t<div class=\"elementor-widget-wrap elementor-element-populated\">\n\t\t\t\t\t\t<div class=\"elementor-element elementor-element-5ad6505 elementor-widget elementor-widget-heading\" data-id=\"5ad6505\" data-element_type=\"widget\" data-e-type=\"widget\" data-widget_type=\"heading.default\">\n\t\t\t\t<div class=\"elementor-widget-container\">\n\t\t\t\t\t<h2 class=\"elementor-heading-title elementor-size-default\">CL\u00c0UDIA CED\u00d3<\/h2>\t\t\t\t<\/div>\n\t\t\t\t<\/div>\n\t\t\t\t<div class=\"elementor-element elementor-element-6699043 elementor-widget elementor-widget-image\" data-id=\"6699043\" data-element_type=\"widget\" data-e-type=\"widget\" data-widget_type=\"image.default\">\n\t\t\t\t<div class=\"elementor-widget-container\">\n\t\t\t\t\t\t\t\t\t\t\t\t\t\t\t<img decoding=\"async\" src=\"https:\/\/martafluvia.com\/wp-content\/uploads\/elementor\/thumbs\/cedo-1-q6subl0zecvwrbuszezrcvc18rvw5dkc8dn7c3ttz4.png\" title=\"cedo.png\" alt=\"cedo.png\" loading=\"lazy\" \/>\t\t\t\t\t\t\t\t\t\t\t\t\t\t\t<\/div>\n\t\t\t\t<\/div>\n\t\t\t\t<div class=\"elementor-element elementor-element-f3ea6ef elementor-widget elementor-widget-text-editor\" data-id=\"f3ea6ef\" data-element_type=\"widget\" data-e-type=\"widget\" data-widget_type=\"text-editor.default\">\n\t\t\t\t<div class=\"elementor-widget-container\">\n\t\t\t\t\t\t\t\t\t<p style=\"font-weight: 400;\"><strong>CL\u00c0UDIA CED\u00d3 (Tortosa, 1983). <\/strong>Dramaturga, guionista, directora de teatre. Llicenciada en Psicologia per la Universitat Aut\u00f2noma de Barcelona i graduada en Art Dram\u00e0tic. Creadora d\u2019Escenaris Especials, projecte de teatre amb actors i actrius amb diversitat funcional.<\/p>\n<p style=\"font-weight: 400;\">Ha escrit y dirigit obres de teatre com <strong><em>Et planto<\/em><\/strong>, <strong><em>De petits Tots Mat\u00e0vem Formigues<\/em><\/strong><em>, <strong>L\u2019home sense veu<\/strong>, <strong>Tortugues: La desacceleraci\u00f3 de les part\u00edcules<\/strong> <\/em>(Premi Butaca a Millor Text 2015), <strong><em>DNI<\/em><\/strong> (Guanyadora del Torneig de Dramat\u00fargia Catalana)<em>, <strong>Una gossa en un descampat<\/strong><\/em> (Premi Butaca Millor Text, Premi La Cr\u00edtica Millor Text i Millor espectacle 2019, Premis Teatre Barcelona Millor Dramat\u00fargia i Millor espectacle),<em> <strong>Ciegos<\/strong><\/em>(Guanyadora del Torneo de Dramaturgia de Madrid), l\u2019adaptaci\u00f3 de la novel\u00b7la <strong><em>Canto jo i la muntanya balla<\/em><\/strong>(Perla29. Premi Teatre Barcelona Millor Adaptaci\u00f3. 3 Premis Max 2022), <strong><em>Les croquetes oblidades<\/em><\/strong> (Nominaci\u00f3 a Millor Espectacle Familiar Premis La Cr\u00edtica 2021 i als Premis Teatre Barcelona 2021),<em> <strong>Cal\u00edgula Muri\u00f3, yo no<\/strong><\/em> a partir de Cal\u00edgula d\u2019Albert Camus (Centro Dram\u00e1tico Nacional), <strong><em>Mare de Sucre<\/em><\/strong> (Teatre Nacional de Catalunya; guanyadora de 5 Premis Teatre Barcelona, Millor espectacle, Millor autoria, Millor direcci\u00f3; nominacions als Premis Butaca i Premis La Cr\u00edtica a Millor text i Direcci\u00f3), <strong><em>S\u00edndrome de Gel <\/em><\/strong>(Teatre Lliure), l\u2019adaptaci\u00f3 a teatre d\u2019<strong>Assaig sobre la Ceguesa <\/strong>de Jos\u00e9 Saramago (Teatre Nacional de Catalunya, 2022).<\/p>\n<p style=\"font-weight: 400;\">Les seves obres han estat publicades i tradu\u00efdes a m\u00e9s de deu idiomes y estrenades al Teatre Lliure, Teatre Nacional de Catalunya, Centro Dram\u00e1tico Nacional, Sala Beckett, Teatro Nacional&nbsp;S\u00e3o Jo\u00e3o (Portugal), Festival Temporada Alta, Wybrze\u017ce Theatre (Pol\u00f2nia), Teatr dramatyczny Warszawa (Vars\u00f2via), Festival Mousson d\u2019\u00c9t\u00e9 (Fran\u00e7a), Teatre Let\u00ed (Praga), TAK Theater&nbsp;(Liechtenstein), Teatro El Extranjero (Buenos Aires) etc.<\/p>\n<p style=\"font-weight: 400;\">Ha treballat amb directors com Isra Sol\u00e0 (La Cal\u00f2rica), Xicu Mas\u00f3, Sergi Belbel, Nuno Cardoso, Marco Paiva, Guillem Alb\u00e0 o Helena Tornero.<\/p>\n<p style=\"font-weight: 400;\">Actualment est\u00e0 escrivint un gui\u00f3 de llargmetratge per Lastor Media (basat en la seva obra <strong><em>Mare de Sucre<\/em><\/strong>) i un llarg d\u2019animaci\u00f3 (basat en la seva obra <strong><em>Les croquetes oblidades<\/em><\/strong>). \u00c9s guionista de la s\u00e8rie d\u2019animaci\u00f3 <strong>Jasmine &amp; Jambo<\/strong> i creadora de la s\u00e8rie Alabama, para <em>El Terrat<\/em>.<\/p>\n<p style=\"font-weight: 400;\"><strong>&nbsp;<\/strong><\/p>\n<p style=\"font-weight: 400;\">CAT\u00c0LEG:<\/p>\n<table style=\"font-weight: 400;\" width=\"595\">\n<tbody>\n<tr>\n<td width=\"255\"><strong><em>T\u00cdTOL<\/em><\/strong><\/td>\n<td width=\"94\"><strong><em>G\u00c8NERE<\/em><\/strong><\/td>\n<td width=\"123\"><strong><em>PERSONATGES MASCULINS<\/em><\/strong><\/td>\n<td width=\"123\"><strong><em>PERSONATGES FEMENINS<\/em><\/strong><\/td>\n<\/tr>\n<tr>\n<td width=\"255\"><p><a href=\"https:\/\/martafluvia.com\/ca\/claudia-cedo\/de-petits-tots-matavem-formigues\/\" target=\"_blank\" rel=\"noopener\">De petits tots mat\u00e0vem formigues<\/a><\/p>\n<p><strong><em>&nbsp;<\/em><\/strong><\/p><\/td>\n<td width=\"94\">Com\u00e8dia dram\u00e0tica<\/td>\n<td width=\"123\">3<\/td>\n<td width=\"123\">2<\/td>\n<\/tr>\n<tr>\n<td width=\"255\"><p><a href=\"https:\/\/martafluvia.com\/ca\/claudia-cedo\/tortugues-la-desacceleracio-de-les-particules\/\" target=\"_blank\" rel=\"noopener\">Tortugues: La desacceleraci\u00f3 de les part\u00edcules<\/a><\/p>\n<p><strong><em>&nbsp;<\/em><\/strong><\/p><\/td>\n<td width=\"94\">Com\u00e8dia fant\u00e0stica<\/td>\n<td width=\"123\">2<\/td>\n<td width=\"123\">2<\/td>\n<\/tr>\n<tr>\n<td width=\"255\"><p><a href=\"https:\/\/martafluvia.com\/ca\/claudia-cedo\/l-home-sense-veu\/\" target=\"_blank\" rel=\"noopener\">L\u2019home sense veu<\/a><\/p>\n<p><strong><em>&nbsp;<\/em><\/strong><\/p><\/td>\n<td width=\"94\"><\/td>\n<td width=\"123\">1<\/td>\n<td width=\"123\">1<\/td>\n<\/tr>\n<tr>\n<td width=\"255\"><p><a href=\"https:\/\/martafluvia.com\/ca\/claudia-cedo\/el-pou\/\" target=\"_blank\" rel=\"noopener\">El pou<\/a><\/p>\n<p><strong><em>&nbsp;<\/em><\/strong><\/p><\/td>\n<td width=\"94\"><\/td>\n<td width=\"123\"><\/td>\n<td width=\"123\"><\/td>\n<\/tr>\n<tr>\n<td width=\"255\"><p><a href=\"https:\/\/martafluvia.com\/ca\/claudia-cedo\/julia?\/\" target=\"_blank\" rel=\"noopener\">J\u00falia?<\/a><\/p>\n<p><strong><em>&nbsp;<\/em><\/strong><\/p><\/td>\n<td width=\"94\"><\/td>\n<td width=\"123\"><\/td>\n<td width=\"123\"><\/td>\n<\/tr>\n<tr>\n<td width=\"255\"><p><a href=\"https:\/\/martafluvia.com\/ca\/claudia-cedo\/et-planto\/\" target=\"_blank\" rel=\"noopener\">Et planto<\/a><\/p>\n<p><strong><em>&nbsp;<\/em><\/strong><\/p><\/td>\n<td width=\"94\">Com\u00e8dia rom\u00e0ntica<\/td>\n<td width=\"123\">3<\/td>\n<td width=\"123\">1<\/td>\n<\/tr>\n<tr>\n<td width=\"255\"><p><a href=\"https:\/\/martafluvia.com\/ca\/claudia-cedo\/revolucio\/\" target=\"_blank\" rel=\"noopener\">Revoluci\u00f3<\/a><\/p>\n<p><strong><em>&nbsp;<\/em><\/strong><\/p><\/td>\n<td width=\"94\"><strong>&nbsp;<\/strong><\/td>\n<td width=\"123\"><strong>&nbsp;<\/strong><\/td>\n<td width=\"123\"><strong>&nbsp;<\/strong><\/td>\n<\/tr>\n<tr>\n<td width=\"255\"><p><a href=\"https:\/\/martafluvia.com\/ca\/claudia-cedo\/els-ultims-deu-dies-de-norman-foster\/\" target=\"_blank\" rel=\"noopener\">Els \u00faltims deu dies de Norman Foster<\/a><\/p>\n<p><strong><em>&nbsp;<\/em><\/strong><\/p><\/td>\n<td width=\"94\"><strong>&nbsp;<\/strong><\/td>\n<td width=\"123\"><strong>&nbsp;<\/strong><\/td>\n<td width=\"123\"><strong>&nbsp;<\/strong><\/td>\n<\/tr>\n<tr>\n<td width=\"255\"><p><a href=\"https:\/\/martafluvia.com\/ca\/claudia-cedo\/dni\/\" target=\"_blank\" rel=\"noopener\">DNI<\/a><\/p>\n<p><em>&nbsp;<\/em><\/p><\/td>\n<td width=\"94\">Com\u00e8dia<\/td>\n<td width=\"123\"><strong>&nbsp;<\/strong><\/td>\n<td width=\"123\"><strong>&nbsp;<\/strong><\/td>\n<\/tr>\n<tr>\n<td width=\"255\"><p><a href=\"https:\/\/martafluvia.com\/ca\/claudia-cedo\/una-gossa-en-un-descampat\/\" target=\"_blank\" rel=\"noopener\">Una gossa en un descampat<\/a><\/p>\n<p><em>&nbsp;<\/em><\/p><\/td>\n<td width=\"94\"><\/td>\n<td width=\"123\"><\/td>\n<td width=\"123\"><\/td>\n<\/tr>\n<tr>\n<td width=\"255\"><p><a href=\"https:\/\/martafluvia.com\/ca\/claudia-cedo\/caligula\/\" target=\"_blank\" rel=\"noopener\">Cal\u00edgula<\/a><\/p>\n<p><em>&nbsp;<\/em><\/p><\/td>\n<td width=\"94\"><\/td>\n<td width=\"123\"><\/td>\n<td width=\"123\"><\/td>\n<\/tr>\n<tr>\n<td width=\"255\"><p><a href=\"https:\/\/martafluvia.com\/ca\/claudia-cedo\/mare-de-sucre\/\" target=\"_blank\" rel=\"noopener\">Mare de sucre<\/a><\/p>\n<p><em>&nbsp;<\/em><\/p><\/td>\n<td width=\"94\"><\/td>\n<td width=\"123\">2<\/td>\n<td width=\"123\">5<\/td>\n<\/tr>\n<tr>\n<td width=\"255\"><p><a href=\"https:\/\/martafluvia.com\/ca\/claudia-cedo\/sindrome-de-gel\/\" target=\"_blank\" rel=\"noopener\">S\u00edndrome de gel<\/a><\/p>\n<p><em>&nbsp;<\/em><\/p><\/td>\n<td width=\"94\">Drama<\/td>\n<td width=\"123\">5<\/td>\n<td width=\"123\">4<\/td>\n<\/tr>\n<tr>\n<td width=\"255\"><p><a href=\"https:\/\/martafluvia.com\/ca\/claudia-cedo\/els-angels-no-tenen-fills\/\" target=\"_blank\" rel=\"noopener\">Els \u00e0ngels no tenen fills<\/a><\/p>\n<p><em>&nbsp;<\/em><\/p><\/td>\n<td width=\"94\"><em>&nbsp;<\/em><\/td>\n<td width=\"123\"><em>1<\/em><\/td>\n<td width=\"123\"><em>2<\/em><\/td>\n<\/tr>\n<tr>\n<td width=\"255\"><strong><em>ADAPTACIONS<\/em><\/strong><\/td>\n<td width=\"94\"><strong>&nbsp;<\/strong><\/td>\n<td width=\"123\"><strong>&nbsp;<\/strong><\/td>\n<td width=\"123\"><strong>&nbsp;<\/strong><\/td>\n<\/tr>\n<tr>\n<td width=\"255\"><p><a href=\"https:\/\/martafluvia.com\/ca\/claudia-cedo\/ceguesa-jose-saramango\/\" target=\"_blank\" rel=\"noopener\">Assaig sobre la ceguesa de Jos\u00e9 Saramango<\/a><\/p>\n<p><em>&nbsp;&nbsp;&nbsp;&nbsp;&nbsp;&nbsp;&nbsp;&nbsp;&nbsp;&nbsp;&nbsp; <\/em><\/p><\/td>\n<td width=\"94\">Assaig<\/td>\n<td width=\"123\"><em>&nbsp;<\/em><\/td>\n<td width=\"123\"><em>&nbsp;<\/em><\/td>\n<\/tr>\n<\/tbody>\n<\/table>\t\t\t\t\t\t\t\t<\/div>\n\t\t\t\t<\/div>\n\t\t\t\t\t<\/div>\n\t\t<\/div>\n\t\t\t\t\t<\/div>\n\t\t<\/section>\n\t\t\t\t<section class=\"elementor-section elementor-top-section elementor-element elementor-element-e991b05 elementor-section-boxed elementor-section-height-default elementor-section-height-default\" data-id=\"e991b05\" data-element_type=\"section\" data-e-type=\"section\">\n\t\t\t\t\t\t<div class=\"elementor-container elementor-column-gap-default\">\n\t\t\t\t\t<div class=\"elementor-column elementor-col-100 elementor-top-column elementor-element elementor-element-366fea5\" data-id=\"366fea5\" data-element_type=\"column\" data-e-type=\"column\">\n\t\t\t<div class=\"elementor-widget-wrap elementor-element-populated\">\n\t\t\t\t\t\t<div class=\"elementor-element elementor-element-e0f353d elementor-widget-divider--view-line elementor-widget elementor-widget-divider\" data-id=\"e0f353d\" data-element_type=\"widget\" data-e-type=\"widget\" data-widget_type=\"divider.default\">\n\t\t\t\t<div class=\"elementor-widget-container\">\n\t\t\t\t\t\t\t<div class=\"elementor-divider\">\n\t\t\t<span class=\"elementor-divider-separator\">\n\t\t\t\t\t\t<\/span>\n\t\t<\/div>\n\t\t\t\t\t\t<\/div>\n\t\t\t\t<\/div>\n\t\t\t\t<div class=\"elementor-element elementor-element-02119d3 elementor-widget elementor-widget-text-editor\" data-id=\"02119d3\" data-element_type=\"widget\" data-e-type=\"widget\" data-widget_type=\"text-editor.default\">\n\t\t\t\t<div class=\"elementor-widget-container\">\n\t\t\t\t\t\t\t\t\t<div class=\"elementor-element elementor-element-b6f9d45 elementor-widget elementor-widget-text-editor\" data-id=\"b6f9d45\" data-element_type=\"text-editor.default\"><div class=\"elementor-widget-container\"><div class=\"elementor-text-editor elementor-clearfix\"><p style=\"text-align: center;\">Solicitar drets de representaci\u00f3:<\/p><\/div><\/div><\/div>\t\t\t\t\t\t\t\t<\/div>\n\t\t\t\t<\/div>\n\t\t\t\t<section class=\"elementor-section elementor-inner-section elementor-element elementor-element-fdcf9db elementor-section-boxed elementor-section-height-default elementor-section-height-default\" data-id=\"fdcf9db\" data-element_type=\"section\" data-e-type=\"section\">\n\t\t\t\t\t\t<div class=\"elementor-container elementor-column-gap-default\">\n\t\t\t\t\t<div class=\"elementor-column elementor-col-50 elementor-inner-column elementor-element elementor-element-900af1c\" data-id=\"900af1c\" data-element_type=\"column\" data-e-type=\"column\">\n\t\t\t<div class=\"elementor-widget-wrap elementor-element-populated\">\n\t\t\t\t\t\t<div class=\"elementor-element elementor-element-bd340dd elementor-button-info elementor-align-center elementor-widget elementor-widget-button\" data-id=\"bd340dd\" data-element_type=\"widget\" data-e-type=\"widget\" data-widget_type=\"button.default\">\n\t\t\t\t<div class=\"elementor-widget-container\">\n\t\t\t\t\t\t\t\t\t<div class=\"elementor-button-wrapper\">\n\t\t\t\t\t<a class=\"elementor-button elementor-button-link elementor-size-md\" href=\"\/solicitud\">\n\t\t\t\t\t\t<span class=\"elementor-button-content-wrapper\">\n\t\t\t\t\t\t\t\t\t<span class=\"elementor-button-text\">Amateur: Solicitud de drets<\/span>\n\t\t\t\t\t<\/span>\n\t\t\t\t\t<\/a>\n\t\t\t\t<\/div>\n\t\t\t\t\t\t\t\t<\/div>\n\t\t\t\t<\/div>\n\t\t\t\t\t<\/div>\n\t\t<\/div>\n\t\t\t\t<div class=\"elementor-column elementor-col-50 elementor-inner-column elementor-element elementor-element-4b79949\" data-id=\"4b79949\" data-element_type=\"column\" data-e-type=\"column\">\n\t\t\t<div class=\"elementor-widget-wrap elementor-element-populated\">\n\t\t\t\t\t\t<div class=\"elementor-element elementor-element-dd1d9fe elementor-button-info elementor-align-center elementor-widget elementor-widget-button\" data-id=\"dd1d9fe\" data-element_type=\"widget\" data-e-type=\"widget\" data-widget_type=\"button.default\">\n\t\t\t\t<div class=\"elementor-widget-container\">\n\t\t\t\t\t\t\t\t\t<div class=\"elementor-button-wrapper\">\n\t\t\t\t\t<a class=\"elementor-button elementor-button-link elementor-size-md\" href=\"\/solicitud\">\n\t\t\t\t\t\t<span class=\"elementor-button-content-wrapper\">\n\t\t\t\t\t\t\t\t\t<span class=\"elementor-button-text\">Professional: Solicitud de drets<\/span>\n\t\t\t\t\t<\/span>\n\t\t\t\t\t<\/a>\n\t\t\t\t<\/div>\n\t\t\t\t\t\t\t\t<\/div>\n\t\t\t\t<\/div>\n\t\t\t\t\t<\/div>\n\t\t<\/div>\n\t\t\t\t\t<\/div>\n\t\t<\/section>\n\t\t\t\t<div class=\"elementor-element elementor-element-59b8835 elementor-widget elementor-widget-spacer\" data-id=\"59b8835\" data-element_type=\"widget\" data-e-type=\"widget\" data-widget_type=\"spacer.default\">\n\t\t\t\t<div class=\"elementor-widget-container\">\n\t\t\t\t\t\t\t<div class=\"elementor-spacer\">\n\t\t\t<div class=\"elementor-spacer-inner\"><\/div>\n\t\t<\/div>\n\t\t\t\t\t\t<\/div>\n\t\t\t\t<\/div>\n\t\t\t\t\t<\/div>\n\t\t<\/div>\n\t\t\t\t\t<\/div>\n\t\t<\/section>\n\t\t\t\t<\/div>\n\t\t","protected":false},"excerpt":{"rendered":"<p>CL\u00c0UDIA CED\u00d3 CL\u00c0UDIA CED\u00d3 (Tortosa, 1983). Dramaturga, guionista, directora de teatre. Llicenciada en Psicologia per la Universitat Aut\u00f2noma de Barcelona i graduada en Art Dram\u00e0tic. Creadora d\u2019Escenaris Especials, projecte de teatre amb actors i actrius amb diversitat funcional. Ha escrit y dirigit obres de teatre com Et planto, De petits Tots Mat\u00e0vem Formigues, L\u2019home sense &#8230; <a title=\"Cl\u00e0udia Ced\u00f3\" class=\"read-more\" href=\"https:\/\/martafluvia.com\/ca\/claudia-cedo\/\">Llegiu m\u00e9s<\/a><\/p>\n","protected":false},"author":1,"featured_media":0,"parent":0,"menu_order":0,"comment_status":"closed","ping_status":"closed","template":"elementor_header_footer","meta":{"footnotes":""},"class_list":["post-1557","page","type-page","status-publish"],"yoast_head":"<!-- This site is optimized with the Yoast SEO plugin v27.3 - https:\/\/yoast.com\/product\/yoast-seo-wordpress\/ -->\n<title>Cl\u00e0udia Ced\u00f3 - Marta Fluvi\u00e0<\/title>\n<meta name=\"description\" content=\"Conegui a la nostra autora Cl\u00e0udia Ced\u00f3. Sol\u00b7licitar els drets de representaci\u00f3 per a qualsevol de les seves obres mitjan\u00e7ant el nostre formulari.\" \/>\n<meta name=\"robots\" content=\"index, follow, max-snippet:-1, max-image-preview:large, max-video-preview:-1\" \/>\n<link rel=\"canonical\" href=\"https:\/\/martafluvia.com\/ca\/claudia-cedo\/\" \/>\n<meta property=\"og:locale\" content=\"ca_ES\" \/>\n<meta property=\"og:type\" content=\"article\" \/>\n<meta property=\"og:title\" content=\"Cl\u00e0udia Ced\u00f3 - Marta Fluvi\u00e0\" \/>\n<meta property=\"og:description\" content=\"Conegui a la nostra autora Cl\u00e0udia Ced\u00f3. Sol\u00b7licitar els drets de representaci\u00f3 per a qualsevol de les seves obres mitjan\u00e7ant el nostre formulari.\" \/>\n<meta property=\"og:url\" content=\"https:\/\/martafluvia.com\/ca\/claudia-cedo\/\" \/>\n<meta property=\"og:site_name\" content=\"Marta Fluvi\u00e0\" \/>\n<meta property=\"article:publisher\" content=\"https:\/\/www.facebook.com\/martafluviaagency\/\" \/>\n<meta property=\"article:modified_time\" content=\"2024-03-22T11:42:04+00:00\" \/>\n<meta property=\"og:image\" content=\"https:\/\/martafluvia.com\/wp-content\/uploads\/elementor\/thumbs\/cedo-1-q6subl0zecvwrbuszezrcvc18rvw5dkc8dn7c3ttz4.png\" \/>\n<meta name=\"twitter:card\" content=\"summary_large_image\" \/>\n<meta name=\"twitter:label1\" content=\"Temps estimat de lectura\" \/>\n\t<meta name=\"twitter:data1\" content=\"3 minuts\" \/>\n<script type=\"application\/ld+json\" class=\"yoast-schema-graph\">{\"@context\":\"https:\\\/\\\/schema.org\",\"@graph\":[{\"@type\":\"WebPage\",\"@id\":\"https:\\\/\\\/martafluvia.com\\\/ca\\\/claudia-cedo\\\/\",\"url\":\"https:\\\/\\\/martafluvia.com\\\/ca\\\/claudia-cedo\\\/\",\"name\":\"Cl\u00e0udia Ced\u00f3 - Marta Fluvi\u00e0\",\"isPartOf\":{\"@id\":\"https:\\\/\\\/martafluvia.com\\\/en\\\/#website\"},\"primaryImageOfPage\":{\"@id\":\"https:\\\/\\\/martafluvia.com\\\/ca\\\/claudia-cedo\\\/#primaryimage\"},\"image\":{\"@id\":\"https:\\\/\\\/martafluvia.com\\\/ca\\\/claudia-cedo\\\/#primaryimage\"},\"thumbnailUrl\":\"https:\\\/\\\/martafluvia.com\\\/wp-content\\\/uploads\\\/elementor\\\/thumbs\\\/cedo-1-q6subl0zecvwrbuszezrcvc18rvw5dkc8dn7c3ttz4.png\",\"datePublished\":\"2018-12-23T22:03:11+00:00\",\"dateModified\":\"2024-03-22T11:42:04+00:00\",\"description\":\"Conegui a la nostra autora Cl\u00e0udia Ced\u00f3. Sol\u00b7licitar els drets de representaci\u00f3 per a qualsevol de les seves obres mitjan\u00e7ant el nostre formulari.\",\"breadcrumb\":{\"@id\":\"https:\\\/\\\/martafluvia.com\\\/ca\\\/claudia-cedo\\\/#breadcrumb\"},\"inLanguage\":\"ca\",\"potentialAction\":[{\"@type\":\"ReadAction\",\"target\":[\"https:\\\/\\\/martafluvia.com\\\/ca\\\/claudia-cedo\\\/\"]}]},{\"@type\":\"ImageObject\",\"inLanguage\":\"ca\",\"@id\":\"https:\\\/\\\/martafluvia.com\\\/ca\\\/claudia-cedo\\\/#primaryimage\",\"url\":\"https:\\\/\\\/martafluvia.com\\\/wp-content\\\/uploads\\\/elementor\\\/thumbs\\\/cedo-1-q6subl0zecvwrbuszezrcvc18rvw5dkc8dn7c3ttz4.png\",\"contentUrl\":\"https:\\\/\\\/martafluvia.com\\\/wp-content\\\/uploads\\\/elementor\\\/thumbs\\\/cedo-1-q6subl0zecvwrbuszezrcvc18rvw5dkc8dn7c3ttz4.png\"},{\"@type\":\"BreadcrumbList\",\"@id\":\"https:\\\/\\\/martafluvia.com\\\/ca\\\/claudia-cedo\\\/#breadcrumb\",\"itemListElement\":[{\"@type\":\"ListItem\",\"position\":1,\"name\":\"Portada\",\"item\":\"https:\\\/\\\/martafluvia.com\\\/ca\\\/\"},{\"@type\":\"ListItem\",\"position\":2,\"name\":\"Cl\u00e0udia Ced\u00f3\"}]},{\"@type\":\"WebSite\",\"@id\":\"https:\\\/\\\/martafluvia.com\\\/en\\\/#website\",\"url\":\"https:\\\/\\\/martafluvia.com\\\/en\\\/\",\"name\":\"Marta Fluvi\u00e0\",\"description\":\"Theatrical Literary Agency\",\"publisher\":{\"@id\":\"https:\\\/\\\/martafluvia.com\\\/en\\\/#organization\"},\"potentialAction\":[{\"@type\":\"SearchAction\",\"target\":{\"@type\":\"EntryPoint\",\"urlTemplate\":\"https:\\\/\\\/martafluvia.com\\\/en\\\/?s={search_term_string}\"},\"query-input\":{\"@type\":\"PropertyValueSpecification\",\"valueRequired\":true,\"valueName\":\"search_term_string\"}}],\"inLanguage\":\"ca\"},{\"@type\":\"Organization\",\"@id\":\"https:\\\/\\\/martafluvia.com\\\/en\\\/#organization\",\"name\":\"Marta Fluvi\u00e0 Agency\",\"url\":\"https:\\\/\\\/martafluvia.com\\\/en\\\/\",\"logo\":{\"@type\":\"ImageObject\",\"inLanguage\":\"ca\",\"@id\":\"https:\\\/\\\/martafluvia.com\\\/en\\\/#\\\/schema\\\/logo\\\/image\\\/\",\"url\":\"https:\\\/\\\/martafluvia.com\\\/wp-content\\\/uploads\\\/2017\\\/12\\\/logo-marta-english-1.jpg\",\"contentUrl\":\"https:\\\/\\\/martafluvia.com\\\/wp-content\\\/uploads\\\/2017\\\/12\\\/logo-marta-english-1.jpg\",\"width\":2118,\"height\":783,\"caption\":\"Marta Fluvi\u00e0 Agency\"},\"image\":{\"@id\":\"https:\\\/\\\/martafluvia.com\\\/en\\\/#\\\/schema\\\/logo\\\/image\\\/\"},\"sameAs\":[\"https:\\\/\\\/www.facebook.com\\\/martafluviaagency\\\/\"]}]}<\/script>\n<!-- \/ Yoast SEO plugin. -->","yoast_head_json":{"title":"Cl\u00e0udia Ced\u00f3 - Marta Fluvi\u00e0","description":"Conegui a la nostra autora Cl\u00e0udia Ced\u00f3. Sol\u00b7licitar els drets de representaci\u00f3 per a qualsevol de les seves obres mitjan\u00e7ant el nostre formulari.","robots":{"index":"index","follow":"follow","max-snippet":"max-snippet:-1","max-image-preview":"max-image-preview:large","max-video-preview":"max-video-preview:-1"},"canonical":"https:\/\/martafluvia.com\/ca\/claudia-cedo\/","og_locale":"ca_ES","og_type":"article","og_title":"Cl\u00e0udia Ced\u00f3 - Marta Fluvi\u00e0","og_description":"Conegui a la nostra autora Cl\u00e0udia Ced\u00f3. Sol\u00b7licitar els drets de representaci\u00f3 per a qualsevol de les seves obres mitjan\u00e7ant el nostre formulari.","og_url":"https:\/\/martafluvia.com\/ca\/claudia-cedo\/","og_site_name":"Marta Fluvi\u00e0","article_publisher":"https:\/\/www.facebook.com\/martafluviaagency\/","article_modified_time":"2024-03-22T11:42:04+00:00","og_image":[{"url":"https:\/\/martafluvia.com\/wp-content\/uploads\/elementor\/thumbs\/cedo-1-q6subl0zecvwrbuszezrcvc18rvw5dkc8dn7c3ttz4.png","type":"","width":"","height":""}],"twitter_card":"summary_large_image","twitter_misc":{"Temps estimat de lectura":"3 minuts"},"schema":{"@context":"https:\/\/schema.org","@graph":[{"@type":"WebPage","@id":"https:\/\/martafluvia.com\/ca\/claudia-cedo\/","url":"https:\/\/martafluvia.com\/ca\/claudia-cedo\/","name":"Cl\u00e0udia Ced\u00f3 - Marta Fluvi\u00e0","isPartOf":{"@id":"https:\/\/martafluvia.com\/en\/#website"},"primaryImageOfPage":{"@id":"https:\/\/martafluvia.com\/ca\/claudia-cedo\/#primaryimage"},"image":{"@id":"https:\/\/martafluvia.com\/ca\/claudia-cedo\/#primaryimage"},"thumbnailUrl":"https:\/\/martafluvia.com\/wp-content\/uploads\/elementor\/thumbs\/cedo-1-q6subl0zecvwrbuszezrcvc18rvw5dkc8dn7c3ttz4.png","datePublished":"2018-12-23T22:03:11+00:00","dateModified":"2024-03-22T11:42:04+00:00","description":"Conegui a la nostra autora Cl\u00e0udia Ced\u00f3. Sol\u00b7licitar els drets de representaci\u00f3 per a qualsevol de les seves obres mitjan\u00e7ant el nostre formulari.","breadcrumb":{"@id":"https:\/\/martafluvia.com\/ca\/claudia-cedo\/#breadcrumb"},"inLanguage":"ca","potentialAction":[{"@type":"ReadAction","target":["https:\/\/martafluvia.com\/ca\/claudia-cedo\/"]}]},{"@type":"ImageObject","inLanguage":"ca","@id":"https:\/\/martafluvia.com\/ca\/claudia-cedo\/#primaryimage","url":"https:\/\/martafluvia.com\/wp-content\/uploads\/elementor\/thumbs\/cedo-1-q6subl0zecvwrbuszezrcvc18rvw5dkc8dn7c3ttz4.png","contentUrl":"https:\/\/martafluvia.com\/wp-content\/uploads\/elementor\/thumbs\/cedo-1-q6subl0zecvwrbuszezrcvc18rvw5dkc8dn7c3ttz4.png"},{"@type":"BreadcrumbList","@id":"https:\/\/martafluvia.com\/ca\/claudia-cedo\/#breadcrumb","itemListElement":[{"@type":"ListItem","position":1,"name":"Portada","item":"https:\/\/martafluvia.com\/ca\/"},{"@type":"ListItem","position":2,"name":"Cl\u00e0udia Ced\u00f3"}]},{"@type":"WebSite","@id":"https:\/\/martafluvia.com\/en\/#website","url":"https:\/\/martafluvia.com\/en\/","name":"Marta Fluvi\u00e0","description":"Theatrical Literary Agency","publisher":{"@id":"https:\/\/martafluvia.com\/en\/#organization"},"potentialAction":[{"@type":"SearchAction","target":{"@type":"EntryPoint","urlTemplate":"https:\/\/martafluvia.com\/en\/?s={search_term_string}"},"query-input":{"@type":"PropertyValueSpecification","valueRequired":true,"valueName":"search_term_string"}}],"inLanguage":"ca"},{"@type":"Organization","@id":"https:\/\/martafluvia.com\/en\/#organization","name":"Marta Fluvi\u00e0 Agency","url":"https:\/\/martafluvia.com\/en\/","logo":{"@type":"ImageObject","inLanguage":"ca","@id":"https:\/\/martafluvia.com\/en\/#\/schema\/logo\/image\/","url":"https:\/\/martafluvia.com\/wp-content\/uploads\/2017\/12\/logo-marta-english-1.jpg","contentUrl":"https:\/\/martafluvia.com\/wp-content\/uploads\/2017\/12\/logo-marta-english-1.jpg","width":2118,"height":783,"caption":"Marta Fluvi\u00e0 Agency"},"image":{"@id":"https:\/\/martafluvia.com\/en\/#\/schema\/logo\/image\/"},"sameAs":["https:\/\/www.facebook.com\/martafluviaagency\/"]}]}},"_links":{"self":[{"href":"https:\/\/martafluvia.com\/ca\/wp-json\/wp\/v2\/pages\/1557","targetHints":{"allow":["GET"]}}],"collection":[{"href":"https:\/\/martafluvia.com\/ca\/wp-json\/wp\/v2\/pages"}],"about":[{"href":"https:\/\/martafluvia.com\/ca\/wp-json\/wp\/v2\/types\/page"}],"author":[{"embeddable":true,"href":"https:\/\/martafluvia.com\/ca\/wp-json\/wp\/v2\/users\/1"}],"replies":[{"embeddable":true,"href":"https:\/\/martafluvia.com\/ca\/wp-json\/wp\/v2\/comments?post=1557"}],"version-history":[{"count":20,"href":"https:\/\/martafluvia.com\/ca\/wp-json\/wp\/v2\/pages\/1557\/revisions"}],"predecessor-version":[{"id":23513,"href":"https:\/\/martafluvia.com\/ca\/wp-json\/wp\/v2\/pages\/1557\/revisions\/23513"}],"wp:attachment":[{"href":"https:\/\/martafluvia.com\/ca\/wp-json\/wp\/v2\/media?parent=1557"}],"curies":[{"name":"wp","href":"https:\/\/api.w.org\/{rel}","templated":true}]}}