{"id":1553,"date":"2018-12-23T21:57:47","date_gmt":"2018-12-23T21:57:47","guid":{"rendered":"http:\/\/martafluvia.com\/bernard-marie-koltes\/"},"modified":"2023-05-21T18:17:28","modified_gmt":"2023-05-21T17:17:28","slug":"bernard-marie-koltes","status":"publish","type":"page","link":"https:\/\/martafluvia.com\/ca\/bernard-marie-koltes\/","title":{"rendered":"Bernard-Marie Kolt\u00e8s"},"content":{"rendered":"\t\t<div data-elementor-type=\"wp-post\" data-elementor-id=\"1553\" class=\"elementor elementor-1553 elementor-1247\" data-elementor-post-type=\"page\">\n\t\t\t\t\t\t<section class=\"elementor-section elementor-top-section elementor-element elementor-element-d2ccccc elementor-section-boxed elementor-section-height-default elementor-section-height-default\" data-id=\"d2ccccc\" data-element_type=\"section\" data-e-type=\"section\">\n\t\t\t\t\t\t<div class=\"elementor-container elementor-column-gap-default\">\n\t\t\t\t\t<div class=\"elementor-column elementor-col-100 elementor-top-column elementor-element elementor-element-517fd7b\" data-id=\"517fd7b\" data-element_type=\"column\" data-e-type=\"column\">\n\t\t\t<div class=\"elementor-widget-wrap elementor-element-populated\">\n\t\t\t\t\t\t<div class=\"elementor-element elementor-element-f338a4f elementor-widget elementor-widget-heading\" data-id=\"f338a4f\" data-element_type=\"widget\" data-e-type=\"widget\" data-widget_type=\"heading.default\">\n\t\t\t\t<div class=\"elementor-widget-container\">\n\t\t\t\t\t<h2 class=\"elementor-heading-title elementor-size-default\">BERNARD-MARIE KOLT\u00c8S<\/h2>\t\t\t\t<\/div>\n\t\t\t\t<\/div>\n\t\t\t\t<div class=\"elementor-element elementor-element-91f1d85 elementor-widget elementor-widget-image\" data-id=\"91f1d85\" data-element_type=\"widget\" data-e-type=\"widget\" data-widget_type=\"image.default\">\n\t\t\t\t<div class=\"elementor-widget-container\">\n\t\t\t\t\t\t\t\t\t\t\t\t\t\t\t<img decoding=\"async\" src=\"https:\/\/martafluvia.com\/wp-content\/uploads\/elementor\/thumbs\/bernard-marie-koltc3a8s-q6stgaybyu2omrymsxkxnbets3a9mxdhwauff3gy68.jpg\" title=\"bernard-marie-koltc3a8s.png\" alt=\"bernard-marie-koltc3a8s.png\" loading=\"lazy\" \/>\t\t\t\t\t\t\t\t\t\t\t\t\t\t\t<\/div>\n\t\t\t\t<\/div>\n\t\t\t\t<div class=\"elementor-element elementor-element-1f9471b elementor-widget elementor-widget-text-editor\" data-id=\"1f9471b\" data-element_type=\"widget\" data-e-type=\"widget\" data-widget_type=\"text-editor.default\">\n\t\t\t\t<div class=\"elementor-widget-container\">\n\t\t\t\t\t\t\t\t\t<p style=\"font-weight: 400;\"><strong>BERNARD-MARIE KOLT\u00c8S (Metz, 1948 \u2013 Par\u00eds, 1989) <\/strong>va ser un dramaturg franc\u00e8s, escriptor i director teatral. Va n\u00e9ixer a Metz en el si d\u2019una fam\u00edlia burgesa el 1948 i va ser educat pels jesu\u00eftes a Saint-Cl\u00e9ment.<\/p><p style=\"font-weight: 400;\">Durant alguns anys va assistir a piano i classes d\u2019orgue i unes quantes setmanes de periodisme. Tot i aix\u00ed, Bernard-Marie Kolt\u00e8s no va realment descobrir el teatre fins als 20 anys quan assisteix a una representaci\u00f3 de Medea, interpretada per Maria Casares, fet que el xoca. \u00c9s llavors que comen\u00e7a a escriure teatre i va fundar la companyia Th\u00e9\u00e2tre du Quai a l\u2019escola del Centre Dram\u00e0tic de l\u2019Est de Estrasburg.<\/p><p style=\"font-weight: 400;\">\u00a0<\/p><p style=\"font-weight: 400;\">L\u2019obra de Kolt\u00e8s es converteix en un cl\u00e0ssic del repertori contemporani i el p\u00fablic, perplex per la complexitat de la seva llengua, est\u00e0 fascinat per la seva aud\u00e0cia. Kolt\u00e8s obre els camps de joc del teatre: combina noves estructures dram\u00e0tiques en una llengua po\u00e8tica cl\u00e0ssica, creant aix\u00ed una resson\u00e0ncia de met\u00e0fores decisives.<\/p><p style=\"font-weight: 400;\">\u00a0<\/p><p style=\"font-weight: 400;\">Bernard-Marie Kolt\u00e8s va morir l\u2019any 1989 amb 41 anys. \u00c9s llavors que comen\u00e7a a ser realment conegut com a dramaturg, tant a Fran\u00e7a com a l\u2019estranger i es converteix en un cl\u00e0ssic contemporani franc\u00e8s i un dels autors m\u00e9s tradu\u00efts i representats.<\/p><p style=\"font-weight: 400;\"><strong>\u00a0<\/strong><\/p><p style=\"font-weight: 400;\">CAT\u00c0LEG:<\/p><ul><li><em>Les Amertumes<\/em><\/li><li><em>La Marche<\/em><\/li><li><em>Des voix sourdes<\/em><\/li><li><em>Proc\u00e8s Ivre<\/em><\/li><li><em>La herencia<\/em> (<em>L\u2019h\u00e9ritage<\/em>)<\/li><li><em>R\u00e9cits morts. Un r\u00eave \u00e9gar\u00e9<\/em><\/li><li><em>Sallinger<\/em><\/li><li><em>De noche justo antes de los bosques<\/em> <em>Combate de negro y de perros<\/em><\/li><li><em>Combate de negro y de perros<\/em><\/li><li><em>Quai Ouest<\/em><\/li><li><em>En la soledad de los campos de algod\u00f3n<\/em><\/li><li><em>Tabataba<\/em><\/li><li><em>Le Jour des meurtres dans l&#8217;histoire d&#8217;Hamlet<\/em><\/li><li><em>Regreso al desierto<\/em> \/ <em>De vuelta al desierto<\/em> (<em>Le Retour au d\u00e9sert<\/em>)<\/li><li><em>Roberto Zucco<\/em><\/li><li><em>Coco<\/em><\/li><\/ul>\t\t\t\t\t\t\t\t<\/div>\n\t\t\t\t<\/div>\n\t\t\t\t\t<\/div>\n\t\t<\/div>\n\t\t\t\t\t<\/div>\n\t\t<\/section>\n\t\t\t\t<section class=\"elementor-section elementor-top-section elementor-element elementor-element-a1fab57 elementor-section-boxed elementor-section-height-default elementor-section-height-default\" data-id=\"a1fab57\" data-element_type=\"section\" data-e-type=\"section\">\n\t\t\t\t\t\t<div class=\"elementor-container elementor-column-gap-default\">\n\t\t\t\t\t<div class=\"elementor-column elementor-col-100 elementor-top-column elementor-element elementor-element-45851e3\" data-id=\"45851e3\" data-element_type=\"column\" data-e-type=\"column\">\n\t\t\t<div class=\"elementor-widget-wrap elementor-element-populated\">\n\t\t\t\t\t\t<div class=\"elementor-element elementor-element-ce2295a elementor-widget-divider--view-line elementor-widget elementor-widget-divider\" data-id=\"ce2295a\" data-element_type=\"widget\" data-e-type=\"widget\" data-widget_type=\"divider.default\">\n\t\t\t\t<div class=\"elementor-widget-container\">\n\t\t\t\t\t\t\t<div class=\"elementor-divider\">\n\t\t\t<span class=\"elementor-divider-separator\">\n\t\t\t\t\t\t<\/span>\n\t\t<\/div>\n\t\t\t\t\t\t<\/div>\n\t\t\t\t<\/div>\n\t\t\t\t<div class=\"elementor-element elementor-element-ae7656d elementor-widget elementor-widget-text-editor\" data-id=\"ae7656d\" data-element_type=\"widget\" data-e-type=\"widget\" data-widget_type=\"text-editor.default\">\n\t\t\t\t<div class=\"elementor-widget-container\">\n\t\t\t\t\t\t\t\t\t<div class=\"elementor-element elementor-element-b6f9d45 elementor-widget elementor-widget-text-editor\" data-id=\"b6f9d45\" data-element_type=\"text-editor.default\"><div class=\"elementor-widget-container\"><div class=\"elementor-text-editor elementor-clearfix\"><p style=\"text-align: center;\">Solicitar drets de representaci\u00f3:<\/p><\/div><\/div><\/div>\t\t\t\t\t\t\t\t<\/div>\n\t\t\t\t<\/div>\n\t\t\t\t<section class=\"elementor-section elementor-inner-section elementor-element elementor-element-6491681 elementor-section-boxed elementor-section-height-default elementor-section-height-default\" data-id=\"6491681\" data-element_type=\"section\" data-e-type=\"section\">\n\t\t\t\t\t\t<div class=\"elementor-container elementor-column-gap-default\">\n\t\t\t\t\t<div class=\"elementor-column elementor-col-50 elementor-inner-column elementor-element elementor-element-c87d72c\" data-id=\"c87d72c\" data-element_type=\"column\" data-e-type=\"column\">\n\t\t\t<div class=\"elementor-widget-wrap elementor-element-populated\">\n\t\t\t\t\t\t<div class=\"elementor-element elementor-element-4125ec4 elementor-button-info elementor-align-center elementor-widget elementor-widget-button\" data-id=\"4125ec4\" data-element_type=\"widget\" data-e-type=\"widget\" data-widget_type=\"button.default\">\n\t\t\t\t<div class=\"elementor-widget-container\">\n\t\t\t\t\t\t\t\t\t<div class=\"elementor-button-wrapper\">\n\t\t\t\t\t<a class=\"elementor-button elementor-button-link elementor-size-md\" href=\"\/licencia-amateur\">\n\t\t\t\t\t\t<span class=\"elementor-button-content-wrapper\">\n\t\t\t\t\t\t\t\t\t<span class=\"elementor-button-text\">Amateur: Solicitud de drets<\/span>\n\t\t\t\t\t<\/span>\n\t\t\t\t\t<\/a>\n\t\t\t\t<\/div>\n\t\t\t\t\t\t\t\t<\/div>\n\t\t\t\t<\/div>\n\t\t\t\t\t<\/div>\n\t\t<\/div>\n\t\t\t\t<div class=\"elementor-column elementor-col-50 elementor-inner-column elementor-element elementor-element-b7e7574\" data-id=\"b7e7574\" data-element_type=\"column\" data-e-type=\"column\">\n\t\t\t<div class=\"elementor-widget-wrap elementor-element-populated\">\n\t\t\t\t\t\t<div class=\"elementor-element elementor-element-2c3472b elementor-button-info elementor-align-center elementor-widget elementor-widget-button\" data-id=\"2c3472b\" data-element_type=\"widget\" data-e-type=\"widget\" data-widget_type=\"button.default\">\n\t\t\t\t<div class=\"elementor-widget-container\">\n\t\t\t\t\t\t\t\t\t<div class=\"elementor-button-wrapper\">\n\t\t\t\t\t<a class=\"elementor-button elementor-button-link elementor-size-md\" href=\"\/solicitud\">\n\t\t\t\t\t\t<span class=\"elementor-button-content-wrapper\">\n\t\t\t\t\t\t\t\t\t<span class=\"elementor-button-text\">Professional: Solicitud de drets<\/span>\n\t\t\t\t\t<\/span>\n\t\t\t\t\t<\/a>\n\t\t\t\t<\/div>\n\t\t\t\t\t\t\t\t<\/div>\n\t\t\t\t<\/div>\n\t\t\t\t\t<\/div>\n\t\t<\/div>\n\t\t\t\t\t<\/div>\n\t\t<\/section>\n\t\t\t\t<div class=\"elementor-element elementor-element-bc9e039 elementor-widget elementor-widget-spacer\" data-id=\"bc9e039\" data-element_type=\"widget\" data-e-type=\"widget\" data-widget_type=\"spacer.default\">\n\t\t\t\t<div class=\"elementor-widget-container\">\n\t\t\t\t\t\t\t<div class=\"elementor-spacer\">\n\t\t\t<div class=\"elementor-spacer-inner\"><\/div>\n\t\t<\/div>\n\t\t\t\t\t\t<\/div>\n\t\t\t\t<\/div>\n\t\t\t\t\t<\/div>\n\t\t<\/div>\n\t\t\t\t\t<\/div>\n\t\t<\/section>\n\t\t\t\t<\/div>\n\t\t","protected":false},"excerpt":{"rendered":"<p>BERNARD-MARIE KOLT\u00c8S BERNARD-MARIE KOLT\u00c8S (Metz, 1948 \u2013 Par\u00eds, 1989) va ser un dramaturg franc\u00e8s, escriptor i director teatral. Va n\u00e9ixer a Metz en el si d\u2019una fam\u00edlia burgesa el 1948 i va ser educat pels jesu\u00eftes a Saint-Cl\u00e9ment. Durant alguns anys va assistir a piano i classes d\u2019orgue i unes quantes setmanes de periodisme. Tot &#8230; <a title=\"Bernard-Marie Kolt\u00e8s\" class=\"read-more\" href=\"https:\/\/martafluvia.com\/ca\/bernard-marie-koltes\/\">Llegiu m\u00e9s<\/a><\/p>\n","protected":false},"author":1,"featured_media":0,"parent":0,"menu_order":0,"comment_status":"closed","ping_status":"closed","template":"elementor_header_footer","meta":{"footnotes":""},"class_list":["post-1553","page","type-page","status-publish"],"yoast_head":"<!-- This site is optimized with the Yoast SEO plugin v27.4 - https:\/\/yoast.com\/product\/yoast-seo-wordpress\/ -->\n<title>Bernard-Marie Kolt\u00e8s - Marta Fluvi\u00e0<\/title>\n<meta name=\"description\" content=\"Conegui al nostre autor Bernard-Marie Kolt\u00e8s. Sol\u00b7licitar els drets de representaci\u00f3 per a qualsevol de les seves obres mitjan\u00e7ant el nostre formulari.\" \/>\n<meta name=\"robots\" content=\"index, follow, max-snippet:-1, max-image-preview:large, max-video-preview:-1\" \/>\n<link rel=\"canonical\" href=\"https:\/\/martafluvia.com\/ca\/bernard-marie-koltes\/\" \/>\n<meta property=\"og:locale\" content=\"ca_ES\" \/>\n<meta property=\"og:type\" content=\"article\" \/>\n<meta property=\"og:title\" content=\"Bernard-Marie Kolt\u00e8s - Marta Fluvi\u00e0\" \/>\n<meta property=\"og:description\" content=\"Conegui al nostre autor Bernard-Marie Kolt\u00e8s. Sol\u00b7licitar els drets de representaci\u00f3 per a qualsevol de les seves obres mitjan\u00e7ant el nostre formulari.\" \/>\n<meta property=\"og:url\" content=\"https:\/\/martafluvia.com\/ca\/bernard-marie-koltes\/\" \/>\n<meta property=\"og:site_name\" content=\"Marta Fluvi\u00e0\" \/>\n<meta property=\"article:publisher\" content=\"https:\/\/www.facebook.com\/martafluviaagency\/\" \/>\n<meta property=\"article:modified_time\" content=\"2023-05-21T17:17:28+00:00\" \/>\n<meta property=\"og:image\" content=\"https:\/\/martafluvia.com\/wp-content\/uploads\/elementor\/thumbs\/bernard-marie-koltc3a8s-q6stgaybyu2omrymsxkxnbets3a9mxdhwauff3gy68.jpg\" \/>\n<meta name=\"twitter:card\" content=\"summary_large_image\" \/>\n<meta name=\"twitter:label1\" content=\"Temps estimat de lectura\" \/>\n\t<meta name=\"twitter:data1\" content=\"2 minuts\" \/>\n<script type=\"application\/ld+json\" class=\"yoast-schema-graph\">{\"@context\":\"https:\\\/\\\/schema.org\",\"@graph\":[{\"@type\":\"WebPage\",\"@id\":\"https:\\\/\\\/martafluvia.com\\\/ca\\\/bernard-marie-koltes\\\/\",\"url\":\"https:\\\/\\\/martafluvia.com\\\/ca\\\/bernard-marie-koltes\\\/\",\"name\":\"Bernard-Marie Kolt\u00e8s - Marta Fluvi\u00e0\",\"isPartOf\":{\"@id\":\"https:\\\/\\\/martafluvia.com\\\/en\\\/#website\"},\"primaryImageOfPage\":{\"@id\":\"https:\\\/\\\/martafluvia.com\\\/ca\\\/bernard-marie-koltes\\\/#primaryimage\"},\"image\":{\"@id\":\"https:\\\/\\\/martafluvia.com\\\/ca\\\/bernard-marie-koltes\\\/#primaryimage\"},\"thumbnailUrl\":\"https:\\\/\\\/martafluvia.com\\\/wp-content\\\/uploads\\\/elementor\\\/thumbs\\\/bernard-marie-koltc3a8s-q6stgaybyu2omrymsxkxnbets3a9mxdhwauff3gy68.jpg\",\"datePublished\":\"2018-12-23T21:57:47+00:00\",\"dateModified\":\"2023-05-21T17:17:28+00:00\",\"description\":\"Conegui al nostre autor Bernard-Marie Kolt\u00e8s. Sol\u00b7licitar els drets de representaci\u00f3 per a qualsevol de les seves obres mitjan\u00e7ant el nostre formulari.\",\"breadcrumb\":{\"@id\":\"https:\\\/\\\/martafluvia.com\\\/ca\\\/bernard-marie-koltes\\\/#breadcrumb\"},\"inLanguage\":\"ca\",\"potentialAction\":[{\"@type\":\"ReadAction\",\"target\":[\"https:\\\/\\\/martafluvia.com\\\/ca\\\/bernard-marie-koltes\\\/\"]}]},{\"@type\":\"ImageObject\",\"inLanguage\":\"ca\",\"@id\":\"https:\\\/\\\/martafluvia.com\\\/ca\\\/bernard-marie-koltes\\\/#primaryimage\",\"url\":\"https:\\\/\\\/martafluvia.com\\\/wp-content\\\/uploads\\\/elementor\\\/thumbs\\\/bernard-marie-koltc3a8s-q6stgaybyu2omrymsxkxnbets3a9mxdhwauff3gy68.jpg\",\"contentUrl\":\"https:\\\/\\\/martafluvia.com\\\/wp-content\\\/uploads\\\/elementor\\\/thumbs\\\/bernard-marie-koltc3a8s-q6stgaybyu2omrymsxkxnbets3a9mxdhwauff3gy68.jpg\"},{\"@type\":\"BreadcrumbList\",\"@id\":\"https:\\\/\\\/martafluvia.com\\\/ca\\\/bernard-marie-koltes\\\/#breadcrumb\",\"itemListElement\":[{\"@type\":\"ListItem\",\"position\":1,\"name\":\"Portada\",\"item\":\"https:\\\/\\\/martafluvia.com\\\/ca\\\/\"},{\"@type\":\"ListItem\",\"position\":2,\"name\":\"Bernard-Marie Kolt\u00e8s\"}]},{\"@type\":\"WebSite\",\"@id\":\"https:\\\/\\\/martafluvia.com\\\/en\\\/#website\",\"url\":\"https:\\\/\\\/martafluvia.com\\\/en\\\/\",\"name\":\"Marta Fluvi\u00e0\",\"description\":\"Theatrical Literary Agency\",\"publisher\":{\"@id\":\"https:\\\/\\\/martafluvia.com\\\/en\\\/#organization\"},\"potentialAction\":[{\"@type\":\"SearchAction\",\"target\":{\"@type\":\"EntryPoint\",\"urlTemplate\":\"https:\\\/\\\/martafluvia.com\\\/en\\\/?s={search_term_string}\"},\"query-input\":{\"@type\":\"PropertyValueSpecification\",\"valueRequired\":true,\"valueName\":\"search_term_string\"}}],\"inLanguage\":\"ca\"},{\"@type\":\"Organization\",\"@id\":\"https:\\\/\\\/martafluvia.com\\\/en\\\/#organization\",\"name\":\"Marta Fluvi\u00e0 Agency\",\"url\":\"https:\\\/\\\/martafluvia.com\\\/en\\\/\",\"logo\":{\"@type\":\"ImageObject\",\"inLanguage\":\"ca\",\"@id\":\"https:\\\/\\\/martafluvia.com\\\/en\\\/#\\\/schema\\\/logo\\\/image\\\/\",\"url\":\"https:\\\/\\\/martafluvia.com\\\/wp-content\\\/uploads\\\/2017\\\/12\\\/logo-marta-english-1.jpg\",\"contentUrl\":\"https:\\\/\\\/martafluvia.com\\\/wp-content\\\/uploads\\\/2017\\\/12\\\/logo-marta-english-1.jpg\",\"width\":2118,\"height\":783,\"caption\":\"Marta Fluvi\u00e0 Agency\"},\"image\":{\"@id\":\"https:\\\/\\\/martafluvia.com\\\/en\\\/#\\\/schema\\\/logo\\\/image\\\/\"},\"sameAs\":[\"https:\\\/\\\/www.facebook.com\\\/martafluviaagency\\\/\"]}]}<\/script>\n<!-- \/ Yoast SEO plugin. -->","yoast_head_json":{"title":"Bernard-Marie Kolt\u00e8s - Marta Fluvi\u00e0","description":"Conegui al nostre autor Bernard-Marie Kolt\u00e8s. Sol\u00b7licitar els drets de representaci\u00f3 per a qualsevol de les seves obres mitjan\u00e7ant el nostre formulari.","robots":{"index":"index","follow":"follow","max-snippet":"max-snippet:-1","max-image-preview":"max-image-preview:large","max-video-preview":"max-video-preview:-1"},"canonical":"https:\/\/martafluvia.com\/ca\/bernard-marie-koltes\/","og_locale":"ca_ES","og_type":"article","og_title":"Bernard-Marie Kolt\u00e8s - Marta Fluvi\u00e0","og_description":"Conegui al nostre autor Bernard-Marie Kolt\u00e8s. Sol\u00b7licitar els drets de representaci\u00f3 per a qualsevol de les seves obres mitjan\u00e7ant el nostre formulari.","og_url":"https:\/\/martafluvia.com\/ca\/bernard-marie-koltes\/","og_site_name":"Marta Fluvi\u00e0","article_publisher":"https:\/\/www.facebook.com\/martafluviaagency\/","article_modified_time":"2023-05-21T17:17:28+00:00","og_image":[{"url":"https:\/\/martafluvia.com\/wp-content\/uploads\/elementor\/thumbs\/bernard-marie-koltc3a8s-q6stgaybyu2omrymsxkxnbets3a9mxdhwauff3gy68.jpg","type":"","width":"","height":""}],"twitter_card":"summary_large_image","twitter_misc":{"Temps estimat de lectura":"2 minuts"},"schema":{"@context":"https:\/\/schema.org","@graph":[{"@type":"WebPage","@id":"https:\/\/martafluvia.com\/ca\/bernard-marie-koltes\/","url":"https:\/\/martafluvia.com\/ca\/bernard-marie-koltes\/","name":"Bernard-Marie Kolt\u00e8s - Marta Fluvi\u00e0","isPartOf":{"@id":"https:\/\/martafluvia.com\/en\/#website"},"primaryImageOfPage":{"@id":"https:\/\/martafluvia.com\/ca\/bernard-marie-koltes\/#primaryimage"},"image":{"@id":"https:\/\/martafluvia.com\/ca\/bernard-marie-koltes\/#primaryimage"},"thumbnailUrl":"https:\/\/martafluvia.com\/wp-content\/uploads\/elementor\/thumbs\/bernard-marie-koltc3a8s-q6stgaybyu2omrymsxkxnbets3a9mxdhwauff3gy68.jpg","datePublished":"2018-12-23T21:57:47+00:00","dateModified":"2023-05-21T17:17:28+00:00","description":"Conegui al nostre autor Bernard-Marie Kolt\u00e8s. Sol\u00b7licitar els drets de representaci\u00f3 per a qualsevol de les seves obres mitjan\u00e7ant el nostre formulari.","breadcrumb":{"@id":"https:\/\/martafluvia.com\/ca\/bernard-marie-koltes\/#breadcrumb"},"inLanguage":"ca","potentialAction":[{"@type":"ReadAction","target":["https:\/\/martafluvia.com\/ca\/bernard-marie-koltes\/"]}]},{"@type":"ImageObject","inLanguage":"ca","@id":"https:\/\/martafluvia.com\/ca\/bernard-marie-koltes\/#primaryimage","url":"https:\/\/martafluvia.com\/wp-content\/uploads\/elementor\/thumbs\/bernard-marie-koltc3a8s-q6stgaybyu2omrymsxkxnbets3a9mxdhwauff3gy68.jpg","contentUrl":"https:\/\/martafluvia.com\/wp-content\/uploads\/elementor\/thumbs\/bernard-marie-koltc3a8s-q6stgaybyu2omrymsxkxnbets3a9mxdhwauff3gy68.jpg"},{"@type":"BreadcrumbList","@id":"https:\/\/martafluvia.com\/ca\/bernard-marie-koltes\/#breadcrumb","itemListElement":[{"@type":"ListItem","position":1,"name":"Portada","item":"https:\/\/martafluvia.com\/ca\/"},{"@type":"ListItem","position":2,"name":"Bernard-Marie Kolt\u00e8s"}]},{"@type":"WebSite","@id":"https:\/\/martafluvia.com\/en\/#website","url":"https:\/\/martafluvia.com\/en\/","name":"Marta Fluvi\u00e0","description":"Theatrical Literary Agency","publisher":{"@id":"https:\/\/martafluvia.com\/en\/#organization"},"potentialAction":[{"@type":"SearchAction","target":{"@type":"EntryPoint","urlTemplate":"https:\/\/martafluvia.com\/en\/?s={search_term_string}"},"query-input":{"@type":"PropertyValueSpecification","valueRequired":true,"valueName":"search_term_string"}}],"inLanguage":"ca"},{"@type":"Organization","@id":"https:\/\/martafluvia.com\/en\/#organization","name":"Marta Fluvi\u00e0 Agency","url":"https:\/\/martafluvia.com\/en\/","logo":{"@type":"ImageObject","inLanguage":"ca","@id":"https:\/\/martafluvia.com\/en\/#\/schema\/logo\/image\/","url":"https:\/\/martafluvia.com\/wp-content\/uploads\/2017\/12\/logo-marta-english-1.jpg","contentUrl":"https:\/\/martafluvia.com\/wp-content\/uploads\/2017\/12\/logo-marta-english-1.jpg","width":2118,"height":783,"caption":"Marta Fluvi\u00e0 Agency"},"image":{"@id":"https:\/\/martafluvia.com\/en\/#\/schema\/logo\/image\/"},"sameAs":["https:\/\/www.facebook.com\/martafluviaagency\/"]}]}},"_links":{"self":[{"href":"https:\/\/martafluvia.com\/ca\/wp-json\/wp\/v2\/pages\/1553","targetHints":{"allow":["GET"]}}],"collection":[{"href":"https:\/\/martafluvia.com\/ca\/wp-json\/wp\/v2\/pages"}],"about":[{"href":"https:\/\/martafluvia.com\/ca\/wp-json\/wp\/v2\/types\/page"}],"author":[{"embeddable":true,"href":"https:\/\/martafluvia.com\/ca\/wp-json\/wp\/v2\/users\/1"}],"replies":[{"embeddable":true,"href":"https:\/\/martafluvia.com\/ca\/wp-json\/wp\/v2\/comments?post=1553"}],"version-history":[{"count":11,"href":"https:\/\/martafluvia.com\/ca\/wp-json\/wp\/v2\/pages\/1553\/revisions"}],"predecessor-version":[{"id":17272,"href":"https:\/\/martafluvia.com\/ca\/wp-json\/wp\/v2\/pages\/1553\/revisions\/17272"}],"wp:attachment":[{"href":"https:\/\/martafluvia.com\/ca\/wp-json\/wp\/v2\/media?parent=1553"}],"curies":[{"name":"wp","href":"https:\/\/api.w.org\/{rel}","templated":true}]}}