{"id":13637,"date":"2021-10-05T12:17:47","date_gmt":"2021-10-05T11:17:47","guid":{"rendered":"https:\/\/martafluvia.com\/?page_id=13637"},"modified":"2024-04-05T11:13:51","modified_gmt":"2024-04-05T10:13:51","slug":"joan-yago","status":"publish","type":"page","link":"https:\/\/martafluvia.com\/ca\/joan-yago\/","title":{"rendered":"Joan Yago"},"content":{"rendered":"\t\t<div data-elementor-type=\"wp-page\" data-elementor-id=\"13637\" class=\"elementor elementor-13637 elementor-13636\" data-elementor-post-type=\"page\">\n\t\t\t\t\t\t<section class=\"elementor-section elementor-top-section elementor-element elementor-element-b03140c elementor-section-boxed elementor-section-height-default elementor-section-height-default\" data-id=\"b03140c\" data-element_type=\"section\" data-e-type=\"section\">\n\t\t\t\t\t\t<div class=\"elementor-container elementor-column-gap-default\">\n\t\t\t\t\t<div class=\"elementor-column elementor-col-100 elementor-top-column elementor-element elementor-element-2d33db53\" data-id=\"2d33db53\" data-element_type=\"column\" data-e-type=\"column\">\n\t\t\t<div class=\"elementor-widget-wrap elementor-element-populated\">\n\t\t\t\t\t\t<div class=\"elementor-element elementor-element-11f9f03d elementor-widget elementor-widget-heading\" data-id=\"11f9f03d\" data-element_type=\"widget\" data-e-type=\"widget\" data-widget_type=\"heading.default\">\n\t\t\t\t<div class=\"elementor-widget-container\">\n\t\t\t\t\t<h2 class=\"elementor-heading-title elementor-size-default\">JOAN YAGO<\/h2>\t\t\t\t<\/div>\n\t\t\t\t<\/div>\n\t\t\t\t<div class=\"elementor-element elementor-element-6ca817cb elementor-invisible elementor-widget elementor-widget-image\" data-id=\"6ca817cb\" data-element_type=\"widget\" data-e-type=\"widget\" data-settings=\"{&quot;_animation&quot;:&quot;slideInRight&quot;}\" data-widget_type=\"image.default\">\n\t\t\t\t<div class=\"elementor-widget-container\">\n\t\t\t\t\t\t\t\t\t\t\t\t<figure class=\"wp-caption\">\n\t\t\t\t\t\t\t\t\t\t<img decoding=\"async\" src=\"https:\/\/martafluvia.com\/wp-content\/uploads\/elementor\/thumbs\/Joan-Yago-FOTO-May-Circus_TNC-scaled-pe454uxk89aklkaadrwbwz1bzntd06tmb8y00cs0zk.jpg\" title=\"\" alt=\"\" loading=\"lazy\" \/>\t\t\t\t\t\t\t\t\t\t\t<figcaption class=\"widget-image-caption wp-caption-text\">May Circus \u00a9<\/figcaption>\n\t\t\t\t\t\t\t\t\t\t<\/figure>\n\t\t\t\t\t\t\t\t\t<\/div>\n\t\t\t\t<\/div>\n\t\t\t\t<div class=\"elementor-element elementor-element-728d76ce elementor-invisible elementor-widget elementor-widget-text-editor\" data-id=\"728d76ce\" data-element_type=\"widget\" data-e-type=\"widget\" data-settings=\"{&quot;_animation&quot;:&quot;slideInLeft&quot;}\" data-widget_type=\"text-editor.default\">\n\t\t\t\t<div class=\"elementor-widget-container\">\n\t\t\t\t\t\t\t\t\t<p><strong>Joan Yago<\/strong> (Barcelona, 1987). Licenciado en Direcci\u00f3n y Dramaturgia por el Institut del Teatre de Barcelona.<\/p>\n<p>Ha escrito y estrenado piezas para teatro como Breve historia del ferrocarril espa\u00f1ol (Residencias Dram\u00e1ticas CDN, 2021), De qu\u00e8 parlem mentre no parlem de tota aquesta merda (2021), Els Ocells (2018), Sis Personatges \u2013 Homenatge a Tom\u00e0s Giner (Premio de La Cr\u00edtica 2018), Fairfly ( Premio Max a Autor\u00eda Revelaci\u00f3n 2018, Premio Max a Espect\u00e1culo revelaci\u00f3n 2018, Premio Butaca al mejor texto 2017, Premio Butaca al mejor espect\u00e1culo de peque\u00f1o formato 2017, Premio de la Cr\u00edtica Teatral a mejor espect\u00e1culo de peque\u00f1o formato 2017), You say tomato (Premio Cr\u00edtica Serra d\u2019Or a mejor texto teatral, 2016), Un lloc com\u00fa (Bromera Edicions \u2013 Premio Ciutat d\u2019Alzira 2014), Bluf (Premio Quim Mas\u00f3 2014), Sobre el fen\u00f3meno de los trabajos de mierda (2015), Aneboda-The Show (2014), La Nau dels Bojos (Premio Adri\u00e0 Gual 2012), L\u2019Editto Bulgaro (2012), Martingala (2012), Rep\u00fablica Bananera (2012), No soy Dean Moriarty (2011), o Fe\u00edsima enfermedad y muy triste muerte de la reina Isabel I (Premio del p\u00fablico y Premio del jurado a Fira Esc\u00e8nia 2010).<\/p>\n<p>Ha adaptado textos cl\u00e1sicos como El Fantasma de Cantervillde de Oscar Wilde para Focus Grup, Traduccions\/Translations de Brian Friel para LaPerla29, Rinoceront de Eugene Ionesco para Teatre Principal de Palma o Quan venia l\u2019esquadra, a partir de las memorias de la novelista mallorquina Xesca Ense\u00f1at.<\/p>\n<p>Es miembro fundador de la compa\u00f1\u00eda de teatro independiente La Cal\u00f2rica y profesor de escritura en la Escuela E\u00f2lia ESAD i el Obrador de Dramat\u00fargia de la Sala Beckett. Es creador y guionista de la serie Mai neva a Ciutat para IB3tv.<\/p>\n<p><br><\/p>\n<p><\/p>\n<p>CAT\u00c0LEG:<\/p>\n<table width=\"100%\" style=\"width: 1100px; font-size: 14px; letter-spacing: normal;\">\n<tbody>\n<tr>\n<td width=\"147\"><span style=\"font-weight: 700;\">T\u00cdTULO<\/span><\/td>\n<td width=\"144\"><span style=\"font-weight: 700;\">G\u00e9nero<\/span><\/td>\n<td width=\"146\"><span style=\"font-weight: 700;\">Personajes Masculinos<\/span><\/td>\n<td width=\"144\"><span style=\"font-weight: 700;\">Personajes Femeninos<\/span><\/td>\n<\/tr>\n<tr>\n<td width=\"147\"><a href=\"https:\/\/martafluvia.com\/ca\/joan-yago\/martingala\/\" target=\"_blank\">Martingala<\/a><br><br><\/td>\n<td width=\"144\">Comedia<\/td>\n<td width=\"146\">2<\/td>\n<td width=\"144\">2<\/td>\n<\/tr>\n<tr>\n<td width=\"147\"><a href=\"https:\/\/martafluvia.com\/ca\/joan-yago\/gossos-perduts\/\" target=\"_blank\">Gossos Perduts<\/a><br><br><\/td>\n<td width=\"144\">Comedia<\/td>\n<td width=\"146\">2<\/td>\n<td width=\"144\"><\/td>\n<\/tr>\n<tr>\n<td width=\"147\"><a href=\"https:\/\/martafluvia.com\/ca\/joan-yago\/un-lloc-comu\/\" target=\"_blank\">Un lloc com\u00fa<\/a><br><br><\/td>\n<td width=\"144\">Comedia<\/td>\n<td width=\"146\"><\/td>\n<td width=\"144\">5<\/td>\n<\/tr>\n<tr>\n<td width=\"147\"><a href=\"https:\/\/martafluvia.com\/ca\/joan-yago\/you-say-tomato\/\" target=\"_blank\">You say tomato<\/a><a href=\"https:\/\/martafluvia.com\/ca\/joan-yago\/you-say-tomato\/\"><br><\/a><br><\/td>\n<td width=\"144\">Comedia<\/td>\n<td width=\"146\">1<\/td>\n<td width=\"144\">1<\/td>\n<\/tr>\n<tr>\n<td width=\"147\"><a href=\"https:\/\/martafluvia.com\/ca\/joan-yago\/breu-introduccio-al-western\/\" target=\"_blank\">Breu introducci\u00f3 al western<\/a><br><br><\/td>\n<td width=\"144\">Drama<\/td>\n<td width=\"146\">3<\/td>\n<td width=\"144\"><\/td>\n<\/tr>\n<tr>\n<td width=\"147\"><a href=\"https:\/\/martafluvia.com\/ca\/joan-yago\/entrevistes-breus-amb-dones-excepcionals\/\" target=\"_blank\">Entrevistes breus amb dones excepcionals<\/a><br><\/td>\n<td width=\"144\"><\/td>\n<td width=\"146\">1<\/td>\n<td width=\"144\">3-4<\/td>\n<\/tr>\n<tr>\n<td width=\"147\"><a href=\"https:\/\/martafluvia.com\/ca\/joan-yago\/el-futur\/\" target=\"_blank\">El futur<\/a><br><br><\/td>\n<td width=\"144\">Comedia<\/td>\n<td width=\"146\">2-3<\/td>\n<td width=\"144\">4-5<\/td>\n<\/tr>\n<tr>\n<td width=\"147\"><a href=\"https:\/\/martafluvia.com\/ca\/joan-yago\/historia-breve-del-ferrocarril-espanol\/\" target=\"_blank\">Historia breve del ferrocarril espa\u00f1ol<\/a><br><br><\/td>\n<td width=\"144\">Comedia<\/td>\n<td width=\"146\"><\/td>\n<td width=\"144\">1<\/td>\n<\/tr>\n<tr>\n<td colspan=\"4\" width=\"147\"><span style=\"font-weight: 700;\">de Joan Yago y la Cal\u00f2ria<\/span><\/td>\n<\/tr>\n<tr>\n<td width=\"147\"><a href=\"https:\/\/martafluvia.com\/ca\/joan-yago\/fairfly\/\" target=\"_blank\">Fairfly<\/a><br><br><\/td>\n<td width=\"144\">Comedia<\/td>\n<td width=\"146\">2<\/td>\n<td width=\"144\">2<\/td>\n<\/tr>\n<\/tbody>\n<\/table>\t\t\t\t\t\t\t\t<\/div>\n\t\t\t\t<\/div>\n\t\t\t\t\t<\/div>\n\t\t<\/div>\n\t\t\t\t\t<\/div>\n\t\t<\/section>\n\t\t\t\t<section class=\"elementor-section elementor-top-section elementor-element elementor-element-55edaf81 elementor-section-boxed elementor-section-height-default elementor-section-height-default elementor-invisible\" data-id=\"55edaf81\" data-element_type=\"section\" data-e-type=\"section\" data-settings=\"{&quot;animation&quot;:&quot;fadeInUp&quot;}\">\n\t\t\t\t\t\t<div class=\"elementor-container elementor-column-gap-default\">\n\t\t\t\t\t<div class=\"elementor-column elementor-col-100 elementor-top-column elementor-element elementor-element-63b404eb\" data-id=\"63b404eb\" data-element_type=\"column\" data-e-type=\"column\">\n\t\t\t<div class=\"elementor-widget-wrap elementor-element-populated\">\n\t\t\t\t\t\t<div class=\"elementor-element elementor-element-6dfcdcd3 elementor-widget-divider--view-line elementor-widget elementor-widget-divider\" data-id=\"6dfcdcd3\" data-element_type=\"widget\" data-e-type=\"widget\" data-widget_type=\"divider.default\">\n\t\t\t\t<div class=\"elementor-widget-container\">\n\t\t\t\t\t\t\t<div class=\"elementor-divider\">\n\t\t\t<span class=\"elementor-divider-separator\">\n\t\t\t\t\t\t<\/span>\n\t\t<\/div>\n\t\t\t\t\t\t<\/div>\n\t\t\t\t<\/div>\n\t\t\t\t<div class=\"elementor-element elementor-element-abc46b3 elementor-widget elementor-widget-text-editor\" data-id=\"abc46b3\" data-element_type=\"widget\" data-e-type=\"widget\" data-widget_type=\"text-editor.default\">\n\t\t\t\t<div class=\"elementor-widget-container\">\n\t\t\t\t\t\t\t\t\t<div class=\"elementor-element elementor-element-b6f9d45 elementor-widget elementor-widget-text-editor\" data-id=\"b6f9d45\" data-element_type=\"text-editor.default\">\n<div class=\"elementor-widget-container\">\n<div class=\"elementor-text-editor elementor-clearfix\">\n<p style=\"text-align: center;\">Sol\u00b7licitar drets de representaci\u00f3:<\/p>\n<\/div>\n<\/div>\n<\/div>\n\t\t\t\t\t\t\t\t<\/div>\n\t\t\t\t<\/div>\n\t\t\t\t<section class=\"elementor-section elementor-inner-section elementor-element elementor-element-3acdd729 elementor-section-boxed elementor-section-height-default elementor-section-height-default elementor-invisible\" data-id=\"3acdd729\" data-element_type=\"section\" data-e-type=\"section\" data-settings=\"{&quot;animation&quot;:&quot;fadeInDown&quot;}\">\n\t\t\t\t\t\t<div class=\"elementor-container elementor-column-gap-default\">\n\t\t\t\t\t<div class=\"elementor-column elementor-col-50 elementor-inner-column elementor-element elementor-element-3f97fa00\" data-id=\"3f97fa00\" data-element_type=\"column\" data-e-type=\"column\">\n\t\t\t<div class=\"elementor-widget-wrap elementor-element-populated\">\n\t\t\t\t\t\t<div class=\"elementor-element elementor-element-d96c5db elementor-button-info elementor-align-center elementor-widget elementor-widget-button\" data-id=\"d96c5db\" data-element_type=\"widget\" data-e-type=\"widget\" data-widget_type=\"button.default\">\n\t\t\t\t<div class=\"elementor-widget-container\">\n\t\t\t\t\t\t\t\t\t<div class=\"elementor-button-wrapper\">\n\t\t\t\t\t<a class=\"elementor-button elementor-button-link elementor-size-md\" href=\"https:\/\/martafluvia.com\/ca\/sol%c2%b7licitud-de-drets-de-representacio-i-adaptacio-dobra-teatral\/\">\n\t\t\t\t\t\t<span class=\"elementor-button-content-wrapper\">\n\t\t\t\t\t\t\t\t\t<span class=\"elementor-button-text\">Amateur: Sol\u00b7licitud de drets<\/span>\n\t\t\t\t\t<\/span>\n\t\t\t\t\t<\/a>\n\t\t\t\t<\/div>\n\t\t\t\t\t\t\t\t<\/div>\n\t\t\t\t<\/div>\n\t\t\t\t\t<\/div>\n\t\t<\/div>\n\t\t\t\t<div class=\"elementor-column elementor-col-50 elementor-inner-column elementor-element elementor-element-29badea\" data-id=\"29badea\" data-element_type=\"column\" data-e-type=\"column\">\n\t\t\t<div class=\"elementor-widget-wrap elementor-element-populated\">\n\t\t\t\t\t\t<div class=\"elementor-element elementor-element-36d3add elementor-button-info elementor-align-center elementor-widget elementor-widget-button\" data-id=\"36d3add\" data-element_type=\"widget\" data-e-type=\"widget\" data-widget_type=\"button.default\">\n\t\t\t\t<div class=\"elementor-widget-container\">\n\t\t\t\t\t\t\t\t\t<div class=\"elementor-button-wrapper\">\n\t\t\t\t\t<a class=\"elementor-button elementor-button-link elementor-size-md\" href=\"https:\/\/martafluvia.com\/ca\/sol%c2%b7licitud-de-drets-de-representacio-i-adaptacio-dobra-teatral\/\">\n\t\t\t\t\t\t<span class=\"elementor-button-content-wrapper\">\n\t\t\t\t\t\t\t\t\t<span class=\"elementor-button-text\">Professional: Sol\u00b7licitud de drets<\/span>\n\t\t\t\t\t<\/span>\n\t\t\t\t\t<\/a>\n\t\t\t\t<\/div>\n\t\t\t\t\t\t\t\t<\/div>\n\t\t\t\t<\/div>\n\t\t\t\t\t<\/div>\n\t\t<\/div>\n\t\t\t\t\t<\/div>\n\t\t<\/section>\n\t\t\t\t<div class=\"elementor-element elementor-element-76aa7514 elementor-widget elementor-widget-spacer\" data-id=\"76aa7514\" data-element_type=\"widget\" data-e-type=\"widget\" data-widget_type=\"spacer.default\">\n\t\t\t\t<div class=\"elementor-widget-container\">\n\t\t\t\t\t\t\t<div class=\"elementor-spacer\">\n\t\t\t<div class=\"elementor-spacer-inner\"><\/div>\n\t\t<\/div>\n\t\t\t\t\t\t<\/div>\n\t\t\t\t<\/div>\n\t\t\t\t\t<\/div>\n\t\t<\/div>\n\t\t\t\t\t<\/div>\n\t\t<\/section>\n\t\t\t\t<\/div>\n\t\t","protected":false},"excerpt":{"rendered":"<p>JOAN YAGO May Circus \u00a9 Joan Yago (Barcelona, 1987). Licenciado en Direcci\u00f3n y Dramaturgia por el Institut del Teatre de Barcelona. Ha escrito y estrenado piezas para teatro como Breve historia del ferrocarril espa\u00f1ol (Residencias Dram\u00e1ticas CDN, 2021), De qu\u00e8 parlem mentre no parlem de tota aquesta merda (2021), Els Ocells (2018), Sis Personatges \u2013 &#8230; <a title=\"Joan Yago\" class=\"read-more\" href=\"https:\/\/martafluvia.com\/ca\/joan-yago\/\">Llegiu m\u00e9s<\/a><\/p>\n","protected":false},"author":1,"featured_media":0,"parent":0,"menu_order":0,"comment_status":"closed","ping_status":"closed","template":"elementor_header_footer","meta":{"footnotes":""},"class_list":["post-13637","page","type-page","status-publish"],"yoast_head":"<!-- This site is optimized with the Yoast SEO plugin v27.3 - https:\/\/yoast.com\/product\/yoast-seo-wordpress\/ -->\n<title>Joan Yago - Marta Fluvi\u00e0<\/title>\n<meta name=\"robots\" content=\"index, follow, max-snippet:-1, max-image-preview:large, max-video-preview:-1\" \/>\n<link rel=\"canonical\" href=\"https:\/\/martafluvia.com\/ca\/joan-yago\/\" \/>\n<meta property=\"og:locale\" content=\"ca_ES\" \/>\n<meta property=\"og:type\" content=\"article\" \/>\n<meta property=\"og:title\" content=\"Joan Yago - Marta Fluvi\u00e0\" \/>\n<meta property=\"og:description\" content=\"JOAN YAGO May Circus \u00a9 Joan Yago (Barcelona, 1987). Licenciado en Direcci\u00f3n y Dramaturgia por el Institut del Teatre de Barcelona. Ha escrito y estrenado piezas para teatro como Breve historia del ferrocarril espa\u00f1ol (Residencias Dram\u00e1ticas CDN, 2021), De qu\u00e8 parlem mentre no parlem de tota aquesta merda (2021), Els Ocells (2018), Sis Personatges \u2013 ... Llegiu m\u00e9s\" \/>\n<meta property=\"og:url\" content=\"https:\/\/martafluvia.com\/ca\/joan-yago\/\" \/>\n<meta property=\"og:site_name\" content=\"Marta Fluvi\u00e0\" \/>\n<meta property=\"article:publisher\" content=\"https:\/\/www.facebook.com\/martafluviaagency\/\" \/>\n<meta property=\"article:modified_time\" content=\"2024-04-05T10:13:51+00:00\" \/>\n<meta property=\"og:image\" content=\"https:\/\/martafluvia.com\/wp-content\/uploads\/elementor\/thumbs\/Joan-Yago-FOTO-May-Circus_TNC-scaled-pe454uxk89aklkaadrwbwz1bzntd06tmb8y00cs0zk.jpg\" \/>\n<meta name=\"twitter:card\" content=\"summary_large_image\" \/>\n<meta name=\"twitter:label1\" content=\"Temps estimat de lectura\" \/>\n\t<meta name=\"twitter:data1\" content=\"3 minuts\" \/>\n<script type=\"application\/ld+json\" class=\"yoast-schema-graph\">{\"@context\":\"https:\\\/\\\/schema.org\",\"@graph\":[{\"@type\":\"WebPage\",\"@id\":\"https:\\\/\\\/martafluvia.com\\\/ca\\\/joan-yago\\\/\",\"url\":\"https:\\\/\\\/martafluvia.com\\\/ca\\\/joan-yago\\\/\",\"name\":\"Joan Yago - Marta Fluvi\u00e0\",\"isPartOf\":{\"@id\":\"https:\\\/\\\/martafluvia.com\\\/en\\\/#website\"},\"primaryImageOfPage\":{\"@id\":\"https:\\\/\\\/martafluvia.com\\\/ca\\\/joan-yago\\\/#primaryimage\"},\"image\":{\"@id\":\"https:\\\/\\\/martafluvia.com\\\/ca\\\/joan-yago\\\/#primaryimage\"},\"thumbnailUrl\":\"https:\\\/\\\/martafluvia.com\\\/wp-content\\\/uploads\\\/elementor\\\/thumbs\\\/Joan-Yago-FOTO-May-Circus_TNC-scaled-pe454uxk89aklkaadrwbwz1bzntd06tmb8y00cs0zk.jpg\",\"datePublished\":\"2021-10-05T11:17:47+00:00\",\"dateModified\":\"2024-04-05T10:13:51+00:00\",\"breadcrumb\":{\"@id\":\"https:\\\/\\\/martafluvia.com\\\/ca\\\/joan-yago\\\/#breadcrumb\"},\"inLanguage\":\"ca\",\"potentialAction\":[{\"@type\":\"ReadAction\",\"target\":[\"https:\\\/\\\/martafluvia.com\\\/ca\\\/joan-yago\\\/\"]}]},{\"@type\":\"ImageObject\",\"inLanguage\":\"ca\",\"@id\":\"https:\\\/\\\/martafluvia.com\\\/ca\\\/joan-yago\\\/#primaryimage\",\"url\":\"https:\\\/\\\/martafluvia.com\\\/wp-content\\\/uploads\\\/elementor\\\/thumbs\\\/Joan-Yago-FOTO-May-Circus_TNC-scaled-pe454uxk89aklkaadrwbwz1bzntd06tmb8y00cs0zk.jpg\",\"contentUrl\":\"https:\\\/\\\/martafluvia.com\\\/wp-content\\\/uploads\\\/elementor\\\/thumbs\\\/Joan-Yago-FOTO-May-Circus_TNC-scaled-pe454uxk89aklkaadrwbwz1bzntd06tmb8y00cs0zk.jpg\"},{\"@type\":\"BreadcrumbList\",\"@id\":\"https:\\\/\\\/martafluvia.com\\\/ca\\\/joan-yago\\\/#breadcrumb\",\"itemListElement\":[{\"@type\":\"ListItem\",\"position\":1,\"name\":\"Portada\",\"item\":\"https:\\\/\\\/martafluvia.com\\\/ca\\\/\"},{\"@type\":\"ListItem\",\"position\":2,\"name\":\"Joan Yago\"}]},{\"@type\":\"WebSite\",\"@id\":\"https:\\\/\\\/martafluvia.com\\\/en\\\/#website\",\"url\":\"https:\\\/\\\/martafluvia.com\\\/en\\\/\",\"name\":\"Marta Fluvi\u00e0\",\"description\":\"Theatrical Literary Agency\",\"publisher\":{\"@id\":\"https:\\\/\\\/martafluvia.com\\\/en\\\/#organization\"},\"potentialAction\":[{\"@type\":\"SearchAction\",\"target\":{\"@type\":\"EntryPoint\",\"urlTemplate\":\"https:\\\/\\\/martafluvia.com\\\/en\\\/?s={search_term_string}\"},\"query-input\":{\"@type\":\"PropertyValueSpecification\",\"valueRequired\":true,\"valueName\":\"search_term_string\"}}],\"inLanguage\":\"ca\"},{\"@type\":\"Organization\",\"@id\":\"https:\\\/\\\/martafluvia.com\\\/en\\\/#organization\",\"name\":\"Marta Fluvi\u00e0 Agency\",\"url\":\"https:\\\/\\\/martafluvia.com\\\/en\\\/\",\"logo\":{\"@type\":\"ImageObject\",\"inLanguage\":\"ca\",\"@id\":\"https:\\\/\\\/martafluvia.com\\\/en\\\/#\\\/schema\\\/logo\\\/image\\\/\",\"url\":\"https:\\\/\\\/martafluvia.com\\\/wp-content\\\/uploads\\\/2017\\\/12\\\/logo-marta-english-1.jpg\",\"contentUrl\":\"https:\\\/\\\/martafluvia.com\\\/wp-content\\\/uploads\\\/2017\\\/12\\\/logo-marta-english-1.jpg\",\"width\":2118,\"height\":783,\"caption\":\"Marta Fluvi\u00e0 Agency\"},\"image\":{\"@id\":\"https:\\\/\\\/martafluvia.com\\\/en\\\/#\\\/schema\\\/logo\\\/image\\\/\"},\"sameAs\":[\"https:\\\/\\\/www.facebook.com\\\/martafluviaagency\\\/\"]}]}<\/script>\n<!-- \/ Yoast SEO plugin. -->","yoast_head_json":{"title":"Joan Yago - Marta Fluvi\u00e0","robots":{"index":"index","follow":"follow","max-snippet":"max-snippet:-1","max-image-preview":"max-image-preview:large","max-video-preview":"max-video-preview:-1"},"canonical":"https:\/\/martafluvia.com\/ca\/joan-yago\/","og_locale":"ca_ES","og_type":"article","og_title":"Joan Yago - Marta Fluvi\u00e0","og_description":"JOAN YAGO May Circus \u00a9 Joan Yago (Barcelona, 1987). Licenciado en Direcci\u00f3n y Dramaturgia por el Institut del Teatre de Barcelona. Ha escrito y estrenado piezas para teatro como Breve historia del ferrocarril espa\u00f1ol (Residencias Dram\u00e1ticas CDN, 2021), De qu\u00e8 parlem mentre no parlem de tota aquesta merda (2021), Els Ocells (2018), Sis Personatges \u2013 ... Llegiu m\u00e9s","og_url":"https:\/\/martafluvia.com\/ca\/joan-yago\/","og_site_name":"Marta Fluvi\u00e0","article_publisher":"https:\/\/www.facebook.com\/martafluviaagency\/","article_modified_time":"2024-04-05T10:13:51+00:00","og_image":[{"url":"https:\/\/martafluvia.com\/wp-content\/uploads\/elementor\/thumbs\/Joan-Yago-FOTO-May-Circus_TNC-scaled-pe454uxk89aklkaadrwbwz1bzntd06tmb8y00cs0zk.jpg","type":"","width":"","height":""}],"twitter_card":"summary_large_image","twitter_misc":{"Temps estimat de lectura":"3 minuts"},"schema":{"@context":"https:\/\/schema.org","@graph":[{"@type":"WebPage","@id":"https:\/\/martafluvia.com\/ca\/joan-yago\/","url":"https:\/\/martafluvia.com\/ca\/joan-yago\/","name":"Joan Yago - Marta Fluvi\u00e0","isPartOf":{"@id":"https:\/\/martafluvia.com\/en\/#website"},"primaryImageOfPage":{"@id":"https:\/\/martafluvia.com\/ca\/joan-yago\/#primaryimage"},"image":{"@id":"https:\/\/martafluvia.com\/ca\/joan-yago\/#primaryimage"},"thumbnailUrl":"https:\/\/martafluvia.com\/wp-content\/uploads\/elementor\/thumbs\/Joan-Yago-FOTO-May-Circus_TNC-scaled-pe454uxk89aklkaadrwbwz1bzntd06tmb8y00cs0zk.jpg","datePublished":"2021-10-05T11:17:47+00:00","dateModified":"2024-04-05T10:13:51+00:00","breadcrumb":{"@id":"https:\/\/martafluvia.com\/ca\/joan-yago\/#breadcrumb"},"inLanguage":"ca","potentialAction":[{"@type":"ReadAction","target":["https:\/\/martafluvia.com\/ca\/joan-yago\/"]}]},{"@type":"ImageObject","inLanguage":"ca","@id":"https:\/\/martafluvia.com\/ca\/joan-yago\/#primaryimage","url":"https:\/\/martafluvia.com\/wp-content\/uploads\/elementor\/thumbs\/Joan-Yago-FOTO-May-Circus_TNC-scaled-pe454uxk89aklkaadrwbwz1bzntd06tmb8y00cs0zk.jpg","contentUrl":"https:\/\/martafluvia.com\/wp-content\/uploads\/elementor\/thumbs\/Joan-Yago-FOTO-May-Circus_TNC-scaled-pe454uxk89aklkaadrwbwz1bzntd06tmb8y00cs0zk.jpg"},{"@type":"BreadcrumbList","@id":"https:\/\/martafluvia.com\/ca\/joan-yago\/#breadcrumb","itemListElement":[{"@type":"ListItem","position":1,"name":"Portada","item":"https:\/\/martafluvia.com\/ca\/"},{"@type":"ListItem","position":2,"name":"Joan Yago"}]},{"@type":"WebSite","@id":"https:\/\/martafluvia.com\/en\/#website","url":"https:\/\/martafluvia.com\/en\/","name":"Marta Fluvi\u00e0","description":"Theatrical Literary Agency","publisher":{"@id":"https:\/\/martafluvia.com\/en\/#organization"},"potentialAction":[{"@type":"SearchAction","target":{"@type":"EntryPoint","urlTemplate":"https:\/\/martafluvia.com\/en\/?s={search_term_string}"},"query-input":{"@type":"PropertyValueSpecification","valueRequired":true,"valueName":"search_term_string"}}],"inLanguage":"ca"},{"@type":"Organization","@id":"https:\/\/martafluvia.com\/en\/#organization","name":"Marta Fluvi\u00e0 Agency","url":"https:\/\/martafluvia.com\/en\/","logo":{"@type":"ImageObject","inLanguage":"ca","@id":"https:\/\/martafluvia.com\/en\/#\/schema\/logo\/image\/","url":"https:\/\/martafluvia.com\/wp-content\/uploads\/2017\/12\/logo-marta-english-1.jpg","contentUrl":"https:\/\/martafluvia.com\/wp-content\/uploads\/2017\/12\/logo-marta-english-1.jpg","width":2118,"height":783,"caption":"Marta Fluvi\u00e0 Agency"},"image":{"@id":"https:\/\/martafluvia.com\/en\/#\/schema\/logo\/image\/"},"sameAs":["https:\/\/www.facebook.com\/martafluviaagency\/"]}]}},"_links":{"self":[{"href":"https:\/\/martafluvia.com\/ca\/wp-json\/wp\/v2\/pages\/13637","targetHints":{"allow":["GET"]}}],"collection":[{"href":"https:\/\/martafluvia.com\/ca\/wp-json\/wp\/v2\/pages"}],"about":[{"href":"https:\/\/martafluvia.com\/ca\/wp-json\/wp\/v2\/types\/page"}],"author":[{"embeddable":true,"href":"https:\/\/martafluvia.com\/ca\/wp-json\/wp\/v2\/users\/1"}],"replies":[{"embeddable":true,"href":"https:\/\/martafluvia.com\/ca\/wp-json\/wp\/v2\/comments?post=13637"}],"version-history":[{"count":56,"href":"https:\/\/martafluvia.com\/ca\/wp-json\/wp\/v2\/pages\/13637\/revisions"}],"predecessor-version":[{"id":24069,"href":"https:\/\/martafluvia.com\/ca\/wp-json\/wp\/v2\/pages\/13637\/revisions\/24069"}],"wp:attachment":[{"href":"https:\/\/martafluvia.com\/ca\/wp-json\/wp\/v2\/media?parent=13637"}],"curies":[{"name":"wp","href":"https:\/\/api.w.org\/{rel}","templated":true}]}}