{"id":13339,"date":"2021-06-01T11:28:25","date_gmt":"2021-06-01T10:28:25","guid":{"rendered":"https:\/\/martafluvia.com\/?page_id=13339"},"modified":"2024-04-04T09:16:39","modified_gmt":"2024-04-04T08:16:39","slug":"marta-barcelo","status":"publish","type":"page","link":"https:\/\/martafluvia.com\/ca\/marta-barcelo\/","title":{"rendered":"Marta Barcel\u00f3"},"content":{"rendered":"\t\t<div data-elementor-type=\"wp-page\" data-elementor-id=\"13339\" class=\"elementor elementor-13339\" data-elementor-post-type=\"page\">\n\t\t\t\t\t\t<section class=\"elementor-section elementor-top-section elementor-element elementor-element-93a05f5 elementor-section-boxed elementor-section-height-default elementor-section-height-default\" data-id=\"93a05f5\" data-element_type=\"section\" data-e-type=\"section\">\n\t\t\t\t\t\t<div class=\"elementor-container elementor-column-gap-default\">\n\t\t\t\t\t<div class=\"elementor-column elementor-col-100 elementor-top-column elementor-element elementor-element-2c80557b\" data-id=\"2c80557b\" data-element_type=\"column\" data-e-type=\"column\">\n\t\t\t<div class=\"elementor-widget-wrap elementor-element-populated\">\n\t\t\t\t\t\t<div class=\"elementor-element elementor-element-291ff529 elementor-widget elementor-widget-heading\" data-id=\"291ff529\" data-element_type=\"widget\" data-e-type=\"widget\" data-widget_type=\"heading.default\">\n\t\t\t\t<div class=\"elementor-widget-container\">\n\t\t\t\t\t<h2 class=\"elementor-heading-title elementor-size-default\">MARTA BARCEL\u00d3<\/h2>\t\t\t\t<\/div>\n\t\t\t\t<\/div>\n\t\t\t\t<div class=\"elementor-element elementor-element-17a12e elementor-widget elementor-widget-image\" data-id=\"17a12e\" data-element_type=\"widget\" data-e-type=\"widget\" data-widget_type=\"image.default\">\n\t\t\t\t<div class=\"elementor-widget-container\">\n\t\t\t\t\t\t\t\t\t\t\t\t\t\t\t<img decoding=\"async\" src=\"https:\/\/martafluvia.com\/wp-content\/uploads\/elementor\/thumbs\/foto-marta-barcelo-p80rb2g8je7c847z45j7251m3qyjc70bns7huksn40.jpg\" title=\"\" alt=\"\" loading=\"lazy\" \/>\t\t\t\t\t\t\t\t\t\t\t\t\t\t\t<\/div>\n\t\t\t\t<\/div>\n\t\t\t\t<div class=\"elementor-element elementor-element-356450fb elementor-widget elementor-widget-text-editor\" data-id=\"356450fb\" data-element_type=\"widget\" data-e-type=\"widget\" data-widget_type=\"text-editor.default\">\n\t\t\t\t<div class=\"elementor-widget-container\">\n\t\t\t\t\t\t\t\t\t<p style=\"font-weight: 400;\"><strong>MARTA BARCEL\u00d3 (Mallorca, 1973)<\/strong>. Llicenciada en Art Dram\u00e0tic (Especialitat teatre de gest) a l\u2019Institut del Teatre de Barcelona. Posteriorment, cursa tamb\u00e9 estudis de circ a The Circus Space (Londres).<\/p>\n<p style=\"font-weight: 400;\">La seva traject\u00f2ria est\u00e0 molt lligada a la de la seva productora, Res de Res i En Blanc (ja desapareguda), on va treballar durant vint anys com a creadora, actriu, trapezista, codirectora o autora de les seves obres de teatre gestual, circ i text.<\/p>\n<p style=\"font-weight: 400;\">Paral\u00b7lelament, des del 2005 treballa de guionista en s\u00e8ries de ficci\u00f3 emeses a la televisi\u00f3 auton\u00f2mica balear com ara <strong><em>Vallterra, Ll\u00e0grima de Sang, Migjorn<\/em>, <em>Treufoc<\/em><\/strong> i<strong> <em>Pep.<\/em><\/strong><\/p>\n<p style=\"font-weight: 400;\">Ha guanyat el Torneig de Dramat\u00fargia de les Illes Balears amb <strong><em>Abans que arribi l\u2019alemany<\/em> <\/strong>i els tornejos del Temporada Alta de Girona i el Transatl\u00e1ntico de Buenos Aires amb <strong><em>Tocar mare<\/em><\/strong>. Aquesta \u00faltima ha estat estrenada a Alemanya, Gr\u00e8cia i Romania.<\/p>\n<p style=\"font-weight: 400;\">Amb el mon\u00f2leg <strong><em>Anar a Saturn i tornar<\/em><\/strong> ha guanyat el Premi Palanca i Roca.<\/p>\n<p style=\"font-weight: 400;\"><strong><em>Zona inundable<\/em><\/strong> \u00e9s la seva \u00faltima obra, estrenada al teatre Nacional de Catalunya i espectacle finalista dels Premis Max 2023.<\/p>\n<p style=\"font-weight: 400;\">Tamb\u00e9 ha treballat la novel\u00b7la infantil <em>(<strong>L\u00fania<\/strong><\/em>, premi Guillem Cifre de Colonya) i el teatre breu.<\/p>\n<p style=\"font-weight: 400;\">Les seves obres s\u2019han tradu\u00eft al castell\u00e0, grec, itali\u00e0, angl\u00e8s i roman\u00e8s.<\/p><p style=\"font-weight: 400;\"><br><\/p>\n<p><\/p>\n<p style=\"font-weight: 400;\">CAT\u00c0LEG:<\/p>\n<table style=\"font-weight: 400;\">\n<tbody>\n<tr>\n<td width=\"144\">\n<p><strong>T\u00cdTOL<\/strong><\/p>\n<\/td>\n<td width=\"117\">\n<p><strong>G\u00c8NERE<\/strong><\/p>\n<\/td>\n<td width=\"152\">\n<p><strong>PERSONATGES MASCULINS<\/strong><\/p>\n<\/td>\n<td width=\"152\">\n<p><strong>PERSONATGES FEMENINS<\/strong><\/p>\n<\/td>\n<\/tr>\n<tr>\n<td width=\"144\">\n<p><a href=\"https:\/\/martafluvia.com\/ca\/marta-barcelo\/maria\/\" target=\"_blank\" rel=\"noopener\">Maria?<\/a><\/p>\n<p>&nbsp;<\/p>\n<\/td>\n<td width=\"117\">\n<p>Drama<\/p>\n<\/td>\n<td width=\"152\">&nbsp;<\/td>\n<td width=\"152\">\n<p>3<\/p>\n<\/td>\n<\/tr>\n<tr>\n<td width=\"144\">\n<p><a href=\"https:\/\/martafluvia.com\/ca\/marta-barcelo\/abans-que-arribi-l-alemany\/\" target=\"_blank\" rel=\"noopener\">Abans que arribi l\u2019alemany<\/a><\/p>\n<p>&nbsp;<\/p>\n<\/td>\n<td width=\"117\">\n<p>Tragicom\u00e8dia<\/p>\n<\/td>\n<td width=\"152\">\n<p>1<\/p>\n<\/td>\n<td width=\"152\">\n<p>1<\/p>\n<\/td>\n<\/tr>\n<tr>\n<td width=\"144\">\n<p><a href=\"https:\/\/martafluvia.com\/ca\/marta-barcelo\/tocar-mare\/\" target=\"_blank\" rel=\"noopener\">Tocar mare<\/a><\/p>\n<p>&nbsp;<\/p>\n<\/td>\n<td width=\"117\">\n<p>Com\u00e8dia<\/p>\n<\/td>\n<td width=\"152\">&nbsp;<\/td>\n<td width=\"152\">\n<p>2<\/p>\n<\/td>\n<\/tr>\n<tr>\n<td width=\"144\">\n<p><a href=\"https:\/\/martafluvia.com\/ca\/marta-barcelo\/zona-inundable\/\" target=\"_blank\" rel=\"noopener\">Zona inundable<\/a><\/p>\n<p>&nbsp;<\/p>\n<\/td>\n<td width=\"117\">\n<p>Drama<\/p>\n<\/td>\n<td width=\"152\">\n<p>3<\/p>\n<\/td>\n<td width=\"152\">\n<p>3<\/p>\n<\/td>\n<\/tr>\n<\/tbody>\n<\/table>\t\t\t\t\t\t\t\t<\/div>\n\t\t\t\t<\/div>\n\t\t\t\t\t<\/div>\n\t\t<\/div>\n\t\t\t\t\t<\/div>\n\t\t<\/section>\n\t\t\t\t<section class=\"elementor-section elementor-top-section elementor-element elementor-element-b8b7c0a elementor-section-boxed elementor-section-height-default elementor-section-height-default\" data-id=\"b8b7c0a\" data-element_type=\"section\" data-e-type=\"section\">\n\t\t\t\t\t\t<div class=\"elementor-container elementor-column-gap-default\">\n\t\t\t\t\t<div class=\"elementor-column elementor-col-100 elementor-top-column elementor-element elementor-element-6cd0c0db\" data-id=\"6cd0c0db\" data-element_type=\"column\" data-e-type=\"column\">\n\t\t\t<div class=\"elementor-widget-wrap elementor-element-populated\">\n\t\t\t\t\t\t<div class=\"elementor-element elementor-element-7d0bff83 elementor-widget-divider--view-line elementor-widget elementor-widget-divider\" data-id=\"7d0bff83\" data-element_type=\"widget\" data-e-type=\"widget\" data-widget_type=\"divider.default\">\n\t\t\t\t<div class=\"elementor-widget-container\">\n\t\t\t\t\t\t\t<div class=\"elementor-divider\">\n\t\t\t<span class=\"elementor-divider-separator\">\n\t\t\t\t\t\t<\/span>\n\t\t<\/div>\n\t\t\t\t\t\t<\/div>\n\t\t\t\t<\/div>\n\t\t\t\t<div class=\"elementor-element elementor-element-5da66c3a elementor-widget elementor-widget-text-editor\" data-id=\"5da66c3a\" data-element_type=\"widget\" data-e-type=\"widget\" data-widget_type=\"text-editor.default\">\n\t\t\t\t<div class=\"elementor-widget-container\">\n\t\t\t\t\t\t\t\t\t<div class=\"elementor-element elementor-element-b6f9d45 elementor-widget elementor-widget-text-editor\" data-id=\"b6f9d45\" data-element_type=\"text-editor.default\">\n<div class=\"elementor-widget-container\">\n<div class=\"elementor-text-editor elementor-clearfix\">\n<p style=\"text-align: center;\">Sol\u00b7licitar drets de representaci\u00f3:<\/p>\n<\/div>\n<\/div>\n<\/div>\n\t\t\t\t\t\t\t\t<\/div>\n\t\t\t\t<\/div>\n\t\t\t\t<div class=\"elementor-element elementor-element-32963659 elementor-button-info elementor-align-center elementor-widget elementor-widget-button\" data-id=\"32963659\" data-element_type=\"widget\" data-e-type=\"widget\" data-widget_type=\"button.default\">\n\t\t\t\t<div class=\"elementor-widget-container\">\n\t\t\t\t\t\t\t\t\t<div class=\"elementor-button-wrapper\">\n\t\t\t\t\t<a class=\"elementor-button elementor-button-link elementor-size-md\" href=\"https:\/\/martafluvia.com\/ca\/sol%c2%b7licitud-de-drets-de-representacio-i-adaptacio-dobra-teatral\/\">\n\t\t\t\t\t\t<span class=\"elementor-button-content-wrapper\">\n\t\t\t\t\t\t\t\t\t<span class=\"elementor-button-text\">Professional: Sol\u00b7licitud de drets<\/span>\n\t\t\t\t\t<\/span>\n\t\t\t\t\t<\/a>\n\t\t\t\t<\/div>\n\t\t\t\t\t\t\t\t<\/div>\n\t\t\t\t<\/div>\n\t\t\t\t<div class=\"elementor-element elementor-element-78c9831d elementor-widget elementor-widget-spacer\" data-id=\"78c9831d\" data-element_type=\"widget\" data-e-type=\"widget\" data-widget_type=\"spacer.default\">\n\t\t\t\t<div class=\"elementor-widget-container\">\n\t\t\t\t\t\t\t<div class=\"elementor-spacer\">\n\t\t\t<div class=\"elementor-spacer-inner\"><\/div>\n\t\t<\/div>\n\t\t\t\t\t\t<\/div>\n\t\t\t\t<\/div>\n\t\t\t\t\t<\/div>\n\t\t<\/div>\n\t\t\t\t\t<\/div>\n\t\t<\/section>\n\t\t\t\t<\/div>\n\t\t","protected":false},"excerpt":{"rendered":"<p>MARTA BARCEL\u00d3 MARTA BARCEL\u00d3 (Mallorca, 1973). Llicenciada en Art Dram\u00e0tic (Especialitat teatre de gest) a l\u2019Institut del Teatre de Barcelona. Posteriorment, cursa tamb\u00e9 estudis de circ a The Circus Space (Londres). La seva traject\u00f2ria est\u00e0 molt lligada a la de la seva productora, Res de Res i En Blanc (ja desapareguda), on va treballar durant &#8230; <a title=\"Marta Barcel\u00f3\" class=\"read-more\" href=\"https:\/\/martafluvia.com\/ca\/marta-barcelo\/\">Llegiu m\u00e9s<\/a><\/p>\n","protected":false},"author":1,"featured_media":0,"parent":0,"menu_order":0,"comment_status":"closed","ping_status":"closed","template":"elementor_header_footer","meta":{"footnotes":""},"class_list":["post-13339","page","type-page","status-publish"],"yoast_head":"<!-- This site is optimized with the Yoast SEO plugin v27.4 - https:\/\/yoast.com\/product\/yoast-seo-wordpress\/ -->\n<title>Marta Barcel\u00f3 - Marta Fluvi\u00e0<\/title>\n<meta name=\"robots\" content=\"index, follow, max-snippet:-1, max-image-preview:large, max-video-preview:-1\" \/>\n<link rel=\"canonical\" href=\"https:\/\/martafluvia.com\/ca\/marta-barcelo\/\" \/>\n<meta property=\"og:locale\" content=\"ca_ES\" \/>\n<meta property=\"og:type\" content=\"article\" \/>\n<meta property=\"og:title\" content=\"Marta Barcel\u00f3 - Marta Fluvi\u00e0\" \/>\n<meta property=\"og:description\" content=\"MARTA BARCEL\u00d3 MARTA BARCEL\u00d3 (Mallorca, 1973). Llicenciada en Art Dram\u00e0tic (Especialitat teatre de gest) a l\u2019Institut del Teatre de Barcelona. Posteriorment, cursa tamb\u00e9 estudis de circ a The Circus Space (Londres). La seva traject\u00f2ria est\u00e0 molt lligada a la de la seva productora, Res de Res i En Blanc (ja desapareguda), on va treballar durant ... Llegiu m\u00e9s\" \/>\n<meta property=\"og:url\" content=\"https:\/\/martafluvia.com\/ca\/marta-barcelo\/\" \/>\n<meta property=\"og:site_name\" content=\"Marta Fluvi\u00e0\" \/>\n<meta property=\"article:publisher\" content=\"https:\/\/www.facebook.com\/martafluviaagency\/\" \/>\n<meta property=\"article:modified_time\" content=\"2024-04-04T08:16:39+00:00\" \/>\n<meta property=\"og:image\" content=\"https:\/\/martafluvia.com\/wp-content\/uploads\/elementor\/thumbs\/foto-marta-barcelo-p80rb2g8je7c847z45j7251m3qyjc70bns7huksn40.jpg\" \/>\n<meta name=\"twitter:card\" content=\"summary_large_image\" \/>\n<meta name=\"twitter:label1\" content=\"Temps estimat de lectura\" \/>\n\t<meta name=\"twitter:data1\" content=\"2 minuts\" \/>\n<script type=\"application\/ld+json\" class=\"yoast-schema-graph\">{\"@context\":\"https:\\\/\\\/schema.org\",\"@graph\":[{\"@type\":\"WebPage\",\"@id\":\"https:\\\/\\\/martafluvia.com\\\/ca\\\/marta-barcelo\\\/\",\"url\":\"https:\\\/\\\/martafluvia.com\\\/ca\\\/marta-barcelo\\\/\",\"name\":\"Marta Barcel\u00f3 - Marta Fluvi\u00e0\",\"isPartOf\":{\"@id\":\"https:\\\/\\\/martafluvia.com\\\/en\\\/#website\"},\"primaryImageOfPage\":{\"@id\":\"https:\\\/\\\/martafluvia.com\\\/ca\\\/marta-barcelo\\\/#primaryimage\"},\"image\":{\"@id\":\"https:\\\/\\\/martafluvia.com\\\/ca\\\/marta-barcelo\\\/#primaryimage\"},\"thumbnailUrl\":\"https:\\\/\\\/martafluvia.com\\\/wp-content\\\/uploads\\\/elementor\\\/thumbs\\\/foto-marta-barcelo-p80rb2g8je7c847z45j7251m3qyjc70bns7huksn40.jpg\",\"datePublished\":\"2021-06-01T10:28:25+00:00\",\"dateModified\":\"2024-04-04T08:16:39+00:00\",\"breadcrumb\":{\"@id\":\"https:\\\/\\\/martafluvia.com\\\/ca\\\/marta-barcelo\\\/#breadcrumb\"},\"inLanguage\":\"ca\",\"potentialAction\":[{\"@type\":\"ReadAction\",\"target\":[\"https:\\\/\\\/martafluvia.com\\\/ca\\\/marta-barcelo\\\/\"]}]},{\"@type\":\"ImageObject\",\"inLanguage\":\"ca\",\"@id\":\"https:\\\/\\\/martafluvia.com\\\/ca\\\/marta-barcelo\\\/#primaryimage\",\"url\":\"https:\\\/\\\/martafluvia.com\\\/wp-content\\\/uploads\\\/elementor\\\/thumbs\\\/foto-marta-barcelo-p80rb2g8je7c847z45j7251m3qyjc70bns7huksn40.jpg\",\"contentUrl\":\"https:\\\/\\\/martafluvia.com\\\/wp-content\\\/uploads\\\/elementor\\\/thumbs\\\/foto-marta-barcelo-p80rb2g8je7c847z45j7251m3qyjc70bns7huksn40.jpg\"},{\"@type\":\"BreadcrumbList\",\"@id\":\"https:\\\/\\\/martafluvia.com\\\/ca\\\/marta-barcelo\\\/#breadcrumb\",\"itemListElement\":[{\"@type\":\"ListItem\",\"position\":1,\"name\":\"Portada\",\"item\":\"https:\\\/\\\/martafluvia.com\\\/ca\\\/\"},{\"@type\":\"ListItem\",\"position\":2,\"name\":\"Marta Barcel\u00f3\"}]},{\"@type\":\"WebSite\",\"@id\":\"https:\\\/\\\/martafluvia.com\\\/en\\\/#website\",\"url\":\"https:\\\/\\\/martafluvia.com\\\/en\\\/\",\"name\":\"Marta Fluvi\u00e0\",\"description\":\"Theatrical Literary Agency\",\"publisher\":{\"@id\":\"https:\\\/\\\/martafluvia.com\\\/en\\\/#organization\"},\"potentialAction\":[{\"@type\":\"SearchAction\",\"target\":{\"@type\":\"EntryPoint\",\"urlTemplate\":\"https:\\\/\\\/martafluvia.com\\\/en\\\/?s={search_term_string}\"},\"query-input\":{\"@type\":\"PropertyValueSpecification\",\"valueRequired\":true,\"valueName\":\"search_term_string\"}}],\"inLanguage\":\"ca\"},{\"@type\":\"Organization\",\"@id\":\"https:\\\/\\\/martafluvia.com\\\/en\\\/#organization\",\"name\":\"Marta Fluvi\u00e0 Agency\",\"url\":\"https:\\\/\\\/martafluvia.com\\\/en\\\/\",\"logo\":{\"@type\":\"ImageObject\",\"inLanguage\":\"ca\",\"@id\":\"https:\\\/\\\/martafluvia.com\\\/en\\\/#\\\/schema\\\/logo\\\/image\\\/\",\"url\":\"https:\\\/\\\/martafluvia.com\\\/wp-content\\\/uploads\\\/2017\\\/12\\\/logo-marta-english-1.jpg\",\"contentUrl\":\"https:\\\/\\\/martafluvia.com\\\/wp-content\\\/uploads\\\/2017\\\/12\\\/logo-marta-english-1.jpg\",\"width\":2118,\"height\":783,\"caption\":\"Marta Fluvi\u00e0 Agency\"},\"image\":{\"@id\":\"https:\\\/\\\/martafluvia.com\\\/en\\\/#\\\/schema\\\/logo\\\/image\\\/\"},\"sameAs\":[\"https:\\\/\\\/www.facebook.com\\\/martafluviaagency\\\/\"]}]}<\/script>\n<!-- \/ Yoast SEO plugin. -->","yoast_head_json":{"title":"Marta Barcel\u00f3 - Marta Fluvi\u00e0","robots":{"index":"index","follow":"follow","max-snippet":"max-snippet:-1","max-image-preview":"max-image-preview:large","max-video-preview":"max-video-preview:-1"},"canonical":"https:\/\/martafluvia.com\/ca\/marta-barcelo\/","og_locale":"ca_ES","og_type":"article","og_title":"Marta Barcel\u00f3 - Marta Fluvi\u00e0","og_description":"MARTA BARCEL\u00d3 MARTA BARCEL\u00d3 (Mallorca, 1973). Llicenciada en Art Dram\u00e0tic (Especialitat teatre de gest) a l\u2019Institut del Teatre de Barcelona. Posteriorment, cursa tamb\u00e9 estudis de circ a The Circus Space (Londres). La seva traject\u00f2ria est\u00e0 molt lligada a la de la seva productora, Res de Res i En Blanc (ja desapareguda), on va treballar durant ... Llegiu m\u00e9s","og_url":"https:\/\/martafluvia.com\/ca\/marta-barcelo\/","og_site_name":"Marta Fluvi\u00e0","article_publisher":"https:\/\/www.facebook.com\/martafluviaagency\/","article_modified_time":"2024-04-04T08:16:39+00:00","og_image":[{"url":"https:\/\/martafluvia.com\/wp-content\/uploads\/elementor\/thumbs\/foto-marta-barcelo-p80rb2g8je7c847z45j7251m3qyjc70bns7huksn40.jpg","type":"","width":"","height":""}],"twitter_card":"summary_large_image","twitter_misc":{"Temps estimat de lectura":"2 minuts"},"schema":{"@context":"https:\/\/schema.org","@graph":[{"@type":"WebPage","@id":"https:\/\/martafluvia.com\/ca\/marta-barcelo\/","url":"https:\/\/martafluvia.com\/ca\/marta-barcelo\/","name":"Marta Barcel\u00f3 - Marta Fluvi\u00e0","isPartOf":{"@id":"https:\/\/martafluvia.com\/en\/#website"},"primaryImageOfPage":{"@id":"https:\/\/martafluvia.com\/ca\/marta-barcelo\/#primaryimage"},"image":{"@id":"https:\/\/martafluvia.com\/ca\/marta-barcelo\/#primaryimage"},"thumbnailUrl":"https:\/\/martafluvia.com\/wp-content\/uploads\/elementor\/thumbs\/foto-marta-barcelo-p80rb2g8je7c847z45j7251m3qyjc70bns7huksn40.jpg","datePublished":"2021-06-01T10:28:25+00:00","dateModified":"2024-04-04T08:16:39+00:00","breadcrumb":{"@id":"https:\/\/martafluvia.com\/ca\/marta-barcelo\/#breadcrumb"},"inLanguage":"ca","potentialAction":[{"@type":"ReadAction","target":["https:\/\/martafluvia.com\/ca\/marta-barcelo\/"]}]},{"@type":"ImageObject","inLanguage":"ca","@id":"https:\/\/martafluvia.com\/ca\/marta-barcelo\/#primaryimage","url":"https:\/\/martafluvia.com\/wp-content\/uploads\/elementor\/thumbs\/foto-marta-barcelo-p80rb2g8je7c847z45j7251m3qyjc70bns7huksn40.jpg","contentUrl":"https:\/\/martafluvia.com\/wp-content\/uploads\/elementor\/thumbs\/foto-marta-barcelo-p80rb2g8je7c847z45j7251m3qyjc70bns7huksn40.jpg"},{"@type":"BreadcrumbList","@id":"https:\/\/martafluvia.com\/ca\/marta-barcelo\/#breadcrumb","itemListElement":[{"@type":"ListItem","position":1,"name":"Portada","item":"https:\/\/martafluvia.com\/ca\/"},{"@type":"ListItem","position":2,"name":"Marta Barcel\u00f3"}]},{"@type":"WebSite","@id":"https:\/\/martafluvia.com\/en\/#website","url":"https:\/\/martafluvia.com\/en\/","name":"Marta Fluvi\u00e0","description":"Theatrical Literary Agency","publisher":{"@id":"https:\/\/martafluvia.com\/en\/#organization"},"potentialAction":[{"@type":"SearchAction","target":{"@type":"EntryPoint","urlTemplate":"https:\/\/martafluvia.com\/en\/?s={search_term_string}"},"query-input":{"@type":"PropertyValueSpecification","valueRequired":true,"valueName":"search_term_string"}}],"inLanguage":"ca"},{"@type":"Organization","@id":"https:\/\/martafluvia.com\/en\/#organization","name":"Marta Fluvi\u00e0 Agency","url":"https:\/\/martafluvia.com\/en\/","logo":{"@type":"ImageObject","inLanguage":"ca","@id":"https:\/\/martafluvia.com\/en\/#\/schema\/logo\/image\/","url":"https:\/\/martafluvia.com\/wp-content\/uploads\/2017\/12\/logo-marta-english-1.jpg","contentUrl":"https:\/\/martafluvia.com\/wp-content\/uploads\/2017\/12\/logo-marta-english-1.jpg","width":2118,"height":783,"caption":"Marta Fluvi\u00e0 Agency"},"image":{"@id":"https:\/\/martafluvia.com\/en\/#\/schema\/logo\/image\/"},"sameAs":["https:\/\/www.facebook.com\/martafluviaagency\/"]}]}},"_links":{"self":[{"href":"https:\/\/martafluvia.com\/ca\/wp-json\/wp\/v2\/pages\/13339","targetHints":{"allow":["GET"]}}],"collection":[{"href":"https:\/\/martafluvia.com\/ca\/wp-json\/wp\/v2\/pages"}],"about":[{"href":"https:\/\/martafluvia.com\/ca\/wp-json\/wp\/v2\/types\/page"}],"author":[{"embeddable":true,"href":"https:\/\/martafluvia.com\/ca\/wp-json\/wp\/v2\/users\/1"}],"replies":[{"embeddable":true,"href":"https:\/\/martafluvia.com\/ca\/wp-json\/wp\/v2\/comments?post=13339"}],"version-history":[{"count":104,"href":"https:\/\/martafluvia.com\/ca\/wp-json\/wp\/v2\/pages\/13339\/revisions"}],"predecessor-version":[{"id":23738,"href":"https:\/\/martafluvia.com\/ca\/wp-json\/wp\/v2\/pages\/13339\/revisions\/23738"}],"wp:attachment":[{"href":"https:\/\/martafluvia.com\/ca\/wp-json\/wp\/v2\/media?parent=13339"}],"curies":[{"name":"wp","href":"https:\/\/api.w.org\/{rel}","templated":true}]}}