{"id":12288,"date":"2021-01-17T13:20:04","date_gmt":"2021-01-17T12:20:04","guid":{"rendered":"https:\/\/martafluvia.com\/guillem-clua\/"},"modified":"2024-03-22T10:45:01","modified_gmt":"2024-03-22T09:45:01","slug":"guillem-clua","status":"publish","type":"page","link":"https:\/\/martafluvia.com\/ca\/guillem-clua\/","title":{"rendered":"Guillem Clua"},"content":{"rendered":"\t\t<div data-elementor-type=\"wp-page\" data-elementor-id=\"12288\" class=\"elementor elementor-12288 elementor-12283\" data-elementor-post-type=\"page\">\n\t\t\t\t\t\t<section class=\"elementor-section elementor-top-section elementor-element elementor-element-b03140c elementor-section-boxed elementor-section-height-default elementor-section-height-default\" data-id=\"b03140c\" data-element_type=\"section\" data-e-type=\"section\">\n\t\t\t\t\t\t<div class=\"elementor-container elementor-column-gap-default\">\n\t\t\t\t\t<div class=\"elementor-column elementor-col-100 elementor-top-column elementor-element elementor-element-2d33db53\" data-id=\"2d33db53\" data-element_type=\"column\" data-e-type=\"column\">\n\t\t\t<div class=\"elementor-widget-wrap elementor-element-populated\">\n\t\t\t\t\t\t<div class=\"elementor-element elementor-element-11f9f03d elementor-widget elementor-widget-heading\" data-id=\"11f9f03d\" data-element_type=\"widget\" data-e-type=\"widget\" data-widget_type=\"heading.default\">\n\t\t\t\t<div class=\"elementor-widget-container\">\n\t\t\t\t\t<h2 class=\"elementor-heading-title elementor-size-default\">GUILLEM CLUA<\/h2>\t\t\t\t<\/div>\n\t\t\t\t<\/div>\n\t\t\t\t<div class=\"elementor-element elementor-element-6ca817cb elementor-widget elementor-widget-image\" data-id=\"6ca817cb\" data-element_type=\"widget\" data-e-type=\"widget\" data-widget_type=\"image.default\">\n\t\t\t\t<div class=\"elementor-widget-container\">\n\t\t\t\t\t\t\t\t\t\t\t\t\t\t\t<img decoding=\"async\" src=\"https:\/\/martafluvia.com\/wp-content\/uploads\/elementor\/thumbs\/bio3-p1gbrpza5m711d7xodz103zvprdgb6v5wsdd9s7jew.jpg\" title=\"\" alt=\"\" loading=\"lazy\" \/>\t\t\t\t\t\t\t\t\t\t\t\t\t\t\t<\/div>\n\t\t\t\t<\/div>\n\t\t\t\t<div class=\"elementor-element elementor-element-728d76ce elementor-widget elementor-widget-text-editor\" data-id=\"728d76ce\" data-element_type=\"widget\" data-e-type=\"widget\" data-widget_type=\"text-editor.default\">\n\t\t\t\t<div class=\"elementor-widget-container\">\n\t\t\t\t\t\t\t\t\t<p style=\"font-weight: 400;\"><strong>GUILLEM CLUA<\/strong>&nbsp;<strong>(Barcelona, 1973)<\/strong> \u00e9s un dels nostres autors contemporanis amb major projecci\u00f3 internacional.<\/p>\n<p style=\"font-weight: 400;\">\n<\/p><p style=\"font-weight: 400;\">Les seves obres m\u00e9s rellevants,&nbsp;<em><strong>La pell en flames, Smiley: una hist\u00f2ria d\u2019amor<\/strong><\/em>&nbsp;i<strong>&nbsp;<em>L\u2019oreneta<\/em><\/strong><em>,&nbsp;<\/em>s\u2019han tradu\u00eft a nombroses lleng\u00fces i representat arreu del m\u00f3n en llocs com Par\u00eds,&nbsp; Londres, Nova York, Buenos Aires o fins i tot a Singapur. &nbsp;<\/p>\n<p style=\"font-weight: 400;\">Tamb\u00e9 ha escrit grans drames \u00e8pics (<em><strong>Marburg, Gust de cendra, Invasi\u00f3n<\/strong><\/em>), farses pol\u00edtiques (<em><strong>Al damunt dels nostres cants, La terra promesa<\/strong><\/em>), musicals (<em><strong>Killer, 73 raons per deixar-te<\/strong><\/em>) i adaptacions de cl\u00e0ssics (<em><strong>Il\u00edada, Mort a Ven\u00e8cia, La Revoltosa<\/strong><\/em>).<\/p>\n<p style=\"font-weight: 400;\">Les seves \u00faltimes obres s\u00f3n&nbsp;<em><strong>Just\u00edcia<\/strong><\/em><em>&nbsp;<\/em>(Premio Nacional de Literatura Dram\u00e1tica 2020) i&nbsp;<em><strong>Smiley: despr\u00e9s de l\u2019amor<\/strong><\/em>.<\/p>\n<p style=\"font-weight: 400;\">\n<\/p><p style=\"font-weight: 400;\">Tamb\u00e9 compta amb una llarga experi\u00e8ncia com a periodista, docent i guionista. Algunes de les seves obres han estat adaptades per a la gran pantalla (<strong><em>La piel en llamas, Invasi\u00f3n, La bandera<\/em><\/strong>) i <strong><em>Smiley<\/em><\/strong> s\u2019ha convertit en un fenomen mundial en forma de s\u00e8rie de televisi\u00f3 a Netflix.<\/p>\n<p style=\"font-weight: 400;\">\n<\/p><p style=\"font-weight: 400;\"><a href=\"https:\/\/guillemclua.com\/\">https:\/\/guillemclua.com\/<\/a><\/p>\n<p style=\"font-weight: 400;\"><br><\/p>\n<p style=\"font-weight: 400;\">\n<\/p><p style=\"font-weight: 400;\">\n<\/p><p style=\"font-weight: 400;\">CAT\u00c0LEG:<\/p>\n<table style=\"font-weight: 400;\">\n<tbody>\n<tr>\n<td width=\"142\">\n<p><strong>T\u00cdTOL<\/strong><\/p>\n<\/td>\n<td width=\"142\">\n<p><strong>G\u00c8NERE<\/strong><\/p>\n<\/td>\n<td width=\"142\">\n<p><strong>PERSONATGES MASCULINS<\/strong><\/p>\n<\/td>\n<td width=\"142\">\n<p><strong>PERSONATGES FEMENINS<\/strong><\/p>\n<\/td>\n<\/tr>\n<tr>\n<td width=\"142\">\n<p><em><a href=\"https:\/\/martafluvia.com\/ca\/guillem-clua\/justicia\/\">Just\u00edcia<\/a><\/em><\/p>\n<p><em>&nbsp;<\/em><\/p>\n<\/td>\n<td width=\"142\">\n<p>Drama<\/p>\n<\/td>\n<td width=\"142\">\n<p>6<\/p>\n<\/td>\n<td width=\"142\">\n<p>4<\/p>\n<\/td>\n<\/tr>\n<tr>\n<td width=\"142\">\n<p><em><a href=\"https:\/\/martafluvia.com\/ca\/guillem-clua\/invasion\/\">Invasi\u00f3n<\/a><\/em><\/p>\n<p><em><br><\/em><\/p>\n<\/td>\n<td width=\"142\">\n<p>Drama post apocal\u00edptic juvenil<\/p>\n<\/td>\n<td width=\"142\">\n<p>4<\/p>\n<\/td>\n<td width=\"142\">\n<p>3<\/p>\n<\/td>\n<\/tr>\n<tr>\n<td width=\"142\">\n<p><em><a href=\"https:\/\/martafluvia.com\/ca\/guillem-clua\/barro\/\">Barro<\/a><\/em><\/p>\n<p><em><br><\/em><\/p>\n<\/td>\n<td width=\"142\">\n<p>Drama b\u00e8l\u00b7lic juvenil<\/p>\n<\/td>\n<td width=\"142\">\n<p>5<\/p>\n<\/td>\n<td width=\"142\">\n<p>3<\/p>\n<\/td>\n<\/tr>\n<tr>\n<td width=\"142\">\n<p><em><a href=\"https:\/\/martafluvia.com\/ca\/guillem-clua\/iliada\/\">Il\u00edada<\/a><\/em><\/p>\n<p><em>&nbsp;<\/em><\/p>\n<\/td>\n<td width=\"142\">\n<p>Versi\u00f3 de Homer<\/p>\n<\/td>\n<td width=\"142\">\n<p>10<\/p>\n<\/td>\n<td width=\"142\">\n<p>3<\/p>\n<\/td>\n<\/tr>\n<tr>\n<td width=\"142\">\n<p><em><a href=\"https:\/\/martafluvia.com\/ca\/guillem-clua\/al-damunt-dels-nostres-cants\/\">Al damunt dels nostres cants<\/a><\/em><\/p>\n<p><em>&nbsp;<\/em><\/p>\n<\/td>\n<td width=\"142\">\n<p>Com\u00e8dia<\/p>\n<\/td>\n<td width=\"142\">\n<p>3<\/p>\n<\/td>\n<td width=\"142\">\n<p>1<\/p>\n<\/td>\n<\/tr>\n<tr>\n<td width=\"142\">\n<p><em><a href=\"https:\/\/martafluvia.com\/ca\/guillem-clua\/la-terra-promesa\/\">La terra promesa<\/a><\/em><\/p>\n<p><em>&nbsp;<\/em><\/p>\n<\/td>\n<td width=\"142\">\n<p>Farsa pol\u00edtica<\/p>\n<\/td>\n<td width=\"142\">\n<p>3<\/p>\n<\/td>\n<td width=\"142\">\n<p>1<\/p>\n<\/td>\n<\/tr>\n<tr>\n<td width=\"142\">\n<p><em><a href=\"https:\/\/martafluvia.com\/ca\/guillem-clua\/la-pell-en-flames\/\">La pell en flames<\/a><\/em><\/p>\n<p><em>&nbsp;<\/em><\/p>\n<\/td>\n<td width=\"142\">\n<p>Drama post b\u00e8l\u00b7lic<\/p>\n<\/td>\n<td width=\"142\">\n<p>2<\/p>\n<\/td>\n<td width=\"142\">\n<p>2<\/p>\n<\/td>\n<\/tr>\n<tr>\n<td width=\"142\">\n<p><em><a href=\"https:\/\/martafluvia.com\/ca\/guillem-clua\/invisibles\/\">Invisibles<\/a><\/em><\/p>\n<p><em><br><\/em><\/p>\n<\/td>\n<td width=\"142\">\n<p>Thriller paranormal<\/p>\n<\/td>\n<td width=\"142\">\n<p>3<\/p>\n<\/td>\n<td width=\"142\">\n<p>3<\/p>\n<\/td>\n<\/tr>\n<tr>\n<td width=\"142\">\n<p><em><a href=\"https:\/\/martafluvia.com\/ca\/guillem-clua\/smiley-una-historia-d-amor\/\">Smiley: una historia d\u2019amor<\/a><\/em><\/p>\n<p><em>&nbsp;<\/em><\/p>\n<\/td>\n<td width=\"142\">\n<p>Com\u00e8dia rom\u00e0ntica<\/p>\n<\/td>\n<td width=\"142\">\n<p>2<\/p>\n<\/td>\n<td width=\"142\">\n<\/td>\n<\/tr>\n<tr>\n<td width=\"142\">\n<p><em><a href=\"https:\/\/martafluvia.com\/ca\/guillem-clua\/smiley-despres-de-l-amor\/\">Smiley: despr\u00e9s de l\u2019amor<\/a><\/em><\/p>\n<p><em>&nbsp;<\/em><\/p>\n<\/td>\n<td width=\"142\">\n<p>Com\u00e8dia rom\u00e0ntica<\/p>\n<\/td>\n<td width=\"142\">\n<p>2<\/p>\n<\/td>\n<td width=\"142\">\n<\/td>\n<\/tr>\n<tr>\n<td width=\"142\">\n<p><em><a href=\"https:\/\/martafluvia.com\/ca\/guillem-clua\/marburg\/\">Marburg<\/a><\/em><\/p>\n<p><em>&nbsp;<\/em><\/p>\n<\/td>\n<td width=\"142\">\n<p>Drama \u00e8pic<\/p>\n<\/td>\n<td width=\"142\">\n<p>5<\/p>\n<\/td>\n<td width=\"142\">\n<p>4<\/p>\n<\/td>\n<\/tr>\n<tr>\n<td width=\"142\">\n<p><em><a href=\"https:\/\/martafluvia.com\/ca\/guillem-clua\/l-oreneta\/\">L\u2019oreneta<\/a><\/em><\/p>\n<p><em>&nbsp;<\/em><\/p>\n<\/td>\n<td width=\"142\">\n<p>Drama<\/p>\n<\/td>\n<td width=\"142\">\n<p>1<\/p>\n<\/td>\n<td width=\"142\">\n<p>1<\/p>\n<\/td>\n<\/tr>\n<tr>\n<td width=\"142\">\n<p><em><a href=\"https:\/\/martafluvia.com\/ca\/guillem-clua\/gust-de-cendra\/\">Gust de cendra<\/a><\/em><\/p>\n<p><em>&nbsp;<\/em><\/p>\n<\/td>\n<td width=\"142\">\n<p>Drama<\/p>\n<\/td>\n<td width=\"142\">\n<p>3<\/p>\n<\/td>\n<td width=\"142\">\n<p>2<\/p>\n<\/td>\n<\/tr>\n<\/tbody>\n<\/table>\t\t\t\t\t\t\t\t<\/div>\n\t\t\t\t<\/div>\n\t\t\t\t\t<\/div>\n\t\t<\/div>\n\t\t\t\t\t<\/div>\n\t\t<\/section>\n\t\t\t\t<section class=\"elementor-section elementor-top-section elementor-element elementor-element-55edaf81 elementor-section-boxed elementor-section-height-default elementor-section-height-default\" data-id=\"55edaf81\" data-element_type=\"section\" data-e-type=\"section\">\n\t\t\t\t\t\t<div class=\"elementor-container elementor-column-gap-default\">\n\t\t\t\t\t<div class=\"elementor-column elementor-col-100 elementor-top-column elementor-element elementor-element-63b404eb\" data-id=\"63b404eb\" data-element_type=\"column\" data-e-type=\"column\">\n\t\t\t<div class=\"elementor-widget-wrap elementor-element-populated\">\n\t\t\t\t\t\t<div class=\"elementor-element elementor-element-6dfcdcd3 elementor-widget-divider--view-line elementor-widget elementor-widget-divider\" data-id=\"6dfcdcd3\" data-element_type=\"widget\" data-e-type=\"widget\" data-widget_type=\"divider.default\">\n\t\t\t\t<div class=\"elementor-widget-container\">\n\t\t\t\t\t\t\t<div class=\"elementor-divider\">\n\t\t\t<span class=\"elementor-divider-separator\">\n\t\t\t\t\t\t<\/span>\n\t\t<\/div>\n\t\t\t\t\t\t<\/div>\n\t\t\t\t<\/div>\n\t\t\t\t<div class=\"elementor-element elementor-element-abc46b3 elementor-widget elementor-widget-text-editor\" data-id=\"abc46b3\" data-element_type=\"widget\" data-e-type=\"widget\" data-widget_type=\"text-editor.default\">\n\t\t\t\t<div class=\"elementor-widget-container\">\n\t\t\t\t\t\t\t\t\t<div class=\"elementor-element elementor-element-b6f9d45 elementor-widget elementor-widget-text-editor\" data-id=\"b6f9d45\" data-element_type=\"text-editor.default\"><div class=\"elementor-widget-container\"><div class=\"elementor-text-editor elementor-clearfix\"><p style=\"text-align: center;\">Solicitar drets de representaci\u00f3:<\/p><\/div><\/div><\/div>\t\t\t\t\t\t\t\t<\/div>\n\t\t\t\t<\/div>\n\t\t\t\t<section class=\"elementor-section elementor-inner-section elementor-element elementor-element-3acdd729 elementor-section-boxed elementor-section-height-default elementor-section-height-default\" data-id=\"3acdd729\" data-element_type=\"section\" data-e-type=\"section\">\n\t\t\t\t\t\t<div class=\"elementor-container elementor-column-gap-default\">\n\t\t\t\t\t<div class=\"elementor-column elementor-col-50 elementor-inner-column elementor-element elementor-element-3f97fa00\" data-id=\"3f97fa00\" data-element_type=\"column\" data-e-type=\"column\">\n\t\t\t<div class=\"elementor-widget-wrap elementor-element-populated\">\n\t\t\t\t\t\t<div class=\"elementor-element elementor-element-d96c5db elementor-button-info elementor-align-center elementor-widget elementor-widget-button\" data-id=\"d96c5db\" data-element_type=\"widget\" data-e-type=\"widget\" data-widget_type=\"button.default\">\n\t\t\t\t<div class=\"elementor-widget-container\">\n\t\t\t\t\t\t\t\t\t<div class=\"elementor-button-wrapper\">\n\t\t\t\t\t<a class=\"elementor-button elementor-button-link elementor-size-md\" href=\"https:\/\/martafluvia.com\/ca\/sol%c2%b7licitud-de-drets-de-representacio-i-adaptacio-dobra-teatral\/\">\n\t\t\t\t\t\t<span class=\"elementor-button-content-wrapper\">\n\t\t\t\t\t\t\t\t\t<span class=\"elementor-button-text\">Amateur: Solicitud de drets<\/span>\n\t\t\t\t\t<\/span>\n\t\t\t\t\t<\/a>\n\t\t\t\t<\/div>\n\t\t\t\t\t\t\t\t<\/div>\n\t\t\t\t<\/div>\n\t\t\t\t\t<\/div>\n\t\t<\/div>\n\t\t\t\t<div class=\"elementor-column elementor-col-50 elementor-inner-column elementor-element elementor-element-29badea\" data-id=\"29badea\" data-element_type=\"column\" data-e-type=\"column\">\n\t\t\t<div class=\"elementor-widget-wrap elementor-element-populated\">\n\t\t\t\t\t\t<div class=\"elementor-element elementor-element-36d3add elementor-button-info elementor-align-center elementor-widget elementor-widget-button\" data-id=\"36d3add\" data-element_type=\"widget\" data-e-type=\"widget\" data-widget_type=\"button.default\">\n\t\t\t\t<div class=\"elementor-widget-container\">\n\t\t\t\t\t\t\t\t\t<div class=\"elementor-button-wrapper\">\n\t\t\t\t\t<a class=\"elementor-button elementor-button-link elementor-size-md\" href=\"https:\/\/martafluvia.com\/ca\/sol%c2%b7licitud-de-drets-de-representacio-i-adaptacio-dobra-teatral\/\">\n\t\t\t\t\t\t<span class=\"elementor-button-content-wrapper\">\n\t\t\t\t\t\t\t\t\t<span class=\"elementor-button-text\">Professional: Solicitud de drets<\/span>\n\t\t\t\t\t<\/span>\n\t\t\t\t\t<\/a>\n\t\t\t\t<\/div>\n\t\t\t\t\t\t\t\t<\/div>\n\t\t\t\t<\/div>\n\t\t\t\t\t<\/div>\n\t\t<\/div>\n\t\t\t\t\t<\/div>\n\t\t<\/section>\n\t\t\t\t<div class=\"elementor-element elementor-element-76aa7514 elementor-widget elementor-widget-spacer\" data-id=\"76aa7514\" data-element_type=\"widget\" data-e-type=\"widget\" data-widget_type=\"spacer.default\">\n\t\t\t\t<div class=\"elementor-widget-container\">\n\t\t\t\t\t\t\t<div class=\"elementor-spacer\">\n\t\t\t<div class=\"elementor-spacer-inner\"><\/div>\n\t\t<\/div>\n\t\t\t\t\t\t<\/div>\n\t\t\t\t<\/div>\n\t\t\t\t\t<\/div>\n\t\t<\/div>\n\t\t\t\t\t<\/div>\n\t\t<\/section>\n\t\t\t\t<\/div>\n\t\t","protected":false},"excerpt":{"rendered":"<p>GUILLEM CLUA GUILLEM CLUA&nbsp;(Barcelona, 1973) \u00e9s un dels nostres autors contemporanis amb major projecci\u00f3 internacional. Les seves obres m\u00e9s rellevants,&nbsp;La pell en flames, Smiley: una hist\u00f2ria d\u2019amor&nbsp;i&nbsp;L\u2019oreneta,&nbsp;s\u2019han tradu\u00eft a nombroses lleng\u00fces i representat arreu del m\u00f3n en llocs com Par\u00eds,&nbsp; Londres, Nova York, Buenos Aires o fins i tot a Singapur. &nbsp; Tamb\u00e9 ha escrit &#8230; <a title=\"Guillem Clua\" class=\"read-more\" href=\"https:\/\/martafluvia.com\/ca\/guillem-clua\/\">Llegiu m\u00e9s<\/a><\/p>\n","protected":false},"author":1,"featured_media":0,"parent":0,"menu_order":0,"comment_status":"closed","ping_status":"closed","template":"elementor_header_footer","meta":{"footnotes":""},"class_list":["post-12288","page","type-page","status-publish"],"yoast_head":"<!-- This site is optimized with the Yoast SEO plugin v27.4 - https:\/\/yoast.com\/product\/yoast-seo-wordpress\/ -->\n<title>Guillem Clua - Marta Fluvi\u00e0<\/title>\n<meta name=\"robots\" content=\"index, follow, max-snippet:-1, max-image-preview:large, max-video-preview:-1\" \/>\n<link rel=\"canonical\" href=\"https:\/\/martafluvia.com\/ca\/guillem-clua\/\" \/>\n<meta property=\"og:locale\" content=\"ca_ES\" \/>\n<meta property=\"og:type\" content=\"article\" \/>\n<meta property=\"og:title\" content=\"Guillem Clua - Marta Fluvi\u00e0\" \/>\n<meta property=\"og:description\" content=\"GUILLEM CLUA GUILLEM CLUA&nbsp;(Barcelona, 1973) \u00e9s un dels nostres autors contemporanis amb major projecci\u00f3 internacional. Les seves obres m\u00e9s rellevants,&nbsp;La pell en flames, Smiley: una hist\u00f2ria d\u2019amor&nbsp;i&nbsp;L\u2019oreneta,&nbsp;s\u2019han tradu\u00eft a nombroses lleng\u00fces i representat arreu del m\u00f3n en llocs com Par\u00eds,&nbsp; Londres, Nova York, Buenos Aires o fins i tot a Singapur. &nbsp; Tamb\u00e9 ha escrit ... Llegiu m\u00e9s\" \/>\n<meta property=\"og:url\" content=\"https:\/\/martafluvia.com\/ca\/guillem-clua\/\" \/>\n<meta property=\"og:site_name\" content=\"Marta Fluvi\u00e0\" \/>\n<meta property=\"article:publisher\" content=\"https:\/\/www.facebook.com\/martafluviaagency\/\" \/>\n<meta property=\"article:modified_time\" content=\"2024-03-22T09:45:01+00:00\" \/>\n<meta property=\"og:image\" content=\"https:\/\/martafluvia.com\/wp-content\/uploads\/elementor\/thumbs\/bio3-p1gbrpza5m711d7xodz103zvprdgb6v5wsdd9s7jew.jpg\" \/>\n<meta name=\"twitter:card\" content=\"summary_large_image\" \/>\n<meta name=\"twitter:label1\" content=\"Temps estimat de lectura\" \/>\n\t<meta name=\"twitter:data1\" content=\"2 minuts\" \/>\n<script type=\"application\/ld+json\" class=\"yoast-schema-graph\">{\"@context\":\"https:\\\/\\\/schema.org\",\"@graph\":[{\"@type\":\"WebPage\",\"@id\":\"https:\\\/\\\/martafluvia.com\\\/ca\\\/guillem-clua\\\/\",\"url\":\"https:\\\/\\\/martafluvia.com\\\/ca\\\/guillem-clua\\\/\",\"name\":\"Guillem Clua - Marta Fluvi\u00e0\",\"isPartOf\":{\"@id\":\"https:\\\/\\\/martafluvia.com\\\/en\\\/#website\"},\"primaryImageOfPage\":{\"@id\":\"https:\\\/\\\/martafluvia.com\\\/ca\\\/guillem-clua\\\/#primaryimage\"},\"image\":{\"@id\":\"https:\\\/\\\/martafluvia.com\\\/ca\\\/guillem-clua\\\/#primaryimage\"},\"thumbnailUrl\":\"https:\\\/\\\/martafluvia.com\\\/wp-content\\\/uploads\\\/elementor\\\/thumbs\\\/bio3-p1gbrpza5m711d7xodz103zvprdgb6v5wsdd9s7jew.jpg\",\"datePublished\":\"2021-01-17T12:20:04+00:00\",\"dateModified\":\"2024-03-22T09:45:01+00:00\",\"breadcrumb\":{\"@id\":\"https:\\\/\\\/martafluvia.com\\\/ca\\\/guillem-clua\\\/#breadcrumb\"},\"inLanguage\":\"ca\",\"potentialAction\":[{\"@type\":\"ReadAction\",\"target\":[\"https:\\\/\\\/martafluvia.com\\\/ca\\\/guillem-clua\\\/\"]}]},{\"@type\":\"ImageObject\",\"inLanguage\":\"ca\",\"@id\":\"https:\\\/\\\/martafluvia.com\\\/ca\\\/guillem-clua\\\/#primaryimage\",\"url\":\"https:\\\/\\\/martafluvia.com\\\/wp-content\\\/uploads\\\/elementor\\\/thumbs\\\/bio3-p1gbrpza5m711d7xodz103zvprdgb6v5wsdd9s7jew.jpg\",\"contentUrl\":\"https:\\\/\\\/martafluvia.com\\\/wp-content\\\/uploads\\\/elementor\\\/thumbs\\\/bio3-p1gbrpza5m711d7xodz103zvprdgb6v5wsdd9s7jew.jpg\"},{\"@type\":\"BreadcrumbList\",\"@id\":\"https:\\\/\\\/martafluvia.com\\\/ca\\\/guillem-clua\\\/#breadcrumb\",\"itemListElement\":[{\"@type\":\"ListItem\",\"position\":1,\"name\":\"Portada\",\"item\":\"https:\\\/\\\/martafluvia.com\\\/ca\\\/\"},{\"@type\":\"ListItem\",\"position\":2,\"name\":\"Guillem Clua\"}]},{\"@type\":\"WebSite\",\"@id\":\"https:\\\/\\\/martafluvia.com\\\/en\\\/#website\",\"url\":\"https:\\\/\\\/martafluvia.com\\\/en\\\/\",\"name\":\"Marta Fluvi\u00e0\",\"description\":\"Theatrical Literary Agency\",\"publisher\":{\"@id\":\"https:\\\/\\\/martafluvia.com\\\/en\\\/#organization\"},\"potentialAction\":[{\"@type\":\"SearchAction\",\"target\":{\"@type\":\"EntryPoint\",\"urlTemplate\":\"https:\\\/\\\/martafluvia.com\\\/en\\\/?s={search_term_string}\"},\"query-input\":{\"@type\":\"PropertyValueSpecification\",\"valueRequired\":true,\"valueName\":\"search_term_string\"}}],\"inLanguage\":\"ca\"},{\"@type\":\"Organization\",\"@id\":\"https:\\\/\\\/martafluvia.com\\\/en\\\/#organization\",\"name\":\"Marta Fluvi\u00e0 Agency\",\"url\":\"https:\\\/\\\/martafluvia.com\\\/en\\\/\",\"logo\":{\"@type\":\"ImageObject\",\"inLanguage\":\"ca\",\"@id\":\"https:\\\/\\\/martafluvia.com\\\/en\\\/#\\\/schema\\\/logo\\\/image\\\/\",\"url\":\"https:\\\/\\\/martafluvia.com\\\/wp-content\\\/uploads\\\/2017\\\/12\\\/logo-marta-english-1.jpg\",\"contentUrl\":\"https:\\\/\\\/martafluvia.com\\\/wp-content\\\/uploads\\\/2017\\\/12\\\/logo-marta-english-1.jpg\",\"width\":2118,\"height\":783,\"caption\":\"Marta Fluvi\u00e0 Agency\"},\"image\":{\"@id\":\"https:\\\/\\\/martafluvia.com\\\/en\\\/#\\\/schema\\\/logo\\\/image\\\/\"},\"sameAs\":[\"https:\\\/\\\/www.facebook.com\\\/martafluviaagency\\\/\"]}]}<\/script>\n<!-- \/ Yoast SEO plugin. -->","yoast_head_json":{"title":"Guillem Clua - Marta Fluvi\u00e0","robots":{"index":"index","follow":"follow","max-snippet":"max-snippet:-1","max-image-preview":"max-image-preview:large","max-video-preview":"max-video-preview:-1"},"canonical":"https:\/\/martafluvia.com\/ca\/guillem-clua\/","og_locale":"ca_ES","og_type":"article","og_title":"Guillem Clua - Marta Fluvi\u00e0","og_description":"GUILLEM CLUA GUILLEM CLUA&nbsp;(Barcelona, 1973) \u00e9s un dels nostres autors contemporanis amb major projecci\u00f3 internacional. Les seves obres m\u00e9s rellevants,&nbsp;La pell en flames, Smiley: una hist\u00f2ria d\u2019amor&nbsp;i&nbsp;L\u2019oreneta,&nbsp;s\u2019han tradu\u00eft a nombroses lleng\u00fces i representat arreu del m\u00f3n en llocs com Par\u00eds,&nbsp; Londres, Nova York, Buenos Aires o fins i tot a Singapur. &nbsp; Tamb\u00e9 ha escrit ... Llegiu m\u00e9s","og_url":"https:\/\/martafluvia.com\/ca\/guillem-clua\/","og_site_name":"Marta Fluvi\u00e0","article_publisher":"https:\/\/www.facebook.com\/martafluviaagency\/","article_modified_time":"2024-03-22T09:45:01+00:00","og_image":[{"url":"https:\/\/martafluvia.com\/wp-content\/uploads\/elementor\/thumbs\/bio3-p1gbrpza5m711d7xodz103zvprdgb6v5wsdd9s7jew.jpg","type":"","width":"","height":""}],"twitter_card":"summary_large_image","twitter_misc":{"Temps estimat de lectura":"2 minuts"},"schema":{"@context":"https:\/\/schema.org","@graph":[{"@type":"WebPage","@id":"https:\/\/martafluvia.com\/ca\/guillem-clua\/","url":"https:\/\/martafluvia.com\/ca\/guillem-clua\/","name":"Guillem Clua - Marta Fluvi\u00e0","isPartOf":{"@id":"https:\/\/martafluvia.com\/en\/#website"},"primaryImageOfPage":{"@id":"https:\/\/martafluvia.com\/ca\/guillem-clua\/#primaryimage"},"image":{"@id":"https:\/\/martafluvia.com\/ca\/guillem-clua\/#primaryimage"},"thumbnailUrl":"https:\/\/martafluvia.com\/wp-content\/uploads\/elementor\/thumbs\/bio3-p1gbrpza5m711d7xodz103zvprdgb6v5wsdd9s7jew.jpg","datePublished":"2021-01-17T12:20:04+00:00","dateModified":"2024-03-22T09:45:01+00:00","breadcrumb":{"@id":"https:\/\/martafluvia.com\/ca\/guillem-clua\/#breadcrumb"},"inLanguage":"ca","potentialAction":[{"@type":"ReadAction","target":["https:\/\/martafluvia.com\/ca\/guillem-clua\/"]}]},{"@type":"ImageObject","inLanguage":"ca","@id":"https:\/\/martafluvia.com\/ca\/guillem-clua\/#primaryimage","url":"https:\/\/martafluvia.com\/wp-content\/uploads\/elementor\/thumbs\/bio3-p1gbrpza5m711d7xodz103zvprdgb6v5wsdd9s7jew.jpg","contentUrl":"https:\/\/martafluvia.com\/wp-content\/uploads\/elementor\/thumbs\/bio3-p1gbrpza5m711d7xodz103zvprdgb6v5wsdd9s7jew.jpg"},{"@type":"BreadcrumbList","@id":"https:\/\/martafluvia.com\/ca\/guillem-clua\/#breadcrumb","itemListElement":[{"@type":"ListItem","position":1,"name":"Portada","item":"https:\/\/martafluvia.com\/ca\/"},{"@type":"ListItem","position":2,"name":"Guillem Clua"}]},{"@type":"WebSite","@id":"https:\/\/martafluvia.com\/en\/#website","url":"https:\/\/martafluvia.com\/en\/","name":"Marta Fluvi\u00e0","description":"Theatrical Literary Agency","publisher":{"@id":"https:\/\/martafluvia.com\/en\/#organization"},"potentialAction":[{"@type":"SearchAction","target":{"@type":"EntryPoint","urlTemplate":"https:\/\/martafluvia.com\/en\/?s={search_term_string}"},"query-input":{"@type":"PropertyValueSpecification","valueRequired":true,"valueName":"search_term_string"}}],"inLanguage":"ca"},{"@type":"Organization","@id":"https:\/\/martafluvia.com\/en\/#organization","name":"Marta Fluvi\u00e0 Agency","url":"https:\/\/martafluvia.com\/en\/","logo":{"@type":"ImageObject","inLanguage":"ca","@id":"https:\/\/martafluvia.com\/en\/#\/schema\/logo\/image\/","url":"https:\/\/martafluvia.com\/wp-content\/uploads\/2017\/12\/logo-marta-english-1.jpg","contentUrl":"https:\/\/martafluvia.com\/wp-content\/uploads\/2017\/12\/logo-marta-english-1.jpg","width":2118,"height":783,"caption":"Marta Fluvi\u00e0 Agency"},"image":{"@id":"https:\/\/martafluvia.com\/en\/#\/schema\/logo\/image\/"},"sameAs":["https:\/\/www.facebook.com\/martafluviaagency\/"]}]}},"_links":{"self":[{"href":"https:\/\/martafluvia.com\/ca\/wp-json\/wp\/v2\/pages\/12288","targetHints":{"allow":["GET"]}}],"collection":[{"href":"https:\/\/martafluvia.com\/ca\/wp-json\/wp\/v2\/pages"}],"about":[{"href":"https:\/\/martafluvia.com\/ca\/wp-json\/wp\/v2\/types\/page"}],"author":[{"embeddable":true,"href":"https:\/\/martafluvia.com\/ca\/wp-json\/wp\/v2\/users\/1"}],"replies":[{"embeddable":true,"href":"https:\/\/martafluvia.com\/ca\/wp-json\/wp\/v2\/comments?post=12288"}],"version-history":[{"count":20,"href":"https:\/\/martafluvia.com\/ca\/wp-json\/wp\/v2\/pages\/12288\/revisions"}],"predecessor-version":[{"id":23331,"href":"https:\/\/martafluvia.com\/ca\/wp-json\/wp\/v2\/pages\/12288\/revisions\/23331"}],"wp:attachment":[{"href":"https:\/\/martafluvia.com\/ca\/wp-json\/wp\/v2\/media?parent=12288"}],"curies":[{"name":"wp","href":"https:\/\/api.w.org\/{rel}","templated":true}]}}